{"id":90,"date":"2019-09-25T11:06:48","date_gmt":"2019-09-25T14:06:48","guid":{"rendered":"https:\/\/www.ufsm.br\/editoras\/editorappgart\/?page_id=90"},"modified":"2024-07-15T08:48:27","modified_gmt":"2024-07-15T11:48:27","slug":"como-publicar","status":"publish","type":"page","link":"https:\/\/www.ufsm.br\/editoras\/editorappgart\/como-publicar","title":{"rendered":"Como Publicar"},"content":{"rendered":"\t\t<div data-elementor-type=\"wp-page\" data-elementor-id=\"90\" class=\"elementor elementor-90\">\n\t\t\t\t\t\t<section class=\"elementor-section elementor-top-section elementor-element elementor-element-47463ceb elementor-section-boxed elementor-section-height-default elementor-section-height-default\" data-id=\"47463ceb\" data-element_type=\"section\">\n\t\t\t\t\t\t<div class=\"elementor-container elementor-column-gap-default\">\n\t\t\t\t\t<div class=\"elementor-column elementor-col-100 elementor-top-column elementor-element elementor-element-68eaa300\" data-id=\"68eaa300\" data-element_type=\"column\">\n\t\t\t<div class=\"elementor-widget-wrap elementor-element-populated\">\n\t\t\t\t\t\t<div class=\"elementor-element elementor-element-12cf1ddb elementor-widget elementor-widget-text-editor\" data-id=\"12cf1ddb\" data-element_type=\"widget\" data-widget_type=\"text-editor.default\">\n\t\t\t\t<div class=\"elementor-widget-container\">\n\t\t\t\t\t\t\t<p><!-- wp:tadv\/classic-paragraph --><\/p>\n<p>Todo e qualquer original submetido \u00e0 an\u00e1lise do Conselho Editorial dever\u00e1 ser encaminhado em uma \u00fanica via impressa e por meio eletr\u00f4nico, acompanhado de resumo (uma lauda) por meio de correspond\u00eancia, solicitando a an\u00e1lise do trabalho com vistas \u00e0 publica\u00e7\u00e3o, contendo endere\u00e7o, e-mail e telefones, acompanhado de curr\u00edculo resumido (uma lauda). A Editora do PPGART n\u00e3o devolver\u00e1 o material enviado para an\u00e1lise, cabendo ao autor manter c\u00f3pias do seu trabalho.<\/p>\n<p>Trabalhos encaminhados para publica\u00e7\u00e3o dever\u00e3o observar:<\/p>\n<p>1 \u2013 O original dever\u00e1 seguir as normas mais recentes da ABNT no que se refere \u00e0 apresenta\u00e7\u00e3o formal (margens, tipo e tamanho de fonte, espa\u00e7amento, cita\u00e7\u00f5es, refer\u00eancias etc.).<\/p>\n<p>2 \u2013 N\u00e3o ser\u00e3o aceitos para an\u00e1lise trabalhos em formato e linguagem de tese ou disserta\u00e7\u00e3o;<\/p>\n<p>3 \u2013 O autor\/organizador deve se comprometer com a Editora PPGART a n\u00e3o submeter o mesmo trabalho a outra Editora concomitantemente;<\/p>\n<p>4 \u2013 Os trabalhos dever\u00e3o ser submetidos preferencialmente em l\u00edngua portuguesa. Outras submiss\u00f5es, em l\u00edngua inglesa ou em espanhol, ser\u00e3o apreciadas pelo Conselho Editorial.<\/p>\n<p>5\u00a0\u2013\u00a0Na\u00a0CAPA\u00a0dever\u00e1 conter, obrigatoriamente, a marca da Editora PPGART, podendo optar por uma das seguintes vers\u00f5es: <a href=\"https:\/\/www.ufsm.br\/editoras\/editorappgart\/wp-content\/uploads\/sites\/740\/2019\/12\/op\u00e7\u00e3o-1.png\">op\u00e7\u00e3o 1<\/a>, <a href=\"https:\/\/www.ufsm.br\/editoras\/editorappgart\/wp-content\/uploads\/sites\/740\/2019\/12\/op\u00e7\u00e3o-2.png\">op\u00e7\u00e3o 2<\/a>, <a href=\"https:\/\/www.ufsm.br\/editoras\/editorappgart\/wp-content\/uploads\/sites\/740\/2019\/12\/op\u00e7\u00e3o-3.png\">op\u00e7\u00e3o 3<\/a>, <a href=\"https:\/\/www.ufsm.br\/editoras\/editorappgart\/wp-content\/uploads\/sites\/740\/2019\/12\/op\u00e7\u00e3o-4.png\">op\u00e7\u00e3o 4<\/a> e\u00a0 <a href=\"https:\/\/www.ufsm.br\/editoras\/editorappgart\/wp-content\/uploads\/sites\/740\/2019\/12\/op\u00e7\u00e3o-5-1.png\">op\u00e7\u00e3o 5<\/a>.<\/p>\n<p>6 \u2013\u00a0A\u00a0<strong>Ficha Catalogr\u00e1fica<\/strong> dever\u00e1 conter as seguintes informa\u00e7\u00f5es: autor; titulo e subt\u00edtulo (se houver); edi\u00e7\u00e3o; local; EDITORA PPGART e ano de publica\u00e7\u00e3o. Ficando como opcional o logo da Editora PPGART. Ap\u00f3s a ficha deve ser inclu\u00edda a\u00a0Nota Obrigat\u00f3ria\u00a0de acordo com exemplo dispon\u00edvel\u00a0<a href=\"https:\/\/www.ufsm.br\/editoras\/editorappgart\/wp-content\/uploads\/sites\/740\/2019\/09\/NOTA_OBRIGAT\u00d3RIA_NA_FICHA_CATALOGRAFICA_EDITORA_PPGART.docx\">aqui<\/a>.<\/p>\n<p>7 &#8211;\u00a0Para a solicita\u00e7\u00e3o da publica\u00e7\u00e3o \u00e9 imprescind\u00edvel que os autores encaminhem a\u00a0Folha Rosto\u00a0de acordo com o modelo dispon\u00edvel\u00a0<a href=\"https:\/\/www.ufsm.br\/editoras\/editorappgart\/wp-content\/uploads\/sites\/740\/2019\/09\/modelo_folha_rosto_Editora_PPGART.docx\">aqui<\/a>, em um arquivo PDF, em separado.<\/p>\n<p>8 &#8211; A solicita\u00e7\u00e3o do ISBN se dar\u00e1 ap\u00f3s a aprova\u00e7\u00e3o da publica\u00e7\u00e3o pelo Conselho Editorial e Conselho T\u00e9cnico-cient\u00edfico.<\/p>\n<p><!-- \/wp:tadv\/classic-paragraph --><!-- wp:image {\"id\":72,\"align\":\"center\"} \/--><\/p>\t\t\t\t\t\t<\/div>\n\t\t\t\t<\/div>\n\t\t\t\t\t<\/div>\n\t\t<\/div>\n\t\t\t\t\t<\/div>\n\t\t<\/section>\n\t\t\t\t<section class=\"elementor-section elementor-top-section elementor-element elementor-element-ca9ce01 elementor-section-boxed elementor-section-height-default elementor-section-height-default\" data-id=\"ca9ce01\" data-element_type=\"section\">\n\t\t\t\t\t\t<div class=\"elementor-container elementor-column-gap-default\">\n\t\t\t\t\t<div class=\"elementor-column elementor-col-50 elementor-top-column elementor-element elementor-element-5f3df5f\" data-id=\"5f3df5f\" data-element_type=\"column\">\n\t\t\t<div class=\"elementor-widget-wrap elementor-element-populated\">\n\t\t\t\t\t\t<div class=\"elementor-element elementor-element-c3a5492 elementor-position-left elementor-view-default elementor-mobile-position-top elementor-vertical-align-top elementor-widget elementor-widget-icon-box\" data-id=\"c3a5492\" data-element_type=\"widget\" data-widget_type=\"icon-box.default\">\n\t\t\t\t<div class=\"elementor-widget-container\">\n\t\t\t\t\t<div class=\"elementor-icon-box-wrapper\">\n\n\t\t\t\t\t\t<div class=\"elementor-icon-box-icon\">\n\t\t\t\t<span  class=\"elementor-icon elementor-animation-\">\n\t\t\t\t<i aria-hidden=\"true\" class=\"fas fa-envelope\"><\/i>\t\t\t\t<\/span>\n\t\t\t<\/div>\n\t\t\t\n\t\t\t\t\t\t<div class=\"elementor-icon-box-content\">\n\n\t\t\t\t\t\t\t\t\t<h3 class=\"elementor-icon-box-title\">\n\t\t\t\t\t\t<span  >\n\t\t\t\t\t\t\t1 - Envio do Material Original impresso e por meio eletr\u00f4nico\t\t\t\t\t\t<\/span>\n\t\t\t\t\t<\/h3>\n\t\t\t\t\n\t\t\t\t\t\t\t\t\t<p class=\"elementor-icon-box-description\">\n\t\t\t\t\t\t\n\t\t\t\t\t<\/p>\n\t\t\t\t\n\t\t\t<\/div>\n\t\t\t\n\t\t<\/div>\n\t\t\t\t<\/div>\n\t\t\t\t<\/div>\n\t\t\t\t\t<\/div>\n\t\t<\/div>\n\t\t\t\t<div class=\"elementor-column elementor-col-50 elementor-top-column elementor-element elementor-element-9ddf3cd\" data-id=\"9ddf3cd\" data-element_type=\"column\">\n\t\t\t<div class=\"elementor-widget-wrap\">\n\t\t\t\t\t\t\t<\/div>\n\t\t<\/div>\n\t\t\t\t\t<\/div>\n\t\t<\/section>\n\t\t\t\t<section class=\"elementor-section elementor-top-section elementor-element elementor-element-481908d elementor-section-boxed elementor-section-height-default elementor-section-height-default\" data-id=\"481908d\" data-element_type=\"section\">\n\t\t\t\t\t\t<div class=\"elementor-container elementor-column-gap-default\">\n\t\t\t\t\t<div class=\"elementor-column elementor-col-50 elementor-top-column elementor-element elementor-element-6846436\" data-id=\"6846436\" data-element_type=\"column\">\n\t\t\t<div class=\"elementor-widget-wrap elementor-element-populated\">\n\t\t\t\t\t\t<div class=\"elementor-element elementor-element-9a5ed3e elementor-widget elementor-widget-text-editor\" data-id=\"9a5ed3e\" data-element_type=\"widget\" data-widget_type=\"text-editor.default\">\n\t\t\t\t<div class=\"elementor-widget-container\">\n\t\t\t\t\t\t\t<p style=\"padding-left: 80px\">\u00a0 E-mail: editorappgart@ufsm.br<\/p>\n<p style=\"padding-left: 120px\">\u00a0 \u00a0 \u00a0seceditorappgart@gmail.com<\/p>\t\t\t\t\t\t<\/div>\n\t\t\t\t<\/div>\n\t\t\t\t\t<\/div>\n\t\t<\/div>\n\t\t\t\t<div class=\"elementor-column elementor-col-50 elementor-top-column elementor-element elementor-element-4c0d04a\" data-id=\"4c0d04a\" data-element_type=\"column\">\n\t\t\t<div class=\"elementor-widget-wrap\">\n\t\t\t\t\t\t\t<\/div>\n\t\t<\/div>\n\t\t\t\t\t<\/div>\n\t\t<\/section>\n\t\t\t\t<section class=\"elementor-section elementor-top-section elementor-element elementor-element-506911f elementor-section-boxed elementor-section-height-default elementor-section-height-default\" data-id=\"506911f\" data-element_type=\"section\">\n\t\t\t\t\t\t<div class=\"elementor-container elementor-column-gap-default\">\n\t\t\t\t\t<div class=\"elementor-column elementor-col-50 elementor-top-column elementor-element elementor-element-a22ec4d\" data-id=\"a22ec4d\" data-element_type=\"column\">\n\t\t\t<div class=\"elementor-widget-wrap\">\n\t\t\t\t\t\t\t<\/div>\n\t\t<\/div>\n\t\t\t\t<div class=\"elementor-column elementor-col-50 elementor-top-column elementor-element elementor-element-0bc6d0b\" data-id=\"0bc6d0b\" data-element_type=\"column\">\n\t\t\t<div class=\"elementor-widget-wrap elementor-element-populated\">\n\t\t\t\t\t\t<div class=\"elementor-element elementor-element-f85b1b4 elementor-position-right elementor-view-default elementor-mobile-position-top elementor-vertical-align-top elementor-widget elementor-widget-icon-box\" data-id=\"f85b1b4\" data-element_type=\"widget\" data-widget_type=\"icon-box.default\">\n\t\t\t\t<div class=\"elementor-widget-container\">\n\t\t\t\t\t<div class=\"elementor-icon-box-wrapper\">\n\n\t\t\t\t\t\t<div class=\"elementor-icon-box-icon\">\n\t\t\t\t<span  class=\"elementor-icon elementor-animation-\">\n\t\t\t\t<i aria-hidden=\"true\" class=\"fas fa-balance-scale\"><\/i>\t\t\t\t<\/span>\n\t\t\t<\/div>\n\t\t\t\n\t\t\t\t\t\t<div class=\"elementor-icon-box-content\">\n\n\t\t\t\t\t\t\t\t\t<h3 class=\"elementor-icon-box-title\">\n\t\t\t\t\t\t<span  >\n\t\t\t\t\t\t\t2 - An\u00e1lise pelo Conselho Editorial\t\t\t\t\t\t<\/span>\n\t\t\t\t\t<\/h3>\n\t\t\t\t\n\t\t\t\t\n\t\t\t<\/div>\n\t\t\t\n\t\t<\/div>\n\t\t\t\t<\/div>\n\t\t\t\t<\/div>\n\t\t\t\t\t<\/div>\n\t\t<\/div>\n\t\t\t\t\t<\/div>\n\t\t<\/section>\n\t\t\t\t<section class=\"elementor-section elementor-top-section elementor-element elementor-element-3854fd4 elementor-section-boxed elementor-section-height-default elementor-section-height-default\" data-id=\"3854fd4\" data-element_type=\"section\">\n\t\t\t\t\t\t<div class=\"elementor-container elementor-column-gap-default\">\n\t\t\t\t\t<div class=\"elementor-column elementor-col-50 elementor-top-column elementor-element elementor-element-f56c7e7\" data-id=\"f56c7e7\" data-element_type=\"column\">\n\t\t\t<div class=\"elementor-widget-wrap\">\n\t\t\t\t\t\t\t<\/div>\n\t\t<\/div>\n\t\t\t\t<div class=\"elementor-column elementor-col-50 elementor-top-column elementor-element elementor-element-6b2afab\" data-id=\"6b2afab\" data-element_type=\"column\">\n\t\t\t<div class=\"elementor-widget-wrap elementor-element-populated\">\n\t\t\t\t\t\t<div class=\"elementor-element elementor-element-fb61e0c elementor-widget elementor-widget-text-editor\" data-id=\"fb61e0c\" data-element_type=\"widget\" data-widget_type=\"text-editor.default\">\n\t\t\t\t<div class=\"elementor-widget-container\">\n\t\t\t\t\t\t\t<p style=\"padding-left: 40px\">\u00a0 \u00a0 \u00a0 \u00a0 &#8211; Originalidade<\/p>\n<p style=\"padding-left: 40px\">\u00a0 \u00a0 \u00a0 \u00a0 &#8211; Normas ABNT<\/p>\n<p style=\"padding-left: 40px\">\u00a0 \u00a0 \u00a0 \u00a0 &#8211; N\u00e3o ao Formato Tese ou Disserta\u00e7\u00e3o<\/p>\n<p style=\"padding-left: 40px\">\u00a0 \u00a0 \u00a0 \u00a0 &#8211; Em L\u00edngua Portuguesa, em Ingl\u00eas ou Espanhol<\/p>\t\t\t\t\t\t<\/div>\n\t\t\t\t<\/div>\n\t\t\t\t\t<\/div>\n\t\t<\/div>\n\t\t\t\t\t<\/div>\n\t\t<\/section>\n\t\t\t\t<section class=\"elementor-section elementor-top-section elementor-element elementor-element-6c89b6b elementor-section-boxed elementor-section-height-default elementor-section-height-default\" data-id=\"6c89b6b\" data-element_type=\"section\">\n\t\t\t\t\t\t<div class=\"elementor-container elementor-column-gap-default\">\n\t\t\t\t\t<div class=\"elementor-column elementor-col-50 elementor-top-column elementor-element elementor-element-54314d3\" data-id=\"54314d3\" data-element_type=\"column\">\n\t\t\t<div class=\"elementor-widget-wrap elementor-element-populated\">\n\t\t\t\t\t\t<div class=\"elementor-element elementor-element-de5021a elementor-position-left elementor-view-default elementor-mobile-position-top elementor-vertical-align-top elementor-widget elementor-widget-icon-box\" data-id=\"de5021a\" data-element_type=\"widget\" data-widget_type=\"icon-box.default\">\n\t\t\t\t<div class=\"elementor-widget-container\">\n\t\t\t\t\t<div class=\"elementor-icon-box-wrapper\">\n\n\t\t\t\t\t\t<div class=\"elementor-icon-box-icon\">\n\t\t\t\t<span  class=\"elementor-icon elementor-animation-\">\n\t\t\t\t<i aria-hidden=\"true\" class=\"far fa-file-alt\"><\/i>\t\t\t\t<\/span>\n\t\t\t<\/div>\n\t\t\t\n\t\t\t\t\t\t<div class=\"elementor-icon-box-content\">\n\n\t\t\t\t\t\t\t\t\t<h3 class=\"elementor-icon-box-title\">\n\t\t\t\t\t\t<span  >\n\t\t\t\t\t\t\t3 - Parecer do Conselho T\u00e9cnico-Cient\u00edfico\t\t\t\t\t\t<\/span>\n\t\t\t\t\t<\/h3>\n\t\t\t\t\n\t\t\t\t\n\t\t\t<\/div>\n\t\t\t\n\t\t<\/div>\n\t\t\t\t<\/div>\n\t\t\t\t<\/div>\n\t\t\t\t\t<\/div>\n\t\t<\/div>\n\t\t\t\t<div class=\"elementor-column elementor-col-50 elementor-top-column elementor-element elementor-element-661c288\" data-id=\"661c288\" data-element_type=\"column\">\n\t\t\t<div class=\"elementor-widget-wrap\">\n\t\t\t\t\t\t\t<\/div>\n\t\t<\/div>\n\t\t\t\t\t<\/div>\n\t\t<\/section>\n\t\t\t\t<section class=\"elementor-section elementor-top-section elementor-element elementor-element-c915428 elementor-section-boxed elementor-section-height-default elementor-section-height-default\" data-id=\"c915428\" data-element_type=\"section\">\n\t\t\t\t\t\t<div class=\"elementor-container elementor-column-gap-default\">\n\t\t\t\t\t<div class=\"elementor-column elementor-col-50 elementor-top-column elementor-element elementor-element-d15eee3\" data-id=\"d15eee3\" data-element_type=\"column\">\n\t\t\t<div class=\"elementor-widget-wrap elementor-element-populated\">\n\t\t\t\t\t\t<div class=\"elementor-element elementor-element-5301ad3 elementor-widget elementor-widget-text-editor\" data-id=\"5301ad3\" data-element_type=\"widget\" data-widget_type=\"text-editor.default\">\n\t\t\t\t<div class=\"elementor-widget-container\">\n\t\t\t\t\t\t\t<p style=\"padding-left: 80px\">\u00a0 \u00a0 \u00a0&#8211; Qualidade e clareza do conte\u00fado<\/p>\n<p style=\"padding-left: 80px\">\u00a0 \u00a0 \u00a0&#8211; Atualidade do tema<\/p>\n<p style=\"padding-left: 80px\">\u00a0 \u00a0 \u00a0&#8211; Abrang\u00eancia<\/p>\n<p style=\"padding-left: 80px\">\u00a0 \u00a0 \u00a0&#8211; Tipo de p\u00fablico<\/p>\n<p style=\"padding-left: 80px\">\u00a0 \u00a0 \u00a0&#8211; Organiza\u00e7\u00e3o l\u00f3gica do trabalho<\/p>\n<p style=\"padding-left: 80px\">\u00a0 \u00a0 \u00a0&#8211; Conclus\u00e3o\/Outros<\/p>\t\t\t\t\t\t<\/div>\n\t\t\t\t<\/div>\n\t\t\t\t\t<\/div>\n\t\t<\/div>\n\t\t\t\t<div class=\"elementor-column elementor-col-50 elementor-top-column elementor-element elementor-element-5926a49\" data-id=\"5926a49\" data-element_type=\"column\">\n\t\t\t<div class=\"elementor-widget-wrap\">\n\t\t\t\t\t\t\t<\/div>\n\t\t<\/div>\n\t\t\t\t\t<\/div>\n\t\t<\/section>\n\t\t\t\t<section class=\"elementor-section elementor-top-section elementor-element elementor-element-df3adc7 elementor-section-boxed elementor-section-height-default elementor-section-height-default\" data-id=\"df3adc7\" data-element_type=\"section\">\n\t\t\t\t\t\t<div class=\"elementor-container elementor-column-gap-default\">\n\t\t\t\t\t<div class=\"elementor-column elementor-col-50 elementor-top-column elementor-element elementor-element-db24bf1\" data-id=\"db24bf1\" data-element_type=\"column\">\n\t\t\t<div class=\"elementor-widget-wrap\">\n\t\t\t\t\t\t\t<\/div>\n\t\t<\/div>\n\t\t\t\t<div class=\"elementor-column elementor-col-50 elementor-top-column elementor-element elementor-element-3f19716\" data-id=\"3f19716\" data-element_type=\"column\">\n\t\t\t<div class=\"elementor-widget-wrap elementor-element-populated\">\n\t\t\t\t\t\t<div class=\"elementor-element elementor-element-c9034e5 elementor-position-right elementor-view-default elementor-mobile-position-top elementor-vertical-align-top elementor-widget elementor-widget-icon-box\" data-id=\"c9034e5\" data-element_type=\"widget\" data-widget_type=\"icon-box.default\">\n\t\t\t\t<div class=\"elementor-widget-container\">\n\t\t\t\t\t<div class=\"elementor-icon-box-wrapper\">\n\n\t\t\t\t\t\t<div class=\"elementor-icon-box-icon\">\n\t\t\t\t<span  class=\"elementor-icon elementor-animation-\">\n\t\t\t\t<i aria-hidden=\"true\" class=\"far fa-thumbs-up\"><\/i>\t\t\t\t<\/span>\n\t\t\t<\/div>\n\t\t\t\n\t\t\t\t\t\t<div class=\"elementor-icon-box-content\">\n\n\t\t\t\t\t\t\t\t\t<h3 class=\"elementor-icon-box-title\">\n\t\t\t\t\t\t<span  >\n\t\t\t\t\t\t\t4 - Aceite do Trabalho e Editora\u00e7\u00e3o\t\t\t\t\t\t<\/span>\n\t\t\t\t\t<\/h3>\n\t\t\t\t\n\t\t\t\t\n\t\t\t<\/div>\n\t\t\t\n\t\t<\/div>\n\t\t\t\t<\/div>\n\t\t\t\t<\/div>\n\t\t\t\t\t<\/div>\n\t\t<\/div>\n\t\t\t\t\t<\/div>\n\t\t<\/section>\n\t\t\t\t<section class=\"elementor-section elementor-top-section elementor-element elementor-element-a62faa1 elementor-section-boxed elementor-section-height-default elementor-section-height-default\" data-id=\"a62faa1\" data-element_type=\"section\">\n\t\t\t\t\t\t<div class=\"elementor-container elementor-column-gap-default\">\n\t\t\t\t\t<div class=\"elementor-column elementor-col-50 elementor-top-column elementor-element elementor-element-692a622\" data-id=\"692a622\" data-element_type=\"column\">\n\t\t\t<div class=\"elementor-widget-wrap\">\n\t\t\t\t\t\t\t<\/div>\n\t\t<\/div>\n\t\t\t\t<div class=\"elementor-column elementor-col-50 elementor-top-column elementor-element elementor-element-c1415db\" data-id=\"c1415db\" data-element_type=\"column\">\n\t\t\t<div class=\"elementor-widget-wrap elementor-element-populated\">\n\t\t\t\t\t\t<div class=\"elementor-element elementor-element-9f1b124 elementor-widget elementor-widget-text-editor\" data-id=\"9f1b124\" data-element_type=\"widget\" data-widget_type=\"text-editor.default\">\n\t\t\t\t<div class=\"elementor-widget-container\">\n\t\t\t\t\t\t\t<p style=\"padding-left: 40px\">\u00a0 \u00a0 \u00a0 \u00a0&#8211; Comunica\u00e7\u00e3o ao Autor\/Organizador<\/p>\n<p style=\"padding-left: 40px\">\u00a0 \u00a0 \u00a0 \u00a0&#8211; Solicita\u00e7\u00e3o de ISBN<\/p>\n<p style=\"padding-left: 40px\">\u00a0 \u00a0 \u00a0 \u00a0&#8211; Contrato de Edi\u00e7\u00e3o e Direitos Autorais<\/p>\t\t\t\t\t\t<\/div>\n\t\t\t\t<\/div>\n\t\t\t\t\t<\/div>\n\t\t<\/div>\n\t\t\t\t\t<\/div>\n\t\t<\/section>\n\t\t\t\t<section class=\"elementor-section elementor-top-section elementor-element elementor-element-e689115 elementor-section-boxed elementor-section-height-default elementor-section-height-default\" data-id=\"e689115\" data-element_type=\"section\">\n\t\t\t\t\t\t<div class=\"elementor-container elementor-column-gap-default\">\n\t\t\t\t\t<div class=\"elementor-column elementor-col-50 elementor-top-column elementor-element elementor-element-61aefa1\" data-id=\"61aefa1\" data-element_type=\"column\">\n\t\t\t<div class=\"elementor-widget-wrap elementor-element-populated\">\n\t\t\t\t\t\t<div class=\"elementor-element elementor-element-e412bc5 elementor-position-left elementor-view-default elementor-mobile-position-top elementor-vertical-align-top elementor-widget elementor-widget-icon-box\" data-id=\"e412bc5\" data-element_type=\"widget\" data-widget_type=\"icon-box.default\">\n\t\t\t\t<div class=\"elementor-widget-container\">\n\t\t\t\t\t<div class=\"elementor-icon-box-wrapper\">\n\n\t\t\t\t\t\t<div class=\"elementor-icon-box-icon\">\n\t\t\t\t<span  class=\"elementor-icon elementor-animation-\">\n\t\t\t\t<i aria-hidden=\"true\" class=\"fas fa-cloud-upload-alt\"><\/i>\t\t\t\t<\/span>\n\t\t\t<\/div>\n\t\t\t\n\t\t\t\t\t\t<div class=\"elementor-icon-box-content\">\n\n\t\t\t\t\t\t\t\t\t<h3 class=\"elementor-icon-box-title\">\n\t\t\t\t\t\t<span  >\n\t\t\t\t\t\t\t5 - Publica\u00e7\u00e3o e Divulga\u00e7\u00e3o\t\t\t\t\t\t<\/span>\n\t\t\t\t\t<\/h3>\n\t\t\t\t\n\t\t\t\t\n\t\t\t<\/div>\n\t\t\t\n\t\t<\/div>\n\t\t\t\t<\/div>\n\t\t\t\t<\/div>\n\t\t\t\t\t<\/div>\n\t\t<\/div>\n\t\t\t\t<div class=\"elementor-column elementor-col-50 elementor-top-column elementor-element elementor-element-2d8c5be\" data-id=\"2d8c5be\" data-element_type=\"column\">\n\t\t\t<div class=\"elementor-widget-wrap\">\n\t\t\t\t\t\t\t<\/div>\n\t\t<\/div>\n\t\t\t\t\t<\/div>\n\t\t<\/section>\n\t\t\t\t<section class=\"elementor-section elementor-top-section elementor-element elementor-element-f145b79 elementor-section-boxed elementor-section-height-default elementor-section-height-default\" data-id=\"f145b79\" data-element_type=\"section\">\n\t\t\t\t\t\t<div class=\"elementor-container elementor-column-gap-default\">\n\t\t\t\t\t<div class=\"elementor-column elementor-col-50 elementor-top-column elementor-element elementor-element-d47b66f\" data-id=\"d47b66f\" data-element_type=\"column\">\n\t\t\t<div class=\"elementor-widget-wrap elementor-element-populated\">\n\t\t\t\t\t\t<div class=\"elementor-element elementor-element-bec1d94 elementor-widget elementor-widget-text-editor\" data-id=\"bec1d94\" data-element_type=\"widget\" data-widget_type=\"text-editor.default\">\n\t\t\t\t<div class=\"elementor-widget-container\">\n\t\t\t\t\t\t\t<p style=\"padding-left: 160px\">\u00a0 \u00a0&#8211; Site Editora PPGART (Publica\u00e7\u00e3o e Divulga\u00e7\u00e3o)<\/p>\n<p style=\"padding-left: 160px\">\u00a0 \u00a0&#8211; Site PPGART (Divulga\u00e7\u00e3o)<\/p>\t\t\t\t\t\t<\/div>\n\t\t\t\t<\/div>\n\t\t\t\t\t<\/div>\n\t\t<\/div>\n\t\t\t\t<div class=\"elementor-column elementor-col-50 elementor-top-column elementor-element elementor-element-ee9a883\" data-id=\"ee9a883\" data-element_type=\"column\">\n\t\t\t<div class=\"elementor-widget-wrap\">\n\t\t\t\t\t\t\t<\/div>\n\t\t<\/div>\n\t\t\t\t\t<\/div>\n\t\t<\/section>\n\t\t\t\t<\/div>\n\t\t","protected":false},"excerpt":{"rendered":"<p>Todo e qualquer original submetido \u00e0 an\u00e1lise do Conselho Editorial dever\u00e1 ser encaminhado em uma \u00fanica via impressa e por meio eletr\u00f4nico, acompanhado de resumo (uma lauda) por meio de correspond\u00eancia, solicitando a an\u00e1lise do trabalho com vistas \u00e0 publica\u00e7\u00e3o, contendo endere\u00e7o, e-mail e telefones, acompanhado de curr\u00edculo resumido (uma lauda). A Editora do PPGART [&hellip;]<\/p>\n","protected":false},"author":117,"featured_media":0,"parent":0,"menu_order":0,"comment_status":"closed","ping_status":"closed","template":"","meta":{"footnotes":""},"categories":[],"tags":[],"class_list":["post-90","page","type-page","status-publish","hentry"],"acf":[],"_links":{"self":[{"href":"https:\/\/www.ufsm.br\/editoras\/editorappgart\/wp-json\/wp\/v2\/pages\/90","targetHints":{"allow":["GET"]}}],"collection":[{"href":"https:\/\/www.ufsm.br\/editoras\/editorappgart\/wp-json\/wp\/v2\/pages"}],"about":[{"href":"https:\/\/www.ufsm.br\/editoras\/editorappgart\/wp-json\/wp\/v2\/types\/page"}],"author":[{"embeddable":true,"href":"https:\/\/www.ufsm.br\/editoras\/editorappgart\/wp-json\/wp\/v2\/users\/117"}],"replies":[{"embeddable":true,"href":"https:\/\/www.ufsm.br\/editoras\/editorappgart\/wp-json\/wp\/v2\/comments?post=90"}],"version-history":[{"count":0,"href":"https:\/\/www.ufsm.br\/editoras\/editorappgart\/wp-json\/wp\/v2\/pages\/90\/revisions"}],"wp:attachment":[{"href":"https:\/\/www.ufsm.br\/editoras\/editorappgart\/wp-json\/wp\/v2\/media?parent=90"}],"wp:term":[{"taxonomy":"category","embeddable":true,"href":"https:\/\/www.ufsm.br\/editoras\/editorappgart\/wp-json\/wp\/v2\/categories?post=90"},{"taxonomy":"post_tag","embeddable":true,"href":"https:\/\/www.ufsm.br\/editoras\/editorappgart\/wp-json\/wp\/v2\/tags?post=90"}],"curies":[{"name":"wp","href":"https:\/\/api.w.org\/{rel}","templated":true}]}}