{"id":138,"date":"2022-01-05T14:41:17","date_gmt":"2022-01-05T17:41:17","guid":{"rendered":"https:\/\/www.ufsm.br\/editoras\/editoraufsm\/?page_id=138"},"modified":"2024-09-03T09:33:47","modified_gmt":"2024-09-03T12:33:47","slug":"nossa-equipe","status":"publish","type":"page","link":"https:\/\/www.ufsm.br\/editoras\/editoraufsm\/nossa-equipe","title":{"rendered":"Nossa Equipe"},"content":{"rendered":"<h5 style=\"font-size: 0.83em;color: #2f2f2f;font-family: Arial, Helvetica, sans-serif\">Dire\u00e7\u00e3o da Editora, Livraria e Grife UFSM<\/h5>\n<p style=\"color: #2f2f2f;font-family: Arial, Helvetica, sans-serif;font-size: 12px\">\u00a0 En\u00e9ias Tavares\u00a0<\/p>\n<h5 style=\"font-size: 0.83em;color: #2f2f2f;font-family: Arial, Helvetica, sans-serif\">Secretaria<\/h5>\n<p style=\"color: #2f2f2f;font-family: Arial, Helvetica, sans-serif;font-size: 12px\">\u00a0 Marta Teresa Gasparetto<\/p>\n<h5 style=\"font-size: 0.83em;color: #2f2f2f;font-family: Arial, Helvetica, sans-serif\">Atendimento, Distribui\u00e7\u00e3o, Podcast Ineditados<\/h5>\n<p style=\"color: #2f2f2f;font-family: Arial, Helvetica, sans-serif;font-size: 12px\">\u00a0 J\u00e9ssica Dalcin da Silva<\/p>\n<h5 style=\"font-size: 0.83em;color: #2f2f2f;font-family: Arial, Helvetica, sans-serif\">Assessoria de Comunica\u00e7\u00e3o<\/h5>\n<p style=\"color: #2f2f2f;font-family: Arial, Helvetica, sans-serif;font-size: 12px\">\u00a0 Denise Garcia Bortolotto<\/p>\n<h5 style=\"font-size: 0.83em;color: #2f2f2f;font-family: Arial, Helvetica, sans-serif\">Revis\u00e3o Textual<\/h5>\n<p style=\"color: #2f2f2f;font-family: Arial, Helvetica, sans-serif;font-size: 12px\">\u00a0 Maicon Antonio Paim<\/p>\n<p style=\"color: #2f2f2f;font-family: Arial, Helvetica, sans-serif;font-size: 12px\">\u00a0 Tagiane Mai<\/p>\n<h5 style=\"font-size: 0.83em;color: #2f2f2f;font-family: Arial, Helvetica, sans-serif\">Diagrama\u00e7\u00e3o e Projetos Gr\u00e1ficos<\/h5>\n<p style=\"color: #2f2f2f;font-family: Arial, Helvetica, sans-serif;font-size: 12px\">\u00a0 Gilberto Moraes Junior<\/p>\n<p style=\"color: #2f2f2f;font-family: Arial, Helvetica, sans-serif;font-size: 12px\">\u00a0 Gustavo de Souza Carvalho<\/p>\n<h5 style=\"font-size: 0.83em;color: #2f2f2f;font-family: Arial, Helvetica, sans-serif\">Livraria e Grife UFSM<\/h5>\n<p style=\"color: #2f2f2f;font-family: Arial, Helvetica, sans-serif;font-size: 12px\">\u00a0 C\u00e1rin Andr\u00e9a Lesniac Zuchetto<\/p>\n<p style=\"color: #2f2f2f;font-family: Arial, Helvetica, sans-serif;font-size: 12px\">\u00a0 Patr\u00edcia Oliveira Momolli<\/p>\n<p style=\"color: #2f2f2f;font-family: Arial, Helvetica, sans-serif;font-size: 12px\">\u00a0 Fabr\u00edcio Le\u00e3o<\/p>\n","protected":false},"excerpt":{"rendered":"<p>Dire\u00e7\u00e3o da Editora, Livraria e Grife UFSM \u00a0 En\u00e9ias Tavares\u00a0 Secretaria \u00a0 Marta Teresa Gasparetto Atendimento, Distribui\u00e7\u00e3o, Podcast Ineditados \u00a0 J\u00e9ssica Dalcin da Silva Assessoria de Comunica\u00e7\u00e3o \u00a0 Denise Garcia Bortolotto Revis\u00e3o Textual \u00a0 Maicon Antonio Paim \u00a0 Tagiane Mai Diagrama\u00e7\u00e3o e Projetos Gr\u00e1ficos \u00a0 Gilberto Moraes Junior \u00a0 Gustavo de Souza Carvalho Livraria e [&hellip;]<\/p>\n","protected":false},"author":3518,"featured_media":0,"parent":0,"menu_order":0,"comment_status":"closed","ping_status":"closed","template":"","meta":{"footnotes":""},"categories":[],"tags":[],"class_list":["post-138","page","type-page","status-publish","hentry"],"acf":[],"_links":{"self":[{"href":"https:\/\/www.ufsm.br\/editoras\/editoraufsm\/wp-json\/wp\/v2\/pages\/138","targetHints":{"allow":["GET"]}}],"collection":[{"href":"https:\/\/www.ufsm.br\/editoras\/editoraufsm\/wp-json\/wp\/v2\/pages"}],"about":[{"href":"https:\/\/www.ufsm.br\/editoras\/editoraufsm\/wp-json\/wp\/v2\/types\/page"}],"author":[{"embeddable":true,"href":"https:\/\/www.ufsm.br\/editoras\/editoraufsm\/wp-json\/wp\/v2\/users\/3518"}],"replies":[{"embeddable":true,"href":"https:\/\/www.ufsm.br\/editoras\/editoraufsm\/wp-json\/wp\/v2\/comments?post=138"}],"version-history":[{"count":0,"href":"https:\/\/www.ufsm.br\/editoras\/editoraufsm\/wp-json\/wp\/v2\/pages\/138\/revisions"}],"wp:attachment":[{"href":"https:\/\/www.ufsm.br\/editoras\/editoraufsm\/wp-json\/wp\/v2\/media?parent=138"}],"wp:term":[{"taxonomy":"category","embeddable":true,"href":"https:\/\/www.ufsm.br\/editoras\/editoraufsm\/wp-json\/wp\/v2\/categories?post=138"},{"taxonomy":"post_tag","embeddable":true,"href":"https:\/\/www.ufsm.br\/editoras\/editoraufsm\/wp-json\/wp\/v2\/tags?post=138"}],"curies":[{"name":"wp","href":"https:\/\/api.w.org\/{rel}","templated":true}]}}