{"id":2,"date":"2019-05-14T15:59:30","date_gmt":"2019-05-14T18:59:30","guid":{"rendered":"https:\/\/www.ufsm.br\/laboratorios-larp\/?page_id=2"},"modified":"2019-09-06T17:22:49","modified_gmt":"2019-09-06T20:22:49","slug":"pagina-inicial","status":"publish","type":"page","link":"https:\/\/www.ufsm.br\/editoras\/editoraufsm\/","title":{"rendered":"P\u00e1gina inicial"},"content":{"rendered":"\t\t<div data-elementor-type=\"wp-post\" data-elementor-id=\"2\" class=\"elementor elementor-2\">\n\t\t\t\t\t\t<section class=\"elementor-section elementor-top-section elementor-element elementor-element-6e6b627 elementor-section-boxed elementor-section-height-default elementor-section-height-default\" data-id=\"6e6b627\" data-element_type=\"section\">\n\t\t\t\t\t\t<div class=\"elementor-container elementor-column-gap-default\">\n\t\t\t\t\t<div class=\"elementor-column elementor-col-100 elementor-top-column elementor-element elementor-element-e6a3f8d\" data-id=\"e6a3f8d\" data-element_type=\"column\">\n\t\t\t<div class=\"elementor-widget-wrap elementor-element-populated\">\n\t\t\t\t\t\t<div class=\"elementor-element elementor-element-e48e5ed elementor-widget elementor-widget-wp-widget-ufsm_noticias_widget\" data-id=\"e48e5ed\" data-element_type=\"widget\" data-widget_type=\"wp-widget-ufsm_noticias_widget.default\">\n\t\t\t\t<div class=\"elementor-widget-container\">\n\t\t\t<div id='ufsm-carousel-1775654328-1633251419' class='carousel slide carousel-ufsm' data-bs-ride='carousel' aria-hidden='true'>\n    <div class='carousel-inner'>\n                    \n\n            <div class='carousel-item active' data-bs-interval='4000'>\n                                    <!-- Slider Image -->\n                    <img class='w-100'  style='max-height:250px; object-fit:cover;' alt=\"\" srcset=\"https:\/\/www.ufsm.br\/app\/uploads\/sites\/756\/2019\/05\/placeholder-300x200.jpg 300w, https:\/\/www.ufsm.br\/app\/uploads\/sites\/756\/2019\/05\/placeholder-768x512.jpg 768w, https:\/\/www.ufsm.br\/app\/uploads\/sites\/756\/2019\/05\/placeholder-1024x683.jpg 1024w, https:\/\/www.ufsm.br\/app\/uploads\/sites\/756\/2019\/05\/placeholder-272x182.jpg 272w, https:\/\/www.ufsm.br\/app\/uploads\/sites\/756\/2019\/05\/placeholder.jpg 1590w\">\n                \n                \n                                                            <\/div>\n                    <!-- Exibi Indicadores -->\n            <\/div>\n<\/div>\n<!-- Acessibilidade, apenas leitor de tela -->\n<ul class='visually-hidden'>\n    <li><a href='https:\/\/www.ufsm.br\/editoras\/editoraufsm\/2019\/05\/14\/banner1'>Banner1<\/a><\/li><\/ul>\n\t\t<\/div>\n\t\t\t\t<\/div>\n\t\t\t\t\t<\/div>\n\t\t<\/div>\n\t\t\t\t\t<\/div>\n\t\t<\/section>\n\t\t\t\t<section class=\"elementor-section elementor-top-section elementor-element elementor-element-31fda3f1 elementor-section-boxed elementor-section-height-default elementor-section-height-default\" data-id=\"31fda3f1\" data-element_type=\"section\">\n\t\t\t\t\t\t<div class=\"elementor-container elementor-column-gap-default\">\n\t\t\t\t\t<div class=\"elementor-column elementor-col-100 elementor-top-column elementor-element elementor-element-7c1b024\" data-id=\"7c1b024\" data-element_type=\"column\">\n\t\t\t<div class=\"elementor-widget-wrap elementor-element-populated\">\n\t\t\t\t\t\t<div class=\"elementor-element elementor-element-8d9b83a elementor-widget elementor-widget-heading\" data-id=\"8d9b83a\" data-element_type=\"widget\" data-widget_type=\"heading.default\">\n\t\t\t\t<div class=\"elementor-widget-container\">\n\t\t\t<h5 class=\"elementor-heading-title elementor-size-default\">Apresenta\u00e7\u00e3o<\/h5>\t\t<\/div>\n\t\t\t\t<\/div>\n\t\t\t\t<div class=\"elementor-element elementor-element-c8da605 elementor-widget elementor-widget-text-editor\" data-id=\"c8da605\" data-element_type=\"widget\" data-widget_type=\"text-editor.default\">\n\t\t\t\t<div class=\"elementor-widget-container\">\n\t\t\t\t\t\t\t<table border=\"0\" cellspacing=\"0\" cellpadding=\"0\"><tbody><tr><td><p>A Editora da Universidade Federal de Santa Maria (UFSM) foi criada em outubro de 1981 e, ao longo de sua exist\u00eancia, passou por algumas mudan\u00e7as provindas das diferentes gest\u00f5es e dos avan\u00e7os tecnol\u00f3gicos. Este processo de reorganiza\u00e7\u00e3o se deu por meio da cria\u00e7\u00e3o de instrumentos essenciais para o funcionamento das atividades de uma Editora, como, por exemplo, um Regimento Interno, um Conselho Editorial e uma Pol\u00edtica Editorial. O Regimento Interno foi aprovado pelo Conselho Universit\u00e1rio, em 1994, possibilitando a cria\u00e7\u00e3o do Conselho Editorial.<\/p><p>A Editora da UFSM tem por finalidade implantar e executar a pol\u00edtica editorial da Institui\u00e7\u00e3o. Sendo assim, cabe \u00e0 Editora incentivar a produ\u00e7\u00e3o cient\u00edfica da UFSM e da sua regi\u00e3o de influ\u00eancia; editar, coeditar e divulgar os trabalhos que interessem \u00e0s atividades de ensino, pesquisa e extens\u00e3o nos diversos campos do conhecimento; promover o interc\u00e2mbio bibliogr\u00e1fico com outras unidades, bibliotecas e entidades similares; manter postos de venda permanentes e ocasionais, com a finalidade de facilitar \u00e0 comunidade acad\u00eamica e aos demais interessados o acesso ao material publicado. Portanto, cabe \u00e0 Editora desenvolver esfor\u00e7os com vistas \u00e0 edi\u00e7\u00e3o e divulga\u00e7\u00e3o de trabalhos que interessem ao exerc\u00edcio das atividades de ensino, pesquisa e extens\u00e3o nos diversos campos do conhecimento ou que sejam relevantes ao progresso socioecon\u00f4mico e cultural das comunidades regionais e mesmo do pa\u00eds.<\/p><\/td><\/tr><\/tbody><\/table>\t\t\t\t\t\t<\/div>\n\t\t\t\t<\/div>\n\t\t\t\t\t<\/div>\n\t\t<\/div>\n\t\t\t\t\t<\/div>\n\t\t<\/section>\n\t\t\t\t<section class=\"elementor-section elementor-top-section elementor-element elementor-element-3cb3be0 elementor-section-boxed elementor-section-height-default elementor-section-height-default\" data-id=\"3cb3be0\" data-element_type=\"section\">\n\t\t\t\t\t\t<div class=\"elementor-container elementor-column-gap-default\">\n\t\t\t\t\t<div class=\"elementor-column elementor-col-100 elementor-top-column elementor-element elementor-element-e85f201\" data-id=\"e85f201\" data-element_type=\"column\">\n\t\t\t<div class=\"elementor-widget-wrap elementor-element-populated\">\n\t\t\t\t\t\t<div class=\"elementor-element elementor-element-1fd5859 elementor-widget elementor-widget-heading\" data-id=\"1fd5859\" data-element_type=\"widget\" data-widget_type=\"heading.default\">\n\t\t\t\t<div class=\"elementor-widget-container\">\n\t\t\t<h5 class=\"elementor-heading-title elementor-size-default\">Utilidades\n<\/h5>\t\t<\/div>\n\t\t\t\t<\/div>\n\t\t\t\t\t<\/div>\n\t\t<\/div>\n\t\t\t\t\t<\/div>\n\t\t<\/section>\n\t\t\t\t<section class=\"elementor-section elementor-top-section elementor-element elementor-element-cb460ab elementor-section-boxed elementor-section-height-default elementor-section-height-default\" data-id=\"cb460ab\" data-element_type=\"section\">\n\t\t\t\t\t\t<div class=\"elementor-container elementor-column-gap-default\">\n\t\t\t\t\t<div class=\"elementor-column elementor-col-33 elementor-top-column elementor-element elementor-element-4ede269\" data-id=\"4ede269\" data-element_type=\"column\">\n\t\t\t<div class=\"elementor-widget-wrap elementor-element-populated\">\n\t\t\t\t\t\t<div class=\"elementor-element elementor-element-70a1f8c elementor-view-default elementor-position-top elementor-mobile-position-top elementor-widget elementor-widget-icon-box\" data-id=\"70a1f8c\" data-element_type=\"widget\" data-widget_type=\"icon-box.default\">\n\t\t\t\t<div class=\"elementor-widget-container\">\n\t\t\t\t\t<div class=\"elementor-icon-box-wrapper\">\n\n\t\t\t\t\t\t<div class=\"elementor-icon-box-icon\">\n\t\t\t\t<a href=\"https:\/\/www.ufsm.br\/editoras\/editoraufsm\/envio-e-devolucoes\/\" class=\"elementor-icon elementor-animation-\" tabindex=\"-1\">\n\t\t\t\t<i aria-hidden=\"true\" class=\"fas fa-book\"><\/i>\t\t\t\t<\/a>\n\t\t\t<\/div>\n\t\t\t\n\t\t\t\t\t\t<div class=\"elementor-icon-box-content\">\n\n\t\t\t\t\t\t\t\t\t<h3 class=\"elementor-icon-box-title\">\n\t\t\t\t\t\t<a href=\"https:\/\/www.ufsm.br\/editoras\/editoraufsm\/envio-e-devolucoes\/\" >\n\t\t\t\t\t\t\tEnvio e Devolu\u00e7\u00f5es\t\t\t\t\t\t<\/a>\n\t\t\t\t\t<\/h3>\n\t\t\t\t\n\t\t\t\t\n\t\t\t<\/div>\n\t\t\t\n\t\t<\/div>\n\t\t\t\t<\/div>\n\t\t\t\t<\/div>\n\t\t\t\t\t<\/div>\n\t\t<\/div>\n\t\t\t\t<div class=\"elementor-column elementor-col-33 elementor-top-column elementor-element elementor-element-1e75ab3\" data-id=\"1e75ab3\" data-element_type=\"column\">\n\t\t\t<div class=\"elementor-widget-wrap elementor-element-populated\">\n\t\t\t\t\t\t<div class=\"elementor-element elementor-element-3fdd0ef elementor-view-default elementor-position-top elementor-mobile-position-top elementor-widget elementor-widget-icon-box\" data-id=\"3fdd0ef\" data-element_type=\"widget\" data-widget_type=\"icon-box.default\">\n\t\t\t\t<div class=\"elementor-widget-container\">\n\t\t\t\t\t<div class=\"elementor-icon-box-wrapper\">\n\n\t\t\t\t\t\t<div class=\"elementor-icon-box-icon\">\n\t\t\t\t<a href=\"https:\/\/www.ufsm.br\/editoras\/editoraufsm\/como-publicar\/\" class=\"elementor-icon elementor-animation-\" tabindex=\"-1\">\n\t\t\t\t<i aria-hidden=\"true\" class=\"fas fa-user-edit\"><\/i>\t\t\t\t<\/a>\n\t\t\t<\/div>\n\t\t\t\n\t\t\t\t\t\t<div class=\"elementor-icon-box-content\">\n\n\t\t\t\t\t\t\t\t\t<h3 class=\"elementor-icon-box-title\">\n\t\t\t\t\t\t<a href=\"https:\/\/www.ufsm.br\/editoras\/editoraufsm\/como-publicar\/\" >\n\t\t\t\t\t\t\tComo Publicar\t\t\t\t\t\t<\/a>\n\t\t\t\t\t<\/h3>\n\t\t\t\t\n\t\t\t\t\n\t\t\t<\/div>\n\t\t\t\n\t\t<\/div>\n\t\t\t\t<\/div>\n\t\t\t\t<\/div>\n\t\t\t\t\t<\/div>\n\t\t<\/div>\n\t\t\t\t<div class=\"elementor-column elementor-col-33 elementor-top-column elementor-element elementor-element-b64c99c\" data-id=\"b64c99c\" data-element_type=\"column\">\n\t\t\t<div class=\"elementor-widget-wrap elementor-element-populated\">\n\t\t\t\t\t\t<div class=\"elementor-element elementor-element-11810a3 elementor-view-default elementor-position-top elementor-mobile-position-top elementor-widget elementor-widget-icon-box\" data-id=\"11810a3\" data-element_type=\"widget\" data-widget_type=\"icon-box.default\">\n\t\t\t\t<div class=\"elementor-widget-container\">\n\t\t\t\t\t<div class=\"elementor-icon-box-wrapper\">\n\n\t\t\t\t\t\t<div class=\"elementor-icon-box-icon\">\n\t\t\t\t<a href=\"https:\/\/www.ufsm.br\/editoras\/editoraufsm\/conselho-editorial\/\" class=\"elementor-icon elementor-animation-\" tabindex=\"-1\">\n\t\t\t\t<i aria-hidden=\"true\" class=\"fas fa-users\"><\/i>\t\t\t\t<\/a>\n\t\t\t<\/div>\n\t\t\t\n\t\t\t\t\t\t<div class=\"elementor-icon-box-content\">\n\n\t\t\t\t\t\t\t\t\t<h3 class=\"elementor-icon-box-title\">\n\t\t\t\t\t\t<a href=\"https:\/\/www.ufsm.br\/editoras\/editoraufsm\/conselho-editorial\/\" >\n\t\t\t\t\t\t\tConselho Editorial\t\t\t\t\t\t<\/a>\n\t\t\t\t\t<\/h3>\n\t\t\t\t\n\t\t\t\t\n\t\t\t<\/div>\n\t\t\t\n\t\t<\/div>\n\t\t\t\t<\/div>\n\t\t\t\t<\/div>\n\t\t\t\t\t<\/div>\n\t\t<\/div>\n\t\t\t\t\t<\/div>\n\t\t<\/section>\n\t\t\t\t<section class=\"elementor-section elementor-top-section elementor-element elementor-element-399195b elementor-section-boxed elementor-section-height-default elementor-section-height-default\" data-id=\"399195b\" data-element_type=\"section\">\n\t\t\t\t\t\t<div class=\"elementor-container elementor-column-gap-default\">\n\t\t\t\t\t<div class=\"elementor-column elementor-col-100 elementor-top-column elementor-element elementor-element-8759219\" data-id=\"8759219\" data-element_type=\"column\">\n\t\t\t<div class=\"elementor-widget-wrap elementor-element-populated\">\n\t\t\t\t\t\t<div class=\"elementor-element elementor-element-b327021 elementor-widget elementor-widget-wp-widget-ufsm_noticias_widget\" data-id=\"b327021\" data-element_type=\"widget\" data-widget_type=\"wp-widget-ufsm_noticias_widget.default\">\n\t\t\t\t<div class=\"elementor-widget-container\">\n\t\t\t<p>Nenhuma not\u00edcia encontrada para esta se\u00e7\u00e3o.<\/p><div class=\"leia-mais p-1\">\n                <a href=\"https:\/\/www.ufsm.br\/editoras\/editoraufsm\/busca\/?q=&area=post&orderby=date&sites%5B%5D=756\">\n            LEIA MAIS            <span class=\"icon-box\">\n                <span class=\"bg-ufsm-widget-icon\">\n                    <i class=\"fas fa-chevron-right\" aria-hidden=\"true\"><\/i>\n                <\/span>\n            <\/span>\n        <\/a>\n    <\/div>\n\t\t<\/div>\n\t\t\t\t<\/div>\n\t\t\t\t\t<\/div>\n\t\t<\/div>\n\t\t\t\t\t<\/div>\n\t\t<\/section>\n\t\t\t\t<\/div>\n\t\t","protected":false},"excerpt":{"rendered":"<p>Apresenta\u00e7\u00e3o A Editora da Universidade Federal de Santa Maria (UFSM) foi criada em outubro de 1981 e, ao longo de sua exist\u00eancia, passou por algumas mudan\u00e7as provindas das diferentes gest\u00f5es e dos avan\u00e7os tecnol\u00f3gicos. Este processo de reorganiza\u00e7\u00e3o se deu por meio da cria\u00e7\u00e3o de instrumentos essenciais para o funcionamento das atividades de uma Editora, [&hellip;]<\/p>\n","protected":false},"author":26,"featured_media":0,"parent":0,"menu_order":0,"comment_status":"closed","ping_status":"open","template":"","meta":{"footnotes":""},"categories":[],"tags":[],"class_list":["post-2","page","type-page","status-publish","hentry"],"acf":[],"_links":{"self":[{"href":"https:\/\/www.ufsm.br\/editoras\/editoraufsm\/wp-json\/wp\/v2\/pages\/2","targetHints":{"allow":["GET"]}}],"collection":[{"href":"https:\/\/www.ufsm.br\/editoras\/editoraufsm\/wp-json\/wp\/v2\/pages"}],"about":[{"href":"https:\/\/www.ufsm.br\/editoras\/editoraufsm\/wp-json\/wp\/v2\/types\/page"}],"author":[{"embeddable":true,"href":"https:\/\/www.ufsm.br\/editoras\/editoraufsm\/wp-json\/wp\/v2\/users\/26"}],"replies":[{"embeddable":true,"href":"https:\/\/www.ufsm.br\/editoras\/editoraufsm\/wp-json\/wp\/v2\/comments?post=2"}],"version-history":[{"count":0,"href":"https:\/\/www.ufsm.br\/editoras\/editoraufsm\/wp-json\/wp\/v2\/pages\/2\/revisions"}],"wp:attachment":[{"href":"https:\/\/www.ufsm.br\/editoras\/editoraufsm\/wp-json\/wp\/v2\/media?parent=2"}],"wp:term":[{"taxonomy":"category","embeddable":true,"href":"https:\/\/www.ufsm.br\/editoras\/editoraufsm\/wp-json\/wp\/v2\/categories?post=2"},{"taxonomy":"post_tag","embeddable":true,"href":"https:\/\/www.ufsm.br\/editoras\/editoraufsm\/wp-json\/wp\/v2\/tags?post=2"}],"curies":[{"name":"wp","href":"https:\/\/api.w.org\/{rel}","templated":true}]}}