{"id":62,"date":"2019-09-06T16:02:48","date_gmt":"2019-09-06T19:02:48","guid":{"rendered":"https:\/\/www.ufsm.br\/editoras\/editoraufsm\/?page_id=62"},"modified":"2024-09-03T10:01:00","modified_gmt":"2024-09-03T13:01:00","slug":"conselho-editorial","status":"publish","type":"page","link":"https:\/\/www.ufsm.br\/editoras\/editoraufsm\/conselho-editorial","title":{"rendered":"Conselho Editorial"},"content":{"rendered":"\n<p><strong>Andr\u00e9 Zanki Cordenonsi<\/strong>\u00a0\u2013 Representante do Centro de Ci\u00eancias Sociais e Humanas \u2013 CCSH<\/p>\n<p><strong>Elisete Medianeira Tomazzetti<\/strong>\u00a0\u2013 Representante do Centro de Educa\u00e7\u00e3o \u2013 CE<\/p>\n<p><strong>En\u00e9ias Tavares<\/strong>\u00a0\u2013 Diretor da Editora UFSM \u2013 Presidente do Conselho<\/p>\n<p><strong>Fernanda Alice Antonello Londero Backes<\/strong>\u00a0\u2013 Representante do Centro de Ci\u00eancias Rurais \u2013 CCR<\/p>\n<p><strong>Hans Rogerio Zimmermann<\/strong>\u00a0\u2013 Representante do Centro de Ci\u00eancias Naturais e Exatas \u2013 CCNE<\/p>\n<p><strong>Jucemara Antunes<\/strong>\u00a0\u2013 Unidade de Educa\u00e7\u00e3o Infantil Ip\u00ea Amarelo<\/p>\n<p><strong>Lana D&#8217;Avila Campanella<\/strong>\u00a0\u2013 Representante do Campus de Frederico Westphalen\/RS<\/p>\n<p><strong>Lucas da Cunha Zamberlan<\/strong>\u00a0\u2013 Representante do Centro de Artes e Letras \u2013 CAL<\/p>\n<p><strong>Luciane Sanchotene Etchepare Daronco<\/strong>\u00a0\u2013 Representante do Centro de Educa\u00e7\u00e3o F\u00edsica e Desportos \u2013 CEFD<\/p>\n<p><strong>Marcelo Battesini<\/strong>\u00a0\u2013 Representante do Centro de Tecnologia \u2013 CT<\/p>\n<p><strong>M\u00e1rcia Lenir Gerhardt<\/strong>\u00a0\u2013 Representante do Col\u00e9gio Polit\u00e9cnico da UFSM<\/p>\n<p><strong>Olavo Avaloni Neto<\/strong>\u00a0\u2013 Representante do Campus de Cachoeira do Sul\/RS<\/p>\n<p><strong>Paulo Roberto da Costa<\/strong>\u00a0\u2013 Representante do Col\u00e9gio T\u00e9cnico Industrial de Santa Maria \u2013 CTISM<\/p>\n<p><strong>Raone Somavilla<\/strong>\u00a0\u2013 Representante da Associa\u00e7\u00e3o dos Servidores da Universidade Federal de Santa Maria \u2013 ASSUFSM<\/p>\n<p><strong>Rosani Spanevello<\/strong>\u00a0\u2013 Representante do Campus de Palmeira das Miss\u00f5es\/RS<\/p>\n<p><strong>Rosmari Horner<\/strong>\u00a0\u2013 Representante do Centro de Ci\u00eancias da Sa\u00fade \u2013 CCS<\/p>\n","protected":false},"excerpt":{"rendered":"<p>Andr\u00e9 Zanki Cordenonsi\u00a0\u2013 Representante do Centro de Ci\u00eancias Sociais e Humanas \u2013 CCSH Elisete Medianeira Tomazzetti\u00a0\u2013 Representante do Centro de Educa\u00e7\u00e3o \u2013 CE En\u00e9ias Tavares\u00a0\u2013 Diretor da Editora UFSM \u2013 Presidente do Conselho Fernanda Alice Antonello Londero Backes\u00a0\u2013 Representante do Centro de Ci\u00eancias Rurais \u2013 CCR Hans Rogerio Zimmermann\u00a0\u2013 Representante do Centro de Ci\u00eancias Naturais [&hellip;]<\/p>\n","protected":false},"author":723,"featured_media":0,"parent":0,"menu_order":0,"comment_status":"closed","ping_status":"closed","template":"","meta":{"footnotes":""},"categories":[],"tags":[],"class_list":["post-62","page","type-page","status-publish","hentry"],"acf":[],"_links":{"self":[{"href":"https:\/\/www.ufsm.br\/editoras\/editoraufsm\/wp-json\/wp\/v2\/pages\/62","targetHints":{"allow":["GET"]}}],"collection":[{"href":"https:\/\/www.ufsm.br\/editoras\/editoraufsm\/wp-json\/wp\/v2\/pages"}],"about":[{"href":"https:\/\/www.ufsm.br\/editoras\/editoraufsm\/wp-json\/wp\/v2\/types\/page"}],"author":[{"embeddable":true,"href":"https:\/\/www.ufsm.br\/editoras\/editoraufsm\/wp-json\/wp\/v2\/users\/723"}],"replies":[{"embeddable":true,"href":"https:\/\/www.ufsm.br\/editoras\/editoraufsm\/wp-json\/wp\/v2\/comments?post=62"}],"version-history":[{"count":0,"href":"https:\/\/www.ufsm.br\/editoras\/editoraufsm\/wp-json\/wp\/v2\/pages\/62\/revisions"}],"wp:attachment":[{"href":"https:\/\/www.ufsm.br\/editoras\/editoraufsm\/wp-json\/wp\/v2\/media?parent=62"}],"wp:term":[{"taxonomy":"category","embeddable":true,"href":"https:\/\/www.ufsm.br\/editoras\/editoraufsm\/wp-json\/wp\/v2\/categories?post=62"},{"taxonomy":"post_tag","embeddable":true,"href":"https:\/\/www.ufsm.br\/editoras\/editoraufsm\/wp-json\/wp\/v2\/tags?post=62"}],"curies":[{"name":"wp","href":"https:\/\/api.w.org\/{rel}","templated":true}]}}