{"id":66,"date":"2019-09-06T16:32:46","date_gmt":"2019-09-06T19:32:46","guid":{"rendered":"https:\/\/www.ufsm.br\/editoras\/editoraufsm\/?page_id=66"},"modified":"2019-09-06T16:32:48","modified_gmt":"2019-09-06T19:32:48","slug":"expedicao-internacional","status":"publish","type":"page","link":"https:\/\/www.ufsm.br\/editoras\/editoraufsm\/expedicao-internacional","title":{"rendered":"Expedi\u00e7\u00e3o Internacional"},"content":{"rendered":"\n<p>A Editora UFSM n\u00e3o trabalha com expedi\u00e7\u00e3o internacional, ficando reservado somente ao territ\u00f3rio brasileiro e, a Atlantis Livros LTDA &#8211; A\/C Mariana &#8211; Fone: 55 [11] 5183-5377 | Fax: 55 [11] 5183-8205\u200b &#8211; e-mail: atlantis@8415.com.br, estar\u00e1 respons\u00e1vel e atendendo as solicita\u00e7\u00f5es e pedidos para o exterior.<\/p>\n","protected":false},"excerpt":{"rendered":"<p>A Editora UFSM n\u00e3o trabalha com expedi\u00e7\u00e3o internacional, ficando reservado somente ao territ\u00f3rio brasileiro e, a Atlantis Livros LTDA &#8211; A\/C Mariana &#8211; Fone: 55 [11] 5183-5377 | Fax: 55 [11] 5183-8205\u200b &#8211; e-mail: atlantis@8415.com.br, estar\u00e1 respons\u00e1vel e atendendo as solicita\u00e7\u00f5es e pedidos para o exterior.<\/p>\n","protected":false},"author":723,"featured_media":0,"parent":0,"menu_order":0,"comment_status":"closed","ping_status":"closed","template":"","meta":{"footnotes":""},"categories":[],"tags":[],"class_list":["post-66","page","type-page","status-publish","hentry"],"acf":[],"_links":{"self":[{"href":"https:\/\/www.ufsm.br\/editoras\/editoraufsm\/wp-json\/wp\/v2\/pages\/66","targetHints":{"allow":["GET"]}}],"collection":[{"href":"https:\/\/www.ufsm.br\/editoras\/editoraufsm\/wp-json\/wp\/v2\/pages"}],"about":[{"href":"https:\/\/www.ufsm.br\/editoras\/editoraufsm\/wp-json\/wp\/v2\/types\/page"}],"author":[{"embeddable":true,"href":"https:\/\/www.ufsm.br\/editoras\/editoraufsm\/wp-json\/wp\/v2\/users\/723"}],"replies":[{"embeddable":true,"href":"https:\/\/www.ufsm.br\/editoras\/editoraufsm\/wp-json\/wp\/v2\/comments?post=66"}],"version-history":[{"count":0,"href":"https:\/\/www.ufsm.br\/editoras\/editoraufsm\/wp-json\/wp\/v2\/pages\/66\/revisions"}],"wp:attachment":[{"href":"https:\/\/www.ufsm.br\/editoras\/editoraufsm\/wp-json\/wp\/v2\/media?parent=66"}],"wp:term":[{"taxonomy":"category","embeddable":true,"href":"https:\/\/www.ufsm.br\/editoras\/editoraufsm\/wp-json\/wp\/v2\/categories?post=66"},{"taxonomy":"post_tag","embeddable":true,"href":"https:\/\/www.ufsm.br\/editoras\/editoraufsm\/wp-json\/wp\/v2\/tags?post=66"}],"curies":[{"name":"wp","href":"https:\/\/api.w.org\/{rel}","templated":true}]}}