{"id":94,"date":"2020-10-30T16:51:33","date_gmt":"2020-10-30T19:51:33","guid":{"rendered":"https:\/\/www.ufsm.br\/editoras\/editoraufsm\/?page_id=94"},"modified":"2024-09-04T13:15:23","modified_gmt":"2024-09-04T16:15:23","slug":"como-publicar","status":"publish","type":"page","link":"https:\/\/www.ufsm.br\/editoras\/editoraufsm\/como-publicar","title":{"rendered":"Como Publicar"},"content":{"rendered":"\t\t<div data-elementor-type=\"wp-page\" data-elementor-id=\"94\" class=\"elementor elementor-94\">\n\t\t\t\t\t\t<section class=\"elementor-section elementor-top-section elementor-element elementor-element-a1e8fae elementor-section-boxed elementor-section-height-default elementor-section-height-default\" data-id=\"a1e8fae\" data-element_type=\"section\">\n\t\t\t\t\t\t<div class=\"elementor-container elementor-column-gap-default\">\n\t\t\t\t\t<div class=\"elementor-column elementor-col-100 elementor-top-column elementor-element elementor-element-2d934fb\" data-id=\"2d934fb\" data-element_type=\"column\">\n\t\t\t<div class=\"elementor-widget-wrap elementor-element-populated\">\n\t\t\t\t\t\t<div class=\"elementor-element elementor-element-b1102a7 elementor-position-left elementor-vertical-align-top elementor-widget elementor-widget-image-box\" data-id=\"b1102a7\" data-element_type=\"widget\" data-widget_type=\"image-box.default\">\n\t\t\t\t<div class=\"elementor-widget-container\">\n\t\t\t<div class=\"elementor-image-box-wrapper\"><figure class=\"elementor-image-box-img\"><a href=\"https:\/\/www.ufsm.br\/app\/uploads\/sites\/756\/2023\/08\/Guia-do-Autor-2023.pdf\" tabindex=\"-1\"><img fetchpriority=\"high\" decoding=\"async\" width=\"633\" height=\"979\" src=\"https:\/\/www.ufsm.br\/app\/uploads\/sites\/756\/2023\/08\/Guia-do-autor-2023-Capa.jpg\" class=\"attachment-full size-full wp-image-304\" alt=\"\" srcset=\"https:\/\/www.ufsm.br\/app\/uploads\/sites\/756\/2023\/08\/Guia-do-autor-2023-Capa.jpg 633w, https:\/\/www.ufsm.br\/app\/uploads\/sites\/756\/2023\/08\/Guia-do-autor-2023-Capa-194x300.jpg 194w\" sizes=\"(max-width: 633px) 100vw, 633px\" \/><\/a><\/figure><div class=\"elementor-image-box-content\"><h3 class=\"elementor-image-box-title\"><a href=\"https:\/\/www.ufsm.br\/app\/uploads\/sites\/756\/2023\/08\/Guia-do-Autor-2023.pdf\">GUIA DO AUTOR<\/a><\/h3><p class=\"elementor-image-box-description\"><br><p data-mce-style=\"text-align: justify;\" style=\"font-family: Arial, Helvetica, sans-serif;font-size: 12px;text-align: justify\">A Editora UFSM possui algumas normas que orientam o autor sobre o processo de edi\u00e7\u00e3o de um livro, desde a forma de envio dos originais, a an\u00e1lise dos conte\u00fados, o processo de editora\u00e7\u00e3o, at\u00e9 os trabalhos gr\u00e1ficos que terminam com a publica\u00e7\u00e3o.<\/p><p data-mce-style=\"text-align: justify;\" style=\"font-family: Arial, Helvetica, sans-serif;font-size: 12px;text-align: justify\">Todas essas informa\u00e7\u00f5es est\u00e3o dispon\u00edveis no Guia do Autor, cuja mais recente edi\u00e7\u00e3o foi aprovada pelo Conselho Editorial em junho de 2023. Solicite o seu entrando em contato com a Editora, ou baixe-o no formato PDF, clicando na capa ao lado.<\/p><div style=\"font-family: Arial, Helvetica, sans-serif;font-size: 12px\"><div><p data-mce-style=\"text-align: justify;\" style=\"text-align: justify\"><strong>Acesse aqui os anexos do Guia do Autor:<\/strong><\/p><p data-mce-style=\"text-align: justify;\" style=\"text-align: justify\"><a data-mce-href=\"https:\/\/www.ufsm.br\/app\/uploads\/sites\/756\/2023\/08\/Anexo-A.doc\" href=\"https:\/\/www.ufsm.br\/app\/uploads\/sites\/756\/2023\/08\/Anexo-A.doc\" title=\"Anexo A: Ficha de informa\u00e7\u00f5es sobre autor\/organizador\">Anexo A: Ficha de informa\u00e7\u00f5es sobre autor\/organizador<\/a><\/p><p data-mce-style=\"text-align: justify;\" style=\"text-align: justify\"><a data-mce-href=\"https:\/\/www.ufsm.br\/app\/uploads\/sites\/756\/2023\/08\/Anexo-B.doc\" href=\"https:\/\/www.ufsm.br\/app\/uploads\/sites\/756\/2023\/08\/Anexo-B.doc\" title=\"Anexo B: Declara\u00e7\u00e3o de ineditismo da obra\">Anexo B: Declara\u00e7\u00e3o de ineditismo da obra<\/a><\/p><p data-mce-style=\"text-align: justify;\" style=\"text-align: justify\"><a data-mce-href=\"https:\/\/www.ufsm.br\/app\/uploads\/sites\/756\/2023\/08\/Anexo-C.doc\" href=\"https:\/\/www.ufsm.br\/app\/uploads\/sites\/756\/2023\/08\/Anexo-C.doc\" title=\"Anexo C: Formul\u00e1rio para parecer do Conselho Editorial\">Anexo C: Formul\u00e1rio para parecer do Conselho Editorial<\/a><\/p><p data-mce-style=\"text-align: justify;\" style=\"text-align: justify\"><a data-mce-href=\"https:\/\/www.ufsm.br\/app\/uploads\/sites\/756\/2023\/08\/Anexo-D.doc\" href=\"https:\/\/www.ufsm.br\/app\/uploads\/sites\/756\/2023\/08\/Anexo-D.doc\" title=\"Anexo D: Termo de reprodu\u00e7\u00e3o fotogr\u00e1fica\">Anexo D: Termo de reprodu\u00e7\u00e3o fotogr\u00e1fica<\/a><\/p><p data-mce-style=\"text-align: justify;\" style=\"text-align: justify\"><a data-mce-href=\"https:\/\/www.ufsm.br\/app\/uploads\/sites\/756\/2023\/08\/Anexo-E.doc\" href=\"https:\/\/www.ufsm.br\/app\/uploads\/sites\/756\/2023\/08\/Anexo-E.doc\" title=\"Anexo E: Termo de licen\u00e7a de uso de imagem\">Anexo E: Termo de licen\u00e7a de uso de imagem<\/a><\/p><p data-mce-style=\"text-align: justify;\" style=\"text-align: justify\"><br data-mce-bogus=\"1\"><\/p><\/div><\/div><div style=\"font-family: Arial, Helvetica, sans-serif;font-size: 12px\"><\/div><p data-mce-style=\"text-align: justify;\" style=\"font-family: Arial, Helvetica, sans-serif;font-size: 12px;text-align: justify\"><\/p><\/p><\/div><\/div>\t\t<\/div>\n\t\t\t\t<\/div>\n\t\t\t\t<div class=\"elementor-element elementor-element-877b4ea elementor-position-left elementor-vertical-align-top elementor-widget elementor-widget-image-box\" data-id=\"877b4ea\" data-element_type=\"widget\" data-widget_type=\"image-box.default\">\n\t\t\t\t<div class=\"elementor-widget-container\">\n\t\t\t<div class=\"elementor-image-box-wrapper\"><figure class=\"elementor-image-box-img\"><a href=\"https:\/\/www.ufsm.br\/app\/uploads\/sites\/756\/2024\/09\/Como-transformar-trabalhos-academicos-em-livros.pdf\" tabindex=\"-1\"><img decoding=\"async\" width=\"633\" height=\"950\" src=\"https:\/\/www.ufsm.br\/app\/uploads\/sites\/756\/2024\/09\/Como_Transformar_Tese_em_Livro.jpg\" class=\"attachment-full size-full wp-image-424\" alt=\"\" srcset=\"https:\/\/www.ufsm.br\/app\/uploads\/sites\/756\/2024\/09\/Como_Transformar_Tese_em_Livro.jpg 633w, https:\/\/www.ufsm.br\/app\/uploads\/sites\/756\/2024\/09\/Como_Transformar_Tese_em_Livro-200x300.jpg 200w\" sizes=\"(max-width: 633px) 100vw, 633px\" \/><\/a><\/figure><div class=\"elementor-image-box-content\"><h3 class=\"elementor-image-box-title\"><a href=\"https:\/\/www.ufsm.br\/app\/uploads\/sites\/756\/2024\/09\/Como-transformar-trabalhos-academicos-em-livros.pdf\">COMO TRANSFORMAR TRABALHOS ACAD\u00caMICOS EM LIVROS<\/a><\/h3><p class=\"elementor-image-box-description\"><br>A Editora UFSM&nbsp;n&atilde;o publica teses, disserta&ccedil;&otilde;es, relat&oacute;rios de pesquisa, pesquisas de p&oacute;s-doutoramento ou similares sem qualquer adapta&ccedil;&atilde;o, conforme est&aacute; prescrito no seu <a href=\"https:\/\/www.ufsm.br\/app\/uploads\/sites\/756\/2023\/08\/Guia-do-Autor-2023.pdf\" target=\"_self\"><strong>Guia do Autor<\/strong><\/a>. Apesar disso, frequentemente v&aacute;rios autores consultam a Editora em busca de orienta&ccedil;&otilde;es sobre os procedimentos necess&aacute;rios para transformar um trabalho acad&ecirc;mico tradicional em um livro. Nesse sentido, e com o objetivo de esclarecer essa quest&atilde;o, &eacute; que a equipe editorial organizou o presente manual. Solicite o seu entrando em contato conosco ou baixe-o no seu computador, em formato PDF, clicando na capa ao lado.<\/p><\/div><\/div>\t\t<\/div>\n\t\t\t\t<\/div>\n\t\t\t\t\t<\/div>\n\t\t<\/div>\n\t\t\t\t\t<\/div>\n\t\t<\/section>\n\t\t\t\t<\/div>\n\t\t","protected":false},"excerpt":{"rendered":"<p>GUIA DO AUTOR A Editora UFSM possui algumas normas que orientam o autor sobre o processo de edi\u00e7\u00e3o de um livro, desde a forma de envio dos originais, a an\u00e1lise dos conte\u00fados, o processo de editora\u00e7\u00e3o, at\u00e9 os trabalhos gr\u00e1ficos que terminam com a publica\u00e7\u00e3o. Todas essas informa\u00e7\u00f5es est\u00e3o dispon\u00edveis no Guia do Autor, cuja [&hellip;]<\/p>\n","protected":false},"author":3518,"featured_media":0,"parent":0,"menu_order":0,"comment_status":"closed","ping_status":"closed","template":"","meta":{"footnotes":""},"categories":[],"tags":[],"class_list":["post-94","page","type-page","status-publish","hentry"],"acf":[],"_links":{"self":[{"href":"https:\/\/www.ufsm.br\/editoras\/editoraufsm\/wp-json\/wp\/v2\/pages\/94","targetHints":{"allow":["GET"]}}],"collection":[{"href":"https:\/\/www.ufsm.br\/editoras\/editoraufsm\/wp-json\/wp\/v2\/pages"}],"about":[{"href":"https:\/\/www.ufsm.br\/editoras\/editoraufsm\/wp-json\/wp\/v2\/types\/page"}],"author":[{"embeddable":true,"href":"https:\/\/www.ufsm.br\/editoras\/editoraufsm\/wp-json\/wp\/v2\/users\/3518"}],"replies":[{"embeddable":true,"href":"https:\/\/www.ufsm.br\/editoras\/editoraufsm\/wp-json\/wp\/v2\/comments?post=94"}],"version-history":[{"count":0,"href":"https:\/\/www.ufsm.br\/editoras\/editoraufsm\/wp-json\/wp\/v2\/pages\/94\/revisions"}],"wp:attachment":[{"href":"https:\/\/www.ufsm.br\/editoras\/editoraufsm\/wp-json\/wp\/v2\/media?parent=94"}],"wp:term":[{"taxonomy":"category","embeddable":true,"href":"https:\/\/www.ufsm.br\/editoras\/editoraufsm\/wp-json\/wp\/v2\/categories?post=94"},{"taxonomy":"post_tag","embeddable":true,"href":"https:\/\/www.ufsm.br\/editoras\/editoraufsm\/wp-json\/wp\/v2\/tags?post=94"}],"curies":[{"name":"wp","href":"https:\/\/api.w.org\/{rel}","templated":true}]}}