{"id":100,"date":"2020-10-19T18:47:45","date_gmt":"2020-10-19T21:47:45","guid":{"rendered":"https:\/\/www.ufsm.br\/editoras\/facos\/?page_id=100"},"modified":"2021-06-17T14:58:50","modified_gmt":"2021-06-17T17:58:50","slug":"operacoes-de-midiatizacao","status":"publish","type":"page","link":"https:\/\/www.ufsm.br\/editoras\/facos\/operacoes-de-midiatizacao","title":{"rendered":"Opera\u00e7\u00f5es de midiatiza\u00e7\u00e3o: das m\u00e1scaras da converg\u00eancia \u00e0s cr\u00edticas ao tecnodeterminismo"},"content":{"rendered":"\t\t<div data-elementor-type=\"wp-page\" data-elementor-id=\"100\" class=\"elementor elementor-100\">\n\t\t\t\t\t\t<section class=\"elementor-section elementor-top-section elementor-element elementor-element-794b9de5 elementor-section-boxed elementor-section-height-default elementor-section-height-default\" data-id=\"794b9de5\" data-element_type=\"section\">\n\t\t\t\t\t\t<div class=\"elementor-container elementor-column-gap-default\">\n\t\t\t\t\t<div class=\"elementor-column elementor-col-100 elementor-top-column elementor-element elementor-element-3695d12\" data-id=\"3695d12\" data-element_type=\"column\">\n\t\t\t<div class=\"elementor-widget-wrap elementor-element-populated\">\n\t\t\t\t\t\t<div class=\"elementor-element elementor-element-1ae1d481 elementor-widget elementor-widget-text-editor\" data-id=\"1ae1d481\" data-element_type=\"widget\" data-widget_type=\"text-editor.default\">\n\t\t\t\t<div class=\"elementor-widget-container\">\n\t\t\t\t\t\t\t<h1><span style=\"font-size: 2.5rem;background-color: transparent;color: black\">Opera\u00e7\u00f5es de midiatiza\u00e7\u00e3o: das m\u00e1scaras da converg\u00eancia \u00e0s cr\u00edticas ao tecnodeterminismo<\/span><\/h1>\n<h6>Bernard Mi\u00e8ge, Jairo Ferreira, Ant\u00f4nio Fausto Neto e Maria Clara Aquino Bittencourt (organizadores)<\/h6>\t\t\t\t\t\t<\/div>\n\t\t\t\t<\/div>\n\t\t\t\t<section class=\"elementor-section elementor-inner-section elementor-element elementor-element-623bcab2 elementor-hidden-tablet elementor-section-boxed elementor-section-height-default elementor-section-height-default\" data-id=\"623bcab2\" data-element_type=\"section\">\n\t\t\t\t\t\t<div class=\"elementor-container elementor-column-gap-default\">\n\t\t\t\t\t<div class=\"elementor-column elementor-col-50 elementor-inner-column elementor-element elementor-element-10d808fe\" data-id=\"10d808fe\" data-element_type=\"column\">\n\t\t\t<div class=\"elementor-widget-wrap elementor-element-populated\">\n\t\t\t\t\t\t<div class=\"elementor-element elementor-element-12ff038a elementor-widget elementor-widget-text-editor\" data-id=\"12ff038a\" data-element_type=\"widget\" data-widget_type=\"text-editor.default\">\n\t\t\t\t<div class=\"elementor-widget-container\">\n\t\t\t\t\t\t\t<figure id=\"attachment_124\" aria-describedby=\"caption-attachment-124\" style=\"width: 198px\" class=\"wp-caption aligncenter\"><img fetchpriority=\"high\" decoding=\"async\" class=\"size-full wp-image-124\" src=\"https:\/\/www.ufsm.br\/app\/uploads\/sites\/746\/2020\/10\/operacoesdemidiatizacao-1.png\" alt=\"Opera\u00e7\u00f5es de midiatiza\u00e7\u00e3o: das m\u00e1scaras da converg\u00eancia \u00e0s cr\u00edticas ao tecnodeterminismo\" width=\"198\" height=\"297\" \/><figcaption id=\"caption-attachment-124\" class=\"wp-caption-text\">Opera\u00e7\u00f5es de midiatiza\u00e7\u00e3o: das m\u00e1scaras da converg\u00eancia \u00e0s cr\u00edticas ao tecnodeterminismo<\/figcaption><\/figure>\t\t\t\t\t\t<\/div>\n\t\t\t\t<\/div>\n\t\t\t\t\t<\/div>\n\t\t<\/div>\n\t\t\t\t<div class=\"elementor-column elementor-col-50 elementor-inner-column elementor-element elementor-element-6a7e531c\" data-id=\"6a7e531c\" data-element_type=\"column\">\n\t\t\t<div class=\"elementor-widget-wrap elementor-element-populated\">\n\t\t\t\t\t\t<div class=\"elementor-element elementor-element-7ba0f000 elementor-widget elementor-widget-text-editor\" data-id=\"7ba0f000\" data-element_type=\"widget\" data-widget_type=\"text-editor.default\">\n\t\t\t\t<div class=\"elementor-widget-container\">\n\t\t\t\t\t\t\t<p><span id=\"docs-internal-guid-dce68e99-7fff-1e4d-ba23-31f7b5e73e85\"><span style=\"font-size: 11pt;font-family: Arial;color: #000000;background-color: transparent;vertical-align: baseline\">O livro \u00e9 um dos resultados do semin\u00e1rio realizado com Bernard Mi\u00e8ge, no Programa de P\u00f3s-Gradua\u00e7\u00e3o em Ci\u00eancias da Comunica\u00e7\u00e3o da Unisinos, intitulado &#8220;Enraizamento Social das TICs&#8221;, numa iniciativa do Grupo de Pesquisa em Midiatiza\u00e7\u00e3o e Processos Sociais e Epistecom. O semin\u00e1rio se realizou no \u00e2mbito do projeto Midiatiza\u00e7\u00e3o e Tecnologias Digitais\/Escola de Altos Estudos\/CAPES e foi apresentado em torno dos seguintes eixos: a vis\u00e3o das TICs \u201cpolu\u00edda\u201d pelas abordagens tecnodeterministas; abordagens cr\u00edticas de discursos sobre TICs; as TICS entre inova\u00e7\u00e3o t\u00e9cnica e enraizamento social; o processo de mediatiza\u00e7\u00e3o no centro (da maioria) das aten\u00e7\u00f5es; as muta\u00e7\u00f5es profundas da esfera medi\u00e1tica. Agregaremos tamb\u00e9m a discuss\u00e3o sobre a converg\u00eancia \u2013 um tema central, apenas referido nos diversos semin\u00e1rios. Este livro \u00e9 um dos tr\u00eas que comp\u00f5em a s\u00e9rie relativa aos semin\u00e1rios desenvolvidos no projeto, que teve tamb\u00e9m participa\u00e7\u00e3o de Serge Proulx e Patrice Flichy.<\/span><\/span><\/p>\t\t\t\t\t\t<\/div>\n\t\t\t\t<\/div>\n\t\t\t\t\t<\/div>\n\t\t<\/div>\n\t\t\t\t\t<\/div>\n\t\t<\/section>\n\t\t\t\t<div class=\"elementor-element elementor-element-b18ac4f elementor-hidden-desktop elementor-hidden-phone elementor-widget elementor-widget-text-editor\" data-id=\"b18ac4f\" data-element_type=\"widget\" data-widget_type=\"text-editor.default\">\n\t\t\t\t<div class=\"elementor-widget-container\">\n\t\t\t\t\t\t\t<figure id=\"attachment_124\" aria-describedby=\"caption-attachment-124\" style=\"width: 198px\" class=\"wp-caption alignleft\"><img decoding=\"async\" style=\"color: #000000;font-size: 16px\" src=\"https:\/\/www.ufsm.br\/app\/uploads\/sites\/746\/2020\/10\/operacoesdemidiatizacao-1.png\" alt=\"Opera\u00e7\u00f5es de midiatiza\u00e7\u00e3o: das m\u00e1scaras da converg\u00eancia \u00e0s cr\u00edticas ao tecnodeterminismo\" width=\"198\" height=\"297\" \/><figcaption id=\"caption-attachment-124\" class=\"wp-caption-text\"><span style=\"color: #000000;font-size: 16px\">\u00a0Opera\u00e7\u00f5es de midiatiza\u00e7\u00e3o: das m\u00e1scaras da converg\u00eancia \u00e0s cr\u00edticas ao tecnodeterminismo<\/span><\/figcaption><\/figure>\n<p><span style=\"color: #000000;font-size: 16px;text-align: justify;background-color: initial\">O livro \u00e9 um dos resultados do semin\u00e1rio realizado com Bernard Mi\u00e8ge, no Programa de P\u00f3s-Gradua\u00e7\u00e3o em Ci\u00eancias da Comunica\u00e7\u00e3o da Unisinos, intitulado &#8220;Enraizamento Social das TICs&#8221;, numa iniciativa do Grupo de Pesquisa em Midiatiza\u00e7\u00e3o e Processos Sociais e Epistecom. O semin\u00e1rio se realizou no \u00e2mbito do projeto Midiatiza\u00e7\u00e3o e Tecnologias Digitais\/Escola de Altos Estudos\/CAPES e foi apresentado em torno dos seguintes eixos: a vis\u00e3o das TICs \u201cpolu\u00edda\u201d pelas abordagens tecnodeterministas; abordagens cr\u00edticas de discursos sobre TICs; as TICS entre inova\u00e7\u00e3o t\u00e9cnica e enraizamento social; o processo de mediatiza\u00e7\u00e3o no centro (da maioria) das aten\u00e7\u00f5es; as muta\u00e7\u00f5es profundas da esfera medi\u00e1tica. Agregaremos tamb\u00e9m a discuss\u00e3o sobre a converg\u00eancia \u2013 um tema central, apenas referido nos diversos semin\u00e1rios. Este livro \u00e9 um dos tr\u00eas que comp\u00f5em a s\u00e9rie relativa aos semin\u00e1rios desenvolvidos no projeto, que teve tamb\u00e9m participa\u00e7\u00e3o de Serge Proulx e Patrice Flichy.<\/span><\/p>\t\t\t\t\t\t<\/div>\n\t\t\t\t<\/div>\n\t\t\t\t<div class=\"elementor-element elementor-element-380f0d04 elementor-widget elementor-widget-heading\" data-id=\"380f0d04\" data-element_type=\"widget\" data-widget_type=\"heading.default\">\n\t\t\t\t<div class=\"elementor-widget-container\">\n\t\t\t<h4 class=\"elementor-heading-title elementor-size-default\">Acesso \u00e0 obra<\/h4>\t\t<\/div>\n\t\t\t\t<\/div>\n\t\t\t\t\t<\/div>\n\t\t<\/div>\n\t\t\t\t\t<\/div>\n\t\t<\/section>\n\t\t\t\t<section class=\"elementor-section elementor-top-section elementor-element elementor-element-3554ea7b elementor-section-boxed elementor-section-height-default elementor-section-height-default\" data-id=\"3554ea7b\" data-element_type=\"section\">\n\t\t\t\t\t\t<div class=\"elementor-container elementor-column-gap-default\">\n\t\t\t\t\t<div class=\"elementor-column elementor-col-25 elementor-top-column elementor-element elementor-element-7e698a58\" data-id=\"7e698a58\" data-element_type=\"column\">\n\t\t\t<div class=\"elementor-widget-wrap\">\n\t\t\t\t\t\t\t<\/div>\n\t\t<\/div>\n\t\t\t\t<div class=\"elementor-column elementor-col-25 elementor-top-column elementor-element elementor-element-21bd47fb\" data-id=\"21bd47fb\" data-element_type=\"column\">\n\t\t\t<div class=\"elementor-widget-wrap elementor-element-populated\">\n\t\t\t\t\t\t<div class=\"elementor-element elementor-element-3755d4d1 elementor-align-center elementor-widget elementor-widget-button\" data-id=\"3755d4d1\" data-element_type=\"widget\" data-widget_type=\"button.default\">\n\t\t\t\t<div class=\"elementor-widget-container\">\n\t\t\t\t\t\t\t<div class=\"elementor-button-wrapper\">\n\t\t\t\t\t<a class=\"elementor-button elementor-button-link elementor-size-md\" href=\"https:\/\/repositorio.ufsm.br\/bitstream\/handle\/1\/19693\/operacoesdemidiatizacao.pdf?sequence=1&#038;isAllowed=y\">\n\t\t\t\t\t\t<span class=\"elementor-button-content-wrapper\">\n\t\t\t\t\t\t\t\t\t<span class=\"elementor-button-text\">Vers\u00e3o PDF<\/span>\n\t\t\t\t\t<\/span>\n\t\t\t\t\t<\/a>\n\t\t\t\t<\/div>\n\t\t\t\t\t\t<\/div>\n\t\t\t\t<\/div>\n\t\t\t\t\t<\/div>\n\t\t<\/div>\n\t\t\t\t<div class=\"elementor-column elementor-col-25 elementor-top-column elementor-element elementor-element-74bf5a74\" data-id=\"74bf5a74\" data-element_type=\"column\">\n\t\t\t<div class=\"elementor-widget-wrap elementor-element-populated\">\n\t\t\t\t\t\t<div class=\"elementor-element elementor-element-5ffdd91a elementor-align-center elementor-widget elementor-widget-button\" data-id=\"5ffdd91a\" data-element_type=\"widget\" data-widget_type=\"button.default\">\n\t\t\t\t<div class=\"elementor-widget-container\">\n\t\t\t\t\t\t\t<div class=\"elementor-button-wrapper\">\n\t\t\t\t\t<a class=\"elementor-button elementor-button-link elementor-size-md\" href=\"https:\/\/repositorio.ufsm.br\/handle\/1\/19693\">\n\t\t\t\t\t\t<span class=\"elementor-button-content-wrapper\">\n\t\t\t\t\t\t\t\t\t<span class=\"elementor-button-text\">No Manancial<\/span>\n\t\t\t\t\t<\/span>\n\t\t\t\t\t<\/a>\n\t\t\t\t<\/div>\n\t\t\t\t\t\t<\/div>\n\t\t\t\t<\/div>\n\t\t\t\t\t<\/div>\n\t\t<\/div>\n\t\t\t\t<div class=\"elementor-column elementor-col-25 elementor-top-column elementor-element elementor-element-7b4e2362\" data-id=\"7b4e2362\" data-element_type=\"column\">\n\t\t\t<div class=\"elementor-widget-wrap\">\n\t\t\t\t\t\t\t<\/div>\n\t\t<\/div>\n\t\t\t\t\t<\/div>\n\t\t<\/section>\n\t\t\t\t<section class=\"elementor-section elementor-top-section elementor-element elementor-element-1ec338df elementor-section-boxed elementor-section-height-default elementor-section-height-default\" data-id=\"1ec338df\" data-element_type=\"section\">\n\t\t\t\t\t\t<div class=\"elementor-container elementor-column-gap-default\">\n\t\t\t\t\t<div class=\"elementor-column elementor-col-100 elementor-top-column elementor-element elementor-element-2bd72a3d\" data-id=\"2bd72a3d\" data-element_type=\"column\">\n\t\t\t<div class=\"elementor-widget-wrap elementor-element-populated\">\n\t\t\t\t\t\t<div class=\"elementor-element elementor-element-60cbac1f elementor-tabs-alignment-stretch elementor-tabs-view-horizontal elementor-widget elementor-widget-tabs\" data-id=\"60cbac1f\" data-element_type=\"widget\" data-settings=\"{&quot;_animation&quot;:&quot;none&quot;}\" data-widget_type=\"tabs.default\">\n\t\t\t\t<div class=\"elementor-widget-container\">\n\t\t\t\t\t<div class=\"elementor-tabs\">\n\t\t\t<div class=\"elementor-tabs-wrapper\" role=\"tablist\" >\n\t\t\t\t\t\t\t\t\t<div id=\"elementor-tab-title-1621\" class=\"elementor-tab-title elementor-tab-desktop-title\" aria-selected=\"true\" data-tab=\"1\" role=\"tab\" tabindex=\"0\" aria-controls=\"elementor-tab-content-1621\" aria-expanded=\"false\">Dados da obra<\/div>\n\t\t\t\t\t\t\t\t\t<div id=\"elementor-tab-title-1622\" class=\"elementor-tab-title elementor-tab-desktop-title\" aria-selected=\"false\" data-tab=\"2\" role=\"tab\" tabindex=\"-1\" aria-controls=\"elementor-tab-content-1622\" aria-expanded=\"false\">Sum\u00e1rio<\/div>\n\t\t\t\t\t\t\t\t\t<div id=\"elementor-tab-title-1623\" class=\"elementor-tab-title elementor-tab-desktop-title\" aria-selected=\"false\" data-tab=\"3\" role=\"tab\" tabindex=\"-1\" aria-controls=\"elementor-tab-content-1623\" aria-expanded=\"false\">Autoria<\/div>\n\t\t\t\t\t\t\t\t\t<div id=\"elementor-tab-title-1624\" class=\"elementor-tab-title elementor-tab-desktop-title\" aria-selected=\"false\" data-tab=\"4\" role=\"tab\" tabindex=\"-1\" aria-controls=\"elementor-tab-content-1624\" aria-expanded=\"false\">Licen\u00e7a Creative Commons<\/div>\n\t\t\t\t\t\t\t<\/div>\n\t\t\t<div class=\"elementor-tabs-content-wrapper\" role=\"tablist\" aria-orientation=\"vertical\">\n\t\t\t\t\t\t\t\t\t<div class=\"elementor-tab-title elementor-tab-mobile-title\" aria-selected=\"true\" data-tab=\"1\" role=\"tab\" tabindex=\"0\" aria-controls=\"elementor-tab-content-1621\" aria-expanded=\"false\">Dados da obra<\/div>\n\t\t\t\t\t<div id=\"elementor-tab-content-1621\" class=\"elementor-tab-content elementor-clearfix\" data-tab=\"1\" role=\"tabpanel\" aria-labelledby=\"elementor-tab-title-1621\" tabindex=\"0\" hidden=\"false\"><p><b>Publica\u00e7\u00e3o:<br \/><\/b>2016 \/ 1\u00aa edi\u00e7\u00e3o<br \/>ISBN: 978-85-8384-73-5<\/p>\n<p><b>Refer\u00eancia:<\/b>\u00a0<br \/><span style=\"font-size: 12pt\"><span style=\"color: #333333\">MI\u00c8GE, Bernard (Org.) et al.\u00a0<\/span><span style=\"color: black;letter-spacing: 0px;background-color: transparent\"><b>Opera\u00e7\u00f5es de midiatiza\u00e7\u00e3o<\/b>: das m\u00e1scaras da converg\u00eancia \u00e0s cr\u00edticas ao tecnodeterminismo<\/span><span style=\"color: #000000;letter-spacing: 0px\">. Santa Maria\/RS: FACOS-UFSM, 2016. 346 p. (Recurso eletr\u00f4nico)<\/span><\/span><\/p><\/div>\n\t\t\t\t\t\t\t\t\t<div class=\"elementor-tab-title elementor-tab-mobile-title\" aria-selected=\"false\" data-tab=\"2\" role=\"tab\" tabindex=\"-1\" aria-controls=\"elementor-tab-content-1622\" aria-expanded=\"false\">Sum\u00e1rio<\/div>\n\t\t\t\t\t<div id=\"elementor-tab-content-1622\" class=\"elementor-tab-content elementor-clearfix\" data-tab=\"2\" role=\"tabpanel\" aria-labelledby=\"elementor-tab-title-1622\" tabindex=\"0\" hidden=\"hidden\"><ul>\n<li>S\u00famario;<\/li>\n<li>Apresenta\u00e7\u00e3o;<\/li>\n<li>Primeira Parte &#8211; das m\u00e1scaras da converg\u00eancia \u00e0s cr\u00edticas ao Tecnodeterminismo (p. 17-162);<\/li>\n<li>Segunda Parte &#8211; leituras e pesquisas emp\u00edricas na interface (p. 163-334);<\/li>\n<li>Autores.<\/li>\n<\/ul><\/div>\n\t\t\t\t\t\t\t\t\t<div class=\"elementor-tab-title elementor-tab-mobile-title\" aria-selected=\"false\" data-tab=\"3\" role=\"tab\" tabindex=\"-1\" aria-controls=\"elementor-tab-content-1623\" aria-expanded=\"false\">Autoria<\/div>\n\t\t\t\t\t<div id=\"elementor-tab-content-1623\" class=\"elementor-tab-content elementor-clearfix\" data-tab=\"3\" role=\"tabpanel\" aria-labelledby=\"elementor-tab-title-1623\" tabindex=\"0\" hidden=\"hidden\"><div style=\"color: #333333;font-family: 'Helvetica Neue', Helvetica, Arial, sans-serif;font-size: 14px\"><span style=\"font-size: 16px;font-family: georgia, palatino, serif;color: #000000\"><b>Organizadores:<\/b><\/span><\/div>\n<div style=\"color: #333333;font-family: 'Helvetica Neue', Helvetica, Arial, sans-serif;font-size: 14px\"><span style=\"font-size: 16px;font-family: georgia, palatino, serif;color: #000000\">Bernard Mi\u00e8ge,<\/span><\/div>\n<div style=\"color: #333333;font-family: 'Helvetica Neue', Helvetica, Arial, sans-serif;font-size: 14px\"><span style=\"font-size: 16px;font-family: georgia, palatino, serif;color: #000000\">Jairo Ferreira,<\/span><\/div>\n<div style=\"color: #333333;font-family: 'Helvetica Neue', Helvetica, Arial, sans-serif;font-size: 14px\"><span style=\"font-size: 16px;font-family: georgia, palatino, serif;color: #000000\">Ant\u00f4nio Fausto Neto,<\/span><\/div>\n<div style=\"color: #333333;font-family: 'Helvetica Neue', Helvetica, Arial, sans-serif;font-size: 14px\"><span style=\"font-size: 16px;font-family: georgia, palatino, serif;color: #000000\">Maria Clara Aquino Bittencourt.<\/span><br \/><span style=\"font-size: 12pt;font-family: georgia, palatino, serif;color: #000000\"><br \/><\/span><\/div>\n<div style=\"color: #333333;font-family: 'Helvetica Neue', Helvetica, Arial, sans-serif;font-size: 14px\"><span style=\"font-size: 12pt;font-family: georgia, palatino, serif;color: #000000\"><b>Autores:<\/b><\/span><\/div>\n<div>Bernard Mi\u00e8ge,<\/div>\n<div>Jairo Ferreira,<\/div>\n<div>Ant\u00f4nio Fausto Neto,<\/div>\n<div>Maria Clara Aquino Bittencourt,<\/div>\n<div>Jo\u00e3o Martins Ladeira,<\/div>\n<div>Michael Abrantes Kerr,<\/div>\n<div>Daniel Pedroso,<\/div>\n<div>Michelli Machado,<\/div>\n<div>Elo\u00edsa Joseane da Cunha,<\/div>\n<div>Nat\u00e1lia de Sousa,<\/div>\n<div>Rosana Cabral Zucolo,<\/div>\n<div>Gilson Piber,<\/div>\n<div>Marcelo Salcedo Gomes,<\/div>\n<div>Tamires Ferreira Co\u00ealho,<\/div>\n<div>Mois\u00e9s Sbardelotto,<\/div>\n<div>Ta\u00eds Seibt.<\/div><\/div>\n\t\t\t\t\t\t\t\t\t<div class=\"elementor-tab-title elementor-tab-mobile-title\" aria-selected=\"false\" data-tab=\"4\" role=\"tab\" tabindex=\"-1\" aria-controls=\"elementor-tab-content-1624\" aria-expanded=\"false\">Licen\u00e7a Creative Commons<\/div>\n\t\t\t\t\t<div id=\"elementor-tab-content-1624\" class=\"elementor-tab-content elementor-clearfix\" data-tab=\"4\" role=\"tabpanel\" aria-labelledby=\"elementor-tab-title-1624\" tabindex=\"0\" hidden=\"hidden\"><p><span style=\"color: #000000;font-size: 16px\">Esta obra est\u00e1 licenciada sob uma Licen\u00e7a Creative\u00a0Commons Atribui\u00e7\u00e3o-N\u00e3oComercial-SemDeriva\u00e7\u00f5es 4.0\u00a0Internacional. Para ver uma c\u00f3pia desta licen\u00e7a, visite:\u00a0<\/span><a style=\"background-color: #ffffff;font-size: 1rem\" href=\"http:\/\/creativecommons.org\/licenses\/by-nc-nd\/4.0\/\" target=\"_blank\" rel=\"noopener\">http:\/\/creativecommons.org\/licenses\/by-nc-nd\/4.0\/<\/a><\/p><\/div>\n\t\t\t\t\t\t\t<\/div>\n\t\t<\/div>\n\t\t\t\t<\/div>\n\t\t\t\t<\/div>\n\t\t\t\t\t<\/div>\n\t\t<\/div>\n\t\t\t\t\t<\/div>\n\t\t<\/section>\n\t\t\t\t<section class=\"elementor-section elementor-top-section elementor-element elementor-element-19ae58c2 elementor-section-boxed elementor-section-height-default elementor-section-height-default\" data-id=\"19ae58c2\" data-element_type=\"section\">\n\t\t\t\t\t\t<div class=\"elementor-container elementor-column-gap-default\">\n\t\t\t\t\t<div class=\"elementor-column elementor-col-100 elementor-top-column elementor-element elementor-element-5bb7dfae\" data-id=\"5bb7dfae\" data-element_type=\"column\">\n\t\t\t<div class=\"elementor-widget-wrap elementor-element-populated\">\n\t\t\t\t\t\t<div class=\"elementor-element elementor-element-5f307d69 elementor-widget elementor-widget-wp-widget-ufsm_noticias_widget\" data-id=\"5f307d69\" data-element_type=\"widget\" data-widget_type=\"wp-widget-ufsm_noticias_widget.default\">\n\t\t\t\t<div class=\"elementor-widget-container\">\n\t\t\t<h5 class='titulo-conteudos'>Publica\u00e7\u00f5es Relacionadas<\/h5><div class='widget-noticias-inside'>\n                        <div class=\"row\">\n                                    <div class=\"col-12 col-lg-12 pb-4\">\n                                        \n                                        \n                    \n                    <a class=\"noticias-widget-title d-block \"  title=\"Territ\u00f3rios conectados pela sororidade\" href=\"https:\/\/www.ufsm.br\/editoras\/facos\/territorios-conectados-pela-sororidade\">\n                                                Territ\u00f3rios conectados pela sororidade                    <\/a>\n                    \n                    \n                                        \n                                        \n                                        <\/div>\n                            <\/div>\n                    <div class=\"row\">\n                                    <div class=\"col-12 col-lg-12 pb-4\">\n                                        \n                                        \n                    \n                    <a class=\"noticias-widget-title d-block \"  title=\"Pesquisa e Desenvolvimento Criativo para divulga\u00e7\u00e3o de Indicadores da Educa\u00e7\u00e3o Superior\" href=\"https:\/\/www.ufsm.br\/editoras\/facos\/pesquisa-e-desenvolvimento-criativo-para-divulgacao-de-indicadores-da-educacao-superior\">\n                                                Pesquisa e Desenvolvimento Criativo para divulga\u00e7\u00e3o de Indicadores da Educa\u00e7\u00e3o Superior                    <\/a>\n                    \n                    \n                                        \n                                        \n                                        <\/div>\n                            <\/div>\n                    <div class=\"row\">\n                                    <div class=\"col-12 col-lg-12 pb-4\">\n                                        \n                                        \n                    \n                    <a class=\"noticias-widget-title d-block \"  title=\"Investigar en plataformas medi\u00e1ticas desde Am\u00e9rica Latina: Um estado de situa\u00e7\u00e3o e uma ferramenta para o di\u00e1logo\" href=\"https:\/\/www.ufsm.br\/editoras\/facos\/investigar-en-plataformas-mediaticas-desde-america-latina-um-estado-de-situacao-e-uma-ferramenta-para-o-dialogo\">\n                                                Investigar en plataformas medi\u00e1ticas desde Am\u00e9rica Latina: Um estado de situa\u00e7\u00e3o e uma ferramenta para o di\u00e1logo                    <\/a>\n                    \n                    \n                                        \n                                        \n                                        <\/div>\n                            <\/div>\n                    <div class=\"row\">\n                                    <div class=\"col-12 col-lg-12 pb-4\">\n                                        \n                                        \n                    \n                    <a class=\"noticias-widget-title d-block \"  title=\"Publicidade contempor\u00e2nea: pensamentos brasileiros &#8211; vol. 2\" href=\"https:\/\/www.ufsm.br\/editoras\/facos\/publicidade-contemporanea-pensamentos-brasileiros-vol-2\">\n                                                Publicidade contempor\u00e2nea: pensamentos brasileiros &#8211; vol. 2                    <\/a>\n                    \n                    \n                                        \n                                        \n                                        <\/div>\n                            <\/div>\n                    <div class=\"row\">\n                                    <div class=\"col-12 col-lg-12 pb-4\">\n                                        \n                                        \n                    \n                    <a class=\"noticias-widget-title d-block \"  title=\"Identidades &amp; territ\u00f3rios: cultura, comunica\u00e7\u00e3o e desenvolvimento\" href=\"https:\/\/www.ufsm.br\/editoras\/facos\/identidades-territorios-cultura-comunicacao-e-desenvolvimento\">\n                                                Identidades &amp; territ\u00f3rios: cultura, comunica\u00e7\u00e3o e desenvolvimento                    <\/a>\n                    \n                    \n                                        \n                                        \n                                        <\/div>\n                            <\/div>\n            <\/div>\n\t\t<\/div>\n\t\t\t\t<\/div>\n\t\t\t\t\t<\/div>\n\t\t<\/div>\n\t\t\t\t\t<\/div>\n\t\t<\/section>\n\t\t\t\t<\/div>\n\t\t","protected":false},"excerpt":{"rendered":"<p>Opera\u00e7\u00f5es de midiatiza\u00e7\u00e3o: das m\u00e1scaras da converg\u00eancia \u00e0s cr\u00edticas ao tecnodeterminismo Bernard Mi\u00e8ge, Jairo Ferreira, Ant\u00f4nio Fausto Neto e Maria Clara Aquino Bittencourt (organizadores) O livro \u00e9 um dos resultados do semin\u00e1rio realizado com Bernard Mi\u00e8ge, no Programa de P\u00f3s-Gradua\u00e7\u00e3o em Ci\u00eancias da Comunica\u00e7\u00e3o da Unisinos, intitulado &#8220;Enraizamento Social das TICs&#8221;, numa iniciativa do Grupo [&hellip;]<\/p>\n","protected":false},"author":68,"featured_media":139,"parent":0,"menu_order":0,"comment_status":"closed","ping_status":"closed","template":"","meta":{"footnotes":""},"categories":[24,137],"tags":[48,65,62,22,71,64,69,70],"class_list":["post-100","page","type-page","status-publish","has-post-thumbnail","hentry","category-comunicacao","category-midia","tag-comunicacao","tag-comunicacao-digital","tag-comunicacao-social","tag-ebook","tag-midia","tag-midiatizacao","tag-processos-midiaticos","tag-tecnologias-digitais"],"acf":[],"_links":{"self":[{"href":"https:\/\/www.ufsm.br\/editoras\/facos\/wp-json\/wp\/v2\/pages\/100","targetHints":{"allow":["GET"]}}],"collection":[{"href":"https:\/\/www.ufsm.br\/editoras\/facos\/wp-json\/wp\/v2\/pages"}],"about":[{"href":"https:\/\/www.ufsm.br\/editoras\/facos\/wp-json\/wp\/v2\/types\/page"}],"author":[{"embeddable":true,"href":"https:\/\/www.ufsm.br\/editoras\/facos\/wp-json\/wp\/v2\/users\/68"}],"replies":[{"embeddable":true,"href":"https:\/\/www.ufsm.br\/editoras\/facos\/wp-json\/wp\/v2\/comments?post=100"}],"version-history":[{"count":0,"href":"https:\/\/www.ufsm.br\/editoras\/facos\/wp-json\/wp\/v2\/pages\/100\/revisions"}],"wp:featuredmedia":[{"embeddable":true,"href":"https:\/\/www.ufsm.br\/editoras\/facos\/wp-json\/wp\/v2\/media\/139"}],"wp:attachment":[{"href":"https:\/\/www.ufsm.br\/editoras\/facos\/wp-json\/wp\/v2\/media?parent=100"}],"wp:term":[{"taxonomy":"category","embeddable":true,"href":"https:\/\/www.ufsm.br\/editoras\/facos\/wp-json\/wp\/v2\/categories?post=100"},{"taxonomy":"post_tag","embeddable":true,"href":"https:\/\/www.ufsm.br\/editoras\/facos\/wp-json\/wp\/v2\/tags?post=100"}],"curies":[{"name":"wp","href":"https:\/\/api.w.org\/{rel}","templated":true}]}}