{"id":101,"date":"2020-10-19T18:48:39","date_gmt":"2020-10-19T21:48:39","guid":{"rendered":"https:\/\/www.ufsm.br\/editoras\/facos\/?page_id=101"},"modified":"2021-06-17T14:59:34","modified_gmt":"2021-06-17T17:59:34","slug":"redes-digitais","status":"publish","type":"page","link":"https:\/\/www.ufsm.br\/editoras\/facos\/redes-digitais","title":{"rendered":"Redes digitais: um mundo para os amadores. Novas rela\u00e7\u00f5es entre mediadores, media\u00e7\u00f5es e midiatiza\u00e7\u00f5es"},"content":{"rendered":"\t\t<div data-elementor-type=\"wp-page\" data-elementor-id=\"101\" class=\"elementor elementor-101\">\n\t\t\t\t\t\t<section class=\"elementor-section elementor-top-section elementor-element elementor-element-7bb496aa elementor-section-boxed elementor-section-height-default elementor-section-height-default\" data-id=\"7bb496aa\" data-element_type=\"section\">\n\t\t\t\t\t\t<div class=\"elementor-container elementor-column-gap-default\">\n\t\t\t\t\t<div class=\"elementor-column elementor-col-100 elementor-top-column elementor-element elementor-element-1dbc54fe\" data-id=\"1dbc54fe\" data-element_type=\"column\">\n\t\t\t<div class=\"elementor-widget-wrap elementor-element-populated\">\n\t\t\t\t\t\t<div class=\"elementor-element elementor-element-4b76a22 elementor-widget elementor-widget-text-editor\" data-id=\"4b76a22\" data-element_type=\"widget\" data-widget_type=\"text-editor.default\">\n\t\t\t\t<div class=\"elementor-widget-container\">\n\t\t\t\t\t\t\t<h1><span style=\"font-size: 2.5rem;background-color: transparent;color: black\">Redes digitais: um mundo para os amadores. Novas rela\u00e7\u00f5es entre mediadores, media\u00e7\u00f5es e midiatiza\u00e7\u00f5es<\/span><\/h1>\n<h6>Patrice Flichy, Jairo Ferreira e Adriana Amaral (organizadores)<\/h6>\t\t\t\t\t\t<\/div>\n\t\t\t\t<\/div>\n\t\t\t\t<section class=\"elementor-section elementor-inner-section elementor-element elementor-element-504e7c56 elementor-hidden-tablet elementor-section-boxed elementor-section-height-default elementor-section-height-default\" data-id=\"504e7c56\" data-element_type=\"section\">\n\t\t\t\t\t\t<div class=\"elementor-container elementor-column-gap-default\">\n\t\t\t\t\t<div class=\"elementor-column elementor-col-50 elementor-inner-column elementor-element elementor-element-4a7cb405\" data-id=\"4a7cb405\" data-element_type=\"column\">\n\t\t\t<div class=\"elementor-widget-wrap elementor-element-populated\">\n\t\t\t\t\t\t<div class=\"elementor-element elementor-element-e678127 elementor-widget elementor-widget-text-editor\" data-id=\"e678127\" data-element_type=\"widget\" data-widget_type=\"text-editor.default\">\n\t\t\t\t<div class=\"elementor-widget-container\">\n\t\t\t\t\t\t\t<figure id=\"attachment_48\" aria-describedby=\"caption-attachment-48\" style=\"width: 201px\" class=\"wp-caption aligncenter\"><img fetchpriority=\"high\" decoding=\"async\" class=\"size-medium wp-image-48\" src=\"https:\/\/www.ufsm.br\/app\/uploads\/sites\/746\/2019\/09\/Redes_Digitais-201x300.jpg\" alt=\"Redes digitais: um mundo para os amadores. Novas rela\u00e7\u00f5es entre mediadores, media\u00e7\u00f5es e midiatiza\u00e7\u00f5es\" width=\"201\" height=\"300\" srcset=\"https:\/\/www.ufsm.br\/app\/uploads\/sites\/746\/2019\/09\/Redes_Digitais-201x300.jpg 201w, https:\/\/www.ufsm.br\/app\/uploads\/sites\/746\/2019\/09\/Redes_Digitais.jpg 392w\" sizes=\"(max-width: 201px) 100vw, 201px\" \/><figcaption id=\"caption-attachment-48\" class=\"wp-caption-text\">Redes digitais: um mundo para os amadores. Novas rela\u00e7\u00f5es entre mediadores, media\u00e7\u00f5es e midiatiza\u00e7\u00f5es<\/figcaption><\/figure>\t\t\t\t\t\t<\/div>\n\t\t\t\t<\/div>\n\t\t\t\t\t<\/div>\n\t\t<\/div>\n\t\t\t\t<div class=\"elementor-column elementor-col-50 elementor-inner-column elementor-element elementor-element-3f0cd155\" data-id=\"3f0cd155\" data-element_type=\"column\">\n\t\t\t<div class=\"elementor-widget-wrap elementor-element-populated\">\n\t\t\t\t\t\t<div class=\"elementor-element elementor-element-52d9a43c elementor-widget elementor-widget-text-editor\" data-id=\"52d9a43c\" data-element_type=\"widget\" data-widget_type=\"text-editor.default\">\n\t\t\t\t<div class=\"elementor-widget-container\">\n\t\t\t\t\t\t\t<p>O livro \u00e9 um dos resultados do semin\u00e1rio realizado com Patrice Flichy, no Programa de P\u00f3s-Gradua\u00e7\u00e3o em Ci\u00eancias da Comunica\u00e7\u00e3o da Unisinos, intitulado Os amadores no mundo digital: ruma a uma nova democracia das compet\u00eancias, numa iniciativa do Grupo de Pesquisa em Midiatiza\u00e7\u00e3o e Processos Sociais e Epistecom. O semin\u00e1rio se realizou no \u00e2mbito do projeto Midiatiza\u00e7\u00e3o e Tecnologias Digitais\/Escola de Altos Estudos\/CAPES e foi apresentado em torno de tr\u00eas eixos: o imagin\u00e1rio tecnol\u00f3gico contempor\u00e2neo; o indiv\u00edduo em busca de sua identidade; e as pr\u00e1ticas culturais dos amadores. Este livro aborda, te\u00f3rica e empiricamente, os tr\u00eas eixos, numa diversidade que transita pelo indiv\u00edduo, as institui\u00e7\u00f5es, as tecnologias e os meios. Ele \u00e9 um dos tr\u00eas que comp\u00f5em a s\u00e9rie relativa aos semin\u00e1rios desenvolvidos no projeto, que teve tamb\u00e9m participa\u00e7\u00e3o de Bernard Mi\u00e8ge e Serge Prouxl.<\/p>\t\t\t\t\t\t<\/div>\n\t\t\t\t<\/div>\n\t\t\t\t\t<\/div>\n\t\t<\/div>\n\t\t\t\t\t<\/div>\n\t\t<\/section>\n\t\t\t\t<div class=\"elementor-element elementor-element-af3db99 elementor-hidden-desktop elementor-hidden-phone elementor-widget elementor-widget-text-editor\" data-id=\"af3db99\" data-element_type=\"widget\" data-widget_type=\"text-editor.default\">\n\t\t\t\t<div class=\"elementor-widget-container\">\n\t\t\t\t\t\t\t<figure id=\"attachment_48\" aria-describedby=\"caption-attachment-48\" style=\"width: 201px\" class=\"wp-caption alignleft\"><img fetchpriority=\"high\" decoding=\"async\" class=\"size-medium wp-image-48\" src=\"https:\/\/www.ufsm.br\/app\/uploads\/sites\/746\/2019\/09\/Redes_Digitais-201x300.jpg\" alt=\"Redes digitais: um mundo para os amadores. Novas rela\u00e7\u00f5es entre mediadores, media\u00e7\u00f5es e midiatiza\u00e7\u00f5es\" width=\"201\" height=\"300\" srcset=\"https:\/\/www.ufsm.br\/app\/uploads\/sites\/746\/2019\/09\/Redes_Digitais-201x300.jpg 201w, https:\/\/www.ufsm.br\/app\/uploads\/sites\/746\/2019\/09\/Redes_Digitais.jpg 392w\" sizes=\"(max-width: 201px) 100vw, 201px\" \/><figcaption id=\"caption-attachment-48\" class=\"wp-caption-text\">Redes digitais: um mundo para os amadores. Novas rela\u00e7\u00f5es entre mediadores, media\u00e7\u00f5es e midiatiza\u00e7\u00f5es<\/figcaption><\/figure>\n<p>O livro \u00e9 um dos resultados do semin\u00e1rio realizado com Patrice Flichy, no Programa de P\u00f3s-Gradua\u00e7\u00e3o em Ci\u00eancias da Comunica\u00e7\u00e3o da Unisinos, intitulado Os amadores no mundo digital: ruma a uma nova democracia das compet\u00eancias, numa iniciativa do Grupo de Pesquisa em Midiatiza\u00e7\u00e3o e Processos Sociais e Epistecom. O semin\u00e1rio se realizou no \u00e2mbito do projeto Midiatiza\u00e7\u00e3o e Tecnologias Digitais\/Escola de Altos Estudos\/CAPES e foi apresentado em torno de tr\u00eas eixos: o imagin\u00e1rio tecnol\u00f3gico contempor\u00e2neo; o indiv\u00edduo em busca de sua identidade; e as pr\u00e1ticas culturais dos amadores. Este livro aborda, te\u00f3rica e empiricamente, os tr\u00eas eixos, numa diversidade que transita pelo indiv\u00edduo, as institui\u00e7\u00f5es, as tecnologias e os meios. Ele \u00e9 um dos tr\u00eas que comp\u00f5em a s\u00e9rie relativa aos semin\u00e1rios desenvolvidos no projeto, que teve tamb\u00e9m participa\u00e7\u00e3o de Bernard Mi\u00e8ge e Serge Prouxl.<\/p>\t\t\t\t\t\t<\/div>\n\t\t\t\t<\/div>\n\t\t\t\t<div class=\"elementor-element elementor-element-ac726a9 elementor-widget elementor-widget-heading\" data-id=\"ac726a9\" data-element_type=\"widget\" data-widget_type=\"heading.default\">\n\t\t\t\t<div class=\"elementor-widget-container\">\n\t\t\t<h4 class=\"elementor-heading-title elementor-size-default\">Acesso \u00e0 obra<\/h4>\t\t<\/div>\n\t\t\t\t<\/div>\n\t\t\t\t\t<\/div>\n\t\t<\/div>\n\t\t\t\t\t<\/div>\n\t\t<\/section>\n\t\t\t\t<section class=\"elementor-section elementor-top-section elementor-element elementor-element-165d3ef3 elementor-section-boxed elementor-section-height-default elementor-section-height-default\" data-id=\"165d3ef3\" data-element_type=\"section\">\n\t\t\t\t\t\t<div class=\"elementor-container elementor-column-gap-default\">\n\t\t\t\t\t<div class=\"elementor-column elementor-col-25 elementor-top-column elementor-element elementor-element-4db525f7\" data-id=\"4db525f7\" data-element_type=\"column\">\n\t\t\t<div class=\"elementor-widget-wrap\">\n\t\t\t\t\t\t\t<\/div>\n\t\t<\/div>\n\t\t\t\t<div class=\"elementor-column elementor-col-25 elementor-top-column elementor-element elementor-element-544ab614\" data-id=\"544ab614\" data-element_type=\"column\">\n\t\t\t<div class=\"elementor-widget-wrap elementor-element-populated\">\n\t\t\t\t\t\t<div class=\"elementor-element elementor-element-389210d2 elementor-align-center elementor-widget elementor-widget-button\" data-id=\"389210d2\" data-element_type=\"widget\" data-widget_type=\"button.default\">\n\t\t\t\t<div class=\"elementor-widget-container\">\n\t\t\t\t\t\t\t<div class=\"elementor-button-wrapper\">\n\t\t\t\t\t<a class=\"elementor-button elementor-button-link elementor-size-md\" href=\"https:\/\/repositorio.ufsm.br\/bitstream\/handle\/1\/19694\/redesdigitaisummundoparaamadores.pdf?sequence=1&#038;isAllowed=y\">\n\t\t\t\t\t\t<span class=\"elementor-button-content-wrapper\">\n\t\t\t\t\t\t\t\t\t<span class=\"elementor-button-text\">Vers\u00e3o PDF<\/span>\n\t\t\t\t\t<\/span>\n\t\t\t\t\t<\/a>\n\t\t\t\t<\/div>\n\t\t\t\t\t\t<\/div>\n\t\t\t\t<\/div>\n\t\t\t\t\t<\/div>\n\t\t<\/div>\n\t\t\t\t<div class=\"elementor-column elementor-col-25 elementor-top-column elementor-element elementor-element-116c1ead\" data-id=\"116c1ead\" data-element_type=\"column\">\n\t\t\t<div class=\"elementor-widget-wrap elementor-element-populated\">\n\t\t\t\t\t\t<div class=\"elementor-element elementor-element-7293ca02 elementor-align-center elementor-widget elementor-widget-button\" data-id=\"7293ca02\" data-element_type=\"widget\" data-widget_type=\"button.default\">\n\t\t\t\t<div class=\"elementor-widget-container\">\n\t\t\t\t\t\t\t<div class=\"elementor-button-wrapper\">\n\t\t\t\t\t<a class=\"elementor-button elementor-button-link elementor-size-md\" href=\"https:\/\/repositorio.ufsm.br\/handle\/1\/19694\">\n\t\t\t\t\t\t<span class=\"elementor-button-content-wrapper\">\n\t\t\t\t\t\t\t\t\t<span class=\"elementor-button-text\">No Manancial<\/span>\n\t\t\t\t\t<\/span>\n\t\t\t\t\t<\/a>\n\t\t\t\t<\/div>\n\t\t\t\t\t\t<\/div>\n\t\t\t\t<\/div>\n\t\t\t\t\t<\/div>\n\t\t<\/div>\n\t\t\t\t<div class=\"elementor-column elementor-col-25 elementor-top-column elementor-element elementor-element-6ac45da3\" data-id=\"6ac45da3\" data-element_type=\"column\">\n\t\t\t<div class=\"elementor-widget-wrap\">\n\t\t\t\t\t\t\t<\/div>\n\t\t<\/div>\n\t\t\t\t\t<\/div>\n\t\t<\/section>\n\t\t\t\t<section class=\"elementor-section elementor-top-section elementor-element elementor-element-5a91fb81 elementor-section-boxed elementor-section-height-default elementor-section-height-default\" data-id=\"5a91fb81\" data-element_type=\"section\">\n\t\t\t\t\t\t<div class=\"elementor-container elementor-column-gap-default\">\n\t\t\t\t\t<div class=\"elementor-column elementor-col-100 elementor-top-column elementor-element elementor-element-71f0d84e\" data-id=\"71f0d84e\" data-element_type=\"column\">\n\t\t\t<div class=\"elementor-widget-wrap elementor-element-populated\">\n\t\t\t\t\t\t<div class=\"elementor-element elementor-element-116ad4fd elementor-tabs-alignment-stretch elementor-tabs-view-horizontal elementor-widget elementor-widget-tabs\" data-id=\"116ad4fd\" data-element_type=\"widget\" data-settings=\"{&quot;_animation&quot;:&quot;none&quot;}\" data-widget_type=\"tabs.default\">\n\t\t\t\t<div class=\"elementor-widget-container\">\n\t\t\t\t\t<div class=\"elementor-tabs\">\n\t\t\t<div class=\"elementor-tabs-wrapper\" role=\"tablist\" >\n\t\t\t\t\t\t\t\t\t<div id=\"elementor-tab-title-2921\" class=\"elementor-tab-title elementor-tab-desktop-title\" aria-selected=\"true\" data-tab=\"1\" role=\"tab\" tabindex=\"0\" aria-controls=\"elementor-tab-content-2921\" aria-expanded=\"false\">Dados da obra<\/div>\n\t\t\t\t\t\t\t\t\t<div id=\"elementor-tab-title-2922\" class=\"elementor-tab-title elementor-tab-desktop-title\" aria-selected=\"false\" data-tab=\"2\" role=\"tab\" tabindex=\"-1\" aria-controls=\"elementor-tab-content-2922\" aria-expanded=\"false\">Sum\u00e1rio<\/div>\n\t\t\t\t\t\t\t\t\t<div id=\"elementor-tab-title-2923\" class=\"elementor-tab-title elementor-tab-desktop-title\" aria-selected=\"false\" data-tab=\"3\" role=\"tab\" tabindex=\"-1\" aria-controls=\"elementor-tab-content-2923\" aria-expanded=\"false\">Autoria<\/div>\n\t\t\t\t\t\t\t\t\t<div id=\"elementor-tab-title-2924\" class=\"elementor-tab-title elementor-tab-desktop-title\" aria-selected=\"false\" data-tab=\"4\" role=\"tab\" tabindex=\"-1\" aria-controls=\"elementor-tab-content-2924\" aria-expanded=\"false\">Licen\u00e7a Creative Commons<\/div>\n\t\t\t\t\t\t\t<\/div>\n\t\t\t<div class=\"elementor-tabs-content-wrapper\" role=\"tablist\" aria-orientation=\"vertical\">\n\t\t\t\t\t\t\t\t\t<div class=\"elementor-tab-title elementor-tab-mobile-title\" aria-selected=\"true\" data-tab=\"1\" role=\"tab\" tabindex=\"0\" aria-controls=\"elementor-tab-content-2921\" aria-expanded=\"false\">Dados da obra<\/div>\n\t\t\t\t\t<div id=\"elementor-tab-content-2921\" class=\"elementor-tab-content elementor-clearfix\" data-tab=\"1\" role=\"tabpanel\" aria-labelledby=\"elementor-tab-title-2921\" tabindex=\"0\" hidden=\"false\"><p><b>Publica\u00e7\u00e3o:<br><\/b>2016 \/ 1\u00aa edi\u00e7\u00e3o<br>ISBN: 978-85-8384-045-9<\/p>\n<p><b>Refer\u00eancia:<\/b>&nbsp;<br><span style=\"color: #333333\">FLICHY, P.; FERREIRA, J.; AMARAL, A. (Org.). <strong>Redes digitais<\/strong>: um mundo para os amadores. Novas rela\u00e7\u00f5es entre mediadores, media\u00e7\u00f5es e midiatiza\u00e7\u00f5es. Santa Maria: FACOS-UFSM, 2016. 284 p. (Recurso eletr\u00f4nico)<\/span><\/p><\/div>\n\t\t\t\t\t\t\t\t\t<div class=\"elementor-tab-title elementor-tab-mobile-title\" aria-selected=\"false\" data-tab=\"2\" role=\"tab\" tabindex=\"-1\" aria-controls=\"elementor-tab-content-2922\" aria-expanded=\"false\">Sum\u00e1rio<\/div>\n\t\t\t\t\t<div id=\"elementor-tab-content-2922\" class=\"elementor-tab-content elementor-clearfix\" data-tab=\"2\" role=\"tabpanel\" aria-labelledby=\"elementor-tab-title-2922\" tabindex=\"0\" hidden=\"hidden\"><ul>\n<li>Apresenta\u00e7\u00e3o &#8211; espa\u00e7o amador em redes: novos meios, novas ambi\u00eancias;<\/li>\n<li>Internet, um mundo para os amadores;<\/li>\n<li>Os estudos de f\u00e3s no Brasil na \u00e1rea da Comunica\u00e7\u00e3o a partir da Comp\u00f3s e da Intercom no contexto da cibercultura (2000-2014);<\/li>\n<li>A extimidade em blogs: nova forma de inteligibilidade, entre a participa\u00e7\u00e3o e as regula\u00e7\u00f5es (ou, a ambi\u00eancia emocional como saber transformador dos corpos em casos de c\u00e2ncer);<\/li>\n<li>&#8220;Eu digital&#8221;: identidade e audiovisualidades na web;<\/li>\n<li>Garotas gamers: p\u00e1ginas do Facebook e quest\u00f5es de g\u00eanero na cultura dos jogos digitais;<\/li>\n<li>Pr\u00e1ticas re-criativas: um estudo sobre f\u00e3s de Harry Potter e as tics;<\/li>\n<li>Da utopia \u00e0 realiza\u00e7\u00e3o de projetos: o\u00a0<em>crowdfunding<\/em> como aliado dos amadores;<\/li>\n<li>O imagin\u00e1rio tecnocultural e as resist\u00eancias midiatizadas: a utopia de uma democracia digital;<\/li>\n<li><em>User-generated content<\/em> como estrat\u00e9gia na ind\u00fastria de jogos digitais: a experi\u00eancia do jogo Arma 3;<\/li>\n<li>Crise da media\u00e7\u00e3o jornal\u00edstica: o lugar do amador na constru\u00e7\u00e3o de sentidos em torno da morte de Mandela no Twitter;<\/li>\n<li>O &#8220;leigo-amador&#8221; no contexto da midiatiza\u00e7\u00e3o digital e a circula\u00e7\u00e3o do &#8220;religioso&#8221; na internet;<\/li>\n<li>Amadores evang\u00e9licos neopentecostais e a alma do neg\u00f3cio;<\/li>\n<li>Autores.<\/li>\n<\/ul><\/div>\n\t\t\t\t\t\t\t\t\t<div class=\"elementor-tab-title elementor-tab-mobile-title\" aria-selected=\"false\" data-tab=\"3\" role=\"tab\" tabindex=\"-1\" aria-controls=\"elementor-tab-content-2923\" aria-expanded=\"false\">Autoria<\/div>\n\t\t\t\t\t<div id=\"elementor-tab-content-2923\" class=\"elementor-tab-content elementor-clearfix\" data-tab=\"3\" role=\"tabpanel\" aria-labelledby=\"elementor-tab-title-2923\" tabindex=\"0\" hidden=\"hidden\"><div style=\"color: #333333;font-family: 'Helvetica Neue', Helvetica, Arial, sans-serif;font-size: 14px\"><span style=\"font-size: 12pt;font-family: georgia, palatino, serif;color: #000000\"><b>Organizadores:<\/b><\/span><\/div>\n<div style=\"color: #333333;font-family: 'Helvetica Neue', Helvetica, Arial, sans-serif;font-size: 14px\"><span style=\"font-size: 12pt;font-family: georgia, palatino, serif;color: #000000\">Patrice Flichy,<\/span><\/div>\n<div style=\"color: #333333;font-family: 'Helvetica Neue', Helvetica, Arial, sans-serif;font-size: 14px\"><span style=\"font-size: 12pt;font-family: georgia, palatino, serif;color: #000000\">Jairo Ferreira,<\/span><\/div>\n<div style=\"color: #333333;font-family: 'Helvetica Neue', Helvetica, Arial, sans-serif;font-size: 14px\"><span style=\"font-size: 12pt;font-family: georgia, palatino, serif;color: #000000\">Adriana Amaral.<\/span><\/div>\n<div style=\"color: #333333;font-family: 'Helvetica Neue', Helvetica, Arial, sans-serif;font-size: 14px\"><span style=\"font-size: 12pt;font-family: georgia, palatino, serif;color: #000000\">\u00a0<\/span><\/div>\n<div style=\"color: #333333;font-family: 'Helvetica Neue', Helvetica, Arial, sans-serif;font-size: 14px\"><span style=\"font-family: georgia, palatino, serif;font-size: 12pt;color: #000000\"><b>Autores:<\/b><\/span><\/div>\n<div style=\"color: #333333;font-family: 'Helvetica Neue', Helvetica, Arial, sans-serif;font-size: 14px\"><span style=\"font-family: georgia, palatino, serif;font-size: 12pt;color: #000000\">Adriana Amaral,<\/span><\/div>\n<div><span style=\"color: #000000\">Alexandre Dresch Band<\/span>eira,<\/div>\n<div>Bianca Britz de Lima,<\/div>\n<div>Edu Fernandes Lima Jacques Filho,<\/div>\n<div>Giovana Santana Carlos,<\/div>\n<div>Jairo Ferreira,<\/div>\n<div>Marcelo Salcedo Gomes,<\/div>\n<div>Maria Devanir Freitas Rodrigues Heberl\u00ea,<\/div>\n<div>Micael Vier Behs,<\/div>\n<div>Mois\u00e9s Sbardelotto,<\/div>\n<div>Patrice Flichy,<\/div>\n<div>Ricardo de Jesus Machado,<\/div>\n<div>Rodrigo Oliveira de Oliveira,<\/div>\n<div>Vivian Maria Corneti de Lima.<\/div><\/div>\n\t\t\t\t\t\t\t\t\t<div class=\"elementor-tab-title elementor-tab-mobile-title\" aria-selected=\"false\" data-tab=\"4\" role=\"tab\" tabindex=\"-1\" aria-controls=\"elementor-tab-content-2924\" aria-expanded=\"false\">Licen\u00e7a Creative Commons<\/div>\n\t\t\t\t\t<div id=\"elementor-tab-content-2924\" class=\"elementor-tab-content elementor-clearfix\" data-tab=\"4\" role=\"tabpanel\" aria-labelledby=\"elementor-tab-title-2924\" tabindex=\"0\" hidden=\"hidden\"><p><span style=\"color: #000000;font-size: 16px\">Esta obra est\u00e1 licenciada sob uma Licen\u00e7a Creative\u00a0Commons Atribui\u00e7\u00e3o-N\u00e3oComercial-SemDeriva\u00e7\u00f5es 4.0\u00a0Internacional. Para ver uma c\u00f3pia desta licen\u00e7a, visite:\u00a0<\/span><a style=\"background-color: #ffffff;font-size: 1rem\" href=\"http:\/\/creativecommons.org\/licenses\/by-nc-nd\/4.0\/\" target=\"_blank\" rel=\"noopener\">http:\/\/creativecommons.org\/licenses\/by-nc-nd\/4.0\/<\/a><\/p><\/div>\n\t\t\t\t\t\t\t<\/div>\n\t\t<\/div>\n\t\t\t\t<\/div>\n\t\t\t\t<\/div>\n\t\t\t\t\t<\/div>\n\t\t<\/div>\n\t\t\t\t\t<\/div>\n\t\t<\/section>\n\t\t\t\t<section class=\"elementor-section elementor-top-section elementor-element elementor-element-3ea3272f elementor-section-boxed elementor-section-height-default elementor-section-height-default\" data-id=\"3ea3272f\" data-element_type=\"section\">\n\t\t\t\t\t\t<div class=\"elementor-container elementor-column-gap-default\">\n\t\t\t\t\t<div class=\"elementor-column elementor-col-100 elementor-top-column elementor-element elementor-element-b0fb91\" data-id=\"b0fb91\" data-element_type=\"column\">\n\t\t\t<div class=\"elementor-widget-wrap elementor-element-populated\">\n\t\t\t\t\t\t<div class=\"elementor-element elementor-element-26554f4d elementor-widget elementor-widget-wp-widget-ufsm_noticias_widget\" data-id=\"26554f4d\" data-element_type=\"widget\" data-widget_type=\"wp-widget-ufsm_noticias_widget.default\">\n\t\t\t\t<div class=\"elementor-widget-container\">\n\t\t\t<h5 class='titulo-conteudos'>Publica\u00e7\u00f5es Relacionadas<\/h5><div class='widget-noticias-inside'>\n                        <div class=\"row\">\n                                    <div class=\"col-12 col-lg-12 pb-4\">\n                                        \n                                        \n                    \n                    <a class=\"noticias-widget-title d-block \"  title=\"Territ\u00f3rios conectados pela sororidade\" href=\"https:\/\/www.ufsm.br\/editoras\/facos\/territorios-conectados-pela-sororidade\">\n                                                Territ\u00f3rios conectados pela sororidade                    <\/a>\n                    \n                    \n                                        \n                                        \n                                        <\/div>\n                            <\/div>\n                    <div class=\"row\">\n                                    <div class=\"col-12 col-lg-12 pb-4\">\n                                        \n                                        \n                    \n                    <a class=\"noticias-widget-title d-block \"  title=\"Pesquisa e Desenvolvimento Criativo para divulga\u00e7\u00e3o de Indicadores da Educa\u00e7\u00e3o Superior\" href=\"https:\/\/www.ufsm.br\/editoras\/facos\/pesquisa-e-desenvolvimento-criativo-para-divulgacao-de-indicadores-da-educacao-superior\">\n                                                Pesquisa e Desenvolvimento Criativo para divulga\u00e7\u00e3o de Indicadores da Educa\u00e7\u00e3o Superior                    <\/a>\n                    \n                    \n                                        \n                                        \n                                        <\/div>\n                            <\/div>\n                    <div class=\"row\">\n                                    <div class=\"col-12 col-lg-12 pb-4\">\n                                        \n                                        \n                    \n                    <a class=\"noticias-widget-title d-block \"  title=\"Investigar en plataformas medi\u00e1ticas desde Am\u00e9rica Latina: Um estado de situa\u00e7\u00e3o e uma ferramenta para o di\u00e1logo\" href=\"https:\/\/www.ufsm.br\/editoras\/facos\/investigar-en-plataformas-mediaticas-desde-america-latina-um-estado-de-situacao-e-uma-ferramenta-para-o-dialogo\">\n                                                Investigar en plataformas medi\u00e1ticas desde Am\u00e9rica Latina: Um estado de situa\u00e7\u00e3o e uma ferramenta para o di\u00e1logo                    <\/a>\n                    \n                    \n                                        \n                                        \n                                        <\/div>\n                            <\/div>\n                    <div class=\"row\">\n                                    <div class=\"col-12 col-lg-12 pb-4\">\n                                        \n                                        \n                    \n                    <a class=\"noticias-widget-title d-block \"  title=\"Publicidade contempor\u00e2nea: pensamentos brasileiros &#8211; vol. 2\" href=\"https:\/\/www.ufsm.br\/editoras\/facos\/publicidade-contemporanea-pensamentos-brasileiros-vol-2\">\n                                                Publicidade contempor\u00e2nea: pensamentos brasileiros &#8211; vol. 2                    <\/a>\n                    \n                    \n                                        \n                                        \n                                        <\/div>\n                            <\/div>\n                    <div class=\"row\">\n                                    <div class=\"col-12 col-lg-12 pb-4\">\n                                        \n                                        \n                    \n                    <a class=\"noticias-widget-title d-block \"  title=\"Identidades &amp; territ\u00f3rios: cultura, comunica\u00e7\u00e3o e desenvolvimento\" href=\"https:\/\/www.ufsm.br\/editoras\/facos\/identidades-territorios-cultura-comunicacao-e-desenvolvimento\">\n                                                Identidades &amp; territ\u00f3rios: cultura, comunica\u00e7\u00e3o e desenvolvimento                    <\/a>\n                    \n                    \n                                        \n                                        \n                                        <\/div>\n                            <\/div>\n            <\/div>\n\t\t<\/div>\n\t\t\t\t<\/div>\n\t\t\t\t\t<\/div>\n\t\t<\/div>\n\t\t\t\t\t<\/div>\n\t\t<\/section>\n\t\t\t\t<\/div>\n\t\t","protected":false},"excerpt":{"rendered":"<p>Redes digitais: um mundo para os amadores. Novas rela\u00e7\u00f5es entre mediadores, media\u00e7\u00f5es e midiatiza\u00e7\u00f5es Patrice Flichy, Jairo Ferreira e Adriana Amaral (organizadores) O livro \u00e9 um dos resultados do semin\u00e1rio realizado com Patrice Flichy, no Programa de P\u00f3s-Gradua\u00e7\u00e3o em Ci\u00eancias da Comunica\u00e7\u00e3o da Unisinos, intitulado Os amadores no mundo digital: ruma a uma nova democracia [&hellip;]<\/p>\n","protected":false},"author":68,"featured_media":148,"parent":0,"menu_order":0,"comment_status":"closed","ping_status":"closed","template":"","meta":{"footnotes":""},"categories":[24,137],"tags":[48,65,62,22,68,67,64,69,63,66],"class_list":["post-101","page","type-page","status-publish","has-post-thumbnail","hentry","category-comunicacao","category-midia","tag-comunicacao","tag-comunicacao-digital","tag-comunicacao-social","tag-ebook","tag-mediacoes","tag-mediadores","tag-midiatizacao","tag-processos-midiaticos","tag-redes-de-informacao","tag-redes-digitais"],"acf":[],"_links":{"self":[{"href":"https:\/\/www.ufsm.br\/editoras\/facos\/wp-json\/wp\/v2\/pages\/101","targetHints":{"allow":["GET"]}}],"collection":[{"href":"https:\/\/www.ufsm.br\/editoras\/facos\/wp-json\/wp\/v2\/pages"}],"about":[{"href":"https:\/\/www.ufsm.br\/editoras\/facos\/wp-json\/wp\/v2\/types\/page"}],"author":[{"embeddable":true,"href":"https:\/\/www.ufsm.br\/editoras\/facos\/wp-json\/wp\/v2\/users\/68"}],"replies":[{"embeddable":true,"href":"https:\/\/www.ufsm.br\/editoras\/facos\/wp-json\/wp\/v2\/comments?post=101"}],"version-history":[{"count":0,"href":"https:\/\/www.ufsm.br\/editoras\/facos\/wp-json\/wp\/v2\/pages\/101\/revisions"}],"wp:featuredmedia":[{"embeddable":true,"href":"https:\/\/www.ufsm.br\/editoras\/facos\/wp-json\/wp\/v2\/media\/148"}],"wp:attachment":[{"href":"https:\/\/www.ufsm.br\/editoras\/facos\/wp-json\/wp\/v2\/media?parent=101"}],"wp:term":[{"taxonomy":"category","embeddable":true,"href":"https:\/\/www.ufsm.br\/editoras\/facos\/wp-json\/wp\/v2\/categories?post=101"},{"taxonomy":"post_tag","embeddable":true,"href":"https:\/\/www.ufsm.br\/editoras\/facos\/wp-json\/wp\/v2\/tags?post=101"}],"curies":[{"name":"wp","href":"https:\/\/api.w.org\/{rel}","templated":true}]}}