{"id":102,"date":"2020-10-19T18:49:25","date_gmt":"2020-10-19T21:49:25","guid":{"rendered":"https:\/\/www.ufsm.br\/editoras\/facos\/?page_id=102"},"modified":"2021-06-17T14:58:10","modified_gmt":"2021-06-17T17:58:10","slug":"midiatizacao-e-redes-digitais","status":"publish","type":"page","link":"https:\/\/www.ufsm.br\/editoras\/facos\/midiatizacao-e-redes-digitais","title":{"rendered":"Midiatiza\u00e7\u00e3o e redes digitais: os usos e as apropria\u00e7\u00f5es entre a d\u00e1diva e os mercados"},"content":{"rendered":"\t\t<div data-elementor-type=\"wp-page\" data-elementor-id=\"102\" class=\"elementor elementor-102\">\n\t\t\t\t\t\t<section class=\"elementor-section elementor-top-section elementor-element elementor-element-316661d8 elementor-section-boxed elementor-section-height-default elementor-section-height-default\" data-id=\"316661d8\" data-element_type=\"section\">\n\t\t\t\t\t\t<div class=\"elementor-container elementor-column-gap-default\">\n\t\t\t\t\t<div class=\"elementor-column elementor-col-100 elementor-top-column elementor-element elementor-element-3aa06ce\" data-id=\"3aa06ce\" data-element_type=\"column\">\n\t\t\t<div class=\"elementor-widget-wrap elementor-element-populated\">\n\t\t\t\t\t\t<div class=\"elementor-element elementor-element-44352dba elementor-widget elementor-widget-text-editor\" data-id=\"44352dba\" data-element_type=\"widget\" data-widget_type=\"text-editor.default\">\n\t\t\t\t<div class=\"elementor-widget-container\">\n\t\t\t\t\t\t\t<h1><span style=\"font-size: 2.5rem;background-color: transparent;color: black\">Midiatiza\u00e7\u00f5es e redes digitais: usos e as apropria\u00e7\u00f5es entre a d\u00e1diva e os mercados<\/span><\/h1>\n<h6>Serge Proulx, Jairo Ferreira e Ana Paula da Rosa (organizadores)<\/h6>\t\t\t\t\t\t<\/div>\n\t\t\t\t<\/div>\n\t\t\t\t<section class=\"elementor-section elementor-inner-section elementor-element elementor-element-7cadf20f elementor-hidden-tablet elementor-section-boxed elementor-section-height-default elementor-section-height-default\" data-id=\"7cadf20f\" data-element_type=\"section\">\n\t\t\t\t\t\t<div class=\"elementor-container elementor-column-gap-default\">\n\t\t\t\t\t<div class=\"elementor-column elementor-col-50 elementor-inner-column elementor-element elementor-element-2b5a2328\" data-id=\"2b5a2328\" data-element_type=\"column\">\n\t\t\t<div class=\"elementor-widget-wrap elementor-element-populated\">\n\t\t\t\t\t\t<div class=\"elementor-element elementor-element-612f5e56 elementor-widget elementor-widget-text-editor\" data-id=\"612f5e56\" data-element_type=\"widget\" data-widget_type=\"text-editor.default\">\n\t\t\t\t<div class=\"elementor-widget-container\">\n\t\t\t\t\t\t\t<figure id=\"attachment_123\" aria-describedby=\"caption-attachment-123\" style=\"width: 204px\" class=\"wp-caption aligncenter\"><img fetchpriority=\"high\" decoding=\"async\" class=\"size-medium wp-image-123\" src=\"https:\/\/www.ufsm.br\/app\/uploads\/sites\/746\/2020\/10\/midiatizacao-e-redes-digitais-capa-e1603461199352-204x300.jpg\" alt=\"\" width=\"204\" height=\"300\" srcset=\"https:\/\/www.ufsm.br\/app\/uploads\/sites\/746\/2020\/10\/midiatizacao-e-redes-digitais-capa-e1603461199352-204x300.jpg 204w, https:\/\/www.ufsm.br\/app\/uploads\/sites\/746\/2020\/10\/midiatizacao-e-redes-digitais-capa-e1603461199352.jpg 420w\" sizes=\"(max-width: 204px) 100vw, 204px\" \/><figcaption id=\"caption-attachment-123\" class=\"wp-caption-text\">Midiatiza\u00e7\u00e3o e redes digitais: os usos e as apropria\u00e7\u00f5es entre a d\u00e1diva e os mercados<\/figcaption><\/figure>\t\t\t\t\t\t<\/div>\n\t\t\t\t<\/div>\n\t\t\t\t\t<\/div>\n\t\t<\/div>\n\t\t\t\t<div class=\"elementor-column elementor-col-50 elementor-inner-column elementor-element elementor-element-228c3cc0\" data-id=\"228c3cc0\" data-element_type=\"column\">\n\t\t\t<div class=\"elementor-widget-wrap elementor-element-populated\">\n\t\t\t\t\t\t<div class=\"elementor-element elementor-element-35ad064a elementor-widget elementor-widget-text-editor\" data-id=\"35ad064a\" data-element_type=\"widget\" data-widget_type=\"text-editor.default\">\n\t\t\t\t<div class=\"elementor-widget-container\">\n\t\t\t\t\t\t\t<p>O livro \u00e9 um dos resultados do semin\u00e1rio realizado com Serge Proulx, no Programa de P\u00f3s-Gradua\u00e7\u00e3o em Ci\u00eancias da Comunica\u00e7\u00e3o da Unisinos, intitulado \u201cMuta\u00e7\u00f5es da Comunica\u00e7\u00e3o: Emerg\u00eancia de uma Cultura da Contribui\u00e7\u00e3o na Era Digital\u201d, numa iniciativa do Grupo de Pesquisa em Midiatiza\u00e7\u00e3o e Processos Sociais e Epistecom. Dos cinco encontros realizados com Serge Proulx, foram escolhidos, para este livro, tr\u00eas eixos, apresentados no formato de cap\u00edtulos: a recep\u00e7\u00e3o; a reflex\u00e3o sobre os usos, pr\u00e1ticas e apropria\u00e7\u00f5es das t\u00e9cnicas e tecnologias; a cultura da participa\u00e7\u00e3o. O semin\u00e1rio se realizou no \u00e2mbito do projeto Midiatiza\u00e7\u00e3o e Tecnologias Digitais\/Escola de Altos Estudos\/CAPES que contou tamb\u00e9m com a participa\u00e7\u00e3o de Bernard Mi\u00e8ge e Patrice Flichy. Este livro \u00e9 um dos tr\u00eas que comp\u00f5em a s\u00e9rie que condensa este projeto.<\/p>\t\t\t\t\t\t<\/div>\n\t\t\t\t<\/div>\n\t\t\t\t\t<\/div>\n\t\t<\/div>\n\t\t\t\t\t<\/div>\n\t\t<\/section>\n\t\t\t\t<div class=\"elementor-element elementor-element-3a6c017d elementor-hidden-desktop elementor-hidden-phone elementor-widget elementor-widget-text-editor\" data-id=\"3a6c017d\" data-element_type=\"widget\" data-widget_type=\"text-editor.default\">\n\t\t\t\t<div class=\"elementor-widget-container\">\n\t\t\t\t\t\t\t<figure id=\"attachment_123\" aria-describedby=\"caption-attachment-123\" style=\"width: 204px\" class=\"wp-caption aligncenter\"><img fetchpriority=\"high\" decoding=\"async\" class=\"size-medium wp-image-123\" src=\"https:\/\/www.ufsm.br\/app\/uploads\/sites\/746\/2020\/10\/midiatizacao-e-redes-digitais-capa-e1603461199352-204x300.jpg\" alt=\"\" width=\"204\" height=\"300\" srcset=\"https:\/\/www.ufsm.br\/app\/uploads\/sites\/746\/2020\/10\/midiatizacao-e-redes-digitais-capa-e1603461199352-204x300.jpg 204w, https:\/\/www.ufsm.br\/app\/uploads\/sites\/746\/2020\/10\/midiatizacao-e-redes-digitais-capa-e1603461199352.jpg 420w\" sizes=\"(max-width: 204px) 100vw, 204px\" \/><figcaption id=\"caption-attachment-123\" class=\"wp-caption-text\">Midiatiza\u00e7\u00e3o e redes digitais: os usos e as apropria\u00e7\u00f5es entre a d\u00e1diva e os mercados<\/figcaption><\/figure>\n<p>O livro \u00e9 um dos resultados do semin\u00e1rio realizado com Serge Proulx, no Programa de P\u00f3s-Gradua\u00e7\u00e3o em Ci\u00eancias da Comunica\u00e7\u00e3o da Unisinos, intitulado \u201cMuta\u00e7\u00f5es da Comunica\u00e7\u00e3o: Emerg\u00eancia de uma Cultura da Contribui\u00e7\u00e3o na Era Digital\u201d, numa iniciativa do Grupo de Pesquisa em Midiatiza\u00e7\u00e3o e Processos Sociais e Epistecom. Dos cinco encontros realizados com Serge Proulx, foram escolhidos, para este livro, tr\u00eas eixos, apresentados no formato de cap\u00edtulos: a recep\u00e7\u00e3o; a reflex\u00e3o sobre os usos, pr\u00e1ticas e apropria\u00e7\u00f5es das t\u00e9cnicas e tecnologias; a cultura da participa\u00e7\u00e3o. O semin\u00e1rio se realizou no \u00e2mbito do projeto Midiatiza\u00e7\u00e3o e Tecnologias Digitais\/Escola de Altos Estudos\/CAPES que contou tamb\u00e9m com a participa\u00e7\u00e3o de Bernard Mi\u00e8ge e Patrice Flichy. Este livro \u00e9 um dos tr\u00eas que comp\u00f5em a s\u00e9rie que condensa este projeto.<\/p>\t\t\t\t\t\t<\/div>\n\t\t\t\t<\/div>\n\t\t\t\t<div class=\"elementor-element elementor-element-26a75c5a elementor-widget elementor-widget-heading\" data-id=\"26a75c5a\" data-element_type=\"widget\" data-widget_type=\"heading.default\">\n\t\t\t\t<div class=\"elementor-widget-container\">\n\t\t\t<h4 class=\"elementor-heading-title elementor-size-default\">Acesso \u00e0 obra<\/h4>\t\t<\/div>\n\t\t\t\t<\/div>\n\t\t\t\t\t<\/div>\n\t\t<\/div>\n\t\t\t\t\t<\/div>\n\t\t<\/section>\n\t\t\t\t<section class=\"elementor-section elementor-top-section elementor-element elementor-element-244c3eb9 elementor-section-boxed elementor-section-height-default elementor-section-height-default\" data-id=\"244c3eb9\" data-element_type=\"section\">\n\t\t\t\t\t\t<div class=\"elementor-container elementor-column-gap-default\">\n\t\t\t\t\t<div class=\"elementor-column elementor-col-25 elementor-top-column elementor-element elementor-element-bbfee0c\" data-id=\"bbfee0c\" data-element_type=\"column\">\n\t\t\t<div class=\"elementor-widget-wrap\">\n\t\t\t\t\t\t\t<\/div>\n\t\t<\/div>\n\t\t\t\t<div class=\"elementor-column elementor-col-25 elementor-top-column elementor-element elementor-element-71242967\" data-id=\"71242967\" data-element_type=\"column\">\n\t\t\t<div class=\"elementor-widget-wrap elementor-element-populated\">\n\t\t\t\t\t\t<div class=\"elementor-element elementor-element-57a3cd93 elementor-align-center elementor-widget elementor-widget-button\" data-id=\"57a3cd93\" data-element_type=\"widget\" data-widget_type=\"button.default\">\n\t\t\t\t<div class=\"elementor-widget-container\">\n\t\t\t\t\t\t\t<div class=\"elementor-button-wrapper\">\n\t\t\t\t\t<a class=\"elementor-button elementor-button-link elementor-size-md\" href=\"https:\/\/repositorio.ufsm.br\/bitstream\/handle\/1\/19691\/midiatizacaoeredesdigitais.pdf?sequence=1&#038;isAllowed=y\">\n\t\t\t\t\t\t<span class=\"elementor-button-content-wrapper\">\n\t\t\t\t\t\t\t\t\t<span class=\"elementor-button-text\">Vers\u00e3o PDF<\/span>\n\t\t\t\t\t<\/span>\n\t\t\t\t\t<\/a>\n\t\t\t\t<\/div>\n\t\t\t\t\t\t<\/div>\n\t\t\t\t<\/div>\n\t\t\t\t\t<\/div>\n\t\t<\/div>\n\t\t\t\t<div class=\"elementor-column elementor-col-25 elementor-top-column elementor-element elementor-element-4a942b35\" data-id=\"4a942b35\" data-element_type=\"column\">\n\t\t\t<div class=\"elementor-widget-wrap elementor-element-populated\">\n\t\t\t\t\t\t<div class=\"elementor-element elementor-element-6fce8a43 elementor-align-center elementor-widget elementor-widget-button\" data-id=\"6fce8a43\" data-element_type=\"widget\" data-widget_type=\"button.default\">\n\t\t\t\t<div class=\"elementor-widget-container\">\n\t\t\t\t\t\t\t<div class=\"elementor-button-wrapper\">\n\t\t\t\t\t<a class=\"elementor-button elementor-button-link elementor-size-md\" href=\"https:\/\/repositorio.ufsm.br\/handle\/1\/19691\">\n\t\t\t\t\t\t<span class=\"elementor-button-content-wrapper\">\n\t\t\t\t\t\t\t\t\t<span class=\"elementor-button-text\">No Manancial<\/span>\n\t\t\t\t\t<\/span>\n\t\t\t\t\t<\/a>\n\t\t\t\t<\/div>\n\t\t\t\t\t\t<\/div>\n\t\t\t\t<\/div>\n\t\t\t\t\t<\/div>\n\t\t<\/div>\n\t\t\t\t<div class=\"elementor-column elementor-col-25 elementor-top-column elementor-element elementor-element-36989c0d\" data-id=\"36989c0d\" data-element_type=\"column\">\n\t\t\t<div class=\"elementor-widget-wrap\">\n\t\t\t\t\t\t\t<\/div>\n\t\t<\/div>\n\t\t\t\t\t<\/div>\n\t\t<\/section>\n\t\t\t\t<section class=\"elementor-section elementor-top-section elementor-element elementor-element-399096b5 elementor-section-boxed elementor-section-height-default elementor-section-height-default\" data-id=\"399096b5\" data-element_type=\"section\">\n\t\t\t\t\t\t<div class=\"elementor-container elementor-column-gap-default\">\n\t\t\t\t\t<div class=\"elementor-column elementor-col-100 elementor-top-column elementor-element elementor-element-525ae34a\" data-id=\"525ae34a\" data-element_type=\"column\">\n\t\t\t<div class=\"elementor-widget-wrap elementor-element-populated\">\n\t\t\t\t\t\t<div class=\"elementor-element elementor-element-21e4c8b7 elementor-tabs-alignment-stretch elementor-tabs-view-horizontal elementor-widget elementor-widget-tabs\" data-id=\"21e4c8b7\" data-element_type=\"widget\" data-settings=\"{&quot;_animation&quot;:&quot;none&quot;}\" data-widget_type=\"tabs.default\">\n\t\t\t\t<div class=\"elementor-widget-container\">\n\t\t\t\t\t<div class=\"elementor-tabs\">\n\t\t\t<div class=\"elementor-tabs-wrapper\" role=\"tablist\" >\n\t\t\t\t\t\t\t\t\t<div id=\"elementor-tab-title-5681\" class=\"elementor-tab-title elementor-tab-desktop-title\" aria-selected=\"true\" data-tab=\"1\" role=\"tab\" tabindex=\"0\" aria-controls=\"elementor-tab-content-5681\" aria-expanded=\"false\">Dados da obra<\/div>\n\t\t\t\t\t\t\t\t\t<div id=\"elementor-tab-title-5682\" class=\"elementor-tab-title elementor-tab-desktop-title\" aria-selected=\"false\" data-tab=\"2\" role=\"tab\" tabindex=\"-1\" aria-controls=\"elementor-tab-content-5682\" aria-expanded=\"false\">Sum\u00e1rio<\/div>\n\t\t\t\t\t\t\t\t\t<div id=\"elementor-tab-title-5683\" class=\"elementor-tab-title elementor-tab-desktop-title\" aria-selected=\"false\" data-tab=\"3\" role=\"tab\" tabindex=\"-1\" aria-controls=\"elementor-tab-content-5683\" aria-expanded=\"false\">Autoria<\/div>\n\t\t\t\t\t\t\t\t\t<div id=\"elementor-tab-title-5684\" class=\"elementor-tab-title elementor-tab-desktop-title\" aria-selected=\"false\" data-tab=\"4\" role=\"tab\" tabindex=\"-1\" aria-controls=\"elementor-tab-content-5684\" aria-expanded=\"false\">Licen\u00e7a Creative Commons<\/div>\n\t\t\t\t\t\t\t<\/div>\n\t\t\t<div class=\"elementor-tabs-content-wrapper\" role=\"tablist\" aria-orientation=\"vertical\">\n\t\t\t\t\t\t\t\t\t<div class=\"elementor-tab-title elementor-tab-mobile-title\" aria-selected=\"true\" data-tab=\"1\" role=\"tab\" tabindex=\"0\" aria-controls=\"elementor-tab-content-5681\" aria-expanded=\"false\">Dados da obra<\/div>\n\t\t\t\t\t<div id=\"elementor-tab-content-5681\" class=\"elementor-tab-content elementor-clearfix\" data-tab=\"1\" role=\"tabpanel\" aria-labelledby=\"elementor-tab-title-5681\" tabindex=\"0\" hidden=\"false\"><p><b>Publica\u00e7\u00e3o:<br \/><\/b>2016 \/ 1\u00aa edi\u00e7\u00e3o<br \/>ISBN: 978-85-8384-004-2<\/p>\n<p><b>Refer\u00eancia:<\/b>\u00a0<br \/><span style=\"color: #333333\">PROULX, Serge; FERREIRA, Jairo; Rosa, Ana Paula da (Org.). <strong>Midiatiza\u00e7\u00e3o e redes digitais<\/strong>: os usos e as apropria\u00e7\u00f5es entre a d\u00e1diva e os mercados. Santa Maria\/RS: FACOS-UFSM, 2016. 282 p. (Recurso eletr\u00f4nico)<\/span><\/p><\/div>\n\t\t\t\t\t\t\t\t\t<div class=\"elementor-tab-title elementor-tab-mobile-title\" aria-selected=\"false\" data-tab=\"2\" role=\"tab\" tabindex=\"-1\" aria-controls=\"elementor-tab-content-5682\" aria-expanded=\"false\">Sum\u00e1rio<\/div>\n\t\t\t\t\t<div id=\"elementor-tab-content-5682\" class=\"elementor-tab-content elementor-clearfix\" data-tab=\"2\" role=\"tabpanel\" aria-labelledby=\"elementor-tab-title-5682\" tabindex=\"0\" hidden=\"hidden\"><ul>\n<li>Apresenta\u00e7\u00e3o &#8211; os meios e os usos: entre as d\u00e1divas e os mercados (p. 11-16);<\/li>\n<li>Primeira parte &#8211; dos usos \u00e0s apropria\u00e7\u00f5es (p. 17-100);<\/li>\n<li>Segunda parte &#8211; os meios, a d\u00e1diva e o mercado (p. 101-272);<\/li>\n<li>Autores (p. 273- 282).<\/li>\n<\/ul>\n<p>\u00a0<\/p><\/div>\n\t\t\t\t\t\t\t\t\t<div class=\"elementor-tab-title elementor-tab-mobile-title\" aria-selected=\"false\" data-tab=\"3\" role=\"tab\" tabindex=\"-1\" aria-controls=\"elementor-tab-content-5683\" aria-expanded=\"false\">Autoria<\/div>\n\t\t\t\t\t<div id=\"elementor-tab-content-5683\" class=\"elementor-tab-content elementor-clearfix\" data-tab=\"3\" role=\"tabpanel\" aria-labelledby=\"elementor-tab-title-5683\" tabindex=\"0\" hidden=\"hidden\"><div style=\"color: #333333;font-family: 'Helvetica Neue', Helvetica, Arial, sans-serif;font-size: 14px\"><span style=\"color: #000000;font-size: 12pt;font-family: georgia, palatino, serif\"><b>Organizadores:<\/b><\/span><\/div>\n<div style=\"color: #333333;font-family: 'Helvetica Neue', Helvetica, Arial, sans-serif;font-size: 14px\"><span style=\"color: #000000;font-size: 12pt;font-family: georgia, palatino, serif\">Serge Proulx,<\/span><\/div>\n<div style=\"color: #333333;font-family: 'Helvetica Neue', Helvetica, Arial, sans-serif;font-size: 14px\"><span style=\"color: #000000;font-size: 12pt;font-family: georgia, palatino, serif\">Jairo Ferreira,<\/span><\/div>\n<div style=\"color: #333333;font-family: 'Helvetica Neue', Helvetica, Arial, sans-serif;font-size: 14px\"><span style=\"color: #000000;font-size: 12pt;font-family: georgia, palatino, serif\">Ana Paula da Rosa.<\/span><br \/><span style=\"color: #000000;font-size: 12pt;font-family: georgia, palatino, serif\"><br \/><\/span><\/div>\n<div style=\"color: #333333;font-family: 'Helvetica Neue', Helvetica, Arial, sans-serif;font-size: 14px\"><span style=\"font-family: georgia, palatino, serif;font-size: 12pt\"><b>Autores:<\/b><\/span><\/div>\n<div style=\"color: #333333;font-family: 'Helvetica Neue', Helvetica, Arial, sans-serif;font-size: 14px\"><span style=\"color: #1c1c1c;font-size: 12pt;font-family: georgia, palatino, serif\">Alexandre Dresch Bandeira,<\/span><\/div>\n<div style=\"color: #333333;font-family: 'Helvetica Neue', Helvetica, Arial, sans-serif;font-size: 14px\"><span style=\"font-family: georgia, palatino, serif;font-size: 12pt\">Ana Paula da Rosa,<\/span><\/div>\n<div><span style=\"font-family: georgia, palatino, serif;font-size: 12pt\">Dulce Helena Mazer,<\/span><\/div>\n<div><span style=\"font-family: georgia, palatino, serif;font-size: 12pt\">Edu Fernandes Lima Jacques Filho,<\/span><\/div>\n<div><span style=\"font-family: georgia, palatino, serif;font-size: 12pt\">\u00c9lida de Lima Ferreira,<\/span><\/div>\n<div><span style=\"font-family: georgia, palatino, serif;font-size: 12pt\">Jairo Ferreira,<\/span><\/div>\n<div><span style=\"font-family: georgia, palatino, serif;font-size: 12pt\">Manoella Maria Pinto Moreira das Neves,<\/span><\/div>\n<div><span style=\"font-family: georgia, palatino, serif;font-size: 12pt\">Marcelo Salcedo Gomes,<\/span><\/div>\n<div><span style=\"font-family: georgia, palatino, serif;font-size: 12pt\">Mois\u00e9s Sbardelotto,<\/span><\/div>\n<div><span style=\"font-family: georgia, palatino, serif;font-size: 12pt\">Serge Proulx,<\/span><\/div>\n<div><span style=\"font-family: georgia, palatino, serif;font-size: 12pt\">Thayane Cazallas do Nascimento.<\/span><\/div><\/div>\n\t\t\t\t\t\t\t\t\t<div class=\"elementor-tab-title elementor-tab-mobile-title\" aria-selected=\"false\" data-tab=\"4\" role=\"tab\" tabindex=\"-1\" aria-controls=\"elementor-tab-content-5684\" aria-expanded=\"false\">Licen\u00e7a Creative Commons<\/div>\n\t\t\t\t\t<div id=\"elementor-tab-content-5684\" class=\"elementor-tab-content elementor-clearfix\" data-tab=\"4\" role=\"tabpanel\" aria-labelledby=\"elementor-tab-title-5684\" tabindex=\"0\" hidden=\"hidden\"><p><span style=\"color: #000000;font-size: 16px\">Esta obra est\u00e1 licenciada sob uma Licen\u00e7a Creative\u00a0Commons Atribui\u00e7\u00e3o-N\u00e3oComercial-SemDeriva\u00e7\u00f5es 4.0\u00a0Internacional. Para ver uma c\u00f3pia desta licen\u00e7a, visite:\u00a0<\/span><a style=\"background-color: #ffffff;font-size: 1rem\" href=\"http:\/\/creativecommons.org\/licenses\/by-nc-nd\/4.0\/\" target=\"_blank\" rel=\"noopener\">http:\/\/creativecommons.org\/licenses\/by-nc-nd\/4.0\/<\/a><\/p><\/div>\n\t\t\t\t\t\t\t<\/div>\n\t\t<\/div>\n\t\t\t\t<\/div>\n\t\t\t\t<\/div>\n\t\t\t\t\t<\/div>\n\t\t<\/div>\n\t\t\t\t\t<\/div>\n\t\t<\/section>\n\t\t\t\t<section class=\"elementor-section elementor-top-section elementor-element elementor-element-7d55ff7c elementor-section-boxed elementor-section-height-default elementor-section-height-default\" data-id=\"7d55ff7c\" data-element_type=\"section\">\n\t\t\t\t\t\t<div class=\"elementor-container elementor-column-gap-default\">\n\t\t\t\t\t<div class=\"elementor-column elementor-col-100 elementor-top-column elementor-element elementor-element-3b6f99c1\" data-id=\"3b6f99c1\" data-element_type=\"column\">\n\t\t\t<div class=\"elementor-widget-wrap elementor-element-populated\">\n\t\t\t\t\t\t<div class=\"elementor-element elementor-element-4c2587ce elementor-widget elementor-widget-wp-widget-ufsm_noticias_widget\" data-id=\"4c2587ce\" data-element_type=\"widget\" data-widget_type=\"wp-widget-ufsm_noticias_widget.default\">\n\t\t\t\t<div class=\"elementor-widget-container\">\n\t\t\t<h5 class='titulo-conteudos'>Publica\u00e7\u00f5es Relacionadas<\/h5><div class='widget-noticias-inside'>\n                        <div class=\"row\">\n                                    <div class=\"col-12 col-lg-12 pb-4\">\n                                        \n                                        \n                    \n                    <a class=\"noticias-widget-title d-block \"  title=\"Territ\u00f3rios conectados pela sororidade\" href=\"https:\/\/www.ufsm.br\/editoras\/facos\/territorios-conectados-pela-sororidade\">\n                                                Territ\u00f3rios conectados pela sororidade                    <\/a>\n                    \n                    \n                                        \n                                        \n                                        <\/div>\n                            <\/div>\n                    <div class=\"row\">\n                                    <div class=\"col-12 col-lg-12 pb-4\">\n                                        \n                                        \n                    \n                    <a class=\"noticias-widget-title d-block \"  title=\"Pesquisa e Desenvolvimento Criativo para divulga\u00e7\u00e3o de Indicadores da Educa\u00e7\u00e3o Superior\" href=\"https:\/\/www.ufsm.br\/editoras\/facos\/pesquisa-e-desenvolvimento-criativo-para-divulgacao-de-indicadores-da-educacao-superior\">\n                                                Pesquisa e Desenvolvimento Criativo para divulga\u00e7\u00e3o de Indicadores da Educa\u00e7\u00e3o Superior                    <\/a>\n                    \n                    \n                                        \n                                        \n                                        <\/div>\n                            <\/div>\n                    <div class=\"row\">\n                                    <div class=\"col-12 col-lg-12 pb-4\">\n                                        \n                                        \n                    \n                    <a class=\"noticias-widget-title d-block \"  title=\"Investigar en plataformas medi\u00e1ticas desde Am\u00e9rica Latina: Um estado de situa\u00e7\u00e3o e uma ferramenta para o di\u00e1logo\" href=\"https:\/\/www.ufsm.br\/editoras\/facos\/investigar-en-plataformas-mediaticas-desde-america-latina-um-estado-de-situacao-e-uma-ferramenta-para-o-dialogo\">\n                                                Investigar en plataformas medi\u00e1ticas desde Am\u00e9rica Latina: Um estado de situa\u00e7\u00e3o e uma ferramenta para o di\u00e1logo                    <\/a>\n                    \n                    \n                                        \n                                        \n                                        <\/div>\n                            <\/div>\n                    <div class=\"row\">\n                                    <div class=\"col-12 col-lg-12 pb-4\">\n                                        \n                                        \n                    \n                    <a class=\"noticias-widget-title d-block \"  title=\"Publicidade contempor\u00e2nea: pensamentos brasileiros &#8211; vol. 2\" href=\"https:\/\/www.ufsm.br\/editoras\/facos\/publicidade-contemporanea-pensamentos-brasileiros-vol-2\">\n                                                Publicidade contempor\u00e2nea: pensamentos brasileiros &#8211; vol. 2                    <\/a>\n                    \n                    \n                                        \n                                        \n                                        <\/div>\n                            <\/div>\n                    <div class=\"row\">\n                                    <div class=\"col-12 col-lg-12 pb-4\">\n                                        \n                                        \n                    \n                    <a class=\"noticias-widget-title d-block \"  title=\"Identidades &amp; territ\u00f3rios: cultura, comunica\u00e7\u00e3o e desenvolvimento\" href=\"https:\/\/www.ufsm.br\/editoras\/facos\/identidades-territorios-cultura-comunicacao-e-desenvolvimento\">\n                                                Identidades &amp; territ\u00f3rios: cultura, comunica\u00e7\u00e3o e desenvolvimento                    <\/a>\n                    \n                    \n                                        \n                                        \n                                        <\/div>\n                            <\/div>\n            <\/div>\n\t\t<\/div>\n\t\t\t\t<\/div>\n\t\t\t\t\t<\/div>\n\t\t<\/div>\n\t\t\t\t\t<\/div>\n\t\t<\/section>\n\t\t\t\t<\/div>\n\t\t","protected":false},"excerpt":{"rendered":"<p>Midiatiza\u00e7\u00f5es e redes digitais: usos e as apropria\u00e7\u00f5es entre a d\u00e1diva e os mercados Serge Proulx, Jairo Ferreira e Ana Paula da Rosa (organizadores) O livro \u00e9 um dos resultados do semin\u00e1rio realizado com Serge Proulx, no Programa de P\u00f3s-Gradua\u00e7\u00e3o em Ci\u00eancias da Comunica\u00e7\u00e3o da Unisinos, intitulado \u201cMuta\u00e7\u00f5es da Comunica\u00e7\u00e3o: Emerg\u00eancia de uma Cultura da [&hellip;]<\/p>\n","protected":false},"author":68,"featured_media":138,"parent":0,"menu_order":0,"comment_status":"closed","ping_status":"closed","template":"","meta":{"footnotes":""},"categories":[24,137],"tags":[48,65,62,22,64,63,59],"class_list":["post-102","page","type-page","status-publish","has-post-thumbnail","hentry","category-comunicacao","category-midia","tag-comunicacao","tag-comunicacao-digital","tag-comunicacao-social","tag-ebook","tag-midiatizacao","tag-redes-de-informacao","tag-tecnologia"],"acf":[],"_links":{"self":[{"href":"https:\/\/www.ufsm.br\/editoras\/facos\/wp-json\/wp\/v2\/pages\/102","targetHints":{"allow":["GET"]}}],"collection":[{"href":"https:\/\/www.ufsm.br\/editoras\/facos\/wp-json\/wp\/v2\/pages"}],"about":[{"href":"https:\/\/www.ufsm.br\/editoras\/facos\/wp-json\/wp\/v2\/types\/page"}],"author":[{"embeddable":true,"href":"https:\/\/www.ufsm.br\/editoras\/facos\/wp-json\/wp\/v2\/users\/68"}],"replies":[{"embeddable":true,"href":"https:\/\/www.ufsm.br\/editoras\/facos\/wp-json\/wp\/v2\/comments?post=102"}],"version-history":[{"count":0,"href":"https:\/\/www.ufsm.br\/editoras\/facos\/wp-json\/wp\/v2\/pages\/102\/revisions"}],"wp:featuredmedia":[{"embeddable":true,"href":"https:\/\/www.ufsm.br\/editoras\/facos\/wp-json\/wp\/v2\/media\/138"}],"wp:attachment":[{"href":"https:\/\/www.ufsm.br\/editoras\/facos\/wp-json\/wp\/v2\/media?parent=102"}],"wp:term":[{"taxonomy":"category","embeddable":true,"href":"https:\/\/www.ufsm.br\/editoras\/facos\/wp-json\/wp\/v2\/categories?post=102"},{"taxonomy":"post_tag","embeddable":true,"href":"https:\/\/www.ufsm.br\/editoras\/facos\/wp-json\/wp\/v2\/tags?post=102"}],"curies":[{"name":"wp","href":"https:\/\/api.w.org\/{rel}","templated":true}]}}