{"id":131,"date":"2020-12-30T15:56:22","date_gmt":"2020-12-30T18:56:22","guid":{"rendered":"https:\/\/www.ufsm.br\/editoras\/facos\/?page_id=131"},"modified":"2024-02-12T17:02:46","modified_gmt":"2024-02-12T20:02:46","slug":"artifice-do-segredo","status":"publish","type":"page","link":"https:\/\/www.ufsm.br\/editoras\/facos\/artifice-do-segredo","title":{"rendered":"Art\u00edfice do segredo: o abade Johannes Trithemius (1462-1516) entre o magus e o secretarium do princeps"},"content":{"rendered":"\t\t<div data-elementor-type=\"wp-page\" data-elementor-id=\"131\" class=\"elementor elementor-131\">\n\t\t\t\t\t\t<section class=\"elementor-section elementor-top-section elementor-element elementor-element-60c2c261 elementor-section-boxed elementor-section-height-default elementor-section-height-default\" data-id=\"60c2c261\" data-element_type=\"section\">\n\t\t\t\t\t\t<div class=\"elementor-container elementor-column-gap-default\">\n\t\t\t\t\t<div class=\"elementor-column elementor-col-100 elementor-top-column elementor-element elementor-element-29ff186d\" data-id=\"29ff186d\" data-element_type=\"column\">\n\t\t\t<div class=\"elementor-widget-wrap elementor-element-populated\">\n\t\t\t\t\t\t<div class=\"elementor-element elementor-element-39e4749d elementor-widget elementor-widget-text-editor\" data-id=\"39e4749d\" data-element_type=\"widget\" data-widget_type=\"text-editor.default\">\n\t\t\t\t<div class=\"elementor-widget-container\">\n\t\t\t\t\t\t\t<h1>Art\u00edfice do segredo: o abade Johannes Trithemius (1462-1516) entre o magus e o secretarium do princeps<\/h1>\n<h6>Francisco de Paula Souza de Mendon\u00e7a J\u00fanior<\/h6>\t\t\t\t\t\t<\/div>\n\t\t\t\t<\/div>\n\t\t\t\t<section class=\"elementor-section elementor-inner-section elementor-element elementor-element-767f6e14 elementor-hidden-tablet elementor-section-boxed elementor-section-height-default elementor-section-height-default\" data-id=\"767f6e14\" data-element_type=\"section\">\n\t\t\t\t\t\t<div class=\"elementor-container elementor-column-gap-default\">\n\t\t\t\t\t<div class=\"elementor-column elementor-col-50 elementor-inner-column elementor-element elementor-element-78b8a090\" data-id=\"78b8a090\" data-element_type=\"column\">\n\t\t\t<div class=\"elementor-widget-wrap elementor-element-populated\">\n\t\t\t\t\t\t<div class=\"elementor-element elementor-element-5196e5d4 elementor-widget elementor-widget-text-editor\" data-id=\"5196e5d4\" data-element_type=\"widget\" data-widget_type=\"text-editor.default\">\n\t\t\t\t<div class=\"elementor-widget-container\">\n\t\t\t\t\t\t\t<figure id=\"attachment_133\" aria-describedby=\"caption-attachment-133\" style=\"width: 225px\" class=\"wp-caption aligncenter\"><img fetchpriority=\"high\" decoding=\"async\" class=\"size-medium wp-image-133\" src=\"https:\/\/www.ufsm.br\/app\/uploads\/sites\/746\/2020\/12\/artifice_do_segredo_capa-225x300.jpg\" alt=\"\" width=\"225\" height=\"300\" srcset=\"https:\/\/www.ufsm.br\/app\/uploads\/sites\/746\/2020\/12\/artifice_do_segredo_capa-225x300.jpg 225w, https:\/\/www.ufsm.br\/app\/uploads\/sites\/746\/2020\/12\/artifice_do_segredo_capa.jpg 640w\" sizes=\"(max-width: 225px) 100vw, 225px\" \/><figcaption id=\"caption-attachment-133\" class=\"wp-caption-text\">Art\u00edfice do Segredo<\/figcaption><\/figure>\t\t\t\t\t\t<\/div>\n\t\t\t\t<\/div>\n\t\t\t\t\t<\/div>\n\t\t<\/div>\n\t\t\t\t<div class=\"elementor-column elementor-col-50 elementor-inner-column elementor-element elementor-element-2bf4a195\" data-id=\"2bf4a195\" data-element_type=\"column\">\n\t\t\t<div class=\"elementor-widget-wrap elementor-element-populated\">\n\t\t\t\t\t\t<div class=\"elementor-element elementor-element-4c1fe7c9 elementor-widget elementor-widget-text-editor\" data-id=\"4c1fe7c9\" data-element_type=\"widget\" data-widget_type=\"text-editor.default\">\n\t\t\t\t<div class=\"elementor-widget-container\">\n\t\t\t\t\t\t\t<p>Discutiremos a rela\u00e7\u00e3o entre pol\u00edtica e magia durante o s\u00e9culo XV por meio do encontro entre as figuras do magus e do secretarium no cen\u00e1rio pol\u00edtico daquela \u00e9poca. Para tanto, realizamos um esfor\u00e7o anal\u00edtico sobre a Steganographia, do abade Johannes Trithemius (1462-1516), que al\u00e9m de proeminente figura do cen\u00e1rio mon\u00e1stico alem\u00e3o, tamb\u00e9m foi c\u00e9lebre mago e conselheiro dos pr\u00edncipes alem\u00e3es. A quest\u00e3o que se aventa \u00e9 sobre a natureza das cifras utilizadas pelo secretarium, que acreditamos ter ra\u00edzes na preocupa\u00e7\u00e3o dos magi acerca do segredo, e a compreens\u00e3o deste como fruto de uma percep\u00e7\u00e3o da Natureza em camadas, em cujo interior repousaria uma mensagem oculta do Criador a ser instrumentalizada. O que buscamos demonstrar \u00e9 que a pr\u00e1tica pol\u00edtica da \u00e9poca utilizou ferramentas oriundas das pr\u00e1ticas m\u00e1gicas, sem que estas perdessem sua identidade, o que demonstrara que a pol\u00edtica n\u00e3o buscou utilizar a magia como instrumento para sua autoridade, mas se impregnar da autoridade desta.<\/p>\t\t\t\t\t\t<\/div>\n\t\t\t\t<\/div>\n\t\t\t\t\t<\/div>\n\t\t<\/div>\n\t\t\t\t\t<\/div>\n\t\t<\/section>\n\t\t\t\t<div class=\"elementor-element elementor-element-bce6f5e elementor-hidden-desktop elementor-hidden-phone elementor-widget elementor-widget-text-editor\" data-id=\"bce6f5e\" data-element_type=\"widget\" data-widget_type=\"text-editor.default\">\n\t\t\t\t<div class=\"elementor-widget-container\">\n\t\t\t\t\t\t\t<figure id=\"attachment_133\" aria-describedby=\"caption-attachment-133\" style=\"width: 225px\" class=\"wp-caption alignleft\"><img fetchpriority=\"high\" decoding=\"async\" class=\"size-medium wp-image-133\" src=\"https:\/\/www.ufsm.br\/app\/uploads\/sites\/746\/2020\/12\/artifice_do_segredo_capa-225x300.jpg\" alt=\"\" width=\"225\" height=\"300\" srcset=\"https:\/\/www.ufsm.br\/app\/uploads\/sites\/746\/2020\/12\/artifice_do_segredo_capa-225x300.jpg 225w, https:\/\/www.ufsm.br\/app\/uploads\/sites\/746\/2020\/12\/artifice_do_segredo_capa.jpg 640w\" sizes=\"(max-width: 225px) 100vw, 225px\" \/><figcaption id=\"caption-attachment-133\" class=\"wp-caption-text\">Art\u00edfice do Segredo<\/figcaption><\/figure>\n<p>Discutiremos a rela\u00e7\u00e3o entre pol\u00edtica e magia durante o s\u00e9culo XV por meio do encontro entre as figuras do magus e do secretarium no cen\u00e1rio pol\u00edtico daquela \u00e9poca. Para tanto, realizamos um esfor\u00e7o anal\u00edtico sobre a Steganographia, do abade Johannes Trithemius (1462-1516), que al\u00e9m de proeminente figura do cen\u00e1rio mon\u00e1stico alem\u00e3o, tamb\u00e9m foi c\u00e9lebre mago e conselheiro dos pr\u00edncipes alem\u00e3es. A quest\u00e3o que se aventa \u00e9 sobre a natureza das cifras utilizadas pelo secretarium, que acreditamos ter ra\u00edzes na preocupa\u00e7\u00e3o dos magi acerca do segredo, e a compreens\u00e3o deste como fruto de uma percep\u00e7\u00e3o da Natureza em camadas, em cujo interior repousaria uma mensagem oculta do Criador a ser instrumentalizada. O que buscamos demonstrar \u00e9 que a pr\u00e1tica pol\u00edtica da \u00e9poca utilizou ferramentas oriundas das pr\u00e1ticas m\u00e1gicas, sem que estas perdessem sua identidade, o que demonstrara que a pol\u00edtica n\u00e3o buscou utilizar a magia como instrumento para sua autoridade, mas se impregnar da autoridade desta.<\/p>\t\t\t\t\t\t<\/div>\n\t\t\t\t<\/div>\n\t\t\t\t<div class=\"elementor-element elementor-element-4e0beadb elementor-widget elementor-widget-heading\" data-id=\"4e0beadb\" data-element_type=\"widget\" data-widget_type=\"heading.default\">\n\t\t\t\t<div class=\"elementor-widget-container\">\n\t\t\t<h4 class=\"elementor-heading-title elementor-size-default\">Acesso \u00e0 obra<\/h4>\t\t<\/div>\n\t\t\t\t<\/div>\n\t\t\t\t\t<\/div>\n\t\t<\/div>\n\t\t\t\t\t<\/div>\n\t\t<\/section>\n\t\t\t\t<section class=\"elementor-section elementor-top-section elementor-element elementor-element-5b758886 elementor-section-boxed elementor-section-height-default elementor-section-height-default\" data-id=\"5b758886\" data-element_type=\"section\">\n\t\t\t\t\t\t<div class=\"elementor-container elementor-column-gap-default\">\n\t\t\t\t\t<div class=\"elementor-column elementor-col-25 elementor-top-column elementor-element elementor-element-77447939\" data-id=\"77447939\" data-element_type=\"column\">\n\t\t\t<div class=\"elementor-widget-wrap\">\n\t\t\t\t\t\t\t<\/div>\n\t\t<\/div>\n\t\t\t\t<div class=\"elementor-column elementor-col-25 elementor-top-column elementor-element elementor-element-1d98d4f7\" data-id=\"1d98d4f7\" data-element_type=\"column\">\n\t\t\t<div class=\"elementor-widget-wrap elementor-element-populated\">\n\t\t\t\t\t\t<div class=\"elementor-element elementor-element-e92466e elementor-align-center elementor-widget elementor-widget-button\" data-id=\"e92466e\" data-element_type=\"widget\" data-widget_type=\"button.default\">\n\t\t\t\t<div class=\"elementor-widget-container\">\n\t\t\t\t\t\t\t<div class=\"elementor-button-wrapper\">\n\t\t\t\t\t<a class=\"elementor-button elementor-button-link elementor-size-md\" href=\"https:\/\/repositorio.ufsm.br\/bitstream\/handle\/1\/20249\/art%c3%adfice_do_segredo_VP.pdf?sequence=1&#038;isAllowed=y\">\n\t\t\t\t\t\t<span class=\"elementor-button-content-wrapper\">\n\t\t\t\t\t\t\t\t\t<span class=\"elementor-button-text\">Vers\u00e3o PDF<\/span>\n\t\t\t\t\t<\/span>\n\t\t\t\t\t<\/a>\n\t\t\t\t<\/div>\n\t\t\t\t\t\t<\/div>\n\t\t\t\t<\/div>\n\t\t\t\t\t<\/div>\n\t\t<\/div>\n\t\t\t\t<div class=\"elementor-column elementor-col-25 elementor-top-column elementor-element elementor-element-17903f16\" data-id=\"17903f16\" data-element_type=\"column\">\n\t\t\t<div class=\"elementor-widget-wrap elementor-element-populated\">\n\t\t\t\t\t\t<div class=\"elementor-element elementor-element-65fab16b elementor-align-center elementor-widget elementor-widget-button\" data-id=\"65fab16b\" data-element_type=\"widget\" data-widget_type=\"button.default\">\n\t\t\t\t<div class=\"elementor-widget-container\">\n\t\t\t\t\t\t\t<div class=\"elementor-button-wrapper\">\n\t\t\t\t\t<a class=\"elementor-button elementor-button-link elementor-size-md\" href=\"https:\/\/repositorio.ufsm.br\/handle\/1\/20249\">\n\t\t\t\t\t\t<span class=\"elementor-button-content-wrapper\">\n\t\t\t\t\t\t\t\t\t<span class=\"elementor-button-text\">No Manancial<\/span>\n\t\t\t\t\t<\/span>\n\t\t\t\t\t<\/a>\n\t\t\t\t<\/div>\n\t\t\t\t\t\t<\/div>\n\t\t\t\t<\/div>\n\t\t\t\t\t<\/div>\n\t\t<\/div>\n\t\t\t\t<div class=\"elementor-column elementor-col-25 elementor-top-column elementor-element elementor-element-73eed425\" data-id=\"73eed425\" data-element_type=\"column\">\n\t\t\t<div class=\"elementor-widget-wrap\">\n\t\t\t\t\t\t\t<\/div>\n\t\t<\/div>\n\t\t\t\t\t<\/div>\n\t\t<\/section>\n\t\t\t\t<section class=\"elementor-section elementor-top-section elementor-element elementor-element-72db63b4 elementor-section-boxed elementor-section-height-default elementor-section-height-default\" data-id=\"72db63b4\" data-element_type=\"section\">\n\t\t\t\t\t\t<div class=\"elementor-container elementor-column-gap-default\">\n\t\t\t\t\t<div class=\"elementor-column elementor-col-100 elementor-top-column elementor-element elementor-element-7536d8ca\" data-id=\"7536d8ca\" data-element_type=\"column\">\n\t\t\t<div class=\"elementor-widget-wrap elementor-element-populated\">\n\t\t\t\t\t\t<div class=\"elementor-element elementor-element-3db0f745 elementor-tabs-alignment-stretch elementor-tabs-view-horizontal elementor-widget elementor-widget-tabs\" data-id=\"3db0f745\" data-element_type=\"widget\" data-settings=\"{&quot;_animation&quot;:&quot;none&quot;}\" data-widget_type=\"tabs.default\">\n\t\t\t\t<div class=\"elementor-widget-container\">\n\t\t\t\t\t<div class=\"elementor-tabs\">\n\t\t\t<div class=\"elementor-tabs-wrapper\" role=\"tablist\" >\n\t\t\t\t\t\t\t\t\t<div id=\"elementor-tab-title-1031\" class=\"elementor-tab-title elementor-tab-desktop-title\" aria-selected=\"true\" data-tab=\"1\" role=\"tab\" tabindex=\"0\" aria-controls=\"elementor-tab-content-1031\" aria-expanded=\"false\">Dados da obra<\/div>\n\t\t\t\t\t\t\t\t\t<div id=\"elementor-tab-title-1032\" class=\"elementor-tab-title elementor-tab-desktop-title\" aria-selected=\"false\" data-tab=\"2\" role=\"tab\" tabindex=\"-1\" aria-controls=\"elementor-tab-content-1032\" aria-expanded=\"false\">Sum\u00e1rio<\/div>\n\t\t\t\t\t\t\t\t\t<div id=\"elementor-tab-title-1033\" class=\"elementor-tab-title elementor-tab-desktop-title\" aria-selected=\"false\" data-tab=\"3\" role=\"tab\" tabindex=\"-1\" aria-controls=\"elementor-tab-content-1033\" aria-expanded=\"false\">Licen\u00e7a Creative Commons<\/div>\n\t\t\t\t\t\t\t<\/div>\n\t\t\t<div class=\"elementor-tabs-content-wrapper\" role=\"tablist\" aria-orientation=\"vertical\">\n\t\t\t\t\t\t\t\t\t<div class=\"elementor-tab-title elementor-tab-mobile-title\" aria-selected=\"true\" data-tab=\"1\" role=\"tab\" tabindex=\"0\" aria-controls=\"elementor-tab-content-1031\" aria-expanded=\"false\">Dados da obra<\/div>\n\t\t\t\t\t<div id=\"elementor-tab-content-1031\" class=\"elementor-tab-content elementor-clearfix\" data-tab=\"1\" role=\"tabpanel\" aria-labelledby=\"elementor-tab-title-1031\" tabindex=\"0\" hidden=\"false\"><p><b>Publica\u00e7\u00e3o:<br \/><\/b>2020 \/ 1\u00aa edi\u00e7\u00e3o<br \/>ISBN: 978-65-5773-014-0<\/p>\n<p><b>Refer\u00eancia:<\/b>\u00a0<br \/><span style=\"color: #333333\">MENDON\u00c7A J\u00daNIOR, Francisco de Paula Souza de. <strong>Art\u00edfice do segredo<\/strong>: o abade Johannes Trithemius (1462-1516) entre o magus e o secretarium do princeps. Santa Maria\/RS: FACOS-UFSM, 2020. 152 p. (Recurso eletr\u00f4nico)<\/span><\/p><\/div>\n\t\t\t\t\t\t\t\t\t<div class=\"elementor-tab-title elementor-tab-mobile-title\" aria-selected=\"false\" data-tab=\"2\" role=\"tab\" tabindex=\"-1\" aria-controls=\"elementor-tab-content-1032\" aria-expanded=\"false\">Sum\u00e1rio<\/div>\n\t\t\t\t\t<div id=\"elementor-tab-content-1032\" class=\"elementor-tab-content elementor-clearfix\" data-tab=\"2\" role=\"tabpanel\" aria-labelledby=\"elementor-tab-title-1032\" tabindex=\"0\" hidden=\"hidden\"><ul>\n<li>Pref\u00e1cio;<\/li>\n<li>Sobre o que pretende este trabalho;<\/li>\n<li>Cap. 1 &#8211; O art\u00edfice do segredo;<\/li>\n<li>Cap. 2 &#8211; Das L\u00ednguas Secretas;<\/li>\n<li>Cap. 3 &#8211; Da Arte do Estegan\u00f3grafo;<\/li>\n<li>Considera\u00e7\u00f5es Finais;<\/li>\n<li>Refer\u00eancias Bibliogr\u00e1ficas;<\/li>\n<li>Notas de fim;<\/li>\n<\/ul><\/div>\n\t\t\t\t\t\t\t\t\t<div class=\"elementor-tab-title elementor-tab-mobile-title\" aria-selected=\"false\" data-tab=\"3\" role=\"tab\" tabindex=\"-1\" aria-controls=\"elementor-tab-content-1033\" aria-expanded=\"false\">Licen\u00e7a Creative Commons<\/div>\n\t\t\t\t\t<div id=\"elementor-tab-content-1033\" class=\"elementor-tab-content elementor-clearfix\" data-tab=\"3\" role=\"tabpanel\" aria-labelledby=\"elementor-tab-title-1033\" tabindex=\"0\" hidden=\"hidden\"><p><span style=\"color: #000000;font-size: 16px\">Esta obra est\u00e1 licenciada sob uma Licen\u00e7a Creative\u00a0Commons Atribui\u00e7\u00e3o-N\u00e3oComercial-SemDeriva\u00e7\u00f5es 4.0\u00a0Internacional. Para ver uma c\u00f3pia desta licen\u00e7a, visite:\u00a0<\/span><a style=\"background-color: #ffffff;font-size: 1rem\" href=\"http:\/\/creativecommons.org\/licenses\/by-nc-nd\/4.0\/\" target=\"_blank\" rel=\"noopener\">http:\/\/creativecommons.org\/licenses\/by-nc-nd\/4.0\/<\/a><\/p><\/div>\n\t\t\t\t\t\t\t<\/div>\n\t\t<\/div>\n\t\t\t\t<\/div>\n\t\t\t\t<\/div>\n\t\t\t\t\t<\/div>\n\t\t<\/div>\n\t\t\t\t\t<\/div>\n\t\t<\/section>\n\t\t\t\t<section class=\"elementor-section elementor-top-section elementor-element elementor-element-3ffa7482 elementor-section-boxed elementor-section-height-default elementor-section-height-default\" data-id=\"3ffa7482\" data-element_type=\"section\">\n\t\t\t\t\t\t<div class=\"elementor-container elementor-column-gap-default\">\n\t\t\t\t\t<div class=\"elementor-column elementor-col-100 elementor-top-column elementor-element elementor-element-7711ee19\" data-id=\"7711ee19\" data-element_type=\"column\">\n\t\t\t<div class=\"elementor-widget-wrap elementor-element-populated\">\n\t\t\t\t\t\t<div class=\"elementor-element elementor-element-42940cf6 elementor-widget elementor-widget-wp-widget-ufsm_noticias_widget\" data-id=\"42940cf6\" data-element_type=\"widget\" data-widget_type=\"wp-widget-ufsm_noticias_widget.default\">\n\t\t\t\t<div class=\"elementor-widget-container\">\n\t\t\t<h5 class='titulo-conteudos'>Publica\u00e7\u00f5es Relacionadas<\/h5><div class='widget-noticias-inside'>\n                        <div class=\"row\">\n                                    <div class=\"col-12 col-lg-12 pb-4\">\n                                        \n                                        \n                    \n                    <a class=\"noticias-widget-title d-block \"  title=\"Territ\u00f3rios conectados pela sororidade\" href=\"https:\/\/www.ufsm.br\/editoras\/facos\/territorios-conectados-pela-sororidade\">\n                                                Territ\u00f3rios conectados pela sororidade                    <\/a>\n                    \n                    \n                                        \n                                        \n                                        <\/div>\n                            <\/div>\n                    <div class=\"row\">\n                                    <div class=\"col-12 col-lg-12 pb-4\">\n                                        \n                                        \n                    \n                    <a class=\"noticias-widget-title d-block \"  title=\"Pesquisa e Desenvolvimento Criativo para divulga\u00e7\u00e3o de Indicadores da Educa\u00e7\u00e3o Superior\" href=\"https:\/\/www.ufsm.br\/editoras\/facos\/pesquisa-e-desenvolvimento-criativo-para-divulgacao-de-indicadores-da-educacao-superior\">\n                                                Pesquisa e Desenvolvimento Criativo para divulga\u00e7\u00e3o de Indicadores da Educa\u00e7\u00e3o Superior                    <\/a>\n                    \n                    \n                                        \n                                        \n                                        <\/div>\n                            <\/div>\n                    <div class=\"row\">\n                                    <div class=\"col-12 col-lg-12 pb-4\">\n                                        \n                                        \n                    \n                    <a class=\"noticias-widget-title d-block \"  title=\"Publicidade contempor\u00e2nea: pensamentos brasileiros &#8211; vol. 2\" href=\"https:\/\/www.ufsm.br\/editoras\/facos\/publicidade-contemporanea-pensamentos-brasileiros-vol-2\">\n                                                Publicidade contempor\u00e2nea: pensamentos brasileiros &#8211; vol. 2                    <\/a>\n                    \n                    \n                                        \n                                        \n                                        <\/div>\n                            <\/div>\n                    <div class=\"row\">\n                                    <div class=\"col-12 col-lg-12 pb-4\">\n                                        \n                                        \n                    \n                    <a class=\"noticias-widget-title d-block \"  title=\"Identidades &amp; territ\u00f3rios: cultura, comunica\u00e7\u00e3o e desenvolvimento\" href=\"https:\/\/www.ufsm.br\/editoras\/facos\/identidades-territorios-cultura-comunicacao-e-desenvolvimento\">\n                                                Identidades &amp; territ\u00f3rios: cultura, comunica\u00e7\u00e3o e desenvolvimento                    <\/a>\n                    \n                    \n                                        \n                                        \n                                        <\/div>\n                            <\/div>\n                    <div class=\"row\">\n                                    <div class=\"col-12 col-lg-12 pb-4\">\n                                        \n                                        \n                    \n                    <a class=\"noticias-widget-title d-block \"  title=\"Apre(e)nder publicidade: movimentos publicit\u00e1rios na hipermidiatiza\u00e7\u00e3o, volume 3\" href=\"https:\/\/www.ufsm.br\/editoras\/facos\/apreender-publicidade-movimentos-publicitarios-na-hipermidiatizacao-volume-3\">\n                                                Apre(e)nder publicidade: movimentos publicit\u00e1rios na hipermidiatiza\u00e7\u00e3o, volume 3                    <\/a>\n                    \n                    \n                                        \n                                        \n                                        <\/div>\n                            <\/div>\n            <\/div>\n\t\t<\/div>\n\t\t\t\t<\/div>\n\t\t\t\t\t<\/div>\n\t\t<\/div>\n\t\t\t\t\t<\/div>\n\t\t<\/section>\n\t\t\t\t<\/div>\n\t\t","protected":false},"excerpt":{"rendered":"<p>Art\u00edfice do segredo: o abade Johannes Trithemius (1462-1516) entre o magus e o secretarium do princeps Francisco de Paula Souza de Mendon\u00e7a J\u00fanior Discutiremos a rela\u00e7\u00e3o entre pol\u00edtica e magia durante o s\u00e9culo XV por meio do encontro entre as figuras do magus e do secretarium no cen\u00e1rio pol\u00edtico daquela \u00e9poca. Para tanto, realizamos um [&hellip;]<\/p>\n","protected":false},"author":68,"featured_media":136,"parent":0,"menu_order":0,"comment_status":"closed","ping_status":"closed","template":"","meta":{"footnotes":""},"categories":[140],"tags":[48,22,50,49,46,45,51],"class_list":["post-131","page","type-page","status-publish","has-post-thumbnail","hentry","category-historia","tag-comunicacao","tag-ebook","tag-esoterismo","tag-esteganografia","tag-historia","tag-politica","tag-renascimento"],"acf":[],"_links":{"self":[{"href":"https:\/\/www.ufsm.br\/editoras\/facos\/wp-json\/wp\/v2\/pages\/131","targetHints":{"allow":["GET"]}}],"collection":[{"href":"https:\/\/www.ufsm.br\/editoras\/facos\/wp-json\/wp\/v2\/pages"}],"about":[{"href":"https:\/\/www.ufsm.br\/editoras\/facos\/wp-json\/wp\/v2\/types\/page"}],"author":[{"embeddable":true,"href":"https:\/\/www.ufsm.br\/editoras\/facos\/wp-json\/wp\/v2\/users\/68"}],"replies":[{"embeddable":true,"href":"https:\/\/www.ufsm.br\/editoras\/facos\/wp-json\/wp\/v2\/comments?post=131"}],"version-history":[{"count":0,"href":"https:\/\/www.ufsm.br\/editoras\/facos\/wp-json\/wp\/v2\/pages\/131\/revisions"}],"wp:featuredmedia":[{"embeddable":true,"href":"https:\/\/www.ufsm.br\/editoras\/facos\/wp-json\/wp\/v2\/media\/136"}],"wp:attachment":[{"href":"https:\/\/www.ufsm.br\/editoras\/facos\/wp-json\/wp\/v2\/media?parent=131"}],"wp:term":[{"taxonomy":"category","embeddable":true,"href":"https:\/\/www.ufsm.br\/editoras\/facos\/wp-json\/wp\/v2\/categories?post=131"},{"taxonomy":"post_tag","embeddable":true,"href":"https:\/\/www.ufsm.br\/editoras\/facos\/wp-json\/wp\/v2\/tags?post=131"}],"curies":[{"name":"wp","href":"https:\/\/api.w.org\/{rel}","templated":true}]}}