{"id":180,"date":"2021-04-02T19:13:47","date_gmt":"2021-04-02T22:13:47","guid":{"rendered":"https:\/\/www.ufsm.br\/editoras\/facos\/?page_id=180"},"modified":"2023-02-22T17:43:52","modified_gmt":"2023-02-22T20:43:52","slug":"historia-poder-cultura-e-fronteiras","status":"publish","type":"page","link":"https:\/\/www.ufsm.br\/editoras\/facos\/historia-poder-cultura-e-fronteiras","title":{"rendered":"Hist\u00f3ria: Poder, Cultura e Fronteiras"},"content":{"rendered":"\t\t<div data-elementor-type=\"wp-page\" data-elementor-id=\"180\" class=\"elementor elementor-180\">\n\t\t\t\t\t\t<section class=\"elementor-section elementor-top-section elementor-element elementor-element-70c9057a elementor-section-boxed elementor-section-height-default elementor-section-height-default\" data-id=\"70c9057a\" data-element_type=\"section\">\n\t\t\t\t\t\t<div class=\"elementor-container elementor-column-gap-default\">\n\t\t\t\t\t<div class=\"elementor-column elementor-col-100 elementor-top-column elementor-element elementor-element-14984812\" data-id=\"14984812\" data-element_type=\"column\">\n\t\t\t<div class=\"elementor-widget-wrap elementor-element-populated\">\n\t\t\t\t\t\t<div class=\"elementor-element elementor-element-4090d844 elementor-widget elementor-widget-text-editor\" data-id=\"4090d844\" data-element_type=\"widget\" data-widget_type=\"text-editor.default\">\n\t\t\t\t<div class=\"elementor-widget-container\">\n\t\t\t\t\t\t\t<h2 class=\"page-header first-page-header\">Hist\u00f3ria: poder, cultura e fronteiras<\/h2>\n<h6>Maria Medianeira Padoin e Ana Frega Novales (organizadores)<\/h6>\t\t\t\t\t\t<\/div>\n\t\t\t\t<\/div>\n\t\t\t\t\t<\/div>\n\t\t<\/div>\n\t\t\t\t\t<\/div>\n\t\t<\/section>\n\t\t\t\t<section class=\"elementor-section elementor-top-section elementor-element elementor-element-4cfff227 elementor-section-boxed elementor-section-height-default elementor-section-height-default\" data-id=\"4cfff227\" data-element_type=\"section\">\n\t\t\t\t\t\t<div class=\"elementor-container elementor-column-gap-default\">\n\t\t\t\t\t<div class=\"elementor-column elementor-col-100 elementor-top-column elementor-element elementor-element-67139455\" data-id=\"67139455\" data-element_type=\"column\">\n\t\t\t<div class=\"elementor-widget-wrap elementor-element-populated\">\n\t\t\t\t\t\t<div class=\"elementor-element elementor-element-2c596cbf elementor-widget elementor-widget-wp-widget-ufsm_manancial_ficha_apresentacao\" data-id=\"2c596cbf\" data-element_type=\"widget\" data-widget_type=\"wp-widget-ufsm_manancial_ficha_apresentacao.default\">\n\t\t\t\t<div class=\"elementor-widget-container\">\n\t\t\t<div class=\"row g-0\">\n    <div class=\"col-12 col-lg-5\">\n        <div class=\"card rounded-0 bg-primary text-white\">\n                            <img decoding=\"async\" src=\"https:\/\/repositorio.ufsm.br\/bitstream\/handle\/1\/20144\/Hist\u00f3ria - poder, cultura e fronteiras (capa) 534 x 768.jpg\" class=\"img-fluid img-thumbnail mx-5 mt-5 mb-1\" >\n                        <div class=\"card-body bg-transparent-on-contraste ms-4 ps-4 me-3\">\n                <p class=\"card-title fs-5 lh-sm\">Hist\u00f3ria: poder, cultura e fronteiras<\/p>\n                <div class=\"d-flex flex-wrap\">\n                    <a href=\"https:\/\/repositorio.ufsm.br\/handle\/1\/20144\" class=\"small link-light underline-on-hover me-3\" target=\"_blank\">\n                        <i class=\"fa fa-external-link me-1\" aria-hidden=\"true\"><\/i>\n                        Ver no Manancial\n                    <\/a>\n                                            <a href=\"https:\/\/repositorio.ufsm.br\/bitstream\/handle\/1\/20144\/livro Historia Poder Cultura e Fronteiras.pdf\" class=\"small link-light underline-on-hover\" target=\"_blank\">\n                            <i class=\"fa fa-file-pdf-o me-1\" aria-hidden=\"true\"><\/i>\n                            Ver o PDF\n                        <\/a>\n                                                        <\/div>\n            <\/div>\n        <\/div>\n    <\/div>\n    <div class=\"col-12 col-lg-7 d-flex\">\n        <div class=\"card rounded-0 rounded-end border-0 shadow w-100\">\n            <div class=\"card-body bg-transparent-on-contraste my-2 mx-3\">\n                <ul class=\"nav nav-pills justify-content-center\" id=\"40617998-6a8d-4ad4-a5ac-f6962a6c467f\" role=\"tablist\">\n                    <li class=\"nav-item\" role=\"presentation\">\n            <button class=\"nav-link active\" id=\"section-40617998-6a8d-4ad4-a5ac-f6962a6c467f-resumo-tab\" data-bs-toggle=\"tab\" data-bs-target=\"#section-40617998-6a8d-4ad4-a5ac-f6962a6c467f-resumo\" type=\"button\" role=\"tab\" aria-controls=\"section-40617998-6a8d-4ad4-a5ac-f6962a6c467f-resumo\"  aria-selected=\"true\" >Resumo<\/button>\n        <\/li>\n                    <li class=\"nav-item\" role=\"presentation\">\n            <button class=\"nav-link \" id=\"section-40617998-6a8d-4ad4-a5ac-f6962a6c467f-organizacao-tab\" data-bs-toggle=\"tab\" data-bs-target=\"#section-40617998-6a8d-4ad4-a5ac-f6962a6c467f-organizacao\" type=\"button\" role=\"tab\" aria-controls=\"section-40617998-6a8d-4ad4-a5ac-f6962a6c467f-organizacao\" >Organiza\u00e7\u00e3o<\/button>\n        <\/li>\n                    <li class=\"nav-item\" role=\"presentation\">\n            <button class=\"nav-link \" id=\"section-40617998-6a8d-4ad4-a5ac-f6962a6c467f-autoria-tab\" data-bs-toggle=\"tab\" data-bs-target=\"#section-40617998-6a8d-4ad4-a5ac-f6962a6c467f-autoria\" type=\"button\" role=\"tab\" aria-controls=\"section-40617998-6a8d-4ad4-a5ac-f6962a6c467f-autoria\" >Autoria<\/button>\n        <\/li>\n                    <li class=\"nav-item\" role=\"presentation\">\n            <button class=\"nav-link \" id=\"section-40617998-6a8d-4ad4-a5ac-f6962a6c467f-outros-dados-tab\" data-bs-toggle=\"tab\" data-bs-target=\"#section-40617998-6a8d-4ad4-a5ac-f6962a6c467f-outros-dados\" type=\"button\" role=\"tab\" aria-controls=\"section-40617998-6a8d-4ad4-a5ac-f6962a6c467f-outros-dados\" >Dados da Obra<\/button>\n        <\/li>\n                    <li class=\"nav-item\" role=\"presentation\">\n            <button class=\"nav-link \" id=\"section-40617998-6a8d-4ad4-a5ac-f6962a6c467f-cnpq-tab\" data-bs-toggle=\"tab\" data-bs-target=\"#section-40617998-6a8d-4ad4-a5ac-f6962a6c467f-cnpq\" type=\"button\" role=\"tab\" aria-controls=\"section-40617998-6a8d-4ad4-a5ac-f6962a6c467f-cnpq\" >CNPq<\/button>\n        <\/li>\n    <\/ul>\n<div class=\"tab-content\" id=\"40617998-6a8d-4ad4-a5ac-f6962a6c467fContent\">\n            <div class=\"tab-pane fade show active pt-3\" id=\"section-40617998-6a8d-4ad4-a5ac-f6962a6c467f-resumo\" role=\"tabpanel\" aria-labelledby=\"section-40617998-6a8d-4ad4-a5ac-f6962a6c467f-resumo-tab\">\n            A partir da tem\u00e1tica proposta que envolve discuss\u00f5es acerca do poder,\r\nda cultura e das fronteiras, nos seus mais diversos \u00e2mbitos e n\u00edveis de\r\nmanifesta\u00e7\u00f5es e preocupa\u00e7\u00f5es, busca-se apresentar neste livro um conjunto de\r\ntextos resultantes das reflex\u00f5es proporcionadas pelo I Congresso Internacional\r\nde Hist\u00f3ria da Universidade Federal de Santa Maria, organizado pelo Programa\r\nde P\u00f3s-Gradua\u00e7\u00e3o em Hist\u00f3ria, em Santa Maria, RS, Brasil em 2016, que\r\ncontou com o importante apoio da CAPES e da FAPERGS, e que se inseriu nas\r\natividades de prepara\u00e7\u00e3o para o Ano do Entendimento Global e Revaloriza\u00e7\u00e3o\r\ndas Humanidades promovido pela Unesco.\r\nNesse livro, pretende-se contemplar discuss\u00f5es relevantes, diversificadas e\r\nde qualidade que possam contribuir para a constru\u00e7\u00e3o de novas perspectivas para\r\na \u00e1rea das Ci\u00eancias Humanas e Sociais, e em especial para a Hist\u00f3ria, integrando\r\npesquisadores em um espa\u00e7o constru\u00eddo que visa \u00e0 coopera\u00e7\u00e3o cient\u00edfica,\r\ntecnol\u00f3gica, educativa e cultural a partir de um di\u00e1logo de car\u00e1ter internacional.        <\/div>\n            <div class=\"tab-pane fade  pt-3\" id=\"section-40617998-6a8d-4ad4-a5ac-f6962a6c467f-organizacao\" role=\"tabpanel\" aria-labelledby=\"section-40617998-6a8d-4ad4-a5ac-f6962a6c467f-organizacao-tab\">\n            <div class=\"row row-cols-1 row-cols-md-2\">\n            <div class=\"col p-1\">\n            <div class=\"border-bottom border-1 h-100\">\n                Padoin, Maria Medianeira            <\/div>\n        <\/div>\n            <div class=\"col p-1\">\n            <div class=\"border-bottom border-1 h-100\">\n                Novales, Ana Frega            <\/div>\n        <\/div>\n        \n<\/div>\n        <\/div>\n            <div class=\"tab-pane fade  pt-3\" id=\"section-40617998-6a8d-4ad4-a5ac-f6962a6c467f-autoria\" role=\"tabpanel\" aria-labelledby=\"section-40617998-6a8d-4ad4-a5ac-f6962a6c467f-autoria-tab\">\n            <div class=\"row row-cols-1 row-cols-md-2\">\n            <div class=\"col p-1\">\n            <div class=\"border-bottom border-1 h-100\">\n                Oosterbeek, Luiz            <\/div>\n        <\/div>\n            <div class=\"col p-1\">\n            <div class=\"border-bottom border-1 h-100\">\n                Soux, Mar\u00eda Luisa            <\/div>\n        <\/div>\n            <div class=\"col p-1\">\n            <div class=\"border-bottom border-1 h-100\">\n                Nodari, Eunice Sueli            <\/div>\n        <\/div>\n            <div class=\"col p-1\">\n            <div class=\"border-bottom border-1 h-100\">\n                Tedeschi, Sonia Rosa            <\/div>\n        <\/div>\n            <div class=\"col p-1\">\n            <div class=\"border-bottom border-1 h-100\">\n                Silva, Naiani Machado da            <\/div>\n        <\/div>\n            <div class=\"col p-1\">\n            <div class=\"border-bottom border-1 h-100\">\n                Rossato, Monica            <\/div>\n        <\/div>\n            <div class=\"col p-1\">\n            <div class=\"border-bottom border-1 h-100\">\n                Padoin, Maria Medianeira            <\/div>\n        <\/div>\n            <div class=\"col p-1\">\n            <div class=\"border-bottom border-1 h-100\">\n                Souza, Susana Bleil de            <\/div>\n        <\/div>\n            <div class=\"col p-1\">\n            <div class=\"border-bottom border-1 h-100\">\n                Chiaramonte, Jos\u00e9 Carlos            <\/div>\n        <\/div>\n            <div class=\"col p-1\">\n            <div class=\"border-bottom border-1 h-100\">\n                Konrad, Diorge Alceno            <\/div>\n        <\/div>\n            <div class=\"col p-1\">\n            <div class=\"border-bottom border-1 h-100\">\n                Lima, Bruna            <\/div>\n        <\/div>\n            <div class=\"col p-1\">\n            <div class=\"border-bottom border-1 h-100\">\n                Maciel, Renata Baldin            <\/div>\n        <\/div>\n        \n<\/div>\n        <\/div>\n            <div class=\"tab-pane fade  pt-3\" id=\"section-40617998-6a8d-4ad4-a5ac-f6962a6c467f-outros-dados\" role=\"tabpanel\" aria-labelledby=\"section-40617998-6a8d-4ad4-a5ac-f6962a6c467f-outros-dados-tab\">\n            <dl class=\"row\">\n    <dt class=\"col-12 col-md-3\">Publica\u00e7\u00e3o<\/dt>\n    <dd class=\"col-12 col-md-9\">\n        <dl class=\"row\">\n            <dt class=\"col-12 col-md-4\">Ano<\/dt>\n            <dd class=\"col-12 col-md-8\">2017<\/dd>\n            <dt class=\"col-12 col-md-4\">ISBN<\/dt>\n            <dd class=\"col-12 col-md-8\">9788583840480<\/dd>\n        <\/dl>\n    <\/dd>\n                <dt class=\"col-12 col-md-3\">Assuntos<\/dt>\n        <dd class=\"col-12 col-md-9\">Hist\u00f3ria;<br>Fronteiras;<br>Cultura;<br>Migra\u00e7\u00f5es;<br>Patrim\u00f4nio<\/dd>\n                <dt class=\"col-12 col-md-3\">Licen\u00e7a<\/dt>\n        <dd class=\"col-12 col-md-9\">\n            Acesso Aberto;<br>Attribution-NonCommercial-NoDerivatives 4.0 International;<br><a target='_blank' href='http:\/\/creativecommons.org\/licenses\/by-nc-nd\/4.0\/'>http:\/\/creativecommons.org\/licenses\/by-nc-nd\/4.0\/<\/a>        <\/dd>\n        \n<\/dl>\n        <\/div>\n            <div class=\"tab-pane fade  pt-3\" id=\"section-40617998-6a8d-4ad4-a5ac-f6962a6c467f-cnpq\" role=\"tabpanel\" aria-labelledby=\"section-40617998-6a8d-4ad4-a5ac-f6962a6c467f-cnpq-tab\">\n            <dl class=\"row\">\n    <dt class=\"col-12 col-md-3\">Grande \u00e1rea<\/dt>\n    <dd class=\"col-12 col-md-9 text-capitalize\">ciencias humanas<\/dd>\n    \n    <\/dl>\n<hr class=\"border border-top border-secondary mb-3\"><dl class=\"row\">\n    <dt class=\"col-12 col-md-3\">Grande \u00e1rea<\/dt>\n    <dd class=\"col-12 col-md-9 text-capitalize\">ciencias sociais aplicadas<\/dd>\n    \n    <\/dl>\n        <\/div>\n    <\/div>\n            <\/div>\n        <\/div>\n    <\/div>\n<\/div>\n\t\t<\/div>\n\t\t\t\t<\/div>\n\t\t\t\t<div class=\"elementor-element elementor-element-41808382 elementor-widget elementor-widget-spacer\" data-id=\"41808382\" data-element_type=\"widget\" data-widget_type=\"spacer.default\">\n\t\t\t\t<div class=\"elementor-widget-container\">\n\t\t\t\t\t<div class=\"elementor-spacer\">\n\t\t\t<div class=\"elementor-spacer-inner\"><\/div>\n\t\t<\/div>\n\t\t\t\t<\/div>\n\t\t\t\t<\/div>\n\t\t\t\t<div class=\"elementor-element elementor-element-77700a22 elementor-widget elementor-widget-wp-widget-ufsm_noticias_widget\" data-id=\"77700a22\" data-element_type=\"widget\" data-widget_type=\"wp-widget-ufsm_noticias_widget.default\">\n\t\t\t\t<div class=\"elementor-widget-container\">\n\t\t\t<h5 class='titulo-conteudos'>Publica\u00e7\u00f5es Relacionadas<\/h5><div class='widget-noticias-inside'>\n                        <div class=\"row\">\n                                    <div class=\"col-12 col-lg-3 pb-4\">\n                                            <div class=\"noticias-widget-wrap\" style=\"height: 280px; overflow: hidden;\">\n                            <a title=\"Capa do ebook Concurso liter\u00e1rio \u201cAs lembran\u00e7as que eu tenho da UFSM\/FW\u201d Edi\u00e7\u00f5es 2023 e 2024\" href=\"https:\/\/www.ufsm.br\/editoras\/facos\/concurso-literario-as-lembrancas-que-eu-tenho-da-ufsm-fw-edicoes-2023-e-2024\">\n                                <span class=\"visually-hidden\">\n                                    Capa do ebook Concurso liter\u00e1rio \u201cAs lembran\u00e7as que eu tenho da UFSM\/FW\u201d Edi\u00e7\u00f5es 2023 e 2024                                <\/span>\n                                <div class=\"noticias-widget-thumbs h-100\">\n                                    <img decoding=\"async\" class=\"object-fit-cover h-100 w-100\" alt=\"\" srcset=\"https:\/\/www.ufsm.br\/app\/uploads\/sites\/746\/2026\/01\/Concurso_literario-212x300.jpg 212w, https:\/\/www.ufsm.br\/app\/uploads\/sites\/746\/2026\/01\/Concurso_literario.jpg 596w\" src=\"https:\/\/www.ufsm.br\/app\/uploads\/sites\/746\/2026\/01\/Concurso_literario.jpg\"><\/img>\n                                <\/div>\n                            <\/a>\n                        <\/div>\n                                        \n                                        \n                    \n                    <a class=\"noticias-widget-title d-block  m-0 \"  title=\"Concurso liter\u00e1rio \u201cAs lembran\u00e7as que eu tenho da UFSM\/FW\u201d: Edi\u00e7\u00f5es 2023 e 2024\" href=\"https:\/\/www.ufsm.br\/editoras\/facos\/concurso-literario-as-lembrancas-que-eu-tenho-da-ufsm-fw-edicoes-2023-e-2024\">\n                                                Concurso liter\u00e1rio \u201cAs lembran\u00e7as que eu tenho da UFSM\/FW\u201d: Edi\u00e7\u00f5es 2023 e 2024                    <\/a>\n                    \n                    \n                                        \n                                        \n                                        <\/div>\n                                    <div class=\"col-12 col-lg-3 pb-4\">\n                                            <div class=\"noticias-widget-wrap\" style=\"height: 280px; overflow: hidden;\">\n                            <a title=\"Anais 7 SENAFE e 3 SEINFE\" href=\"https:\/\/www.ufsm.br\/editoras\/facos\/anais-vii-senafe-e-iii-seinfe\">\n                                <span class=\"visually-hidden\">\n                                    Anais 7 SENAFE e 3 SEINFE                                <\/span>\n                                <div class=\"noticias-widget-thumbs h-100\">\n                                    <img decoding=\"async\" class=\"object-fit-cover h-100 w-100\" alt=\"\" srcset=\"https:\/\/www.ufsm.br\/app\/uploads\/sites\/746\/2025\/11\/Anais-Senafe-2024-212x300.jpg 212w, https:\/\/www.ufsm.br\/app\/uploads\/sites\/746\/2025\/11\/Anais-Senafe-2024-724x1024.jpg 724w, https:\/\/www.ufsm.br\/app\/uploads\/sites\/746\/2025\/11\/Anais-Senafe-2024-768x1086.jpg 768w, https:\/\/www.ufsm.br\/app\/uploads\/sites\/746\/2025\/11\/Anais-Senafe-2024-1086x1536.jpg 1086w, https:\/\/www.ufsm.br\/app\/uploads\/sites\/746\/2025\/11\/Anais-Senafe-2024-1448x2048.jpg 1448w, https:\/\/www.ufsm.br\/app\/uploads\/sites\/746\/2025\/11\/Anais-Senafe-2024-scaled.jpg 1810w\" src=\"https:\/\/www.ufsm.br\/app\/uploads\/sites\/746\/2025\/11\/Anais-Senafe-2024-724x1024.jpg\"><\/img>\n                                <\/div>\n                            <\/a>\n                        <\/div>\n                                        \n                                        \n                    \n                    <a class=\"noticias-widget-title d-block  m-0 \"  title=\"Anais VII SENAFE e III SEINFE\u00a0\" href=\"https:\/\/www.ufsm.br\/editoras\/facos\/anais-vii-senafe-e-iii-seinfe\">\n                                                Anais VII SENAFE e III SEINFE\u00a0                    <\/a>\n                    \n                    \n                                        \n                                        \n                                        <\/div>\n                                    <div class=\"col-12 col-lg-3 pb-4\">\n                                            <div class=\"noticias-widget-wrap\" style=\"height: 280px; overflow: hidden;\">\n                            <a title=\"Capa do ebook Filosofia e Educa\u00e7\u00e3o\" href=\"https:\/\/www.ufsm.br\/editoras\/facos\/filosofia-e-educacao-sustentabilidade-violencia-escolar-e-formacao-para-a-cidadania\">\n                                <span class=\"visually-hidden\">\n                                    Capa do ebook Filosofia e Educa\u00e7\u00e3o                                <\/span>\n                                <div class=\"noticias-widget-thumbs h-100\">\n                                    <img decoding=\"async\" class=\"object-fit-cover h-100 w-100\" alt=\"\" srcset=\"https:\/\/www.ufsm.br\/app\/uploads\/sites\/746\/2025\/11\/Filosofia-e-educacao-212x300.jpg 212w, https:\/\/www.ufsm.br\/app\/uploads\/sites\/746\/2025\/11\/Filosofia-e-educacao-724x1024.jpg 724w, https:\/\/www.ufsm.br\/app\/uploads\/sites\/746\/2025\/11\/Filosofia-e-educacao-768x1086.jpg 768w, https:\/\/www.ufsm.br\/app\/uploads\/sites\/746\/2025\/11\/Filosofia-e-educacao-1086x1536.jpg 1086w, https:\/\/www.ufsm.br\/app\/uploads\/sites\/746\/2025\/11\/Filosofia-e-educacao.jpg 1092w\" src=\"https:\/\/www.ufsm.br\/app\/uploads\/sites\/746\/2025\/11\/Filosofia-e-educacao-724x1024.jpg\"><\/img>\n                                <\/div>\n                            <\/a>\n                        <\/div>\n                                        \n                                        \n                    \n                    <a class=\"noticias-widget-title d-block  m-0 \"  title=\"Filosofia e educa\u00e7\u00e3o: sustentabilidade, viol\u00eancia escolar e forma\u00e7\u00e3o para a cidadania\" href=\"https:\/\/www.ufsm.br\/editoras\/facos\/filosofia-e-educacao-sustentabilidade-violencia-escolar-e-formacao-para-a-cidadania\">\n                                                Filosofia e educa\u00e7\u00e3o: sustentabilidade, viol\u00eancia escolar e forma\u00e7\u00e3o para a cidadania                    <\/a>\n                    \n                    \n                                        \n                                        \n                                        <\/div>\n                                    <div class=\"col-12 col-lg-3 pb-4\">\n                                            <div class=\"noticias-widget-wrap\" style=\"height: 280px; overflow: hidden;\">\n                            <a title=\"Capa do livro Identidades e territ\u00f3rios\" href=\"https:\/\/www.ufsm.br\/editoras\/facos\/identidades-territorios-cultura-comunicacao-e-desenvolvimento\">\n                                <span class=\"visually-hidden\">\n                                    Capa do livro Identidades e territ\u00f3rios                                <\/span>\n                                <div class=\"noticias-widget-thumbs h-100\">\n                                    <img decoding=\"async\" class=\"object-fit-cover h-100 w-100\" alt=\"\" srcset=\"https:\/\/www.ufsm.br\/app\/uploads\/sites\/746\/2025\/08\/IDENTIDADES_E_TERRITORIOS-212x300.png 212w, https:\/\/www.ufsm.br\/app\/uploads\/sites\/746\/2025\/08\/IDENTIDADES_E_TERRITORIOS-724x1024.png 724w, https:\/\/www.ufsm.br\/app\/uploads\/sites\/746\/2025\/08\/IDENTIDADES_E_TERRITORIOS-768x1086.png 768w, https:\/\/www.ufsm.br\/app\/uploads\/sites\/746\/2025\/08\/IDENTIDADES_E_TERRITORIOS-1086x1536.png 1086w, https:\/\/www.ufsm.br\/app\/uploads\/sites\/746\/2025\/08\/IDENTIDADES_E_TERRITORIOS-1448x2048.png 1448w, https:\/\/www.ufsm.br\/app\/uploads\/sites\/746\/2025\/08\/IDENTIDADES_E_TERRITORIOS.png 1654w\" src=\"https:\/\/www.ufsm.br\/app\/uploads\/sites\/746\/2025\/08\/IDENTIDADES_E_TERRITORIOS-724x1024.png\"><\/img>\n                                <\/div>\n                            <\/a>\n                        <\/div>\n                                        \n                                        \n                    \n                    <a class=\"noticias-widget-title d-block  m-0 \"  title=\"Identidades &amp; territ\u00f3rios: cultura, comunica\u00e7\u00e3o e desenvolvimento\" href=\"https:\/\/www.ufsm.br\/editoras\/facos\/identidades-territorios-cultura-comunicacao-e-desenvolvimento\">\n                                                Identidades &amp; territ\u00f3rios: cultura, comunica\u00e7\u00e3o e desenvolvimento                    <\/a>\n                    \n                    \n                                        \n                                        \n                                        <\/div>\n                            <\/div>\n            <\/div>\n\t\t<\/div>\n\t\t\t\t<\/div>\n\t\t\t\t\t<\/div>\n\t\t<\/div>\n\t\t\t\t\t<\/div>\n\t\t<\/section>\n\t\t\t\t<\/div>\n\t\t","protected":false},"excerpt":{"rendered":"<p>Hist\u00f3ria: poder, cultura e fronteiras Maria Medianeira Padoin e Ana Frega Novales (organizadores)<\/p>\n","protected":false},"author":3829,"featured_media":269,"parent":0,"menu_order":0,"comment_status":"closed","ping_status":"closed","template":"","meta":{"footnotes":""},"categories":[141,140],"tags":[121,119,46,118,120,122],"class_list":["post-180","page","type-page","status-publish","has-post-thumbnail","hentry","category-cultura","category-historia","tag-cultura","tag-fronteiras","tag-historia","tag-migracoes","tag-patrimonio","tag-poder"],"acf":[],"_links":{"self":[{"href":"https:\/\/www.ufsm.br\/editoras\/facos\/wp-json\/wp\/v2\/pages\/180","targetHints":{"allow":["GET"]}}],"collection":[{"href":"https:\/\/www.ufsm.br\/editoras\/facos\/wp-json\/wp\/v2\/pages"}],"about":[{"href":"https:\/\/www.ufsm.br\/editoras\/facos\/wp-json\/wp\/v2\/types\/page"}],"author":[{"embeddable":true,"href":"https:\/\/www.ufsm.br\/editoras\/facos\/wp-json\/wp\/v2\/users\/3829"}],"replies":[{"embeddable":true,"href":"https:\/\/www.ufsm.br\/editoras\/facos\/wp-json\/wp\/v2\/comments?post=180"}],"version-history":[{"count":0,"href":"https:\/\/www.ufsm.br\/editoras\/facos\/wp-json\/wp\/v2\/pages\/180\/revisions"}],"wp:featuredmedia":[{"embeddable":true,"href":"https:\/\/www.ufsm.br\/editoras\/facos\/wp-json\/wp\/v2\/media\/269"}],"wp:attachment":[{"href":"https:\/\/www.ufsm.br\/editoras\/facos\/wp-json\/wp\/v2\/media?parent=180"}],"wp:term":[{"taxonomy":"category","embeddable":true,"href":"https:\/\/www.ufsm.br\/editoras\/facos\/wp-json\/wp\/v2\/categories?post=180"},{"taxonomy":"post_tag","embeddable":true,"href":"https:\/\/www.ufsm.br\/editoras\/facos\/wp-json\/wp\/v2\/tags?post=180"}],"curies":[{"name":"wp","href":"https:\/\/api.w.org\/{rel}","templated":true}]}}