{"id":183,"date":"2021-03-31T12:13:29","date_gmt":"2021-03-31T15:13:29","guid":{"rendered":"https:\/\/www.ufsm.br\/editoras\/facos\/?page_id=183"},"modified":"2021-06-03T18:41:02","modified_gmt":"2021-06-03T21:41:02","slug":"a-corrida-de-sol","status":"publish","type":"page","link":"https:\/\/www.ufsm.br\/editoras\/facos\/a-corrida-de-sol","title":{"rendered":"A corrida de Sol"},"content":{"rendered":"\t\t<div data-elementor-type=\"wp-page\" data-elementor-id=\"183\" class=\"elementor elementor-183\">\n\t\t\t\t\t\t<section class=\"elementor-section elementor-top-section elementor-element elementor-element-6b905e19 elementor-section-boxed elementor-section-height-default elementor-section-height-default\" data-id=\"6b905e19\" data-element_type=\"section\">\n\t\t\t\t\t\t<div class=\"elementor-container elementor-column-gap-default\">\n\t\t\t\t\t<div class=\"elementor-column elementor-col-100 elementor-top-column elementor-element elementor-element-75b0ece5\" data-id=\"75b0ece5\" data-element_type=\"column\">\n\t\t\t<div class=\"elementor-widget-wrap elementor-element-populated\">\n\t\t\t\t\t\t<div class=\"elementor-element elementor-element-5efd50d0 elementor-widget elementor-widget-text-editor\" data-id=\"5efd50d0\" data-element_type=\"widget\" data-widget_type=\"text-editor.default\">\n\t\t\t\t<div class=\"elementor-widget-container\">\n\t\t\t\t\t\t\t<h1><span style=\"font-size: 2.5rem;background-color: transparent;color: black\">A corrida de Sol<\/span><\/h1>\n<h6>Estela Maris Jurach, Andr\u00e9 Krusser Dalmazzo, Angela Ruviaro Busanello Stella, Aline Munekata<br>Gon\u00e7alves, Bernardo da Silva Munareto, Carolina Rodrigues e Rodrigues, Kamila Gomes Machado, Laura<br>Gon\u00e7alves Rodrigues, Larissa Maria Coutinho da Silva e Mariana Marquezan.<\/h6>\t\t\t\t\t\t<\/div>\n\t\t\t\t<\/div>\n\t\t\t\t<section class=\"elementor-section elementor-inner-section elementor-element elementor-element-7be52351 elementor-hidden-tablet elementor-section-boxed elementor-section-height-default elementor-section-height-default\" data-id=\"7be52351\" data-element_type=\"section\">\n\t\t\t\t\t\t<div class=\"elementor-container elementor-column-gap-default\">\n\t\t\t\t\t<div class=\"elementor-column elementor-col-50 elementor-inner-column elementor-element elementor-element-769e919d\" data-id=\"769e919d\" data-element_type=\"column\">\n\t\t\t<div class=\"elementor-widget-wrap elementor-element-populated\">\n\t\t\t\t\t\t<div class=\"elementor-element elementor-element-35859e3e elementor-widget elementor-widget-text-editor\" data-id=\"35859e3e\" data-element_type=\"widget\" data-widget_type=\"text-editor.default\">\n\t\t\t\t<div class=\"elementor-widget-container\">\n\t\t\t\t\t\t\t<figure id=\"attachment_217\" aria-describedby=\"caption-attachment-217\" style=\"width: 300px\" class=\"wp-caption aligncenter\"><img fetchpriority=\"high\" decoding=\"async\" class=\"size-medium wp-image-217\" src=\"https:\/\/www.ufsm.br\/app\/uploads\/sites\/746\/2021\/06\/A-Corrida-de-Sol-ebook-capa-300x252.jpg\" alt=\"\" width=\"300\" height=\"252\" srcset=\"https:\/\/www.ufsm.br\/app\/uploads\/sites\/746\/2021\/06\/A-Corrida-de-Sol-ebook-capa-300x252.jpg 300w, https:\/\/www.ufsm.br\/app\/uploads\/sites\/746\/2021\/06\/A-Corrida-de-Sol-ebook-capa.jpg 590w\" sizes=\"(max-width: 300px) 100vw, 300px\" \/><figcaption id=\"caption-attachment-217\" class=\"wp-caption-text\">A corrida de Sol<\/figcaption><\/figure>\t\t\t\t\t\t<\/div>\n\t\t\t\t<\/div>\n\t\t\t\t\t<\/div>\n\t\t<\/div>\n\t\t\t\t<div class=\"elementor-column elementor-col-50 elementor-inner-column elementor-element elementor-element-211b4411\" data-id=\"211b4411\" data-element_type=\"column\">\n\t\t\t<div class=\"elementor-widget-wrap elementor-element-populated\">\n\t\t\t\t\t\t<div class=\"elementor-element elementor-element-4ef022a1 elementor-widget elementor-widget-text-editor\" data-id=\"4ef022a1\" data-element_type=\"widget\" data-widget_type=\"text-editor.default\">\n\t\t\t\t<div class=\"elementor-widget-container\">\n\t\t\t\t\t\t\t<div class=\"simple-item-view-description item-page-field-wrapper table\"><div class=\"simple-item-view-description item-page-field-wrapper table\"><div>Esta produ\u00e7\u00e3o \u00e9 o resultado da a\u00e7\u00e3o conjunta de acad\u00eamicos de gradua\u00e7\u00e3o e docentes dos cursos de Odontologia, Fonoaudiologia e Desenho Industrial da Universidade Federal de Santa Maria, realizado no programa de extens\u00e3o, intitulado \u201cSa\u00fade em conto\u201d. O objetivo deste material \u00e9 promover esclarecimentos acerca da sa\u00fade, contribuindo para o conhecimento da popula\u00e7\u00e3o sobre respira\u00e7\u00e3o oral e suas implica\u00e7\u00f5es, atrav\u00e9s da hist\u00f3ria da personagem \u201cSol\u201d. Agradecemos ao Fundo de Incentivo \u00e0 Extens\u00e3o (FIEX) que disponibilizou recursos para custeio desta produ\u00e7\u00e3o, possibilitando assim maior intera\u00e7\u00e3o entre universidade e sociedade. Desejamos uma boa leitura repleta de descobertas!<\/div><\/div><div class=\"simple-item-view-uri item-page-field-wrapper table\">\u00a0<\/div><\/div><div class=\"simple-item-view-uri item-page-field-wrapper table\">\u00a0<\/div>\t\t\t\t\t\t<\/div>\n\t\t\t\t<\/div>\n\t\t\t\t\t<\/div>\n\t\t<\/div>\n\t\t\t\t\t<\/div>\n\t\t<\/section>\n\t\t\t\t<div class=\"elementor-element elementor-element-6a52b42d elementor-hidden-desktop elementor-hidden-phone elementor-widget elementor-widget-text-editor\" data-id=\"6a52b42d\" data-element_type=\"widget\" data-widget_type=\"text-editor.default\">\n\t\t\t\t<div class=\"elementor-widget-container\">\n\t\t\t\t\t\t\t<figure id=\"attachment_217\" aria-describedby=\"caption-attachment-217\" style=\"width: 300px\" class=\"wp-caption aligncenter\"><img fetchpriority=\"high\" decoding=\"async\" class=\"size-medium wp-image-217\" src=\"https:\/\/www.ufsm.br\/app\/uploads\/sites\/746\/2021\/06\/A-Corrida-de-Sol-ebook-capa-300x252.jpg\" alt=\"\" width=\"300\" height=\"252\" srcset=\"https:\/\/www.ufsm.br\/app\/uploads\/sites\/746\/2021\/06\/A-Corrida-de-Sol-ebook-capa-300x252.jpg 300w, https:\/\/www.ufsm.br\/app\/uploads\/sites\/746\/2021\/06\/A-Corrida-de-Sol-ebook-capa.jpg 590w\" sizes=\"(max-width: 300px) 100vw, 300px\" \/><figcaption id=\"caption-attachment-217\" class=\"wp-caption-text\">A corrida de Sol<\/figcaption><\/figure><p>Esta produ\u00e7\u00e3o \u00e9 o resultado da a\u00e7\u00e3o conjunta de acad\u00eamicos de gradua\u00e7\u00e3o e docentes dos cursos de Odontologia, Fonoaudiologia e Desenho Industrial da Universidade Federal de Santa Maria, realizado no programa de extens\u00e3o, intitulado \u201cSa\u00fade em conto\u201d. O objetivo deste material \u00e9 promover esclarecimentos acerca da sa\u00fade, contribuindo para o conhecimento da popula\u00e7\u00e3o sobre respira\u00e7\u00e3o oral e suas implica\u00e7\u00f5es, atrav\u00e9s da hist\u00f3ria da personagem \u201cSol\u201d. Agradecemos ao Fundo de Incentivo \u00e0 Extens\u00e3o (FIEX) que disponibilizou recursos para custeio desta produ\u00e7\u00e3o, possibilitando assim maior intera\u00e7\u00e3o entre universidade e sociedade. Desejamos uma boa leitura repleta de descobertas!<\/p>\t\t\t\t\t\t<\/div>\n\t\t\t\t<\/div>\n\t\t\t\t<div class=\"elementor-element elementor-element-2b22e6e4 elementor-widget elementor-widget-heading\" data-id=\"2b22e6e4\" data-element_type=\"widget\" data-widget_type=\"heading.default\">\n\t\t\t\t<div class=\"elementor-widget-container\">\n\t\t\t<h4 class=\"elementor-heading-title elementor-size-default\">Acesso \u00e0 obra<\/h4>\t\t<\/div>\n\t\t\t\t<\/div>\n\t\t\t\t\t<\/div>\n\t\t<\/div>\n\t\t\t\t\t<\/div>\n\t\t<\/section>\n\t\t\t\t<section class=\"elementor-section elementor-top-section elementor-element elementor-element-419de8cf elementor-section-boxed elementor-section-height-default elementor-section-height-default\" data-id=\"419de8cf\" data-element_type=\"section\">\n\t\t\t\t\t\t<div class=\"elementor-container elementor-column-gap-default\">\n\t\t\t\t\t<div class=\"elementor-column elementor-col-25 elementor-top-column elementor-element elementor-element-6ce13419\" data-id=\"6ce13419\" data-element_type=\"column\">\n\t\t\t<div class=\"elementor-widget-wrap\">\n\t\t\t\t\t\t\t<\/div>\n\t\t<\/div>\n\t\t\t\t<div class=\"elementor-column elementor-col-25 elementor-top-column elementor-element elementor-element-6c26e399\" data-id=\"6c26e399\" data-element_type=\"column\">\n\t\t\t<div class=\"elementor-widget-wrap elementor-element-populated\">\n\t\t\t\t\t\t<div class=\"elementor-element elementor-element-68dceb5b elementor-align-center elementor-widget elementor-widget-button\" data-id=\"68dceb5b\" data-element_type=\"widget\" data-widget_type=\"button.default\">\n\t\t\t\t<div class=\"elementor-widget-container\">\n\t\t\t\t\t\t\t<div class=\"elementor-button-wrapper\">\n\t\t\t\t\t<a class=\"elementor-button elementor-button-link elementor-size-md\" href=\"https:\/\/repositorio.ufsm.br\/bitstream\/handle\/1\/20137\/191218%20-%20A%20Corrida%20de%20Sol%20-%20ebook%282%29.pdf?sequence=1&#038;isAllowed=y\">\n\t\t\t\t\t\t<span class=\"elementor-button-content-wrapper\">\n\t\t\t\t\t\t\t\t\t<span class=\"elementor-button-text\">Vers\u00e3o PDF<\/span>\n\t\t\t\t\t<\/span>\n\t\t\t\t\t<\/a>\n\t\t\t\t<\/div>\n\t\t\t\t\t\t<\/div>\n\t\t\t\t<\/div>\n\t\t\t\t\t<\/div>\n\t\t<\/div>\n\t\t\t\t<div class=\"elementor-column elementor-col-25 elementor-top-column elementor-element elementor-element-15f1236f\" data-id=\"15f1236f\" data-element_type=\"column\">\n\t\t\t<div class=\"elementor-widget-wrap elementor-element-populated\">\n\t\t\t\t\t\t<div class=\"elementor-element elementor-element-6ab0f46d elementor-align-center elementor-widget elementor-widget-button\" data-id=\"6ab0f46d\" data-element_type=\"widget\" data-widget_type=\"button.default\">\n\t\t\t\t<div class=\"elementor-widget-container\">\n\t\t\t\t\t\t\t<div class=\"elementor-button-wrapper\">\n\t\t\t\t\t<a class=\"elementor-button elementor-button-link elementor-size-md\" href=\"https:\/\/repositorio.ufsm.br\/handle\/1\/20137\">\n\t\t\t\t\t\t<span class=\"elementor-button-content-wrapper\">\n\t\t\t\t\t\t\t\t\t<span class=\"elementor-button-text\">No Manancial<\/span>\n\t\t\t\t\t<\/span>\n\t\t\t\t\t<\/a>\n\t\t\t\t<\/div>\n\t\t\t\t\t\t<\/div>\n\t\t\t\t<\/div>\n\t\t\t\t\t<\/div>\n\t\t<\/div>\n\t\t\t\t<div class=\"elementor-column elementor-col-25 elementor-top-column elementor-element elementor-element-35065971\" data-id=\"35065971\" data-element_type=\"column\">\n\t\t\t<div class=\"elementor-widget-wrap\">\n\t\t\t\t\t\t\t<\/div>\n\t\t<\/div>\n\t\t\t\t\t<\/div>\n\t\t<\/section>\n\t\t\t\t<section class=\"elementor-section elementor-top-section elementor-element elementor-element-1f57eb4 elementor-section-boxed elementor-section-height-default elementor-section-height-default\" data-id=\"1f57eb4\" data-element_type=\"section\">\n\t\t\t\t\t\t<div class=\"elementor-container elementor-column-gap-default\">\n\t\t\t\t\t<div class=\"elementor-column elementor-col-100 elementor-top-column elementor-element elementor-element-1c245091\" data-id=\"1c245091\" data-element_type=\"column\">\n\t\t\t<div class=\"elementor-widget-wrap elementor-element-populated\">\n\t\t\t\t\t\t<div class=\"elementor-element elementor-element-66078f50 elementor-tabs-alignment-stretch elementor-tabs-view-horizontal elementor-widget elementor-widget-tabs\" data-id=\"66078f50\" data-element_type=\"widget\" data-settings=\"{&quot;_animation&quot;:&quot;none&quot;}\" data-widget_type=\"tabs.default\">\n\t\t\t\t<div class=\"elementor-widget-container\">\n\t\t\t\t\t<div class=\"elementor-tabs\">\n\t\t\t<div class=\"elementor-tabs-wrapper\" role=\"tablist\" >\n\t\t\t\t\t\t\t\t\t<div id=\"elementor-tab-title-1711\" class=\"elementor-tab-title elementor-tab-desktop-title\" aria-selected=\"true\" data-tab=\"1\" role=\"tab\" tabindex=\"0\" aria-controls=\"elementor-tab-content-1711\" aria-expanded=\"false\">Dados da obra<\/div>\n\t\t\t\t\t\t\t\t\t<div id=\"elementor-tab-title-1712\" class=\"elementor-tab-title elementor-tab-desktop-title\" aria-selected=\"false\" data-tab=\"2\" role=\"tab\" tabindex=\"-1\" aria-controls=\"elementor-tab-content-1712\" aria-expanded=\"false\">Autoria<\/div>\n\t\t\t\t\t\t\t\t\t<div id=\"elementor-tab-title-1713\" class=\"elementor-tab-title elementor-tab-desktop-title\" aria-selected=\"false\" data-tab=\"3\" role=\"tab\" tabindex=\"-1\" aria-controls=\"elementor-tab-content-1713\" aria-expanded=\"false\">Licen\u00e7a Creative Commons<\/div>\n\t\t\t\t\t\t\t<\/div>\n\t\t\t<div class=\"elementor-tabs-content-wrapper\" role=\"tablist\" aria-orientation=\"vertical\">\n\t\t\t\t\t\t\t\t\t<div class=\"elementor-tab-title elementor-tab-mobile-title\" aria-selected=\"true\" data-tab=\"1\" role=\"tab\" tabindex=\"0\" aria-controls=\"elementor-tab-content-1711\" aria-expanded=\"false\">Dados da obra<\/div>\n\t\t\t\t\t<div id=\"elementor-tab-content-1711\" class=\"elementor-tab-content elementor-clearfix\" data-tab=\"1\" role=\"tabpanel\" aria-labelledby=\"elementor-tab-title-1711\" tabindex=\"0\" hidden=\"false\"><p><b>Publica\u00e7\u00e3o:<br \/><\/b>2019 \/ 1\u00aa edi\u00e7\u00e3o<br \/>ISBN: 978-85-8384-094-7<\/p>\n<p><b>Refer\u00eancia:<\/b>\u00a0<br \/><span style=\"color: #333333\">JURACH, Estela Maris et al. <strong>A corrida de Sol<\/strong>. Santa Maria\/RS: FACOS-UFSM, 2019. 30 p. (Recurso eletr\u00f4nico)<\/span><\/p><\/div>\n\t\t\t\t\t\t\t\t\t<div class=\"elementor-tab-title elementor-tab-mobile-title\" aria-selected=\"false\" data-tab=\"2\" role=\"tab\" tabindex=\"-1\" aria-controls=\"elementor-tab-content-1712\" aria-expanded=\"false\">Autoria<\/div>\n\t\t\t\t\t<div id=\"elementor-tab-content-1712\" class=\"elementor-tab-content elementor-clearfix\" data-tab=\"2\" role=\"tabpanel\" aria-labelledby=\"elementor-tab-title-1712\" tabindex=\"0\" hidden=\"hidden\"><div style=\"color: #333333;font-family: 'Helvetica Neue', Helvetica, Arial, sans-serif;font-size: 14px\"><span style=\"font-family: georgia, palatino, serif;font-size: 12pt\"><b>Autores:<\/b><\/span><\/div>\n<div style=\"color: #333333;font-family: 'Helvetica Neue', Helvetica, Arial, sans-serif;font-size: 14px\"><span style=\"font-family: georgia, palatino, serif;font-size: 12pt\">Estela Maris Jurach,<\/span><\/div>\n<div style=\"color: #333333;font-family: 'Helvetica Neue', Helvetica, Arial, sans-serif;font-size: 14px\"><span style=\"font-family: georgia, palatino, serif;font-size: 12pt\">Andr\u00e9 Krusser Dalmazzo, <\/span><\/div>\n<div style=\"color: #333333;font-family: 'Helvetica Neue', Helvetica, Arial, sans-serif;font-size: 14px\"><span style=\"font-family: georgia, palatino, serif;font-size: 12pt\">Angela Ruviaro Busanello Stella, <\/span><\/div>\n<div style=\"color: #333333;font-family: 'Helvetica Neue', Helvetica, Arial, sans-serif;font-size: 14px\"><span style=\"font-family: georgia, palatino, serif;font-size: 12pt\">Aline Munekata Gon\u00e7alves, <\/span><\/div>\n<div style=\"color: #333333;font-family: 'Helvetica Neue', Helvetica, Arial, sans-serif;font-size: 14px\"><span style=\"font-family: georgia, palatino, serif;font-size: 12pt\">Bernardo da Silva Munareto, <\/span><\/div>\n<div style=\"color: #333333;font-family: 'Helvetica Neue', Helvetica, Arial, sans-serif;font-size: 14px\"><span style=\"font-family: georgia, palatino, serif;font-size: 12pt\">Carolina Rodrigues e Rodrigues, <\/span><\/div>\n<div style=\"color: #333333;font-family: 'Helvetica Neue', Helvetica, Arial, sans-serif;font-size: 14px\"><span style=\"font-family: georgia, palatino, serif;font-size: 12pt\">Kamila Gomes Machado, <\/span><\/div>\n<div style=\"color: #333333;font-family: 'Helvetica Neue', Helvetica, Arial, sans-serif;font-size: 14px\"><span style=\"font-family: georgia, palatino, serif;font-size: 12pt\">Laura Gon\u00e7alves Rodrigues,<\/span><\/div>\n<div style=\"color: #333333;font-family: 'Helvetica Neue', Helvetica, Arial, sans-serif;font-size: 14px\"><span style=\"font-family: georgia, palatino, serif;font-size: 12pt\">Larissa Maria Coutinho da Silva, <\/span><\/div>\n<div style=\"color: #333333;font-family: 'Helvetica Neue', Helvetica, Arial, sans-serif;font-size: 14px\"><span style=\"font-family: georgia, palatino, serif;font-size: 12pt\">Mariana Marquezan.<\/span><\/div>\n<div style=\"color: #333333;font-family: 'Helvetica Neue', Helvetica, Arial, sans-serif;font-size: 14px\"><br \/><span style=\"font-family: georgia, palatino, serif;font-size: 12pt\"><strong>Ilustra\u00e7\u00f5es: <\/strong><\/span><\/div>\n<div style=\"color: #333333;font-family: 'Helvetica Neue', Helvetica, Arial, sans-serif;font-size: 14px\"><span style=\"font-family: georgia, palatino, serif;font-size: 12pt\">Andersom Alvarenga Brum.<\/span><\/div><\/div>\n\t\t\t\t\t\t\t\t\t<div class=\"elementor-tab-title elementor-tab-mobile-title\" aria-selected=\"false\" data-tab=\"3\" role=\"tab\" tabindex=\"-1\" aria-controls=\"elementor-tab-content-1713\" aria-expanded=\"false\">Licen\u00e7a Creative Commons<\/div>\n\t\t\t\t\t<div id=\"elementor-tab-content-1713\" class=\"elementor-tab-content elementor-clearfix\" data-tab=\"3\" role=\"tabpanel\" aria-labelledby=\"elementor-tab-title-1713\" tabindex=\"0\" hidden=\"hidden\"><p><span style=\"color: #000000;font-size: 16px\">Esta obra est\u00e1 licenciada sob uma Licen\u00e7a Creative\u00a0Commons Atribui\u00e7\u00e3o-N\u00e3oComercial-SemDeriva\u00e7\u00f5es 4.0\u00a0Internacional. Para ver uma c\u00f3pia desta licen\u00e7a, visite:\u00a0<\/span><a style=\"background-color: #ffffff;font-size: 1rem\" href=\"http:\/\/creativecommons.org\/licenses\/by-nc-nd\/4.0\/\" target=\"_blank\" rel=\"noopener\">http:\/\/creativecommons.org\/licenses\/by-nc-nd\/4.0\/<\/a><\/p><\/div>\n\t\t\t\t\t\t\t<\/div>\n\t\t<\/div>\n\t\t\t\t<\/div>\n\t\t\t\t<\/div>\n\t\t\t\t\t<\/div>\n\t\t<\/div>\n\t\t\t\t\t<\/div>\n\t\t<\/section>\n\t\t\t\t<section class=\"elementor-section elementor-top-section elementor-element elementor-element-69b24bef elementor-section-boxed elementor-section-height-default elementor-section-height-default\" data-id=\"69b24bef\" data-element_type=\"section\">\n\t\t\t\t\t\t<div class=\"elementor-container elementor-column-gap-default\">\n\t\t\t\t\t<div class=\"elementor-column elementor-col-100 elementor-top-column elementor-element elementor-element-148c2a60\" data-id=\"148c2a60\" data-element_type=\"column\">\n\t\t\t<div class=\"elementor-widget-wrap elementor-element-populated\">\n\t\t\t\t\t\t<div class=\"elementor-element elementor-element-797441eb elementor-widget elementor-widget-wp-widget-ufsm_noticias_widget\" data-id=\"797441eb\" data-element_type=\"widget\" data-widget_type=\"wp-widget-ufsm_noticias_widget.default\">\n\t\t\t\t<div class=\"elementor-widget-container\">\n\t\t\t<h5 class='titulo-conteudos'>Publica\u00e7\u00f5es Relacionadas<\/h5><div class='widget-noticias-inside'>\n                        <div class=\"row\">\n                                    <div class=\"col-12 col-lg-12 pb-4\">\n                                        \n                                        \n                    \n                    <a class=\"noticias-widget-title d-block \"  title=\"Odontologia em tempos de COVID-19 &#8211; novo universo dos atendimentos em sa\u00fade\" href=\"https:\/\/www.ufsm.br\/editoras\/facos\/odontologia-em-tempos-de-covid-19-novo-universo-dos-atendimentos-em-saude\">\n                                                Odontologia em tempos de COVID-19 &#8211; novo universo dos atendimentos em sa\u00fade                    <\/a>\n                    \n                    \n                                        \n                                        \n                                        <\/div>\n                            <\/div>\n                    <div class=\"row\">\n                                    <div class=\"col-12 col-lg-12 pb-4\">\n                                        \n                                        \n                    \n                    <a class=\"noticias-widget-title d-block \"  title=\"Fonoaudiologia em tempos de de COVID-19 &#8211; novo universo dos atendimentos em sa\u00fade\" href=\"https:\/\/www.ufsm.br\/editoras\/facos\/fonoaudiologia-em-tempos-de-de-covid-19-novo-universo-dos-atendimentos-em-saude\">\n                                                Fonoaudiologia em tempos de de COVID-19 &#8211; novo universo dos atendimentos em sa\u00fade                    <\/a>\n                    \n                    \n                                        \n                                        \n                                        <\/div>\n                            <\/div>\n                    <div class=\"row\">\n                                    <div class=\"col-12 col-lg-12 pb-4\">\n                                        \n                                        \n                    \n                    <a class=\"noticias-widget-title d-block \"  title=\"Odontologia integrada \u2013 bases cient\u00edficas para decis\u00f5es cl\u00ednicas\" href=\"https:\/\/www.ufsm.br\/editoras\/facos\/odontologia-integrada-bases-cientificas-para-decisoes-clinicas\">\n                                                Odontologia integrada \u2013 bases cient\u00edficas para decis\u00f5es cl\u00ednicas                    <\/a>\n                    \n                    \n                                        \n                                        \n                                        <\/div>\n                            <\/div>\n                    <div class=\"row\">\n                                    <div class=\"col-12 col-lg-12 pb-4\">\n                                        \n                                        \n                    \n                    <a class=\"noticias-widget-title d-block \"  title=\"Adeus Bibi: a hora de largar a chupeta\" href=\"https:\/\/www.ufsm.br\/editoras\/facos\/adeus-bibi-a-hora-de-largar-a-chupeta\">\n                                                Adeus Bibi: a hora de largar a chupeta                    <\/a>\n                    \n                    \n                                        \n                                        \n                                        <\/div>\n                            <\/div>\n                    <div class=\"row\">\n                                    <div class=\"col-12 col-lg-12 pb-4\">\n                                        \n                                        \n                    \n                    <a class=\"noticias-widget-title d-block \"  title=\"A corrida de Sol\" href=\"https:\/\/www.ufsm.br\/editoras\/facos\/a-corrida-de-sol\">\n                                                A corrida de Sol                    <\/a>\n                    \n                    \n                                        \n                                        \n                                        <\/div>\n                            <\/div>\n            <\/div>\n\t\t<\/div>\n\t\t\t\t<\/div>\n\t\t\t\t\t<\/div>\n\t\t<\/div>\n\t\t\t\t\t<\/div>\n\t\t<\/section>\n\t\t\t\t<\/div>\n\t\t","protected":false},"excerpt":{"rendered":"<p>A corrida de Sol Estela Maris Jurach, Andr\u00e9 Krusser Dalmazzo, Angela Ruviaro Busanello Stella, Aline MunekataGon\u00e7alves, Bernardo da Silva Munareto, Carolina Rodrigues e Rodrigues, Kamila Gomes Machado, LauraGon\u00e7alves Rodrigues, Larissa Maria Coutinho da Silva e Mariana Marquezan. Esta produ\u00e7\u00e3o \u00e9 o resultado da a\u00e7\u00e3o conjunta de acad\u00eamicos de gradua\u00e7\u00e3o e docentes dos cursos de Odontologia, [&hellip;]<\/p>\n","protected":false},"author":3829,"featured_media":218,"parent":0,"menu_order":0,"comment_status":"closed","ping_status":"closed","template":"","meta":{"footnotes":""},"categories":[131],"tags":[103,111,113,98,114,112],"class_list":["post-183","page","type-page","status-publish","has-post-thumbnail","hentry","category-saude","tag-fonoaudiologia","tag-ortodontia","tag-respiracao-bucal","tag-saude","tag-saude-infantil","tag-sistema-estomatognatico"],"acf":[],"_links":{"self":[{"href":"https:\/\/www.ufsm.br\/editoras\/facos\/wp-json\/wp\/v2\/pages\/183","targetHints":{"allow":["GET"]}}],"collection":[{"href":"https:\/\/www.ufsm.br\/editoras\/facos\/wp-json\/wp\/v2\/pages"}],"about":[{"href":"https:\/\/www.ufsm.br\/editoras\/facos\/wp-json\/wp\/v2\/types\/page"}],"author":[{"embeddable":true,"href":"https:\/\/www.ufsm.br\/editoras\/facos\/wp-json\/wp\/v2\/users\/3829"}],"replies":[{"embeddable":true,"href":"https:\/\/www.ufsm.br\/editoras\/facos\/wp-json\/wp\/v2\/comments?post=183"}],"version-history":[{"count":0,"href":"https:\/\/www.ufsm.br\/editoras\/facos\/wp-json\/wp\/v2\/pages\/183\/revisions"}],"wp:featuredmedia":[{"embeddable":true,"href":"https:\/\/www.ufsm.br\/editoras\/facos\/wp-json\/wp\/v2\/media\/218"}],"wp:attachment":[{"href":"https:\/\/www.ufsm.br\/editoras\/facos\/wp-json\/wp\/v2\/media?parent=183"}],"wp:term":[{"taxonomy":"category","embeddable":true,"href":"https:\/\/www.ufsm.br\/editoras\/facos\/wp-json\/wp\/v2\/categories?post=183"},{"taxonomy":"post_tag","embeddable":true,"href":"https:\/\/www.ufsm.br\/editoras\/facos\/wp-json\/wp\/v2\/tags?post=183"}],"curies":[{"name":"wp","href":"https:\/\/api.w.org\/{rel}","templated":true}]}}