{"id":185,"date":"2021-04-26T19:09:03","date_gmt":"2021-04-26T22:09:03","guid":{"rendered":"https:\/\/www.ufsm.br\/editoras\/facos\/?page_id=185"},"modified":"2021-07-23T11:28:44","modified_gmt":"2021-07-23T14:28:44","slug":"cartas-tabuleiros-e-cartelas-os-jogos-no-ensino-e-aprendizagem-de-historia","status":"publish","type":"page","link":"https:\/\/www.ufsm.br\/editoras\/facos\/cartas-tabuleiros-e-cartelas-os-jogos-no-ensino-e-aprendizagem-de-historia","title":{"rendered":"Cartas, tabuleiros e cartelas: os jogos no ensino e aprendizagem de hist\u00f3ria"},"content":{"rendered":"\t\t<div data-elementor-type=\"wp-page\" data-elementor-id=\"185\" class=\"elementor elementor-185\">\n\t\t\t\t\t\t<section class=\"elementor-section elementor-top-section elementor-element elementor-element-350f7c97 elementor-section-boxed elementor-section-height-default elementor-section-height-default\" data-id=\"350f7c97\" data-element_type=\"section\">\n\t\t\t\t\t\t<div class=\"elementor-container elementor-column-gap-default\">\n\t\t\t\t\t<div class=\"elementor-column elementor-col-100 elementor-top-column elementor-element elementor-element-74b13c33\" data-id=\"74b13c33\" data-element_type=\"column\">\n\t\t\t<div class=\"elementor-widget-wrap elementor-element-populated\">\n\t\t\t\t\t\t<div class=\"elementor-element elementor-element-1652dabe elementor-widget elementor-widget-text-editor\" data-id=\"1652dabe\" data-element_type=\"widget\" data-widget_type=\"text-editor.default\">\n\t\t\t\t<div class=\"elementor-widget-container\">\n\t\t\t\t\t\t\t<h1>Cartas, tabuleiros e cartelas: os jogos no ensino e aprendizagem de hist\u00f3ria<\/h1><h6>Mariana F. da C. Thompson Flores (organizadora)<\/h6>\t\t\t\t\t\t<\/div>\n\t\t\t\t<\/div>\n\t\t\t\t<section class=\"elementor-section elementor-inner-section elementor-element elementor-element-662f0d9c elementor-hidden-tablet elementor-section-boxed elementor-section-height-default elementor-section-height-default\" data-id=\"662f0d9c\" data-element_type=\"section\">\n\t\t\t\t\t\t<div class=\"elementor-container elementor-column-gap-default\">\n\t\t\t\t\t<div class=\"elementor-column elementor-col-50 elementor-inner-column elementor-element elementor-element-69d73e81\" data-id=\"69d73e81\" data-element_type=\"column\">\n\t\t\t<div class=\"elementor-widget-wrap elementor-element-populated\">\n\t\t\t\t\t\t<div class=\"elementor-element elementor-element-1f55ada elementor-widget elementor-widget-text-editor\" data-id=\"1f55ada\" data-element_type=\"widget\" data-widget_type=\"text-editor.default\">\n\t\t\t\t<div class=\"elementor-widget-container\">\n\t\t\t\t\t\t\t<figure id=\"attachment_209\" aria-describedby=\"caption-attachment-209\" style=\"width: 300px\" class=\"wp-caption aligncenter\"><img fetchpriority=\"high\" decoding=\"async\" class=\"wp-image-209 size-medium\" src=\"https:\/\/www.ufsm.br\/app\/uploads\/sites\/746\/2021\/06\/Cartas-Tabuleiros-e-Cartelas_EBOOK-capa-300x300.jpg\" alt=\"\" width=\"300\" height=\"300\" srcset=\"https:\/\/www.ufsm.br\/app\/uploads\/sites\/746\/2021\/06\/Cartas-Tabuleiros-e-Cartelas_EBOOK-capa-300x300.jpg 300w, https:\/\/www.ufsm.br\/app\/uploads\/sites\/746\/2021\/06\/Cartas-Tabuleiros-e-Cartelas_EBOOK-capa-150x150.jpg 150w, https:\/\/www.ufsm.br\/app\/uploads\/sites\/746\/2021\/06\/Cartas-Tabuleiros-e-Cartelas_EBOOK-capa.jpg 567w\" sizes=\"(max-width: 300px) 100vw, 300px\" \/><figcaption id=\"caption-attachment-209\" class=\"wp-caption-text\">Cartas, tabuleiros e cartelas: os jogos no ensino e aprendizagem de hist\u00f3ria<\/figcaption><\/figure>\t\t\t\t\t\t<\/div>\n\t\t\t\t<\/div>\n\t\t\t\t\t<\/div>\n\t\t<\/div>\n\t\t\t\t<div class=\"elementor-column elementor-col-50 elementor-inner-column elementor-element elementor-element-1eebbccc\" data-id=\"1eebbccc\" data-element_type=\"column\">\n\t\t\t<div class=\"elementor-widget-wrap elementor-element-populated\">\n\t\t\t\t\t\t<div class=\"elementor-element elementor-element-10de8e0a elementor-widget elementor-widget-text-editor\" data-id=\"10de8e0a\" data-element_type=\"widget\" data-widget_type=\"text-editor.default\">\n\t\t\t\t<div class=\"elementor-widget-container\">\n\t\t\t\t\t\t\t<p>A idealiza\u00e7\u00e3o deste projeto surgiu do resultado de trabalhos de alunos da disciplina de Laborat\u00f3rio de Ensino de Hist\u00f3ria, que elaboraram, no curto tempo de uma aula, propostas de jogos para o ensino de Hist\u00f3ria. Essa atividade j\u00e1 havia sido realizada em turmas anteriores, mas nesse caso, teve resultados realmente acima dos esperados. Os jogos elaborados naquela ocasi\u00e3o demonstraram excelente maturidade nas proposi\u00e7\u00f5es e complexidade nos formatos. Esse material foi reunido e submetido a uma triagem a fim de delimitar quais seriam acolhidos ao projeto.<\/p>\t\t\t\t\t\t<\/div>\n\t\t\t\t<\/div>\n\t\t\t\t\t<\/div>\n\t\t<\/div>\n\t\t\t\t\t<\/div>\n\t\t<\/section>\n\t\t\t\t<div class=\"elementor-element elementor-element-5b322f72 elementor-hidden-desktop elementor-hidden-phone elementor-widget elementor-widget-text-editor\" data-id=\"5b322f72\" data-element_type=\"widget\" data-widget_type=\"text-editor.default\">\n\t\t\t\t<div class=\"elementor-widget-container\">\n\t\t\t\t\t\t\t<figure id=\"attachment_209\" aria-describedby=\"caption-attachment-209\" style=\"width: 300px\" class=\"wp-caption alignleft\"><img decoding=\"async\" class=\"size-medium wp-image-209\" src=\"https:\/\/www.ufsm.br\/app\/uploads\/sites\/746\/2021\/06\/Cartas-Tabuleiros-e-Cartelas_EBOOK-capa-300x300.jpg\" alt=\"\" width=\"300\" height=\"300\" srcset=\"https:\/\/www.ufsm.br\/app\/uploads\/sites\/746\/2021\/06\/Cartas-Tabuleiros-e-Cartelas_EBOOK-capa-300x300.jpg 300w, https:\/\/www.ufsm.br\/app\/uploads\/sites\/746\/2021\/06\/Cartas-Tabuleiros-e-Cartelas_EBOOK-capa-150x150.jpg 150w, https:\/\/www.ufsm.br\/app\/uploads\/sites\/746\/2021\/06\/Cartas-Tabuleiros-e-Cartelas_EBOOK-capa.jpg 567w\" sizes=\"(max-width: 300px) 100vw, 300px\" \/><figcaption id=\"caption-attachment-209\" class=\"wp-caption-text\">Cartas, tabuleiros e cartelas: os jogos no ensino e aprendizagem de hist\u00f3ria<\/figcaption><\/figure><p>A idealiza\u00e7\u00e3o deste projeto surgiu do resultado de trabalhos de alunos da disciplina de Laborat\u00f3rio de Ensino de Hist\u00f3ria, que elaboraram, no curto tempo de uma aula, propostas de jogos para o ensino de Hist\u00f3ria. Essa atividade j\u00e1 havia sido realizada em turmas anteriores, mas nesse caso, teve resultados realmente acima dos esperados. Os jogos elaborados naquela ocasi\u00e3o demonstraram excelente maturidade nas proposi\u00e7\u00f5es e complexidade nos formatos. Esse material foi reunido e submetido a uma triagem a fim de delimitar quais seriam acolhidos ao projeto.<\/p>\t\t\t\t\t\t<\/div>\n\t\t\t\t<\/div>\n\t\t\t\t<div class=\"elementor-element elementor-element-68984783 elementor-widget elementor-widget-heading\" data-id=\"68984783\" data-element_type=\"widget\" data-widget_type=\"heading.default\">\n\t\t\t\t<div class=\"elementor-widget-container\">\n\t\t\t<h4 class=\"elementor-heading-title elementor-size-default\">Acesso \u00e0 obra<\/h4>\t\t<\/div>\n\t\t\t\t<\/div>\n\t\t\t\t\t<\/div>\n\t\t<\/div>\n\t\t\t\t\t<\/div>\n\t\t<\/section>\n\t\t\t\t<section class=\"elementor-section elementor-top-section elementor-element elementor-element-645f0f4e elementor-section-boxed elementor-section-height-default elementor-section-height-default\" data-id=\"645f0f4e\" data-element_type=\"section\">\n\t\t\t\t\t\t<div class=\"elementor-container elementor-column-gap-default\">\n\t\t\t\t\t<div class=\"elementor-column elementor-col-20 elementor-top-column elementor-element elementor-element-39d9ddad\" data-id=\"39d9ddad\" data-element_type=\"column\">\n\t\t\t<div class=\"elementor-widget-wrap\">\n\t\t\t\t\t\t\t<\/div>\n\t\t<\/div>\n\t\t\t\t<div class=\"elementor-column elementor-col-20 elementor-top-column elementor-element elementor-element-3fb28fb7\" data-id=\"3fb28fb7\" data-element_type=\"column\">\n\t\t\t<div class=\"elementor-widget-wrap elementor-element-populated\">\n\t\t\t\t\t\t<div class=\"elementor-element elementor-element-763fcbf7 elementor-align-center elementor-widget elementor-widget-button\" data-id=\"763fcbf7\" data-element_type=\"widget\" data-widget_type=\"button.default\">\n\t\t\t\t<div class=\"elementor-widget-container\">\n\t\t\t\t\t\t\t<div class=\"elementor-button-wrapper\">\n\t\t\t\t\t<a class=\"elementor-button elementor-button-link elementor-size-md\" href=\"https:\/\/repositorio.ufsm.br\/bitstream\/handle\/1\/19903\/Cartas%2c%20Tabuleiros%20e%20%20Cartelas_EBOOK.pdf?sequence=1&#038;isAllowed=y\">\n\t\t\t\t\t\t<span class=\"elementor-button-content-wrapper\">\n\t\t\t\t\t\t\t\t\t<span class=\"elementor-button-text\">Vers\u00e3o PDF<\/span>\n\t\t\t\t\t<\/span>\n\t\t\t\t\t<\/a>\n\t\t\t\t<\/div>\n\t\t\t\t\t\t<\/div>\n\t\t\t\t<\/div>\n\t\t\t\t\t<\/div>\n\t\t<\/div>\n\t\t\t\t<div class=\"elementor-column elementor-col-20 elementor-top-column elementor-element elementor-element-d837dcb\" data-id=\"d837dcb\" data-element_type=\"column\">\n\t\t\t<div class=\"elementor-widget-wrap elementor-element-populated\">\n\t\t\t\t\t\t<div class=\"elementor-element elementor-element-31bce31 elementor-align-center elementor-widget elementor-widget-button\" data-id=\"31bce31\" data-element_type=\"widget\" data-widget_type=\"button.default\">\n\t\t\t\t<div class=\"elementor-widget-container\">\n\t\t\t\t\t\t\t<div class=\"elementor-button-wrapper\">\n\t\t\t\t\t<a class=\"elementor-button elementor-button-link elementor-size-md\" href=\"https:\/\/repositorio.ufsm.br\/bitstream\/handle\/1\/19903\/TABULEIROS_A3.pdf?sequence=2&#038;isAllowed=y\">\n\t\t\t\t\t\t<span class=\"elementor-button-content-wrapper\">\n\t\t\t\t\t\t\t\t\t<span class=\"elementor-button-text\">Anexo (tabuleiro)<\/span>\n\t\t\t\t\t<\/span>\n\t\t\t\t\t<\/a>\n\t\t\t\t<\/div>\n\t\t\t\t\t\t<\/div>\n\t\t\t\t<\/div>\n\t\t\t\t\t<\/div>\n\t\t<\/div>\n\t\t\t\t<div class=\"elementor-column elementor-col-20 elementor-top-column elementor-element elementor-element-6144c707\" data-id=\"6144c707\" data-element_type=\"column\">\n\t\t\t<div class=\"elementor-widget-wrap elementor-element-populated\">\n\t\t\t\t\t\t<div class=\"elementor-element elementor-element-5fe411a9 elementor-align-center elementor-widget elementor-widget-button\" data-id=\"5fe411a9\" data-element_type=\"widget\" data-widget_type=\"button.default\">\n\t\t\t\t<div class=\"elementor-widget-container\">\n\t\t\t\t\t\t\t<div class=\"elementor-button-wrapper\">\n\t\t\t\t\t<a class=\"elementor-button elementor-button-link elementor-size-md\" href=\"https:\/\/repositorio.ufsm.br\/handle\/1\/19903\">\n\t\t\t\t\t\t<span class=\"elementor-button-content-wrapper\">\n\t\t\t\t\t\t\t\t\t<span class=\"elementor-button-text\">No Manancial<\/span>\n\t\t\t\t\t<\/span>\n\t\t\t\t\t<\/a>\n\t\t\t\t<\/div>\n\t\t\t\t\t\t<\/div>\n\t\t\t\t<\/div>\n\t\t\t\t\t<\/div>\n\t\t<\/div>\n\t\t\t\t<div class=\"elementor-column elementor-col-20 elementor-top-column elementor-element elementor-element-4586d08\" data-id=\"4586d08\" data-element_type=\"column\">\n\t\t\t<div class=\"elementor-widget-wrap\">\n\t\t\t\t\t\t\t<\/div>\n\t\t<\/div>\n\t\t\t\t\t<\/div>\n\t\t<\/section>\n\t\t\t\t<section class=\"elementor-section elementor-top-section elementor-element elementor-element-28b30302 elementor-section-boxed elementor-section-height-default elementor-section-height-default\" data-id=\"28b30302\" data-element_type=\"section\">\n\t\t\t\t\t\t<div class=\"elementor-container elementor-column-gap-default\">\n\t\t\t\t\t<div class=\"elementor-column elementor-col-100 elementor-top-column elementor-element elementor-element-670426b3\" data-id=\"670426b3\" data-element_type=\"column\">\n\t\t\t<div class=\"elementor-widget-wrap elementor-element-populated\">\n\t\t\t\t\t\t<div class=\"elementor-element elementor-element-734e2fba elementor-tabs-alignment-stretch elementor-tabs-view-horizontal elementor-widget elementor-widget-tabs\" data-id=\"734e2fba\" data-element_type=\"widget\" data-settings=\"{&quot;_animation&quot;:&quot;none&quot;}\" data-widget_type=\"tabs.default\">\n\t\t\t\t<div class=\"elementor-widget-container\">\n\t\t\t\t\t<div class=\"elementor-tabs\">\n\t\t\t<div class=\"elementor-tabs-wrapper\" role=\"tablist\" >\n\t\t\t\t\t\t\t\t\t<div id=\"elementor-tab-title-1931\" class=\"elementor-tab-title elementor-tab-desktop-title\" aria-selected=\"true\" data-tab=\"1\" role=\"tab\" tabindex=\"0\" aria-controls=\"elementor-tab-content-1931\" aria-expanded=\"false\">Dados da obra<\/div>\n\t\t\t\t\t\t\t\t\t<div id=\"elementor-tab-title-1932\" class=\"elementor-tab-title elementor-tab-desktop-title\" aria-selected=\"false\" data-tab=\"2\" role=\"tab\" tabindex=\"-1\" aria-controls=\"elementor-tab-content-1932\" aria-expanded=\"false\">Sum\u00e1rio<\/div>\n\t\t\t\t\t\t\t\t\t<div id=\"elementor-tab-title-1933\" class=\"elementor-tab-title elementor-tab-desktop-title\" aria-selected=\"false\" data-tab=\"3\" role=\"tab\" tabindex=\"-1\" aria-controls=\"elementor-tab-content-1933\" aria-expanded=\"false\">Autoria<\/div>\n\t\t\t\t\t\t\t\t\t<div id=\"elementor-tab-title-1934\" class=\"elementor-tab-title elementor-tab-desktop-title\" aria-selected=\"false\" data-tab=\"4\" role=\"tab\" tabindex=\"-1\" aria-controls=\"elementor-tab-content-1934\" aria-expanded=\"false\">Licen\u00e7a Creative Commons<\/div>\n\t\t\t\t\t\t\t<\/div>\n\t\t\t<div class=\"elementor-tabs-content-wrapper\" role=\"tablist\" aria-orientation=\"vertical\">\n\t\t\t\t\t\t\t\t\t<div class=\"elementor-tab-title elementor-tab-mobile-title\" aria-selected=\"true\" data-tab=\"1\" role=\"tab\" tabindex=\"0\" aria-controls=\"elementor-tab-content-1931\" aria-expanded=\"false\">Dados da obra<\/div>\n\t\t\t\t\t<div id=\"elementor-tab-content-1931\" class=\"elementor-tab-content elementor-clearfix\" data-tab=\"1\" role=\"tabpanel\" aria-labelledby=\"elementor-tab-title-1931\" tabindex=\"0\" hidden=\"false\"><p><b>Publica\u00e7\u00e3o:<br \/><\/b>2020 \/ 1\u00aa edi\u00e7\u00e3o<br \/>ISBN: <br \/>978-65-5773-000-3 (E-book)<br \/>978-65-5773-001-0 (Impresso)<\/p><p><b>Refer\u00eancia:<\/b>\u00a0<br \/><span style=\"color: #333333\">FLORES, Mariana. F. da C. T. (Org.). <strong>Cartas, tabuleiros e cartelas<\/strong>: os jogos no ensino e aprendizagem de hist\u00f3ria. Santa Maria\/RS: FACOS-UFSM, 2020. 89 p. (Recurso eletr\u00f4nico)<\/span><\/p><\/div>\n\t\t\t\t\t\t\t\t\t<div class=\"elementor-tab-title elementor-tab-mobile-title\" aria-selected=\"false\" data-tab=\"2\" role=\"tab\" tabindex=\"-1\" aria-controls=\"elementor-tab-content-1932\" aria-expanded=\"false\">Sum\u00e1rio<\/div>\n\t\t\t\t\t<div id=\"elementor-tab-content-1932\" class=\"elementor-tab-content elementor-clearfix\" data-tab=\"2\" role=\"tabpanel\" aria-labelledby=\"elementor-tab-title-1932\" tabindex=\"0\" hidden=\"hidden\"><ul><li>Apresenta\u00e7\u00e3o;<\/li><li>Jogos de hist\u00f3ria: por um ensino prazeroso e consequente;<\/li><li>Bingos hist\u00f3ricos;<\/li><li>Medievando;<\/li><li>Pife hist\u00f3rico;<\/li><li>Jogo expans\u00e3o do Imp\u00e9rio Romano;<\/li><li>O golpe!<\/li><\/ul><\/div>\n\t\t\t\t\t\t\t\t\t<div class=\"elementor-tab-title elementor-tab-mobile-title\" aria-selected=\"false\" data-tab=\"3\" role=\"tab\" tabindex=\"-1\" aria-controls=\"elementor-tab-content-1933\" aria-expanded=\"false\">Autoria<\/div>\n\t\t\t\t\t<div id=\"elementor-tab-content-1933\" class=\"elementor-tab-content elementor-clearfix\" data-tab=\"3\" role=\"tabpanel\" aria-labelledby=\"elementor-tab-title-1933\" tabindex=\"0\" hidden=\"hidden\"><div style=\"color: #333333;font-family: 'Helvetica Neue', Helvetica, Arial, sans-serif;font-size: 14px\"><span style=\"color: #000000;font-size: 12pt;font-family: georgia, palatino, serif\"><b>Organizadores:<\/b><\/span><\/div><div style=\"color: #333333;font-family: 'Helvetica Neue', Helvetica, Arial, sans-serif;font-size: 14px\"><span style=\"font-family: georgia, palatino, serif;font-size: 12pt\">Mariana Flores da Cunha Thompson Flores.<\/span><br \/><span style=\"color: #000000;font-size: 12pt;font-family: georgia, palatino, serif\"><br \/><\/span><\/div><div style=\"color: #333333;font-family: 'Helvetica Neue', Helvetica, Arial, sans-serif;font-size: 14px\"><span style=\"font-family: georgia, palatino, serif;font-size: 12pt\"><b>Autores:<\/b><\/span><\/div><div style=\"color: #333333;font-family: 'Helvetica Neue', Helvetica, Arial, sans-serif;font-size: 14px\"><span style=\"font-family: georgia, palatino, serif;font-size: 12pt\">Mariana Flores da Cunha Thompson Flores,<\/span><\/div><div><span style=\"font-family: georgia, palatino, serif;font-size: 12pt\">Carolina Orquen,<\/span><\/div><div><span style=\"font-family: georgia, palatino, serif;font-size: 12pt\">Daniela Martins,<\/span><\/div><div><span style=\"font-family: georgia, palatino, serif;font-size: 12pt\">Eduardo Leote,<\/span><\/div><div><span style=\"font-family: georgia, palatino, serif;font-size: 12pt\">Alicia Quinhones Medeiros,<\/span><\/div><div><span style=\"font-family: georgia, palatino, serif;font-size: 12pt\">Gabriel Gollmann Rohr,<\/span><\/div><div><span style=\"font-family: georgia, palatino, serif;font-size: 12pt\">Vit\u00f3ria Miron Husein,<\/span><\/div><div><span style=\"font-family: georgia, palatino, serif;font-size: 12pt\">Luigi Squio,<\/span><\/div><div><span style=\"font-family: georgia, palatino, serif;font-size: 12pt\">Arthur Engster Varreira,<\/span><\/div><div><span style=\"font-family: georgia, palatino, serif;font-size: 12pt\">Dienefer Vianna,<\/span><\/div><div><span style=\"font-family: georgia, palatino, serif;font-size: 12pt\">Rauana Guerra.<\/span><\/div><\/div>\n\t\t\t\t\t\t\t\t\t<div class=\"elementor-tab-title elementor-tab-mobile-title\" aria-selected=\"false\" data-tab=\"4\" role=\"tab\" tabindex=\"-1\" aria-controls=\"elementor-tab-content-1934\" aria-expanded=\"false\">Licen\u00e7a Creative Commons<\/div>\n\t\t\t\t\t<div id=\"elementor-tab-content-1934\" class=\"elementor-tab-content elementor-clearfix\" data-tab=\"4\" role=\"tabpanel\" aria-labelledby=\"elementor-tab-title-1934\" tabindex=\"0\" hidden=\"hidden\"><p><span style=\"color: #000000;font-size: 16px\">Esta obra est\u00e1 licenciada sob uma Licen\u00e7a Creative\u00a0Commons Atribui\u00e7\u00e3o-N\u00e3oComercial-SemDeriva\u00e7\u00f5es 4.0\u00a0Internacional. Para ver uma c\u00f3pia desta licen\u00e7a, visite:\u00a0<\/span><a style=\"background-color: #ffffff;font-size: 1rem\" href=\"http:\/\/creativecommons.org\/licenses\/by-nc-nd\/4.0\/\" target=\"_blank\" rel=\"noopener\">http:\/\/creativecommons.org\/licenses\/by-nc-nd\/4.0\/<\/a><\/p><\/div>\n\t\t\t\t\t\t\t<\/div>\n\t\t<\/div>\n\t\t\t\t<\/div>\n\t\t\t\t<\/div>\n\t\t\t\t\t<\/div>\n\t\t<\/div>\n\t\t\t\t\t<\/div>\n\t\t<\/section>\n\t\t\t\t<section class=\"elementor-section elementor-top-section elementor-element elementor-element-25247662 elementor-section-boxed elementor-section-height-default elementor-section-height-default\" data-id=\"25247662\" data-element_type=\"section\">\n\t\t\t\t\t\t<div class=\"elementor-container elementor-column-gap-default\">\n\t\t\t\t\t<div class=\"elementor-column elementor-col-100 elementor-top-column elementor-element elementor-element-13b30f9c\" data-id=\"13b30f9c\" data-element_type=\"column\">\n\t\t\t<div class=\"elementor-widget-wrap elementor-element-populated\">\n\t\t\t\t\t\t<div class=\"elementor-element elementor-element-2715c856 elementor-widget elementor-widget-wp-widget-ufsm_noticias_widget\" data-id=\"2715c856\" data-element_type=\"widget\" data-widget_type=\"wp-widget-ufsm_noticias_widget.default\">\n\t\t\t\t<div class=\"elementor-widget-container\">\n\t\t\t<h5 class='titulo-conteudos'>Publica\u00e7\u00f5es Relacionadas<\/h5><div class='widget-noticias-inside'>\n                        <div class=\"row\">\n                                    <div class=\"col-12 col-lg-12 pb-4\">\n                                        \n                                        \n                    \n                    <a class=\"noticias-widget-title d-block \"  title=\"Publicidade contempor\u00e2nea: pensamentos brasileiros &#8211; vol. 2\" href=\"https:\/\/www.ufsm.br\/editoras\/facos\/publicidade-contemporanea-pensamentos-brasileiros-vol-2\">\n                                                Publicidade contempor\u00e2nea: pensamentos brasileiros &#8211; vol. 2                    <\/a>\n                    \n                    \n                                        \n                                        \n                                        <\/div>\n                            <\/div>\n                    <div class=\"row\">\n                                    <div class=\"col-12 col-lg-12 pb-4\">\n                                        \n                                        \n                    \n                    <a class=\"noticias-widget-title d-block \"  title=\"Pr\u00e1ticas de ensino colaborativo para alunos com defici\u00eancia, surdez e autismo\" href=\"https:\/\/www.ufsm.br\/editoras\/facos\/praticas-de-ensino-colaborativo-para-alunos-com-deficiencia-surdez-e-autismo\">\n                                                Pr\u00e1ticas de ensino colaborativo para alunos com defici\u00eancia, surdez e autismo                    <\/a>\n                    \n                    \n                                        \n                                        \n                                        <\/div>\n                            <\/div>\n                    <div class=\"row\">\n                                    <div class=\"col-12 col-lg-12 pb-4\">\n                                        \n                                        \n                    \n                    <a class=\"noticias-widget-title d-block \"  title=\"Manual da .TXT: um guia de reda\u00e7\u00e3o e estilo\" href=\"https:\/\/www.ufsm.br\/editoras\/facos\/manual-da-txt\">\n                                                Manual da .TXT: um guia de reda\u00e7\u00e3o e estilo                    <\/a>\n                    \n                    \n                                        \n                                        \n                                        <\/div>\n                            <\/div>\n                    <div class=\"row\">\n                                    <div class=\"col-12 col-lg-12 pb-4\">\n                                        \n                                        \n                    \n                    <a class=\"noticias-widget-title d-block \"  title=\"Enlaces humanos , epistemol\u00f3gicos e pol\u00edticos no\/do PPGE-UFSM: as trajet\u00f3rias formativas de egressos\" href=\"https:\/\/www.ufsm.br\/editoras\/facos\/enlaces-humanos-epistemologicos-e-politicos-no-do-ppge-ufsm-as-trajetorias-formativas-de-egressos\">\n                                                Enlaces humanos , epistemol\u00f3gicos e pol\u00edticos no\/do PPGE-UFSM: as trajet\u00f3rias formativas de egressos                    <\/a>\n                    \n                    \n                                        \n                                        \n                                        <\/div>\n                            <\/div>\n                    <div class=\"row\">\n                                    <div class=\"col-12 col-lg-12 pb-4\">\n                                        \n                                        \n                    \n                    <a class=\"noticias-widget-title d-block \"  title=\"Estrat\u00e9gias colaborativas na educa\u00e7\u00e3o de alunos com altas habilidades\/superdota\u00e7\u00e3o (AH\/SD)\" href=\"https:\/\/www.ufsm.br\/editoras\/facos\/estrategias-colaborativas-na-educacao-de-alunos-com-altas-habilidades-superdotacao-ah-sd\">\n                                                Estrat\u00e9gias colaborativas na educa\u00e7\u00e3o de alunos com altas habilidades\/superdota\u00e7\u00e3o (AH\/SD)                    <\/a>\n                    \n                    \n                                        \n                                        \n                                        <\/div>\n                            <\/div>\n            <\/div>\n\t\t<\/div>\n\t\t\t\t<\/div>\n\t\t\t\t\t<\/div>\n\t\t<\/div>\n\t\t\t\t\t<\/div>\n\t\t<\/section>\n\t\t\t\t<\/div>\n\t\t","protected":false},"excerpt":{"rendered":"<p>Cartas, tabuleiros e cartelas: os jogos no ensino e aprendizagem de hist\u00f3ria Mariana F. da C. Thompson Flores (organizadora) A idealiza\u00e7\u00e3o deste projeto surgiu do resultado de trabalhos de alunos da disciplina de Laborat\u00f3rio de Ensino de Hist\u00f3ria, que elaboraram, no curto tempo de uma aula, propostas de jogos para o ensino de Hist\u00f3ria. Essa [&hellip;]<\/p>\n","protected":false},"author":3829,"featured_media":210,"parent":0,"menu_order":0,"comment_status":"closed","ping_status":"closed","template":"","meta":{"footnotes":""},"categories":[140],"tags":[107,105,46,106],"class_list":["post-185","page","type-page","status-publish","has-post-thumbnail","hentry","category-historia","tag-aprendizagem","tag-ensino","tag-historia","tag-jogos-pedagogicos"],"acf":[],"_links":{"self":[{"href":"https:\/\/www.ufsm.br\/editoras\/facos\/wp-json\/wp\/v2\/pages\/185","targetHints":{"allow":["GET"]}}],"collection":[{"href":"https:\/\/www.ufsm.br\/editoras\/facos\/wp-json\/wp\/v2\/pages"}],"about":[{"href":"https:\/\/www.ufsm.br\/editoras\/facos\/wp-json\/wp\/v2\/types\/page"}],"author":[{"embeddable":true,"href":"https:\/\/www.ufsm.br\/editoras\/facos\/wp-json\/wp\/v2\/users\/3829"}],"replies":[{"embeddable":true,"href":"https:\/\/www.ufsm.br\/editoras\/facos\/wp-json\/wp\/v2\/comments?post=185"}],"version-history":[{"count":0,"href":"https:\/\/www.ufsm.br\/editoras\/facos\/wp-json\/wp\/v2\/pages\/185\/revisions"}],"wp:featuredmedia":[{"embeddable":true,"href":"https:\/\/www.ufsm.br\/editoras\/facos\/wp-json\/wp\/v2\/media\/210"}],"wp:attachment":[{"href":"https:\/\/www.ufsm.br\/editoras\/facos\/wp-json\/wp\/v2\/media?parent=185"}],"wp:term":[{"taxonomy":"category","embeddable":true,"href":"https:\/\/www.ufsm.br\/editoras\/facos\/wp-json\/wp\/v2\/categories?post=185"},{"taxonomy":"post_tag","embeddable":true,"href":"https:\/\/www.ufsm.br\/editoras\/facos\/wp-json\/wp\/v2\/tags?post=185"}],"curies":[{"name":"wp","href":"https:\/\/api.w.org\/{rel}","templated":true}]}}