{"id":191,"date":"2021-06-03T18:54:11","date_gmt":"2021-06-03T21:54:11","guid":{"rendered":"https:\/\/www.ufsm.br\/editoras\/facos\/?page_id=191"},"modified":"2021-06-03T18:55:58","modified_gmt":"2021-06-03T21:55:58","slug":"odontologia-integrada-bases-cientificas-para-decisoes-clinicas","status":"publish","type":"page","link":"https:\/\/www.ufsm.br\/editoras\/facos\/odontologia-integrada-bases-cientificas-para-decisoes-clinicas","title":{"rendered":"Odontologia integrada \u2013 bases cient\u00edficas para decis\u00f5es cl\u00ednicas"},"content":{"rendered":"\t\t<div data-elementor-type=\"wp-page\" data-elementor-id=\"191\" class=\"elementor elementor-191\">\n\t\t\t\t\t\t<section class=\"elementor-section elementor-top-section elementor-element elementor-element-2a13c3d8 elementor-section-boxed elementor-section-height-default elementor-section-height-default\" data-id=\"2a13c3d8\" data-element_type=\"section\">\n\t\t\t\t\t\t<div class=\"elementor-container elementor-column-gap-default\">\n\t\t\t\t\t<div class=\"elementor-column elementor-col-100 elementor-top-column elementor-element elementor-element-1d27d63c\" data-id=\"1d27d63c\" data-element_type=\"column\">\n\t\t\t<div class=\"elementor-widget-wrap elementor-element-populated\">\n\t\t\t\t\t\t<div class=\"elementor-element elementor-element-5e303140 elementor-widget elementor-widget-text-editor\" data-id=\"5e303140\" data-element_type=\"widget\" data-widget_type=\"text-editor.default\">\n\t\t\t\t<div class=\"elementor-widget-container\">\n\t\t\t\t\t\t\t<h1>Odontologia integrada: bases cient\u00edficas para decis\u00f5es cl\u00ednicas<\/h1><h6>Mag\u00e1li Beck Guimar\u00e3es, Let\u00edcia Brand\u00e3o Durand e Gabriela Salatino Liedke (organizadores)<\/h6>\t\t\t\t\t\t<\/div>\n\t\t\t\t<\/div>\n\t\t\t\t<section class=\"elementor-section elementor-inner-section elementor-element elementor-element-530154c9 elementor-hidden-tablet elementor-section-boxed elementor-section-height-default elementor-section-height-default\" data-id=\"530154c9\" data-element_type=\"section\">\n\t\t\t\t\t\t<div class=\"elementor-container elementor-column-gap-default\">\n\t\t\t\t\t<div class=\"elementor-column elementor-col-50 elementor-inner-column elementor-element elementor-element-5e98f128\" data-id=\"5e98f128\" data-element_type=\"column\">\n\t\t\t<div class=\"elementor-widget-wrap elementor-element-populated\">\n\t\t\t\t\t\t<div class=\"elementor-element elementor-element-527c7c22 elementor-widget elementor-widget-text-editor\" data-id=\"527c7c22\" data-element_type=\"widget\" data-widget_type=\"text-editor.default\">\n\t\t\t\t<div class=\"elementor-widget-container\">\n\t\t\t\t\t\t\t<figure id=\"attachment_219\" aria-describedby=\"caption-attachment-219\" style=\"width: 212px\" class=\"wp-caption aligncenter\"><img fetchpriority=\"high\" decoding=\"async\" class=\"size-medium wp-image-219\" src=\"https:\/\/www.ufsm.br\/app\/uploads\/sites\/746\/2021\/06\/Odontologia-integrada-capa-212x300.jpg\" alt=\"\" width=\"212\" height=\"300\" srcset=\"https:\/\/www.ufsm.br\/app\/uploads\/sites\/746\/2021\/06\/Odontologia-integrada-capa-212x300.jpg 212w, https:\/\/www.ufsm.br\/app\/uploads\/sites\/746\/2021\/06\/Odontologia-integrada-capa.jpg 595w\" sizes=\"(max-width: 212px) 100vw, 212px\" \/><figcaption id=\"caption-attachment-219\" class=\"wp-caption-text\">Odontologia integrada: bases cient\u00edficas para decis\u00f5es cl\u00ednicas<\/figcaption><\/figure>\t\t\t\t\t\t<\/div>\n\t\t\t\t<\/div>\n\t\t\t\t\t<\/div>\n\t\t<\/div>\n\t\t\t\t<div class=\"elementor-column elementor-col-50 elementor-inner-column elementor-element elementor-element-25446318\" data-id=\"25446318\" data-element_type=\"column\">\n\t\t\t<div class=\"elementor-widget-wrap elementor-element-populated\">\n\t\t\t\t\t\t<div class=\"elementor-element elementor-element-56681c94 elementor-widget elementor-widget-text-editor\" data-id=\"56681c94\" data-element_type=\"widget\" data-widget_type=\"text-editor.default\">\n\t\t\t\t<div class=\"elementor-widget-container\">\n\t\t\t\t\t\t\t<p>O livro Odontologia Integrada \u2013 Bases cient\u00edficas para decis\u00f5es cl\u00ednicas re\u00fane 20 cap\u00edtulos que abordam os processos de diagn\u00f3stico, resolu\u00e7\u00e3o de casos cl\u00ednicos e desafios no atendimento dos pacientes nas diferentes especialidades da odontologia, de forma integrada. Voltado especialmente ao p\u00fablico de gradua\u00e7\u00e3o em Odontologia, o livro descreve as bases cient\u00edficas que norteiam as decis\u00f5es cl\u00ednicas tomadas, bem como os fundamentos e as t\u00e9cnicas utilizados(as) de forma clara, concisa e ilustrada. Este E-book foi idealizado para ser um instrumento de refor\u00e7o pedag\u00f3gico que complementa o ensino tradicional realizado na grade curricular do Curso de Odontologia da UFSM. Ademais, proporcionando uma abordagem multi e interdisciplinar, contribui para a atualiza\u00e7\u00e3o profissional da comunidade acad\u00eamica em geral. Por fim, seu conte\u00fado foi elaborado e desenvolvido a partir dos casos cl\u00ednicos conduzidos nas disciplinas de Cl\u00ednica Integrada do Curso de Odontologia da UFSM, por alunos de gradua\u00e7\u00e3o, sob orienta\u00e7\u00e3o de professores de diversas especialidades e com a participa\u00e7\u00e3o ativa de p\u00f3s-graduandos no papel de co-autores da obra.<\/p>\t\t\t\t\t\t<\/div>\n\t\t\t\t<\/div>\n\t\t\t\t\t<\/div>\n\t\t<\/div>\n\t\t\t\t\t<\/div>\n\t\t<\/section>\n\t\t\t\t<div class=\"elementor-element elementor-element-7cbe6114 elementor-hidden-desktop elementor-hidden-phone elementor-widget elementor-widget-text-editor\" data-id=\"7cbe6114\" data-element_type=\"widget\" data-widget_type=\"text-editor.default\">\n\t\t\t\t<div class=\"elementor-widget-container\">\n\t\t\t\t\t\t\t<figure id=\"attachment_219\" aria-describedby=\"caption-attachment-219\" style=\"width: 212px\" class=\"wp-caption aligncenter\"><img fetchpriority=\"high\" decoding=\"async\" class=\"size-medium wp-image-219\" src=\"https:\/\/www.ufsm.br\/app\/uploads\/sites\/746\/2021\/06\/Odontologia-integrada-capa-212x300.jpg\" alt=\"\" width=\"212\" height=\"300\" srcset=\"https:\/\/www.ufsm.br\/app\/uploads\/sites\/746\/2021\/06\/Odontologia-integrada-capa-212x300.jpg 212w, https:\/\/www.ufsm.br\/app\/uploads\/sites\/746\/2021\/06\/Odontologia-integrada-capa.jpg 595w\" sizes=\"(max-width: 212px) 100vw, 212px\" \/><figcaption id=\"caption-attachment-219\" class=\"wp-caption-text\">Odontologia integrada: bases cient\u00edficas para decis\u00f5es cl\u00ednicas<\/figcaption><\/figure><p>O livro Odontologia Integrada \u2013 Bases cient\u00edficas para decis\u00f5es cl\u00ednicas re\u00fane 20 cap\u00edtulos que abordam os processos de diagn\u00f3stico, resolu\u00e7\u00e3o de casos cl\u00ednicos e desafios no atendimento dos pacientes nas diferentes especialidades da odontologia, de forma integrada. Voltado especialmente ao p\u00fablico de gradua\u00e7\u00e3o em Odontologia, o livro descreve as bases cient\u00edficas que norteiam as decis\u00f5es cl\u00ednicas tomadas, bem como os fundamentos e as t\u00e9cnicas utilizados(as) de forma clara, concisa e ilustrada. Este E-book foi idealizado para ser um instrumento de refor\u00e7o pedag\u00f3gico que complementa o ensino tradicional realizado na grade curricular do Curso de Odontologia da UFSM. Ademais, proporcionando uma abordagem multi e interdisciplinar, contribui para a atualiza\u00e7\u00e3o profissional da comunidade acad\u00eamica em geral. Por fim, seu conte\u00fado foi elaborado e desenvolvido a partir dos casos cl\u00ednicos conduzidos nas disciplinas de Cl\u00ednica Integrada do Curso de Odontologia da UFSM, por alunos de gradua\u00e7\u00e3o, sob orienta\u00e7\u00e3o de professores de diversas especialidades e com a participa\u00e7\u00e3o ativa de p\u00f3s-graduandos no papel de co-autores da obra.<\/p>\t\t\t\t\t\t<\/div>\n\t\t\t\t<\/div>\n\t\t\t\t<div class=\"elementor-element elementor-element-3342d544 elementor-widget elementor-widget-heading\" data-id=\"3342d544\" data-element_type=\"widget\" data-widget_type=\"heading.default\">\n\t\t\t\t<div class=\"elementor-widget-container\">\n\t\t\t<h4 class=\"elementor-heading-title elementor-size-default\">Acesso \u00e0 obra<\/h4>\t\t<\/div>\n\t\t\t\t<\/div>\n\t\t\t\t\t<\/div>\n\t\t<\/div>\n\t\t\t\t\t<\/div>\n\t\t<\/section>\n\t\t\t\t<section class=\"elementor-section elementor-top-section elementor-element elementor-element-7c2ef24f elementor-section-boxed elementor-section-height-default elementor-section-height-default\" data-id=\"7c2ef24f\" data-element_type=\"section\">\n\t\t\t\t\t\t<div class=\"elementor-container elementor-column-gap-default\">\n\t\t\t\t\t<div class=\"elementor-column elementor-col-25 elementor-top-column elementor-element elementor-element-1a1257fb\" data-id=\"1a1257fb\" data-element_type=\"column\">\n\t\t\t<div class=\"elementor-widget-wrap\">\n\t\t\t\t\t\t\t<\/div>\n\t\t<\/div>\n\t\t\t\t<div class=\"elementor-column elementor-col-25 elementor-top-column elementor-element elementor-element-3260a39\" data-id=\"3260a39\" data-element_type=\"column\">\n\t\t\t<div class=\"elementor-widget-wrap elementor-element-populated\">\n\t\t\t\t\t\t<div class=\"elementor-element elementor-element-7f1b635c elementor-align-center elementor-widget elementor-widget-button\" data-id=\"7f1b635c\" data-element_type=\"widget\" data-widget_type=\"button.default\">\n\t\t\t\t<div class=\"elementor-widget-container\">\n\t\t\t\t\t\t\t<div class=\"elementor-button-wrapper\">\n\t\t\t\t\t<a class=\"elementor-button elementor-button-link elementor-size-md\" href=\"https:\/\/repositorio.ufsm.br\/bitstream\/handle\/1\/20250\/Odontologia%20Integrada%20-%20e-book%20COMPLETO.pdf?sequence=1&#038;isAllowed=y\">\n\t\t\t\t\t\t<span class=\"elementor-button-content-wrapper\">\n\t\t\t\t\t\t\t\t\t<span class=\"elementor-button-text\">Vers\u00e3o PDF<\/span>\n\t\t\t\t\t<\/span>\n\t\t\t\t\t<\/a>\n\t\t\t\t<\/div>\n\t\t\t\t\t\t<\/div>\n\t\t\t\t<\/div>\n\t\t\t\t\t<\/div>\n\t\t<\/div>\n\t\t\t\t<div class=\"elementor-column elementor-col-25 elementor-top-column elementor-element elementor-element-461d8af4\" data-id=\"461d8af4\" data-element_type=\"column\">\n\t\t\t<div class=\"elementor-widget-wrap elementor-element-populated\">\n\t\t\t\t\t\t<div class=\"elementor-element elementor-element-5e63222a elementor-align-center elementor-widget elementor-widget-button\" data-id=\"5e63222a\" data-element_type=\"widget\" data-widget_type=\"button.default\">\n\t\t\t\t<div class=\"elementor-widget-container\">\n\t\t\t\t\t\t\t<div class=\"elementor-button-wrapper\">\n\t\t\t\t\t<a class=\"elementor-button elementor-button-link elementor-size-md\" href=\"https:\/\/repositorio.ufsm.br\/handle\/1\/20250\">\n\t\t\t\t\t\t<span class=\"elementor-button-content-wrapper\">\n\t\t\t\t\t\t\t\t\t<span class=\"elementor-button-text\">No Manancial<\/span>\n\t\t\t\t\t<\/span>\n\t\t\t\t\t<\/a>\n\t\t\t\t<\/div>\n\t\t\t\t\t\t<\/div>\n\t\t\t\t<\/div>\n\t\t\t\t\t<\/div>\n\t\t<\/div>\n\t\t\t\t<div class=\"elementor-column elementor-col-25 elementor-top-column elementor-element elementor-element-62fafd3f\" data-id=\"62fafd3f\" data-element_type=\"column\">\n\t\t\t<div class=\"elementor-widget-wrap\">\n\t\t\t\t\t\t\t<\/div>\n\t\t<\/div>\n\t\t\t\t\t<\/div>\n\t\t<\/section>\n\t\t\t\t<section class=\"elementor-section elementor-top-section elementor-element elementor-element-796add9c elementor-section-boxed elementor-section-height-default elementor-section-height-default\" data-id=\"796add9c\" data-element_type=\"section\">\n\t\t\t\t\t\t<div class=\"elementor-container elementor-column-gap-default\">\n\t\t\t\t\t<div class=\"elementor-column elementor-col-100 elementor-top-column elementor-element elementor-element-69e329ca\" data-id=\"69e329ca\" data-element_type=\"column\">\n\t\t\t<div class=\"elementor-widget-wrap elementor-element-populated\">\n\t\t\t\t\t\t<div class=\"elementor-element elementor-element-540a3580 elementor-tabs-alignment-stretch elementor-tabs-view-horizontal elementor-widget elementor-widget-tabs\" data-id=\"540a3580\" data-element_type=\"widget\" data-settings=\"{&quot;_animation&quot;:&quot;none&quot;}\" data-widget_type=\"tabs.default\">\n\t\t\t\t<div class=\"elementor-widget-container\">\n\t\t\t\t\t<div class=\"elementor-tabs\">\n\t\t\t<div class=\"elementor-tabs-wrapper\" role=\"tablist\" >\n\t\t\t\t\t\t\t\t\t<div id=\"elementor-tab-title-1401\" class=\"elementor-tab-title elementor-tab-desktop-title\" aria-selected=\"true\" data-tab=\"1\" role=\"tab\" tabindex=\"0\" aria-controls=\"elementor-tab-content-1401\" aria-expanded=\"false\">Dados da obra<\/div>\n\t\t\t\t\t\t\t\t\t<div id=\"elementor-tab-title-1402\" class=\"elementor-tab-title elementor-tab-desktop-title\" aria-selected=\"false\" data-tab=\"2\" role=\"tab\" tabindex=\"-1\" aria-controls=\"elementor-tab-content-1402\" aria-expanded=\"false\">Sum\u00e1rio<\/div>\n\t\t\t\t\t\t\t\t\t<div id=\"elementor-tab-title-1403\" class=\"elementor-tab-title elementor-tab-desktop-title\" aria-selected=\"false\" data-tab=\"3\" role=\"tab\" tabindex=\"-1\" aria-controls=\"elementor-tab-content-1403\" aria-expanded=\"false\">Autoria<\/div>\n\t\t\t\t\t\t\t\t\t<div id=\"elementor-tab-title-1404\" class=\"elementor-tab-title elementor-tab-desktop-title\" aria-selected=\"false\" data-tab=\"4\" role=\"tab\" tabindex=\"-1\" aria-controls=\"elementor-tab-content-1404\" aria-expanded=\"false\">Licen\u00e7a Creative Commons<\/div>\n\t\t\t\t\t\t\t<\/div>\n\t\t\t<div class=\"elementor-tabs-content-wrapper\" role=\"tablist\" aria-orientation=\"vertical\">\n\t\t\t\t\t\t\t\t\t<div class=\"elementor-tab-title elementor-tab-mobile-title\" aria-selected=\"true\" data-tab=\"1\" role=\"tab\" tabindex=\"0\" aria-controls=\"elementor-tab-content-1401\" aria-expanded=\"false\">Dados da obra<\/div>\n\t\t\t\t\t<div id=\"elementor-tab-content-1401\" class=\"elementor-tab-content elementor-clearfix\" data-tab=\"1\" role=\"tabpanel\" aria-labelledby=\"elementor-tab-title-1401\" tabindex=\"0\" hidden=\"false\"><p><b>Publica\u00e7\u00e3o:<br \/><\/b>2020 \/ 1\u00aa edi\u00e7\u00e3o<br \/>ISBN: 978-65-5773-018-8<\/p><p><b>Refer\u00eancia:<\/b>\u00a0<br \/><span style=\"color: #333333\">GUIMAR\u00c3ES, Mag\u00e1li Beck; DURAND, Let\u00edcia Brand\u00e3o; LIEDKE, Gabriela Salatino (Org.). <strong>Odontologia integrada<\/strong>: bases cient\u00edficas para decis\u00f5es cl\u00ednicas. Santa Maria\/RS: FACOS-UFSM, 2020. 189 p. (Recurso eletr\u00f4nico)<\/span><\/p><\/div>\n\t\t\t\t\t\t\t\t\t<div class=\"elementor-tab-title elementor-tab-mobile-title\" aria-selected=\"false\" data-tab=\"2\" role=\"tab\" tabindex=\"-1\" aria-controls=\"elementor-tab-content-1402\" aria-expanded=\"false\">Sum\u00e1rio<\/div>\n\t\t\t\t\t<div id=\"elementor-tab-content-1402\" class=\"elementor-tab-content elementor-clearfix\" data-tab=\"2\" role=\"tabpanel\" aria-labelledby=\"elementor-tab-title-1402\" tabindex=\"0\" hidden=\"hidden\"><ul><li>Pref\u00e1cio;<\/li><\/ul><\/div>\n\t\t\t\t\t\t\t\t\t<div class=\"elementor-tab-title elementor-tab-mobile-title\" aria-selected=\"false\" data-tab=\"3\" role=\"tab\" tabindex=\"-1\" aria-controls=\"elementor-tab-content-1403\" aria-expanded=\"false\">Autoria<\/div>\n\t\t\t\t\t<div id=\"elementor-tab-content-1403\" class=\"elementor-tab-content elementor-clearfix\" data-tab=\"3\" role=\"tabpanel\" aria-labelledby=\"elementor-tab-title-1403\" tabindex=\"0\" hidden=\"hidden\"><div style=\"color: #333333;font-family: 'Helvetica Neue', Helvetica, Arial, sans-serif;font-size: 14px\"><span style=\"color: #000000;font-size: 12pt;font-family: georgia, palatino, serif\"><b>Organizadoras e autoras:<\/b><\/span><\/div><div style=\"color: #333333;font-family: 'Helvetica Neue', Helvetica, Arial, sans-serif;font-size: 14px\"><span style=\"color: #000000;font-size: 12pt;font-family: georgia, palatino, serif\">Mag\u00e1li Beck Guimar\u00e3es,<\/span><\/div><div style=\"color: #333333;font-family: 'Helvetica Neue', Helvetica, Arial, sans-serif;font-size: 14px\"><span style=\"color: #000000;font-size: 12pt;font-family: georgia, palatino, serif\">Let\u00edcia Brand\u00e3o Durand,<\/span><\/div><div style=\"color: #333333;font-family: 'Helvetica Neue', Helvetica, Arial, sans-serif;font-size: 14px\"><span style=\"color: #000000;font-size: 12pt;font-family: georgia, palatino, serif\">Gabriela Salatino Liedke.<\/span><br \/><span style=\"color: #000000;font-size: 12pt;font-family: georgia, palatino, serif\"><br \/><\/span><\/div><div style=\"color: #333333;font-family: 'Helvetica Neue', Helvetica, Arial, sans-serif;font-size: 14px\"><span style=\"font-family: georgia, palatino, serif;font-size: 12pt\"><b>Co-autores:<\/b><\/span><\/div><div style=\"color: #333333;font-family: 'Helvetica Neue', Helvetica, Arial, sans-serif;font-size: 14px\">Andressa Dalmolin,<\/div><div>\u00c2ngela Dalla Nora,<\/div><div>Bibiana Gabardo Perez,<\/div><div>D\u00e9bora do Canto Assaf,<\/div><div>Gabriel Bassan Marinho Maciel,<\/div><div>Gleica Dal&#8217;Ongaro Savegnago,<\/div><div>J\u00e9ssica Lopes Trindade,<\/div><div>Karen Tatsch,<\/div><div>Kiara Serafini Dapieve,<\/div><div>Luciana Abitante Swarowsky,<\/div><div>Lu\u00eds Felipe Guilardi,<\/div><div>Renan Vaz Machry,<\/div><div>Samantha Simoni Santi,<\/div><div>Vit\u00f3ria de Oliveira Chami.<\/div><\/div>\n\t\t\t\t\t\t\t\t\t<div class=\"elementor-tab-title elementor-tab-mobile-title\" aria-selected=\"false\" data-tab=\"4\" role=\"tab\" tabindex=\"-1\" aria-controls=\"elementor-tab-content-1404\" aria-expanded=\"false\">Licen\u00e7a Creative Commons<\/div>\n\t\t\t\t\t<div id=\"elementor-tab-content-1404\" class=\"elementor-tab-content elementor-clearfix\" data-tab=\"4\" role=\"tabpanel\" aria-labelledby=\"elementor-tab-title-1404\" tabindex=\"0\" hidden=\"hidden\"><p><span style=\"color: #000000;font-size: 16px\">Esta obra est\u00e1 licenciada sob uma Licen\u00e7a Creative\u00a0Commons Atribui\u00e7\u00e3o-N\u00e3oComercial-SemDeriva\u00e7\u00f5es 4.0\u00a0Internacional. Para ver uma c\u00f3pia desta licen\u00e7a, visite:\u00a0<\/span><a style=\"background-color: #ffffff;font-size: 1rem\" href=\"http:\/\/creativecommons.org\/licenses\/by-nc-nd\/4.0\/\" target=\"_blank\" rel=\"noopener\">http:\/\/creativecommons.org\/licenses\/by-nc-nd\/4.0\/<\/a><\/p><\/div>\n\t\t\t\t\t\t\t<\/div>\n\t\t<\/div>\n\t\t\t\t<\/div>\n\t\t\t\t<\/div>\n\t\t\t\t\t<\/div>\n\t\t<\/div>\n\t\t\t\t\t<\/div>\n\t\t<\/section>\n\t\t\t\t<section class=\"elementor-section elementor-top-section elementor-element elementor-element-2e823c73 elementor-section-boxed elementor-section-height-default elementor-section-height-default\" data-id=\"2e823c73\" data-element_type=\"section\">\n\t\t\t\t\t\t<div class=\"elementor-container elementor-column-gap-default\">\n\t\t\t\t\t<div class=\"elementor-column elementor-col-100 elementor-top-column elementor-element elementor-element-2d1ecdc5\" data-id=\"2d1ecdc5\" data-element_type=\"column\">\n\t\t\t<div class=\"elementor-widget-wrap elementor-element-populated\">\n\t\t\t\t\t\t<div class=\"elementor-element elementor-element-edd4ab3 elementor-widget elementor-widget-wp-widget-ufsm_noticias_widget\" data-id=\"edd4ab3\" data-element_type=\"widget\" data-widget_type=\"wp-widget-ufsm_noticias_widget.default\">\n\t\t\t\t<div class=\"elementor-widget-container\">\n\t\t\t<h5 class='titulo-conteudos'>Publica\u00e7\u00f5es Relacionadas<\/h5><div class='widget-noticias-inside'>\n                        <div class=\"row\">\n                                    <div class=\"col-12 col-lg-12 pb-4\">\n                                        \n                                        \n                    \n                    <a class=\"noticias-widget-title d-block \"  title=\"Pesquisa e Desenvolvimento Criativo para divulga\u00e7\u00e3o de Indicadores da Educa\u00e7\u00e3o Superior\" href=\"https:\/\/www.ufsm.br\/editoras\/facos\/pesquisa-e-desenvolvimento-criativo-para-divulgacao-de-indicadores-da-educacao-superior\">\n                                                Pesquisa e Desenvolvimento Criativo para divulga\u00e7\u00e3o de Indicadores da Educa\u00e7\u00e3o Superior                    <\/a>\n                    \n                    \n                                        \n                                        \n                                        <\/div>\n                            <\/div>\n                    <div class=\"row\">\n                                    <div class=\"col-12 col-lg-12 pb-4\">\n                                        \n                                        \n                    \n                    <a class=\"noticias-widget-title d-block \"  title=\"Odontologia integrada: revis\u00f5es de literatura com mapas mentais\" href=\"https:\/\/www.ufsm.br\/editoras\/facos\/odontologia-integrada-revisoes-de-literatura-com-mapas-mentais\">\n                                                Odontologia integrada: revis\u00f5es de literatura com mapas mentais                    <\/a>\n                    \n                    \n                                        \n                                        \n                                        <\/div>\n                            <\/div>\n                    <div class=\"row\">\n                                    <div class=\"col-12 col-lg-12 pb-4\">\n                                        \n                                        \n                    \n                    <a class=\"noticias-widget-title d-block \"  title=\"Odontologia em tempos de COVID-19 &#8211; novo universo dos atendimentos em sa\u00fade\" href=\"https:\/\/www.ufsm.br\/editoras\/facos\/odontologia-em-tempos-de-covid-19-novo-universo-dos-atendimentos-em-saude\">\n                                                Odontologia em tempos de COVID-19 &#8211; novo universo dos atendimentos em sa\u00fade                    <\/a>\n                    \n                    \n                                        \n                                        \n                                        <\/div>\n                            <\/div>\n                    <div class=\"row\">\n                                    <div class=\"col-12 col-lg-12 pb-4\">\n                                        \n                                        \n                    \n                    <a class=\"noticias-widget-title d-block \"  title=\"Fonoaudiologia em tempos de de COVID-19 &#8211; novo universo dos atendimentos em sa\u00fade\" href=\"https:\/\/www.ufsm.br\/editoras\/facos\/fonoaudiologia-em-tempos-de-de-covid-19-novo-universo-dos-atendimentos-em-saude\">\n                                                Fonoaudiologia em tempos de de COVID-19 &#8211; novo universo dos atendimentos em sa\u00fade                    <\/a>\n                    \n                    \n                                        \n                                        \n                                        <\/div>\n                            <\/div>\n                    <div class=\"row\">\n                                    <div class=\"col-12 col-lg-12 pb-4\">\n                                        \n                                        \n                    \n                    <a class=\"noticias-widget-title d-block \"  title=\"Odontologia integrada \u2013 bases cient\u00edficas para decis\u00f5es cl\u00ednicas\" href=\"https:\/\/www.ufsm.br\/editoras\/facos\/odontologia-integrada-bases-cientificas-para-decisoes-clinicas\">\n                                                Odontologia integrada \u2013 bases cient\u00edficas para decis\u00f5es cl\u00ednicas                    <\/a>\n                    \n                    \n                                        \n                                        \n                                        <\/div>\n                            <\/div>\n            <\/div>\n\t\t<\/div>\n\t\t\t\t<\/div>\n\t\t\t\t\t<\/div>\n\t\t<\/div>\n\t\t\t\t\t<\/div>\n\t\t<\/section>\n\t\t\t\t<\/div>\n\t\t","protected":false},"excerpt":{"rendered":"<p>Odontologia integrada: bases cient\u00edficas para decis\u00f5es cl\u00ednicas Mag\u00e1li Beck Guimar\u00e3es, Let\u00edcia Brand\u00e3o Durand e Gabriela Salatino Liedke (organizadores) O livro Odontologia Integrada \u2013 Bases cient\u00edficas para decis\u00f5es cl\u00ednicas re\u00fane 20 cap\u00edtulos que abordam os processos de diagn\u00f3stico, resolu\u00e7\u00e3o de casos cl\u00ednicos e desafios no atendimento dos pacientes nas diferentes especialidades da odontologia, de forma integrada. [&hellip;]<\/p>\n","protected":false},"author":3829,"featured_media":220,"parent":0,"menu_order":0,"comment_status":"closed","ping_status":"closed","template":"","meta":{"footnotes":""},"categories":[131],"tags":[99,96,97,98],"class_list":["post-191","page","type-page","status-publish","has-post-thumbnail","hentry","category-saude","tag-decisoes-clinicas","tag-educacao-superior","tag-odontologia","tag-saude"],"acf":[],"_links":{"self":[{"href":"https:\/\/www.ufsm.br\/editoras\/facos\/wp-json\/wp\/v2\/pages\/191","targetHints":{"allow":["GET"]}}],"collection":[{"href":"https:\/\/www.ufsm.br\/editoras\/facos\/wp-json\/wp\/v2\/pages"}],"about":[{"href":"https:\/\/www.ufsm.br\/editoras\/facos\/wp-json\/wp\/v2\/types\/page"}],"author":[{"embeddable":true,"href":"https:\/\/www.ufsm.br\/editoras\/facos\/wp-json\/wp\/v2\/users\/3829"}],"replies":[{"embeddable":true,"href":"https:\/\/www.ufsm.br\/editoras\/facos\/wp-json\/wp\/v2\/comments?post=191"}],"version-history":[{"count":0,"href":"https:\/\/www.ufsm.br\/editoras\/facos\/wp-json\/wp\/v2\/pages\/191\/revisions"}],"wp:featuredmedia":[{"embeddable":true,"href":"https:\/\/www.ufsm.br\/editoras\/facos\/wp-json\/wp\/v2\/media\/220"}],"wp:attachment":[{"href":"https:\/\/www.ufsm.br\/editoras\/facos\/wp-json\/wp\/v2\/media?parent=191"}],"wp:term":[{"taxonomy":"category","embeddable":true,"href":"https:\/\/www.ufsm.br\/editoras\/facos\/wp-json\/wp\/v2\/categories?post=191"},{"taxonomy":"post_tag","embeddable":true,"href":"https:\/\/www.ufsm.br\/editoras\/facos\/wp-json\/wp\/v2\/tags?post=191"}],"curies":[{"name":"wp","href":"https:\/\/api.w.org\/{rel}","templated":true}]}}