{"id":242,"date":"2021-06-11T17:47:14","date_gmt":"2021-06-11T20:47:14","guid":{"rendered":"https:\/\/www.ufsm.br\/editoras\/facos\/?page_id=242"},"modified":"2024-08-20T20:00:55","modified_gmt":"2024-08-20T23:00:55","slug":"relacoespublicas","status":"publish","type":"page","link":"https:\/\/www.ufsm.br\/editoras\/facos\/relacoespublicas","title":{"rendered":"Rela\u00e7\u00f5es p\u00fablicas"},"content":{"rendered":"\t\t<div data-elementor-type=\"wp-page\" data-elementor-id=\"242\" class=\"elementor elementor-242\">\n\t\t\t\t\t\t<section class=\"elementor-section elementor-top-section elementor-element elementor-element-7b95f896 elementor-section-boxed elementor-section-height-default elementor-section-height-default\" data-id=\"7b95f896\" data-element_type=\"section\">\n\t\t\t\t\t\t<div class=\"elementor-container elementor-column-gap-default\">\n\t\t\t\t\t<div class=\"elementor-column elementor-col-100 elementor-top-column elementor-element elementor-element-135fc96c\" data-id=\"135fc96c\" data-element_type=\"column\">\n\t\t\t<div class=\"elementor-widget-wrap elementor-element-populated\">\n\t\t\t\t\t\t<div class=\"elementor-element elementor-element-1dd2ab5f elementor-widget elementor-widget-heading\" data-id=\"1dd2ab5f\" data-element_type=\"widget\" data-widget_type=\"heading.default\">\n\t\t\t\t<div class=\"elementor-widget-container\">\n\t\t\t<h2 class=\"elementor-heading-title elementor-size-xxl\">Rela\u00e7\u00f5es P\u00fablicas<\/h2>\t\t<\/div>\n\t\t\t\t<\/div>\n\t\t\t\t<div class=\"elementor-element elementor-element-4f0e44 elementor-widget-divider--view-line elementor-widget elementor-widget-divider\" data-id=\"4f0e44\" data-element_type=\"widget\" data-widget_type=\"divider.default\">\n\t\t\t\t<div class=\"elementor-widget-container\">\n\t\t\t\t\t<div class=\"elementor-divider\">\n\t\t\t<span class=\"elementor-divider-separator\">\n\t\t\t\t\t\t<\/span>\n\t\t<\/div>\n\t\t\t\t<\/div>\n\t\t\t\t<\/div>\n\t\t\t\t\t<\/div>\n\t\t<\/div>\n\t\t\t\t\t<\/div>\n\t\t<\/section>\n\t\t\t\t<section class=\"elementor-section elementor-top-section elementor-element elementor-element-118bd27a elementor-section-boxed elementor-section-height-default elementor-section-height-default\" data-id=\"118bd27a\" data-element_type=\"section\">\n\t\t\t\t\t\t<div class=\"elementor-container elementor-column-gap-default\">\n\t\t\t\t\t<div class=\"elementor-column elementor-col-100 elementor-top-column elementor-element elementor-element-6393f1de\" data-id=\"6393f1de\" data-element_type=\"column\">\n\t\t\t<div class=\"elementor-widget-wrap elementor-element-populated\">\n\t\t\t\t\t\t<div class=\"elementor-element elementor-element-29f9c99f elementor-widget elementor-widget-text-editor\" data-id=\"29f9c99f\" data-element_type=\"widget\" data-widget_type=\"text-editor.default\">\n\t\t\t\t<div class=\"elementor-widget-container\">\n\t\t\t\t\t\t\t<p>Encontre todos os e-books sobre rela\u00e7\u00f5es p\u00fablicas publicados pela Editora FACOS-UFSM.<\/p>\t\t\t\t\t\t<\/div>\n\t\t\t\t<\/div>\n\t\t\t\t\t<\/div>\n\t\t<\/div>\n\t\t\t\t\t<\/div>\n\t\t<\/section>\n\t\t\t\t<section class=\"elementor-section elementor-top-section elementor-element elementor-element-42ed5ea3 elementor-section-boxed elementor-section-height-default elementor-section-height-default\" data-id=\"42ed5ea3\" data-element_type=\"section\">\n\t\t\t\t\t\t<div class=\"elementor-container elementor-column-gap-default\">\n\t\t\t\t\t<div class=\"elementor-column elementor-col-100 elementor-top-column elementor-element elementor-element-7eb34e28\" data-id=\"7eb34e28\" data-element_type=\"column\">\n\t\t\t<div class=\"elementor-widget-wrap elementor-element-populated\">\n\t\t\t\t\t\t<div class=\"elementor-element elementor-element-49c2252 elementor-widget elementor-widget-wp-widget-ufsm_noticias_widget\" data-id=\"49c2252\" data-element_type=\"widget\" data-widget_type=\"wp-widget-ufsm_noticias_widget.default\">\n\t\t\t\t<div class=\"elementor-widget-container\">\n\t\t\t<div class='widget-noticias-inside'>\n                        <div class=\"row\">\n                                    <div class=\"col-12 col-lg-3 pb-4\">\n                                            <div class=\"noticias-widget-wrap\" style=\"height: 350px; overflow: hidden;\">\n                            <a title=\"Capa do ebook Comunica\u00e7\u00e3o P\u00fablica\" href=\"https:\/\/www.ufsm.br\/editoras\/facos\/comunicacao-publica-midia-e-politicas-de-comunicacao\">\n                                <span class=\"visually-hidden\">\n                                    Capa do ebook Comunica\u00e7\u00e3o P\u00fablica                                <\/span>\n                                <div class=\"noticias-widget-thumbs h-100\">\n                                    <img decoding=\"async\" class=\"object-fit-cover h-100 w-100\" alt=\"\" srcset=\"https:\/\/www.ufsm.br\/app\/uploads\/sites\/746\/2025\/02\/Capa-Comunicacao-Publica-212x300.jpg 212w, https:\/\/www.ufsm.br\/app\/uploads\/sites\/746\/2025\/02\/Capa-Comunicacao-Publica.jpg 596w\" src=\"https:\/\/www.ufsm.br\/app\/uploads\/sites\/746\/2025\/02\/Capa-Comunicacao-Publica.jpg\"><\/img>\n                                <\/div>\n                            <\/a>\n                        <\/div>\n                                        \n                                            <span class='categoria-publicacao-widget'>\n                            Comunica\u00e7\u00e3o, Rela\u00e7\u00f5es P\u00fablicas                        <\/span>\n                        <br>\n                                        \n                    \n                    <a class=\"noticias-widget-title d-block  m-0 \"  title=\"Comunica\u00e7\u00e3o p\u00fablica: m\u00eddia e pol\u00edticas de comunica\u00e7\u00e3o\" href=\"https:\/\/www.ufsm.br\/editoras\/facos\/comunicacao-publica-midia-e-politicas-de-comunicacao\">\n                                                Comunica\u00e7\u00e3o p\u00fablica: m\u00eddia e pol\u00edticas de comunica\u00e7\u00e3o                    <\/a>\n                    \n                    \n                                        \n                                        \n                                        <\/div>\n                                    <div class=\"col-12 col-lg-3 pb-4\">\n                                            <div class=\"noticias-widget-wrap\" style=\"height: 350px; overflow: hidden;\">\n                            <a title=\"Capa do livro Risco e Crise\" href=\"https:\/\/www.ufsm.br\/editoras\/facos\/risco-e-crise-no-contexto-da-comunicacao-organizacional-artigos-e-entrevistas-de-especialistas\">\n                                <span class=\"visually-hidden\">\n                                    Capa do livro Risco e Crise                                <\/span>\n                                <div class=\"noticias-widget-thumbs h-100\">\n                                    <img decoding=\"async\" class=\"object-fit-cover h-100 w-100\" alt=\"\" srcset=\"https:\/\/www.ufsm.br\/app\/uploads\/sites\/746\/2024\/06\/risco-e-crise-CAPA_page-0001-188x300.jpg 188w, https:\/\/www.ufsm.br\/app\/uploads\/sites\/746\/2024\/06\/risco-e-crise-CAPA_page-0001-642x1024.jpg 642w, https:\/\/www.ufsm.br\/app\/uploads\/sites\/746\/2024\/06\/risco-e-crise-CAPA_page-0001-768x1226.jpg 768w, https:\/\/www.ufsm.br\/app\/uploads\/sites\/746\/2024\/06\/risco-e-crise-CAPA_page-0001-963x1536.jpg 963w, https:\/\/www.ufsm.br\/app\/uploads\/sites\/746\/2024\/06\/risco-e-crise-CAPA_page-0001-1283x2048.jpg 1283w, https:\/\/www.ufsm.br\/app\/uploads\/sites\/746\/2024\/06\/risco-e-crise-CAPA_page-0001-scaled.jpg 1604w\" src=\"https:\/\/www.ufsm.br\/app\/uploads\/sites\/746\/2024\/06\/risco-e-crise-CAPA_page-0001-642x1024.jpg\"><\/img>\n                                <\/div>\n                            <\/a>\n                        <\/div>\n                                        \n                                            <span class='categoria-publicacao-widget'>\n                            Comunica\u00e7\u00e3o, Rela\u00e7\u00f5es P\u00fablicas                        <\/span>\n                        <br>\n                                        \n                    \n                    <a class=\"noticias-widget-title d-block  m-0 \"  title=\"Risco e crise no contexto da comunica\u00e7\u00e3o organizacional: artigos e entrevistas de especialistas\" href=\"https:\/\/www.ufsm.br\/editoras\/facos\/risco-e-crise-no-contexto-da-comunicacao-organizacional-artigos-e-entrevistas-de-especialistas\">\n                                                Risco e crise no contexto da comunica\u00e7\u00e3o organizacional: artigos e entrevistas de especialistas                    <\/a>\n                    \n                    \n                                        \n                                        \n                                        <\/div>\n                                    <div class=\"col-12 col-lg-3 pb-4\">\n                                            <div class=\"noticias-widget-wrap\" style=\"height: 350px; overflow: hidden;\">\n                            <a title=\"Capa livro Insights para a comunica\u00e7\u00e3o organizacional\" href=\"https:\/\/www.ufsm.br\/editoras\/facos\/insights-para-a-comunicacao-organizacional\">\n                                <span class=\"visually-hidden\">\n                                    Capa livro Insights para a comunica\u00e7\u00e3o organizacional                                <\/span>\n                                <div class=\"noticias-widget-thumbs h-100\">\n                                    <img decoding=\"async\" class=\"object-fit-cover h-100 w-100\" alt=\"\" srcset=\"https:\/\/www.ufsm.br\/app\/uploads\/sites\/746\/2024\/06\/INSIGHTS-CAPA_page-0001-211x300.jpg 211w, https:\/\/www.ufsm.br\/app\/uploads\/sites\/746\/2024\/06\/INSIGHTS-CAPA_page-0001-722x1024.jpg 722w, https:\/\/www.ufsm.br\/app\/uploads\/sites\/746\/2024\/06\/INSIGHTS-CAPA_page-0001-768x1089.jpg 768w, https:\/\/www.ufsm.br\/app\/uploads\/sites\/746\/2024\/06\/INSIGHTS-CAPA_page-0001-1083x1536.jpg 1083w, https:\/\/www.ufsm.br\/app\/uploads\/sites\/746\/2024\/06\/INSIGHTS-CAPA_page-0001-1444x2048.jpg 1444w, https:\/\/www.ufsm.br\/app\/uploads\/sites\/746\/2024\/06\/INSIGHTS-CAPA_page-0001.jpg 1749w\" src=\"https:\/\/www.ufsm.br\/app\/uploads\/sites\/746\/2024\/06\/INSIGHTS-CAPA_page-0001-722x1024.jpg\"><\/img>\n                                <\/div>\n                            <\/a>\n                        <\/div>\n                                        \n                                            <span class='categoria-publicacao-widget'>\n                            Comunica\u00e7\u00e3o, Rela\u00e7\u00f5es P\u00fablicas                        <\/span>\n                        <br>\n                                        \n                    \n                    <a class=\"noticias-widget-title d-block  m-0 \"  title=\"Insights para a comunica\u00e7\u00e3o organizacional\" href=\"https:\/\/www.ufsm.br\/editoras\/facos\/insights-para-a-comunicacao-organizacional\">\n                                                Insights para a comunica\u00e7\u00e3o organizacional                    <\/a>\n                    \n                    \n                                        \n                                        \n                                        <\/div>\n                                    <div class=\"col-12 col-lg-3 pb-4\">\n                                            <div class=\"noticias-widget-wrap\" style=\"height: 350px; overflow: hidden;\">\n                            <a title=\"\" href=\"https:\/\/www.ufsm.br\/editoras\/facos\/temas-socioambientais-em-relacoes-publicas\">\n                                <span class=\"visually-hidden\">\n                                    Temas Socioambientais em Rela\u00e7\u00f5es P\u00fablicas                                <\/span>\n                                <div class=\"noticias-widget-thumbs h-100\">\n                                    <img decoding=\"async\" class=\"object-fit-cover h-100 w-100\" alt=\"\" srcset=\"https:\/\/www.ufsm.br\/app\/uploads\/sites\/746\/2023\/06\/template-capas-temas-relacoes-publicas-300x169.jpg 300w, https:\/\/www.ufsm.br\/app\/uploads\/sites\/746\/2023\/06\/template-capas-temas-relacoes-publicas-1024x576.jpg 1024w, https:\/\/www.ufsm.br\/app\/uploads\/sites\/746\/2023\/06\/template-capas-temas-relacoes-publicas-768x432.jpg 768w, https:\/\/www.ufsm.br\/app\/uploads\/sites\/746\/2023\/06\/template-capas-temas-relacoes-publicas.jpg 1200w\" src=\"https:\/\/www.ufsm.br\/app\/uploads\/sites\/746\/2023\/06\/template-capas-temas-relacoes-publicas-1024x576.jpg\"><\/img>\n                                <\/div>\n                            <\/a>\n                        <\/div>\n                                        \n                                            <span class='categoria-publicacao-widget'>\n                            Comunica\u00e7\u00e3o, Cultura, Meio ambiente, Rela\u00e7\u00f5es P\u00fablicas                        <\/span>\n                        <br>\n                                        \n                    \n                    <a class=\"noticias-widget-title d-block  m-0 \"  title=\"Temas Socioambientais em Rela\u00e7\u00f5es P\u00fablicas\" href=\"https:\/\/www.ufsm.br\/editoras\/facos\/temas-socioambientais-em-relacoes-publicas\">\n                                                Temas Socioambientais em Rela\u00e7\u00f5es P\u00fablicas                    <\/a>\n                    \n                    \n                                        \n                                        \n                                        <\/div>\n                            <\/div>\n                    <div class=\"row\">\n                                    <div class=\"col-12 col-lg-3 pb-4\">\n                                            <div class=\"noticias-widget-wrap\" style=\"height: 350px; overflow: hidden;\">\n                            <a title=\"\" href=\"https:\/\/www.ufsm.br\/editoras\/facos\/cases-inspiradores-comunicacao-na-pratica\">\n                                <span class=\"visually-hidden\">\n                                    Cases inspiradores: comunica\u00e7\u00e3o na pr\u00e1tica                                <\/span>\n                                <div class=\"noticias-widget-thumbs h-100\">\n                                    <img decoding=\"async\" class=\"object-fit-cover h-100 w-100\" alt=\"\" srcset=\"https:\/\/www.ufsm.br\/app\/uploads\/sites\/746\/2022\/05\/Cases-inspiradores-capa-destaque-300x169.jpg 300w, https:\/\/www.ufsm.br\/app\/uploads\/sites\/746\/2022\/05\/Cases-inspiradores-capa-destaque-1024x576.jpg 1024w, https:\/\/www.ufsm.br\/app\/uploads\/sites\/746\/2022\/05\/Cases-inspiradores-capa-destaque-768x432.jpg 768w, https:\/\/www.ufsm.br\/app\/uploads\/sites\/746\/2022\/05\/Cases-inspiradores-capa-destaque.jpg 1200w\" src=\"https:\/\/www.ufsm.br\/app\/uploads\/sites\/746\/2022\/05\/Cases-inspiradores-capa-destaque-1024x576.jpg\"><\/img>\n                                <\/div>\n                            <\/a>\n                        <\/div>\n                                        \n                                            <span class='categoria-publicacao-widget'>\n                            Comunica\u00e7\u00e3o, Jornalismo, M\u00eddia, Rela\u00e7\u00f5es P\u00fablicas                        <\/span>\n                        <br>\n                                        \n                    \n                    <a class=\"noticias-widget-title d-block  m-0 \"  title=\"Cases inspiradores: comunica\u00e7\u00e3o na pr\u00e1tica\" href=\"https:\/\/www.ufsm.br\/editoras\/facos\/cases-inspiradores-comunicacao-na-pratica\">\n                                                Cases inspiradores: comunica\u00e7\u00e3o na pr\u00e1tica                    <\/a>\n                    \n                    \n                                        \n                                        \n                                        <\/div>\n                                    <div class=\"col-12 col-lg-3 pb-4\">\n                                            <div class=\"noticias-widget-wrap\" style=\"height: 350px; overflow: hidden;\">\n                            <a title=\"\" href=\"https:\/\/www.ufsm.br\/editoras\/facos\/pesquisa-em-comunicacao-olhares-e-abordagens\">\n                                <span class=\"visually-hidden\">\n                                    Pesquisa em Comunica\u00e7\u00e3o: olhares e abordagens                                <\/span>\n                                <div class=\"noticias-widget-thumbs h-100\">\n                                    <img decoding=\"async\" class=\"object-fit-cover h-100 w-100\" alt=\"\" srcset=\"https:\/\/www.ufsm.br\/app\/uploads\/sites\/746\/2023\/02\/template-capa-pesquisa-comunicacao-300x169.jpg 300w, https:\/\/www.ufsm.br\/app\/uploads\/sites\/746\/2023\/02\/template-capa-pesquisa-comunicacao-1024x576.jpg 1024w, https:\/\/www.ufsm.br\/app\/uploads\/sites\/746\/2023\/02\/template-capa-pesquisa-comunicacao-768x432.jpg 768w, https:\/\/www.ufsm.br\/app\/uploads\/sites\/746\/2023\/02\/template-capa-pesquisa-comunicacao.jpg 1200w\" src=\"https:\/\/www.ufsm.br\/app\/uploads\/sites\/746\/2023\/02\/template-capa-pesquisa-comunicacao-1024x576.jpg\"><\/img>\n                                <\/div>\n                            <\/a>\n                        <\/div>\n                                        \n                                            <span class='categoria-publicacao-widget'>\n                            Comunica\u00e7\u00e3o, Jornalismo, M\u00eddia, Rela\u00e7\u00f5es P\u00fablicas                        <\/span>\n                        <br>\n                                        \n                    \n                    <a class=\"noticias-widget-title d-block  m-0 \"  title=\"Pesquisa em Comunica\u00e7\u00e3o: olhares e abordagens\" href=\"https:\/\/www.ufsm.br\/editoras\/facos\/pesquisa-em-comunicacao-olhares-e-abordagens\">\n                                                Pesquisa em Comunica\u00e7\u00e3o: olhares e abordagens                    <\/a>\n                    \n                    \n                                        \n                                        \n                                        <\/div>\n                                    <div class=\"col-12 col-lg-3 pb-4\">\n                                            <div class=\"noticias-widget-wrap\" style=\"height: 350px; overflow: hidden;\">\n                            <a title=\"\" href=\"https:\/\/www.ufsm.br\/editoras\/facos\/metodos-e-tecnicas-para-pesquisas-em-comunicacao-e-politica\">\n                                <span class=\"visually-hidden\">\n                                    M\u00e9todos e t\u00e9cnicas para pesquisas em comunica\u00e7\u00e3o e pol\u00edtica                                <\/span>\n                                <div class=\"noticias-widget-thumbs h-100\">\n                                    <img decoding=\"async\" class=\"object-fit-cover h-100 w-100\" alt=\"\" srcset=\"https:\/\/www.ufsm.br\/app\/uploads\/sites\/746\/2021\/02\/Capa_Com_Politica-300x169.jpg 300w, https:\/\/www.ufsm.br\/app\/uploads\/sites\/746\/2021\/02\/Capa_Com_Politica-1024x576.jpg 1024w, https:\/\/www.ufsm.br\/app\/uploads\/sites\/746\/2021\/02\/Capa_Com_Politica-768x432.jpg 768w, https:\/\/www.ufsm.br\/app\/uploads\/sites\/746\/2021\/02\/Capa_Com_Politica.jpg 1200w\" src=\"https:\/\/www.ufsm.br\/app\/uploads\/sites\/746\/2021\/02\/Capa_Com_Politica-1024x576.jpg\"><\/img>\n                                <\/div>\n                            <\/a>\n                        <\/div>\n                                        \n                                            <span class='categoria-publicacao-widget'>\n                            Comunica\u00e7\u00e3o, Jornalismo, M\u00eddia, Publicidade, Rela\u00e7\u00f5es P\u00fablicas                        <\/span>\n                        <br>\n                                        \n                    \n                    <a class=\"noticias-widget-title d-block  m-0 \"  title=\"M\u00e9todos e t\u00e9cnicas para pesquisas em comunica\u00e7\u00e3o e pol\u00edtica\" href=\"https:\/\/www.ufsm.br\/editoras\/facos\/metodos-e-tecnicas-para-pesquisas-em-comunicacao-e-politica\">\n                                                M\u00e9todos e t\u00e9cnicas para pesquisas em comunica\u00e7\u00e3o e pol\u00edtica                    <\/a>\n                    \n                    \n                                        \n                                        \n                                        <\/div>\n                            <\/div>\n            <\/div>\n\t\t<\/div>\n\t\t\t\t<\/div>\n\t\t\t\t\t<\/div>\n\t\t<\/div>\n\t\t\t\t\t<\/div>\n\t\t<\/section>\n\t\t\t\t<\/div>\n\t\t","protected":false},"excerpt":{"rendered":"<p>Rela\u00e7\u00f5es P\u00fablicas Encontre todos os e-books sobre rela\u00e7\u00f5es p\u00fablicas publicados pela Editora FACOS-UFSM.<\/p>\n","protected":false},"author":3829,"featured_media":0,"parent":0,"menu_order":0,"comment_status":"closed","ping_status":"closed","template":"","meta":{"footnotes":""},"categories":[],"tags":[162],"class_list":["post-242","page","type-page","status-publish","hentry","tag-relacoes-publicas"],"acf":[],"_links":{"self":[{"href":"https:\/\/www.ufsm.br\/editoras\/facos\/wp-json\/wp\/v2\/pages\/242","targetHints":{"allow":["GET"]}}],"collection":[{"href":"https:\/\/www.ufsm.br\/editoras\/facos\/wp-json\/wp\/v2\/pages"}],"about":[{"href":"https:\/\/www.ufsm.br\/editoras\/facos\/wp-json\/wp\/v2\/types\/page"}],"author":[{"embeddable":true,"href":"https:\/\/www.ufsm.br\/editoras\/facos\/wp-json\/wp\/v2\/users\/3829"}],"replies":[{"embeddable":true,"href":"https:\/\/www.ufsm.br\/editoras\/facos\/wp-json\/wp\/v2\/comments?post=242"}],"version-history":[{"count":0,"href":"https:\/\/www.ufsm.br\/editoras\/facos\/wp-json\/wp\/v2\/pages\/242\/revisions"}],"wp:attachment":[{"href":"https:\/\/www.ufsm.br\/editoras\/facos\/wp-json\/wp\/v2\/media?parent=242"}],"wp:term":[{"taxonomy":"category","embeddable":true,"href":"https:\/\/www.ufsm.br\/editoras\/facos\/wp-json\/wp\/v2\/categories?post=242"},{"taxonomy":"post_tag","embeddable":true,"href":"https:\/\/www.ufsm.br\/editoras\/facos\/wp-json\/wp\/v2\/tags?post=242"}],"curies":[{"name":"wp","href":"https:\/\/api.w.org\/{rel}","templated":true}]}}