{"id":250,"date":"2021-06-15T15:54:55","date_gmt":"2021-06-15T18:54:55","guid":{"rendered":"https:\/\/www.ufsm.br\/editoras\/facos\/?page_id=250"},"modified":"2022-11-24T09:47:52","modified_gmt":"2022-11-24T12:47:52","slug":"publicidade","status":"publish","type":"page","link":"https:\/\/www.ufsm.br\/editoras\/facos\/publicidade","title":{"rendered":"Publicidade"},"content":{"rendered":"\t\t<div data-elementor-type=\"wp-page\" data-elementor-id=\"250\" class=\"elementor elementor-250\">\n\t\t\t\t\t\t<section class=\"elementor-section elementor-top-section elementor-element elementor-element-3087123e elementor-section-boxed elementor-section-height-default elementor-section-height-default\" data-id=\"3087123e\" data-element_type=\"section\">\n\t\t\t\t\t\t<div class=\"elementor-container elementor-column-gap-default\">\n\t\t\t\t\t<div class=\"elementor-column elementor-col-100 elementor-top-column elementor-element elementor-element-61b5bf6c\" data-id=\"61b5bf6c\" data-element_type=\"column\">\n\t\t\t<div class=\"elementor-widget-wrap elementor-element-populated\">\n\t\t\t\t\t\t<div class=\"elementor-element elementor-element-682640ba elementor-widget elementor-widget-heading\" data-id=\"682640ba\" data-element_type=\"widget\" data-widget_type=\"heading.default\">\n\t\t\t\t<div class=\"elementor-widget-container\">\n\t\t\t<h2 class=\"elementor-heading-title elementor-size-xxl\">Publicidade<\/h2>\t\t<\/div>\n\t\t\t\t<\/div>\n\t\t\t\t<div class=\"elementor-element elementor-element-4fb9b039 elementor-widget-divider--view-line elementor-widget elementor-widget-divider\" data-id=\"4fb9b039\" data-element_type=\"widget\" data-widget_type=\"divider.default\">\n\t\t\t\t<div class=\"elementor-widget-container\">\n\t\t\t\t\t<div class=\"elementor-divider\">\n\t\t\t<span class=\"elementor-divider-separator\">\n\t\t\t\t\t\t<\/span>\n\t\t<\/div>\n\t\t\t\t<\/div>\n\t\t\t\t<\/div>\n\t\t\t\t\t<\/div>\n\t\t<\/div>\n\t\t\t\t\t<\/div>\n\t\t<\/section>\n\t\t\t\t<section class=\"elementor-section elementor-top-section elementor-element elementor-element-6bc4cfe elementor-section-boxed elementor-section-height-default elementor-section-height-default\" data-id=\"6bc4cfe\" data-element_type=\"section\">\n\t\t\t\t\t\t<div class=\"elementor-container elementor-column-gap-default\">\n\t\t\t\t\t<div class=\"elementor-column elementor-col-100 elementor-top-column elementor-element elementor-element-750a16a8\" data-id=\"750a16a8\" data-element_type=\"column\">\n\t\t\t<div class=\"elementor-widget-wrap elementor-element-populated\">\n\t\t\t\t\t\t<div class=\"elementor-element elementor-element-20f55fbd elementor-widget elementor-widget-text-editor\" data-id=\"20f55fbd\" data-element_type=\"widget\" data-widget_type=\"text-editor.default\">\n\t\t\t\t<div class=\"elementor-widget-container\">\n\t\t\t\t\t\t\t<p>Encontre e-books sobre publicidade publicados pela Editora FACOS-UFSM.<\/p>\t\t\t\t\t\t<\/div>\n\t\t\t\t<\/div>\n\t\t\t\t\t<\/div>\n\t\t<\/div>\n\t\t\t\t\t<\/div>\n\t\t<\/section>\n\t\t\t\t<section class=\"elementor-section elementor-top-section elementor-element elementor-element-7867757a elementor-section-boxed elementor-section-height-default elementor-section-height-default\" data-id=\"7867757a\" data-element_type=\"section\">\n\t\t\t\t\t\t<div class=\"elementor-container elementor-column-gap-default\">\n\t\t\t\t\t<div class=\"elementor-column elementor-col-100 elementor-top-column elementor-element elementor-element-2ca1bf16\" data-id=\"2ca1bf16\" data-element_type=\"column\">\n\t\t\t<div class=\"elementor-widget-wrap elementor-element-populated\">\n\t\t\t\t\t\t<div class=\"elementor-element elementor-element-4137e522 elementor-widget elementor-widget-wp-widget-ufsm_noticias_widget\" data-id=\"4137e522\" data-element_type=\"widget\" data-widget_type=\"wp-widget-ufsm_noticias_widget.default\">\n\t\t\t\t<div class=\"elementor-widget-container\">\n\t\t\t<div class='widget-noticias-inside'>\n                        <div class=\"row\">\n                                    <div class=\"col-12 col-lg-3 pb-4\">\n                                            <div class=\"noticias-widget-wrap\" style=\"height: 350px; overflow: hidden;\">\n                            <a title=\"Capa do livro Publicidade contempor\u00e2nea - volume 2\" href=\"https:\/\/www.ufsm.br\/editoras\/facos\/publicidade-contemporanea-pensamentos-brasileiros-vol-2\">\n                                <span class=\"visually-hidden\">\n                                    Capa do livro Publicidade contempor\u00e2nea - volume 2                                <\/span>\n                                <div class=\"noticias-widget-thumbs h-100\">\n                                    <img decoding=\"async\" class=\"object-fit-cover h-100 w-100\" alt=\"\" srcset=\"https:\/\/www.ufsm.br\/app\/uploads\/sites\/746\/2025\/08\/Publicidade-contemporanea-v2-200x300.jpg 200w, https:\/\/www.ufsm.br\/app\/uploads\/sites\/746\/2025\/08\/Publicidade-contemporanea-v2-683x1024.jpg 683w, https:\/\/www.ufsm.br\/app\/uploads\/sites\/746\/2025\/08\/Publicidade-contemporanea-v2-768x1152.jpg 768w, https:\/\/www.ufsm.br\/app\/uploads\/sites\/746\/2025\/08\/Publicidade-contemporanea-v2-1024x1536.jpg 1024w, https:\/\/www.ufsm.br\/app\/uploads\/sites\/746\/2025\/08\/Publicidade-contemporanea-v2-1365x2048.jpg 1365w, https:\/\/www.ufsm.br\/app\/uploads\/sites\/746\/2025\/08\/Publicidade-contemporanea-v2.jpg 1698w\" src=\"https:\/\/www.ufsm.br\/app\/uploads\/sites\/746\/2025\/08\/Publicidade-contemporanea-v2-683x1024.jpg\"><\/img>\n                                <\/div>\n                            <\/a>\n                        <\/div>\n                                        \n                                            <span class='categoria-publicacao-widget'>\n                            Comunica\u00e7\u00e3o, Lan\u00e7amento, Publicidade                        <\/span>\n                        <br>\n                                        \n                    \n                    <a class=\"noticias-widget-title d-block  m-0 \"  title=\"Publicidade contempor\u00e2nea: pensamentos brasileiros &#8211; vol. 2\" href=\"https:\/\/www.ufsm.br\/editoras\/facos\/publicidade-contemporanea-pensamentos-brasileiros-vol-2\">\n                                                Publicidade contempor\u00e2nea: pensamentos brasileiros &#8211; vol. 2                    <\/a>\n                    \n                    \n                                        \n                                        \n                                        <\/div>\n                                    <div class=\"col-12 col-lg-3 pb-4\">\n                                            <div class=\"noticias-widget-wrap\" style=\"height: 350px; overflow: hidden;\">\n                            <a title=\"capa do livro Apreender publicidade\" href=\"https:\/\/www.ufsm.br\/editoras\/facos\/apreender-publicidade-movimentos-publicitarios-na-hipermidiatizacao-volume-3\">\n                                <span class=\"visually-hidden\">\n                                    capa do livro Apreender publicidade                                <\/span>\n                                <div class=\"noticias-widget-thumbs h-100\">\n                                    <img decoding=\"async\" class=\"object-fit-cover h-100 w-100\" alt=\"\" srcset=\"https:\/\/www.ufsm.br\/app\/uploads\/sites\/746\/2025\/08\/Apreender-publicidade-v3-200x300.jpg 200w, https:\/\/www.ufsm.br\/app\/uploads\/sites\/746\/2025\/08\/Apreender-publicidade-v3-683x1024.jpg 683w, https:\/\/www.ufsm.br\/app\/uploads\/sites\/746\/2025\/08\/Apreender-publicidade-v3-768x1152.jpg 768w, https:\/\/www.ufsm.br\/app\/uploads\/sites\/746\/2025\/08\/Apreender-publicidade-v3-1024x1536.jpg 1024w, https:\/\/www.ufsm.br\/app\/uploads\/sites\/746\/2025\/08\/Apreender-publicidade-v3-1365x2048.jpg 1365w, https:\/\/www.ufsm.br\/app\/uploads\/sites\/746\/2025\/08\/Apreender-publicidade-v3.jpg 1654w\" src=\"https:\/\/www.ufsm.br\/app\/uploads\/sites\/746\/2025\/08\/Apreender-publicidade-v3-683x1024.jpg\"><\/img>\n                                <\/div>\n                            <\/a>\n                        <\/div>\n                                        \n                                            <span class='categoria-publicacao-widget'>\n                            Comunica\u00e7\u00e3o, Lan\u00e7amento, Publicidade                        <\/span>\n                        <br>\n                                        \n                    \n                    <a class=\"noticias-widget-title d-block  m-0 \"  title=\"Apre(e)nder publicidade: movimentos publicit\u00e1rios na hipermidiatiza\u00e7\u00e3o, volume 3\" href=\"https:\/\/www.ufsm.br\/editoras\/facos\/apreender-publicidade-movimentos-publicitarios-na-hipermidiatizacao-volume-3\">\n                                                Apre(e)nder publicidade: movimentos publicit\u00e1rios na hipermidiatiza\u00e7\u00e3o, volume 3                    <\/a>\n                    \n                    \n                                        \n                                        \n                                        <\/div>\n                                    <div class=\"col-12 col-lg-3 pb-4\">\n                                            <div class=\"noticias-widget-wrap\" style=\"height: 350px; overflow: hidden;\">\n                            <a title=\"Capa do livro Publicidade Contempor\u00e2nea: caminhos em forma\u00e7\u00e3o\" href=\"https:\/\/www.ufsm.br\/editoras\/facos\/publicidade-contemporanea\">\n                                <span class=\"visually-hidden\">\n                                    Capa do livro Publicidade Contempor\u00e2nea: caminhos em forma\u00e7\u00e3o                                <\/span>\n                                <div class=\"noticias-widget-thumbs h-100\">\n                                    <img decoding=\"async\" class=\"object-fit-cover h-100 w-100\" alt=\"\" srcset=\"https:\/\/www.ufsm.br\/app\/uploads\/sites\/746\/2024\/08\/Publidade-Contemporanea-Caminhos-em-Formacao-200x300.jpg 200w, https:\/\/www.ufsm.br\/app\/uploads\/sites\/746\/2024\/08\/Publidade-Contemporanea-Caminhos-em-Formacao-682x1024.jpg 682w, https:\/\/www.ufsm.br\/app\/uploads\/sites\/746\/2024\/08\/Publidade-Contemporanea-Caminhos-em-Formacao-768x1152.jpg 768w, https:\/\/www.ufsm.br\/app\/uploads\/sites\/746\/2024\/08\/Publidade-Contemporanea-Caminhos-em-Formacao.jpg 827w\" src=\"https:\/\/www.ufsm.br\/app\/uploads\/sites\/746\/2024\/08\/Publidade-Contemporanea-Caminhos-em-Formacao-682x1024.jpg\"><\/img>\n                                <\/div>\n                            <\/a>\n                        <\/div>\n                                        \n                                            <span class='categoria-publicacao-widget'>\n                            Publicidade                        <\/span>\n                        <br>\n                                        \n                    \n                    <a class=\"noticias-widget-title d-block  m-0 \"  title=\"Publicidade contempor\u00e2nea\" href=\"https:\/\/www.ufsm.br\/editoras\/facos\/publicidade-contemporanea\">\n                                                Publicidade contempor\u00e2nea                    <\/a>\n                    \n                    \n                                        \n                                        \n                                        <\/div>\n                                    <div class=\"col-12 col-lg-3 pb-4\">\n                                            <div class=\"noticias-widget-wrap\" style=\"height: 350px; overflow: hidden;\">\n                            <a title=\"\" href=\"https:\/\/www.ufsm.br\/editoras\/facos\/historias-da-midia-campos-da-publicidade-e-da-comunicacao-institucional\">\n                                <span class=\"visually-hidden\">\n                                    Hist\u00f3rias da m\u00eddia: campos da publicidade e da comunica\u00e7\u00e3o institucional                                <\/span>\n                                <div class=\"noticias-widget-thumbs h-100\">\n                                    <img decoding=\"async\" class=\"object-fit-cover h-100 w-100\" alt=\"\" srcset=\"https:\/\/www.ufsm.br\/app\/uploads\/sites\/746\/2023\/02\/template-capas-historias-da-midia-1-300x169.jpg 300w, https:\/\/www.ufsm.br\/app\/uploads\/sites\/746\/2023\/02\/template-capas-historias-da-midia-1-1024x576.jpg 1024w, https:\/\/www.ufsm.br\/app\/uploads\/sites\/746\/2023\/02\/template-capas-historias-da-midia-1-768x432.jpg 768w, https:\/\/www.ufsm.br\/app\/uploads\/sites\/746\/2023\/02\/template-capas-historias-da-midia-1.jpg 1200w\" src=\"https:\/\/www.ufsm.br\/app\/uploads\/sites\/746\/2023\/02\/template-capas-historias-da-midia-1-1024x576.jpg\"><\/img>\n                                <\/div>\n                            <\/a>\n                        <\/div>\n                                        \n                                            <span class='categoria-publicacao-widget'>\n                            Comunica\u00e7\u00e3o, M\u00eddia, Publicidade                        <\/span>\n                        <br>\n                                        \n                    \n                    <a class=\"noticias-widget-title d-block  m-0 \"  title=\"Hist\u00f3rias da m\u00eddia: campos da publicidade e da comunica\u00e7\u00e3o institucional\" href=\"https:\/\/www.ufsm.br\/editoras\/facos\/historias-da-midia-campos-da-publicidade-e-da-comunicacao-institucional\">\n                                                Hist\u00f3rias da m\u00eddia: campos da publicidade e da comunica\u00e7\u00e3o institucional                    <\/a>\n                    \n                    \n                                        \n                                        \n                                        <\/div>\n                            <\/div>\n                    <div class=\"row\">\n                                    <div class=\"col-12 col-lg-3 pb-4\">\n                                            <div class=\"noticias-widget-wrap\" style=\"height: 350px; overflow: hidden;\">\n                            <a title=\"\" href=\"https:\/\/www.ufsm.br\/editoras\/facos\/caminhos-da-publicidade-e-propaganda-marcas-identidade-e-discurso\">\n                                <span class=\"visually-hidden\">\n                                    Caminhos da publicidade e propaganda. Marcas, identidade e discurso                                <\/span>\n                                <div class=\"noticias-widget-thumbs h-100\">\n                                    <img decoding=\"async\" class=\"object-fit-cover h-100 w-100\" alt=\"\" srcset=\"https:\/\/www.ufsm.br\/app\/uploads\/sites\/746\/2023\/02\/template-capas-caminhos-da-publicidade-300x169.jpg 300w, https:\/\/www.ufsm.br\/app\/uploads\/sites\/746\/2023\/02\/template-capas-caminhos-da-publicidade-1024x576.jpg 1024w, https:\/\/www.ufsm.br\/app\/uploads\/sites\/746\/2023\/02\/template-capas-caminhos-da-publicidade-768x432.jpg 768w, https:\/\/www.ufsm.br\/app\/uploads\/sites\/746\/2023\/02\/template-capas-caminhos-da-publicidade.jpg 1200w\" src=\"https:\/\/www.ufsm.br\/app\/uploads\/sites\/746\/2023\/02\/template-capas-caminhos-da-publicidade-1024x576.jpg\"><\/img>\n                                <\/div>\n                            <\/a>\n                        <\/div>\n                                        \n                                            <span class='categoria-publicacao-widget'>\n                            Comunica\u00e7\u00e3o, Publicidade                        <\/span>\n                        <br>\n                                        \n                    \n                    <a class=\"noticias-widget-title d-block  m-0 \"  title=\"Caminhos da publicidade e propaganda. Marcas, identidade e discurso\" href=\"https:\/\/www.ufsm.br\/editoras\/facos\/caminhos-da-publicidade-e-propaganda-marcas-identidade-e-discurso\">\n                                                Caminhos da publicidade e propaganda. Marcas, identidade e discurso                    <\/a>\n                    \n                    \n                                        \n                                        \n                                        <\/div>\n                                    <div class=\"col-12 col-lg-3 pb-4\">\n                                            <div class=\"noticias-widget-wrap\" style=\"height: 350px; overflow: hidden;\">\n                            <a title=\"\" href=\"https:\/\/www.ufsm.br\/editoras\/facos\/publicidade-e-genero-representacoes-e-praticas-em-questao\">\n                                <span class=\"visually-hidden\">\n                                    Publicidade e g\u00eanero: representa\u00e7\u00f5es e pr\u00e1ticas em quest\u00e3o                                <\/span>\n                                <div class=\"noticias-widget-thumbs h-100\">\n                                    <img decoding=\"async\" class=\"object-fit-cover h-100 w-100\" alt=\"\" srcset=\"https:\/\/www.ufsm.br\/app\/uploads\/sites\/746\/2021\/08\/Publicidade-e-Genero-300x169.jpg 300w, https:\/\/www.ufsm.br\/app\/uploads\/sites\/746\/2021\/08\/Publicidade-e-Genero-1024x576.jpg 1024w, https:\/\/www.ufsm.br\/app\/uploads\/sites\/746\/2021\/08\/Publicidade-e-Genero-768x432.jpg 768w, https:\/\/www.ufsm.br\/app\/uploads\/sites\/746\/2021\/08\/Publicidade-e-Genero.jpg 1200w\" src=\"https:\/\/www.ufsm.br\/app\/uploads\/sites\/746\/2021\/08\/Publicidade-e-Genero-1024x576.jpg\"><\/img>\n                                <\/div>\n                            <\/a>\n                        <\/div>\n                                        \n                                            <span class='categoria-publicacao-widget'>\n                            Comunica\u00e7\u00e3o, Publicidade                        <\/span>\n                        <br>\n                                        \n                    \n                    <a class=\"noticias-widget-title d-block  m-0 \"  title=\"Publicidade e g\u00eanero: representa\u00e7\u00f5es e pr\u00e1ticas em quest\u00e3o\" href=\"https:\/\/www.ufsm.br\/editoras\/facos\/publicidade-e-genero-representacoes-e-praticas-em-questao\">\n                                                Publicidade e g\u00eanero: representa\u00e7\u00f5es e pr\u00e1ticas em quest\u00e3o                    <\/a>\n                    \n                    \n                                        \n                                        \n                                        <\/div>\n                                    <div class=\"col-12 col-lg-3 pb-4\">\n                                            <div class=\"noticias-widget-wrap\" style=\"height: 350px; overflow: hidden;\">\n                            <a title=\"\" href=\"https:\/\/www.ufsm.br\/editoras\/facos\/me-brand-os-processos-de-desenvolvimento-de-marcas-na-contemporaneidade\">\n                                <span class=\"visually-hidden\">\n                                    Me brand: os processos de desenvolvimento de marcas na contemporaneidade                                <\/span>\n                                <div class=\"noticias-widget-thumbs h-100\">\n                                    <img decoding=\"async\" class=\"object-fit-cover h-100 w-100\" alt=\"\" srcset=\"https:\/\/www.ufsm.br\/app\/uploads\/sites\/746\/2021\/06\/Me-Brand-os-processos-de-desenvolvimento-de-marcas-na-contemporaneidade-capa-destaque-300x169.jpg 300w, https:\/\/www.ufsm.br\/app\/uploads\/sites\/746\/2021\/06\/Me-Brand-os-processos-de-desenvolvimento-de-marcas-na-contemporaneidade-capa-destaque-1024x576.jpg 1024w, https:\/\/www.ufsm.br\/app\/uploads\/sites\/746\/2021\/06\/Me-Brand-os-processos-de-desenvolvimento-de-marcas-na-contemporaneidade-capa-destaque-768x432.jpg 768w, https:\/\/www.ufsm.br\/app\/uploads\/sites\/746\/2021\/06\/Me-Brand-os-processos-de-desenvolvimento-de-marcas-na-contemporaneidade-capa-destaque.jpg 1200w\" src=\"https:\/\/www.ufsm.br\/app\/uploads\/sites\/746\/2021\/06\/Me-Brand-os-processos-de-desenvolvimento-de-marcas-na-contemporaneidade-capa-destaque-1024x576.jpg\"><\/img>\n                                <\/div>\n                            <\/a>\n                        <\/div>\n                                        \n                                            <span class='categoria-publicacao-widget'>\n                            Comunica\u00e7\u00e3o, Design, Publicidade                        <\/span>\n                        <br>\n                                        \n                    \n                    <a class=\"noticias-widget-title d-block  m-0 \"  title=\"Me brand: os processos de desenvolvimento de marcas na contemporaneidade\" href=\"https:\/\/www.ufsm.br\/editoras\/facos\/me-brand-os-processos-de-desenvolvimento-de-marcas-na-contemporaneidade\">\n                                                Me brand: os processos de desenvolvimento de marcas na contemporaneidade                    <\/a>\n                    \n                    \n                                        \n                                        \n                                        <\/div>\n                                    <div class=\"col-12 col-lg-3 pb-4\">\n                                            <div class=\"noticias-widget-wrap\" style=\"height: 350px; overflow: hidden;\">\n                            <a title=\"\" href=\"https:\/\/www.ufsm.br\/editoras\/facos\/metodos-e-tecnicas-para-pesquisas-em-comunicacao-e-politica\">\n                                <span class=\"visually-hidden\">\n                                    M\u00e9todos e t\u00e9cnicas para pesquisas em comunica\u00e7\u00e3o e pol\u00edtica                                <\/span>\n                                <div class=\"noticias-widget-thumbs h-100\">\n                                    <img decoding=\"async\" class=\"object-fit-cover h-100 w-100\" alt=\"\" srcset=\"https:\/\/www.ufsm.br\/app\/uploads\/sites\/746\/2021\/02\/Capa_Com_Politica-300x169.jpg 300w, https:\/\/www.ufsm.br\/app\/uploads\/sites\/746\/2021\/02\/Capa_Com_Politica-1024x576.jpg 1024w, https:\/\/www.ufsm.br\/app\/uploads\/sites\/746\/2021\/02\/Capa_Com_Politica-768x432.jpg 768w, https:\/\/www.ufsm.br\/app\/uploads\/sites\/746\/2021\/02\/Capa_Com_Politica.jpg 1200w\" src=\"https:\/\/www.ufsm.br\/app\/uploads\/sites\/746\/2021\/02\/Capa_Com_Politica-1024x576.jpg\"><\/img>\n                                <\/div>\n                            <\/a>\n                        <\/div>\n                                        \n                                            <span class='categoria-publicacao-widget'>\n                            Comunica\u00e7\u00e3o, Jornalismo, M\u00eddia, Publicidade, Rela\u00e7\u00f5es P\u00fablicas                        <\/span>\n                        <br>\n                                        \n                    \n                    <a class=\"noticias-widget-title d-block  m-0 \"  title=\"M\u00e9todos e t\u00e9cnicas para pesquisas em comunica\u00e7\u00e3o e pol\u00edtica\" href=\"https:\/\/www.ufsm.br\/editoras\/facos\/metodos-e-tecnicas-para-pesquisas-em-comunicacao-e-politica\">\n                                                M\u00e9todos e t\u00e9cnicas para pesquisas em comunica\u00e7\u00e3o e pol\u00edtica                    <\/a>\n                    \n                    \n                                        \n                                        \n                                        <\/div>\n                            <\/div>\n            <\/div>\n\t\t<\/div>\n\t\t\t\t<\/div>\n\t\t\t\t\t<\/div>\n\t\t<\/div>\n\t\t\t\t\t<\/div>\n\t\t<\/section>\n\t\t\t\t<\/div>\n\t\t","protected":false},"excerpt":{"rendered":"<p>Publicidade Encontre e-books sobre publicidade publicados pela Editora FACOS-UFSM.<\/p>\n","protected":false},"author":3829,"featured_media":0,"parent":0,"menu_order":0,"comment_status":"closed","ping_status":"closed","template":"","meta":{"footnotes":""},"categories":[],"tags":[],"class_list":["post-250","page","type-page","status-publish","hentry"],"acf":[],"_links":{"self":[{"href":"https:\/\/www.ufsm.br\/editoras\/facos\/wp-json\/wp\/v2\/pages\/250","targetHints":{"allow":["GET"]}}],"collection":[{"href":"https:\/\/www.ufsm.br\/editoras\/facos\/wp-json\/wp\/v2\/pages"}],"about":[{"href":"https:\/\/www.ufsm.br\/editoras\/facos\/wp-json\/wp\/v2\/types\/page"}],"author":[{"embeddable":true,"href":"https:\/\/www.ufsm.br\/editoras\/facos\/wp-json\/wp\/v2\/users\/3829"}],"replies":[{"embeddable":true,"href":"https:\/\/www.ufsm.br\/editoras\/facos\/wp-json\/wp\/v2\/comments?post=250"}],"version-history":[{"count":0,"href":"https:\/\/www.ufsm.br\/editoras\/facos\/wp-json\/wp\/v2\/pages\/250\/revisions"}],"wp:attachment":[{"href":"https:\/\/www.ufsm.br\/editoras\/facos\/wp-json\/wp\/v2\/media?parent=250"}],"wp:term":[{"taxonomy":"category","embeddable":true,"href":"https:\/\/www.ufsm.br\/editoras\/facos\/wp-json\/wp\/v2\/categories?post=250"},{"taxonomy":"post_tag","embeddable":true,"href":"https:\/\/www.ufsm.br\/editoras\/facos\/wp-json\/wp\/v2\/tags?post=250"}],"curies":[{"name":"wp","href":"https:\/\/api.w.org\/{rel}","templated":true}]}}