{"id":255,"date":"2021-06-15T16:08:35","date_gmt":"2021-06-15T19:08:35","guid":{"rendered":"https:\/\/www.ufsm.br\/editoras\/facos\/?page_id=255"},"modified":"2024-08-20T19:18:33","modified_gmt":"2024-08-20T22:18:33","slug":"saude","status":"publish","type":"page","link":"https:\/\/www.ufsm.br\/editoras\/facos\/saude","title":{"rendered":"Sa\u00fade"},"content":{"rendered":"\t\t<div data-elementor-type=\"wp-page\" data-elementor-id=\"255\" class=\"elementor elementor-255\">\n\t\t\t\t\t\t<section class=\"elementor-section elementor-top-section elementor-element elementor-element-3fc638a elementor-section-boxed elementor-section-height-default elementor-section-height-default\" data-id=\"3fc638a\" data-element_type=\"section\">\n\t\t\t\t\t\t<div class=\"elementor-container elementor-column-gap-default\">\n\t\t\t\t\t<div class=\"elementor-column elementor-col-100 elementor-top-column elementor-element elementor-element-31d6eaa9\" data-id=\"31d6eaa9\" data-element_type=\"column\">\n\t\t\t<div class=\"elementor-widget-wrap elementor-element-populated\">\n\t\t\t\t\t\t<div class=\"elementor-element elementor-element-474d7349 elementor-widget elementor-widget-heading\" data-id=\"474d7349\" data-element_type=\"widget\" data-widget_type=\"heading.default\">\n\t\t\t\t<div class=\"elementor-widget-container\">\n\t\t\t<h2 class=\"elementor-heading-title elementor-size-xxl\">Sa\u00fade<\/h2>\t\t<\/div>\n\t\t\t\t<\/div>\n\t\t\t\t<div class=\"elementor-element elementor-element-3ce7de83 elementor-widget-divider--view-line elementor-widget elementor-widget-divider\" data-id=\"3ce7de83\" data-element_type=\"widget\" data-widget_type=\"divider.default\">\n\t\t\t\t<div class=\"elementor-widget-container\">\n\t\t\t\t\t<div class=\"elementor-divider\">\n\t\t\t<span class=\"elementor-divider-separator\">\n\t\t\t\t\t\t<\/span>\n\t\t<\/div>\n\t\t\t\t<\/div>\n\t\t\t\t<\/div>\n\t\t\t\t\t<\/div>\n\t\t<\/div>\n\t\t\t\t\t<\/div>\n\t\t<\/section>\n\t\t\t\t<section class=\"elementor-section elementor-top-section elementor-element elementor-element-c5abe3b elementor-section-boxed elementor-section-height-default elementor-section-height-default\" data-id=\"c5abe3b\" data-element_type=\"section\">\n\t\t\t\t\t\t<div class=\"elementor-container elementor-column-gap-default\">\n\t\t\t\t\t<div class=\"elementor-column elementor-col-100 elementor-top-column elementor-element elementor-element-55233add\" data-id=\"55233add\" data-element_type=\"column\">\n\t\t\t<div class=\"elementor-widget-wrap elementor-element-populated\">\n\t\t\t\t\t\t<div class=\"elementor-element elementor-element-cf49494 elementor-widget elementor-widget-text-editor\" data-id=\"cf49494\" data-element_type=\"widget\" data-widget_type=\"text-editor.default\">\n\t\t\t\t<div class=\"elementor-widget-container\">\n\t\t\t\t\t\t\t<p>Encontre e-books sobre sa\u00fade publicados pela Editora FACOS-UFSM.<\/p>\t\t\t\t\t\t<\/div>\n\t\t\t\t<\/div>\n\t\t\t\t\t<\/div>\n\t\t<\/div>\n\t\t\t\t\t<\/div>\n\t\t<\/section>\n\t\t\t\t<section class=\"elementor-section elementor-top-section elementor-element elementor-element-68ef8c91 elementor-section-boxed elementor-section-height-default elementor-section-height-default\" data-id=\"68ef8c91\" data-element_type=\"section\">\n\t\t\t\t\t\t<div class=\"elementor-container elementor-column-gap-default\">\n\t\t\t\t\t<div class=\"elementor-column elementor-col-100 elementor-top-column elementor-element elementor-element-189bed83\" data-id=\"189bed83\" data-element_type=\"column\">\n\t\t\t<div class=\"elementor-widget-wrap elementor-element-populated\">\n\t\t\t\t\t\t<div class=\"elementor-element elementor-element-5d6d459 elementor-widget elementor-widget-wp-widget-ufsm_noticias_widget\" data-id=\"5d6d459\" data-element_type=\"widget\" data-widget_type=\"wp-widget-ufsm_noticias_widget.default\">\n\t\t\t\t<div class=\"elementor-widget-container\">\n\t\t\t<div class='widget-noticias-inside'>\n                        <div class=\"row\">\n                                    <div class=\"col-12 col-lg-3 pb-4\">\n                                            <div class=\"noticias-widget-wrap\" style=\"height: 330px; overflow: hidden;\">\n                            <a title=\"Capa ebook: Odontologia integrada. Revis\u00f5es de literatura com mapas mentais\" href=\"https:\/\/www.ufsm.br\/editoras\/facos\/odontologia-integrada-revisoes-de-literatura-com-mapas-mentais\">\n                                <span class=\"visually-hidden\">\n                                    Capa ebook: Odontologia integrada. Revis\u00f5es de literatura com mapas mentais                                <\/span>\n                                <div class=\"noticias-widget-thumbs h-100\">\n                                    <img decoding=\"async\" class=\"object-fit-cover h-100 w-100\" alt=\"\" srcset=\"https:\/\/www.ufsm.br\/app\/uploads\/sites\/746\/2024\/07\/capa-ebook-revisoes.jpg-212x300.jpg 212w, https:\/\/www.ufsm.br\/app\/uploads\/sites\/746\/2024\/07\/capa-ebook-revisoes.jpg-724x1024.jpg 724w, https:\/\/www.ufsm.br\/app\/uploads\/sites\/746\/2024\/07\/capa-ebook-revisoes.jpg-768x1087.jpg 768w, https:\/\/www.ufsm.br\/app\/uploads\/sites\/746\/2024\/07\/capa-ebook-revisoes.jpg-1085x1536.jpg 1085w, https:\/\/www.ufsm.br\/app\/uploads\/sites\/746\/2024\/07\/capa-ebook-revisoes.jpg.jpg 1240w\" src=\"https:\/\/www.ufsm.br\/app\/uploads\/sites\/746\/2024\/07\/capa-ebook-revisoes.jpg-724x1024.jpg\"><\/img>\n                                <\/div>\n                            <\/a>\n                        <\/div>\n                                        \n                                            <span class='categoria-publicacao-widget'>\n                            Sa\u00fade                        <\/span>\n                        <br>\n                                        \n                    \n                    <a class=\"noticias-widget-title d-block  m-0 \"  title=\"Odontologia integrada: revis\u00f5es de literatura com mapas mentais\" href=\"https:\/\/www.ufsm.br\/editoras\/facos\/odontologia-integrada-revisoes-de-literatura-com-mapas-mentais\">\n                                                Odontologia integrada: revis\u00f5es de literatura com mapas mentais                    <\/a>\n                    \n                    \n                                        \n                                        \n                                        <\/div>\n                                    <div class=\"col-12 col-lg-3 pb-4\">\n                                            <div class=\"noticias-widget-wrap\" style=\"height: 330px; overflow: hidden;\">\n                            <a title=\"\" href=\"https:\/\/www.ufsm.br\/editoras\/facos\/desencontros-no-ensino-e-na-aprendizagem-remotos-em-tempos-de-distanciamento-social\">\n                                <span class=\"visually-hidden\">\n                                    (Des)Encontros no Ensino e na Aprendizagem remotos em tempos de distanciamento social\u2009                                <\/span>\n                                <div class=\"noticias-widget-thumbs h-100\">\n                                    <img decoding=\"async\" class=\"object-fit-cover h-100 w-100\" alt=\"\" srcset=\"https:\/\/www.ufsm.br\/app\/uploads\/sites\/746\/2021\/11\/Avaliacao_Aprendizagem_EnsinoRemoto-capa-destaque-300x169.jpg 300w, https:\/\/www.ufsm.br\/app\/uploads\/sites\/746\/2021\/11\/Avaliacao_Aprendizagem_EnsinoRemoto-capa-destaque-1024x576.jpg 1024w, https:\/\/www.ufsm.br\/app\/uploads\/sites\/746\/2021\/11\/Avaliacao_Aprendizagem_EnsinoRemoto-capa-destaque-768x432.jpg 768w, https:\/\/www.ufsm.br\/app\/uploads\/sites\/746\/2021\/11\/Avaliacao_Aprendizagem_EnsinoRemoto-capa-destaque.jpg 1200w\" src=\"https:\/\/www.ufsm.br\/app\/uploads\/sites\/746\/2021\/11\/Avaliacao_Aprendizagem_EnsinoRemoto-capa-destaque-1024x576.jpg\"><\/img>\n                                <\/div>\n                            <\/a>\n                        <\/div>\n                                        \n                                            <span class='categoria-publicacao-widget'>\n                            Educa\u00e7\u00e3o, Sa\u00fade                        <\/span>\n                        <br>\n                                        \n                    \n                    <a class=\"noticias-widget-title d-block  m-0 \"  title=\"(Des)Encontros no Ensino e na Aprendizagem remotos em tempos de distanciamento social\u2009\" href=\"https:\/\/www.ufsm.br\/editoras\/facos\/desencontros-no-ensino-e-na-aprendizagem-remotos-em-tempos-de-distanciamento-social\">\n                                                (Des)Encontros no Ensino e na Aprendizagem remotos em tempos de distanciamento social\u2009                    <\/a>\n                    \n                    \n                                        \n                                        \n                                        <\/div>\n                                    <div class=\"col-12 col-lg-3 pb-4\">\n                                            <div class=\"noticias-widget-wrap\" style=\"height: 330px; overflow: hidden;\">\n                            <a title=\"\" href=\"https:\/\/www.ufsm.br\/editoras\/facos\/manual-de-biosseguranca-do-curso-de-odontologia-da-ufsm-durante-a-pandemia-de-covid-19\">\n                                <span class=\"visually-hidden\">\n                                    Manual de biosseguran\u00e7a: do curso de odontologia da UFSM durante a pandemia de Covid-19                                <\/span>\n                                <div class=\"noticias-widget-thumbs h-100\">\n                                    <img decoding=\"async\" class=\"object-fit-cover h-100 w-100\" alt=\"\" srcset=\"https:\/\/www.ufsm.br\/app\/uploads\/sites\/746\/2021\/08\/Manual-Biosseguranca-Odonto-capa-destaque-300x169.jpg 300w, https:\/\/www.ufsm.br\/app\/uploads\/sites\/746\/2021\/08\/Manual-Biosseguranca-Odonto-capa-destaque-1024x576.jpg 1024w, https:\/\/www.ufsm.br\/app\/uploads\/sites\/746\/2021\/08\/Manual-Biosseguranca-Odonto-capa-destaque-768x432.jpg 768w, https:\/\/www.ufsm.br\/app\/uploads\/sites\/746\/2021\/08\/Manual-Biosseguranca-Odonto-capa-destaque.jpg 1200w\" src=\"https:\/\/www.ufsm.br\/app\/uploads\/sites\/746\/2021\/08\/Manual-Biosseguranca-Odonto-capa-destaque-1024x576.jpg\"><\/img>\n                                <\/div>\n                            <\/a>\n                        <\/div>\n                                        \n                                            <span class='categoria-publicacao-widget'>\n                            Sa\u00fade                        <\/span>\n                        <br>\n                                        \n                    \n                    <a class=\"noticias-widget-title d-block  m-0 \"  title=\"Manual de biosseguran\u00e7a: do curso de odontologia da UFSM durante a pandemia de Covid-19\" href=\"https:\/\/www.ufsm.br\/editoras\/facos\/manual-de-biosseguranca-do-curso-de-odontologia-da-ufsm-durante-a-pandemia-de-covid-19\">\n                                                Manual de biosseguran\u00e7a: do curso de odontologia da UFSM durante a pandemia de Covid-19                    <\/a>\n                    \n                    \n                                        \n                                        \n                                        <\/div>\n                                    <div class=\"col-12 col-lg-3 pb-4\">\n                                            <div class=\"noticias-widget-wrap\" style=\"height: 330px; overflow: hidden;\">\n                            <a title=\"\" href=\"https:\/\/www.ufsm.br\/editoras\/facos\/odontologia-em-tempos-de-covid-19-novo-universo-dos-atendimentos-em-saude\">\n                                <span class=\"visually-hidden\">\n                                    Odontologia em tempos de COVID-19 &#8211; novo universo dos atendimentos em sa\u00fade                                <\/span>\n                                <div class=\"noticias-widget-thumbs h-100\">\n                                    <img decoding=\"async\" class=\"object-fit-cover h-100 w-100\" alt=\"\" srcset=\"https:\/\/www.ufsm.br\/app\/uploads\/sites\/746\/2021\/06\/Odontologia-em-tempos-de-COVID-19-capa-destaque-300x169.jpg 300w, https:\/\/www.ufsm.br\/app\/uploads\/sites\/746\/2021\/06\/Odontologia-em-tempos-de-COVID-19-capa-destaque-1024x576.jpg 1024w, https:\/\/www.ufsm.br\/app\/uploads\/sites\/746\/2021\/06\/Odontologia-em-tempos-de-COVID-19-capa-destaque-768x432.jpg 768w, https:\/\/www.ufsm.br\/app\/uploads\/sites\/746\/2021\/06\/Odontologia-em-tempos-de-COVID-19-capa-destaque.jpg 1200w\" src=\"https:\/\/www.ufsm.br\/app\/uploads\/sites\/746\/2021\/06\/Odontologia-em-tempos-de-COVID-19-capa-destaque-1024x576.jpg\"><\/img>\n                                <\/div>\n                            <\/a>\n                        <\/div>\n                                        \n                                            <span class='categoria-publicacao-widget'>\n                            Sa\u00fade                        <\/span>\n                        <br>\n                                        \n                    \n                    <a class=\"noticias-widget-title d-block  m-0 \"  title=\"Odontologia em tempos de COVID-19 &#8211; novo universo dos atendimentos em sa\u00fade\" href=\"https:\/\/www.ufsm.br\/editoras\/facos\/odontologia-em-tempos-de-covid-19-novo-universo-dos-atendimentos-em-saude\">\n                                                Odontologia em tempos de COVID-19 &#8211; novo universo dos atendimentos em sa\u00fade                    <\/a>\n                    \n                    \n                                        \n                                        \n                                        <\/div>\n                            <\/div>\n                    <div class=\"row\">\n                                    <div class=\"col-12 col-lg-3 pb-4\">\n                                            <div class=\"noticias-widget-wrap\" style=\"height: 330px; overflow: hidden;\">\n                            <a title=\"\" href=\"https:\/\/www.ufsm.br\/editoras\/facos\/fonoaudiologia-em-tempos-de-de-covid-19-novo-universo-dos-atendimentos-em-saude\">\n                                <span class=\"visually-hidden\">\n                                    Fonoaudiologia em tempos de de COVID-19 &#8211; novo universo dos atendimentos em sa\u00fade                                <\/span>\n                                <div class=\"noticias-widget-thumbs h-100\">\n                                    <img decoding=\"async\" class=\"object-fit-cover h-100 w-100\" alt=\"\" srcset=\"https:\/\/www.ufsm.br\/app\/uploads\/sites\/746\/2021\/06\/Fonoaudiologia-em-tempos-de-covid-19-capa-destaque-300x169.jpg 300w, https:\/\/www.ufsm.br\/app\/uploads\/sites\/746\/2021\/06\/Fonoaudiologia-em-tempos-de-covid-19-capa-destaque-1024x576.jpg 1024w, https:\/\/www.ufsm.br\/app\/uploads\/sites\/746\/2021\/06\/Fonoaudiologia-em-tempos-de-covid-19-capa-destaque-768x432.jpg 768w, https:\/\/www.ufsm.br\/app\/uploads\/sites\/746\/2021\/06\/Fonoaudiologia-em-tempos-de-covid-19-capa-destaque.jpg 1200w\" src=\"https:\/\/www.ufsm.br\/app\/uploads\/sites\/746\/2021\/06\/Fonoaudiologia-em-tempos-de-covid-19-capa-destaque-1024x576.jpg\"><\/img>\n                                <\/div>\n                            <\/a>\n                        <\/div>\n                                        \n                                            <span class='categoria-publicacao-widget'>\n                            Sa\u00fade                        <\/span>\n                        <br>\n                                        \n                    \n                    <a class=\"noticias-widget-title d-block  m-0 \"  title=\"Fonoaudiologia em tempos de de COVID-19 &#8211; novo universo dos atendimentos em sa\u00fade\" href=\"https:\/\/www.ufsm.br\/editoras\/facos\/fonoaudiologia-em-tempos-de-de-covid-19-novo-universo-dos-atendimentos-em-saude\">\n                                                Fonoaudiologia em tempos de de COVID-19 &#8211; novo universo dos atendimentos em sa\u00fade                    <\/a>\n                    \n                    \n                                        \n                                        \n                                        <\/div>\n                                    <div class=\"col-12 col-lg-3 pb-4\">\n                                            <div class=\"noticias-widget-wrap\" style=\"height: 330px; overflow: hidden;\">\n                            <a title=\"\" href=\"https:\/\/www.ufsm.br\/editoras\/facos\/odontologia-integrada-bases-cientificas-para-decisoes-clinicas\">\n                                <span class=\"visually-hidden\">\n                                    Odontologia integrada \u2013 bases cient\u00edficas para decis\u00f5es cl\u00ednicas                                <\/span>\n                                <div class=\"noticias-widget-thumbs h-100\">\n                                    <img decoding=\"async\" class=\"object-fit-cover h-100 w-100\" alt=\"\" srcset=\"https:\/\/www.ufsm.br\/app\/uploads\/sites\/746\/2021\/06\/Odontologia-integrada-capa-destaque-300x169.jpg 300w, https:\/\/www.ufsm.br\/app\/uploads\/sites\/746\/2021\/06\/Odontologia-integrada-capa-destaque-1024x576.jpg 1024w, https:\/\/www.ufsm.br\/app\/uploads\/sites\/746\/2021\/06\/Odontologia-integrada-capa-destaque-768x432.jpg 768w, https:\/\/www.ufsm.br\/app\/uploads\/sites\/746\/2021\/06\/Odontologia-integrada-capa-destaque.jpg 1200w\" src=\"https:\/\/www.ufsm.br\/app\/uploads\/sites\/746\/2021\/06\/Odontologia-integrada-capa-destaque-1024x576.jpg\"><\/img>\n                                <\/div>\n                            <\/a>\n                        <\/div>\n                                        \n                                            <span class='categoria-publicacao-widget'>\n                            Sa\u00fade                        <\/span>\n                        <br>\n                                        \n                    \n                    <a class=\"noticias-widget-title d-block  m-0 \"  title=\"Odontologia integrada \u2013 bases cient\u00edficas para decis\u00f5es cl\u00ednicas\" href=\"https:\/\/www.ufsm.br\/editoras\/facos\/odontologia-integrada-bases-cientificas-para-decisoes-clinicas\">\n                                                Odontologia integrada \u2013 bases cient\u00edficas para decis\u00f5es cl\u00ednicas                    <\/a>\n                    \n                    \n                                        \n                                        \n                                        <\/div>\n                                    <div class=\"col-12 col-lg-3 pb-4\">\n                                            <div class=\"noticias-widget-wrap\" style=\"height: 330px; overflow: hidden;\">\n                            <a title=\"\" href=\"https:\/\/www.ufsm.br\/editoras\/facos\/a-corrida-de-sol\">\n                                <span class=\"visually-hidden\">\n                                    A corrida de Sol                                <\/span>\n                                <div class=\"noticias-widget-thumbs h-100\">\n                                    <img decoding=\"async\" class=\"object-fit-cover h-100 w-100\" alt=\"\" srcset=\"https:\/\/www.ufsm.br\/app\/uploads\/sites\/746\/2021\/06\/A-Corrida-de-Sol-ebook-capa-destaque-300x169.jpg 300w, https:\/\/www.ufsm.br\/app\/uploads\/sites\/746\/2021\/06\/A-Corrida-de-Sol-ebook-capa-destaque-1024x576.jpg 1024w, https:\/\/www.ufsm.br\/app\/uploads\/sites\/746\/2021\/06\/A-Corrida-de-Sol-ebook-capa-destaque-768x432.jpg 768w, https:\/\/www.ufsm.br\/app\/uploads\/sites\/746\/2021\/06\/A-Corrida-de-Sol-ebook-capa-destaque.jpg 1200w\" src=\"https:\/\/www.ufsm.br\/app\/uploads\/sites\/746\/2021\/06\/A-Corrida-de-Sol-ebook-capa-destaque-1024x576.jpg\"><\/img>\n                                <\/div>\n                            <\/a>\n                        <\/div>\n                                        \n                                            <span class='categoria-publicacao-widget'>\n                            Sa\u00fade                        <\/span>\n                        <br>\n                                        \n                    \n                    <a class=\"noticias-widget-title d-block  m-0 \"  title=\"A corrida de Sol\" href=\"https:\/\/www.ufsm.br\/editoras\/facos\/a-corrida-de-sol\">\n                                                A corrida de Sol                    <\/a>\n                    \n                    \n                                        \n                                        \n                                        <\/div>\n                                    <div class=\"col-12 col-lg-3 pb-4\">\n                                            <div class=\"noticias-widget-wrap\" style=\"height: 330px; overflow: hidden;\">\n                            <a title=\"\" href=\"https:\/\/www.ufsm.br\/editoras\/facos\/adeus-bibi-a-hora-de-largar-a-chupeta\">\n                                <span class=\"visually-hidden\">\n                                    Adeus Bibi: a hora de largar a chupeta                                <\/span>\n                                <div class=\"noticias-widget-thumbs h-100\">\n                                    <img decoding=\"async\" class=\"object-fit-cover h-100 w-100\" alt=\"\" srcset=\"https:\/\/www.ufsm.br\/app\/uploads\/sites\/746\/2021\/06\/Adeus_Bibi_Ebook-capa-destaque-300x169.jpg 300w, https:\/\/www.ufsm.br\/app\/uploads\/sites\/746\/2021\/06\/Adeus_Bibi_Ebook-capa-destaque-1024x576.jpg 1024w, https:\/\/www.ufsm.br\/app\/uploads\/sites\/746\/2021\/06\/Adeus_Bibi_Ebook-capa-destaque-768x432.jpg 768w, https:\/\/www.ufsm.br\/app\/uploads\/sites\/746\/2021\/06\/Adeus_Bibi_Ebook-capa-destaque.jpg 1200w\" src=\"https:\/\/www.ufsm.br\/app\/uploads\/sites\/746\/2021\/06\/Adeus_Bibi_Ebook-capa-destaque-1024x576.jpg\"><\/img>\n                                <\/div>\n                            <\/a>\n                        <\/div>\n                                        \n                                            <span class='categoria-publicacao-widget'>\n                            Sa\u00fade                        <\/span>\n                        <br>\n                                        \n                    \n                    <a class=\"noticias-widget-title d-block  m-0 \"  title=\"Adeus Bibi: a hora de largar a chupeta\" href=\"https:\/\/www.ufsm.br\/editoras\/facos\/adeus-bibi-a-hora-de-largar-a-chupeta\">\n                                                Adeus Bibi: a hora de largar a chupeta                    <\/a>\n                    \n                    \n                                        \n                                        \n                                        <\/div>\n                            <\/div>\n            <\/div>\n\t\t<\/div>\n\t\t\t\t<\/div>\n\t\t\t\t\t<\/div>\n\t\t<\/div>\n\t\t\t\t\t<\/div>\n\t\t<\/section>\n\t\t\t\t<\/div>\n\t\t","protected":false},"excerpt":{"rendered":"<p>Sa\u00fade Encontre e-books sobre sa\u00fade publicados pela Editora FACOS-UFSM.<\/p>\n","protected":false},"author":3829,"featured_media":0,"parent":0,"menu_order":0,"comment_status":"closed","ping_status":"closed","template":"","meta":{"footnotes":""},"categories":[],"tags":[],"class_list":["post-255","page","type-page","status-publish","hentry"],"acf":[],"_links":{"self":[{"href":"https:\/\/www.ufsm.br\/editoras\/facos\/wp-json\/wp\/v2\/pages\/255","targetHints":{"allow":["GET"]}}],"collection":[{"href":"https:\/\/www.ufsm.br\/editoras\/facos\/wp-json\/wp\/v2\/pages"}],"about":[{"href":"https:\/\/www.ufsm.br\/editoras\/facos\/wp-json\/wp\/v2\/types\/page"}],"author":[{"embeddable":true,"href":"https:\/\/www.ufsm.br\/editoras\/facos\/wp-json\/wp\/v2\/users\/3829"}],"replies":[{"embeddable":true,"href":"https:\/\/www.ufsm.br\/editoras\/facos\/wp-json\/wp\/v2\/comments?post=255"}],"version-history":[{"count":0,"href":"https:\/\/www.ufsm.br\/editoras\/facos\/wp-json\/wp\/v2\/pages\/255\/revisions"}],"wp:attachment":[{"href":"https:\/\/www.ufsm.br\/editoras\/facos\/wp-json\/wp\/v2\/media?parent=255"}],"wp:term":[{"taxonomy":"category","embeddable":true,"href":"https:\/\/www.ufsm.br\/editoras\/facos\/wp-json\/wp\/v2\/categories?post=255"},{"taxonomy":"post_tag","embeddable":true,"href":"https:\/\/www.ufsm.br\/editoras\/facos\/wp-json\/wp\/v2\/tags?post=255"}],"curies":[{"name":"wp","href":"https:\/\/api.w.org\/{rel}","templated":true}]}}