{"id":256,"date":"2021-06-15T16:47:25","date_gmt":"2021-06-15T19:47:25","guid":{"rendered":"https:\/\/www.ufsm.br\/editoras\/facos\/?page_id=256"},"modified":"2022-11-24T10:04:52","modified_gmt":"2022-11-24T13:04:52","slug":"arte","status":"publish","type":"page","link":"https:\/\/www.ufsm.br\/editoras\/facos\/arte","title":{"rendered":"Arte"},"content":{"rendered":"\t\t<div data-elementor-type=\"wp-page\" data-elementor-id=\"256\" class=\"elementor elementor-256\">\n\t\t\t\t\t\t<section class=\"elementor-section elementor-top-section elementor-element elementor-element-4d942edf elementor-section-boxed elementor-section-height-default elementor-section-height-default\" data-id=\"4d942edf\" data-element_type=\"section\">\n\t\t\t\t\t\t<div class=\"elementor-container elementor-column-gap-default\">\n\t\t\t\t\t<div class=\"elementor-column elementor-col-100 elementor-top-column elementor-element elementor-element-3ce1a9bd\" data-id=\"3ce1a9bd\" data-element_type=\"column\">\n\t\t\t<div class=\"elementor-widget-wrap elementor-element-populated\">\n\t\t\t\t\t\t<div class=\"elementor-element elementor-element-2c0bed51 elementor-widget elementor-widget-heading\" data-id=\"2c0bed51\" data-element_type=\"widget\" data-widget_type=\"heading.default\">\n\t\t\t\t<div class=\"elementor-widget-container\">\n\t\t\t<h2 class=\"elementor-heading-title elementor-size-xxl\">Arte<\/h2>\t\t<\/div>\n\t\t\t\t<\/div>\n\t\t\t\t<div class=\"elementor-element elementor-element-e5c878c elementor-widget-divider--view-line elementor-widget elementor-widget-divider\" data-id=\"e5c878c\" data-element_type=\"widget\" data-widget_type=\"divider.default\">\n\t\t\t\t<div class=\"elementor-widget-container\">\n\t\t\t\t\t<div class=\"elementor-divider\">\n\t\t\t<span class=\"elementor-divider-separator\">\n\t\t\t\t\t\t<\/span>\n\t\t<\/div>\n\t\t\t\t<\/div>\n\t\t\t\t<\/div>\n\t\t\t\t\t<\/div>\n\t\t<\/div>\n\t\t\t\t\t<\/div>\n\t\t<\/section>\n\t\t\t\t<section class=\"elementor-section elementor-top-section elementor-element elementor-element-7871d15e elementor-section-boxed elementor-section-height-default elementor-section-height-default\" data-id=\"7871d15e\" data-element_type=\"section\">\n\t\t\t\t\t\t<div class=\"elementor-container elementor-column-gap-default\">\n\t\t\t\t\t<div class=\"elementor-column elementor-col-100 elementor-top-column elementor-element elementor-element-274f4261\" data-id=\"274f4261\" data-element_type=\"column\">\n\t\t\t<div class=\"elementor-widget-wrap elementor-element-populated\">\n\t\t\t\t\t\t<div class=\"elementor-element elementor-element-6a5ed5a7 elementor-widget elementor-widget-text-editor\" data-id=\"6a5ed5a7\" data-element_type=\"widget\" data-widget_type=\"text-editor.default\">\n\t\t\t\t<div class=\"elementor-widget-container\">\n\t\t\t\t\t\t\t<p>Encontre e-books sobre arte publicados pela Editora FACOS-UFSM.<\/p>\t\t\t\t\t\t<\/div>\n\t\t\t\t<\/div>\n\t\t\t\t\t<\/div>\n\t\t<\/div>\n\t\t\t\t\t<\/div>\n\t\t<\/section>\n\t\t\t\t<section class=\"elementor-section elementor-top-section elementor-element elementor-element-53c4982f elementor-section-boxed elementor-section-height-default elementor-section-height-default\" data-id=\"53c4982f\" data-element_type=\"section\">\n\t\t\t\t\t\t<div class=\"elementor-container elementor-column-gap-default\">\n\t\t\t\t\t<div class=\"elementor-column elementor-col-100 elementor-top-column elementor-element elementor-element-39a2831c\" data-id=\"39a2831c\" data-element_type=\"column\">\n\t\t\t<div class=\"elementor-widget-wrap elementor-element-populated\">\n\t\t\t\t\t\t<div class=\"elementor-element elementor-element-2db96067 elementor-widget elementor-widget-wp-widget-ufsm_noticias_widget\" data-id=\"2db96067\" data-element_type=\"widget\" data-widget_type=\"wp-widget-ufsm_noticias_widget.default\">\n\t\t\t\t<div class=\"elementor-widget-container\">\n\t\t\t<div class='widget-noticias-inside'>\n                        <div class=\"row\">\n                                    <div class=\"col-12 col-lg-3 pb-4\">\n                                            <div class=\"noticias-widget-wrap\" style=\"height: 350px; overflow: hidden;\">\n                            <a title=\"\" href=\"https:\/\/www.ufsm.br\/editoras\/facos\/arte-y-pedagogia\">\n                                <span class=\"visually-hidden\">\n                                    Arte y Pedagog\u00eda                                <\/span>\n                                <div class=\"noticias-widget-thumbs h-100\">\n                                    <img decoding=\"async\" class=\"object-fit-cover h-100 w-100\" alt=\"\" srcset=\"https:\/\/www.ufsm.br\/app\/uploads\/sites\/746\/2023\/11\/template-arte-y-pedagogia-300x169.jpg 300w, https:\/\/www.ufsm.br\/app\/uploads\/sites\/746\/2023\/11\/template-arte-y-pedagogia-1024x576.jpg 1024w, https:\/\/www.ufsm.br\/app\/uploads\/sites\/746\/2023\/11\/template-arte-y-pedagogia-768x432.jpg 768w, https:\/\/www.ufsm.br\/app\/uploads\/sites\/746\/2023\/11\/template-arte-y-pedagogia.jpg 1200w\" src=\"https:\/\/www.ufsm.br\/app\/uploads\/sites\/746\/2023\/11\/template-arte-y-pedagogia-1024x576.jpg\"><\/img>\n                                <\/div>\n                            <\/a>\n                        <\/div>\n                                        \n                                            <span class='categoria-publicacao-widget'>\n                            Arte, Educa\u00e7\u00e3o                        <\/span>\n                        <br>\n                                        \n                    \n                    <a class=\"noticias-widget-title d-block  m-0 \"  title=\"Arte y Pedagog\u00eda\" href=\"https:\/\/www.ufsm.br\/editoras\/facos\/arte-y-pedagogia\">\n                                                Arte y Pedagog\u00eda                    <\/a>\n                    \n                    \n                                        \n                                        \n                                        <\/div>\n                                    <div class=\"col-12 col-lg-3 pb-4\">\n                                            <div class=\"noticias-widget-wrap\" style=\"height: 350px; overflow: hidden;\">\n                            <a title=\"\" href=\"https:\/\/www.ufsm.br\/editoras\/facos\/que-horas-ela-volta-elos-e-nexos-entre-o-audiovisual-e-a-interdisciplinaridade\">\n                                <span class=\"visually-hidden\">\n                                    Que horas ela volta? Elos e nexos entre o audiovisual e a interdisciplinaridade                                <\/span>\n                                <div class=\"noticias-widget-thumbs h-100\">\n                                    <img decoding=\"async\" class=\"object-fit-cover h-100 w-100\" alt=\"\" srcset=\"https:\/\/www.ufsm.br\/app\/uploads\/sites\/746\/2023\/07\/template-capas-siteque_horas_ela_volta-300x169.jpg 300w, https:\/\/www.ufsm.br\/app\/uploads\/sites\/746\/2023\/07\/template-capas-siteque_horas_ela_volta-1024x576.jpg 1024w, https:\/\/www.ufsm.br\/app\/uploads\/sites\/746\/2023\/07\/template-capas-siteque_horas_ela_volta-768x432.jpg 768w, https:\/\/www.ufsm.br\/app\/uploads\/sites\/746\/2023\/07\/template-capas-siteque_horas_ela_volta.jpg 1200w\" src=\"https:\/\/www.ufsm.br\/app\/uploads\/sites\/746\/2023\/07\/template-capas-siteque_horas_ela_volta-1024x576.jpg\"><\/img>\n                                <\/div>\n                            <\/a>\n                        <\/div>\n                                        \n                                            <span class='categoria-publicacao-widget'>\n                            Arte, M\u00eddia                        <\/span>\n                        <br>\n                                        \n                    \n                    <a class=\"noticias-widget-title d-block  m-0 \"  title=\"Que horas ela volta? Elos e nexos entre o audiovisual e a interdisciplinaridade\" href=\"https:\/\/www.ufsm.br\/editoras\/facos\/que-horas-ela-volta-elos-e-nexos-entre-o-audiovisual-e-a-interdisciplinaridade\">\n                                                Que horas ela volta? Elos e nexos entre o audiovisual e a interdisciplinaridade                    <\/a>\n                    \n                    \n                                        \n                                        \n                                        <\/div>\n                                    <div class=\"col-12 col-lg-3 pb-4\">\n                                            <div class=\"noticias-widget-wrap\" style=\"height: 350px; overflow: hidden;\">\n                            <a title=\"\" href=\"https:\/\/www.ufsm.br\/editoras\/facos\/novas-triades-semana-da-musica-contemporanea-no-rs-anais-do-evento\">\n                                <span class=\"visually-hidden\">\n                                    Novas Tr\u00edades: Semana da M\u00fasica Contempor\u00e2nea no RS &#8211; Anais do Evento                                <\/span>\n                                <div class=\"noticias-widget-thumbs h-100\">\n                                    <img decoding=\"async\" class=\"object-fit-cover h-100 w-100\" alt=\"\" srcset=\"https:\/\/www.ufsm.br\/app\/uploads\/sites\/746\/2023\/04\/template-capas-novas-triades-musica-300x169.jpg 300w, https:\/\/www.ufsm.br\/app\/uploads\/sites\/746\/2023\/04\/template-capas-novas-triades-musica-1024x576.jpg 1024w, https:\/\/www.ufsm.br\/app\/uploads\/sites\/746\/2023\/04\/template-capas-novas-triades-musica-768x432.jpg 768w, https:\/\/www.ufsm.br\/app\/uploads\/sites\/746\/2023\/04\/template-capas-novas-triades-musica.jpg 1200w\" src=\"https:\/\/www.ufsm.br\/app\/uploads\/sites\/746\/2023\/04\/template-capas-novas-triades-musica-1024x576.jpg\"><\/img>\n                                <\/div>\n                            <\/a>\n                        <\/div>\n                                        \n                                            <span class='categoria-publicacao-widget'>\n                            Arte                        <\/span>\n                        <br>\n                                        \n                    \n                    <a class=\"noticias-widget-title d-block  m-0 \"  title=\"Novas Tr\u00edades: Semana da M\u00fasica Contempor\u00e2nea no RS &#8211; Anais do Evento\" href=\"https:\/\/www.ufsm.br\/editoras\/facos\/novas-triades-semana-da-musica-contemporanea-no-rs-anais-do-evento\">\n                                                Novas Tr\u00edades: Semana da M\u00fasica Contempor\u00e2nea no RS &#8211; Anais do Evento                    <\/a>\n                    \n                    \n                                        \n                                        \n                                        <\/div>\n                                    <div class=\"col-12 col-lg-3 pb-4\">\n                                            <div class=\"noticias-widget-wrap\" style=\"height: 350px; overflow: hidden;\">\n                            <a title=\"\" href=\"https:\/\/www.ufsm.br\/editoras\/facos\/colecionismo-entre-renomados-e-emergentes-2\">\n                                <span class=\"visually-hidden\">\n                                    Colecionismo: entre renomados e emergentes                                <\/span>\n                                <div class=\"noticias-widget-thumbs h-100\">\n                                    <img decoding=\"async\" class=\"object-fit-cover h-100 w-100\" alt=\"\" srcset=\"https:\/\/www.ufsm.br\/app\/uploads\/sites\/746\/2021\/07\/Colecionismo-entre-renomados-e-emergentes-1-300x169.jpg 300w, https:\/\/www.ufsm.br\/app\/uploads\/sites\/746\/2021\/07\/Colecionismo-entre-renomados-e-emergentes-1-1024x576.jpg 1024w, https:\/\/www.ufsm.br\/app\/uploads\/sites\/746\/2021\/07\/Colecionismo-entre-renomados-e-emergentes-1-768x432.jpg 768w, https:\/\/www.ufsm.br\/app\/uploads\/sites\/746\/2021\/07\/Colecionismo-entre-renomados-e-emergentes-1.jpg 1200w\" src=\"https:\/\/www.ufsm.br\/app\/uploads\/sites\/746\/2021\/07\/Colecionismo-entre-renomados-e-emergentes-1-1024x576.jpg\"><\/img>\n                                <\/div>\n                            <\/a>\n                        <\/div>\n                                        \n                                            <span class='categoria-publicacao-widget'>\n                            Arte                        <\/span>\n                        <br>\n                                        \n                    \n                    <a class=\"noticias-widget-title d-block  m-0 \"  title=\"Colecionismo: entre renomados e emergentes\" href=\"https:\/\/www.ufsm.br\/editoras\/facos\/colecionismo-entre-renomados-e-emergentes-2\">\n                                                Colecionismo: entre renomados e emergentes                    <\/a>\n                    \n                    \n                                        \n                                        \n                                        <\/div>\n                            <\/div>\n                    <div class=\"row\">\n                                    <div class=\"col-12 col-lg-3 pb-4\">\n                                            <div class=\"noticias-widget-wrap\" style=\"height: 350px; overflow: hidden;\">\n                            <a title=\"\" href=\"https:\/\/www.ufsm.br\/editoras\/facos\/historia-da-arte-no-desenho-industrial-imagens-fantasmas\">\n                                <span class=\"visually-hidden\">\n                                    Hist\u00f3ria da Arte no Desenho Industrial: imagens fantasmas                                <\/span>\n                                <div class=\"noticias-widget-thumbs h-100\">\n                                    <img decoding=\"async\" class=\"object-fit-cover h-100 w-100\" alt=\"\" srcset=\"https:\/\/www.ufsm.br\/app\/uploads\/sites\/746\/2021\/03\/Historia-da-arte-DI-300x169.jpg 300w, https:\/\/www.ufsm.br\/app\/uploads\/sites\/746\/2021\/03\/Historia-da-arte-DI-768x432.jpg 768w, https:\/\/www.ufsm.br\/app\/uploads\/sites\/746\/2021\/03\/Historia-da-arte-DI.jpg 1024w\" src=\"https:\/\/www.ufsm.br\/app\/uploads\/sites\/746\/2021\/03\/Historia-da-arte-DI.jpg\"><\/img>\n                                <\/div>\n                            <\/a>\n                        <\/div>\n                                        \n                                            <span class='categoria-publicacao-widget'>\n                            Arte, Design                        <\/span>\n                        <br>\n                                        \n                    \n                    <a class=\"noticias-widget-title d-block  m-0 \"  title=\"Hist\u00f3ria da Arte no Desenho Industrial: imagens fantasmas\" href=\"https:\/\/www.ufsm.br\/editoras\/facos\/historia-da-arte-no-desenho-industrial-imagens-fantasmas\">\n                                                Hist\u00f3ria da Arte no Desenho Industrial: imagens fantasmas                    <\/a>\n                    \n                    \n                                        \n                                        \n                                        <\/div>\n                                    <div class=\"col-12 col-lg-3 pb-4\">\n                                            <div class=\"noticias-widget-wrap\" style=\"height: 350px; overflow: hidden;\">\n                            <a title=\"\" href=\"https:\/\/www.ufsm.br\/editoras\/facos\/arte-computacional-preservacao-e-arquivamento-na-contemporaneidade\">\n                                <span class=\"visually-hidden\">\n                                    Arte computacional: preserva\u00e7\u00e3o e arquivamento na contemporaneidade                                <\/span>\n                                <div class=\"noticias-widget-thumbs h-100\">\n                                    <img decoding=\"async\" class=\"object-fit-cover h-100 w-100\" alt=\"\" srcset=\"https:\/\/www.ufsm.br\/app\/uploads\/sites\/746\/2021\/02\/landerdahl_livro_OK-300x169.jpg 300w, https:\/\/www.ufsm.br\/app\/uploads\/sites\/746\/2021\/02\/landerdahl_livro_OK-1024x576.jpg 1024w, https:\/\/www.ufsm.br\/app\/uploads\/sites\/746\/2021\/02\/landerdahl_livro_OK-768x432.jpg 768w, https:\/\/www.ufsm.br\/app\/uploads\/sites\/746\/2021\/02\/landerdahl_livro_OK.jpg 1200w\" src=\"https:\/\/www.ufsm.br\/app\/uploads\/sites\/746\/2021\/02\/landerdahl_livro_OK-1024x576.jpg\"><\/img>\n                                <\/div>\n                            <\/a>\n                        <\/div>\n                                        \n                                            <span class='categoria-publicacao-widget'>\n                            Arte                        <\/span>\n                        <br>\n                                        \n                    \n                    <a class=\"noticias-widget-title d-block  m-0 \"  title=\"Arte computacional: preserva\u00e7\u00e3o e arquivamento na contemporaneidade\" href=\"https:\/\/www.ufsm.br\/editoras\/facos\/arte-computacional-preservacao-e-arquivamento-na-contemporaneidade\">\n                                                Arte computacional: preserva\u00e7\u00e3o e arquivamento na contemporaneidade                    <\/a>\n                    \n                    \n                                        \n                                        \n                                        <\/div>\n                            <\/div>\n            <\/div>\n\t\t<\/div>\n\t\t\t\t<\/div>\n\t\t\t\t\t<\/div>\n\t\t<\/div>\n\t\t\t\t\t<\/div>\n\t\t<\/section>\n\t\t\t\t<\/div>\n\t\t","protected":false},"excerpt":{"rendered":"<p>Arte Encontre e-books sobre arte publicados pela Editora FACOS-UFSM.<\/p>\n","protected":false},"author":3829,"featured_media":0,"parent":0,"menu_order":0,"comment_status":"closed","ping_status":"closed","template":"","meta":{"footnotes":""},"categories":[],"tags":[],"class_list":["post-256","page","type-page","status-publish","hentry"],"acf":[],"_links":{"self":[{"href":"https:\/\/www.ufsm.br\/editoras\/facos\/wp-json\/wp\/v2\/pages\/256","targetHints":{"allow":["GET"]}}],"collection":[{"href":"https:\/\/www.ufsm.br\/editoras\/facos\/wp-json\/wp\/v2\/pages"}],"about":[{"href":"https:\/\/www.ufsm.br\/editoras\/facos\/wp-json\/wp\/v2\/types\/page"}],"author":[{"embeddable":true,"href":"https:\/\/www.ufsm.br\/editoras\/facos\/wp-json\/wp\/v2\/users\/3829"}],"replies":[{"embeddable":true,"href":"https:\/\/www.ufsm.br\/editoras\/facos\/wp-json\/wp\/v2\/comments?post=256"}],"version-history":[{"count":0,"href":"https:\/\/www.ufsm.br\/editoras\/facos\/wp-json\/wp\/v2\/pages\/256\/revisions"}],"wp:attachment":[{"href":"https:\/\/www.ufsm.br\/editoras\/facos\/wp-json\/wp\/v2\/media?parent=256"}],"wp:term":[{"taxonomy":"category","embeddable":true,"href":"https:\/\/www.ufsm.br\/editoras\/facos\/wp-json\/wp\/v2\/categories?post=256"},{"taxonomy":"post_tag","embeddable":true,"href":"https:\/\/www.ufsm.br\/editoras\/facos\/wp-json\/wp\/v2\/tags?post=256"}],"curies":[{"name":"wp","href":"https:\/\/api.w.org\/{rel}","templated":true}]}}