{"id":257,"date":"2021-06-15T16:13:29","date_gmt":"2021-06-15T19:13:29","guid":{"rendered":"https:\/\/www.ufsm.br\/editoras\/facos\/?page_id=257"},"modified":"2022-11-24T10:09:23","modified_gmt":"2022-11-24T13:09:23","slug":"design","status":"publish","type":"page","link":"https:\/\/www.ufsm.br\/editoras\/facos\/design","title":{"rendered":"Design"},"content":{"rendered":"\t\t<div data-elementor-type=\"wp-page\" data-elementor-id=\"257\" class=\"elementor elementor-257\">\n\t\t\t\t\t\t<section class=\"elementor-section elementor-top-section elementor-element elementor-element-74988616 elementor-section-boxed elementor-section-height-default elementor-section-height-default\" data-id=\"74988616\" data-element_type=\"section\">\n\t\t\t\t\t\t<div class=\"elementor-container elementor-column-gap-default\">\n\t\t\t\t\t<div class=\"elementor-column elementor-col-100 elementor-top-column elementor-element elementor-element-6a370324\" data-id=\"6a370324\" data-element_type=\"column\">\n\t\t\t<div class=\"elementor-widget-wrap elementor-element-populated\">\n\t\t\t\t\t\t<div class=\"elementor-element elementor-element-5d89a29a elementor-widget elementor-widget-heading\" data-id=\"5d89a29a\" data-element_type=\"widget\" data-widget_type=\"heading.default\">\n\t\t\t\t<div class=\"elementor-widget-container\">\n\t\t\t<h2 class=\"elementor-heading-title elementor-size-xxl\">Design<\/h2>\t\t<\/div>\n\t\t\t\t<\/div>\n\t\t\t\t<div class=\"elementor-element elementor-element-347942ff elementor-widget-divider--view-line elementor-widget elementor-widget-divider\" data-id=\"347942ff\" data-element_type=\"widget\" data-widget_type=\"divider.default\">\n\t\t\t\t<div class=\"elementor-widget-container\">\n\t\t\t\t\t<div class=\"elementor-divider\">\n\t\t\t<span class=\"elementor-divider-separator\">\n\t\t\t\t\t\t<\/span>\n\t\t<\/div>\n\t\t\t\t<\/div>\n\t\t\t\t<\/div>\n\t\t\t\t\t<\/div>\n\t\t<\/div>\n\t\t\t\t\t<\/div>\n\t\t<\/section>\n\t\t\t\t<section class=\"elementor-section elementor-top-section elementor-element elementor-element-386c7772 elementor-section-boxed elementor-section-height-default elementor-section-height-default\" data-id=\"386c7772\" data-element_type=\"section\">\n\t\t\t\t\t\t<div class=\"elementor-container elementor-column-gap-default\">\n\t\t\t\t\t<div class=\"elementor-column elementor-col-100 elementor-top-column elementor-element elementor-element-110adfb4\" data-id=\"110adfb4\" data-element_type=\"column\">\n\t\t\t<div class=\"elementor-widget-wrap elementor-element-populated\">\n\t\t\t\t\t\t<div class=\"elementor-element elementor-element-36c021f8 elementor-widget elementor-widget-text-editor\" data-id=\"36c021f8\" data-element_type=\"widget\" data-widget_type=\"text-editor.default\">\n\t\t\t\t<div class=\"elementor-widget-container\">\n\t\t\t\t\t\t\t<p>Encontre e-books sobre design publicados pela Editora FACOS-UFSM.<\/p>\t\t\t\t\t\t<\/div>\n\t\t\t\t<\/div>\n\t\t\t\t\t<\/div>\n\t\t<\/div>\n\t\t\t\t\t<\/div>\n\t\t<\/section>\n\t\t\t\t<section class=\"elementor-section elementor-top-section elementor-element elementor-element-334ba0e2 elementor-section-boxed elementor-section-height-default elementor-section-height-default\" data-id=\"334ba0e2\" data-element_type=\"section\">\n\t\t\t\t\t\t<div class=\"elementor-container elementor-column-gap-default\">\n\t\t\t\t\t<div class=\"elementor-column elementor-col-100 elementor-top-column elementor-element elementor-element-308fb571\" data-id=\"308fb571\" data-element_type=\"column\">\n\t\t\t<div class=\"elementor-widget-wrap elementor-element-populated\">\n\t\t\t\t\t\t<div class=\"elementor-element elementor-element-60f82ffd elementor-widget elementor-widget-wp-widget-ufsm_noticias_widget\" data-id=\"60f82ffd\" data-element_type=\"widget\" data-widget_type=\"wp-widget-ufsm_noticias_widget.default\">\n\t\t\t\t<div class=\"elementor-widget-container\">\n\t\t\t<div class='widget-noticias-inside'>\n                        <div class=\"row\">\n                                    <div class=\"col-12 col-lg-3 pb-4\">\n                                            <div class=\"noticias-widget-wrap\" style=\"height: 350px; overflow: hidden;\">\n                            <a title=\"Capa do livro Pesquisa e Desenvolvimento Criativo para divulga\u00e7\u00e3o de Indicadores da Educa\u00e7\u00e3o Superior\" href=\"https:\/\/www.ufsm.br\/editoras\/facos\/pesquisa-e-desenvolvimento-criativo-para-divulgacao-de-indicadores-da-educacao-superior\">\n                                <span class=\"visually-hidden\">\n                                    Capa do livro Pesquisa e Desenvolvimento Criativo para divulga\u00e7\u00e3o de Indicadores da Educa\u00e7\u00e3o Superior                                <\/span>\n                                <div class=\"noticias-widget-thumbs h-100\">\n                                    <img decoding=\"async\" class=\"object-fit-cover h-100 w-100\" alt=\"\" srcset=\"https:\/\/www.ufsm.br\/app\/uploads\/sites\/746\/2025\/10\/IMG-20251006-WA0112-212x300.jpg 212w, https:\/\/www.ufsm.br\/app\/uploads\/sites\/746\/2025\/10\/IMG-20251006-WA0112-722x1024.jpg 722w, https:\/\/www.ufsm.br\/app\/uploads\/sites\/746\/2025\/10\/IMG-20251006-WA0112-768x1089.jpg 768w, https:\/\/www.ufsm.br\/app\/uploads\/sites\/746\/2025\/10\/IMG-20251006-WA0112.jpg 840w\" src=\"https:\/\/www.ufsm.br\/app\/uploads\/sites\/746\/2025\/10\/IMG-20251006-WA0112-722x1024.jpg\"><\/img>\n                                <\/div>\n                            <\/a>\n                        <\/div>\n                                        \n                                            <span class='categoria-publicacao-widget'>\n                            Comunica\u00e7\u00e3o, Design, Educa\u00e7\u00e3o, Lan\u00e7amento                        <\/span>\n                        <br>\n                                        \n                    \n                    <a class=\"noticias-widget-title d-block  m-0 \"  title=\"Pesquisa e Desenvolvimento Criativo para divulga\u00e7\u00e3o de Indicadores da Educa\u00e7\u00e3o Superior\" href=\"https:\/\/www.ufsm.br\/editoras\/facos\/pesquisa-e-desenvolvimento-criativo-para-divulgacao-de-indicadores-da-educacao-superior\">\n                                                Pesquisa e Desenvolvimento Criativo para divulga\u00e7\u00e3o de Indicadores da Educa\u00e7\u00e3o Superior                    <\/a>\n                    \n                    \n                                        \n                                        \n                                        <\/div>\n                                    <div class=\"col-12 col-lg-3 pb-4\">\n                                            <div class=\"noticias-widget-wrap\" style=\"height: 350px; overflow: hidden;\">\n                            <a title=\"\" href=\"https:\/\/www.ufsm.br\/editoras\/facos\/anais-do-i-seminario-de-integracao-ppgaup-ufsm\">\n                                <span class=\"visually-hidden\">\n                                    Anais do I Semin\u00e1rio de Integra\u00e7\u00e3o PPGAUP UFSM                                <\/span>\n                                <div class=\"noticias-widget-thumbs h-100\">\n                                    <img decoding=\"async\" class=\"object-fit-cover h-100 w-100\" alt=\"\" srcset=\"https:\/\/www.ufsm.br\/app\/uploads\/sites\/746\/2021\/06\/ANAIS_I_SEMINARIO_DE_INTEGRACAO_PPGAUP_UFSM-capa-destaque-300x169.jpg 300w, https:\/\/www.ufsm.br\/app\/uploads\/sites\/746\/2021\/06\/ANAIS_I_SEMINARIO_DE_INTEGRACAO_PPGAUP_UFSM-capa-destaque-1024x576.jpg 1024w, https:\/\/www.ufsm.br\/app\/uploads\/sites\/746\/2021\/06\/ANAIS_I_SEMINARIO_DE_INTEGRACAO_PPGAUP_UFSM-capa-destaque-768x432.jpg 768w, https:\/\/www.ufsm.br\/app\/uploads\/sites\/746\/2021\/06\/ANAIS_I_SEMINARIO_DE_INTEGRACAO_PPGAUP_UFSM-capa-destaque.jpg 1200w\" src=\"https:\/\/www.ufsm.br\/app\/uploads\/sites\/746\/2021\/06\/ANAIS_I_SEMINARIO_DE_INTEGRACAO_PPGAUP_UFSM-capa-destaque-1024x576.jpg\"><\/img>\n                                <\/div>\n                            <\/a>\n                        <\/div>\n                                        \n                                            <span class='categoria-publicacao-widget'>\n                            Design                        <\/span>\n                        <br>\n                                        \n                    \n                    <a class=\"noticias-widget-title d-block  m-0 \"  title=\"Anais do I Semin\u00e1rio de Integra\u00e7\u00e3o PPGAUP UFSM\" href=\"https:\/\/www.ufsm.br\/editoras\/facos\/anais-do-i-seminario-de-integracao-ppgaup-ufsm\">\n                                                Anais do I Semin\u00e1rio de Integra\u00e7\u00e3o PPGAUP UFSM                    <\/a>\n                    \n                    \n                                        \n                                        \n                                        <\/div>\n                                    <div class=\"col-12 col-lg-3 pb-4\">\n                                            <div class=\"noticias-widget-wrap\" style=\"height: 350px; overflow: hidden;\">\n                            <a title=\"\" href=\"https:\/\/www.ufsm.br\/editoras\/facos\/me-brand-os-processos-de-desenvolvimento-de-marcas-na-contemporaneidade\">\n                                <span class=\"visually-hidden\">\n                                    Me brand: os processos de desenvolvimento de marcas na contemporaneidade                                <\/span>\n                                <div class=\"noticias-widget-thumbs h-100\">\n                                    <img decoding=\"async\" class=\"object-fit-cover h-100 w-100\" alt=\"\" srcset=\"https:\/\/www.ufsm.br\/app\/uploads\/sites\/746\/2021\/06\/Me-Brand-os-processos-de-desenvolvimento-de-marcas-na-contemporaneidade-capa-destaque-300x169.jpg 300w, https:\/\/www.ufsm.br\/app\/uploads\/sites\/746\/2021\/06\/Me-Brand-os-processos-de-desenvolvimento-de-marcas-na-contemporaneidade-capa-destaque-1024x576.jpg 1024w, https:\/\/www.ufsm.br\/app\/uploads\/sites\/746\/2021\/06\/Me-Brand-os-processos-de-desenvolvimento-de-marcas-na-contemporaneidade-capa-destaque-768x432.jpg 768w, https:\/\/www.ufsm.br\/app\/uploads\/sites\/746\/2021\/06\/Me-Brand-os-processos-de-desenvolvimento-de-marcas-na-contemporaneidade-capa-destaque.jpg 1200w\" src=\"https:\/\/www.ufsm.br\/app\/uploads\/sites\/746\/2021\/06\/Me-Brand-os-processos-de-desenvolvimento-de-marcas-na-contemporaneidade-capa-destaque-1024x576.jpg\"><\/img>\n                                <\/div>\n                            <\/a>\n                        <\/div>\n                                        \n                                            <span class='categoria-publicacao-widget'>\n                            Comunica\u00e7\u00e3o, Design, Publicidade                        <\/span>\n                        <br>\n                                        \n                    \n                    <a class=\"noticias-widget-title d-block  m-0 \"  title=\"Me brand: os processos de desenvolvimento de marcas na contemporaneidade\" href=\"https:\/\/www.ufsm.br\/editoras\/facos\/me-brand-os-processos-de-desenvolvimento-de-marcas-na-contemporaneidade\">\n                                                Me brand: os processos de desenvolvimento de marcas na contemporaneidade                    <\/a>\n                    \n                    \n                                        \n                                        \n                                        <\/div>\n                                    <div class=\"col-12 col-lg-3 pb-4\">\n                                            <div class=\"noticias-widget-wrap\" style=\"height: 350px; overflow: hidden;\">\n                            <a title=\"\" href=\"https:\/\/www.ufsm.br\/editoras\/facos\/historia-da-arte-no-desenho-industrial-imagens-fantasmas\">\n                                <span class=\"visually-hidden\">\n                                    Hist\u00f3ria da Arte no Desenho Industrial: imagens fantasmas                                <\/span>\n                                <div class=\"noticias-widget-thumbs h-100\">\n                                    <img decoding=\"async\" class=\"object-fit-cover h-100 w-100\" alt=\"\" srcset=\"https:\/\/www.ufsm.br\/app\/uploads\/sites\/746\/2021\/03\/Historia-da-arte-DI-300x169.jpg 300w, https:\/\/www.ufsm.br\/app\/uploads\/sites\/746\/2021\/03\/Historia-da-arte-DI-768x432.jpg 768w, https:\/\/www.ufsm.br\/app\/uploads\/sites\/746\/2021\/03\/Historia-da-arte-DI.jpg 1024w\" src=\"https:\/\/www.ufsm.br\/app\/uploads\/sites\/746\/2021\/03\/Historia-da-arte-DI.jpg\"><\/img>\n                                <\/div>\n                            <\/a>\n                        <\/div>\n                                        \n                                            <span class='categoria-publicacao-widget'>\n                            Arte, Design                        <\/span>\n                        <br>\n                                        \n                    \n                    <a class=\"noticias-widget-title d-block  m-0 \"  title=\"Hist\u00f3ria da Arte no Desenho Industrial: imagens fantasmas\" href=\"https:\/\/www.ufsm.br\/editoras\/facos\/historia-da-arte-no-desenho-industrial-imagens-fantasmas\">\n                                                Hist\u00f3ria da Arte no Desenho Industrial: imagens fantasmas                    <\/a>\n                    \n                    \n                                        \n                                        \n                                        <\/div>\n                            <\/div>\n                    <div class=\"row\">\n                                    <div class=\"col-12 col-lg-3 pb-4\">\n                                            <div class=\"noticias-widget-wrap\" style=\"height: 350px; overflow: hidden;\">\n                            <a title=\"\" href=\"https:\/\/www.ufsm.br\/editoras\/facos\/metodologia-5is\">\n                                <span class=\"visually-hidden\">\n                                    Metodologia 5I\u2019s: projetos e processos                                <\/span>\n                                <div class=\"noticias-widget-thumbs h-100\">\n                                    <img decoding=\"async\" class=\"object-fit-cover h-100 w-100\" alt=\"\" srcset=\"https:\/\/www.ufsm.br\/app\/uploads\/sites\/746\/2021\/02\/metodologia_5is_projetos_e_processos-300x169.jpg 300w, https:\/\/www.ufsm.br\/app\/uploads\/sites\/746\/2021\/02\/metodologia_5is_projetos_e_processos-1024x576.jpg 1024w, https:\/\/www.ufsm.br\/app\/uploads\/sites\/746\/2021\/02\/metodologia_5is_projetos_e_processos-768x432.jpg 768w, https:\/\/www.ufsm.br\/app\/uploads\/sites\/746\/2021\/02\/metodologia_5is_projetos_e_processos.jpg 1200w\" src=\"https:\/\/www.ufsm.br\/app\/uploads\/sites\/746\/2021\/02\/metodologia_5is_projetos_e_processos-1024x576.jpg\"><\/img>\n                                <\/div>\n                            <\/a>\n                        <\/div>\n                                        \n                                            <span class='categoria-publicacao-widget'>\n                            Design                        <\/span>\n                        <br>\n                                        \n                    \n                    <a class=\"noticias-widget-title d-block  m-0 \"  title=\"Metodologia 5I\u2019s: projetos e processos\" href=\"https:\/\/www.ufsm.br\/editoras\/facos\/metodologia-5is\">\n                                                Metodologia 5I\u2019s: projetos e processos                    <\/a>\n                    \n                    \n                                        \n                                        \n                                        <\/div>\n                            <\/div>\n            <\/div>\n\t\t<\/div>\n\t\t\t\t<\/div>\n\t\t\t\t\t<\/div>\n\t\t<\/div>\n\t\t\t\t\t<\/div>\n\t\t<\/section>\n\t\t\t\t<\/div>\n\t\t","protected":false},"excerpt":{"rendered":"<p>Design Encontre e-books sobre design publicados pela Editora FACOS-UFSM.<\/p>\n","protected":false},"author":3829,"featured_media":0,"parent":0,"menu_order":0,"comment_status":"closed","ping_status":"closed","template":"","meta":{"footnotes":""},"categories":[],"tags":[],"class_list":["post-257","page","type-page","status-publish","hentry"],"acf":[],"_links":{"self":[{"href":"https:\/\/www.ufsm.br\/editoras\/facos\/wp-json\/wp\/v2\/pages\/257","targetHints":{"allow":["GET"]}}],"collection":[{"href":"https:\/\/www.ufsm.br\/editoras\/facos\/wp-json\/wp\/v2\/pages"}],"about":[{"href":"https:\/\/www.ufsm.br\/editoras\/facos\/wp-json\/wp\/v2\/types\/page"}],"author":[{"embeddable":true,"href":"https:\/\/www.ufsm.br\/editoras\/facos\/wp-json\/wp\/v2\/users\/3829"}],"replies":[{"embeddable":true,"href":"https:\/\/www.ufsm.br\/editoras\/facos\/wp-json\/wp\/v2\/comments?post=257"}],"version-history":[{"count":0,"href":"https:\/\/www.ufsm.br\/editoras\/facos\/wp-json\/wp\/v2\/pages\/257\/revisions"}],"wp:attachment":[{"href":"https:\/\/www.ufsm.br\/editoras\/facos\/wp-json\/wp\/v2\/media?parent=257"}],"wp:term":[{"taxonomy":"category","embeddable":true,"href":"https:\/\/www.ufsm.br\/editoras\/facos\/wp-json\/wp\/v2\/categories?post=257"},{"taxonomy":"post_tag","embeddable":true,"href":"https:\/\/www.ufsm.br\/editoras\/facos\/wp-json\/wp\/v2\/tags?post=257"}],"curies":[{"name":"wp","href":"https:\/\/api.w.org\/{rel}","templated":true}]}}