{"id":283,"date":"2021-07-30T17:14:48","date_gmt":"2021-07-30T20:14:48","guid":{"rendered":"https:\/\/www.ufsm.br\/editoras\/facos\/?page_id=283"},"modified":"2021-07-30T17:14:56","modified_gmt":"2021-07-30T20:14:56","slug":"atendimento-educacional-especializado-para-as-altas-habilidades-superdotacao","status":"publish","type":"page","link":"https:\/\/www.ufsm.br\/editoras\/facos\/atendimento-educacional-especializado-para-as-altas-habilidades-superdotacao","title":{"rendered":"Atendimento educacional especializado para as altas habilidades \/ superdota\u00e7\u00e3o"},"content":{"rendered":"\t\t<div data-elementor-type=\"wp-page\" data-elementor-id=\"283\" class=\"elementor elementor-283\">\n\t\t\t\t\t\t<section class=\"elementor-section elementor-top-section elementor-element elementor-element-7c3ec16e elementor-section-boxed elementor-section-height-default elementor-section-height-default\" data-id=\"7c3ec16e\" data-element_type=\"section\">\n\t\t\t\t\t\t<div class=\"elementor-container elementor-column-gap-default\">\n\t\t\t\t\t<div class=\"elementor-column elementor-col-100 elementor-top-column elementor-element elementor-element-52550c94\" data-id=\"52550c94\" data-element_type=\"column\">\n\t\t\t<div class=\"elementor-widget-wrap elementor-element-populated\">\n\t\t\t\t\t\t<div class=\"elementor-element elementor-element-225eb2b6 elementor-widget elementor-widget-text-editor\" data-id=\"225eb2b6\" data-element_type=\"widget\" data-widget_type=\"text-editor.default\">\n\t\t\t\t<div class=\"elementor-widget-container\">\n\t\t\t\t\t\t\t<h1>Atendimento educacional especializado para as altas habilidades \/ superdota\u00e7\u00e3o<\/h1><h6>Ana Cl\u00e1udia Oliveira Pav\u00e3o, S\u00edlvia Maria de Oliveira Pav\u00e3o e Tatiane Negrini (organizadoras)<\/h6>\t\t\t\t\t\t<\/div>\n\t\t\t\t<\/div>\n\t\t\t\t<section class=\"elementor-section elementor-inner-section elementor-element elementor-element-5965a09f elementor-hidden-tablet elementor-section-boxed elementor-section-height-default elementor-section-height-default\" data-id=\"5965a09f\" data-element_type=\"section\">\n\t\t\t\t\t\t<div class=\"elementor-container elementor-column-gap-default\">\n\t\t\t\t\t<div class=\"elementor-column elementor-col-50 elementor-inner-column elementor-element elementor-element-6e489903\" data-id=\"6e489903\" data-element_type=\"column\">\n\t\t\t<div class=\"elementor-widget-wrap elementor-element-populated\">\n\t\t\t\t\t\t<div class=\"elementor-element elementor-element-6a3f9dcc elementor-widget elementor-widget-text-editor\" data-id=\"6a3f9dcc\" data-element_type=\"widget\" data-widget_type=\"text-editor.default\">\n\t\t\t\t<div class=\"elementor-widget-container\">\n\t\t\t\t\t\t\t<figure id=\"attachment_282\" aria-describedby=\"caption-attachment-282\" style=\"width: 211px\" class=\"wp-caption aligncenter\"><img fetchpriority=\"high\" decoding=\"async\" class=\"size-medium wp-image-282\" src=\"https:\/\/www.ufsm.br\/app\/uploads\/sites\/746\/2021\/07\/Atendimento-educacional-especializado-para-as-altas-habilidades-superdotacao-capa-211x300.jpg\" alt=\"\" width=\"211\" height=\"300\" srcset=\"https:\/\/www.ufsm.br\/app\/uploads\/sites\/746\/2021\/07\/Atendimento-educacional-especializado-para-as-altas-habilidades-superdotacao-capa-211x300.jpg 211w, https:\/\/www.ufsm.br\/app\/uploads\/sites\/746\/2021\/07\/Atendimento-educacional-especializado-para-as-altas-habilidades-superdotacao-capa.jpg 466w\" sizes=\"(max-width: 211px) 100vw, 211px\" \/><figcaption id=\"caption-attachment-282\" class=\"wp-caption-text\">Atendimento educacional especializado para as altas habilidades \/ superdota\u00e7\u00e3o<\/figcaption><\/figure>\t\t\t\t\t\t<\/div>\n\t\t\t\t<\/div>\n\t\t\t\t\t<\/div>\n\t\t<\/div>\n\t\t\t\t<div class=\"elementor-column elementor-col-50 elementor-inner-column elementor-element elementor-element-4338f6ea\" data-id=\"4338f6ea\" data-element_type=\"column\">\n\t\t\t<div class=\"elementor-widget-wrap elementor-element-populated\">\n\t\t\t\t\t\t<div class=\"elementor-element elementor-element-4bda8075 elementor-widget elementor-widget-text-editor\" data-id=\"4bda8075\" data-element_type=\"widget\" data-widget_type=\"text-editor.default\">\n\t\t\t\t<div class=\"elementor-widget-container\">\n\t\t\t\t\t\t\t<p>&#8220;Que aconteceria se atend\u00eassemos de acordo com as suas necessidades a todas as pessoas com Altas Habilidades\/Superdota\u00e7\u00e3o (AH\/SD) do pa\u00eds?<br \/>&#8230;se fossem reconhecidas, aceitas e valorizadas pela sociedade?<br \/>&#8230;se n\u00e3o tivessem que ficar escondidas, invis\u00edveis, camufladas no tecido da m\u00e9dia democr\u00e1tica?<br \/>&#8230;se n\u00e3o tivessem que emigrar para fazer parte de times; equipes esportivas, m\u00e9dicas profissionais, t\u00e9cnicas, empresariais e cient\u00edficas; escolas de artes; bandas; orquestras; grupos de teatro e dan\u00e7a; empreendedores ou mesmo destaques individuais em outros pa\u00edses?<br \/>&#8230;se n\u00e3o desperdi\u00e7\u00e1ssemos o talento brasileiro?<br \/>As sinopses estat\u00edsticas da Educa\u00e7\u00e3o B\u00e1sica mostram&#8230;&#8221; (Pref\u00e1cio)<\/p>\t\t\t\t\t\t<\/div>\n\t\t\t\t<\/div>\n\t\t\t\t\t<\/div>\n\t\t<\/div>\n\t\t\t\t\t<\/div>\n\t\t<\/section>\n\t\t\t\t<div class=\"elementor-element elementor-element-11ce2f4e elementor-hidden-desktop elementor-hidden-phone elementor-widget elementor-widget-text-editor\" data-id=\"11ce2f4e\" data-element_type=\"widget\" data-widget_type=\"text-editor.default\">\n\t\t\t\t<div class=\"elementor-widget-container\">\n\t\t\t\t\t\t\t<figure id=\"attachment_282\" aria-describedby=\"caption-attachment-282\" style=\"width: 211px\" class=\"wp-caption alignleft\"><img fetchpriority=\"high\" decoding=\"async\" class=\"size-medium wp-image-282\" src=\"https:\/\/www.ufsm.br\/app\/uploads\/sites\/746\/2021\/07\/Atendimento-educacional-especializado-para-as-altas-habilidades-superdotacao-capa-211x300.jpg\" alt=\"\" width=\"211\" height=\"300\" srcset=\"https:\/\/www.ufsm.br\/app\/uploads\/sites\/746\/2021\/07\/Atendimento-educacional-especializado-para-as-altas-habilidades-superdotacao-capa-211x300.jpg 211w, https:\/\/www.ufsm.br\/app\/uploads\/sites\/746\/2021\/07\/Atendimento-educacional-especializado-para-as-altas-habilidades-superdotacao-capa.jpg 466w\" sizes=\"(max-width: 211px) 100vw, 211px\" \/><figcaption id=\"caption-attachment-282\" class=\"wp-caption-text\">Atendimento educacional especializado para as altas habilidades \/ superdota\u00e7\u00e3o<\/figcaption><\/figure><p>&#8220;Que aconteceria se atend\u00eassemos de acordo com as suas necessidades a todas as pessoas com Altas Habilidades\/Superdota\u00e7\u00e3o (AH\/SD) do pa\u00eds?<br \/>&#8230;se fossem reconhecidas, aceitas e valorizadas pela sociedade?<br \/>&#8230;se n\u00e3o tivessem que ficar escondidas, invis\u00edveis, camufladas no tecido da m\u00e9dia democr\u00e1tica?<br \/>&#8230;se n\u00e3o tivessem que emigrar para fazer parte de times; equipes esportivas, m\u00e9dicas profissionais, t\u00e9cnicas, empresariais e cient\u00edficas; escolas de artes; bandas; orquestras; grupos de teatro e dan\u00e7a; empreendedores ou mesmo destaques individuais em outros pa\u00edses?<br \/>&#8230;se n\u00e3o desperdi\u00e7\u00e1ssemos o talento brasileiro?<br \/>As sinopses estat\u00edsticas da Educa\u00e7\u00e3o B\u00e1sica mostram&#8230;&#8221; (Pref\u00e1cio)<\/p>\t\t\t\t\t\t<\/div>\n\t\t\t\t<\/div>\n\t\t\t\t<div class=\"elementor-element elementor-element-2f4e903a elementor-widget elementor-widget-heading\" data-id=\"2f4e903a\" data-element_type=\"widget\" data-widget_type=\"heading.default\">\n\t\t\t\t<div class=\"elementor-widget-container\">\n\t\t\t<h4 class=\"elementor-heading-title elementor-size-default\">Acesso \u00e0 obra<\/h4>\t\t<\/div>\n\t\t\t\t<\/div>\n\t\t\t\t\t<\/div>\n\t\t<\/div>\n\t\t\t\t\t<\/div>\n\t\t<\/section>\n\t\t\t\t<section class=\"elementor-section elementor-top-section elementor-element elementor-element-4823b256 elementor-section-boxed elementor-section-height-default elementor-section-height-default\" data-id=\"4823b256\" data-element_type=\"section\">\n\t\t\t\t\t\t<div class=\"elementor-container elementor-column-gap-default\">\n\t\t\t\t\t<div class=\"elementor-column elementor-col-25 elementor-top-column elementor-element elementor-element-6600a7e5\" data-id=\"6600a7e5\" data-element_type=\"column\">\n\t\t\t<div class=\"elementor-widget-wrap\">\n\t\t\t\t\t\t\t<\/div>\n\t\t<\/div>\n\t\t\t\t<div class=\"elementor-column elementor-col-25 elementor-top-column elementor-element elementor-element-2288664d\" data-id=\"2288664d\" data-element_type=\"column\">\n\t\t\t<div class=\"elementor-widget-wrap elementor-element-populated\">\n\t\t\t\t\t\t<div class=\"elementor-element elementor-element-548b7314 elementor-align-center elementor-widget elementor-widget-button\" data-id=\"548b7314\" data-element_type=\"widget\" data-widget_type=\"button.default\">\n\t\t\t\t<div class=\"elementor-widget-container\">\n\t\t\t\t\t\t\t<div class=\"elementor-button-wrapper\">\n\t\t\t\t\t<a class=\"elementor-button elementor-button-link elementor-size-md\" href=\"https:\/\/repositorio.ufsm.br\/bitstream\/handle\/1\/18762\/Atendimento%20Educacional%20Especializado%20para%20as%20Altas%20Habilidades%20Superdota%c3%a7%c3%a3o.pdf?sequence=1&#038;isAllowed=y\">\n\t\t\t\t\t\t<span class=\"elementor-button-content-wrapper\">\n\t\t\t\t\t\t\t\t\t<span class=\"elementor-button-text\">Vers\u00e3o PDF<\/span>\n\t\t\t\t\t<\/span>\n\t\t\t\t\t<\/a>\n\t\t\t\t<\/div>\n\t\t\t\t\t\t<\/div>\n\t\t\t\t<\/div>\n\t\t\t\t\t<\/div>\n\t\t<\/div>\n\t\t\t\t<div class=\"elementor-column elementor-col-25 elementor-top-column elementor-element elementor-element-706b9d87\" data-id=\"706b9d87\" data-element_type=\"column\">\n\t\t\t<div class=\"elementor-widget-wrap elementor-element-populated\">\n\t\t\t\t\t\t<div class=\"elementor-element elementor-element-534cd9d4 elementor-align-center elementor-widget elementor-widget-button\" data-id=\"534cd9d4\" data-element_type=\"widget\" data-widget_type=\"button.default\">\n\t\t\t\t<div class=\"elementor-widget-container\">\n\t\t\t\t\t\t\t<div class=\"elementor-button-wrapper\">\n\t\t\t\t\t<a class=\"elementor-button elementor-button-link elementor-size-md\" href=\"https:\/\/repositorio.ufsm.br\/handle\/1\/18762\">\n\t\t\t\t\t\t<span class=\"elementor-button-content-wrapper\">\n\t\t\t\t\t\t\t\t\t<span class=\"elementor-button-text\">No Manancial<\/span>\n\t\t\t\t\t<\/span>\n\t\t\t\t\t<\/a>\n\t\t\t\t<\/div>\n\t\t\t\t\t\t<\/div>\n\t\t\t\t<\/div>\n\t\t\t\t\t<\/div>\n\t\t<\/div>\n\t\t\t\t<div class=\"elementor-column elementor-col-25 elementor-top-column elementor-element elementor-element-573f37fb\" data-id=\"573f37fb\" data-element_type=\"column\">\n\t\t\t<div class=\"elementor-widget-wrap\">\n\t\t\t\t\t\t\t<\/div>\n\t\t<\/div>\n\t\t\t\t\t<\/div>\n\t\t<\/section>\n\t\t\t\t<section class=\"elementor-section elementor-top-section elementor-element elementor-element-c09f8c elementor-section-boxed elementor-section-height-default elementor-section-height-default\" data-id=\"c09f8c\" data-element_type=\"section\">\n\t\t\t\t\t\t<div class=\"elementor-container elementor-column-gap-default\">\n\t\t\t\t\t<div class=\"elementor-column elementor-col-100 elementor-top-column elementor-element elementor-element-61336ad6\" data-id=\"61336ad6\" data-element_type=\"column\">\n\t\t\t<div class=\"elementor-widget-wrap elementor-element-populated\">\n\t\t\t\t\t\t<div class=\"elementor-element elementor-element-26cccd80 elementor-tabs-alignment-stretch elementor-tabs-view-horizontal elementor-widget elementor-widget-tabs\" data-id=\"26cccd80\" data-element_type=\"widget\" data-settings=\"{&quot;_animation&quot;:&quot;none&quot;}\" data-widget_type=\"tabs.default\">\n\t\t\t\t<div class=\"elementor-widget-container\">\n\t\t\t\t\t<div class=\"elementor-tabs\">\n\t\t\t<div class=\"elementor-tabs-wrapper\" role=\"tablist\" >\n\t\t\t\t\t\t\t\t\t<div id=\"elementor-tab-title-6501\" class=\"elementor-tab-title elementor-tab-desktop-title\" aria-selected=\"true\" data-tab=\"1\" role=\"tab\" tabindex=\"0\" aria-controls=\"elementor-tab-content-6501\" aria-expanded=\"false\">Dados da obra<\/div>\n\t\t\t\t\t\t\t\t\t<div id=\"elementor-tab-title-6502\" class=\"elementor-tab-title elementor-tab-desktop-title\" aria-selected=\"false\" data-tab=\"2\" role=\"tab\" tabindex=\"-1\" aria-controls=\"elementor-tab-content-6502\" aria-expanded=\"false\">Sum\u00e1rio<\/div>\n\t\t\t\t\t\t\t\t\t<div id=\"elementor-tab-title-6503\" class=\"elementor-tab-title elementor-tab-desktop-title\" aria-selected=\"false\" data-tab=\"3\" role=\"tab\" tabindex=\"-1\" aria-controls=\"elementor-tab-content-6503\" aria-expanded=\"false\">Autoria<\/div>\n\t\t\t\t\t\t\t\t\t<div id=\"elementor-tab-title-6504\" class=\"elementor-tab-title elementor-tab-desktop-title\" aria-selected=\"false\" data-tab=\"4\" role=\"tab\" tabindex=\"-1\" aria-controls=\"elementor-tab-content-6504\" aria-expanded=\"false\">Licen\u00e7a Creative Commons<\/div>\n\t\t\t\t\t\t\t<\/div>\n\t\t\t<div class=\"elementor-tabs-content-wrapper\" role=\"tablist\" aria-orientation=\"vertical\">\n\t\t\t\t\t\t\t\t\t<div class=\"elementor-tab-title elementor-tab-mobile-title\" aria-selected=\"true\" data-tab=\"1\" role=\"tab\" tabindex=\"0\" aria-controls=\"elementor-tab-content-6501\" aria-expanded=\"false\">Dados da obra<\/div>\n\t\t\t\t\t<div id=\"elementor-tab-content-6501\" class=\"elementor-tab-content elementor-clearfix\" data-tab=\"1\" role=\"tabpanel\" aria-labelledby=\"elementor-tab-title-6501\" tabindex=\"0\" hidden=\"false\"><p><b>Publica\u00e7\u00e3o:<br \/><\/b>2018 \/ 1\u00aa edi\u00e7\u00e3o<br \/>ISBN: 978-85-8384-065-7<\/p><p><b>Refer\u00eancia:<\/b>\u00a0<br \/><span style=\"color: #333333\">PAV\u00c3O, A. C. Oliveira; PAV\u00c3O, S. M. de Oliveira; NEGRINI, Tatiane (Org.). <b>Atendimento educacional especializado para as altas habilidades\/superdota\u00e7\u00e3o<\/b>. Santa Maria\/RS: FACOS-UFSM, 2018. 232 p. (Recurso eletr\u00f4nico)<\/span><\/p><\/div>\n\t\t\t\t\t\t\t\t\t<div class=\"elementor-tab-title elementor-tab-mobile-title\" aria-selected=\"false\" data-tab=\"2\" role=\"tab\" tabindex=\"-1\" aria-controls=\"elementor-tab-content-6502\" aria-expanded=\"false\">Sum\u00e1rio<\/div>\n\t\t\t\t\t<div id=\"elementor-tab-content-6502\" class=\"elementor-tab-content elementor-clearfix\" data-tab=\"2\" role=\"tabpanel\" aria-labelledby=\"elementor-tab-title-6502\" tabindex=\"0\" hidden=\"hidden\"><ul><li>Pref\u00e1cio;<\/li><li>1 &#8211; Forma\u00e7\u00e3o de professores para aten\u00e7\u00e3o aos alunos com Altas Habilidades\/Superdota\u00e7\u00e3o;<\/li><li>2 &#8211; Hist\u00f3ria das Altas Habilidades\/Superdota\u00e7\u00e3o no Brasil: Pol\u00edticas e legisla\u00e7\u00e3o &#8211; perspectiva legal do AEE;<\/li><li>3 &#8211; Altas Habilidades\/Superdota\u00e7\u00e3o: conceitos e caracter\u00edsticas;<\/li><li>4 &#8211; O processo de identifica\u00e7\u00e3o das AH\/SD: conhecendo algumas abordagens e refletindo sobre a identifica\u00e7\u00e3o pela provis\u00e3o;<\/li><li>5 &#8211; Alternativas de atendimento e estrat\u00e9gias de apoio para os alunos com Altas Habilidades\/Superdota\u00e7\u00e3o: rela\u00e7\u00f5es entre o ensino comum e o Atendimento Educacional Especializado;<\/li><li>6 &#8211; A organiza\u00e7\u00e3o do Atendimento Educacional Especializado para o aluno com Altas Habilidades\/Superdota\u00e7\u00e3o;<\/li><li>7 &#8211; Altas Habilidades\/Superdota\u00e7\u00e3o, defici\u00eancias e transtornos de aprendizagem: interlocu\u00e7\u00f5es conceituais acerca da concomit\u00e2ncia desses fen\u00f4menos.<\/li><\/ul><\/div>\n\t\t\t\t\t\t\t\t\t<div class=\"elementor-tab-title elementor-tab-mobile-title\" aria-selected=\"false\" data-tab=\"3\" role=\"tab\" tabindex=\"-1\" aria-controls=\"elementor-tab-content-6503\" aria-expanded=\"false\">Autoria<\/div>\n\t\t\t\t\t<div id=\"elementor-tab-content-6503\" class=\"elementor-tab-content elementor-clearfix\" data-tab=\"3\" role=\"tabpanel\" aria-labelledby=\"elementor-tab-title-6503\" tabindex=\"0\" hidden=\"hidden\"><div style=\"color: #333333;font-family: 'Helvetica Neue', Helvetica, Arial, sans-serif;font-size: 14px\"><span style=\"color: #000000;font-size: 12pt;font-family: georgia, palatino, serif\"><b>Organizadoras:<\/b><\/span><\/div><div style=\"color: #333333;font-family: 'Helvetica Neue', Helvetica, Arial, sans-serif;font-size: 14px\"><span style=\"color: #000000;font-size: 12pt;font-family: georgia, palatino, serif\">Ana Cl\u00e1udia Oliveira Pav\u00e3o,<\/span><\/div><div style=\"color: #333333;font-family: 'Helvetica Neue', Helvetica, Arial, sans-serif;font-size: 14px\"><span style=\"color: #000000;font-size: 12pt;font-family: georgia, palatino, serif\"> S\u00edlvia Maria de Oliveira Pav\u00e3o,<\/span><\/div><div style=\"color: #333333;font-family: 'Helvetica Neue', Helvetica, Arial, sans-serif;font-size: 14px\"><span style=\"color: #000000;font-size: 12pt;font-family: georgia, palatino, serif\"> Tatiane Negrini.<\/span><br \/><span style=\"color: #000000;font-size: 12pt;font-family: georgia, palatino, serif\"><br \/><\/span><\/div><div style=\"color: #333333;font-family: 'Helvetica Neue', Helvetica, Arial, sans-serif;font-size: 14px\"><span style=\"font-family: georgia, palatino, serif;font-size: 12pt\"><b>Autores:<\/b><\/span><\/div><div style=\"color: #333333;font-family: 'Helvetica Neue', Helvetica, Arial, sans-serif;font-size: 14px\"><span style=\"font-family: georgia, palatino, serif;font-size: 12pt\">Ana Cl\u00e1udia Oliveira Pav\u00e3o,<\/span><\/div><div>Andr\u00e9ia Jaqueline Devalle Rech,<\/div><div>Carolina Terribile Teixeira,<\/div><div>Leandra Costa da Costa,<\/div><div>Nara Joyce Wellausen Vieira,<\/div><div>Priscila Fonseca Bulh\u00f5es,<\/div><div>S\u00edlvia Maria de Oliveira Pav\u00e3o,<\/div><div>Tatiane Negrini.<\/div><\/div>\n\t\t\t\t\t\t\t\t\t<div class=\"elementor-tab-title elementor-tab-mobile-title\" aria-selected=\"false\" data-tab=\"4\" role=\"tab\" tabindex=\"-1\" aria-controls=\"elementor-tab-content-6504\" aria-expanded=\"false\">Licen\u00e7a Creative Commons<\/div>\n\t\t\t\t\t<div id=\"elementor-tab-content-6504\" class=\"elementor-tab-content elementor-clearfix\" data-tab=\"4\" role=\"tabpanel\" aria-labelledby=\"elementor-tab-title-6504\" tabindex=\"0\" hidden=\"hidden\"><p><span style=\"color: #000000;font-size: 16px\">Esta obra est\u00e1 licenciada sob uma Licen\u00e7a Creative\u00a0Commons Atribui\u00e7\u00e3o-N\u00e3oComercial-SemDeriva\u00e7\u00f5es 4.0\u00a0Internacional. Para ver uma c\u00f3pia desta licen\u00e7a, visite:\u00a0<\/span><a style=\"background-color: #ffffff;font-size: 1rem\" href=\"http:\/\/creativecommons.org\/licenses\/by-nc-nd\/4.0\/\" target=\"_blank\" rel=\"noopener\">http:\/\/creativecommons.org\/licenses\/by-nc-nd\/4.0\/<\/a><\/p><\/div>\n\t\t\t\t\t\t\t<\/div>\n\t\t<\/div>\n\t\t\t\t<\/div>\n\t\t\t\t<\/div>\n\t\t\t\t\t<\/div>\n\t\t<\/div>\n\t\t\t\t\t<\/div>\n\t\t<\/section>\n\t\t\t\t<section class=\"elementor-section elementor-top-section elementor-element elementor-element-1acb6287 elementor-section-boxed elementor-section-height-default elementor-section-height-default\" data-id=\"1acb6287\" data-element_type=\"section\">\n\t\t\t\t\t\t<div class=\"elementor-container elementor-column-gap-default\">\n\t\t\t\t\t<div class=\"elementor-column elementor-col-100 elementor-top-column elementor-element elementor-element-55cec4eb\" data-id=\"55cec4eb\" data-element_type=\"column\">\n\t\t\t<div class=\"elementor-widget-wrap elementor-element-populated\">\n\t\t\t\t\t\t<div class=\"elementor-element elementor-element-6983e23b elementor-widget elementor-widget-wp-widget-ufsm_noticias_widget\" data-id=\"6983e23b\" data-element_type=\"widget\" data-widget_type=\"wp-widget-ufsm_noticias_widget.default\">\n\t\t\t\t<div class=\"elementor-widget-container\">\n\t\t\t<h5 class='titulo-conteudos'>Publica\u00e7\u00f5es Relacionadas<\/h5><div class='widget-noticias-inside'>\n                        <div class=\"row\">\n                                    <div class=\"col-12 col-lg-12 pb-4\">\n                                        \n                                        \n                    \n                    <a class=\"noticias-widget-title d-block \"  title=\"Anais VII SENAFE e III SEINFE\u00a0\" href=\"https:\/\/www.ufsm.br\/editoras\/facos\/anais-vii-senafe-e-iii-seinfe\">\n                                                Anais VII SENAFE e III SEINFE\u00a0                    <\/a>\n                    \n                    \n                                        \n                                        \n                                        <\/div>\n                            <\/div>\n                    <div class=\"row\">\n                                    <div class=\"col-12 col-lg-12 pb-4\">\n                                        \n                                        \n                    \n                    <a class=\"noticias-widget-title d-block \"  title=\"Filosofia e educa\u00e7\u00e3o: sustentabilidade, viol\u00eancia escolar e forma\u00e7\u00e3o para a cidadania\" href=\"https:\/\/www.ufsm.br\/editoras\/facos\/filosofia-e-educacao-sustentabilidade-violencia-escolar-e-formacao-para-a-cidadania\">\n                                                Filosofia e educa\u00e7\u00e3o: sustentabilidade, viol\u00eancia escolar e forma\u00e7\u00e3o para a cidadania                    <\/a>\n                    \n                    \n                                        \n                                        \n                                        <\/div>\n                            <\/div>\n                    <div class=\"row\">\n                                    <div class=\"col-12 col-lg-12 pb-4\">\n                                        \n                                        \n                    \n                    <a class=\"noticias-widget-title d-block \"  title=\"Pesquisa e Desenvolvimento Criativo para divulga\u00e7\u00e3o de Indicadores da Educa\u00e7\u00e3o Superior\" href=\"https:\/\/www.ufsm.br\/editoras\/facos\/pesquisa-e-desenvolvimento-criativo-para-divulgacao-de-indicadores-da-educacao-superior\">\n                                                Pesquisa e Desenvolvimento Criativo para divulga\u00e7\u00e3o de Indicadores da Educa\u00e7\u00e3o Superior                    <\/a>\n                    \n                    \n                                        \n                                        \n                                        <\/div>\n                            <\/div>\n                    <div class=\"row\">\n                                    <div class=\"col-12 col-lg-12 pb-4\">\n                                        \n                                        \n                    \n                    <a class=\"noticias-widget-title d-block \"  title=\"Media\u00e7\u00e3o pedag\u00f3gica na educa\u00e7\u00e3o a dist\u00e2ncia, h\u00edbrida e presencial\" href=\"https:\/\/www.ufsm.br\/editoras\/facos\/mediacao-pedagogica-na-educacao-a-distancia-hibrida-e-presencial\">\n                                                Media\u00e7\u00e3o pedag\u00f3gica na educa\u00e7\u00e3o a dist\u00e2ncia, h\u00edbrida e presencial                    <\/a>\n                    \n                    \n                                        \n                                        \n                                        <\/div>\n                            <\/div>\n                    <div class=\"row\">\n                                    <div class=\"col-12 col-lg-12 pb-4\">\n                                        \n                                        \n                    \n                    <a class=\"noticias-widget-title d-block \"  title=\"Pr\u00e1ticas de ensino colaborativo para alunos com defici\u00eancia, surdez e autismo\" href=\"https:\/\/www.ufsm.br\/editoras\/facos\/praticas-de-ensino-colaborativo-para-alunos-com-deficiencia-surdez-e-autismo\">\n                                                Pr\u00e1ticas de ensino colaborativo para alunos com defici\u00eancia, surdez e autismo                    <\/a>\n                    \n                    \n                                        \n                                        \n                                        <\/div>\n                            <\/div>\n            <\/div>\n\t\t<\/div>\n\t\t\t\t<\/div>\n\t\t\t\t\t<\/div>\n\t\t<\/div>\n\t\t\t\t\t<\/div>\n\t\t<\/section>\n\t\t\t\t<\/div>\n\t\t","protected":false},"excerpt":{"rendered":"<p>Atendimento educacional especializado para as altas habilidades \/ superdota\u00e7\u00e3o Ana Cl\u00e1udia Oliveira Pav\u00e3o, S\u00edlvia Maria de Oliveira Pav\u00e3o e Tatiane Negrini (organizadoras) &#8220;Que aconteceria se atend\u00eassemos de acordo com as suas necessidades a todas as pessoas com Altas Habilidades\/Superdota\u00e7\u00e3o (AH\/SD) do pa\u00eds?&#8230;se fossem reconhecidas, aceitas e valorizadas pela sociedade?&#8230;se n\u00e3o tivessem que ficar escondidas, invis\u00edveis, [&hellip;]<\/p>\n","protected":false},"author":3829,"featured_media":281,"parent":0,"menu_order":0,"comment_status":"closed","ping_status":"closed","template":"","meta":{"footnotes":""},"categories":[138],"tags":[],"class_list":["post-283","page","type-page","status-publish","has-post-thumbnail","hentry","category-educacao"],"acf":[],"_links":{"self":[{"href":"https:\/\/www.ufsm.br\/editoras\/facos\/wp-json\/wp\/v2\/pages\/283","targetHints":{"allow":["GET"]}}],"collection":[{"href":"https:\/\/www.ufsm.br\/editoras\/facos\/wp-json\/wp\/v2\/pages"}],"about":[{"href":"https:\/\/www.ufsm.br\/editoras\/facos\/wp-json\/wp\/v2\/types\/page"}],"author":[{"embeddable":true,"href":"https:\/\/www.ufsm.br\/editoras\/facos\/wp-json\/wp\/v2\/users\/3829"}],"replies":[{"embeddable":true,"href":"https:\/\/www.ufsm.br\/editoras\/facos\/wp-json\/wp\/v2\/comments?post=283"}],"version-history":[{"count":0,"href":"https:\/\/www.ufsm.br\/editoras\/facos\/wp-json\/wp\/v2\/pages\/283\/revisions"}],"wp:featuredmedia":[{"embeddable":true,"href":"https:\/\/www.ufsm.br\/editoras\/facos\/wp-json\/wp\/v2\/media\/281"}],"wp:attachment":[{"href":"https:\/\/www.ufsm.br\/editoras\/facos\/wp-json\/wp\/v2\/media?parent=283"}],"wp:term":[{"taxonomy":"category","embeddable":true,"href":"https:\/\/www.ufsm.br\/editoras\/facos\/wp-json\/wp\/v2\/categories?post=283"},{"taxonomy":"post_tag","embeddable":true,"href":"https:\/\/www.ufsm.br\/editoras\/facos\/wp-json\/wp\/v2\/tags?post=283"}],"curies":[{"name":"wp","href":"https:\/\/api.w.org\/{rel}","templated":true}]}}