{"id":327,"date":"2021-11-16T15:10:02","date_gmt":"2021-11-16T18:10:02","guid":{"rendered":"https:\/\/www.ufsm.br\/editoras\/facos\/?page_id=327"},"modified":"2024-02-12T17:04:39","modified_gmt":"2024-02-12T20:04:39","slug":"desencontros-no-ensino-e-na-aprendizagem-remotos-em-tempos-de-distanciamento-social","status":"publish","type":"page","link":"https:\/\/www.ufsm.br\/editoras\/facos\/desencontros-no-ensino-e-na-aprendizagem-remotos-em-tempos-de-distanciamento-social","title":{"rendered":"(Des)Encontros no Ensino e na Aprendizagem remotos em tempos de distanciamento social\u2009"},"content":{"rendered":"\t\t<div data-elementor-type=\"wp-page\" data-elementor-id=\"327\" class=\"elementor elementor-327\">\n\t\t\t\t\t\t<section class=\"elementor-section elementor-top-section elementor-element elementor-element-46729609 elementor-section-boxed elementor-section-height-default elementor-section-height-default\" data-id=\"46729609\" data-element_type=\"section\">\n\t\t\t\t\t\t<div class=\"elementor-container elementor-column-gap-default\">\n\t\t\t\t\t<div class=\"elementor-column elementor-col-100 elementor-top-column elementor-element elementor-element-49e9b0c9\" data-id=\"49e9b0c9\" data-element_type=\"column\">\n\t\t\t<div class=\"elementor-widget-wrap elementor-element-populated\">\n\t\t\t\t\t\t<div class=\"elementor-element elementor-element-52c5fddb elementor-widget elementor-widget-text-editor\" data-id=\"52c5fddb\" data-element_type=\"widget\" data-widget_type=\"text-editor.default\">\n\t\t\t\t<div class=\"elementor-widget-container\">\n\t\t\t\t\t\t\t<h1>(Des)Encontros no Ensino e na Aprendizagem remotos em tempos de distanciamento social\u2009<\/h1><h6>Tania Micheline Miorando e Aruna Noal Correa (organizadoras)<\/h6>\t\t\t\t\t\t<\/div>\n\t\t\t\t<\/div>\n\t\t\t\t<section class=\"elementor-section elementor-inner-section elementor-element elementor-element-56e1291b elementor-hidden-tablet elementor-section-boxed elementor-section-height-default elementor-section-height-default\" data-id=\"56e1291b\" data-element_type=\"section\">\n\t\t\t\t\t\t<div class=\"elementor-container elementor-column-gap-default\">\n\t\t\t\t\t<div class=\"elementor-column elementor-col-50 elementor-inner-column elementor-element elementor-element-7c928b0b\" data-id=\"7c928b0b\" data-element_type=\"column\">\n\t\t\t<div class=\"elementor-widget-wrap elementor-element-populated\">\n\t\t\t\t\t\t<div class=\"elementor-element elementor-element-1756a75e elementor-widget elementor-widget-text-editor\" data-id=\"1756a75e\" data-element_type=\"widget\" data-widget_type=\"text-editor.default\">\n\t\t\t\t<div class=\"elementor-widget-container\">\n\t\t\t\t\t\t\t<figure id=\"attachment_328\" aria-describedby=\"caption-attachment-328\" style=\"width: 212px\" class=\"wp-caption aligncenter\"><img fetchpriority=\"high\" decoding=\"async\" class=\"size-medium wp-image-328\" src=\"https:\/\/www.ufsm.br\/app\/uploads\/sites\/746\/2021\/11\/Avaliacao_Aprendizagem_EnsinoRemoto-capa-212x300.png\" alt=\"\" width=\"212\" height=\"300\" srcset=\"https:\/\/www.ufsm.br\/app\/uploads\/sites\/746\/2021\/11\/Avaliacao_Aprendizagem_EnsinoRemoto-capa-212x300.png 212w, https:\/\/www.ufsm.br\/app\/uploads\/sites\/746\/2021\/11\/Avaliacao_Aprendizagem_EnsinoRemoto-capa.png 596w\" sizes=\"(max-width: 212px) 100vw, 212px\" \/><figcaption id=\"caption-attachment-328\" class=\"wp-caption-text\">(Des)Encontros no Ensino e na Aprendizagem remotos em tempos de distanciamento social<\/figcaption><\/figure>\t\t\t\t\t\t<\/div>\n\t\t\t\t<\/div>\n\t\t\t\t\t<\/div>\n\t\t<\/div>\n\t\t\t\t<div class=\"elementor-column elementor-col-50 elementor-inner-column elementor-element elementor-element-1c85cc2f\" data-id=\"1c85cc2f\" data-element_type=\"column\">\n\t\t\t<div class=\"elementor-widget-wrap elementor-element-populated\">\n\t\t\t\t\t\t<div class=\"elementor-element elementor-element-f4bd481 elementor-widget elementor-widget-text-editor\" data-id=\"f4bd481\" data-element_type=\"widget\" data-widget_type=\"text-editor.default\">\n\t\t\t\t<div class=\"elementor-widget-container\">\n\t\t\t\t\t\t\t<p>&#8220;Das depend\u00eancias da Universidade para nossas resid\u00eancias, passamos a nos encontrar olhando por janelas virtuais. Em nossos encontros, ideias criativas inventariam jeitos cheios de nossa for\u00e7a inventiva! A Comiss\u00e3o de Avalia\u00e7\u00e3o Institucional do Centro de Educa\u00e7\u00e3o\/ Comiss\u00e3o Setorial de Avalia\u00e7\u00e3o do Centro de Educa\u00e7\u00e3o (CAICE\/CSA-CE), desafiada pela Dire\u00e7\u00e3o do Centro de Educa\u00e7\u00e3o, passou a se reunir para organizar o II Ciclo de Forma\u00e7\u00e3o em Avalia\u00e7\u00e3o \u2013 (Des)Encontros no Ensino e na Aprendizagem remotos em tempos de distanciamento social: um encontro virtual para agregar for\u00e7as e aprendizagens para este tempo. Sob o mesmo tema, articulamos de forma colaborativa, a efetiva\u00e7\u00e3o do III Ciclo Institucional Permanente sobre a Doc\u00eancia na UFSM \u2013 CIPED 2020.&#8221;<\/p><p>&#8220;Nesta obra, reunimos o registro de cada um dos encontros pelas escritas que configuraram as apresenta\u00e7\u00f5es, na voz dos palestrantes, mediadores e convidados a compor a mem\u00f3ria do evento. As abordagens discutidas desencadearam temas aos quais somamos nossas contribui\u00e7\u00f5es: Avalia\u00e7\u00e3o na P\u00f3s-Gradua\u00e7\u00e3o e Gradua\u00e7\u00e3o em condi\u00e7\u00e3o de ensino e de aprendizagem remota; acessibilidade tecnol\u00f3gica e tecnologias assistivas para estudantes em condi\u00e7\u00f5es especiais de forma\u00e7\u00e3o; enfrentamento de quest\u00f5es ps\u00edquicas e emocionais; e, Educa\u00e7\u00e3o Popular. Em cada um dos temas procuramos articular as possibilidades de um trabalho de reconhecimento da educa\u00e7\u00e3o que fazemos neste Centro e nesta Universidade.&#8221;<\/p><p>Trechos retirados de Apresenta\u00e7\u00e3o.<\/p>\t\t\t\t\t\t<\/div>\n\t\t\t\t<\/div>\n\t\t\t\t\t<\/div>\n\t\t<\/div>\n\t\t\t\t\t<\/div>\n\t\t<\/section>\n\t\t\t\t<div class=\"elementor-element elementor-element-36cfe1fa elementor-hidden-desktop elementor-hidden-phone elementor-widget elementor-widget-text-editor\" data-id=\"36cfe1fa\" data-element_type=\"widget\" data-widget_type=\"text-editor.default\">\n\t\t\t\t<div class=\"elementor-widget-container\">\n\t\t\t\t\t\t\t<figure id=\"attachment_328\" aria-describedby=\"caption-attachment-328\" style=\"width: 212px\" class=\"wp-caption alignleft\"><img fetchpriority=\"high\" decoding=\"async\" class=\"size-medium wp-image-328\" src=\"https:\/\/www.ufsm.br\/app\/uploads\/sites\/746\/2021\/11\/Avaliacao_Aprendizagem_EnsinoRemoto-capa-212x300.png\" alt=\"\" width=\"212\" height=\"300\" srcset=\"https:\/\/www.ufsm.br\/app\/uploads\/sites\/746\/2021\/11\/Avaliacao_Aprendizagem_EnsinoRemoto-capa-212x300.png 212w, https:\/\/www.ufsm.br\/app\/uploads\/sites\/746\/2021\/11\/Avaliacao_Aprendizagem_EnsinoRemoto-capa.png 596w\" sizes=\"(max-width: 212px) 100vw, 212px\" \/><figcaption id=\"caption-attachment-328\" class=\"wp-caption-text\">(Des)Encontros no Ensino e na Aprendizagem remotos em tempos de distanciamento social<\/figcaption><\/figure><p>&#8220;Das depend\u00eancias da Universidade para nossas resid\u00eancias, passamos a nos encontrar olhando por janelas virtuais. Em nossos encontros, ideias criativas inventariam jeitos cheios de nossa for\u00e7a inventiva! A Comiss\u00e3o de Avalia\u00e7\u00e3o Institucional do Centro de Educa\u00e7\u00e3o\/ Comiss\u00e3o Setorial de Avalia\u00e7\u00e3o do Centro de Educa\u00e7\u00e3o (CAICE\/CSA-CE), desafiada pela Dire\u00e7\u00e3o do Centro de Educa\u00e7\u00e3o, passou a se reunir para organizar o II Ciclo de Forma\u00e7\u00e3o em Avalia\u00e7\u00e3o \u2013 (Des)Encontros no Ensino e na Aprendizagem remotos em tempos de distanciamento social: um encontro virtual para agregar for\u00e7as e aprendizagens para este tempo. Sob o mesmo tema, articulamos de forma colaborativa, a efetiva\u00e7\u00e3o do III Ciclo Institucional Permanente sobre a Doc\u00eancia na UFSM \u2013 CIPED 2020.&#8221;<\/p><p>&#8220;Nesta obra, reunimos o registro de cada um dos encontros pelas escritas que configuraram as apresenta\u00e7\u00f5es, na voz dos palestrantes, mediadores e convidados a compor a mem\u00f3ria do evento. As abordagens discutidas desencadearam temas aos quais somamos nossas contribui\u00e7\u00f5es: Avalia\u00e7\u00e3o na P\u00f3s-Gradua\u00e7\u00e3o e Gradua\u00e7\u00e3o em condi\u00e7\u00e3o de ensino e de aprendizagem remota; acessibilidade tecnol\u00f3gica e tecnologias assistivas para estudantes em condi\u00e7\u00f5es especiais de forma\u00e7\u00e3o; enfrentamento de quest\u00f5es ps\u00edquicas e emocionais; e, Educa\u00e7\u00e3o Popular. Em cada um dos temas procuramos articular as possibilidades de um trabalho de reconhecimento da educa\u00e7\u00e3o que fazemos neste Centro e nesta Universidade.&#8221;<\/p><p>Trechos retirados de Apresenta\u00e7\u00e3o.<\/p>\t\t\t\t\t\t<\/div>\n\t\t\t\t<\/div>\n\t\t\t\t<div class=\"elementor-element elementor-element-4bcafb48 elementor-widget elementor-widget-heading\" data-id=\"4bcafb48\" data-element_type=\"widget\" data-widget_type=\"heading.default\">\n\t\t\t\t<div class=\"elementor-widget-container\">\n\t\t\t<h4 class=\"elementor-heading-title elementor-size-default\">Acesso \u00e0 obra<\/h4>\t\t<\/div>\n\t\t\t\t<\/div>\n\t\t\t\t\t<\/div>\n\t\t<\/div>\n\t\t\t\t\t<\/div>\n\t\t<\/section>\n\t\t\t\t<section class=\"elementor-section elementor-top-section elementor-element elementor-element-4312deb4 elementor-section-boxed elementor-section-height-default elementor-section-height-default\" data-id=\"4312deb4\" data-element_type=\"section\">\n\t\t\t\t\t\t<div class=\"elementor-container elementor-column-gap-default\">\n\t\t\t\t\t<div class=\"elementor-column elementor-col-25 elementor-top-column elementor-element elementor-element-527356da\" data-id=\"527356da\" data-element_type=\"column\">\n\t\t\t<div class=\"elementor-widget-wrap\">\n\t\t\t\t\t\t\t<\/div>\n\t\t<\/div>\n\t\t\t\t<div class=\"elementor-column elementor-col-25 elementor-top-column elementor-element elementor-element-328522a9\" data-id=\"328522a9\" data-element_type=\"column\">\n\t\t\t<div class=\"elementor-widget-wrap elementor-element-populated\">\n\t\t\t\t\t\t<div class=\"elementor-element elementor-element-4349eb37 elementor-align-center elementor-widget elementor-widget-button\" data-id=\"4349eb37\" data-element_type=\"widget\" data-widget_type=\"button.default\">\n\t\t\t\t<div class=\"elementor-widget-container\">\n\t\t\t\t\t\t\t<div class=\"elementor-button-wrapper\">\n\t\t\t\t\t<a class=\"elementor-button elementor-button-link elementor-size-md\" href=\"https:\/\/repositorio.ufsm.br\/bitstream\/handle\/1\/22809\/Avaliacao_Aprendizagem_EnsinoRemoto.pdf?sequence=1&#038;isAllowed=y\">\n\t\t\t\t\t\t<span class=\"elementor-button-content-wrapper\">\n\t\t\t\t\t\t\t\t\t<span class=\"elementor-button-text\">Vers\u00e3o PDF<\/span>\n\t\t\t\t\t<\/span>\n\t\t\t\t\t<\/a>\n\t\t\t\t<\/div>\n\t\t\t\t\t\t<\/div>\n\t\t\t\t<\/div>\n\t\t\t\t\t<\/div>\n\t\t<\/div>\n\t\t\t\t<div class=\"elementor-column elementor-col-25 elementor-top-column elementor-element elementor-element-6d232704\" data-id=\"6d232704\" data-element_type=\"column\">\n\t\t\t<div class=\"elementor-widget-wrap elementor-element-populated\">\n\t\t\t\t\t\t<div class=\"elementor-element elementor-element-40b680a7 elementor-align-center elementor-widget elementor-widget-button\" data-id=\"40b680a7\" data-element_type=\"widget\" data-widget_type=\"button.default\">\n\t\t\t\t<div class=\"elementor-widget-container\">\n\t\t\t\t\t\t\t<div class=\"elementor-button-wrapper\">\n\t\t\t\t\t<a class=\"elementor-button elementor-button-link elementor-size-md\" href=\"https:\/\/repositorio.ufsm.br\/handle\/1\/22809\">\n\t\t\t\t\t\t<span class=\"elementor-button-content-wrapper\">\n\t\t\t\t\t\t\t\t\t<span class=\"elementor-button-text\">No Manancial<\/span>\n\t\t\t\t\t<\/span>\n\t\t\t\t\t<\/a>\n\t\t\t\t<\/div>\n\t\t\t\t\t\t<\/div>\n\t\t\t\t<\/div>\n\t\t\t\t\t<\/div>\n\t\t<\/div>\n\t\t\t\t<div class=\"elementor-column elementor-col-25 elementor-top-column elementor-element elementor-element-5b701f04\" data-id=\"5b701f04\" data-element_type=\"column\">\n\t\t\t<div class=\"elementor-widget-wrap\">\n\t\t\t\t\t\t\t<\/div>\n\t\t<\/div>\n\t\t\t\t\t<\/div>\n\t\t<\/section>\n\t\t\t\t<section class=\"elementor-section elementor-top-section elementor-element elementor-element-59650e53 elementor-section-boxed elementor-section-height-default elementor-section-height-default\" data-id=\"59650e53\" data-element_type=\"section\">\n\t\t\t\t\t\t<div class=\"elementor-container elementor-column-gap-default\">\n\t\t\t\t\t<div class=\"elementor-column elementor-col-100 elementor-top-column elementor-element elementor-element-bb3654f\" data-id=\"bb3654f\" data-element_type=\"column\">\n\t\t\t<div class=\"elementor-widget-wrap elementor-element-populated\">\n\t\t\t\t\t\t<div class=\"elementor-element elementor-element-5e84b23b elementor-tabs-alignment-stretch elementor-tabs-view-horizontal elementor-widget elementor-widget-tabs\" data-id=\"5e84b23b\" data-element_type=\"widget\" data-settings=\"{&quot;_animation&quot;:&quot;none&quot;}\" data-widget_type=\"tabs.default\">\n\t\t\t\t<div class=\"elementor-widget-container\">\n\t\t\t\t\t<div class=\"elementor-tabs\">\n\t\t\t<div class=\"elementor-tabs-wrapper\" role=\"tablist\" >\n\t\t\t\t\t\t\t\t\t<div id=\"elementor-tab-title-1581\" class=\"elementor-tab-title elementor-tab-desktop-title\" aria-selected=\"true\" data-tab=\"1\" role=\"tab\" tabindex=\"0\" aria-controls=\"elementor-tab-content-1581\" aria-expanded=\"false\">Dados da obra<\/div>\n\t\t\t\t\t\t\t\t\t<div id=\"elementor-tab-title-1582\" class=\"elementor-tab-title elementor-tab-desktop-title\" aria-selected=\"false\" data-tab=\"2\" role=\"tab\" tabindex=\"-1\" aria-controls=\"elementor-tab-content-1582\" aria-expanded=\"false\">Sum\u00e1rio<\/div>\n\t\t\t\t\t\t\t\t\t<div id=\"elementor-tab-title-1583\" class=\"elementor-tab-title elementor-tab-desktop-title\" aria-selected=\"false\" data-tab=\"3\" role=\"tab\" tabindex=\"-1\" aria-controls=\"elementor-tab-content-1583\" aria-expanded=\"false\">Autoria<\/div>\n\t\t\t\t\t\t\t\t\t<div id=\"elementor-tab-title-1584\" class=\"elementor-tab-title elementor-tab-desktop-title\" aria-selected=\"false\" data-tab=\"4\" role=\"tab\" tabindex=\"-1\" aria-controls=\"elementor-tab-content-1584\" aria-expanded=\"false\">Licen\u00e7a Creative Commons<\/div>\n\t\t\t\t\t\t\t<\/div>\n\t\t\t<div class=\"elementor-tabs-content-wrapper\" role=\"tablist\" aria-orientation=\"vertical\">\n\t\t\t\t\t\t\t\t\t<div class=\"elementor-tab-title elementor-tab-mobile-title\" aria-selected=\"true\" data-tab=\"1\" role=\"tab\" tabindex=\"0\" aria-controls=\"elementor-tab-content-1581\" aria-expanded=\"false\">Dados da obra<\/div>\n\t\t\t\t\t<div id=\"elementor-tab-content-1581\" class=\"elementor-tab-content elementor-clearfix\" data-tab=\"1\" role=\"tabpanel\" aria-labelledby=\"elementor-tab-title-1581\" tabindex=\"0\" hidden=\"false\"><p><b>Publica\u00e7\u00e3o:<br \/><\/b>2021 \/ 1\u00aa edi\u00e7\u00e3o<br \/>ISBN: 978-65-5773-033-1<\/p><p><b>Refer\u00eancia:<\/b>\u00a0<br \/><span style=\"color: #333333\">MIORANDO, Tania Micheline; CORREA, Aruna Noal (Org.). <strong>(Des)encontros no ensino e na aprendizagem remotos em tempos de distanciamento social<\/strong>. Santa Maria\/RS: FACOS-UFSM, 2021. 177 p. (Recurso eletr\u00f4nico)<\/span><\/p><\/div>\n\t\t\t\t\t\t\t\t\t<div class=\"elementor-tab-title elementor-tab-mobile-title\" aria-selected=\"false\" data-tab=\"2\" role=\"tab\" tabindex=\"-1\" aria-controls=\"elementor-tab-content-1582\" aria-expanded=\"false\">Sum\u00e1rio<\/div>\n\t\t\t\t\t<div id=\"elementor-tab-content-1582\" class=\"elementor-tab-content elementor-clearfix\" data-tab=\"2\" role=\"tabpanel\" aria-labelledby=\"elementor-tab-title-1582\" tabindex=\"0\" hidden=\"hidden\"><ul><li>Apresenta\u00e7\u00e3o;<\/li><li>Estrat\u00e9gias de enfrentamento de quest\u00f5es emocionais durante a pandemia de Covid-19: algumas considera\u00e7\u00f5es;<\/li><li>Enfrentamento de quest\u00f5es ps\u00edquicas e emocionais em tempos de pandemia: desafios compartilhados;<\/li><li>Educa\u00e7\u00e3o Popular no contexto do distanciamento social: ressignifica\u00e7\u00f5es poss\u00edveis pela educa\u00e7\u00e3o e pela vida;<\/li><li>Educa\u00e7\u00e3o Popular no contexto do distanciamento social: em busca de linhas de vida;<\/li><li>Possibilidades acess\u00edveis: recursos de tecnologia assistiva e acessibilidade digital em tempos de pandemia;<\/li><li>Avalia\u00e7\u00e3o da educa\u00e7\u00e3o superior e o ensino remoto em contexto pand\u00eamico;<\/li><li>AVALIA\u00c7\u00c3O DA P\u00d3S-GRADUA\u00c7\u00c3O: uma reflex\u00e3o e an\u00e1lise de um Programa de P\u00f3s-Gradua\u00e7\u00e3o em Educa\u00e7\u00e3o;<\/li><li>Navegar \u00e9 preciso, viver \u00e9 (im)preciso: movimentos avaliativos no Centro de Educa\u00e7\u00e3o da UFSM em mares de atividades de ensino, pesquisa e extens\u00e3o remotos<\/li><\/ul><\/div>\n\t\t\t\t\t\t\t\t\t<div class=\"elementor-tab-title elementor-tab-mobile-title\" aria-selected=\"false\" data-tab=\"3\" role=\"tab\" tabindex=\"-1\" aria-controls=\"elementor-tab-content-1583\" aria-expanded=\"false\">Autoria<\/div>\n\t\t\t\t\t<div id=\"elementor-tab-content-1583\" class=\"elementor-tab-content elementor-clearfix\" data-tab=\"3\" role=\"tabpanel\" aria-labelledby=\"elementor-tab-title-1583\" tabindex=\"0\" hidden=\"hidden\"><div style=\"color: #333333;font-family: 'Helvetica Neue', Helvetica, Arial, sans-serif;font-size: 14px\"><span style=\"color: #000000;font-size: 12pt;font-family: georgia, palatino, serif\"><b>Organizadoras:<\/b><\/span><\/div><div style=\"color: #333333;font-family: 'Helvetica Neue', Helvetica, Arial, sans-serif;font-size: 14px\"><span style=\"color: #000000;font-size: 12pt;font-family: georgia, palatino, serif\">Tania Micheline Miorando e Aruna Noal Correa.<\/span><br \/><span style=\"color: #000000;font-size: 12pt;font-family: georgia, palatino, serif\"><br \/><\/span><\/div><div style=\"color: #333333;font-family: 'Helvetica Neue', Helvetica, Arial, sans-serif;font-size: 14px\"><span style=\"font-family: georgia, palatino, serif;font-size: 12pt\"><b>Autores:<\/b><\/span><\/div><div>Tania Micheline Miorando,<\/div><div>Aruna Noal Correa,<\/div><div style=\"color: #333333;font-family: 'Helvetica Neue', Helvetica, Arial, sans-serif;font-size: 14px\"><span style=\"font-family: georgia, palatino, serif\">Luciane Leoratto Pozobon,<\/span><\/div><div>Janete Teresinha de Aquino Goulart,<\/div><div>Celso Ilgo Henz,<\/div><div>Patr\u00edcia Signor,<\/div><div>Dulcin\u00e9ia de F\u00e1tima Ferreira,<\/div><div>Andr\u00e9a Poletto Sonza,<\/div><div>Gisele Oliveira Fraga do Nascimento,<\/div><div>Marlis Morosini Polidori,<\/div><div>Liliane Gontam Timm Della M\u00e9a,<\/div><div>Rosane Carneiro Sarturi,<\/div><div>Gis\u00e9li Duarte Bastos,<\/div><div>Simone Freitas da Silva Gallina<\/div><\/div>\n\t\t\t\t\t\t\t\t\t<div class=\"elementor-tab-title elementor-tab-mobile-title\" aria-selected=\"false\" data-tab=\"4\" role=\"tab\" tabindex=\"-1\" aria-controls=\"elementor-tab-content-1584\" aria-expanded=\"false\">Licen\u00e7a Creative Commons<\/div>\n\t\t\t\t\t<div id=\"elementor-tab-content-1584\" class=\"elementor-tab-content elementor-clearfix\" data-tab=\"4\" role=\"tabpanel\" aria-labelledby=\"elementor-tab-title-1584\" tabindex=\"0\" hidden=\"hidden\"><p><span style=\"color: #000000;font-size: 16px\">Esta obra est\u00e1 licenciada sob uma Licen\u00e7a Creative\u00a0Commons Atribui\u00e7\u00e3o-N\u00e3oComercial-SemDeriva\u00e7\u00f5es 4.0\u00a0Internacional. Para ver uma c\u00f3pia desta licen\u00e7a, visite:\u00a0<\/span><a style=\"background-color: #ffffff;font-size: 1rem\" href=\"http:\/\/creativecommons.org\/licenses\/by-nc-nd\/4.0\/\" target=\"_blank\" rel=\"noopener\">http:\/\/creativecommons.org\/licenses\/by-nc-nd\/4.0\/<\/a><\/p><\/div>\n\t\t\t\t\t\t\t<\/div>\n\t\t<\/div>\n\t\t\t\t<\/div>\n\t\t\t\t<\/div>\n\t\t\t\t\t<\/div>\n\t\t<\/div>\n\t\t\t\t\t<\/div>\n\t\t<\/section>\n\t\t\t\t<section class=\"elementor-section elementor-top-section elementor-element elementor-element-15f812dd elementor-section-boxed elementor-section-height-default elementor-section-height-default\" data-id=\"15f812dd\" data-element_type=\"section\">\n\t\t\t\t\t\t<div class=\"elementor-container elementor-column-gap-default\">\n\t\t\t\t\t<div class=\"elementor-column elementor-col-100 elementor-top-column elementor-element elementor-element-1a302a90\" data-id=\"1a302a90\" data-element_type=\"column\">\n\t\t\t<div class=\"elementor-widget-wrap elementor-element-populated\">\n\t\t\t\t\t\t<div class=\"elementor-element elementor-element-39d0da0d elementor-widget elementor-widget-wp-widget-ufsm_noticias_widget\" data-id=\"39d0da0d\" data-element_type=\"widget\" data-widget_type=\"wp-widget-ufsm_noticias_widget.default\">\n\t\t\t\t<div class=\"elementor-widget-container\">\n\t\t\t<h5 class='titulo-conteudos'>Publica\u00e7\u00f5es Relacionadas<\/h5><div class='widget-noticias-inside'>\n                        <div class=\"row\">\n                                    <div class=\"col-12 col-lg-12 pb-4\">\n                                        \n                                        \n                    \n                    <a class=\"noticias-widget-title d-block \"  title=\"Territ\u00f3rios conectados pela sororidade\" href=\"https:\/\/www.ufsm.br\/editoras\/facos\/territorios-conectados-pela-sororidade\">\n                                                Territ\u00f3rios conectados pela sororidade                    <\/a>\n                    \n                    \n                                        \n                                        \n                                        <\/div>\n                            <\/div>\n                    <div class=\"row\">\n                                    <div class=\"col-12 col-lg-12 pb-4\">\n                                        \n                                        \n                    \n                    <a class=\"noticias-widget-title d-block \"  title=\"Jornalismo e mem\u00f3ria: escrituras poss\u00edveis, lugares (in)comuns\" href=\"https:\/\/www.ufsm.br\/editoras\/facos\/jornalismo-e-memoria-escrituras-possiveis-lugares-incomuns\">\n                                                Jornalismo e mem\u00f3ria: escrituras poss\u00edveis, lugares (in)comuns                    <\/a>\n                    \n                    \n                                        \n                                        \n                                        <\/div>\n                            <\/div>\n                    <div class=\"row\">\n                                    <div class=\"col-12 col-lg-12 pb-4\">\n                                        \n                                        \n                    \n                    <a class=\"noticias-widget-title d-block \"  title=\"Anais VII SENAFE e III SEINFE\u00a0\" href=\"https:\/\/www.ufsm.br\/editoras\/facos\/anais-vii-senafe-e-iii-seinfe\">\n                                                Anais VII SENAFE e III SEINFE\u00a0                    <\/a>\n                    \n                    \n                                        \n                                        \n                                        <\/div>\n                            <\/div>\n                    <div class=\"row\">\n                                    <div class=\"col-12 col-lg-12 pb-4\">\n                                        \n                                        \n                    \n                    <a class=\"noticias-widget-title d-block \"  title=\"Filosofia e educa\u00e7\u00e3o: sustentabilidade, viol\u00eancia escolar e forma\u00e7\u00e3o para a cidadania\" href=\"https:\/\/www.ufsm.br\/editoras\/facos\/filosofia-e-educacao-sustentabilidade-violencia-escolar-e-formacao-para-a-cidadania\">\n                                                Filosofia e educa\u00e7\u00e3o: sustentabilidade, viol\u00eancia escolar e forma\u00e7\u00e3o para a cidadania                    <\/a>\n                    \n                    \n                                        \n                                        \n                                        <\/div>\n                            <\/div>\n                    <div class=\"row\">\n                                    <div class=\"col-12 col-lg-12 pb-4\">\n                                        \n                                        \n                    \n                    <a class=\"noticias-widget-title d-block \"  title=\"Pesquisa e Desenvolvimento Criativo para divulga\u00e7\u00e3o de Indicadores da Educa\u00e7\u00e3o Superior\" href=\"https:\/\/www.ufsm.br\/editoras\/facos\/pesquisa-e-desenvolvimento-criativo-para-divulgacao-de-indicadores-da-educacao-superior\">\n                                                Pesquisa e Desenvolvimento Criativo para divulga\u00e7\u00e3o de Indicadores da Educa\u00e7\u00e3o Superior                    <\/a>\n                    \n                    \n                                        \n                                        \n                                        <\/div>\n                            <\/div>\n            <\/div>\n\t\t<\/div>\n\t\t\t\t<\/div>\n\t\t\t\t\t<\/div>\n\t\t<\/div>\n\t\t\t\t\t<\/div>\n\t\t<\/section>\n\t\t\t\t<\/div>\n\t\t","protected":false},"excerpt":{"rendered":"<p>(Des)Encontros no Ensino e na Aprendizagem remotos em tempos de distanciamento social Tania Micheline Miorando e Aruna Noal Correa (organizadoras) &#8220;Das depend\u00eancias da Universidade para nossas resid\u00eancias, passamos a nos encontrar olhando por janelas virtuais. Em nossos encontros, ideias criativas inventariam jeitos cheios de nossa for\u00e7a inventiva! A Comiss\u00e3o de Avalia\u00e7\u00e3o Institucional do Centro de [&hellip;]<\/p>\n","protected":false},"author":3829,"featured_media":329,"parent":0,"menu_order":0,"comment_status":"closed","ping_status":"closed","template":"","meta":{"footnotes":""},"categories":[138,131],"tags":[],"class_list":["post-327","page","type-page","status-publish","has-post-thumbnail","hentry","category-educacao","category-saude"],"acf":[],"_links":{"self":[{"href":"https:\/\/www.ufsm.br\/editoras\/facos\/wp-json\/wp\/v2\/pages\/327","targetHints":{"allow":["GET"]}}],"collection":[{"href":"https:\/\/www.ufsm.br\/editoras\/facos\/wp-json\/wp\/v2\/pages"}],"about":[{"href":"https:\/\/www.ufsm.br\/editoras\/facos\/wp-json\/wp\/v2\/types\/page"}],"author":[{"embeddable":true,"href":"https:\/\/www.ufsm.br\/editoras\/facos\/wp-json\/wp\/v2\/users\/3829"}],"replies":[{"embeddable":true,"href":"https:\/\/www.ufsm.br\/editoras\/facos\/wp-json\/wp\/v2\/comments?post=327"}],"version-history":[{"count":0,"href":"https:\/\/www.ufsm.br\/editoras\/facos\/wp-json\/wp\/v2\/pages\/327\/revisions"}],"wp:featuredmedia":[{"embeddable":true,"href":"https:\/\/www.ufsm.br\/editoras\/facos\/wp-json\/wp\/v2\/media\/329"}],"wp:attachment":[{"href":"https:\/\/www.ufsm.br\/editoras\/facos\/wp-json\/wp\/v2\/media?parent=327"}],"wp:term":[{"taxonomy":"category","embeddable":true,"href":"https:\/\/www.ufsm.br\/editoras\/facos\/wp-json\/wp\/v2\/categories?post=327"},{"taxonomy":"post_tag","embeddable":true,"href":"https:\/\/www.ufsm.br\/editoras\/facos\/wp-json\/wp\/v2\/tags?post=327"}],"curies":[{"name":"wp","href":"https:\/\/api.w.org\/{rel}","templated":true}]}}