{"id":339,"date":"2022-01-18T15:34:32","date_gmt":"2022-01-18T18:34:32","guid":{"rendered":"https:\/\/www.ufsm.br\/editoras\/facos\/?page_id=339"},"modified":"2022-01-18T15:36:30","modified_gmt":"2022-01-18T18:36:30","slug":"tics-para-inclusao-social-cidadania-educacao-ambiental-e-agroecologia","status":"publish","type":"page","link":"https:\/\/www.ufsm.br\/editoras\/facos\/tics-para-inclusao-social-cidadania-educacao-ambiental-e-agroecologia","title":{"rendered":"TICs para inclus\u00e3o social: cidadania, educa\u00e7\u00e3o ambiental e agroecologia"},"content":{"rendered":"\t\t<div data-elementor-type=\"wp-page\" data-elementor-id=\"339\" class=\"elementor elementor-339\">\n\t\t\t\t\t\t<section class=\"elementor-section elementor-top-section elementor-element elementor-element-6b7c2db2 elementor-section-boxed elementor-section-height-default elementor-section-height-default\" data-id=\"6b7c2db2\" data-element_type=\"section\">\n\t\t\t\t\t\t<div class=\"elementor-container elementor-column-gap-default\">\n\t\t\t\t\t<div class=\"elementor-column elementor-col-100 elementor-top-column elementor-element elementor-element-6fa1c16d\" data-id=\"6fa1c16d\" data-element_type=\"column\">\n\t\t\t<div class=\"elementor-widget-wrap elementor-element-populated\">\n\t\t\t\t\t\t<div class=\"elementor-element elementor-element-2ae9acd1 elementor-widget elementor-widget-text-editor\" data-id=\"2ae9acd1\" data-element_type=\"widget\" data-widget_type=\"text-editor.default\">\n\t\t\t\t<div class=\"elementor-widget-container\">\n\t\t\t\t\t\t\t<h1>TICs para inclus\u00e3o social: cidadania, educa\u00e7\u00e3o ambiental e agroecologia<\/h1><h6>Ada Cristina Machado da Silveira (organizadora)<\/h6>\t\t\t\t\t\t<\/div>\n\t\t\t\t<\/div>\n\t\t\t\t<section class=\"elementor-section elementor-inner-section elementor-element elementor-element-21c52c51 elementor-hidden-tablet elementor-section-boxed elementor-section-height-default elementor-section-height-default\" data-id=\"21c52c51\" data-element_type=\"section\">\n\t\t\t\t\t\t<div class=\"elementor-container elementor-column-gap-default\">\n\t\t\t\t\t<div class=\"elementor-column elementor-col-50 elementor-inner-column elementor-element elementor-element-2e63d0c8\" data-id=\"2e63d0c8\" data-element_type=\"column\">\n\t\t\t<div class=\"elementor-widget-wrap elementor-element-populated\">\n\t\t\t\t\t\t<div class=\"elementor-element elementor-element-2e2a6a44 elementor-widget elementor-widget-text-editor\" data-id=\"2e2a6a44\" data-element_type=\"widget\" data-widget_type=\"text-editor.default\">\n\t\t\t\t<div class=\"elementor-widget-container\">\n\t\t\t\t\t\t\t<figure id=\"attachment_341\" aria-describedby=\"caption-attachment-341\" style=\"width: 222px\" class=\"wp-caption aligncenter\"><img fetchpriority=\"high\" decoding=\"async\" class=\"size-medium wp-image-341\" src=\"https:\/\/www.ufsm.br\/app\/uploads\/sites\/746\/2022\/01\/TICs-para-inclusao-social-capa-222x300.png\" alt=\"\" width=\"222\" height=\"300\" srcset=\"https:\/\/www.ufsm.br\/app\/uploads\/sites\/746\/2022\/01\/TICs-para-inclusao-social-capa-222x300.png 222w, https:\/\/www.ufsm.br\/app\/uploads\/sites\/746\/2022\/01\/TICs-para-inclusao-social-capa-757x1024.png 757w, https:\/\/www.ufsm.br\/app\/uploads\/sites\/746\/2022\/01\/TICs-para-inclusao-social-capa-768x1039.png 768w, https:\/\/www.ufsm.br\/app\/uploads\/sites\/746\/2022\/01\/TICs-para-inclusao-social-capa-1135x1536.png 1135w, https:\/\/www.ufsm.br\/app\/uploads\/sites\/746\/2022\/01\/TICs-para-inclusao-social-capa-1514x2048.png 1514w, https:\/\/www.ufsm.br\/app\/uploads\/sites\/746\/2022\/01\/TICs-para-inclusao-social-capa.png 2008w\" sizes=\"(max-width: 222px) 100vw, 222px\" \/><figcaption id=\"caption-attachment-341\" class=\"wp-caption-text\">TICs para inclus\u00e3o social: cidadania, educa\u00e7\u00e3o ambiental e agroecologia<\/figcaption><\/figure>\t\t\t\t\t\t<\/div>\n\t\t\t\t<\/div>\n\t\t\t\t\t<\/div>\n\t\t<\/div>\n\t\t\t\t<div class=\"elementor-column elementor-col-50 elementor-inner-column elementor-element elementor-element-4478b950\" data-id=\"4478b950\" data-element_type=\"column\">\n\t\t\t<div class=\"elementor-widget-wrap elementor-element-populated\">\n\t\t\t\t\t\t<div class=\"elementor-element elementor-element-334fca4c elementor-widget elementor-widget-text-editor\" data-id=\"334fca4c\" data-element_type=\"widget\" data-widget_type=\"text-editor.default\">\n\t\t\t\t<div class=\"elementor-widget-container\">\n\t\t\t\t\t\t\t<p><span style=\"color: #333333;font-family: 'Helvetica Neue', Helvetica, Arial, sans-serif;font-size: 14px\">&#8220;O Projeto Institucional da Universidade Federal de Santa Maria (UFSM), intitulado \u201cTecnologias para inclus\u00e3o social: cidadania, educa\u00e7\u00e3o ambiental e agroecologia\u201d, integrou o Programa Novos Talentos da Capes nos exerc\u00edcios 2011, 2012 com prorroga\u00e7\u00e3o para o ano de 2013. Considerando-se os cursos de gradua\u00e7\u00e3o envolvidos, as escolas publicas de educa\u00e7\u00e3o b\u00e1sica e os pesquisadores de p\u00f3s-gradua\u00e7\u00e3o, alguns aspectos s\u00e3o salientes.&#8221;\u00a0<\/span><\/p><p><span style=\"color: #333333;font-family: 'Helvetica Neue', Helvetica, Arial, sans-serif;font-size: 14px\">&#8220;A presente colet\u00e2nea apresenta aspectos do projeto institucional e reflex\u00f5es sobre os resultados de subprojetos. Ela foi concebida com o prop\u00f3sito de disseminar as rela\u00e7\u00f5es entre sociedade e universidade e, especialmente, promover a atividade extensionista a partir das atividades da p\u00f3s-gradua\u00e7\u00e3o stricto sensu.&#8221;\u00a0<\/span><\/p><p><span style=\"color: #333333;font-family: 'Helvetica Neue', Helvetica, Arial, sans-serif;font-size: 14px\">&#8211; Trechos retirados da Apresenta\u00e7\u00e3o da obra.<\/span><\/p>\t\t\t\t\t\t<\/div>\n\t\t\t\t<\/div>\n\t\t\t\t\t<\/div>\n\t\t<\/div>\n\t\t\t\t\t<\/div>\n\t\t<\/section>\n\t\t\t\t<div class=\"elementor-element elementor-element-138ddf1 elementor-hidden-desktop elementor-hidden-phone elementor-widget elementor-widget-text-editor\" data-id=\"138ddf1\" data-element_type=\"widget\" data-widget_type=\"text-editor.default\">\n\t\t\t\t<div class=\"elementor-widget-container\">\n\t\t\t\t\t\t\t<figure id=\"attachment_341\" aria-describedby=\"caption-attachment-341\" style=\"width: 222px\" class=\"wp-caption alignleft\"><img fetchpriority=\"high\" decoding=\"async\" class=\"size-medium wp-image-341\" src=\"https:\/\/www.ufsm.br\/app\/uploads\/sites\/746\/2022\/01\/TICs-para-inclusao-social-capa-222x300.png\" alt=\"\" width=\"222\" height=\"300\" srcset=\"https:\/\/www.ufsm.br\/app\/uploads\/sites\/746\/2022\/01\/TICs-para-inclusao-social-capa-222x300.png 222w, https:\/\/www.ufsm.br\/app\/uploads\/sites\/746\/2022\/01\/TICs-para-inclusao-social-capa-757x1024.png 757w, https:\/\/www.ufsm.br\/app\/uploads\/sites\/746\/2022\/01\/TICs-para-inclusao-social-capa-768x1039.png 768w, https:\/\/www.ufsm.br\/app\/uploads\/sites\/746\/2022\/01\/TICs-para-inclusao-social-capa-1135x1536.png 1135w, https:\/\/www.ufsm.br\/app\/uploads\/sites\/746\/2022\/01\/TICs-para-inclusao-social-capa-1514x2048.png 1514w, https:\/\/www.ufsm.br\/app\/uploads\/sites\/746\/2022\/01\/TICs-para-inclusao-social-capa.png 2008w\" sizes=\"(max-width: 222px) 100vw, 222px\" \/><figcaption id=\"caption-attachment-341\" class=\"wp-caption-text\">TICs para inclus\u00e3o social: cidadania, educa\u00e7\u00e3o ambiental e agroecologia<\/figcaption><\/figure><p style=\"color: #000000;font-size: 16px;text-align: justify\"><span style=\"font-family: 'Helvetica Neue', Helvetica, Arial, sans-serif;color: #333333;font-size: 14px\">&#8220;O Projeto Institucional da Universidade Federal de Santa Maria (UFSM), intitulado \u201cTecnologias para inclus\u00e3o social: cidadania, educa\u00e7\u00e3o ambiental e agroecologia\u201d, integrou o Programa Novos Talentos da Capes nos exerc\u00edcios 2011, 2012 com prorroga\u00e7\u00e3o para o ano de 2013. Considerando-se os cursos de gradua\u00e7\u00e3o envolvidos, as escolas publicas de educa\u00e7\u00e3o b\u00e1sica e os pesquisadores de p\u00f3s-gradua\u00e7\u00e3o, alguns aspectos s\u00e3o salientes.&#8221;\u00a0<\/span><\/p><p style=\"color: #000000;font-size: 16px;text-align: justify\"><span style=\"font-family: 'Helvetica Neue', Helvetica, Arial, sans-serif;color: #333333;font-size: 14px\">&#8220;A presente colet\u00e2nea apresenta aspectos do projeto institucional e reflex\u00f5es sobre os resultados de subprojetos. Ela foi concebida com o prop\u00f3sito de disseminar as rela\u00e7\u00f5es entre sociedade e universidade e, especialmente, promover a atividade extensionista a partir das atividades da p\u00f3s-gradua\u00e7\u00e3o stricto sensu.&#8221;\u00a0<\/span><\/p><p style=\"color: #000000;font-size: 16px;text-align: justify\"><span style=\"font-family: 'Helvetica Neue', Helvetica, Arial, sans-serif;color: #333333;font-size: 14px\">&#8211; Trechos retirados da Apresenta\u00e7\u00e3o da obra.<\/span><\/p>\t\t\t\t\t\t<\/div>\n\t\t\t\t<\/div>\n\t\t\t\t<div class=\"elementor-element elementor-element-732c9384 elementor-widget elementor-widget-heading\" data-id=\"732c9384\" data-element_type=\"widget\" data-widget_type=\"heading.default\">\n\t\t\t\t<div class=\"elementor-widget-container\">\n\t\t\t<h4 class=\"elementor-heading-title elementor-size-default\">Acesso \u00e0 obra<\/h4>\t\t<\/div>\n\t\t\t\t<\/div>\n\t\t\t\t\t<\/div>\n\t\t<\/div>\n\t\t\t\t\t<\/div>\n\t\t<\/section>\n\t\t\t\t<section class=\"elementor-section elementor-top-section elementor-element elementor-element-416fb380 elementor-section-boxed elementor-section-height-default elementor-section-height-default\" data-id=\"416fb380\" data-element_type=\"section\">\n\t\t\t\t\t\t<div class=\"elementor-container elementor-column-gap-default\">\n\t\t\t\t\t<div class=\"elementor-column elementor-col-25 elementor-top-column elementor-element elementor-element-1063830e\" data-id=\"1063830e\" data-element_type=\"column\">\n\t\t\t<div class=\"elementor-widget-wrap\">\n\t\t\t\t\t\t\t<\/div>\n\t\t<\/div>\n\t\t\t\t<div class=\"elementor-column elementor-col-25 elementor-top-column elementor-element elementor-element-21ceaf4a\" data-id=\"21ceaf4a\" data-element_type=\"column\">\n\t\t\t<div class=\"elementor-widget-wrap elementor-element-populated\">\n\t\t\t\t\t\t<div class=\"elementor-element elementor-element-680b77f8 elementor-align-center elementor-widget elementor-widget-button\" data-id=\"680b77f8\" data-element_type=\"widget\" data-widget_type=\"button.default\">\n\t\t\t\t<div class=\"elementor-widget-container\">\n\t\t\t\t\t\t\t<div class=\"elementor-button-wrapper\">\n\t\t\t\t\t<a class=\"elementor-button elementor-button-link elementor-size-md\" href=\"https:\/\/repositorio.ufsm.br\/bitstream\/handle\/1\/23573\/TICs%20para%20inclus%c3%a3o%20social.pdf?sequence=1&#038;isAllowed=y\">\n\t\t\t\t\t\t<span class=\"elementor-button-content-wrapper\">\n\t\t\t\t\t\t\t\t\t<span class=\"elementor-button-text\">Vers\u00e3o PDF<\/span>\n\t\t\t\t\t<\/span>\n\t\t\t\t\t<\/a>\n\t\t\t\t<\/div>\n\t\t\t\t\t\t<\/div>\n\t\t\t\t<\/div>\n\t\t\t\t\t<\/div>\n\t\t<\/div>\n\t\t\t\t<div class=\"elementor-column elementor-col-25 elementor-top-column elementor-element elementor-element-213f52cb\" data-id=\"213f52cb\" data-element_type=\"column\">\n\t\t\t<div class=\"elementor-widget-wrap elementor-element-populated\">\n\t\t\t\t\t\t<div class=\"elementor-element elementor-element-671fa94c elementor-align-center elementor-widget elementor-widget-button\" data-id=\"671fa94c\" data-element_type=\"widget\" data-widget_type=\"button.default\">\n\t\t\t\t<div class=\"elementor-widget-container\">\n\t\t\t\t\t\t\t<div class=\"elementor-button-wrapper\">\n\t\t\t\t\t<a class=\"elementor-button elementor-button-link elementor-size-md\" href=\"https:\/\/repositorio.ufsm.br\/handle\/1\/23573\">\n\t\t\t\t\t\t<span class=\"elementor-button-content-wrapper\">\n\t\t\t\t\t\t\t\t\t<span class=\"elementor-button-text\">No Manancial<\/span>\n\t\t\t\t\t<\/span>\n\t\t\t\t\t<\/a>\n\t\t\t\t<\/div>\n\t\t\t\t\t\t<\/div>\n\t\t\t\t<\/div>\n\t\t\t\t\t<\/div>\n\t\t<\/div>\n\t\t\t\t<div class=\"elementor-column elementor-col-25 elementor-top-column elementor-element elementor-element-34ea27ec\" data-id=\"34ea27ec\" data-element_type=\"column\">\n\t\t\t<div class=\"elementor-widget-wrap\">\n\t\t\t\t\t\t\t<\/div>\n\t\t<\/div>\n\t\t\t\t\t<\/div>\n\t\t<\/section>\n\t\t\t\t<section class=\"elementor-section elementor-top-section elementor-element elementor-element-4f2a0f6a elementor-section-boxed elementor-section-height-default elementor-section-height-default\" data-id=\"4f2a0f6a\" data-element_type=\"section\">\n\t\t\t\t\t\t<div class=\"elementor-container elementor-column-gap-default\">\n\t\t\t\t\t<div class=\"elementor-column elementor-col-100 elementor-top-column elementor-element elementor-element-1aa99f61\" data-id=\"1aa99f61\" data-element_type=\"column\">\n\t\t\t<div class=\"elementor-widget-wrap elementor-element-populated\">\n\t\t\t\t\t\t<div class=\"elementor-element elementor-element-4083b47f elementor-tabs-alignment-stretch elementor-tabs-view-horizontal elementor-widget elementor-widget-tabs\" data-id=\"4083b47f\" data-element_type=\"widget\" data-settings=\"{&quot;_animation&quot;:&quot;none&quot;}\" data-widget_type=\"tabs.default\">\n\t\t\t\t<div class=\"elementor-widget-container\">\n\t\t\t\t\t<div class=\"elementor-tabs\">\n\t\t\t<div class=\"elementor-tabs-wrapper\" role=\"tablist\" >\n\t\t\t\t\t\t\t\t\t<div id=\"elementor-tab-title-1081\" class=\"elementor-tab-title elementor-tab-desktop-title\" aria-selected=\"true\" data-tab=\"1\" role=\"tab\" tabindex=\"0\" aria-controls=\"elementor-tab-content-1081\" aria-expanded=\"false\">Dados da obra<\/div>\n\t\t\t\t\t\t\t\t\t<div id=\"elementor-tab-title-1082\" class=\"elementor-tab-title elementor-tab-desktop-title\" aria-selected=\"false\" data-tab=\"2\" role=\"tab\" tabindex=\"-1\" aria-controls=\"elementor-tab-content-1082\" aria-expanded=\"false\">Sum\u00e1rio<\/div>\n\t\t\t\t\t\t\t\t\t<div id=\"elementor-tab-title-1083\" class=\"elementor-tab-title elementor-tab-desktop-title\" aria-selected=\"false\" data-tab=\"3\" role=\"tab\" tabindex=\"-1\" aria-controls=\"elementor-tab-content-1083\" aria-expanded=\"false\">Autoria<\/div>\n\t\t\t\t\t\t\t\t\t<div id=\"elementor-tab-title-1084\" class=\"elementor-tab-title elementor-tab-desktop-title\" aria-selected=\"false\" data-tab=\"4\" role=\"tab\" tabindex=\"-1\" aria-controls=\"elementor-tab-content-1084\" aria-expanded=\"false\">Licen\u00e7a Creative Commons<\/div>\n\t\t\t\t\t\t\t<\/div>\n\t\t\t<div class=\"elementor-tabs-content-wrapper\" role=\"tablist\" aria-orientation=\"vertical\">\n\t\t\t\t\t\t\t\t\t<div class=\"elementor-tab-title elementor-tab-mobile-title\" aria-selected=\"true\" data-tab=\"1\" role=\"tab\" tabindex=\"0\" aria-controls=\"elementor-tab-content-1081\" aria-expanded=\"false\">Dados da obra<\/div>\n\t\t\t\t\t<div id=\"elementor-tab-content-1081\" class=\"elementor-tab-content elementor-clearfix\" data-tab=\"1\" role=\"tabpanel\" aria-labelledby=\"elementor-tab-title-1081\" tabindex=\"0\" hidden=\"false\"><p><b>Publica\u00e7\u00e3o:<br \/><\/b>2013 \/ 1\u00aa edi\u00e7\u00e3o<br \/>ISBN: 978-85-98031-96-5<\/p><p><b>Refer\u00eancia:<\/b>\u00a0<br \/>SILVEIRA, A. C. M. da (Org.). <strong>TICs para inclus\u00e3o social<\/strong>: cidadania, educa\u00e7\u00e3o ambiental e agroecologia. Santa Maria\/RS: FACOS-UFSM. 2013. 88 p. (Recurso eletr\u00f4nico)<\/p><\/div>\n\t\t\t\t\t\t\t\t\t<div class=\"elementor-tab-title elementor-tab-mobile-title\" aria-selected=\"false\" data-tab=\"2\" role=\"tab\" tabindex=\"-1\" aria-controls=\"elementor-tab-content-1082\" aria-expanded=\"false\">Sum\u00e1rio<\/div>\n\t\t\t\t\t<div id=\"elementor-tab-content-1082\" class=\"elementor-tab-content elementor-clearfix\" data-tab=\"2\" role=\"tabpanel\" aria-labelledby=\"elementor-tab-title-1082\" tabindex=\"0\" hidden=\"hidden\"><ul><li>Pref\u00e1cio;<\/li><li>Apresenta\u00e7\u00e3o<br \/>As TICs e seu impacto na escola p\u00fablica;<\/li><li>Cap\u00edtulo 1<br \/>Marmoriza\u00e7\u00e3o de papel e intera\u00e7\u00e3o com conte\u00fados curriculares: A escola vai a universidade;<\/li><li>Cap\u00edtulo 2<br \/>A promo\u00e7\u00e3o da cultura cient\u00edfica e as rela\u00e7\u00f5es entre Universidade e Escola B\u00e1sica;<\/li><li>Cap\u00edtulo 3<br \/>TICs para inclus\u00e3o social: o projeto institucional da UFSM.<\/li><\/ul><\/div>\n\t\t\t\t\t\t\t\t\t<div class=\"elementor-tab-title elementor-tab-mobile-title\" aria-selected=\"false\" data-tab=\"3\" role=\"tab\" tabindex=\"-1\" aria-controls=\"elementor-tab-content-1083\" aria-expanded=\"false\">Autoria<\/div>\n\t\t\t\t\t<div id=\"elementor-tab-content-1083\" class=\"elementor-tab-content elementor-clearfix\" data-tab=\"3\" role=\"tabpanel\" aria-labelledby=\"elementor-tab-title-1083\" tabindex=\"0\" hidden=\"hidden\"><div style=\"color: #333333;font-family: 'Helvetica Neue', Helvetica, Arial, sans-serif;font-size: 14px\"><span style=\"color: #000000;font-size: 12pt;font-family: georgia, palatino, serif\"><b>Organizadora:<\/b><\/span><\/div><div style=\"color: #333333;font-family: 'Helvetica Neue', Helvetica, Arial, sans-serif;font-size: 14px\"><span style=\"color: #000000;font-size: 12pt;font-family: georgia, palatino, serif\">Ada Cristina Machado da Silveira.<\/span><br \/><span style=\"color: #000000;font-size: 12pt;font-family: georgia, palatino, serif\"><br \/><\/span><\/div><div style=\"color: #333333;font-family: 'Helvetica Neue', Helvetica, Arial, sans-serif;font-size: 14px\"><span style=\"font-family: georgia, palatino, serif;font-size: 12pt\"><b>Autores:<\/b><\/span><\/div><div style=\"color: #333333;font-family: 'Helvetica Neue', Helvetica, Arial, sans-serif;font-size: 14px\"><span style=\"font-family: georgia, palatino, serif;font-size: 12pt\">Amarildo Luiz Trevisan,<\/span><\/div><div>Ada Cristina Machado da Silveira,<\/div><div>Cristina Strohschoen,<br \/>Luiza Segabinazzi Pacheco,<br \/>Denise Molon Castanho,<\/div><div>Rosane Rosa,<br \/>Clayton Hillig,<br \/>Daniel Flores.<\/div><\/div>\n\t\t\t\t\t\t\t\t\t<div class=\"elementor-tab-title elementor-tab-mobile-title\" aria-selected=\"false\" data-tab=\"4\" role=\"tab\" tabindex=\"-1\" aria-controls=\"elementor-tab-content-1084\" aria-expanded=\"false\">Licen\u00e7a Creative Commons<\/div>\n\t\t\t\t\t<div id=\"elementor-tab-content-1084\" class=\"elementor-tab-content elementor-clearfix\" data-tab=\"4\" role=\"tabpanel\" aria-labelledby=\"elementor-tab-title-1084\" tabindex=\"0\" hidden=\"hidden\"><p><span style=\"color: #000000;font-size: 16px\">Esta obra est\u00e1 licenciada sob uma Licen\u00e7a Creative\u00a0Commons Atribui\u00e7\u00e3o-N\u00e3oComercial-SemDeriva\u00e7\u00f5es 4.0\u00a0Internacional. Para ver uma c\u00f3pia desta licen\u00e7a, visite:\u00a0<\/span><a style=\"background-color: #ffffff;font-size: 1rem\" href=\"http:\/\/creativecommons.org\/licenses\/by-nc-nd\/4.0\/\" target=\"_blank\" rel=\"noopener\">http:\/\/creativecommons.org\/licenses\/by-nc-nd\/4.0\/<\/a><\/p><\/div>\n\t\t\t\t\t\t\t<\/div>\n\t\t<\/div>\n\t\t\t\t<\/div>\n\t\t\t\t<\/div>\n\t\t\t\t\t<\/div>\n\t\t<\/div>\n\t\t\t\t\t<\/div>\n\t\t<\/section>\n\t\t\t\t<section class=\"elementor-section elementor-top-section elementor-element elementor-element-28c7a365 elementor-section-boxed elementor-section-height-default elementor-section-height-default\" data-id=\"28c7a365\" data-element_type=\"section\">\n\t\t\t\t\t\t<div class=\"elementor-container elementor-column-gap-default\">\n\t\t\t\t\t<div class=\"elementor-column elementor-col-100 elementor-top-column elementor-element elementor-element-70e14c33\" data-id=\"70e14c33\" data-element_type=\"column\">\n\t\t\t<div class=\"elementor-widget-wrap elementor-element-populated\">\n\t\t\t\t\t\t<div class=\"elementor-element elementor-element-a6f88c1 elementor-widget elementor-widget-wp-widget-ufsm_noticias_widget\" data-id=\"a6f88c1\" data-element_type=\"widget\" data-widget_type=\"wp-widget-ufsm_noticias_widget.default\">\n\t\t\t\t<div class=\"elementor-widget-container\">\n\t\t\t<h5 class='titulo-conteudos'>Publica\u00e7\u00f5es Relacionadas<\/h5><div class='widget-noticias-inside'>\n                        <div class=\"row\">\n                                    <div class=\"col-12 col-lg-12 pb-4\">\n                                        \n                                        \n                    \n                    <a class=\"noticias-widget-title d-block \"  title=\"Territ\u00f3rios conectados pela sororidade\" href=\"https:\/\/www.ufsm.br\/editoras\/facos\/territorios-conectados-pela-sororidade\">\n                                                Territ\u00f3rios conectados pela sororidade                    <\/a>\n                    \n                    \n                                        \n                                        \n                                        <\/div>\n                            <\/div>\n                    <div class=\"row\">\n                                    <div class=\"col-12 col-lg-12 pb-4\">\n                                        \n                                        \n                    \n                    <a class=\"noticias-widget-title d-block \"  title=\"Pesquisa e Desenvolvimento Criativo para divulga\u00e7\u00e3o de Indicadores da Educa\u00e7\u00e3o Superior\" href=\"https:\/\/www.ufsm.br\/editoras\/facos\/pesquisa-e-desenvolvimento-criativo-para-divulgacao-de-indicadores-da-educacao-superior\">\n                                                Pesquisa e Desenvolvimento Criativo para divulga\u00e7\u00e3o de Indicadores da Educa\u00e7\u00e3o Superior                    <\/a>\n                    \n                    \n                                        \n                                        \n                                        <\/div>\n                            <\/div>\n                    <div class=\"row\">\n                                    <div class=\"col-12 col-lg-12 pb-4\">\n                                        \n                                        \n                    \n                    <a class=\"noticias-widget-title d-block \"  title=\"Investigar en plataformas medi\u00e1ticas desde Am\u00e9rica Latina: Um estado de situa\u00e7\u00e3o e uma ferramenta para o di\u00e1logo\" href=\"https:\/\/www.ufsm.br\/editoras\/facos\/investigar-en-plataformas-mediaticas-desde-america-latina-um-estado-de-situacao-e-uma-ferramenta-para-o-dialogo\">\n                                                Investigar en plataformas medi\u00e1ticas desde Am\u00e9rica Latina: Um estado de situa\u00e7\u00e3o e uma ferramenta para o di\u00e1logo                    <\/a>\n                    \n                    \n                                        \n                                        \n                                        <\/div>\n                            <\/div>\n                    <div class=\"row\">\n                                    <div class=\"col-12 col-lg-12 pb-4\">\n                                        \n                                        \n                    \n                    <a class=\"noticias-widget-title d-block \"  title=\"Publicidade contempor\u00e2nea: pensamentos brasileiros &#8211; vol. 2\" href=\"https:\/\/www.ufsm.br\/editoras\/facos\/publicidade-contemporanea-pensamentos-brasileiros-vol-2\">\n                                                Publicidade contempor\u00e2nea: pensamentos brasileiros &#8211; vol. 2                    <\/a>\n                    \n                    \n                                        \n                                        \n                                        <\/div>\n                            <\/div>\n                    <div class=\"row\">\n                                    <div class=\"col-12 col-lg-12 pb-4\">\n                                        \n                                        \n                    \n                    <a class=\"noticias-widget-title d-block \"  title=\"Identidades &amp; territ\u00f3rios: cultura, comunica\u00e7\u00e3o e desenvolvimento\" href=\"https:\/\/www.ufsm.br\/editoras\/facos\/identidades-territorios-cultura-comunicacao-e-desenvolvimento\">\n                                                Identidades &amp; territ\u00f3rios: cultura, comunica\u00e7\u00e3o e desenvolvimento                    <\/a>\n                    \n                    \n                                        \n                                        \n                                        <\/div>\n                            <\/div>\n            <\/div>\n\t\t<\/div>\n\t\t\t\t<\/div>\n\t\t\t\t\t<\/div>\n\t\t<\/div>\n\t\t\t\t\t<\/div>\n\t\t<\/section>\n\t\t\t\t<\/div>\n\t\t","protected":false},"excerpt":{"rendered":"<p>TICs para inclus\u00e3o social: cidadania, educa\u00e7\u00e3o ambiental e agroecologia Ada Cristina Machado da Silveira (organizadora) &#8220;O Projeto Institucional da Universidade Federal de Santa Maria (UFSM), intitulado \u201cTecnologias para inclus\u00e3o social: cidadania, educa\u00e7\u00e3o ambiental e agroecologia\u201d, integrou o Programa Novos Talentos da Capes nos exerc\u00edcios 2011, 2012 com prorroga\u00e7\u00e3o para o ano de 2013. Considerando-se os [&hellip;]<\/p>\n","protected":false},"author":3829,"featured_media":340,"parent":0,"menu_order":0,"comment_status":"closed","ping_status":"closed","template":"","meta":{"footnotes":""},"categories":[24,136,137],"tags":[],"class_list":["post-339","page","type-page","status-publish","has-post-thumbnail","hentry","category-comunicacao","category-jornalismo","category-midia"],"acf":[],"_links":{"self":[{"href":"https:\/\/www.ufsm.br\/editoras\/facos\/wp-json\/wp\/v2\/pages\/339","targetHints":{"allow":["GET"]}}],"collection":[{"href":"https:\/\/www.ufsm.br\/editoras\/facos\/wp-json\/wp\/v2\/pages"}],"about":[{"href":"https:\/\/www.ufsm.br\/editoras\/facos\/wp-json\/wp\/v2\/types\/page"}],"author":[{"embeddable":true,"href":"https:\/\/www.ufsm.br\/editoras\/facos\/wp-json\/wp\/v2\/users\/3829"}],"replies":[{"embeddable":true,"href":"https:\/\/www.ufsm.br\/editoras\/facos\/wp-json\/wp\/v2\/comments?post=339"}],"version-history":[{"count":0,"href":"https:\/\/www.ufsm.br\/editoras\/facos\/wp-json\/wp\/v2\/pages\/339\/revisions"}],"wp:featuredmedia":[{"embeddable":true,"href":"https:\/\/www.ufsm.br\/editoras\/facos\/wp-json\/wp\/v2\/media\/340"}],"wp:attachment":[{"href":"https:\/\/www.ufsm.br\/editoras\/facos\/wp-json\/wp\/v2\/media?parent=339"}],"wp:term":[{"taxonomy":"category","embeddable":true,"href":"https:\/\/www.ufsm.br\/editoras\/facos\/wp-json\/wp\/v2\/categories?post=339"},{"taxonomy":"post_tag","embeddable":true,"href":"https:\/\/www.ufsm.br\/editoras\/facos\/wp-json\/wp\/v2\/tags?post=339"}],"curies":[{"name":"wp","href":"https:\/\/api.w.org\/{rel}","templated":true}]}}