{"id":345,"date":"2022-03-10T17:33:26","date_gmt":"2022-03-10T20:33:26","guid":{"rendered":"https:\/\/www.ufsm.br\/editoras\/facos\/?page_id=345"},"modified":"2024-02-12T17:02:36","modified_gmt":"2024-02-12T20:02:36","slug":"anais-do-ii-congresso-internacional-de-historia-da-ufsm","status":"publish","type":"page","link":"https:\/\/www.ufsm.br\/editoras\/facos\/anais-do-ii-congresso-internacional-de-historia-da-ufsm","title":{"rendered":"Anais do II Congresso Internacional de Hist\u00f3ria da UFSM"},"content":{"rendered":"\t\t<div data-elementor-type=\"wp-page\" data-elementor-id=\"345\" class=\"elementor elementor-345\">\n\t\t\t\t\t\t<section class=\"elementor-section elementor-top-section elementor-element elementor-element-452765b elementor-section-boxed elementor-section-height-default elementor-section-height-default\" data-id=\"452765b\" data-element_type=\"section\">\n\t\t\t\t\t\t<div class=\"elementor-container elementor-column-gap-default\">\n\t\t\t\t\t<div class=\"elementor-column elementor-col-100 elementor-top-column elementor-element elementor-element-26a7a194\" data-id=\"26a7a194\" data-element_type=\"column\">\n\t\t\t<div class=\"elementor-widget-wrap elementor-element-populated\">\n\t\t\t\t\t\t<div class=\"elementor-element elementor-element-40a467a3 elementor-widget elementor-widget-text-editor\" data-id=\"40a467a3\" data-element_type=\"widget\" data-widget_type=\"text-editor.default\">\n\t\t\t\t<div class=\"elementor-widget-container\">\n\t\t\t\t\t\t\t<h2 class=\"page-header first-page-header\">Anais do II Congresso Internacional de Hist\u00f3ria da UFSM<\/h2><h6>Adriano Comissoli <em>et al.<\/em> (organizadores)<\/h6>\t\t\t\t\t\t<\/div>\n\t\t\t\t<\/div>\n\t\t\t\t\t<\/div>\n\t\t<\/div>\n\t\t\t\t\t<\/div>\n\t\t<\/section>\n\t\t\t\t<section class=\"elementor-section elementor-top-section elementor-element elementor-element-7d255c18 elementor-section-boxed elementor-section-height-default elementor-section-height-default\" data-id=\"7d255c18\" data-element_type=\"section\">\n\t\t\t\t\t\t<div class=\"elementor-container elementor-column-gap-default\">\n\t\t\t\t\t<div class=\"elementor-column elementor-col-100 elementor-top-column elementor-element elementor-element-4e1feaea\" data-id=\"4e1feaea\" data-element_type=\"column\">\n\t\t\t<div class=\"elementor-widget-wrap elementor-element-populated\">\n\t\t\t\t\t\t<div class=\"elementor-element elementor-element-218539f6 elementor-widget elementor-widget-wp-widget-ufsm_manancial_ficha_apresentacao\" data-id=\"218539f6\" data-element_type=\"widget\" data-widget_type=\"wp-widget-ufsm_manancial_ficha_apresentacao.default\">\n\t\t\t\t<div class=\"elementor-widget-container\">\n\t\t\t<div class=\"row g-0\">\n    <div class=\"col-12 col-lg-5\">\n        <div class=\"card rounded-0 bg-primary text-white\">\n                            <img decoding=\"async\" src=\"https:\/\/repositorio.ufsm.br\/bitstream\/handle\/1\/23756\/UFSM - Anais do CIHIS-1 (capa).jpg\" class=\"img-fluid img-thumbnail mx-5 mt-5 mb-1\" >\n                        <div class=\"card-body bg-transparent-on-contraste ms-4 ps-4 me-3\">\n                <p class=\"card-title fs-5 lh-sm\">Anais do II Congresso Internacional de Hist\u00f3ria da UFSM<\/p>\n                <div class=\"d-flex flex-wrap\">\n                    <a href=\"https:\/\/repositorio.ufsm.br\/handle\/1\/23756\" class=\"small link-light underline-on-hover me-3\" target=\"_blank\">\n                        <i class=\"fa fa-external-link me-1\" aria-hidden=\"true\"><\/i>\n                        Ver no Manancial\n                    <\/a>\n                                            <a href=\"https:\/\/repositorio.ufsm.br\/bitstream\/handle\/1\/23756\/Anais_do_CIHIS_Congresso_Internacional_Historia.pdf\" class=\"small link-light underline-on-hover\" target=\"_blank\">\n                            <i class=\"fa fa-file-pdf-o me-1\" aria-hidden=\"true\"><\/i>\n                            Ver o PDF\n                        <\/a>\n                                                        <\/div>\n            <\/div>\n        <\/div>\n    <\/div>\n    <div class=\"col-12 col-lg-7 d-flex\">\n        <div class=\"card rounded-0 rounded-end border-0 shadow w-100\">\n            <div class=\"card-body bg-transparent-on-contraste my-2 mx-3\">\n                <ul class=\"nav nav-pills justify-content-center\" id=\"3f5c38a3-52f5-4d6e-8435-5f62a59f8830\" role=\"tablist\">\n                    <li class=\"nav-item\" role=\"presentation\">\n            <button class=\"nav-link active\" id=\"section-3f5c38a3-52f5-4d6e-8435-5f62a59f8830-resumo-tab\" data-bs-toggle=\"tab\" data-bs-target=\"#section-3f5c38a3-52f5-4d6e-8435-5f62a59f8830-resumo\" type=\"button\" role=\"tab\" aria-controls=\"section-3f5c38a3-52f5-4d6e-8435-5f62a59f8830-resumo\"  aria-selected=\"true\" >Resumo<\/button>\n        <\/li>\n                    <li class=\"nav-item\" role=\"presentation\">\n            <button class=\"nav-link \" id=\"section-3f5c38a3-52f5-4d6e-8435-5f62a59f8830-organizacao-tab\" data-bs-toggle=\"tab\" data-bs-target=\"#section-3f5c38a3-52f5-4d6e-8435-5f62a59f8830-organizacao\" type=\"button\" role=\"tab\" aria-controls=\"section-3f5c38a3-52f5-4d6e-8435-5f62a59f8830-organizacao\" >Organiza\u00e7\u00e3o<\/button>\n        <\/li>\n                    <li class=\"nav-item\" role=\"presentation\">\n            <button class=\"nav-link \" id=\"section-3f5c38a3-52f5-4d6e-8435-5f62a59f8830-autoria-tab\" data-bs-toggle=\"tab\" data-bs-target=\"#section-3f5c38a3-52f5-4d6e-8435-5f62a59f8830-autoria\" type=\"button\" role=\"tab\" aria-controls=\"section-3f5c38a3-52f5-4d6e-8435-5f62a59f8830-autoria\" >Autoria<\/button>\n        <\/li>\n                    <li class=\"nav-item\" role=\"presentation\">\n            <button class=\"nav-link \" id=\"section-3f5c38a3-52f5-4d6e-8435-5f62a59f8830-outros-dados-tab\" data-bs-toggle=\"tab\" data-bs-target=\"#section-3f5c38a3-52f5-4d6e-8435-5f62a59f8830-outros-dados\" type=\"button\" role=\"tab\" aria-controls=\"section-3f5c38a3-52f5-4d6e-8435-5f62a59f8830-outros-dados\" >Dados da Obra<\/button>\n        <\/li>\n                    <li class=\"nav-item\" role=\"presentation\">\n            <button class=\"nav-link \" id=\"section-3f5c38a3-52f5-4d6e-8435-5f62a59f8830-cnpq-tab\" data-bs-toggle=\"tab\" data-bs-target=\"#section-3f5c38a3-52f5-4d6e-8435-5f62a59f8830-cnpq\" type=\"button\" role=\"tab\" aria-controls=\"section-3f5c38a3-52f5-4d6e-8435-5f62a59f8830-cnpq\" >CNPq<\/button>\n        <\/li>\n    <\/ul>\n<div class=\"tab-content\" id=\"3f5c38a3-52f5-4d6e-8435-5f62a59f8830Content\">\n            <div class=\"tab-pane fade show active pt-3\" id=\"section-3f5c38a3-52f5-4d6e-8435-5f62a59f8830-resumo\" role=\"tabpanel\" aria-labelledby=\"section-3f5c38a3-52f5-4d6e-8435-5f62a59f8830-resumo-tab\">\n            O Programa de P\u00f3s-Gradua\u00e7\u00e3o em Hist\u00f3ria da Universidade Federal de Santa Maria (PPGH\/UFSM) realizou o II CONGRESSO INTERNACIONAL DE HIST\u00d3RIA DA UNIVERSIDADE FEDERAL DE SANTA MARIA: Poder, Cultura e Sociedade \u2013 II CIHIS\/UFSM, nos dias 05, 06 e 07 de novembro de 2019, na Universidade Federal de Santa Maria (Santa Maria, RS, Brasil). A primeira edi\u00e7\u00e3o do congresso foi realizada em 2016, contando com uma ampla participa\u00e7\u00e3o da comunidade acad\u00eamica do Brasil e de pa\u00edses da Am\u00e9rica do Sul. Como uma atividade do Programa de P\u00f3s-gradua\u00e7\u00e3o em Hist\u00f3ria, desenvolvemos discuss\u00f5es acerca do poder, da cultura e da sociedade nos seus mais diversos \u00e2mbitos e n\u00edveis de manifesta\u00e7\u00f5es, buscando proporcionar \u00e0 comunidade acad\u00eamica-cient\u00edfica e ao p\u00fablico interessado um espa\u00e7o de divulga\u00e7\u00e3o, problematiza\u00e7\u00e3o, cria\u00e7\u00e3o, atualiza\u00e7\u00e3o, di\u00e1logo e encontro. Foi um espa\u00e7o de discuss\u00e3o para a constru\u00e7\u00e3o de novas perspectivas para a \u00e1rea das Ci\u00eancias Humanas e Sociais, e, especialmente, da Hist\u00f3ria.        <\/div>\n            <div class=\"tab-pane fade  pt-3\" id=\"section-3f5c38a3-52f5-4d6e-8435-5f62a59f8830-organizacao\" role=\"tabpanel\" aria-labelledby=\"section-3f5c38a3-52f5-4d6e-8435-5f62a59f8830-organizacao-tab\">\n            <div class=\"row row-cols-1 row-cols-md-2\">\n            <div class=\"col p-1\">\n            <div class=\"border-bottom border-1 h-100\">\n                Comissoli, Adriano            <\/div>\n        <\/div>\n            <div class=\"col p-1\">\n            <div class=\"border-bottom border-1 h-100\">\n                Weber, Beatriz Teixeira            <\/div>\n        <\/div>\n            <div class=\"col p-1\">\n            <div class=\"border-bottom border-1 h-100\">\n                Armani, Carlos Henrique            <\/div>\n        <\/div>\n            <div class=\"col p-1\">\n            <div class=\"border-bottom border-1 h-100\">\n                Konrad, Diorge Alceno            <\/div>\n        <\/div>\n            <div class=\"col p-1\">\n            <div class=\"border-bottom border-1 h-100\">\n                Konrad, Glaucia Vieira Ramos            <\/div>\n        <\/div>\n            <div class=\"col p-1\">\n            <div class=\"border-bottom border-1 h-100\">\n                Mendon\u00e7a J\u00fanior, Francisco de Paula Souza de            <\/div>\n        <\/div>\n            <div class=\"col p-1\">\n            <div class=\"border-bottom border-1 h-100\">\n                Santos, Jo\u00e3o Manuel Casquinha Malaia            <\/div>\n        <\/div>\n            <div class=\"col p-1\">\n            <div class=\"border-bottom border-1 h-100\">\n                Ciochetto, Paula Ribeiro            <\/div>\n        <\/div>\n            <div class=\"col p-1\">\n            <div class=\"border-bottom border-1 h-100\">\n                Almeida, Rayssa Wolf            <\/div>\n        <\/div>\n            <div class=\"col p-1\">\n            <div class=\"border-bottom border-1 h-100\">\n                Souza, Luciano Nunes Vi\u00e7osa de            <\/div>\n        <\/div>\n            <div class=\"col p-1\">\n            <div class=\"border-bottom border-1 h-100\">\n                Santos, Gabriela Rotilli dos            <\/div>\n        <\/div>\n            <div class=\"col p-1\">\n            <div class=\"border-bottom border-1 h-100\">\n                Reolon, Gabriel            <\/div>\n        <\/div>\n        \n<\/div>\n        <\/div>\n            <div class=\"tab-pane fade  pt-3\" id=\"section-3f5c38a3-52f5-4d6e-8435-5f62a59f8830-autoria\" role=\"tabpanel\" aria-labelledby=\"section-3f5c38a3-52f5-4d6e-8435-5f62a59f8830-autoria-tab\">\n            <div class=\"row row-cols-1 row-cols-md-2\">\n            <div class=\"col p-1\">\n            <div class=\"border-bottom border-1 h-100\">\n                Comissoli, Adriano            <\/div>\n        <\/div>\n        \n<\/div>\n        <\/div>\n            <div class=\"tab-pane fade  pt-3\" id=\"section-3f5c38a3-52f5-4d6e-8435-5f62a59f8830-outros-dados\" role=\"tabpanel\" aria-labelledby=\"section-3f5c38a3-52f5-4d6e-8435-5f62a59f8830-outros-dados-tab\">\n            <dl class=\"row\">\n    <dt class=\"col-12 col-md-3\">Publica\u00e7\u00e3o<\/dt>\n    <dd class=\"col-12 col-md-9\">\n        <dl class=\"row\">\n            <dt class=\"col-12 col-md-4\">Ano<\/dt>\n            <dd class=\"col-12 col-md-8\">2022<\/dd>\n            <dt class=\"col-12 col-md-4\">ISBN<\/dt>\n            <dd class=\"col-12 col-md-8\">9786557730386<\/dd>\n        <\/dl>\n    <\/dd>\n            <dt class=\"col-12 col-md-3\">Refer\u00eancia<\/dt>\n        <dd class=\"col-12 col-md-9\">COMISSOLI, Adriano et al. (Org.). Anais do II Congresso Internacional de Hist\u00f3ria da UFSM. Santa Maria\/RS: FACOS-UFSM. 2022. 2964 p.<\/dd>\n                <dt class=\"col-12 col-md-3\">Assuntos<\/dt>\n        <dd class=\"col-12 col-md-9\">Hist\u00f3ria;<br>Ensino;<br>Eventos;<br>Did\u00e1tica;<br>Metodologia;<br>Poder;<br>Cultura<\/dd>\n                <dt class=\"col-12 col-md-3\">Licen\u00e7a<\/dt>\n        <dd class=\"col-12 col-md-9\">\n            Acesso Aberto;<br>Attribution-NonCommercial-ShareAlike 4.0 International;<br><a target='_blank' href='http:\/\/creativecommons.org\/licenses\/by-nc-sa\/4.0\/'>http:\/\/creativecommons.org\/licenses\/by-nc-sa\/4.0\/<\/a>        <\/dd>\n        \n<\/dl>\n        <\/div>\n            <div class=\"tab-pane fade  pt-3\" id=\"section-3f5c38a3-52f5-4d6e-8435-5f62a59f8830-cnpq\" role=\"tabpanel\" aria-labelledby=\"section-3f5c38a3-52f5-4d6e-8435-5f62a59f8830-cnpq-tab\">\n            <dl class=\"row\">\n    <dt class=\"col-12 col-md-3\">Grande \u00e1rea<\/dt>\n    <dd class=\"col-12 col-md-9 text-capitalize\">ciencias humanas<\/dd>\n    \n            <dt class=\"col-12 col-md-3\">\u00c1rea<\/dt>\n        <dd class=\"col-12 col-md-9 text-capitalize\">historia<\/dd>\n        \n            \n    <\/dl>\n        <\/div>\n    <\/div>\n            <\/div>\n        <\/div>\n    <\/div>\n<\/div>\n\t\t<\/div>\n\t\t\t\t<\/div>\n\t\t\t\t<div class=\"elementor-element elementor-element-30bbfe53 elementor-widget elementor-widget-spacer\" data-id=\"30bbfe53\" data-element_type=\"widget\" data-widget_type=\"spacer.default\">\n\t\t\t\t<div class=\"elementor-widget-container\">\n\t\t\t\t\t<div class=\"elementor-spacer\">\n\t\t\t<div class=\"elementor-spacer-inner\"><\/div>\n\t\t<\/div>\n\t\t\t\t<\/div>\n\t\t\t\t<\/div>\n\t\t\t\t<div class=\"elementor-element elementor-element-6c59dde8 elementor-widget elementor-widget-wp-widget-ufsm_noticias_widget\" data-id=\"6c59dde8\" data-element_type=\"widget\" data-widget_type=\"wp-widget-ufsm_noticias_widget.default\">\n\t\t\t\t<div class=\"elementor-widget-container\">\n\t\t\t<h5 class='titulo-conteudos'>Publica\u00e7\u00f5es Relacionadas<\/h5><div class='widget-noticias-inside'>\n                        <div class=\"row\">\n                                    <div class=\"col-12 col-lg-3 pb-4\">\n                                            <div class=\"noticias-widget-wrap\" style=\"height: 280px; overflow: hidden;\">\n                            <a title=\"Anais 7 SENAFE e 3 SEINFE\" href=\"https:\/\/www.ufsm.br\/editoras\/facos\/anais-vii-senafe-e-iii-seinfe\">\n                                <span class=\"visually-hidden\">\n                                    Anais 7 SENAFE e 3 SEINFE                                <\/span>\n                                <div class=\"noticias-widget-thumbs h-100\">\n                                    <img decoding=\"async\" class=\"object-fit-cover h-100 w-100\" alt=\"\" srcset=\"https:\/\/www.ufsm.br\/app\/uploads\/sites\/746\/2025\/11\/Anais-Senafe-2024-212x300.jpg 212w, https:\/\/www.ufsm.br\/app\/uploads\/sites\/746\/2025\/11\/Anais-Senafe-2024-724x1024.jpg 724w, https:\/\/www.ufsm.br\/app\/uploads\/sites\/746\/2025\/11\/Anais-Senafe-2024-768x1086.jpg 768w, https:\/\/www.ufsm.br\/app\/uploads\/sites\/746\/2025\/11\/Anais-Senafe-2024-1086x1536.jpg 1086w, https:\/\/www.ufsm.br\/app\/uploads\/sites\/746\/2025\/11\/Anais-Senafe-2024-1448x2048.jpg 1448w, https:\/\/www.ufsm.br\/app\/uploads\/sites\/746\/2025\/11\/Anais-Senafe-2024-scaled.jpg 1810w\" src=\"https:\/\/www.ufsm.br\/app\/uploads\/sites\/746\/2025\/11\/Anais-Senafe-2024-724x1024.jpg\"><\/img>\n                                <\/div>\n                            <\/a>\n                        <\/div>\n                                        \n                                        \n                    \n                    <a class=\"noticias-widget-title d-block  m-0 \"  title=\"Anais VII SENAFE e III SEINFE\u00a0\" href=\"https:\/\/www.ufsm.br\/editoras\/facos\/anais-vii-senafe-e-iii-seinfe\">\n                                                Anais VII SENAFE e III SEINFE\u00a0                    <\/a>\n                    \n                    \n                                        \n                                        \n                                        <\/div>\n                                    <div class=\"col-12 col-lg-3 pb-4\">\n                                            <div class=\"noticias-widget-wrap\" style=\"height: 280px; overflow: hidden;\">\n                            <a title=\"Capa do ebook Filosofia e Educa\u00e7\u00e3o\" href=\"https:\/\/www.ufsm.br\/editoras\/facos\/filosofia-e-educacao-sustentabilidade-violencia-escolar-e-formacao-para-a-cidadania\">\n                                <span class=\"visually-hidden\">\n                                    Capa do ebook Filosofia e Educa\u00e7\u00e3o                                <\/span>\n                                <div class=\"noticias-widget-thumbs h-100\">\n                                    <img decoding=\"async\" class=\"object-fit-cover h-100 w-100\" alt=\"\" srcset=\"https:\/\/www.ufsm.br\/app\/uploads\/sites\/746\/2025\/11\/Filosofia-e-educacao-212x300.jpg 212w, https:\/\/www.ufsm.br\/app\/uploads\/sites\/746\/2025\/11\/Filosofia-e-educacao-724x1024.jpg 724w, https:\/\/www.ufsm.br\/app\/uploads\/sites\/746\/2025\/11\/Filosofia-e-educacao-768x1086.jpg 768w, https:\/\/www.ufsm.br\/app\/uploads\/sites\/746\/2025\/11\/Filosofia-e-educacao-1086x1536.jpg 1086w, https:\/\/www.ufsm.br\/app\/uploads\/sites\/746\/2025\/11\/Filosofia-e-educacao.jpg 1092w\" src=\"https:\/\/www.ufsm.br\/app\/uploads\/sites\/746\/2025\/11\/Filosofia-e-educacao-724x1024.jpg\"><\/img>\n                                <\/div>\n                            <\/a>\n                        <\/div>\n                                        \n                                        \n                    \n                    <a class=\"noticias-widget-title d-block  m-0 \"  title=\"Filosofia e educa\u00e7\u00e3o: sustentabilidade, viol\u00eancia escolar e forma\u00e7\u00e3o para a cidadania\" href=\"https:\/\/www.ufsm.br\/editoras\/facos\/filosofia-e-educacao-sustentabilidade-violencia-escolar-e-formacao-para-a-cidadania\">\n                                                Filosofia e educa\u00e7\u00e3o: sustentabilidade, viol\u00eancia escolar e forma\u00e7\u00e3o para a cidadania                    <\/a>\n                    \n                    \n                                        \n                                        \n                                        <\/div>\n                                    <div class=\"col-12 col-lg-3 pb-4\">\n                                            <div class=\"noticias-widget-wrap\" style=\"height: 280px; overflow: hidden;\">\n                            <a title=\"\" href=\"https:\/\/www.ufsm.br\/editoras\/facos\/reflexoes-sobre-o-medievo-v\">\n                                <span class=\"visually-hidden\">\n                                    Reflex\u00f5es sobre o medievo V                                <\/span>\n                                <div class=\"noticias-widget-thumbs h-100\">\n                                    <img decoding=\"async\" class=\"object-fit-cover h-100 w-100\" alt=\"\" srcset=\"https:\/\/www.ufsm.br\/app\/uploads\/sites\/746\/2022\/11\/V-Reflexoes-sobre-o-medievo-300x169.jpg 300w, https:\/\/www.ufsm.br\/app\/uploads\/sites\/746\/2022\/11\/V-Reflexoes-sobre-o-medievo-1024x576.jpg 1024w, https:\/\/www.ufsm.br\/app\/uploads\/sites\/746\/2022\/11\/V-Reflexoes-sobre-o-medievo-768x432.jpg 768w, https:\/\/www.ufsm.br\/app\/uploads\/sites\/746\/2022\/11\/V-Reflexoes-sobre-o-medievo.jpg 1200w\" src=\"https:\/\/www.ufsm.br\/app\/uploads\/sites\/746\/2022\/11\/V-Reflexoes-sobre-o-medievo-1024x576.jpg\"><\/img>\n                                <\/div>\n                            <\/a>\n                        <\/div>\n                                        \n                                        \n                    \n                    <a class=\"noticias-widget-title d-block  m-0 \"  title=\"Reflex\u00f5es sobre o medievo V\" href=\"https:\/\/www.ufsm.br\/editoras\/facos\/reflexoes-sobre-o-medievo-v\">\n                                                Reflex\u00f5es sobre o medievo V                    <\/a>\n                    \n                    \n                                        \n                                        \n                                        <\/div>\n                                    <div class=\"col-12 col-lg-3 pb-4\">\n                                            <div class=\"noticias-widget-wrap\" style=\"height: 280px; overflow: hidden;\">\n                            <a title=\"\" href=\"https:\/\/www.ufsm.br\/editoras\/facos\/anais-do-ii-congresso-internacional-de-historia-da-ufsm\">\n                                <span class=\"visually-hidden\">\n                                    Anais do II Congresso Internacional de Hist\u00f3ria da UFSM                                <\/span>\n                                <div class=\"noticias-widget-thumbs h-100\">\n                                    <img decoding=\"async\" class=\"object-fit-cover h-100 w-100\" alt=\"\" srcset=\"https:\/\/www.ufsm.br\/app\/uploads\/sites\/746\/2022\/03\/UFSM-Anais-do-CIHIS-1-capa-destaque-300x169.jpg 300w, https:\/\/www.ufsm.br\/app\/uploads\/sites\/746\/2022\/03\/UFSM-Anais-do-CIHIS-1-capa-destaque-1024x576.jpg 1024w, https:\/\/www.ufsm.br\/app\/uploads\/sites\/746\/2022\/03\/UFSM-Anais-do-CIHIS-1-capa-destaque-768x432.jpg 768w, https:\/\/www.ufsm.br\/app\/uploads\/sites\/746\/2022\/03\/UFSM-Anais-do-CIHIS-1-capa-destaque.jpg 1200w\" src=\"https:\/\/www.ufsm.br\/app\/uploads\/sites\/746\/2022\/03\/UFSM-Anais-do-CIHIS-1-capa-destaque-1024x576.jpg\"><\/img>\n                                <\/div>\n                            <\/a>\n                        <\/div>\n                                        \n                                        \n                    \n                    <a class=\"noticias-widget-title d-block  m-0 \"  title=\"Anais do II Congresso Internacional de Hist\u00f3ria da UFSM\" href=\"https:\/\/www.ufsm.br\/editoras\/facos\/anais-do-ii-congresso-internacional-de-historia-da-ufsm\">\n                                                Anais do II Congresso Internacional de Hist\u00f3ria da UFSM                    <\/a>\n                    \n                    \n                                        \n                                        \n                                        <\/div>\n                            <\/div>\n            <\/div>\n\t\t<\/div>\n\t\t\t\t<\/div>\n\t\t\t\t\t<\/div>\n\t\t<\/div>\n\t\t\t\t\t<\/div>\n\t\t<\/section>\n\t\t\t\t<\/div>\n\t\t","protected":false},"excerpt":{"rendered":"<p>Anais do II Congresso Internacional de Hist\u00f3ria da UFSM Adriano Comissoli et al. (organizadores)<\/p>\n","protected":false},"author":3829,"featured_media":347,"parent":0,"menu_order":0,"comment_status":"closed","ping_status":"closed","template":"","meta":{"footnotes":""},"categories":[140],"tags":[],"class_list":["post-345","page","type-page","status-publish","has-post-thumbnail","hentry","category-historia"],"acf":[],"_links":{"self":[{"href":"https:\/\/www.ufsm.br\/editoras\/facos\/wp-json\/wp\/v2\/pages\/345","targetHints":{"allow":["GET"]}}],"collection":[{"href":"https:\/\/www.ufsm.br\/editoras\/facos\/wp-json\/wp\/v2\/pages"}],"about":[{"href":"https:\/\/www.ufsm.br\/editoras\/facos\/wp-json\/wp\/v2\/types\/page"}],"author":[{"embeddable":true,"href":"https:\/\/www.ufsm.br\/editoras\/facos\/wp-json\/wp\/v2\/users\/3829"}],"replies":[{"embeddable":true,"href":"https:\/\/www.ufsm.br\/editoras\/facos\/wp-json\/wp\/v2\/comments?post=345"}],"version-history":[{"count":0,"href":"https:\/\/www.ufsm.br\/editoras\/facos\/wp-json\/wp\/v2\/pages\/345\/revisions"}],"wp:featuredmedia":[{"embeddable":true,"href":"https:\/\/www.ufsm.br\/editoras\/facos\/wp-json\/wp\/v2\/media\/347"}],"wp:attachment":[{"href":"https:\/\/www.ufsm.br\/editoras\/facos\/wp-json\/wp\/v2\/media?parent=345"}],"wp:term":[{"taxonomy":"category","embeddable":true,"href":"https:\/\/www.ufsm.br\/editoras\/facos\/wp-json\/wp\/v2\/categories?post=345"},{"taxonomy":"post_tag","embeddable":true,"href":"https:\/\/www.ufsm.br\/editoras\/facos\/wp-json\/wp\/v2\/tags?post=345"}],"curies":[{"name":"wp","href":"https:\/\/api.w.org\/{rel}","templated":true}]}}