{"id":393,"date":"2022-11-01T16:27:44","date_gmt":"2022-11-01T19:27:44","guid":{"rendered":"https:\/\/www.ufsm.br\/editoras\/facos\/?page_id=393"},"modified":"2022-11-01T16:31:34","modified_gmt":"2022-11-01T19:31:34","slug":"elementor-393","status":"publish","type":"page","link":"https:\/\/www.ufsm.br\/editoras\/facos\/elementor-393","title":{"rendered":"Elementor #393"},"content":{"rendered":"\t\t<div data-elementor-type=\"wp-page\" data-elementor-id=\"393\" class=\"elementor elementor-393\">\n\t\t\t\t\t\t<section class=\"elementor-section elementor-top-section elementor-element elementor-element-f87cb4d elementor-section-boxed elementor-section-height-default elementor-section-height-default\" data-id=\"f87cb4d\" data-element_type=\"section\">\n\t\t\t\t\t\t<div class=\"elementor-container elementor-column-gap-default\">\n\t\t\t\t\t<div class=\"elementor-column elementor-col-100 elementor-top-column elementor-element elementor-element-224f5fb\" data-id=\"224f5fb\" data-element_type=\"column\">\n\t\t\t<div class=\"elementor-widget-wrap elementor-element-populated\">\n\t\t\t\t\t\t<div class=\"elementor-element elementor-element-7a279fe elementor-widget elementor-widget-wp-widget-ufsm_manancial_ficha_apresentacao\" data-id=\"7a279fe\" data-element_type=\"widget\" data-widget_type=\"wp-widget-ufsm_manancial_ficha_apresentacao.default\">\n\t\t\t\t<div class=\"elementor-widget-container\">\n\t\t\t<div class=\"row g-0\">\n    <div class=\"col-12 col-lg-5\">\n        <div class=\"card rounded-0 bg-primary text-white\">\n                            <img decoding=\"async\" src=\"https:\/\/repositorio.ufsm.br\/bitstream\/handle\/1\/19971\/Minimanual.pdf.jpg\" class=\"img-fluid img-thumbnail mx-5 mt-5 mb-1\" >\n                        <div class=\"card-body bg-transparent-on-contraste ms-4 ps-4 me-3\">\n                <p class=\"card-title fs-5 lh-sm\">Minimanual para a cobertura jornal\u00edstica das mudan\u00e7as clim\u00e1ticas<\/p>\n                <div class=\"d-flex flex-wrap\">\n                    <a href=\"https:\/\/repositorio.ufsm.br\/handle\/1\/19971\" class=\"small link-light underline-on-hover me-3\" target=\"_blank\">\n                        <i class=\"fa fa-external-link me-1\" aria-hidden=\"true\"><\/i>\n                        Ver no Manancial\n                    <\/a>\n                                            <a href=\"https:\/\/repositorio.ufsm.br\/bitstream\/handle\/1\/19971\/Minimanual.pdf\" class=\"small link-light underline-on-hover\" target=\"_blank\">\n                            <i class=\"fa fa-file-pdf-o me-1\" aria-hidden=\"true\"><\/i>\n                            Ver o PDF\n                        <\/a>\n                                                        <\/div>\n            <\/div>\n        <\/div>\n    <\/div>\n    <div class=\"col-12 col-lg-7 d-flex\">\n        <div class=\"card rounded-0 rounded-end border-0 shadow w-100\">\n            <div class=\"card-body bg-transparent-on-contraste my-2 mx-3\">\n                <ul class=\"nav nav-pills justify-content-center\" id=\"94e12866-40f3-4cbc-97ab-a85c1f9b92e4\" role=\"tablist\">\n                    <li class=\"nav-item\" role=\"presentation\">\n            <button class=\"nav-link active\" id=\"section-94e12866-40f3-4cbc-97ab-a85c1f9b92e4-resumo-tab\" data-bs-toggle=\"tab\" data-bs-target=\"#section-94e12866-40f3-4cbc-97ab-a85c1f9b92e4-resumo\" type=\"button\" role=\"tab\" aria-controls=\"section-94e12866-40f3-4cbc-97ab-a85c1f9b92e4-resumo\"  aria-selected=\"true\" >Resumo<\/button>\n        <\/li>\n                    <li class=\"nav-item\" role=\"presentation\">\n            <button class=\"nav-link \" id=\"section-94e12866-40f3-4cbc-97ab-a85c1f9b92e4-organizacao-tab\" data-bs-toggle=\"tab\" data-bs-target=\"#section-94e12866-40f3-4cbc-97ab-a85c1f9b92e4-organizacao\" type=\"button\" role=\"tab\" aria-controls=\"section-94e12866-40f3-4cbc-97ab-a85c1f9b92e4-organizacao\" >Organiza\u00e7\u00e3o<\/button>\n        <\/li>\n                    <li class=\"nav-item\" role=\"presentation\">\n            <button class=\"nav-link \" id=\"section-94e12866-40f3-4cbc-97ab-a85c1f9b92e4-autoria-tab\" data-bs-toggle=\"tab\" data-bs-target=\"#section-94e12866-40f3-4cbc-97ab-a85c1f9b92e4-autoria\" type=\"button\" role=\"tab\" aria-controls=\"section-94e12866-40f3-4cbc-97ab-a85c1f9b92e4-autoria\" >Autoria<\/button>\n        <\/li>\n                    <li class=\"nav-item\" role=\"presentation\">\n            <button class=\"nav-link \" id=\"section-94e12866-40f3-4cbc-97ab-a85c1f9b92e4-outros-dados-tab\" data-bs-toggle=\"tab\" data-bs-target=\"#section-94e12866-40f3-4cbc-97ab-a85c1f9b92e4-outros-dados\" type=\"button\" role=\"tab\" aria-controls=\"section-94e12866-40f3-4cbc-97ab-a85c1f9b92e4-outros-dados\" >Dados da Obra<\/button>\n        <\/li>\n                    <li class=\"nav-item\" role=\"presentation\">\n            <button class=\"nav-link \" id=\"section-94e12866-40f3-4cbc-97ab-a85c1f9b92e4-cnpq-tab\" data-bs-toggle=\"tab\" data-bs-target=\"#section-94e12866-40f3-4cbc-97ab-a85c1f9b92e4-cnpq\" type=\"button\" role=\"tab\" aria-controls=\"section-94e12866-40f3-4cbc-97ab-a85c1f9b92e4-cnpq\" >CNPq<\/button>\n        <\/li>\n    <\/ul>\n<div class=\"tab-content\" id=\"94e12866-40f3-4cbc-97ab-a85c1f9b92e4Content\">\n            <div class=\"tab-pane fade show active pt-3\" id=\"section-94e12866-40f3-4cbc-97ab-a85c1f9b92e4-resumo\" role=\"tabpanel\" aria-labelledby=\"section-94e12866-40f3-4cbc-97ab-a85c1f9b92e4-resumo-tab\">\n            Os Grupos de Pesquisa Estudos de Jornalismo (UFSM) e Jornalismo Ambiental (UFRGS), ambos certificados pelo Conselho Nacional de Desenvolvimento Cient\u00edfico e Tecnol\u00f3gico (CNPq), elaboraram este Minimanual que visa a oferecer subs\u00eddios para uma cobertura mais qualificada a jornalistas e estudantes de jornalismo sobre a cobertura das mudan\u00e7as clim\u00e1ticas. A ideia surgiu a partir do documento \u201cLos Medios de Comunicaci\u00f3n y el Cambio Clim\u00e1tico\u201d, que cont\u00e9m o Dec\u00e1logo sobre el Cambio Clim\u00e1tico, elaborado pela Fundaci\u00f3n Ecolog\u00eda y Desarrollo (ECODES) e pelo Grupo de Investigaci\u00f3n Mediaci\u00f3n Dial\u00e9ctica de la Comunicaci\u00f3n Social da Universidad Complutense de Madrid (Espanha), parceiro do Programa de P\u00f3s-Gradua\u00e7\u00e3o em Comunica\u00e7\u00e3o da UFSM no Programa da CAPES PrInt.        <\/div>\n            <div class=\"tab-pane fade  pt-3\" id=\"section-94e12866-40f3-4cbc-97ab-a85c1f9b92e4-organizacao\" role=\"tabpanel\" aria-labelledby=\"section-94e12866-40f3-4cbc-97ab-a85c1f9b92e4-organizacao-tab\">\n            <div class=\"row row-cols-1 row-cols-md-2\">\n            <div class=\"col p-1\">\n            <div class=\"border-bottom border-1 h-100\">\n                Amaral, M\u00e1rcia Franz            <\/div>\n        <\/div>\n            <div class=\"col p-1\">\n            <div class=\"border-bottom border-1 h-100\">\n                Loose, Elo\u00edsa Beling            <\/div>\n        <\/div>\n            <div class=\"col p-1\">\n            <div class=\"border-bottom border-1 h-100\">\n                Girardi, Ilza Maria Tourinho            <\/div>\n        <\/div>\n        \n<\/div>\n        <\/div>\n            <div class=\"tab-pane fade  pt-3\" id=\"section-94e12866-40f3-4cbc-97ab-a85c1f9b92e4-autoria\" role=\"tabpanel\" aria-labelledby=\"section-94e12866-40f3-4cbc-97ab-a85c1f9b92e4-autoria-tab\">\n            <div class=\"row row-cols-1 row-cols-md-2\">\n            <div class=\"col p-1\">\n            <div class=\"border-bottom border-1 h-100\">\n                Amaral, M\u00e1rcia Franz            <\/div>\n        <\/div>\n        \n<\/div>\n        <\/div>\n            <div class=\"tab-pane fade  pt-3\" id=\"section-94e12866-40f3-4cbc-97ab-a85c1f9b92e4-outros-dados\" role=\"tabpanel\" aria-labelledby=\"section-94e12866-40f3-4cbc-97ab-a85c1f9b92e4-outros-dados-tab\">\n            <dl class=\"row\">\n    <dt class=\"col-12 col-md-3\">Publica\u00e7\u00e3o<\/dt>\n    <dd class=\"col-12 col-md-9\">\n        <dl class=\"row\">\n            <dt class=\"col-12 col-md-4\">Ano<\/dt>\n            <dd class=\"col-12 col-md-8\">2020<\/dd>\n            <dt class=\"col-12 col-md-4\">ISBN<\/dt>\n            <dd class=\"col-12 col-md-8\">978-85-8384-103-6<\/dd>\n        <\/dl>\n    <\/dd>\n            <dt class=\"col-12 col-md-3\">Refer\u00eancia<\/dt>\n        <dd class=\"col-12 col-md-9\">AMARAL, M\u00e1rcia Franz; LOOSE, Elo\u00edsa Beling; GIRARDI, Ilza Maria Tourinho (orgs). Minimanual para a cobertura jornal\u00edstica das mudan\u00e7as clim\u00e1ticas [recurso eletr\u00f4nico], 1. ed., Santa Maria: FACOS-UFSM, 2020.<\/dd>\n                <dt class=\"col-12 col-md-3\">Assuntos<\/dt>\n        <dd class=\"col-12 col-md-9\">Jornalismo;<br>Jornalismo ambiental;<br>Meio ambiente;<br>Mudan\u00e7as clim\u00e1ticas<\/dd>\n                <dt class=\"col-12 col-md-3\">Licen\u00e7a<\/dt>\n        <dd class=\"col-12 col-md-9\">\n            Acesso Aberto;<br>Attribution-NonCommercial-ShareAlike 4.0 International;<br><a target='_blank' href='http:\/\/creativecommons.org\/licenses\/by-nc-sa\/4.0\/'>http:\/\/creativecommons.org\/licenses\/by-nc-sa\/4.0\/<\/a>        <\/dd>\n        \n<\/dl>\n        <\/div>\n            <div class=\"tab-pane fade  pt-3\" id=\"section-94e12866-40f3-4cbc-97ab-a85c1f9b92e4-cnpq\" role=\"tabpanel\" aria-labelledby=\"section-94e12866-40f3-4cbc-97ab-a85c1f9b92e4-cnpq-tab\">\n            <dl class=\"row\">\n    <dt class=\"col-12 col-md-3\">Grande \u00e1rea<\/dt>\n    <dd class=\"col-12 col-md-9 text-capitalize\">ciencias sociais aplicadas<\/dd>\n    \n            <dt class=\"col-12 col-md-3\">\u00c1rea<\/dt>\n        <dd class=\"col-12 col-md-9 text-capitalize\">comunicacao<\/dd>\n        \n                    <dt class=\"col-12 col-md-3\">Sub\u00e1rea<\/dt>\n            <dd class=\"col-12 col-md-9 text-capitalize\">jornalismo e editoracao<\/dd>\n            \n                    \n            \n    <\/dl>\n        <\/div>\n    <\/div>\n            <\/div>\n        <\/div>\n    <\/div>\n<\/div>\n\t\t<\/div>\n\t\t\t\t<\/div>\n\t\t\t\t\t<\/div>\n\t\t<\/div>\n\t\t\t\t\t<\/div>\n\t\t<\/section>\n\t\t\t\t<\/div>\n\t\t","protected":false},"excerpt":{"rendered":"","protected":false},"author":68,"featured_media":0,"parent":0,"menu_order":0,"comment_status":"closed","ping_status":"closed","template":"","meta":{"footnotes":""},"categories":[],"tags":[],"class_list":["post-393","page","type-page","status-publish","hentry"],"acf":[],"_links":{"self":[{"href":"https:\/\/www.ufsm.br\/editoras\/facos\/wp-json\/wp\/v2\/pages\/393","targetHints":{"allow":["GET"]}}],"collection":[{"href":"https:\/\/www.ufsm.br\/editoras\/facos\/wp-json\/wp\/v2\/pages"}],"about":[{"href":"https:\/\/www.ufsm.br\/editoras\/facos\/wp-json\/wp\/v2\/types\/page"}],"author":[{"embeddable":true,"href":"https:\/\/www.ufsm.br\/editoras\/facos\/wp-json\/wp\/v2\/users\/68"}],"replies":[{"embeddable":true,"href":"https:\/\/www.ufsm.br\/editoras\/facos\/wp-json\/wp\/v2\/comments?post=393"}],"version-history":[{"count":0,"href":"https:\/\/www.ufsm.br\/editoras\/facos\/wp-json\/wp\/v2\/pages\/393\/revisions"}],"wp:attachment":[{"href":"https:\/\/www.ufsm.br\/editoras\/facos\/wp-json\/wp\/v2\/media?parent=393"}],"wp:term":[{"taxonomy":"category","embeddable":true,"href":"https:\/\/www.ufsm.br\/editoras\/facos\/wp-json\/wp\/v2\/categories?post=393"},{"taxonomy":"post_tag","embeddable":true,"href":"https:\/\/www.ufsm.br\/editoras\/facos\/wp-json\/wp\/v2\/tags?post=393"}],"curies":[{"name":"wp","href":"https:\/\/api.w.org\/{rel}","templated":true}]}}