{"id":40,"date":"2019-09-04T14:22:59","date_gmt":"2019-09-04T17:22:59","guid":{"rendered":"https:\/\/www.ufsm.br\/editoras\/facos\/?page_id=40"},"modified":"2020-08-28T17:47:56","modified_gmt":"2020-08-28T20:47:56","slug":"informacoes-gerais","status":"publish","type":"page","link":"https:\/\/www.ufsm.br\/editoras\/facos\/informacoes-gerais","title":{"rendered":"Sobre"},"content":{"rendered":"\n<p>A FACOS-UFSM \u00e9 uma editora universit\u00e1ria, sem fins lucrativos, voltada ao apoio \u00e0 autopublica\u00e7\u00e3o cient\u00edfica produzida no \u00e2mbito da Universidade Federal de Santa Maria e institui\u00e7\u00f5es parceiras. Adepta ao modelo Open Access e pelas diretrizes da Creative Commons as obras editadas n\u00e3o s\u00e3o comerciais e fomentam a circula\u00e7\u00e3o de saberes. Institucionalmente, est\u00e1 vinculada ao Programa de P\u00f3s-Gradua\u00e7\u00e3o em Comunica\u00e7\u00e3o e ao curso de Comunica\u00e7\u00e3o Social \u2013 Produ\u00e7\u00e3o Editorial da Universidade Federal de Santa Maria.\u00a0<\/p>\n<p>Criada em 2003, a editora j\u00e1 publicou, aproximadamente, 200 t\u00edtulos. Os livros publicados pela editora FACOS-UFSM abrangem, em maioria, a \u00e1rea de Ci\u00eancias da Comunica\u00e7\u00e3o, com espa\u00e7o para o di\u00e1logo com campos como arquivologia, artes, m\u00eddia, hist\u00f3ria, educa\u00e7\u00e3o e aprendizagem. Al\u00e9m de publica\u00e7\u00f5es cient\u00edficas, acolhe obras resultantes de eventos acad\u00eamicos, de projetos de ensino e extens\u00e3o coordenados por docentes e t\u00e9cnicos administrativos em educa\u00e7\u00e3o da Universidade Federal de Santa Maria. A pluralidade refor\u00e7a o papel da editora em fazer circular e promover a difus\u00e3o do conhecimento a p\u00fablicos diversos.<\/p>\n<p>A presen\u00e7a digital da editora condiz com as din\u00e2micas de consumo e acesso aos bens culturais contempor\u00e2neos. Em seu site, a editora busca disponibilizar e-books da \u00e1rea de Comunica\u00e7\u00e3o e demais \u00e1reas do conhecimento com acesso aberto e livre. A manuten\u00e7\u00e3o e preserva\u00e7\u00e3o das obras em ambiente digital s\u00e3o viabilizadas pela incorpora\u00e7\u00e3o da <a href=\"https:\/\/repositorio.ufsm.br\/handle\/1\/19491\">Cole\u00e7\u00e3o FACOS-UFSM no Manancial &#8211; Reposit\u00f3rio Digital da UFSM<\/a>, o qual utiliza a vers\u00e3o 4.1 do software DSpace e faz parte do sistema de Bibliotecas da institui\u00e7\u00e3o.<\/p>\n","protected":false},"excerpt":{"rendered":"<p>A FACOS-UFSM \u00e9 uma editora universit\u00e1ria, sem fins lucrativos, voltada ao apoio \u00e0 autopublica\u00e7\u00e3o cient\u00edfica produzida no \u00e2mbito da Universidade Federal de Santa Maria e institui\u00e7\u00f5es parceiras. Adepta ao modelo Open Access e pelas diretrizes da Creative Commons as obras editadas n\u00e3o s\u00e3o comerciais e fomentam a circula\u00e7\u00e3o de saberes. Institucionalmente, est\u00e1 vinculada ao Programa [&hellip;]<\/p>\n","protected":false},"author":115,"featured_media":0,"parent":0,"menu_order":0,"comment_status":"closed","ping_status":"closed","template":"","meta":{"footnotes":""},"categories":[],"tags":[],"class_list":["post-40","page","type-page","status-publish","hentry"],"acf":[],"_links":{"self":[{"href":"https:\/\/www.ufsm.br\/editoras\/facos\/wp-json\/wp\/v2\/pages\/40","targetHints":{"allow":["GET"]}}],"collection":[{"href":"https:\/\/www.ufsm.br\/editoras\/facos\/wp-json\/wp\/v2\/pages"}],"about":[{"href":"https:\/\/www.ufsm.br\/editoras\/facos\/wp-json\/wp\/v2\/types\/page"}],"author":[{"embeddable":true,"href":"https:\/\/www.ufsm.br\/editoras\/facos\/wp-json\/wp\/v2\/users\/115"}],"replies":[{"embeddable":true,"href":"https:\/\/www.ufsm.br\/editoras\/facos\/wp-json\/wp\/v2\/comments?post=40"}],"version-history":[{"count":0,"href":"https:\/\/www.ufsm.br\/editoras\/facos\/wp-json\/wp\/v2\/pages\/40\/revisions"}],"wp:attachment":[{"href":"https:\/\/www.ufsm.br\/editoras\/facos\/wp-json\/wp\/v2\/media?parent=40"}],"wp:term":[{"taxonomy":"category","embeddable":true,"href":"https:\/\/www.ufsm.br\/editoras\/facos\/wp-json\/wp\/v2\/categories?post=40"},{"taxonomy":"post_tag","embeddable":true,"href":"https:\/\/www.ufsm.br\/editoras\/facos\/wp-json\/wp\/v2\/tags?post=40"}],"curies":[{"name":"wp","href":"https:\/\/api.w.org\/{rel}","templated":true}]}}