{"id":409,"date":"2022-11-18T15:16:53","date_gmt":"2022-11-18T18:16:53","guid":{"rendered":"https:\/\/www.ufsm.br\/editoras\/facos\/?page_id=409"},"modified":"2024-02-12T17:02:55","modified_gmt":"2024-02-12T20:02:55","slug":"reflexoes-sobre-o-medievo-v","status":"publish","type":"page","link":"https:\/\/www.ufsm.br\/editoras\/facos\/reflexoes-sobre-o-medievo-v","title":{"rendered":"Reflex\u00f5es sobre o medievo V"},"content":{"rendered":"\t\t<div data-elementor-type=\"wp-page\" data-elementor-id=\"409\" class=\"elementor elementor-409\">\n\t\t\t\t\t\t<section class=\"elementor-section elementor-top-section elementor-element elementor-element-db1be9b elementor-section-boxed elementor-section-height-default elementor-section-height-default\" data-id=\"db1be9b\" data-element_type=\"section\">\n\t\t\t\t\t\t<div class=\"elementor-container elementor-column-gap-default\">\n\t\t\t\t\t<div class=\"elementor-column elementor-col-100 elementor-top-column elementor-element elementor-element-8486e56\" data-id=\"8486e56\" data-element_type=\"column\">\n\t\t\t<div class=\"elementor-widget-wrap elementor-element-populated\">\n\t\t\t\t\t\t<div class=\"elementor-element elementor-element-716a821 elementor-widget elementor-widget-wp-widget-ufsm_manancial_ficha_apresentacao\" data-id=\"716a821\" data-element_type=\"widget\" data-widget_type=\"wp-widget-ufsm_manancial_ficha_apresentacao.default\">\n\t\t\t\t<div class=\"elementor-widget-container\">\n\t\t\t<div class=\"row g-0\">\n    <div class=\"col-12 col-lg-5\">\n        <div class=\"card rounded-0 bg-primary text-white\">\n                            <img decoding=\"async\" src=\"https:\/\/repositorio.ufsm.br\/bitstream\/handle\/1\/26711\/V Reflex\u00f5es sobre o medievo-CAPA.png\" class=\"img-fluid img-thumbnail mx-5 mt-5 mb-1\" >\n                        <div class=\"card-body bg-transparent-on-contraste ms-4 ps-4 me-3\">\n                <p class=\"card-title fs-5 lh-sm\">Reflex\u00f5es sobre o medievo V<\/p>\n                <div class=\"d-flex flex-wrap\">\n                    <a href=\"https:\/\/repositorio.ufsm.br\/handle\/1\/26711\" class=\"small link-light underline-on-hover me-3\" target=\"_blank\">\n                        <i class=\"fa fa-external-link me-1\" aria-hidden=\"true\"><\/i>\n                        Ver no Manancial\n                    <\/a>\n                                            <a href=\"https:\/\/repositorio.ufsm.br\/bitstream\/handle\/1\/26711\/V Reflex\u00f5es sobre o medievo.pdf\" class=\"small link-light underline-on-hover\" target=\"_blank\">\n                            <i class=\"fa fa-file-pdf-o me-1\" aria-hidden=\"true\"><\/i>\n                            Ver o PDF\n                        <\/a>\n                                                        <\/div>\n            <\/div>\n        <\/div>\n    <\/div>\n    <div class=\"col-12 col-lg-7 d-flex\">\n        <div class=\"card rounded-0 rounded-end border-0 shadow w-100\">\n            <div class=\"card-body bg-transparent-on-contraste my-2 mx-3\">\n                <ul class=\"nav nav-pills justify-content-center\" id=\"63869367-9357-4058-a29f-d6f076db3be1\" role=\"tablist\">\n                    <li class=\"nav-item\" role=\"presentation\">\n            <button class=\"nav-link active\" id=\"section-63869367-9357-4058-a29f-d6f076db3be1-resumo-tab\" data-bs-toggle=\"tab\" data-bs-target=\"#section-63869367-9357-4058-a29f-d6f076db3be1-resumo\" type=\"button\" role=\"tab\" aria-controls=\"section-63869367-9357-4058-a29f-d6f076db3be1-resumo\"  aria-selected=\"true\" >Resumo<\/button>\n        <\/li>\n                    <li class=\"nav-item\" role=\"presentation\">\n            <button class=\"nav-link \" id=\"section-63869367-9357-4058-a29f-d6f076db3be1-organizacao-tab\" data-bs-toggle=\"tab\" data-bs-target=\"#section-63869367-9357-4058-a29f-d6f076db3be1-organizacao\" type=\"button\" role=\"tab\" aria-controls=\"section-63869367-9357-4058-a29f-d6f076db3be1-organizacao\" >Organiza\u00e7\u00e3o<\/button>\n        <\/li>\n                    <li class=\"nav-item\" role=\"presentation\">\n            <button class=\"nav-link \" id=\"section-63869367-9357-4058-a29f-d6f076db3be1-autoria-tab\" data-bs-toggle=\"tab\" data-bs-target=\"#section-63869367-9357-4058-a29f-d6f076db3be1-autoria\" type=\"button\" role=\"tab\" aria-controls=\"section-63869367-9357-4058-a29f-d6f076db3be1-autoria\" >Autoria<\/button>\n        <\/li>\n                    <li class=\"nav-item\" role=\"presentation\">\n            <button class=\"nav-link \" id=\"section-63869367-9357-4058-a29f-d6f076db3be1-outros-dados-tab\" data-bs-toggle=\"tab\" data-bs-target=\"#section-63869367-9357-4058-a29f-d6f076db3be1-outros-dados\" type=\"button\" role=\"tab\" aria-controls=\"section-63869367-9357-4058-a29f-d6f076db3be1-outros-dados\" >Dados da Obra<\/button>\n        <\/li>\n                    <li class=\"nav-item\" role=\"presentation\">\n            <button class=\"nav-link \" id=\"section-63869367-9357-4058-a29f-d6f076db3be1-cnpq-tab\" data-bs-toggle=\"tab\" data-bs-target=\"#section-63869367-9357-4058-a29f-d6f076db3be1-cnpq\" type=\"button\" role=\"tab\" aria-controls=\"section-63869367-9357-4058-a29f-d6f076db3be1-cnpq\" >CNPq<\/button>\n        <\/li>\n    <\/ul>\n<div class=\"tab-content\" id=\"63869367-9357-4058-a29f-d6f076db3be1Content\">\n            <div class=\"tab-pane fade show active pt-3\" id=\"section-63869367-9357-4058-a29f-d6f076db3be1-resumo\" role=\"tabpanel\" aria-labelledby=\"section-63869367-9357-4058-a29f-d6f076db3be1-resumo-tab\">\n            O quinto volume do \"Reflex\u00f5es sobre o medievo\" \u00e9 fruto direto da quinta edi\u00e7\u00e3o do Encontro Estadual de Estudos Medievais, organizado pelo Grupo de Trabalhos de Estudos Medievais \u00e9 filiado \u00e0 Associa\u00e7\u00e3o Nacional de Hist\u00f3ria\/N\u00facleo Rio Grande do Sul (ANPUH-RS). Os textos tratam dos mais diversos assuntos, como o catarismo, o diabo no pensamento medieval, \u00c1frica e Idade M\u00e9dia, recep\u00e7\u00f5es do medievo, mundo isl\u00e2mico e mais assuntos muito importantes para pensarmos o medievo e mesmo os renascimentos dos s\u00e9culos XV e XVI. Essa obra \u00e9 mais uma contribui\u00e7\u00e3o de pesquisadores em v\u00e1rios est\u00e1gios da carreira que acreditamos trazer aportes importantes para o campo dos estudos medievais e dos renascimentos.        <\/div>\n            <div class=\"tab-pane fade  pt-3\" id=\"section-63869367-9357-4058-a29f-d6f076db3be1-organizacao\" role=\"tabpanel\" aria-labelledby=\"section-63869367-9357-4058-a29f-d6f076db3be1-organizacao-tab\">\n            <div class=\"row row-cols-1 row-cols-md-2\">\n            <div class=\"col p-1\">\n            <div class=\"border-bottom border-1 h-100\">\n                Flores, Paula dos Santos            <\/div>\n        <\/div>\n            <div class=\"col p-1\">\n            <div class=\"border-bottom border-1 h-100\">\n                Mendon\u00e7a J\u00fanior, Francisco de Paula Souza de            <\/div>\n        <\/div>\n        \n<\/div>\n        <\/div>\n            <div class=\"tab-pane fade  pt-3\" id=\"section-63869367-9357-4058-a29f-d6f076db3be1-autoria\" role=\"tabpanel\" aria-labelledby=\"section-63869367-9357-4058-a29f-d6f076db3be1-autoria-tab\">\n            <div class=\"tab-content\" id=\"1775525870Content\">\n            <div class=\"tab-pane fade show active pt-3\" id=\"section-1775525870-0\" role=\"tabpanel\" aria-labelledby=\"section-1775525870-0-tab\">\n            <div class=\"row row-cols-1 row-cols-md-2\">\n            <div class=\"col p-1\">\n            <div class=\"border-bottom border-1 h-100\">\n                Mendon\u00e7a J\u00fanior, Francisco de Paula Souza de            <\/div>\n        <\/div>\n            <div class=\"col p-1\">\n            <div class=\"border-bottom border-1 h-100\">\n                Flores, Paula dos Santos            <\/div>\n        <\/div>\n            <div class=\"col p-1\">\n            <div class=\"border-bottom border-1 h-100\">\n                Cardoso, Adrienne Peixoto            <\/div>\n        <\/div>\n            <div class=\"col p-1\">\n            <div class=\"border-bottom border-1 h-100\">\n                Sousa, Beatriz Nogueira de            <\/div>\n        <\/div>\n            <div class=\"col p-1\">\n            <div class=\"border-bottom border-1 h-100\">\n                Malacarne, Cassiano            <\/div>\n        <\/div>\n            <div class=\"col p-1\">\n            <div class=\"border-bottom border-1 h-100\">\n                Santos, Domingos Dutra dos            <\/div>\n        <\/div>\n            <div class=\"col p-1\">\n            <div class=\"border-bottom border-1 h-100\">\n                Gomes, Guilherme Aguiar            <\/div>\n        <\/div>\n            <div class=\"col p-1\">\n            <div class=\"border-bottom border-1 h-100\">\n                Silva, Gabriela Pereira da            <\/div>\n        <\/div>\n            <div class=\"col p-1\">\n            <div class=\"border-bottom border-1 h-100\">\n                Santos, Guilherme Barbosa dos            <\/div>\n        <\/div>\n            <div class=\"col p-1\">\n            <div class=\"border-bottom border-1 h-100\">\n                Lacerda, L\u00e9o Ara\u00fajo            <\/div>\n        <\/div>\n            <div class=\"col p-1\">\n            <div class=\"border-bottom border-1 h-100\">\n                Alves, Let\u00edcia Herculano da Silva            <\/div>\n        <\/div>\n            <div class=\"col p-1\">\n            <div class=\"border-bottom border-1 h-100\">\n                Morais, Luan Lucas A.            <\/div>\n        <\/div>\n            <div class=\"col p-1\">\n            <div class=\"border-bottom border-1 h-100\">\n                Lima, Maristela Rodrigues            <\/div>\n        <\/div>\n            <div class=\"col p-1\">\n            <div class=\"border-bottom border-1 h-100\">\n                Campos, Matheus de Paula            <\/div>\n        <\/div>\n            <div class=\"col p-1\">\n            <div class=\"border-bottom border-1 h-100\">\n                Gon\u00e7alves, Patrik Madruga            <\/div>\n        <\/div>\n            <div class=\"col p-1\">\n            <div class=\"border-bottom border-1 h-100\">\n                Trindade Junior, Ramiro Paim            <\/div>\n        <\/div>\n        \n<\/div>\n        <\/div>\n            <div class=\"tab-pane fade  pt-3\" id=\"section-1775525870-1\" role=\"tabpanel\" aria-labelledby=\"section-1775525870-1-tab\">\n            <div class=\"row row-cols-1 row-cols-md-2\">\n            <div class=\"col p-1\">\n            <div class=\"border-bottom border-1 h-100\">\n                Siqueira, Saymon da Silva            <\/div>\n        <\/div>\n            <div class=\"col p-1\">\n            <div class=\"border-bottom border-1 h-100\">\n                Rui, Adailson Jos\u00e9            <\/div>\n        <\/div>\n            <div class=\"col p-1\">\n            <div class=\"border-bottom border-1 h-100\">\n                Cerentini, Vinicius Silveira            <\/div>\n        <\/div>\n            <div class=\"col p-1\">\n            <div class=\"border-bottom border-1 h-100\">\n                Ramos, Vit\u00f3ria de Sant'Ana Amorim            <\/div>\n        <\/div>\n        \n<\/div>\n        <\/div>\n    <\/div>\n<ul class=\"nav nav-pills justify-content-end\" id=\"1775525870\" role=\"tablist\">\n                    <li class=\"nav-item\" role=\"presentation\">\n            <button class=\"nav-link active\" id=\"section-1775525870-0-tab\" data-bs-toggle=\"tab\" data-bs-target=\"#section-1775525870-0\" type=\"button\" role=\"tab\" aria-controls=\"section-1775525870-0\"  aria-selected=\"true\" >1<\/button>\n        <\/li>\n                    <li class=\"nav-item\" role=\"presentation\">\n            <button class=\"nav-link \" id=\"section-1775525870-1-tab\" data-bs-toggle=\"tab\" data-bs-target=\"#section-1775525870-1\" type=\"button\" role=\"tab\" aria-controls=\"section-1775525870-1\" >2<\/button>\n        <\/li>\n    <\/ul>\n        <\/div>\n            <div class=\"tab-pane fade  pt-3\" id=\"section-63869367-9357-4058-a29f-d6f076db3be1-outros-dados\" role=\"tabpanel\" aria-labelledby=\"section-63869367-9357-4058-a29f-d6f076db3be1-outros-dados-tab\">\n            <dl class=\"row\">\n    <dt class=\"col-12 col-md-3\">Publica\u00e7\u00e3o<\/dt>\n    <dd class=\"col-12 col-md-9\">\n        <dl class=\"row\">\n            <dt class=\"col-12 col-md-4\">Ano<\/dt>\n            <dd class=\"col-12 col-md-8\">2022<\/dd>\n            <dt class=\"col-12 col-md-4\">ISBN<\/dt>\n            <dd class=\"col-12 col-md-8\">9786557730423<\/dd>\n        <\/dl>\n    <\/dd>\n            <dt class=\"col-12 col-md-3\">Refer\u00eancia<\/dt>\n        <dd class=\"col-12 col-md-9\">MENDON\u00c7A J\u00daNIOR, F. de P. S. de; FLORES, P. dos S (Orgs.). Reflex\u00f5es sobre o medievo V. Santa Maria\/RS: FACOS-UFSM, 2022. 154 p. (Recurso eletr\u00f4nico)<\/dd>\n                <dt class=\"col-12 col-md-3\">Assuntos<\/dt>\n        <dd class=\"col-12 col-md-9\">Hist\u00f3ria medieval;<br>Estudos medievais<\/dd>\n                <dt class=\"col-12 col-md-3\">Licen\u00e7a<\/dt>\n        <dd class=\"col-12 col-md-9\">\n            Acesso Aberto;<br><a target='_blank' href='http:\/\/creativecommons.org\/licenses\/by-nc-nd\/4.0\/'>http:\/\/creativecommons.org\/licenses\/by-nc-nd\/4.0\/<\/a>        <\/dd>\n        \n<\/dl>\n        <\/div>\n            <div class=\"tab-pane fade  pt-3\" id=\"section-63869367-9357-4058-a29f-d6f076db3be1-cnpq\" role=\"tabpanel\" aria-labelledby=\"section-63869367-9357-4058-a29f-d6f076db3be1-cnpq-tab\">\n            <dl class=\"row\">\n    <dt class=\"col-12 col-md-3\">Grande \u00e1rea<\/dt>\n    <dd class=\"col-12 col-md-9 text-capitalize\">ciencias humanas<\/dd>\n    \n            <dt class=\"col-12 col-md-3\">\u00c1rea<\/dt>\n        <dd class=\"col-12 col-md-9 text-capitalize\">historia<\/dd>\n        \n                    <dt class=\"col-12 col-md-3\">Sub\u00e1rea<\/dt>\n            <dd class=\"col-12 col-md-9 text-capitalize\">historia antiga e medieval<\/dd>\n            \n                    \n            \n    <\/dl>\n        <\/div>\n    <\/div>\n            <\/div>\n        <\/div>\n    <\/div>\n<\/div>\n\t\t<\/div>\n\t\t\t\t<\/div>\n\t\t\t\t<div class=\"elementor-element elementor-element-1765b09 elementor-widget elementor-widget-spacer\" data-id=\"1765b09\" data-element_type=\"widget\" data-widget_type=\"spacer.default\">\n\t\t\t\t<div class=\"elementor-widget-container\">\n\t\t\t\t\t<div class=\"elementor-spacer\">\n\t\t\t<div class=\"elementor-spacer-inner\"><\/div>\n\t\t<\/div>\n\t\t\t\t<\/div>\n\t\t\t\t<\/div>\n\t\t\t\t<div class=\"elementor-element elementor-element-71774ab elementor-widget elementor-widget-wp-widget-ufsm_noticias_widget\" data-id=\"71774ab\" data-element_type=\"widget\" data-widget_type=\"wp-widget-ufsm_noticias_widget.default\">\n\t\t\t\t<div class=\"elementor-widget-container\">\n\t\t\t<h5 class='titulo-conteudos'>Publica\u00e7\u00f5es Relacionadas<\/h5><div class='widget-noticias-inside'>\n                        <div class=\"row\">\n                                    <div class=\"col-12 col-lg-12 pb-4\">\n                                        \n                                        \n                    \n                    <a class=\"noticias-widget-title d-block \"  title=\"Concurso liter\u00e1rio \u201cAs lembran\u00e7as que eu tenho da UFSM\/FW\u201d: Edi\u00e7\u00f5es 2023 e 2024\" href=\"https:\/\/www.ufsm.br\/editoras\/facos\/concurso-literario-as-lembrancas-que-eu-tenho-da-ufsm-fw-edicoes-2023-e-2024\">\n                                                Concurso liter\u00e1rio \u201cAs lembran\u00e7as que eu tenho da UFSM\/FW\u201d: Edi\u00e7\u00f5es 2023 e 2024                    <\/a>\n                    \n                    \n                                        \n                                        \n                                        <\/div>\n                            <\/div>\n                    <div class=\"row\">\n                                    <div class=\"col-12 col-lg-12 pb-4\">\n                                        \n                                        \n                    \n                    <a class=\"noticias-widget-title d-block \"  title=\"Anais VII SENAFE e III SEINFE\u00a0\" href=\"https:\/\/www.ufsm.br\/editoras\/facos\/anais-vii-senafe-e-iii-seinfe\">\n                                                Anais VII SENAFE e III SEINFE\u00a0                    <\/a>\n                    \n                    \n                                        \n                                        \n                                        <\/div>\n                            <\/div>\n                    <div class=\"row\">\n                                    <div class=\"col-12 col-lg-12 pb-4\">\n                                        \n                                        \n                    \n                    <a class=\"noticias-widget-title d-block \"  title=\"Filosofia e educa\u00e7\u00e3o: sustentabilidade, viol\u00eancia escolar e forma\u00e7\u00e3o para a cidadania\" href=\"https:\/\/www.ufsm.br\/editoras\/facos\/filosofia-e-educacao-sustentabilidade-violencia-escolar-e-formacao-para-a-cidadania\">\n                                                Filosofia e educa\u00e7\u00e3o: sustentabilidade, viol\u00eancia escolar e forma\u00e7\u00e3o para a cidadania                    <\/a>\n                    \n                    \n                                        \n                                        \n                                        <\/div>\n                            <\/div>\n                    <div class=\"row\">\n                                    <div class=\"col-12 col-lg-12 pb-4\">\n                                        \n                                        \n                    \n                    <a class=\"noticias-widget-title d-block \"  title=\"Identidades &amp; territ\u00f3rios: cultura, comunica\u00e7\u00e3o e desenvolvimento\" href=\"https:\/\/www.ufsm.br\/editoras\/facos\/identidades-territorios-cultura-comunicacao-e-desenvolvimento\">\n                                                Identidades &amp; territ\u00f3rios: cultura, comunica\u00e7\u00e3o e desenvolvimento                    <\/a>\n                    \n                    \n                                        \n                                        \n                                        <\/div>\n                            <\/div>\n                    <div class=\"row\">\n                                    <div class=\"col-12 col-lg-12 pb-4\">\n                                        \n                                        \n                    \n                    <a class=\"noticias-widget-title d-block \"  title=\"Comunica\u00e7\u00e3o &amp; Desenvolvimento\" href=\"https:\/\/www.ufsm.br\/editoras\/facos\/comunicacao-desenvolvimento\">\n                                                Comunica\u00e7\u00e3o &amp; Desenvolvimento                    <\/a>\n                    \n                    \n                                        \n                                        \n                                        <\/div>\n                            <\/div>\n            <\/div>\n\t\t<\/div>\n\t\t\t\t<\/div>\n\t\t\t\t\t<\/div>\n\t\t<\/div>\n\t\t\t\t\t<\/div>\n\t\t<\/section>\n\t\t\t\t<\/div>\n\t\t","protected":false},"excerpt":{"rendered":"","protected":false},"author":3829,"featured_media":413,"parent":0,"menu_order":0,"comment_status":"closed","ping_status":"closed","template":"","meta":{"footnotes":""},"categories":[140],"tags":[],"class_list":["post-409","page","type-page","status-publish","has-post-thumbnail","hentry","category-historia"],"acf":[],"_links":{"self":[{"href":"https:\/\/www.ufsm.br\/editoras\/facos\/wp-json\/wp\/v2\/pages\/409","targetHints":{"allow":["GET"]}}],"collection":[{"href":"https:\/\/www.ufsm.br\/editoras\/facos\/wp-json\/wp\/v2\/pages"}],"about":[{"href":"https:\/\/www.ufsm.br\/editoras\/facos\/wp-json\/wp\/v2\/types\/page"}],"author":[{"embeddable":true,"href":"https:\/\/www.ufsm.br\/editoras\/facos\/wp-json\/wp\/v2\/users\/3829"}],"replies":[{"embeddable":true,"href":"https:\/\/www.ufsm.br\/editoras\/facos\/wp-json\/wp\/v2\/comments?post=409"}],"version-history":[{"count":0,"href":"https:\/\/www.ufsm.br\/editoras\/facos\/wp-json\/wp\/v2\/pages\/409\/revisions"}],"wp:featuredmedia":[{"embeddable":true,"href":"https:\/\/www.ufsm.br\/editoras\/facos\/wp-json\/wp\/v2\/media\/413"}],"wp:attachment":[{"href":"https:\/\/www.ufsm.br\/editoras\/facos\/wp-json\/wp\/v2\/media?parent=409"}],"wp:term":[{"taxonomy":"category","embeddable":true,"href":"https:\/\/www.ufsm.br\/editoras\/facos\/wp-json\/wp\/v2\/categories?post=409"},{"taxonomy":"post_tag","embeddable":true,"href":"https:\/\/www.ufsm.br\/editoras\/facos\/wp-json\/wp\/v2\/tags?post=409"}],"curies":[{"name":"wp","href":"https:\/\/api.w.org\/{rel}","templated":true}]}}