{"id":414,"date":"2022-11-18T16:12:36","date_gmt":"2022-11-18T19:12:36","guid":{"rendered":"https:\/\/www.ufsm.br\/editoras\/facos\/?page_id=414"},"modified":"2024-02-12T17:14:23","modified_gmt":"2024-02-12T20:14:23","slug":"engenharia-e-tecnologia-ambiental-2","status":"publish","type":"page","link":"https:\/\/www.ufsm.br\/editoras\/facos\/engenharia-e-tecnologia-ambiental-2","title":{"rendered":"Engenharia e tecnologia ambiental"},"content":{"rendered":"\t\t<div data-elementor-type=\"wp-page\" data-elementor-id=\"414\" class=\"elementor elementor-414\">\n\t\t\t\t\t\t<section class=\"elementor-section elementor-top-section elementor-element elementor-element-897add8 elementor-section-boxed elementor-section-height-default elementor-section-height-default\" data-id=\"897add8\" data-element_type=\"section\">\n\t\t\t\t\t\t<div class=\"elementor-container elementor-column-gap-default\">\n\t\t\t\t\t<div class=\"elementor-column elementor-col-100 elementor-top-column elementor-element elementor-element-9d5cade\" data-id=\"9d5cade\" data-element_type=\"column\">\n\t\t\t<div class=\"elementor-widget-wrap elementor-element-populated\">\n\t\t\t\t\t\t<div class=\"elementor-element elementor-element-c0b2221 elementor-widget elementor-widget-wp-widget-ufsm_manancial_ficha_apresentacao\" data-id=\"c0b2221\" data-element_type=\"widget\" data-widget_type=\"wp-widget-ufsm_manancial_ficha_apresentacao.default\">\n\t\t\t\t<div class=\"elementor-widget-container\">\n\t\t\t<div class=\"row g-0\">\n    <div class=\"col-12 col-lg-5\">\n        <div class=\"card rounded-0 bg-primary text-white\">\n                            <img decoding=\"async\" src=\"https:\/\/repositorio.ufsm.br\/bitstream\/handle\/1\/26714\/Engenharia e tecnologia ambiental-CAPA.png\" class=\"img-fluid img-thumbnail mx-5 mt-5 mb-1\" >\n                        <div class=\"card-body bg-transparent-on-contraste ms-4 ps-4 me-3\">\n                <p class=\"card-title fs-5 lh-sm\">Engenharia e tecnologia ambiental - v.2<\/p>\n                <div class=\"d-flex flex-wrap\">\n                    <a href=\"https:\/\/repositorio.ufsm.br\/handle\/1\/26714\" class=\"small link-light underline-on-hover me-3\" target=\"_blank\">\n                        <i class=\"fa fa-external-link me-1\" aria-hidden=\"true\"><\/i>\n                        Ver no Manancial\n                    <\/a>\n                                            <a href=\"https:\/\/repositorio.ufsm.br\/bitstream\/handle\/1\/26714\/Engenharia e tecnologia ambiental.pdf\" class=\"small link-light underline-on-hover\" target=\"_blank\">\n                            <i class=\"fa fa-file-pdf-o me-1\" aria-hidden=\"true\"><\/i>\n                            Ver o PDF\n                        <\/a>\n                                                        <\/div>\n            <\/div>\n        <\/div>\n    <\/div>\n    <div class=\"col-12 col-lg-7 d-flex\">\n        <div class=\"card rounded-0 rounded-end border-0 shadow w-100\">\n            <div class=\"card-body bg-transparent-on-contraste my-2 mx-3\">\n                <ul class=\"nav nav-pills justify-content-center\" id=\"83f19276-f7fc-413e-8973-c8ec9acf51ac\" role=\"tablist\">\n                    <li class=\"nav-item\" role=\"presentation\">\n            <button class=\"nav-link active\" id=\"section-83f19276-f7fc-413e-8973-c8ec9acf51ac-resumo-tab\" data-bs-toggle=\"tab\" data-bs-target=\"#section-83f19276-f7fc-413e-8973-c8ec9acf51ac-resumo\" type=\"button\" role=\"tab\" aria-controls=\"section-83f19276-f7fc-413e-8973-c8ec9acf51ac-resumo\"  aria-selected=\"true\" >Resumo<\/button>\n        <\/li>\n                    <li class=\"nav-item\" role=\"presentation\">\n            <button class=\"nav-link \" id=\"section-83f19276-f7fc-413e-8973-c8ec9acf51ac-organizacao-tab\" data-bs-toggle=\"tab\" data-bs-target=\"#section-83f19276-f7fc-413e-8973-c8ec9acf51ac-organizacao\" type=\"button\" role=\"tab\" aria-controls=\"section-83f19276-f7fc-413e-8973-c8ec9acf51ac-organizacao\" >Organiza\u00e7\u00e3o<\/button>\n        <\/li>\n                    <li class=\"nav-item\" role=\"presentation\">\n            <button class=\"nav-link \" id=\"section-83f19276-f7fc-413e-8973-c8ec9acf51ac-autoria-tab\" data-bs-toggle=\"tab\" data-bs-target=\"#section-83f19276-f7fc-413e-8973-c8ec9acf51ac-autoria\" type=\"button\" role=\"tab\" aria-controls=\"section-83f19276-f7fc-413e-8973-c8ec9acf51ac-autoria\" >Autoria<\/button>\n        <\/li>\n                    <li class=\"nav-item\" role=\"presentation\">\n            <button class=\"nav-link \" id=\"section-83f19276-f7fc-413e-8973-c8ec9acf51ac-outros-dados-tab\" data-bs-toggle=\"tab\" data-bs-target=\"#section-83f19276-f7fc-413e-8973-c8ec9acf51ac-outros-dados\" type=\"button\" role=\"tab\" aria-controls=\"section-83f19276-f7fc-413e-8973-c8ec9acf51ac-outros-dados\" >Dados da Obra<\/button>\n        <\/li>\n                    <li class=\"nav-item\" role=\"presentation\">\n            <button class=\"nav-link \" id=\"section-83f19276-f7fc-413e-8973-c8ec9acf51ac-cnpq-tab\" data-bs-toggle=\"tab\" data-bs-target=\"#section-83f19276-f7fc-413e-8973-c8ec9acf51ac-cnpq\" type=\"button\" role=\"tab\" aria-controls=\"section-83f19276-f7fc-413e-8973-c8ec9acf51ac-cnpq\" >CNPq<\/button>\n        <\/li>\n    <\/ul>\n<div class=\"tab-content\" id=\"83f19276-f7fc-413e-8973-c8ec9acf51acContent\">\n            <div class=\"tab-pane fade show active pt-3\" id=\"section-83f19276-f7fc-413e-8973-c8ec9acf51ac-resumo\" role=\"tabpanel\" aria-labelledby=\"section-83f19276-f7fc-413e-8973-c8ec9acf51ac-resumo-tab\">\n            No segundo volume do E-book do Departamento de Engenharia e Tecnologia Ambiental, assim como no anterior, docentes do Curso de Engenharia Ambiental e Sanit\u00e1ria da Universidade Federal de Santa Maria - campus de Frederico Westphalen desenvolvem suas pesquisas salientando a interdisciplinaridade das engenharias e tecnologias ambientais. S\u00e3o abordados estudos que atravessam os mais diversos temas e linhas de pesquisa, entre eles, pr\u00e1ticas extensionistas, desafios para o melhoramento do saneamento b\u00e1sico, gest\u00e3o ambiental, hidrologia e hidrogeologia inseridas no contexto ambiental e socioecon\u00f4mico e ainda reflex\u00f5es relacionadas \u00e0 economia e engenharia de estradas.        <\/div>\n            <div class=\"tab-pane fade  pt-3\" id=\"section-83f19276-f7fc-413e-8973-c8ec9acf51ac-organizacao\" role=\"tabpanel\" aria-labelledby=\"section-83f19276-f7fc-413e-8973-c8ec9acf51ac-organizacao-tab\">\n            <div class=\"row row-cols-1 row-cols-md-2\">\n            <div class=\"col p-1\">\n            <div class=\"border-bottom border-1 h-100\">\n                Passini, Aline Ferr\u00e3o Cust\u00f3dio            <\/div>\n        <\/div>\n            <div class=\"col p-1\">\n            <div class=\"border-bottom border-1 h-100\">\n                Munaretto, Lorimar Francisco            <\/div>\n        <\/div>\n            <div class=\"col p-1\">\n            <div class=\"border-bottom border-1 h-100\">\n                Mancuso, Malva Andrea            <\/div>\n        <\/div>\n            <div class=\"col p-1\">\n            <div class=\"border-bottom border-1 h-100\">\n                Soares, Marcus            <\/div>\n        <\/div>\n            <div class=\"col p-1\">\n            <div class=\"border-bottom border-1 h-100\">\n                Camargo, Mariza            <\/div>\n        <\/div>\n        \n<\/div>\n        <\/div>\n            <div class=\"tab-pane fade  pt-3\" id=\"section-83f19276-f7fc-413e-8973-c8ec9acf51ac-autoria\" role=\"tabpanel\" aria-labelledby=\"section-83f19276-f7fc-413e-8973-c8ec9acf51ac-autoria-tab\">\n            <div class=\"tab-content\" id=\"1777499807Content\">\n            <div class=\"tab-pane fade show active pt-3\" id=\"section-1777499807-0\" role=\"tabpanel\" aria-labelledby=\"section-1777499807-0-tab\">\n            <div class=\"row row-cols-1 row-cols-md-2\">\n            <div class=\"col p-1\">\n            <div class=\"border-bottom border-1 h-100\">\n                Centofante, Roberta            <\/div>\n        <\/div>\n            <div class=\"col p-1\">\n            <div class=\"border-bottom border-1 h-100\">\n                Klamt, Rodrigo Andr\u00e9            <\/div>\n        <\/div>\n            <div class=\"col p-1\">\n            <div class=\"border-bottom border-1 h-100\">\n                Maman, Rafaela de            <\/div>\n        <\/div>\n            <div class=\"col p-1\">\n            <div class=\"border-bottom border-1 h-100\">\n                Camargo, Mariza            <\/div>\n        <\/div>\n            <div class=\"col p-1\">\n            <div class=\"border-bottom border-1 h-100\">\n                Calgaro, Tamires Suani            <\/div>\n        <\/div>\n            <div class=\"col p-1\">\n            <div class=\"border-bottom border-1 h-100\">\n                Borba, Willian Fernando de            <\/div>\n        <\/div>\n            <div class=\"col p-1\">\n            <div class=\"border-bottom border-1 h-100\">\n                Scapin, Juliana            <\/div>\n        <\/div>\n            <div class=\"col p-1\">\n            <div class=\"border-bottom border-1 h-100\">\n                Fortes, Patricia Rodrigues            <\/div>\n        <\/div>\n            <div class=\"col p-1\">\n            <div class=\"border-bottom border-1 h-100\">\n                Rodrigues, Alexandre Couto            <\/div>\n        <\/div>\n            <div class=\"col p-1\">\n            <div class=\"border-bottom border-1 h-100\">\n                Pattoli, Gabriel Tadeu            <\/div>\n        <\/div>\n            <div class=\"col p-1\">\n            <div class=\"border-bottom border-1 h-100\">\n                Zimmerman, Lindomar Andr\u00e9            <\/div>\n        <\/div>\n            <div class=\"col p-1\">\n            <div class=\"border-bottom border-1 h-100\">\n                Mancuso, Malva Andrea            <\/div>\n        <\/div>\n            <div class=\"col p-1\">\n            <div class=\"border-bottom border-1 h-100\">\n                Decezaro, Samara Terezinha            <\/div>\n        <\/div>\n            <div class=\"col p-1\">\n            <div class=\"border-bottom border-1 h-100\">\n                Vernier, Liara Jalime            <\/div>\n        <\/div>\n            <div class=\"col p-1\">\n            <div class=\"border-bottom border-1 h-100\">\n                Nery, Bianca Johann            <\/div>\n        <\/div>\n            <div class=\"col p-1\">\n            <div class=\"border-bottom border-1 h-100\">\n                Munaretto, Lorimar Francisco            <\/div>\n        <\/div>\n        \n<\/div>\n        <\/div>\n            <div class=\"tab-pane fade  pt-3\" id=\"section-1777499807-1\" role=\"tabpanel\" aria-labelledby=\"section-1777499807-1-tab\">\n            <div class=\"row row-cols-1 row-cols-md-2\">\n            <div class=\"col p-1\">\n            <div class=\"border-bottom border-1 h-100\">\n                Oliveira, Andrieli Telles de            <\/div>\n        <\/div>\n            <div class=\"col p-1\">\n            <div class=\"border-bottom border-1 h-100\">\n                Dutell, Djeniffer Granella            <\/div>\n        <\/div>\n            <div class=\"col p-1\">\n            <div class=\"border-bottom border-1 h-100\">\n                Henrichsen, J\u00e9ssica Luana            <\/div>\n        <\/div>\n            <div class=\"col p-1\">\n            <div class=\"border-bottom border-1 h-100\">\n                Passini, Aline Ferr\u00e3o Custodio            <\/div>\n        <\/div>\n            <div class=\"col p-1\">\n            <div class=\"border-bottom border-1 h-100\">\n                Santos, Eduarda Fra\u00e7\u00e3o            <\/div>\n        <\/div>\n            <div class=\"col p-1\">\n            <div class=\"border-bottom border-1 h-100\">\n                Pinheiro, Rinaldo Jos\u00e9 Barbosa            <\/div>\n        <\/div>\n            <div class=\"col p-1\">\n            <div class=\"border-bottom border-1 h-100\">\n                Mancuso, Sebasti\u00e1n            <\/div>\n        <\/div>\n            <div class=\"col p-1\">\n            <div class=\"border-bottom border-1 h-100\">\n                Medeiros, Jaqueline Ulrich de            <\/div>\n        <\/div>\n            <div class=\"col p-1\">\n            <div class=\"border-bottom border-1 h-100\">\n                Stahlh\u00f6fer, Dienifer            <\/div>\n        <\/div>\n            <div class=\"col p-1\">\n            <div class=\"border-bottom border-1 h-100\">\n                Ros\u00e1rio, Giulia Pietra do            <\/div>\n        <\/div>\n            <div class=\"col p-1\">\n            <div class=\"border-bottom border-1 h-100\">\n                Flores, Larissa Rafaela            <\/div>\n        <\/div>\n            <div class=\"col p-1\">\n            <div class=\"border-bottom border-1 h-100\">\n                Oliveira, Samara Caroline de            <\/div>\n        <\/div>\n            <div class=\"col p-1\">\n            <div class=\"border-bottom border-1 h-100\">\n                Hofst\u00e4tter, K\u00e9li            <\/div>\n        <\/div>\n            <div class=\"col p-1\">\n            <div class=\"border-bottom border-1 h-100\">\n                Tarone, Vanessa Faco            <\/div>\n        <\/div>\n            <div class=\"col p-1\">\n            <div class=\"border-bottom border-1 h-100\">\n                Vargas, Patricia Raquel            <\/div>\n        <\/div>\n            <div class=\"col p-1\">\n            <div class=\"border-bottom border-1 h-100\">\n                Rupp, Diane Rita            <\/div>\n        <\/div>\n        \n<\/div>\n        <\/div>\n            <div class=\"tab-pane fade  pt-3\" id=\"section-1777499807-2\" role=\"tabpanel\" aria-labelledby=\"section-1777499807-2-tab\">\n            <div class=\"row row-cols-1 row-cols-md-2\">\n            <div class=\"col p-1\">\n            <div class=\"border-bottom border-1 h-100\">\n                Golombieski, Jaqueline Ineu            <\/div>\n        <\/div>\n            <div class=\"col p-1\">\n            <div class=\"border-bottom border-1 h-100\">\n                Lunardi, Samuel            <\/div>\n        <\/div>\n            <div class=\"col p-1\">\n            <div class=\"border-bottom border-1 h-100\">\n                Martins, Marcelle            <\/div>\n        <\/div>\n            <div class=\"col p-1\">\n            <div class=\"border-bottom border-1 h-100\">\n                Puhl, Vanessa de Andrade            <\/div>\n        <\/div>\n            <div class=\"col p-1\">\n            <div class=\"border-bottom border-1 h-100\">\n                Pizzolatti, Bruno Segalla            <\/div>\n        <\/div>\n            <div class=\"col p-1\">\n            <div class=\"border-bottom border-1 h-100\">\n                Soares, Marcus            <\/div>\n        <\/div>\n            <div class=\"col p-1\">\n            <div class=\"border-bottom border-1 h-100\">\n                Mendes, Felipe            <\/div>\n        <\/div>\n            <div class=\"col p-1\">\n            <div class=\"border-bottom border-1 h-100\">\n                Lima, Clara Duboc            <\/div>\n        <\/div>\n            <div class=\"col p-1\">\n            <div class=\"border-bottom border-1 h-100\">\n                Stein, Tha\u00eds Prestes            <\/div>\n        <\/div>\n            <div class=\"col p-1\">\n            <div class=\"border-bottom border-1 h-100\">\n                Oliveira, Nat\u00e1lia Pires De            <\/div>\n        <\/div>\n        \n<\/div>\n        <\/div>\n    <\/div>\n<ul class=\"nav nav-pills justify-content-end\" id=\"1777499807\" role=\"tablist\">\n                    <li class=\"nav-item\" role=\"presentation\">\n            <button class=\"nav-link active\" id=\"section-1777499807-0-tab\" data-bs-toggle=\"tab\" data-bs-target=\"#section-1777499807-0\" type=\"button\" role=\"tab\" aria-controls=\"section-1777499807-0\"  aria-selected=\"true\" >1<\/button>\n        <\/li>\n                    <li class=\"nav-item\" role=\"presentation\">\n            <button class=\"nav-link \" id=\"section-1777499807-1-tab\" data-bs-toggle=\"tab\" data-bs-target=\"#section-1777499807-1\" type=\"button\" role=\"tab\" aria-controls=\"section-1777499807-1\" >2<\/button>\n        <\/li>\n                    <li class=\"nav-item\" role=\"presentation\">\n            <button class=\"nav-link \" id=\"section-1777499807-2-tab\" data-bs-toggle=\"tab\" data-bs-target=\"#section-1777499807-2\" type=\"button\" role=\"tab\" aria-controls=\"section-1777499807-2\" >3<\/button>\n        <\/li>\n    <\/ul>\n        <\/div>\n            <div class=\"tab-pane fade  pt-3\" id=\"section-83f19276-f7fc-413e-8973-c8ec9acf51ac-outros-dados\" role=\"tabpanel\" aria-labelledby=\"section-83f19276-f7fc-413e-8973-c8ec9acf51ac-outros-dados-tab\">\n            <dl class=\"row\">\n    <dt class=\"col-12 col-md-3\">Publica\u00e7\u00e3o<\/dt>\n    <dd class=\"col-12 col-md-9\">\n        <dl class=\"row\">\n            <dt class=\"col-12 col-md-4\">Ano<\/dt>\n            <dd class=\"col-12 col-md-8\">2022<\/dd>\n            <dt class=\"col-12 col-md-4\">ISBN<\/dt>\n            <dd class=\"col-12 col-md-8\">9786500540024<\/dd>\n        <\/dl>\n    <\/dd>\n            <dt class=\"col-12 col-md-3\">Refer\u00eancia<\/dt>\n        <dd class=\"col-12 col-md-9\">PASSINI, A. F. C. et al (Orgs.). Engenharia e tecnologia ambiental. V. 2. Santa Maria\/RS: FACOS-UFSM, 2022. 248 p. (Recurso eletr\u00f4nico)<\/dd>\n                <dt class=\"col-12 col-md-3\">Assuntos<\/dt>\n        <dd class=\"col-12 col-md-9\">Gest\u00e3o ambiental;<br>Tecnologias ambientais;<br>Recursos h\u00eddricos;<br>Sustentabilidade<\/dd>\n                <dt class=\"col-12 col-md-3\">Licen\u00e7a<\/dt>\n        <dd class=\"col-12 col-md-9\">\n            Acesso Aberto;<br>Attribution-NonCommercial-NoDerivatives 4.0 International;<br><a target='_blank' href='http:\/\/creativecommons.org\/licenses\/by-nc-nd\/4.0\/'>http:\/\/creativecommons.org\/licenses\/by-nc-nd\/4.0\/<\/a>        <\/dd>\n        \n<\/dl>\n        <\/div>\n            <div class=\"tab-pane fade  pt-3\" id=\"section-83f19276-f7fc-413e-8973-c8ec9acf51ac-cnpq\" role=\"tabpanel\" aria-labelledby=\"section-83f19276-f7fc-413e-8973-c8ec9acf51ac-cnpq-tab\">\n            <dl class=\"row\">\n    <dt class=\"col-12 col-md-3\">Grande \u00e1rea<\/dt>\n    <dd class=\"col-12 col-md-9 text-capitalize\">engenharias<\/dd>\n    \n            <dt class=\"col-12 col-md-3\">\u00c1rea<\/dt>\n        <dd class=\"col-12 col-md-9 text-capitalize\">engenharia sanitaria<\/dd>\n        \n            \n    <\/dl>\n        <\/div>\n    <\/div>\n            <\/div>\n        <\/div>\n    <\/div>\n<\/div>\n\t\t<\/div>\n\t\t\t\t<\/div>\n\t\t\t\t<div class=\"elementor-element elementor-element-1432404 elementor-widget elementor-widget-spacer\" data-id=\"1432404\" data-element_type=\"widget\" data-widget_type=\"spacer.default\">\n\t\t\t\t<div class=\"elementor-widget-container\">\n\t\t\t\t\t<div class=\"elementor-spacer\">\n\t\t\t<div class=\"elementor-spacer-inner\"><\/div>\n\t\t<\/div>\n\t\t\t\t<\/div>\n\t\t\t\t<\/div>\n\t\t\t\t<div class=\"elementor-element elementor-element-0eb2e14 elementor-widget elementor-widget-wp-widget-ufsm_noticias_widget\" data-id=\"0eb2e14\" data-element_type=\"widget\" data-widget_type=\"wp-widget-ufsm_noticias_widget.default\">\n\t\t\t\t<div class=\"elementor-widget-container\">\n\t\t\t<h5 class='titulo-conteudos'>Publica\u00e7\u00f5es Relacionadas<\/h5><div class='widget-noticias-inside'>\n                        <div class=\"row\">\n                                    <div class=\"col-12 col-lg-12 pb-4\">\n                                        \n                                        \n                    \n                    <a class=\"noticias-widget-title d-block \"  title=\"Territ\u00f3rios conectados pela sororidade\" href=\"https:\/\/www.ufsm.br\/editoras\/facos\/territorios-conectados-pela-sororidade\">\n                                                Territ\u00f3rios conectados pela sororidade                    <\/a>\n                    \n                    \n                                        \n                                        \n                                        <\/div>\n                            <\/div>\n                    <div class=\"row\">\n                                    <div class=\"col-12 col-lg-12 pb-4\">\n                                        \n                                        \n                    \n                    <a class=\"noticias-widget-title d-block \"  title=\"Engenharia sanit\u00e1ria e ambiental: volume 5\" href=\"https:\/\/www.ufsm.br\/editoras\/facos\/engenharia-sanitaria-e-ambiental-volume-5\">\n                                                Engenharia sanit\u00e1ria e ambiental: volume 5                    <\/a>\n                    \n                    \n                                        \n                                        \n                                        <\/div>\n                            <\/div>\n                    <div class=\"row\">\n                                    <div class=\"col-12 col-lg-12 pb-4\">\n                                        \n                                        \n                    \n                    <a class=\"noticias-widget-title d-block \"  title=\"Jornalismo e mem\u00f3ria: escrituras poss\u00edveis, lugares (in)comuns\" href=\"https:\/\/www.ufsm.br\/editoras\/facos\/jornalismo-e-memoria-escrituras-possiveis-lugares-incomuns\">\n                                                Jornalismo e mem\u00f3ria: escrituras poss\u00edveis, lugares (in)comuns                    <\/a>\n                    \n                    \n                                        \n                                        \n                                        <\/div>\n                            <\/div>\n                    <div class=\"row\">\n                                    <div class=\"col-12 col-lg-12 pb-4\">\n                                        \n                                        \n                    \n                    <a class=\"noticias-widget-title d-block \"  title=\"Pesquisa e Desenvolvimento Criativo para divulga\u00e7\u00e3o de Indicadores da Educa\u00e7\u00e3o Superior\" href=\"https:\/\/www.ufsm.br\/editoras\/facos\/pesquisa-e-desenvolvimento-criativo-para-divulgacao-de-indicadores-da-educacao-superior\">\n                                                Pesquisa e Desenvolvimento Criativo para divulga\u00e7\u00e3o de Indicadores da Educa\u00e7\u00e3o Superior                    <\/a>\n                    \n                    \n                                        \n                                        \n                                        <\/div>\n                            <\/div>\n                    <div class=\"row\">\n                                    <div class=\"col-12 col-lg-12 pb-4\">\n                                        \n                                        \n                    \n                    <a class=\"noticias-widget-title d-block \"  title=\"Investigar en plataformas medi\u00e1ticas desde Am\u00e9rica Latina: Um estado de situa\u00e7\u00e3o e uma ferramenta para o di\u00e1logo\" href=\"https:\/\/www.ufsm.br\/editoras\/facos\/investigar-en-plataformas-mediaticas-desde-america-latina-um-estado-de-situacao-e-uma-ferramenta-para-o-dialogo\">\n                                                Investigar en plataformas medi\u00e1ticas desde Am\u00e9rica Latina: Um estado de situa\u00e7\u00e3o e uma ferramenta para o di\u00e1logo                    <\/a>\n                    \n                    \n                                        \n                                        \n                                        <\/div>\n                            <\/div>\n            <\/div>\n\t\t<\/div>\n\t\t\t\t<\/div>\n\t\t\t\t\t<\/div>\n\t\t<\/div>\n\t\t\t\t\t<\/div>\n\t\t<\/section>\n\t\t\t\t<\/div>\n\t\t","protected":false},"excerpt":{"rendered":"","protected":false},"author":3829,"featured_media":415,"parent":0,"menu_order":0,"comment_status":"closed","ping_status":"closed","template":"","meta":{"footnotes":""},"categories":[144,151],"tags":[],"class_list":["post-414","page","type-page","status-publish","has-post-thumbnail","hentry","category-engenharia","category-ambiente"],"acf":[],"_links":{"self":[{"href":"https:\/\/www.ufsm.br\/editoras\/facos\/wp-json\/wp\/v2\/pages\/414","targetHints":{"allow":["GET"]}}],"collection":[{"href":"https:\/\/www.ufsm.br\/editoras\/facos\/wp-json\/wp\/v2\/pages"}],"about":[{"href":"https:\/\/www.ufsm.br\/editoras\/facos\/wp-json\/wp\/v2\/types\/page"}],"author":[{"embeddable":true,"href":"https:\/\/www.ufsm.br\/editoras\/facos\/wp-json\/wp\/v2\/users\/3829"}],"replies":[{"embeddable":true,"href":"https:\/\/www.ufsm.br\/editoras\/facos\/wp-json\/wp\/v2\/comments?post=414"}],"version-history":[{"count":0,"href":"https:\/\/www.ufsm.br\/editoras\/facos\/wp-json\/wp\/v2\/pages\/414\/revisions"}],"wp:featuredmedia":[{"embeddable":true,"href":"https:\/\/www.ufsm.br\/editoras\/facos\/wp-json\/wp\/v2\/media\/415"}],"wp:attachment":[{"href":"https:\/\/www.ufsm.br\/editoras\/facos\/wp-json\/wp\/v2\/media?parent=414"}],"wp:term":[{"taxonomy":"category","embeddable":true,"href":"https:\/\/www.ufsm.br\/editoras\/facos\/wp-json\/wp\/v2\/categories?post=414"},{"taxonomy":"post_tag","embeddable":true,"href":"https:\/\/www.ufsm.br\/editoras\/facos\/wp-json\/wp\/v2\/tags?post=414"}],"curies":[{"name":"wp","href":"https:\/\/api.w.org\/{rel}","templated":true}]}}