{"id":416,"date":"2022-11-18T16:16:05","date_gmt":"2022-11-18T19:16:05","guid":{"rendered":"https:\/\/www.ufsm.br\/editoras\/facos\/?page_id=416"},"modified":"2024-02-12T17:08:20","modified_gmt":"2024-02-12T20:08:20","slug":"feminismos-midia-e-subjetividades","status":"publish","type":"page","link":"https:\/\/www.ufsm.br\/editoras\/facos\/feminismos-midia-e-subjetividades","title":{"rendered":"Feminismos, m\u00eddia e subjetividades"},"content":{"rendered":"\t\t<div data-elementor-type=\"wp-page\" data-elementor-id=\"416\" class=\"elementor elementor-416\">\n\t\t\t\t\t\t<section class=\"elementor-section elementor-top-section elementor-element elementor-element-035979f elementor-section-boxed elementor-section-height-default elementor-section-height-default\" data-id=\"035979f\" data-element_type=\"section\">\n\t\t\t\t\t\t<div class=\"elementor-container elementor-column-gap-default\">\n\t\t\t\t\t<div class=\"elementor-column elementor-col-100 elementor-top-column elementor-element elementor-element-90fd65f\" data-id=\"90fd65f\" data-element_type=\"column\">\n\t\t\t<div class=\"elementor-widget-wrap elementor-element-populated\">\n\t\t\t\t\t\t<div class=\"elementor-element elementor-element-d29896c elementor-widget elementor-widget-wp-widget-ufsm_manancial_ficha_apresentacao\" data-id=\"d29896c\" data-element_type=\"widget\" data-widget_type=\"wp-widget-ufsm_manancial_ficha_apresentacao.default\">\n\t\t\t\t<div class=\"elementor-widget-container\">\n\t\t\t<div class=\"row g-0\">\n    <div class=\"col-12 col-lg-5\">\n        <div class=\"card rounded-0 bg-primary text-white\">\n                            <img decoding=\"async\" src=\"https:\/\/repositorio.ufsm.br\/bitstream\/handle\/1\/26994\/Livro Feminismos, M\u00eddia e Subjetividades - capa.png\" class=\"img-fluid img-thumbnail mx-5 mt-5 mb-1\" >\n                        <div class=\"card-body bg-transparent-on-contraste ms-4 ps-4 me-3\">\n                <p class=\"card-title fs-5 lh-sm\">Feminismos, m\u00eddia e subjetividades<\/p>\n                <div class=\"d-flex flex-wrap\">\n                    <a href=\"https:\/\/repositorio.ufsm.br\/handle\/1\/26994\" class=\"small link-light underline-on-hover me-3\" target=\"_blank\">\n                        <i class=\"fa fa-external-link me-1\" aria-hidden=\"true\"><\/i>\n                        Ver no Manancial\n                    <\/a>\n                                            <a href=\"https:\/\/repositorio.ufsm.br\/bitstream\/handle\/1\/26994\/Livro_Feminismos_Midia_Subjetividades.pdf\" class=\"small link-light underline-on-hover\" target=\"_blank\">\n                            <i class=\"fa fa-file-pdf-o me-1\" aria-hidden=\"true\"><\/i>\n                            Ver o PDF\n                        <\/a>\n                                                        <\/div>\n            <\/div>\n        <\/div>\n    <\/div>\n    <div class=\"col-12 col-lg-7 d-flex\">\n        <div class=\"card rounded-0 rounded-end border-0 shadow w-100\">\n            <div class=\"card-body bg-transparent-on-contraste my-2 mx-3\">\n                <ul class=\"nav nav-pills justify-content-center\" id=\"211dc65e-7dd7-462e-87cc-113809edd8ba\" role=\"tablist\">\n                    <li class=\"nav-item\" role=\"presentation\">\n            <button class=\"nav-link active\" id=\"section-211dc65e-7dd7-462e-87cc-113809edd8ba-resumo-tab\" data-bs-toggle=\"tab\" data-bs-target=\"#section-211dc65e-7dd7-462e-87cc-113809edd8ba-resumo\" type=\"button\" role=\"tab\" aria-controls=\"section-211dc65e-7dd7-462e-87cc-113809edd8ba-resumo\"  aria-selected=\"true\" >Resumo<\/button>\n        <\/li>\n                    <li class=\"nav-item\" role=\"presentation\">\n            <button class=\"nav-link \" id=\"section-211dc65e-7dd7-462e-87cc-113809edd8ba-organizacao-tab\" data-bs-toggle=\"tab\" data-bs-target=\"#section-211dc65e-7dd7-462e-87cc-113809edd8ba-organizacao\" type=\"button\" role=\"tab\" aria-controls=\"section-211dc65e-7dd7-462e-87cc-113809edd8ba-organizacao\" >Organiza\u00e7\u00e3o<\/button>\n        <\/li>\n                    <li class=\"nav-item\" role=\"presentation\">\n            <button class=\"nav-link \" id=\"section-211dc65e-7dd7-462e-87cc-113809edd8ba-autoria-tab\" data-bs-toggle=\"tab\" data-bs-target=\"#section-211dc65e-7dd7-462e-87cc-113809edd8ba-autoria\" type=\"button\" role=\"tab\" aria-controls=\"section-211dc65e-7dd7-462e-87cc-113809edd8ba-autoria\" >Autoria<\/button>\n        <\/li>\n                    <li class=\"nav-item\" role=\"presentation\">\n            <button class=\"nav-link \" id=\"section-211dc65e-7dd7-462e-87cc-113809edd8ba-outros-dados-tab\" data-bs-toggle=\"tab\" data-bs-target=\"#section-211dc65e-7dd7-462e-87cc-113809edd8ba-outros-dados\" type=\"button\" role=\"tab\" aria-controls=\"section-211dc65e-7dd7-462e-87cc-113809edd8ba-outros-dados\" >Dados da Obra<\/button>\n        <\/li>\n                    <li class=\"nav-item\" role=\"presentation\">\n            <button class=\"nav-link \" id=\"section-211dc65e-7dd7-462e-87cc-113809edd8ba-cnpq-tab\" data-bs-toggle=\"tab\" data-bs-target=\"#section-211dc65e-7dd7-462e-87cc-113809edd8ba-cnpq\" type=\"button\" role=\"tab\" aria-controls=\"section-211dc65e-7dd7-462e-87cc-113809edd8ba-cnpq\" >CNPq<\/button>\n        <\/li>\n    <\/ul>\n<div class=\"tab-content\" id=\"211dc65e-7dd7-462e-87cc-113809edd8baContent\">\n            <div class=\"tab-pane fade show active pt-3\" id=\"section-211dc65e-7dd7-462e-87cc-113809edd8ba-resumo\" role=\"tabpanel\" aria-labelledby=\"section-211dc65e-7dd7-462e-87cc-113809edd8ba-resumo-tab\">\n            O livro Feminismos, mi\u0301dia e subjetividades e\u0301 fruto de um projeto coletivo, que nasceu das trocas e debates realizados entre pesquisadores e pesquisadoras de todo o Brasil, participantes do Simpo\u0301sio Tema\u0301tico do Semina\u0301rio Internacional Fazendo Ge\u0302nero 12: lugares de fala, direitos, diversidades e afetos. A obra tem o objetivo de estimular o debate plural sobre a relac\u0327a\u0303o entre os feminismos e as mi\u0301dias, voltando suas discusso\u0303es para as pra\u0301ticas de consumo, produc\u0327a\u0303o, circulac\u0327a\u0303o, ativismo e constituic\u0327a\u0303o de subjetividades. Atrave\u0301s dos capi\u0301tulos, esperamos estimular o pensamento cri\u0301tico sobre as representac\u0327o\u0303es de ge\u0302nero  os meios de comunicac\u0327a\u0303o e produtos midia\u0301ticos, tendo em vista a sua participac\u0327a\u0303o na construc\u0327a\u0303o dos diferentes modos de ser e de se reconhecer como mulher na contemporaneidade. Dessa forma, abre espac\u0327o para o debate de pesquisas que te\u0302m como objeto de estudos a mi\u0301dia e os feminismos em contextos analo\u0301gicos, digitais e de converge\u0302ncia midia\u0301tica.        <\/div>\n            <div class=\"tab-pane fade  pt-3\" id=\"section-211dc65e-7dd7-462e-87cc-113809edd8ba-organizacao\" role=\"tabpanel\" aria-labelledby=\"section-211dc65e-7dd7-462e-87cc-113809edd8ba-organizacao-tab\">\n            <div class=\"row row-cols-1 row-cols-md-2\">\n            <div class=\"col p-1\">\n            <div class=\"border-bottom border-1 h-100\">\n                Oliveira-Cruz, Milena Freire de            <\/div>\n        <\/div>\n            <div class=\"col p-1\">\n            <div class=\"border-bottom border-1 h-100\">\n                Miguel, Raquel de Barros Pinto            <\/div>\n        <\/div>\n            <div class=\"col p-1\">\n            <div class=\"border-bottom border-1 h-100\">\n                Janu\u00e1rio, Soraya Barreto            <\/div>\n        <\/div>\n        \n<\/div>\n        <\/div>\n            <div class=\"tab-pane fade  pt-3\" id=\"section-211dc65e-7dd7-462e-87cc-113809edd8ba-autoria\" role=\"tabpanel\" aria-labelledby=\"section-211dc65e-7dd7-462e-87cc-113809edd8ba-autoria-tab\">\n            <div class=\"tab-content\" id=\"1775525867Content\">\n            <div class=\"tab-pane fade show active pt-3\" id=\"section-1775525867-0\" role=\"tabpanel\" aria-labelledby=\"section-1775525867-0-tab\">\n            <div class=\"row row-cols-1 row-cols-md-2\">\n            <div class=\"col p-1\">\n            <div class=\"border-bottom border-1 h-100\">\n                Oliveira-Cruz, Milena Freire de            <\/div>\n        <\/div>\n            <div class=\"col p-1\">\n            <div class=\"border-bottom border-1 h-100\">\n                Miguel, Raquel de Barros Pinto            <\/div>\n        <\/div>\n            <div class=\"col p-1\">\n            <div class=\"border-bottom border-1 h-100\">\n                Janu\u00e1rio, Soraya Barreto            <\/div>\n        <\/div>\n            <div class=\"col p-1\">\n            <div class=\"border-bottom border-1 h-100\">\n                Santos, Maria Salett Tauk            <\/div>\n        <\/div>\n            <div class=\"col p-1\">\n            <div class=\"border-bottom border-1 h-100\">\n                Carlos, Luizy Aparecida da Silva            <\/div>\n        <\/div>\n            <div class=\"col p-1\">\n            <div class=\"border-bottom border-1 h-100\">\n                Marx, Djenifer Samantha            <\/div>\n        <\/div>\n            <div class=\"col p-1\">\n            <div class=\"border-bottom border-1 h-100\">\n                Haag, Ant\u00f4nia T\u00e2mara            <\/div>\n        <\/div>\n            <div class=\"col p-1\">\n            <div class=\"border-bottom border-1 h-100\">\n                Farneze, Carolina Guimar\u00e3es            <\/div>\n        <\/div>\n            <div class=\"col p-1\">\n            <div class=\"border-bottom border-1 h-100\">\n                Brum, Nath\u00e1lia da Silva            <\/div>\n        <\/div>\n            <div class=\"col p-1\">\n            <div class=\"border-bottom border-1 h-100\">\n                Tavares, Ol\u00edvia Pereira            <\/div>\n        <\/div>\n            <div class=\"col p-1\">\n            <div class=\"border-bottom border-1 h-100\">\n                Nunes, Paulo Victor Santos Goetze            <\/div>\n        <\/div>\n            <div class=\"col p-1\">\n            <div class=\"border-bottom border-1 h-100\">\n                Aras, Lina Maria Brand\u00e3o de            <\/div>\n        <\/div>\n            <div class=\"col p-1\">\n            <div class=\"border-bottom border-1 h-100\">\n                Pinheiro, Clarice Costa            <\/div>\n        <\/div>\n            <div class=\"col p-1\">\n            <div class=\"border-bottom border-1 h-100\">\n                Medeiros, St\u00e9phanie Gomes de            <\/div>\n        <\/div>\n            <div class=\"col p-1\">\n            <div class=\"border-bottom border-1 h-100\">\n                Anjos, J\u00falia C. Versiani dos            <\/div>\n        <\/div>\n            <div class=\"col p-1\">\n            <div class=\"border-bottom border-1 h-100\">\n                Ayres, Melina de la Barrera            <\/div>\n        <\/div>\n        \n<\/div>\n        <\/div>\n            <div class=\"tab-pane fade  pt-3\" id=\"section-1775525867-1\" role=\"tabpanel\" aria-labelledby=\"section-1775525867-1-tab\">\n            <div class=\"row row-cols-1 row-cols-md-2\">\n            <div class=\"col p-1\">\n            <div class=\"border-bottom border-1 h-100\">\n                Migliano, Milene            <\/div>\n        <\/div>\n        \n<\/div>\n        <\/div>\n    <\/div>\n<ul class=\"nav nav-pills justify-content-end\" id=\"1775525867\" role=\"tablist\">\n                    <li class=\"nav-item\" role=\"presentation\">\n            <button class=\"nav-link active\" id=\"section-1775525867-0-tab\" data-bs-toggle=\"tab\" data-bs-target=\"#section-1775525867-0\" type=\"button\" role=\"tab\" aria-controls=\"section-1775525867-0\"  aria-selected=\"true\" >1<\/button>\n        <\/li>\n                    <li class=\"nav-item\" role=\"presentation\">\n            <button class=\"nav-link \" id=\"section-1775525867-1-tab\" data-bs-toggle=\"tab\" data-bs-target=\"#section-1775525867-1\" type=\"button\" role=\"tab\" aria-controls=\"section-1775525867-1\" >2<\/button>\n        <\/li>\n    <\/ul>\n        <\/div>\n            <div class=\"tab-pane fade  pt-3\" id=\"section-211dc65e-7dd7-462e-87cc-113809edd8ba-outros-dados\" role=\"tabpanel\" aria-labelledby=\"section-211dc65e-7dd7-462e-87cc-113809edd8ba-outros-dados-tab\">\n            <dl class=\"row\">\n    <dt class=\"col-12 col-md-3\">Publica\u00e7\u00e3o<\/dt>\n    <dd class=\"col-12 col-md-9\">\n        <dl class=\"row\">\n            <dt class=\"col-12 col-md-4\">Ano<\/dt>\n            <dd class=\"col-12 col-md-8\">2022<\/dd>\n            <dt class=\"col-12 col-md-4\">ISBN<\/dt>\n            <dd class=\"col-12 col-md-8\">9786557730447, 9786557730430<\/dd>\n        <\/dl>\n    <\/dd>\n            <dt class=\"col-12 col-md-3\">Refer\u00eancia<\/dt>\n        <dd class=\"col-12 col-md-9\">OLIVEIRA-CRUZ, M. F. de; MIGUEL, R. de B. P.; JANU\u00c1RIO, S. B. (Orgs.). Feminismos, m\u00eddia e subjetividades. Santa Maria\/RS: FACOS-UFSM, 2022. 314 p. (Recurso eletr\u00f4nico)<\/dd>\n                <dt class=\"col-12 col-md-3\">Assuntos<\/dt>\n        <dd class=\"col-12 col-md-9\">Feminismos;<br>M\u00eddia;<br>Subjtetividades;<br>Movimentos sociais;<br>Mulheres<\/dd>\n                <dt class=\"col-12 col-md-3\">Licen\u00e7a<\/dt>\n        <dd class=\"col-12 col-md-9\">\n            Acesso Aberto;<br>Attribution-NonCommercial-NoDerivatives 4.0 International;<br><a target='_blank' href='http:\/\/creativecommons.org\/licenses\/by-nc-nd\/4.0\/'>http:\/\/creativecommons.org\/licenses\/by-nc-nd\/4.0\/<\/a>        <\/dd>\n        \n<\/dl>\n        <\/div>\n            <div class=\"tab-pane fade  pt-3\" id=\"section-211dc65e-7dd7-462e-87cc-113809edd8ba-cnpq\" role=\"tabpanel\" aria-labelledby=\"section-211dc65e-7dd7-462e-87cc-113809edd8ba-cnpq-tab\">\n            <dl class=\"row\">\n    <dt class=\"col-12 col-md-3\">Grande \u00e1rea<\/dt>\n    <dd class=\"col-12 col-md-9 text-capitalize\">ciencias sociais aplicadas<\/dd>\n    \n            <dt class=\"col-12 col-md-3\">\u00c1rea<\/dt>\n        <dd class=\"col-12 col-md-9 text-capitalize\">comunicacao<\/dd>\n        \n            \n    <\/dl>\n        <\/div>\n    <\/div>\n            <\/div>\n        <\/div>\n    <\/div>\n<\/div>\n\t\t<\/div>\n\t\t\t\t<\/div>\n\t\t\t\t<div class=\"elementor-element elementor-element-ad35dbd elementor-widget elementor-widget-spacer\" data-id=\"ad35dbd\" data-element_type=\"widget\" data-widget_type=\"spacer.default\">\n\t\t\t\t<div class=\"elementor-widget-container\">\n\t\t\t\t\t<div class=\"elementor-spacer\">\n\t\t\t<div class=\"elementor-spacer-inner\"><\/div>\n\t\t<\/div>\n\t\t\t\t<\/div>\n\t\t\t\t<\/div>\n\t\t\t\t<div class=\"elementor-element elementor-element-1eccb28 elementor-widget elementor-widget-wp-widget-ufsm_noticias_widget\" data-id=\"1eccb28\" data-element_type=\"widget\" data-widget_type=\"wp-widget-ufsm_noticias_widget.default\">\n\t\t\t\t<div class=\"elementor-widget-container\">\n\t\t\t<h5 class='titulo-conteudos'>Publica\u00e7\u00f5es Relacionadas<\/h5><div class='widget-noticias-inside'>\n                        <div class=\"row\">\n                                    <div class=\"col-12 col-lg-12 pb-4\">\n                                        \n                                        \n                    \n                    <a class=\"noticias-widget-title d-block \"  title=\"Territ\u00f3rios conectados pela sororidade\" href=\"https:\/\/www.ufsm.br\/editoras\/facos\/territorios-conectados-pela-sororidade\">\n                                                Territ\u00f3rios conectados pela sororidade                    <\/a>\n                    \n                    \n                                        \n                                        \n                                        <\/div>\n                            <\/div>\n                    <div class=\"row\">\n                                    <div class=\"col-12 col-lg-12 pb-4\">\n                                        \n                                        \n                    \n                    <a class=\"noticias-widget-title d-block \"  title=\"Jornalismo e mem\u00f3ria: escrituras poss\u00edveis, lugares (in)comuns\" href=\"https:\/\/www.ufsm.br\/editoras\/facos\/jornalismo-e-memoria-escrituras-possiveis-lugares-incomuns\">\n                                                Jornalismo e mem\u00f3ria: escrituras poss\u00edveis, lugares (in)comuns                    <\/a>\n                    \n                    \n                                        \n                                        \n                                        <\/div>\n                            <\/div>\n                    <div class=\"row\">\n                                    <div class=\"col-12 col-lg-12 pb-4\">\n                                        \n                                        \n                    \n                    <a class=\"noticias-widget-title d-block \"  title=\"Pesquisa e Desenvolvimento Criativo para divulga\u00e7\u00e3o de Indicadores da Educa\u00e7\u00e3o Superior\" href=\"https:\/\/www.ufsm.br\/editoras\/facos\/pesquisa-e-desenvolvimento-criativo-para-divulgacao-de-indicadores-da-educacao-superior\">\n                                                Pesquisa e Desenvolvimento Criativo para divulga\u00e7\u00e3o de Indicadores da Educa\u00e7\u00e3o Superior                    <\/a>\n                    \n                    \n                                        \n                                        \n                                        <\/div>\n                            <\/div>\n                    <div class=\"row\">\n                                    <div class=\"col-12 col-lg-12 pb-4\">\n                                        \n                                        \n                    \n                    <a class=\"noticias-widget-title d-block \"  title=\"Investigar en plataformas medi\u00e1ticas desde Am\u00e9rica Latina: Um estado de situa\u00e7\u00e3o e uma ferramenta para o di\u00e1logo\" href=\"https:\/\/www.ufsm.br\/editoras\/facos\/investigar-en-plataformas-mediaticas-desde-america-latina-um-estado-de-situacao-e-uma-ferramenta-para-o-dialogo\">\n                                                Investigar en plataformas medi\u00e1ticas desde Am\u00e9rica Latina: Um estado de situa\u00e7\u00e3o e uma ferramenta para o di\u00e1logo                    <\/a>\n                    \n                    \n                                        \n                                        \n                                        <\/div>\n                            <\/div>\n                    <div class=\"row\">\n                                    <div class=\"col-12 col-lg-12 pb-4\">\n                                        \n                                        \n                    \n                    <a class=\"noticias-widget-title d-block \"  title=\"Publicidade contempor\u00e2nea: pensamentos brasileiros &#8211; vol. 2\" href=\"https:\/\/www.ufsm.br\/editoras\/facos\/publicidade-contemporanea-pensamentos-brasileiros-vol-2\">\n                                                Publicidade contempor\u00e2nea: pensamentos brasileiros &#8211; vol. 2                    <\/a>\n                    \n                    \n                                        \n                                        \n                                        <\/div>\n                            <\/div>\n            <\/div>\n\t\t<\/div>\n\t\t\t\t<\/div>\n\t\t\t\t\t<\/div>\n\t\t<\/div>\n\t\t\t\t\t<\/div>\n\t\t<\/section>\n\t\t\t\t<\/div>\n\t\t","protected":false},"excerpt":{"rendered":"","protected":false},"author":3829,"featured_media":417,"parent":0,"menu_order":0,"comment_status":"closed","ping_status":"closed","template":"","meta":{"footnotes":""},"categories":[24,137],"tags":[],"class_list":["post-416","page","type-page","status-publish","has-post-thumbnail","hentry","category-comunicacao","category-midia"],"acf":[],"_links":{"self":[{"href":"https:\/\/www.ufsm.br\/editoras\/facos\/wp-json\/wp\/v2\/pages\/416","targetHints":{"allow":["GET"]}}],"collection":[{"href":"https:\/\/www.ufsm.br\/editoras\/facos\/wp-json\/wp\/v2\/pages"}],"about":[{"href":"https:\/\/www.ufsm.br\/editoras\/facos\/wp-json\/wp\/v2\/types\/page"}],"author":[{"embeddable":true,"href":"https:\/\/www.ufsm.br\/editoras\/facos\/wp-json\/wp\/v2\/users\/3829"}],"replies":[{"embeddable":true,"href":"https:\/\/www.ufsm.br\/editoras\/facos\/wp-json\/wp\/v2\/comments?post=416"}],"version-history":[{"count":0,"href":"https:\/\/www.ufsm.br\/editoras\/facos\/wp-json\/wp\/v2\/pages\/416\/revisions"}],"wp:featuredmedia":[{"embeddable":true,"href":"https:\/\/www.ufsm.br\/editoras\/facos\/wp-json\/wp\/v2\/media\/417"}],"wp:attachment":[{"href":"https:\/\/www.ufsm.br\/editoras\/facos\/wp-json\/wp\/v2\/media?parent=416"}],"wp:term":[{"taxonomy":"category","embeddable":true,"href":"https:\/\/www.ufsm.br\/editoras\/facos\/wp-json\/wp\/v2\/categories?post=416"},{"taxonomy":"post_tag","embeddable":true,"href":"https:\/\/www.ufsm.br\/editoras\/facos\/wp-json\/wp\/v2\/tags?post=416"}],"curies":[{"name":"wp","href":"https:\/\/api.w.org\/{rel}","templated":true}]}}