{"id":447,"date":"2023-02-16T11:08:05","date_gmt":"2023-02-16T14:08:05","guid":{"rendered":"https:\/\/www.ufsm.br\/editoras\/facos\/?page_id=447"},"modified":"2024-02-12T17:07:33","modified_gmt":"2024-02-12T20:07:33","slug":"abrindo-portas-5050-pela-equidade-de-genero-na-comunicacao","status":"publish","type":"page","link":"https:\/\/www.ufsm.br\/editoras\/facos\/abrindo-portas-5050-pela-equidade-de-genero-na-comunicacao","title":{"rendered":"Abrindo Portas: 50|50 pela equidade de g\u00eanero na comunica\u00e7\u00e3o"},"content":{"rendered":"\t\t<div data-elementor-type=\"wp-page\" data-elementor-id=\"447\" class=\"elementor elementor-447\">\n\t\t\t\t\t\t<section class=\"elementor-section elementor-top-section elementor-element elementor-element-d296efd elementor-section-boxed elementor-section-height-default elementor-section-height-default\" data-id=\"d296efd\" data-element_type=\"section\">\n\t\t\t\t\t\t<div class=\"elementor-container elementor-column-gap-default\">\n\t\t\t\t\t<div class=\"elementor-column elementor-col-100 elementor-top-column elementor-element elementor-element-2891801b\" data-id=\"2891801b\" data-element_type=\"column\">\n\t\t\t<div class=\"elementor-widget-wrap elementor-element-populated\">\n\t\t\t\t\t\t<div class=\"elementor-element elementor-element-e8b5bde elementor-widget elementor-widget-text-editor\" data-id=\"e8b5bde\" data-element_type=\"widget\" data-widget_type=\"text-editor.default\">\n\t\t\t\t<div class=\"elementor-widget-container\">\n\t\t\t\t\t\t\t<h2 class=\"page-header first-page-header\">Abrindo Portas: 50|50 pela equidade de g\u00eanero na comunica\u00e7\u00e3o<\/h2><h6>Juliana Petermann, Fernanda Sagrilo Andres, Carolina Minuzzi Murari, Ariadni Loose e Lara Timm Cezar<\/h6>\t\t\t\t\t\t<\/div>\n\t\t\t\t<\/div>\n\t\t\t\t\t<\/div>\n\t\t<\/div>\n\t\t\t\t\t<\/div>\n\t\t<\/section>\n\t\t\t\t<section class=\"elementor-section elementor-top-section elementor-element elementor-element-7ae10c85 elementor-section-boxed elementor-section-height-default elementor-section-height-default\" data-id=\"7ae10c85\" data-element_type=\"section\">\n\t\t\t\t\t\t<div class=\"elementor-container elementor-column-gap-default\">\n\t\t\t\t\t<div class=\"elementor-column elementor-col-100 elementor-top-column elementor-element elementor-element-73831afd\" data-id=\"73831afd\" data-element_type=\"column\">\n\t\t\t<div class=\"elementor-widget-wrap elementor-element-populated\">\n\t\t\t\t\t\t<div class=\"elementor-element elementor-element-10177bda elementor-widget elementor-widget-wp-widget-ufsm_manancial_ficha_apresentacao\" data-id=\"10177bda\" data-element_type=\"widget\" data-widget_type=\"wp-widget-ufsm_manancial_ficha_apresentacao.default\">\n\t\t\t\t<div class=\"elementor-widget-container\">\n\t\t\t<div class=\"row g-0\">\n    <div class=\"col-12 col-lg-5\">\n        <div class=\"card rounded-0 bg-primary text-white\">\n                            <img decoding=\"async\" src=\"https:\/\/repositorio.ufsm.br\/bitstream\/handle\/1\/27817\/Capa- Abrindo Portas.JPG\" class=\"img-fluid img-thumbnail mx-5 mt-5 mb-1\" >\n                        <div class=\"card-body bg-transparent-on-contraste ms-4 ps-4 me-3\">\n                <p class=\"card-title fs-5 lh-sm\">Abrindo Portas: 50|50 pela equidade de g\u00eanero na comunica\u00e7\u00e3o<\/p>\n                <div class=\"d-flex flex-wrap\">\n                    <a href=\"https:\/\/repositorio.ufsm.br\/handle\/1\/27817\" class=\"small link-light underline-on-hover me-3\" target=\"_blank\">\n                        <i class=\"fa fa-external-link me-1\" aria-hidden=\"true\"><\/i>\n                        Ver no Manancial\n                    <\/a>\n                                            <a href=\"https:\/\/repositorio.ufsm.br\/bitstream\/handle\/1\/27817\/Livro Abrindo Portas - Projeto 5050.pdf\" class=\"small link-light underline-on-hover\" target=\"_blank\">\n                            <i class=\"fa fa-file-pdf-o me-1\" aria-hidden=\"true\"><\/i>\n                            Ver o PDF\n                        <\/a>\n                                                        <\/div>\n            <\/div>\n        <\/div>\n    <\/div>\n    <div class=\"col-12 col-lg-7 d-flex\">\n        <div class=\"card rounded-0 rounded-end border-0 shadow w-100\">\n            <div class=\"card-body bg-transparent-on-contraste my-2 mx-3\">\n                <ul class=\"nav nav-pills justify-content-center\" id=\"46809422-72b4-4e7e-9aee-6d5791446f47\" role=\"tablist\">\n                    <li class=\"nav-item\" role=\"presentation\">\n            <button class=\"nav-link active\" id=\"section-46809422-72b4-4e7e-9aee-6d5791446f47-resumo-tab\" data-bs-toggle=\"tab\" data-bs-target=\"#section-46809422-72b4-4e7e-9aee-6d5791446f47-resumo\" type=\"button\" role=\"tab\" aria-controls=\"section-46809422-72b4-4e7e-9aee-6d5791446f47-resumo\"  aria-selected=\"true\" >Resumo<\/button>\n        <\/li>\n                    <li class=\"nav-item\" role=\"presentation\">\n            <button class=\"nav-link \" id=\"section-46809422-72b4-4e7e-9aee-6d5791446f47-autoria-tab\" data-bs-toggle=\"tab\" data-bs-target=\"#section-46809422-72b4-4e7e-9aee-6d5791446f47-autoria\" type=\"button\" role=\"tab\" aria-controls=\"section-46809422-72b4-4e7e-9aee-6d5791446f47-autoria\" >Autoria<\/button>\n        <\/li>\n                    <li class=\"nav-item\" role=\"presentation\">\n            <button class=\"nav-link \" id=\"section-46809422-72b4-4e7e-9aee-6d5791446f47-outros-dados-tab\" data-bs-toggle=\"tab\" data-bs-target=\"#section-46809422-72b4-4e7e-9aee-6d5791446f47-outros-dados\" type=\"button\" role=\"tab\" aria-controls=\"section-46809422-72b4-4e7e-9aee-6d5791446f47-outros-dados\" >Dados da Obra<\/button>\n        <\/li>\n                    <li class=\"nav-item\" role=\"presentation\">\n            <button class=\"nav-link \" id=\"section-46809422-72b4-4e7e-9aee-6d5791446f47-cnpq-tab\" data-bs-toggle=\"tab\" data-bs-target=\"#section-46809422-72b4-4e7e-9aee-6d5791446f47-cnpq\" type=\"button\" role=\"tab\" aria-controls=\"section-46809422-72b4-4e7e-9aee-6d5791446f47-cnpq\" >CNPq<\/button>\n        <\/li>\n    <\/ul>\n<div class=\"tab-content\" id=\"46809422-72b4-4e7e-9aee-6d5791446f47Content\">\n            <div class=\"tab-pane fade show active pt-3\" id=\"section-46809422-72b4-4e7e-9aee-6d5791446f47-resumo\" role=\"tabpanel\" aria-labelledby=\"section-46809422-72b4-4e7e-9aee-6d5791446f47-resumo-tab\">\n            Cinco cap\u00edtulos, muita hist\u00f3ria para contar (e muito futuro para sonhar). O primeiro - CHAVE 1 - Encarando as portas fechadas - apresenta o contexto em que o projeto foi criado, discute as quest\u00f5es de desigualdade de g\u00eanero na publicidade e problematiza a configurac\u0327a\u0303o de ge\u0302nero na comunica\u00e7\u00e3o.  O segundo - CHAVE 2 - Quem somos? - revela o processo de cria\u00e7\u00e3o do 50|50.  O terceiro - CHAVE 3 - Nossas portas - exibe uma linha hist\u00f3rica dos principais acontecimentos por edi\u00e7\u00e3o. O quarto - CHAVE 4 - M\u00e9todo 50|50 - explica a metodologia empregada no projeto e que tamb\u00e9m pode ser aplicada em outras institui\u00e7\u00f5es. Al\u00e9m disso, ainda antecipa os pr\u00f3ximos passos do 50|50. O quinto - CHAVE 5 - Inspira\u00e7\u00f5es - traz um compilado das entrevistas com as palestrantes da edi\u00e7\u00e3o 2021 (Mulher e s\u00edndrome de impostora: Dani Arrais;  Coletividade, criatividade e mudan\u00e7a social: Dani Mattos; Mulheres na lideran\u00e7a: Ana Cortat; e Criatividade e Diversidade: Joana Mendes).        <\/div>\n            <div class=\"tab-pane fade  pt-3\" id=\"section-46809422-72b4-4e7e-9aee-6d5791446f47-autoria\" role=\"tabpanel\" aria-labelledby=\"section-46809422-72b4-4e7e-9aee-6d5791446f47-autoria-tab\">\n            <div class=\"row row-cols-1 row-cols-md-2\">\n            <div class=\"col p-1\">\n            <div class=\"border-bottom border-1 h-100\">\n                Petermann, Juliana            <\/div>\n        <\/div>\n            <div class=\"col p-1\">\n            <div class=\"border-bottom border-1 h-100\">\n                Andres, Fernanda Sagrilo            <\/div>\n        <\/div>\n            <div class=\"col p-1\">\n            <div class=\"border-bottom border-1 h-100\">\n                Murari, Carolina Minuzzi            <\/div>\n        <\/div>\n            <div class=\"col p-1\">\n            <div class=\"border-bottom border-1 h-100\">\n                Loose, Ariadni            <\/div>\n        <\/div>\n            <div class=\"col p-1\">\n            <div class=\"border-bottom border-1 h-100\">\n                Cezar, Lara Timm            <\/div>\n        <\/div>\n        \n<\/div>\n        <\/div>\n            <div class=\"tab-pane fade  pt-3\" id=\"section-46809422-72b4-4e7e-9aee-6d5791446f47-outros-dados\" role=\"tabpanel\" aria-labelledby=\"section-46809422-72b4-4e7e-9aee-6d5791446f47-outros-dados-tab\">\n            <dl class=\"row\">\n    <dt class=\"col-12 col-md-3\">Publica\u00e7\u00e3o<\/dt>\n    <dd class=\"col-12 col-md-9\">\n        <dl class=\"row\">\n            <dt class=\"col-12 col-md-4\">Ano<\/dt>\n            <dd class=\"col-12 col-md-8\">2022<\/dd>\n            <dt class=\"col-12 col-md-4\">ISBN<\/dt>\n            <dd class=\"col-12 col-md-8\">978-65-5773-046-1, 978-65-5773-045-4<\/dd>\n        <\/dl>\n    <\/dd>\n            <dt class=\"col-12 col-md-3\">Refer\u00eancia<\/dt>\n        <dd class=\"col-12 col-md-9\">PETERMANN, Juliana; et al. Abrindo portas [recurso eletr\u00f4nico]: 50\u040650 pela equidade de g\u00eanero na comunica\u00e7\u00e3o. Santa Maria: FACOS-UFSM, 2022.<\/dd>\n                <dt class=\"col-12 col-md-3\">Assuntos<\/dt>\n        <dd class=\"col-12 col-md-9\">Comunica\u00e7\u00e3o;<br>Equidade;<br>G\u00eanero<\/dd>\n                <dt class=\"col-12 col-md-3\">Licen\u00e7a<\/dt>\n        <dd class=\"col-12 col-md-9\">\n            Acesso Aberto;<br>Attribution-NonCommercial-NoDerivatives 4.0 International;<br><a target='_blank' href='http:\/\/creativecommons.org\/licenses\/by-nc-nd\/4.0\/'>http:\/\/creativecommons.org\/licenses\/by-nc-nd\/4.0\/<\/a>        <\/dd>\n        \n<\/dl>\n        <\/div>\n            <div class=\"tab-pane fade  pt-3\" id=\"section-46809422-72b4-4e7e-9aee-6d5791446f47-cnpq\" role=\"tabpanel\" aria-labelledby=\"section-46809422-72b4-4e7e-9aee-6d5791446f47-cnpq-tab\">\n            <dl class=\"row\">\n    <dt class=\"col-12 col-md-3\">Grande \u00e1rea<\/dt>\n    <dd class=\"col-12 col-md-9 text-capitalize\">ciencias sociais aplicadas<\/dd>\n    \n            <dt class=\"col-12 col-md-3\">\u00c1rea<\/dt>\n        <dd class=\"col-12 col-md-9 text-capitalize\">comunicacao<\/dd>\n        \n            \n    <\/dl>\n        <\/div>\n    <\/div>\n            <\/div>\n        <\/div>\n    <\/div>\n<\/div>\n\t\t<\/div>\n\t\t\t\t<\/div>\n\t\t\t\t<div class=\"elementor-element elementor-element-6a9f09da elementor-widget elementor-widget-spacer\" data-id=\"6a9f09da\" data-element_type=\"widget\" data-widget_type=\"spacer.default\">\n\t\t\t\t<div class=\"elementor-widget-container\">\n\t\t\t\t\t<div class=\"elementor-spacer\">\n\t\t\t<div class=\"elementor-spacer-inner\"><\/div>\n\t\t<\/div>\n\t\t\t\t<\/div>\n\t\t\t\t<\/div>\n\t\t\t\t<div class=\"elementor-element elementor-element-12afbd68 elementor-widget elementor-widget-wp-widget-ufsm_noticias_widget\" data-id=\"12afbd68\" data-element_type=\"widget\" data-widget_type=\"wp-widget-ufsm_noticias_widget.default\">\n\t\t\t\t<div class=\"elementor-widget-container\">\n\t\t\t<h5 class='titulo-conteudos'>Publica\u00e7\u00f5es Relacionadas<\/h5><div class='widget-noticias-inside'>\n                        <div class=\"row\">\n                                    <div class=\"col-12 col-lg-3 pb-4\">\n                                            <div class=\"noticias-widget-wrap\" style=\"height: 280px; overflow: hidden;\">\n                            <a title=\"Territ\u00f3rios conectados pela sororidade\" href=\"https:\/\/www.ufsm.br\/editoras\/facos\/territorios-conectados-pela-sororidade\">\n                                <span class=\"visually-hidden\">\n                                    Territ\u00f3rios conectados pela sororidade                                <\/span>\n                                <div class=\"noticias-widget-thumbs h-100\">\n                                    <img decoding=\"async\" class=\"object-fit-cover h-100 w-100\" alt=\"\" srcset=\"https:\/\/www.ufsm.br\/app\/uploads\/sites\/746\/2026\/03\/Territorios-conectados-212x300.jpg 212w, https:\/\/www.ufsm.br\/app\/uploads\/sites\/746\/2026\/03\/Territorios-conectados-724x1024.jpg 724w, https:\/\/www.ufsm.br\/app\/uploads\/sites\/746\/2026\/03\/Territorios-conectados-768x1086.jpg 768w, https:\/\/www.ufsm.br\/app\/uploads\/sites\/746\/2026\/03\/Territorios-conectados-1086x1536.jpg 1086w, https:\/\/www.ufsm.br\/app\/uploads\/sites\/746\/2026\/03\/Territorios-conectados-1448x2048.jpg 1448w, https:\/\/www.ufsm.br\/app\/uploads\/sites\/746\/2026\/03\/Territorios-conectados-scaled.jpg 1810w\" src=\"https:\/\/www.ufsm.br\/app\/uploads\/sites\/746\/2026\/03\/Territorios-conectados-724x1024.jpg\"><\/img>\n                                <\/div>\n                            <\/a>\n                        <\/div>\n                                        \n                                        \n                    \n                    <a class=\"noticias-widget-title d-block  m-0 \"  title=\"Territ\u00f3rios conectados pela sororidade\" href=\"https:\/\/www.ufsm.br\/editoras\/facos\/territorios-conectados-pela-sororidade\">\n                                                Territ\u00f3rios conectados pela sororidade                    <\/a>\n                    \n                    \n                                        \n                                        \n                                        <\/div>\n                                    <div class=\"col-12 col-lg-3 pb-4\">\n                                            <div class=\"noticias-widget-wrap\" style=\"height: 280px; overflow: hidden;\">\n                            <a title=\"Anais 7 SENAFE e 3 SEINFE\" href=\"https:\/\/www.ufsm.br\/editoras\/facos\/anais-vii-senafe-e-iii-seinfe\">\n                                <span class=\"visually-hidden\">\n                                    Anais 7 SENAFE e 3 SEINFE                                <\/span>\n                                <div class=\"noticias-widget-thumbs h-100\">\n                                    <img decoding=\"async\" class=\"object-fit-cover h-100 w-100\" alt=\"\" srcset=\"https:\/\/www.ufsm.br\/app\/uploads\/sites\/746\/2025\/11\/Anais-Senafe-2024-212x300.jpg 212w, https:\/\/www.ufsm.br\/app\/uploads\/sites\/746\/2025\/11\/Anais-Senafe-2024-724x1024.jpg 724w, https:\/\/www.ufsm.br\/app\/uploads\/sites\/746\/2025\/11\/Anais-Senafe-2024-768x1086.jpg 768w, https:\/\/www.ufsm.br\/app\/uploads\/sites\/746\/2025\/11\/Anais-Senafe-2024-1086x1536.jpg 1086w, https:\/\/www.ufsm.br\/app\/uploads\/sites\/746\/2025\/11\/Anais-Senafe-2024-1448x2048.jpg 1448w, https:\/\/www.ufsm.br\/app\/uploads\/sites\/746\/2025\/11\/Anais-Senafe-2024-scaled.jpg 1810w\" src=\"https:\/\/www.ufsm.br\/app\/uploads\/sites\/746\/2025\/11\/Anais-Senafe-2024-724x1024.jpg\"><\/img>\n                                <\/div>\n                            <\/a>\n                        <\/div>\n                                        \n                                        \n                    \n                    <a class=\"noticias-widget-title d-block  m-0 \"  title=\"Anais VII SENAFE e III SEINFE\u00a0\" href=\"https:\/\/www.ufsm.br\/editoras\/facos\/anais-vii-senafe-e-iii-seinfe\">\n                                                Anais VII SENAFE e III SEINFE\u00a0                    <\/a>\n                    \n                    \n                                        \n                                        \n                                        <\/div>\n                                    <div class=\"col-12 col-lg-3 pb-4\">\n                                            <div class=\"noticias-widget-wrap\" style=\"height: 280px; overflow: hidden;\">\n                            <a title=\"Capa do ebook Filosofia e Educa\u00e7\u00e3o\" href=\"https:\/\/www.ufsm.br\/editoras\/facos\/filosofia-e-educacao-sustentabilidade-violencia-escolar-e-formacao-para-a-cidadania\">\n                                <span class=\"visually-hidden\">\n                                    Capa do ebook Filosofia e Educa\u00e7\u00e3o                                <\/span>\n                                <div class=\"noticias-widget-thumbs h-100\">\n                                    <img decoding=\"async\" class=\"object-fit-cover h-100 w-100\" alt=\"\" srcset=\"https:\/\/www.ufsm.br\/app\/uploads\/sites\/746\/2025\/11\/Filosofia-e-educacao-212x300.jpg 212w, https:\/\/www.ufsm.br\/app\/uploads\/sites\/746\/2025\/11\/Filosofia-e-educacao-724x1024.jpg 724w, https:\/\/www.ufsm.br\/app\/uploads\/sites\/746\/2025\/11\/Filosofia-e-educacao-768x1086.jpg 768w, https:\/\/www.ufsm.br\/app\/uploads\/sites\/746\/2025\/11\/Filosofia-e-educacao-1086x1536.jpg 1086w, https:\/\/www.ufsm.br\/app\/uploads\/sites\/746\/2025\/11\/Filosofia-e-educacao.jpg 1092w\" src=\"https:\/\/www.ufsm.br\/app\/uploads\/sites\/746\/2025\/11\/Filosofia-e-educacao-724x1024.jpg\"><\/img>\n                                <\/div>\n                            <\/a>\n                        <\/div>\n                                        \n                                        \n                    \n                    <a class=\"noticias-widget-title d-block  m-0 \"  title=\"Filosofia e educa\u00e7\u00e3o: sustentabilidade, viol\u00eancia escolar e forma\u00e7\u00e3o para a cidadania\" href=\"https:\/\/www.ufsm.br\/editoras\/facos\/filosofia-e-educacao-sustentabilidade-violencia-escolar-e-formacao-para-a-cidadania\">\n                                                Filosofia e educa\u00e7\u00e3o: sustentabilidade, viol\u00eancia escolar e forma\u00e7\u00e3o para a cidadania                    <\/a>\n                    \n                    \n                                        \n                                        \n                                        <\/div>\n                                    <div class=\"col-12 col-lg-3 pb-4\">\n                                            <div class=\"noticias-widget-wrap\" style=\"height: 280px; overflow: hidden;\">\n                            <a title=\"Capa do livro Pesquisa e Desenvolvimento Criativo para divulga\u00e7\u00e3o de Indicadores da Educa\u00e7\u00e3o Superior\" href=\"https:\/\/www.ufsm.br\/editoras\/facos\/pesquisa-e-desenvolvimento-criativo-para-divulgacao-de-indicadores-da-educacao-superior\">\n                                <span class=\"visually-hidden\">\n                                    Capa do livro Pesquisa e Desenvolvimento Criativo para divulga\u00e7\u00e3o de Indicadores da Educa\u00e7\u00e3o Superior                                <\/span>\n                                <div class=\"noticias-widget-thumbs h-100\">\n                                    <img decoding=\"async\" class=\"object-fit-cover h-100 w-100\" alt=\"\" srcset=\"https:\/\/www.ufsm.br\/app\/uploads\/sites\/746\/2025\/10\/IMG-20251006-WA0112-212x300.jpg 212w, https:\/\/www.ufsm.br\/app\/uploads\/sites\/746\/2025\/10\/IMG-20251006-WA0112-722x1024.jpg 722w, https:\/\/www.ufsm.br\/app\/uploads\/sites\/746\/2025\/10\/IMG-20251006-WA0112-768x1089.jpg 768w, https:\/\/www.ufsm.br\/app\/uploads\/sites\/746\/2025\/10\/IMG-20251006-WA0112.jpg 840w\" src=\"https:\/\/www.ufsm.br\/app\/uploads\/sites\/746\/2025\/10\/IMG-20251006-WA0112-722x1024.jpg\"><\/img>\n                                <\/div>\n                            <\/a>\n                        <\/div>\n                                        \n                                        \n                    \n                    <a class=\"noticias-widget-title d-block  m-0 \"  title=\"Pesquisa e Desenvolvimento Criativo para divulga\u00e7\u00e3o de Indicadores da Educa\u00e7\u00e3o Superior\" href=\"https:\/\/www.ufsm.br\/editoras\/facos\/pesquisa-e-desenvolvimento-criativo-para-divulgacao-de-indicadores-da-educacao-superior\">\n                                                Pesquisa e Desenvolvimento Criativo para divulga\u00e7\u00e3o de Indicadores da Educa\u00e7\u00e3o Superior                    <\/a>\n                    \n                    \n                                        \n                                        \n                                        <\/div>\n                            <\/div>\n            <\/div>\n\t\t<\/div>\n\t\t\t\t<\/div>\n\t\t\t\t\t<\/div>\n\t\t<\/div>\n\t\t\t\t\t<\/div>\n\t\t<\/section>\n\t\t\t\t<\/div>\n\t\t","protected":false},"excerpt":{"rendered":"<p>Abrindo Portas: 50|50 pela equidade de g\u00eanero na comunica\u00e7\u00e3o Juliana Petermann, Fernanda Sagrilo Andres, Carolina Minuzzi Murari, Ariadni Loose e Lara Timm Cezar<\/p>\n","protected":false},"author":2180,"featured_media":448,"parent":0,"menu_order":0,"comment_status":"closed","ping_status":"closed","template":"","meta":{"footnotes":""},"categories":[24,141],"tags":[],"class_list":["post-447","page","type-page","status-publish","has-post-thumbnail","hentry","category-comunicacao","category-cultura"],"acf":[],"_links":{"self":[{"href":"https:\/\/www.ufsm.br\/editoras\/facos\/wp-json\/wp\/v2\/pages\/447","targetHints":{"allow":["GET"]}}],"collection":[{"href":"https:\/\/www.ufsm.br\/editoras\/facos\/wp-json\/wp\/v2\/pages"}],"about":[{"href":"https:\/\/www.ufsm.br\/editoras\/facos\/wp-json\/wp\/v2\/types\/page"}],"author":[{"embeddable":true,"href":"https:\/\/www.ufsm.br\/editoras\/facos\/wp-json\/wp\/v2\/users\/2180"}],"replies":[{"embeddable":true,"href":"https:\/\/www.ufsm.br\/editoras\/facos\/wp-json\/wp\/v2\/comments?post=447"}],"version-history":[{"count":0,"href":"https:\/\/www.ufsm.br\/editoras\/facos\/wp-json\/wp\/v2\/pages\/447\/revisions"}],"wp:featuredmedia":[{"embeddable":true,"href":"https:\/\/www.ufsm.br\/editoras\/facos\/wp-json\/wp\/v2\/media\/448"}],"wp:attachment":[{"href":"https:\/\/www.ufsm.br\/editoras\/facos\/wp-json\/wp\/v2\/media?parent=447"}],"wp:term":[{"taxonomy":"category","embeddable":true,"href":"https:\/\/www.ufsm.br\/editoras\/facos\/wp-json\/wp\/v2\/categories?post=447"},{"taxonomy":"post_tag","embeddable":true,"href":"https:\/\/www.ufsm.br\/editoras\/facos\/wp-json\/wp\/v2\/tags?post=447"}],"curies":[{"name":"wp","href":"https:\/\/api.w.org\/{rel}","templated":true}]}}