{"id":498,"date":"2023-04-26T14:39:04","date_gmt":"2023-04-26T17:39:04","guid":{"rendered":"https:\/\/www.ufsm.br\/editoras\/facos\/?page_id=498"},"modified":"2024-02-12T17:06:57","modified_gmt":"2024-02-12T20:06:57","slug":"novas-triades-semana-da-musica-contemporanea-no-rs-anais-do-evento","status":"publish","type":"page","link":"https:\/\/www.ufsm.br\/editoras\/facos\/novas-triades-semana-da-musica-contemporanea-no-rs-anais-do-evento","title":{"rendered":"Novas Tr\u00edades: Semana da M\u00fasica Contempor\u00e2nea no RS &#8211; Anais do Evento"},"content":{"rendered":"\t\t<div data-elementor-type=\"wp-page\" data-elementor-id=\"498\" class=\"elementor elementor-498\">\n\t\t\t\t\t\t<section class=\"elementor-section elementor-top-section elementor-element elementor-element-67ba04d7 elementor-section-boxed elementor-section-height-default elementor-section-height-default\" data-id=\"67ba04d7\" data-element_type=\"section\">\n\t\t\t\t\t\t<div class=\"elementor-container elementor-column-gap-default\">\n\t\t\t\t\t<div class=\"elementor-column elementor-col-100 elementor-top-column elementor-element elementor-element-23ee1bfb\" data-id=\"23ee1bfb\" data-element_type=\"column\">\n\t\t\t<div class=\"elementor-widget-wrap elementor-element-populated\">\n\t\t\t\t\t\t<div class=\"elementor-element elementor-element-79da5c14 elementor-widget elementor-widget-text-editor\" data-id=\"79da5c14\" data-element_type=\"widget\" data-widget_type=\"text-editor.default\">\n\t\t\t\t<div class=\"elementor-widget-container\">\n\t\t\t\t\t\t\t<h2 class=\"page-header first-page-header\">Novas Tr\u00edades: Semana da M\u00fasica Contempor\u00e2nea no RS &#8211; Anais do Evento<\/h2><h6>Arthur Rinaldi e Paulo Rios Filho (organizadores)<\/h6>\t\t\t\t\t\t<\/div>\n\t\t\t\t<\/div>\n\t\t\t\t\t<\/div>\n\t\t<\/div>\n\t\t\t\t\t<\/div>\n\t\t<\/section>\n\t\t\t\t<section class=\"elementor-section elementor-top-section elementor-element elementor-element-64e3b59e elementor-section-boxed elementor-section-height-default elementor-section-height-default\" data-id=\"64e3b59e\" data-element_type=\"section\">\n\t\t\t\t\t\t<div class=\"elementor-container elementor-column-gap-default\">\n\t\t\t\t\t<div class=\"elementor-column elementor-col-100 elementor-top-column elementor-element elementor-element-1ee2a1f4\" data-id=\"1ee2a1f4\" data-element_type=\"column\">\n\t\t\t<div class=\"elementor-widget-wrap elementor-element-populated\">\n\t\t\t\t\t\t<div class=\"elementor-element elementor-element-6b3ea0d6 elementor-widget elementor-widget-wp-widget-ufsm_manancial_ficha_apresentacao\" data-id=\"6b3ea0d6\" data-element_type=\"widget\" data-widget_type=\"wp-widget-ufsm_manancial_ficha_apresentacao.default\">\n\t\t\t\t<div class=\"elementor-widget-container\">\n\t\t\t<div class=\"row g-0\">\n    <div class=\"col-12 col-lg-5\">\n        <div class=\"card rounded-0 bg-primary text-white\">\n                            <img decoding=\"async\" src=\"https:\/\/repositorio.ufsm.br\/bitstream\/handle\/1\/28730\/novas_tr\u00edades_m\u00fasica.jpg\" class=\"img-fluid img-thumbnail mx-5 mt-5 mb-1\" >\n                        <div class=\"card-body bg-transparent-on-contraste ms-4 ps-4 me-3\">\n                <p class=\"card-title fs-5 lh-sm\">Novas Tr\u00edades: Semana da M\u00fasica Contempor\u00e2nea no RS - Anais do Evento<\/p>\n                <div class=\"d-flex flex-wrap\">\n                    <a href=\"https:\/\/repositorio.ufsm.br\/handle\/1\/28730\" class=\"small link-light underline-on-hover me-3\" target=\"_blank\">\n                        <i class=\"fa fa-external-link me-1\" aria-hidden=\"true\"><\/i>\n                        Ver no Manancial\n                    <\/a>\n                                            <a href=\"https:\/\/repositorio.ufsm.br\/bitstream\/handle\/1\/28730\/Anais - Novas Tr\u00edades 2022 - FACOS.pdf\" class=\"small link-light underline-on-hover\" target=\"_blank\">\n                            <i class=\"fa fa-file-pdf-o me-1\" aria-hidden=\"true\"><\/i>\n                            Ver o PDF\n                        <\/a>\n                                                        <\/div>\n            <\/div>\n        <\/div>\n    <\/div>\n    <div class=\"col-12 col-lg-7 d-flex\">\n        <div class=\"card rounded-0 rounded-end border-0 shadow w-100\">\n            <div class=\"card-body bg-transparent-on-contraste my-2 mx-3\">\n                <ul class=\"nav nav-pills justify-content-center\" id=\"18040fe2-9a14-4c3f-bcd8-7467c33cb4ab\" role=\"tablist\">\n                    <li class=\"nav-item\" role=\"presentation\">\n            <button class=\"nav-link active\" id=\"section-18040fe2-9a14-4c3f-bcd8-7467c33cb4ab-resumo-tab\" data-bs-toggle=\"tab\" data-bs-target=\"#section-18040fe2-9a14-4c3f-bcd8-7467c33cb4ab-resumo\" type=\"button\" role=\"tab\" aria-controls=\"section-18040fe2-9a14-4c3f-bcd8-7467c33cb4ab-resumo\"  aria-selected=\"true\" >Resumo<\/button>\n        <\/li>\n                    <li class=\"nav-item\" role=\"presentation\">\n            <button class=\"nav-link \" id=\"section-18040fe2-9a14-4c3f-bcd8-7467c33cb4ab-organizacao-tab\" data-bs-toggle=\"tab\" data-bs-target=\"#section-18040fe2-9a14-4c3f-bcd8-7467c33cb4ab-organizacao\" type=\"button\" role=\"tab\" aria-controls=\"section-18040fe2-9a14-4c3f-bcd8-7467c33cb4ab-organizacao\" >Organiza\u00e7\u00e3o<\/button>\n        <\/li>\n                    <li class=\"nav-item\" role=\"presentation\">\n            <button class=\"nav-link \" id=\"section-18040fe2-9a14-4c3f-bcd8-7467c33cb4ab-autoria-tab\" data-bs-toggle=\"tab\" data-bs-target=\"#section-18040fe2-9a14-4c3f-bcd8-7467c33cb4ab-autoria\" type=\"button\" role=\"tab\" aria-controls=\"section-18040fe2-9a14-4c3f-bcd8-7467c33cb4ab-autoria\" >Autoria<\/button>\n        <\/li>\n                    <li class=\"nav-item\" role=\"presentation\">\n            <button class=\"nav-link \" id=\"section-18040fe2-9a14-4c3f-bcd8-7467c33cb4ab-outros-dados-tab\" data-bs-toggle=\"tab\" data-bs-target=\"#section-18040fe2-9a14-4c3f-bcd8-7467c33cb4ab-outros-dados\" type=\"button\" role=\"tab\" aria-controls=\"section-18040fe2-9a14-4c3f-bcd8-7467c33cb4ab-outros-dados\" >Dados da Obra<\/button>\n        <\/li>\n                    <li class=\"nav-item\" role=\"presentation\">\n            <button class=\"nav-link \" id=\"section-18040fe2-9a14-4c3f-bcd8-7467c33cb4ab-cnpq-tab\" data-bs-toggle=\"tab\" data-bs-target=\"#section-18040fe2-9a14-4c3f-bcd8-7467c33cb4ab-cnpq\" type=\"button\" role=\"tab\" aria-controls=\"section-18040fe2-9a14-4c3f-bcd8-7467c33cb4ab-cnpq\" >CNPq<\/button>\n        <\/li>\n    <\/ul>\n<div class=\"tab-content\" id=\"18040fe2-9a14-4c3f-bcd8-7467c33cb4abContent\">\n            <div class=\"tab-pane fade show active pt-3\" id=\"section-18040fe2-9a14-4c3f-bcd8-7467c33cb4ab-resumo\" role=\"tabpanel\" aria-labelledby=\"section-18040fe2-9a14-4c3f-bcd8-7467c33cb4ab-resumo-tab\">\n            A obra consiste na publica\u00e7\u00e3o dos anais do evento \"Novas Tr\u00edades: Semana da M\u00fasica Contempor\u00e2nea no RS\", ocorrido entre os dias 22 e 24 de setembro de 2022 e que contou com uma programa\u00e7\u00e3o diversa voltada \u00e0 cria\u00e7\u00e3o musical contempor\u00e2nea: palestra, mesas-redondas, pain\u00e9is de comunica\u00e7\u00e3o e oficinas a realiza\u00e7\u00e3o de cinco concertos dedicados ao repert\u00f3rio contempor\u00e2neo. Todas as atividades foram gratuitas, com participa\u00e7\u00e3o mediante inscri\u00e7\u00e3o.        <\/div>\n            <div class=\"tab-pane fade  pt-3\" id=\"section-18040fe2-9a14-4c3f-bcd8-7467c33cb4ab-organizacao\" role=\"tabpanel\" aria-labelledby=\"section-18040fe2-9a14-4c3f-bcd8-7467c33cb4ab-organizacao-tab\">\n            <div class=\"row row-cols-1 row-cols-md-2\">\n            <div class=\"col p-1\">\n            <div class=\"border-bottom border-1 h-100\">\n                Rinaldi, Arthur            <\/div>\n        <\/div>\n            <div class=\"col p-1\">\n            <div class=\"border-bottom border-1 h-100\">\n                Rios Filho, Paulo            <\/div>\n        <\/div>\n        \n<\/div>\n        <\/div>\n            <div class=\"tab-pane fade  pt-3\" id=\"section-18040fe2-9a14-4c3f-bcd8-7467c33cb4ab-autoria\" role=\"tabpanel\" aria-labelledby=\"section-18040fe2-9a14-4c3f-bcd8-7467c33cb4ab-autoria-tab\">\n            <div class=\"row row-cols-1 row-cols-md-2\">\n            <div class=\"col p-1\">\n            <div class=\"border-bottom border-1 h-100\">\n                Rinaldi, Arthur            <\/div>\n        <\/div>\n            <div class=\"col p-1\">\n            <div class=\"border-bottom border-1 h-100\">\n                Rios Filho, Paulo            <\/div>\n        <\/div>\n        \n<\/div>\n        <\/div>\n            <div class=\"tab-pane fade  pt-3\" id=\"section-18040fe2-9a14-4c3f-bcd8-7467c33cb4ab-outros-dados\" role=\"tabpanel\" aria-labelledby=\"section-18040fe2-9a14-4c3f-bcd8-7467c33cb4ab-outros-dados-tab\">\n            <dl class=\"row\">\n    <dt class=\"col-12 col-md-3\">Publica\u00e7\u00e3o<\/dt>\n    <dd class=\"col-12 col-md-9\">\n        <dl class=\"row\">\n            <dt class=\"col-12 col-md-4\">Ano<\/dt>\n            <dd class=\"col-12 col-md-8\">2023<\/dd>\n            <dt class=\"col-12 col-md-4\">ISBN<\/dt>\n            <dd class=\"col-12 col-md-8\">9786588403853<\/dd>\n        <\/dl>\n    <\/dd>\n            <dt class=\"col-12 col-md-3\">Refer\u00eancia<\/dt>\n        <dd class=\"col-12 col-md-9\">RINALDI, Arthur; RIOS FILHO, Paulo (orgs.). Novas tr\u00edades: semana da m\u00fasica contempor\u00e2nea no RS - Anais do evento. Santa Maria\/RS, 22 a 24 de setembro de 2022. Santa Maria, RS: FACOS-UFSM, 2023.<\/dd>\n                <dt class=\"col-12 col-md-3\">Assuntos<\/dt>\n        <dd class=\"col-12 col-md-9\">M\u00fasica;<br>Evento;<br>Composi\u00e7\u00e3o musical;<br>M\u00fasica contempor\u00e2nea<\/dd>\n                <dt class=\"col-12 col-md-3\">Licen\u00e7a<\/dt>\n        <dd class=\"col-12 col-md-9\">\n            Acesso Aberto;<br>Attribution-NonCommercial-NoDerivatives 4.0 International;<br><a target='_blank' href='http:\/\/creativecommons.org\/licenses\/by-nc-nd\/4.0\/'>http:\/\/creativecommons.org\/licenses\/by-nc-nd\/4.0\/<\/a>        <\/dd>\n        \n<\/dl>\n        <\/div>\n            <div class=\"tab-pane fade  pt-3\" id=\"section-18040fe2-9a14-4c3f-bcd8-7467c33cb4ab-cnpq\" role=\"tabpanel\" aria-labelledby=\"section-18040fe2-9a14-4c3f-bcd8-7467c33cb4ab-cnpq-tab\">\n            <dl class=\"row\">\n    <dt class=\"col-12 col-md-3\">Grande \u00e1rea<\/dt>\n    <dd class=\"col-12 col-md-9 text-capitalize\">linguistica, letras e artes<\/dd>\n    \n            <dt class=\"col-12 col-md-3\">\u00c1rea<\/dt>\n        <dd class=\"col-12 col-md-9 text-capitalize\">artes<\/dd>\n        \n                    <dt class=\"col-12 col-md-3\">Sub\u00e1rea<\/dt>\n            <dd class=\"col-12 col-md-9 text-capitalize\">musica<\/dd>\n            \n                    \n            \n    <\/dl>\n<hr class=\"border border-top border-secondary mb-3\"><dl class=\"row\">\n    <dt class=\"col-12 col-md-3\">Grande \u00e1rea<\/dt>\n    <dd class=\"col-12 col-md-9 text-capitalize\">linguistica, letras e artes<\/dd>\n    \n            <dt class=\"col-12 col-md-3\">\u00c1rea<\/dt>\n        <dd class=\"col-12 col-md-9 text-capitalize\">artes<\/dd>\n        \n                    <dt class=\"col-12 col-md-3\">Sub\u00e1rea<\/dt>\n            <dd class=\"col-12 col-md-9 text-capitalize\">musica<\/dd>\n            \n                            <dt class=\"col-12 col-md-3\">Especialidade<\/dt>\n                <dd class=\"col-12 col-md-9 text-capitalize\">composicao musical<\/dd>\n                    \n            \n    <\/dl>\n        <\/div>\n    <\/div>\n            <\/div>\n        <\/div>\n    <\/div>\n<\/div>\n\t\t<\/div>\n\t\t\t\t<\/div>\n\t\t\t\t<div class=\"elementor-element elementor-element-517c1dec elementor-widget elementor-widget-spacer\" data-id=\"517c1dec\" data-element_type=\"widget\" data-widget_type=\"spacer.default\">\n\t\t\t\t<div class=\"elementor-widget-container\">\n\t\t\t\t\t<div class=\"elementor-spacer\">\n\t\t\t<div class=\"elementor-spacer-inner\"><\/div>\n\t\t<\/div>\n\t\t\t\t<\/div>\n\t\t\t\t<\/div>\n\t\t\t\t<div class=\"elementor-element elementor-element-2a7cabc7 elementor-widget elementor-widget-wp-widget-ufsm_noticias_widget\" data-id=\"2a7cabc7\" data-element_type=\"widget\" data-widget_type=\"wp-widget-ufsm_noticias_widget.default\">\n\t\t\t\t<div class=\"elementor-widget-container\">\n\t\t\t<h5 class='titulo-conteudos'>Publica\u00e7\u00f5es Relacionadas<\/h5><div class='widget-noticias-inside'>\n                        <div class=\"row\">\n                                    <div class=\"col-12 col-lg-3 pb-4\">\n                                            <div class=\"noticias-widget-wrap\" style=\"height: 280px; overflow: hidden;\">\n                            <a title=\"\" href=\"https:\/\/www.ufsm.br\/editoras\/facos\/arte-y-pedagogia\">\n                                <span class=\"visually-hidden\">\n                                    Arte y Pedagog\u00eda                                <\/span>\n                                <div class=\"noticias-widget-thumbs h-100\">\n                                    <img decoding=\"async\" class=\"object-fit-cover h-100 w-100\" alt=\"\" srcset=\"https:\/\/www.ufsm.br\/app\/uploads\/sites\/746\/2023\/11\/template-arte-y-pedagogia-300x169.jpg 300w, https:\/\/www.ufsm.br\/app\/uploads\/sites\/746\/2023\/11\/template-arte-y-pedagogia-1024x576.jpg 1024w, https:\/\/www.ufsm.br\/app\/uploads\/sites\/746\/2023\/11\/template-arte-y-pedagogia-768x432.jpg 768w, https:\/\/www.ufsm.br\/app\/uploads\/sites\/746\/2023\/11\/template-arte-y-pedagogia.jpg 1200w\" src=\"https:\/\/www.ufsm.br\/app\/uploads\/sites\/746\/2023\/11\/template-arte-y-pedagogia-1024x576.jpg\"><\/img>\n                                <\/div>\n                            <\/a>\n                        <\/div>\n                                        \n                                        \n                    \n                    <a class=\"noticias-widget-title d-block  m-0 \"  title=\"Arte y Pedagog\u00eda\" href=\"https:\/\/www.ufsm.br\/editoras\/facos\/arte-y-pedagogia\">\n                                                Arte y Pedagog\u00eda                    <\/a>\n                    \n                    \n                                        \n                                        \n                                        <\/div>\n                                    <div class=\"col-12 col-lg-3 pb-4\">\n                                            <div class=\"noticias-widget-wrap\" style=\"height: 280px; overflow: hidden;\">\n                            <a title=\"\" href=\"https:\/\/www.ufsm.br\/editoras\/facos\/que-horas-ela-volta-elos-e-nexos-entre-o-audiovisual-e-a-interdisciplinaridade\">\n                                <span class=\"visually-hidden\">\n                                    Que horas ela volta? Elos e nexos entre o audiovisual e a interdisciplinaridade                                <\/span>\n                                <div class=\"noticias-widget-thumbs h-100\">\n                                    <img decoding=\"async\" class=\"object-fit-cover h-100 w-100\" alt=\"\" srcset=\"https:\/\/www.ufsm.br\/app\/uploads\/sites\/746\/2023\/07\/template-capas-siteque_horas_ela_volta-300x169.jpg 300w, https:\/\/www.ufsm.br\/app\/uploads\/sites\/746\/2023\/07\/template-capas-siteque_horas_ela_volta-1024x576.jpg 1024w, https:\/\/www.ufsm.br\/app\/uploads\/sites\/746\/2023\/07\/template-capas-siteque_horas_ela_volta-768x432.jpg 768w, https:\/\/www.ufsm.br\/app\/uploads\/sites\/746\/2023\/07\/template-capas-siteque_horas_ela_volta.jpg 1200w\" src=\"https:\/\/www.ufsm.br\/app\/uploads\/sites\/746\/2023\/07\/template-capas-siteque_horas_ela_volta-1024x576.jpg\"><\/img>\n                                <\/div>\n                            <\/a>\n                        <\/div>\n                                        \n                                        \n                    \n                    <a class=\"noticias-widget-title d-block  m-0 \"  title=\"Que horas ela volta? Elos e nexos entre o audiovisual e a interdisciplinaridade\" href=\"https:\/\/www.ufsm.br\/editoras\/facos\/que-horas-ela-volta-elos-e-nexos-entre-o-audiovisual-e-a-interdisciplinaridade\">\n                                                Que horas ela volta? Elos e nexos entre o audiovisual e a interdisciplinaridade                    <\/a>\n                    \n                    \n                                        \n                                        \n                                        <\/div>\n                                    <div class=\"col-12 col-lg-3 pb-4\">\n                                            <div class=\"noticias-widget-wrap\" style=\"height: 280px; overflow: hidden;\">\n                            <a title=\"\" href=\"https:\/\/www.ufsm.br\/editoras\/facos\/novas-triades-semana-da-musica-contemporanea-no-rs-anais-do-evento\">\n                                <span class=\"visually-hidden\">\n                                    Novas Tr\u00edades: Semana da M\u00fasica Contempor\u00e2nea no RS &#8211; Anais do Evento                                <\/span>\n                                <div class=\"noticias-widget-thumbs h-100\">\n                                    <img decoding=\"async\" class=\"object-fit-cover h-100 w-100\" alt=\"\" srcset=\"https:\/\/www.ufsm.br\/app\/uploads\/sites\/746\/2023\/04\/template-capas-novas-triades-musica-300x169.jpg 300w, https:\/\/www.ufsm.br\/app\/uploads\/sites\/746\/2023\/04\/template-capas-novas-triades-musica-1024x576.jpg 1024w, https:\/\/www.ufsm.br\/app\/uploads\/sites\/746\/2023\/04\/template-capas-novas-triades-musica-768x432.jpg 768w, https:\/\/www.ufsm.br\/app\/uploads\/sites\/746\/2023\/04\/template-capas-novas-triades-musica.jpg 1200w\" src=\"https:\/\/www.ufsm.br\/app\/uploads\/sites\/746\/2023\/04\/template-capas-novas-triades-musica-1024x576.jpg\"><\/img>\n                                <\/div>\n                            <\/a>\n                        <\/div>\n                                        \n                                        \n                    \n                    <a class=\"noticias-widget-title d-block  m-0 \"  title=\"Novas Tr\u00edades: Semana da M\u00fasica Contempor\u00e2nea no RS &#8211; Anais do Evento\" href=\"https:\/\/www.ufsm.br\/editoras\/facos\/novas-triades-semana-da-musica-contemporanea-no-rs-anais-do-evento\">\n                                                Novas Tr\u00edades: Semana da M\u00fasica Contempor\u00e2nea no RS &#8211; Anais do Evento                    <\/a>\n                    \n                    \n                                        \n                                        \n                                        <\/div>\n                                    <div class=\"col-12 col-lg-3 pb-4\">\n                                            <div class=\"noticias-widget-wrap\" style=\"height: 280px; overflow: hidden;\">\n                            <a title=\"\" href=\"https:\/\/www.ufsm.br\/editoras\/facos\/colecionismo-entre-renomados-e-emergentes-2\">\n                                <span class=\"visually-hidden\">\n                                    Colecionismo: entre renomados e emergentes                                <\/span>\n                                <div class=\"noticias-widget-thumbs h-100\">\n                                    <img decoding=\"async\" class=\"object-fit-cover h-100 w-100\" alt=\"\" srcset=\"https:\/\/www.ufsm.br\/app\/uploads\/sites\/746\/2021\/07\/Colecionismo-entre-renomados-e-emergentes-1-300x169.jpg 300w, https:\/\/www.ufsm.br\/app\/uploads\/sites\/746\/2021\/07\/Colecionismo-entre-renomados-e-emergentes-1-1024x576.jpg 1024w, https:\/\/www.ufsm.br\/app\/uploads\/sites\/746\/2021\/07\/Colecionismo-entre-renomados-e-emergentes-1-768x432.jpg 768w, https:\/\/www.ufsm.br\/app\/uploads\/sites\/746\/2021\/07\/Colecionismo-entre-renomados-e-emergentes-1.jpg 1200w\" src=\"https:\/\/www.ufsm.br\/app\/uploads\/sites\/746\/2021\/07\/Colecionismo-entre-renomados-e-emergentes-1-1024x576.jpg\"><\/img>\n                                <\/div>\n                            <\/a>\n                        <\/div>\n                                        \n                                        \n                    \n                    <a class=\"noticias-widget-title d-block  m-0 \"  title=\"Colecionismo: entre renomados e emergentes\" href=\"https:\/\/www.ufsm.br\/editoras\/facos\/colecionismo-entre-renomados-e-emergentes-2\">\n                                                Colecionismo: entre renomados e emergentes                    <\/a>\n                    \n                    \n                                        \n                                        \n                                        <\/div>\n                            <\/div>\n            <\/div>\n\t\t<\/div>\n\t\t\t\t<\/div>\n\t\t\t\t\t<\/div>\n\t\t<\/div>\n\t\t\t\t\t<\/div>\n\t\t<\/section>\n\t\t\t\t<\/div>\n\t\t","protected":false},"excerpt":{"rendered":"<p>Novas Tr\u00edades: Semana da M\u00fasica Contempor\u00e2nea no RS &#8211; Anais do Evento Arthur Rinaldi e Paulo Rios Filho (organizadores)<\/p>\n","protected":false},"author":2180,"featured_media":499,"parent":0,"menu_order":0,"comment_status":"closed","ping_status":"closed","template":"","meta":{"footnotes":""},"categories":[143],"tags":[],"class_list":["post-498","page","type-page","status-publish","has-post-thumbnail","hentry","category-arte"],"acf":[],"_links":{"self":[{"href":"https:\/\/www.ufsm.br\/editoras\/facos\/wp-json\/wp\/v2\/pages\/498","targetHints":{"allow":["GET"]}}],"collection":[{"href":"https:\/\/www.ufsm.br\/editoras\/facos\/wp-json\/wp\/v2\/pages"}],"about":[{"href":"https:\/\/www.ufsm.br\/editoras\/facos\/wp-json\/wp\/v2\/types\/page"}],"author":[{"embeddable":true,"href":"https:\/\/www.ufsm.br\/editoras\/facos\/wp-json\/wp\/v2\/users\/2180"}],"replies":[{"embeddable":true,"href":"https:\/\/www.ufsm.br\/editoras\/facos\/wp-json\/wp\/v2\/comments?post=498"}],"version-history":[{"count":0,"href":"https:\/\/www.ufsm.br\/editoras\/facos\/wp-json\/wp\/v2\/pages\/498\/revisions"}],"wp:featuredmedia":[{"embeddable":true,"href":"https:\/\/www.ufsm.br\/editoras\/facos\/wp-json\/wp\/v2\/media\/499"}],"wp:attachment":[{"href":"https:\/\/www.ufsm.br\/editoras\/facos\/wp-json\/wp\/v2\/media?parent=498"}],"wp:term":[{"taxonomy":"category","embeddable":true,"href":"https:\/\/www.ufsm.br\/editoras\/facos\/wp-json\/wp\/v2\/categories?post=498"},{"taxonomy":"post_tag","embeddable":true,"href":"https:\/\/www.ufsm.br\/editoras\/facos\/wp-json\/wp\/v2\/tags?post=498"}],"curies":[{"name":"wp","href":"https:\/\/api.w.org\/{rel}","templated":true}]}}