{"id":510,"date":"2023-07-17T13:14:38","date_gmt":"2023-07-17T16:14:38","guid":{"rendered":"https:\/\/www.ufsm.br\/editoras\/facos\/?page_id=510"},"modified":"2024-02-12T17:05:20","modified_gmt":"2024-02-12T20:05:20","slug":"que-horas-ela-volta-elos-e-nexos-entre-o-audiovisual-e-a-interdisciplinaridade","status":"publish","type":"page","link":"https:\/\/www.ufsm.br\/editoras\/facos\/que-horas-ela-volta-elos-e-nexos-entre-o-audiovisual-e-a-interdisciplinaridade","title":{"rendered":"Que horas ela volta? Elos e nexos entre o audiovisual e a interdisciplinaridade"},"content":{"rendered":"\t\t<div data-elementor-type=\"wp-page\" data-elementor-id=\"510\" class=\"elementor elementor-510\">\n\t\t\t\t\t\t<section class=\"elementor-section elementor-top-section elementor-element elementor-element-50b4883 elementor-section-boxed elementor-section-height-default elementor-section-height-default\" data-id=\"50b4883\" data-element_type=\"section\">\n\t\t\t\t\t\t<div class=\"elementor-container elementor-column-gap-default\">\n\t\t\t\t\t<div class=\"elementor-column elementor-col-100 elementor-top-column elementor-element elementor-element-7a7e11e8\" data-id=\"7a7e11e8\" data-element_type=\"column\">\n\t\t\t<div class=\"elementor-widget-wrap elementor-element-populated\">\n\t\t\t\t\t\t<div class=\"elementor-element elementor-element-53871eb9 elementor-widget elementor-widget-text-editor\" data-id=\"53871eb9\" data-element_type=\"widget\" data-widget_type=\"text-editor.default\">\n\t\t\t\t<div class=\"elementor-widget-container\">\n\t\t\t\t\t\t\t<h1>Que horas ela volta? Elos e nexos entre o audiovisual e a interdisciplinaridade<\/h1><h6>Joel Felipe Guindani, Gerson Heidrich e Lourdes Silva (organizadores)<\/h6>\t\t\t\t\t\t<\/div>\n\t\t\t\t<\/div>\n\t\t\t\t\t<\/div>\n\t\t<\/div>\n\t\t\t\t\t<\/div>\n\t\t<\/section>\n\t\t\t\t<section class=\"elementor-section elementor-top-section elementor-element elementor-element-203290f1 elementor-section-boxed elementor-section-height-default elementor-section-height-default\" data-id=\"203290f1\" data-element_type=\"section\">\n\t\t\t\t\t\t<div class=\"elementor-container elementor-column-gap-default\">\n\t\t\t\t\t<div class=\"elementor-column elementor-col-100 elementor-top-column elementor-element elementor-element-639365f4\" data-id=\"639365f4\" data-element_type=\"column\">\n\t\t\t<div class=\"elementor-widget-wrap elementor-element-populated\">\n\t\t\t\t\t\t<div class=\"elementor-element elementor-element-166f9037 elementor-widget elementor-widget-wp-widget-ufsm_manancial_ficha_apresentacao\" data-id=\"166f9037\" data-element_type=\"widget\" data-widget_type=\"wp-widget-ufsm_manancial_ficha_apresentacao.default\">\n\t\t\t\t<div class=\"elementor-widget-container\">\n\t\t\t<div class=\"row g-0\">\n    <div class=\"col-12 col-lg-5\">\n        <div class=\"card rounded-0 bg-primary text-white\">\n                            <img decoding=\"async\" src=\"https:\/\/repositorio.ufsm.br\/bitstream\/handle\/1\/29627\/que_horas_ela_volta.jpg\" class=\"img-fluid img-thumbnail mx-5 mt-5 mb-1\" >\n                        <div class=\"card-body bg-transparent-on-contraste ms-4 ps-4 me-3\">\n                <p class=\"card-title fs-5 lh-sm\">Que horas ela volta? Elos e nexos entre o audiovisual e a interdisciplinaridade<\/p>\n                <div class=\"d-flex flex-wrap\">\n                    <a href=\"https:\/\/repositorio.ufsm.br\/handle\/1\/29627\" class=\"small link-light underline-on-hover me-3\" target=\"_blank\">\n                        <i class=\"fa fa-external-link me-1\" aria-hidden=\"true\"><\/i>\n                        Ver no Manancial\n                    <\/a>\n                                            <a href=\"https:\/\/repositorio.ufsm.br\/bitstream\/handle\/1\/29627\/Livro QUE HORAS ELA VOLTA - Arquivo final.pdf\" class=\"small link-light underline-on-hover\" target=\"_blank\">\n                            <i class=\"fa fa-file-pdf-o me-1\" aria-hidden=\"true\"><\/i>\n                            Ver o PDF\n                        <\/a>\n                                                        <\/div>\n            <\/div>\n        <\/div>\n    <\/div>\n    <div class=\"col-12 col-lg-7 d-flex\">\n        <div class=\"card rounded-0 rounded-end border-0 shadow w-100\">\n            <div class=\"card-body bg-transparent-on-contraste my-2 mx-3\">\n                <ul class=\"nav nav-pills justify-content-center\" id=\"5634a15c-39d9-4ae1-9b80-5d6e14c64e2b\" role=\"tablist\">\n                    <li class=\"nav-item\" role=\"presentation\">\n            <button class=\"nav-link active\" id=\"section-5634a15c-39d9-4ae1-9b80-5d6e14c64e2b-resumo-tab\" data-bs-toggle=\"tab\" data-bs-target=\"#section-5634a15c-39d9-4ae1-9b80-5d6e14c64e2b-resumo\" type=\"button\" role=\"tab\" aria-controls=\"section-5634a15c-39d9-4ae1-9b80-5d6e14c64e2b-resumo\"  aria-selected=\"true\" >Resumo<\/button>\n        <\/li>\n                    <li class=\"nav-item\" role=\"presentation\">\n            <button class=\"nav-link \" id=\"section-5634a15c-39d9-4ae1-9b80-5d6e14c64e2b-organizacao-tab\" data-bs-toggle=\"tab\" data-bs-target=\"#section-5634a15c-39d9-4ae1-9b80-5d6e14c64e2b-organizacao\" type=\"button\" role=\"tab\" aria-controls=\"section-5634a15c-39d9-4ae1-9b80-5d6e14c64e2b-organizacao\" >Organiza\u00e7\u00e3o<\/button>\n        <\/li>\n                    <li class=\"nav-item\" role=\"presentation\">\n            <button class=\"nav-link \" id=\"section-5634a15c-39d9-4ae1-9b80-5d6e14c64e2b-autoria-tab\" data-bs-toggle=\"tab\" data-bs-target=\"#section-5634a15c-39d9-4ae1-9b80-5d6e14c64e2b-autoria\" type=\"button\" role=\"tab\" aria-controls=\"section-5634a15c-39d9-4ae1-9b80-5d6e14c64e2b-autoria\" >Autoria<\/button>\n        <\/li>\n                    <li class=\"nav-item\" role=\"presentation\">\n            <button class=\"nav-link \" id=\"section-5634a15c-39d9-4ae1-9b80-5d6e14c64e2b-outros-dados-tab\" data-bs-toggle=\"tab\" data-bs-target=\"#section-5634a15c-39d9-4ae1-9b80-5d6e14c64e2b-outros-dados\" type=\"button\" role=\"tab\" aria-controls=\"section-5634a15c-39d9-4ae1-9b80-5d6e14c64e2b-outros-dados\" >Dados da Obra<\/button>\n        <\/li>\n                    <li class=\"nav-item\" role=\"presentation\">\n            <button class=\"nav-link \" id=\"section-5634a15c-39d9-4ae1-9b80-5d6e14c64e2b-cnpq-tab\" data-bs-toggle=\"tab\" data-bs-target=\"#section-5634a15c-39d9-4ae1-9b80-5d6e14c64e2b-cnpq\" type=\"button\" role=\"tab\" aria-controls=\"section-5634a15c-39d9-4ae1-9b80-5d6e14c64e2b-cnpq\" >CNPq<\/button>\n        <\/li>\n    <\/ul>\n<div class=\"tab-content\" id=\"5634a15c-39d9-4ae1-9b80-5d6e14c64e2bContent\">\n            <div class=\"tab-pane fade show active pt-3\" id=\"section-5634a15c-39d9-4ae1-9b80-5d6e14c64e2b-resumo\" role=\"tabpanel\" aria-labelledby=\"section-5634a15c-39d9-4ae1-9b80-5d6e14c64e2b-resumo-tab\">\n            A presente obra \u00e9 uma investiga\u00e7\u00e3o origin\u00e1ria de distintos grupos interinstitucionais de pesquisa e d\u00e1 continuidade \u00e0 experi\u00eancia\r\ndesenvolvida no bi\u00eanio anterior, que resultou na publica\u00e7\u00e3o do livro Auto da Compadecida: interfaces interdisciplinares (Ed. Meraki, 2021). A pesquisa deste bi\u00eanio \u00e9 intitulada Que horas ela volta? Elos e nexos entre o audiovisual e a interdisciplinaridade e, em termos gerais, oferta aos leitores modos distintos de leitura e de interpreta\u00e7\u00e3o de uma obra cinematogr\u00e1fica que prop\u00f5e a cr\u00edtica social, sobretudo de classe, etnia e de g\u00eanero, a partir da rela\u00e7\u00e3o entre uma empregada dom\u00e9stica pernambucana e seus patr\u00f5es paulistanos. Nosso objetivo principal \u00e9 analisar, de modo interdisciplinar, o filme Que horas ela volta? (Globo Filmes, 2015), a fim de compreender e explicar os fen\u00f4menos e os fatos sociais a partir de integra\u00e7\u00e3o m\u00fatua de conceitos (JAPIASSU, 1994, s\/p), da interdisciplinaridade como um ato de troca e de reciprocidade entre as disciplinas (FAZENDA, 1993).        <\/div>\n            <div class=\"tab-pane fade  pt-3\" id=\"section-5634a15c-39d9-4ae1-9b80-5d6e14c64e2b-organizacao\" role=\"tabpanel\" aria-labelledby=\"section-5634a15c-39d9-4ae1-9b80-5d6e14c64e2b-organizacao-tab\">\n            <div class=\"row row-cols-1 row-cols-md-2\">\n            <div class=\"col p-1\">\n            <div class=\"border-bottom border-1 h-100\">\n                Guindani, Joel Felipe            <\/div>\n        <\/div>\n            <div class=\"col p-1\">\n            <div class=\"border-bottom border-1 h-100\">\n                Heidrich, Gerson            <\/div>\n        <\/div>\n            <div class=\"col p-1\">\n            <div class=\"border-bottom border-1 h-100\">\n                Pereira Silva, Lourdes Ana            <\/div>\n        <\/div>\n        \n<\/div>\n        <\/div>\n            <div class=\"tab-pane fade  pt-3\" id=\"section-5634a15c-39d9-4ae1-9b80-5d6e14c64e2b-autoria\" role=\"tabpanel\" aria-labelledby=\"section-5634a15c-39d9-4ae1-9b80-5d6e14c64e2b-autoria-tab\">\n            <div class=\"row row-cols-1 row-cols-md-2\">\n            <div class=\"col p-1\">\n            <div class=\"border-bottom border-1 h-100\">\n                Guindani, Joel Felipe            <\/div>\n        <\/div>\n            <div class=\"col p-1\">\n            <div class=\"border-bottom border-1 h-100\">\n                Heidrich, Gerson            <\/div>\n        <\/div>\n            <div class=\"col p-1\">\n            <div class=\"border-bottom border-1 h-100\">\n                Pereira Silva, Lourdes Ana            <\/div>\n        <\/div>\n        \n<\/div>\n        <\/div>\n            <div class=\"tab-pane fade  pt-3\" id=\"section-5634a15c-39d9-4ae1-9b80-5d6e14c64e2b-outros-dados\" role=\"tabpanel\" aria-labelledby=\"section-5634a15c-39d9-4ae1-9b80-5d6e14c64e2b-outros-dados-tab\">\n            <dl class=\"row\">\n    <dt class=\"col-12 col-md-3\">Publica\u00e7\u00e3o<\/dt>\n    <dd class=\"col-12 col-md-9\">\n        <dl class=\"row\">\n            <dt class=\"col-12 col-md-4\">Ano<\/dt>\n            <dd class=\"col-12 col-md-8\">2023<\/dd>\n            <dt class=\"col-12 col-md-4\">ISBN<\/dt>\n            <dd class=\"col-12 col-md-8\">978-65-5773-056-0<\/dd>\n        <\/dl>\n    <\/dd>\n                    <dt class=\"col-12 col-md-3\">Licen\u00e7a<\/dt>\n        <dd class=\"col-12 col-md-9\">\n            Acesso Aberto;<br>Attribution-NonCommercial-NoDerivatives 4.0 International;<br><a target='_blank' href='http:\/\/creativecommons.org\/licenses\/by-nc-nd\/4.0\/'>http:\/\/creativecommons.org\/licenses\/by-nc-nd\/4.0\/<\/a>        <\/dd>\n        \n<\/dl>\n        <\/div>\n            <div class=\"tab-pane fade  pt-3\" id=\"section-5634a15c-39d9-4ae1-9b80-5d6e14c64e2b-cnpq\" role=\"tabpanel\" aria-labelledby=\"section-5634a15c-39d9-4ae1-9b80-5d6e14c64e2b-cnpq-tab\">\n            <dl class=\"row\">\n    <dt class=\"col-12 col-md-3\">Grande \u00e1rea<\/dt>\n    <dd class=\"col-12 col-md-9 text-capitalize\">ciencias sociais aplicadas<\/dd>\n    \n            <dt class=\"col-12 col-md-3\">\u00c1rea<\/dt>\n        <dd class=\"col-12 col-md-9 text-capitalize\">comunicacao<\/dd>\n        \n            \n    <\/dl>\n        <\/div>\n    <\/div>\n            <\/div>\n        <\/div>\n    <\/div>\n<\/div>\n\t\t<\/div>\n\t\t\t\t<\/div>\n\t\t\t\t<div class=\"elementor-element elementor-element-f7ccb85 elementor-widget elementor-widget-spacer\" data-id=\"f7ccb85\" data-element_type=\"widget\" data-widget_type=\"spacer.default\">\n\t\t\t\t<div class=\"elementor-widget-container\">\n\t\t\t\t\t<div class=\"elementor-spacer\">\n\t\t\t<div class=\"elementor-spacer-inner\"><\/div>\n\t\t<\/div>\n\t\t\t\t<\/div>\n\t\t\t\t<\/div>\n\t\t\t\t<div class=\"elementor-element elementor-element-2976d377 elementor-widget elementor-widget-wp-widget-ufsm_noticias_widget\" data-id=\"2976d377\" data-element_type=\"widget\" data-widget_type=\"wp-widget-ufsm_noticias_widget.default\">\n\t\t\t\t<div class=\"elementor-widget-container\">\n\t\t\t<h5 class='titulo-conteudos'>Publica\u00e7\u00f5es Relacionadas<\/h5><div class='widget-noticias-inside'>\n                        <div class=\"row\">\n                                    <div class=\"col-12 col-lg-3 pb-4\">\n                                            <div class=\"noticias-widget-wrap\" style=\"height: 280px; overflow: hidden;\">\n                            <a title=\"Capa do livro Investigar en plataformas\" href=\"https:\/\/www.ufsm.br\/editoras\/facos\/investigar-en-plataformas-mediaticas-desde-america-latina-um-estado-de-situacao-e-uma-ferramenta-para-o-dialogo\">\n                                <span class=\"visually-hidden\">\n                                    Capa do livro Investigar en plataformas                                <\/span>\n                                <div class=\"noticias-widget-thumbs h-100\">\n                                    <img decoding=\"async\" class=\"object-fit-cover h-100 w-100\" alt=\"\" srcset=\"https:\/\/www.ufsm.br\/app\/uploads\/sites\/746\/2025\/09\/investigar-en-plataformas-212x300.png 212w, https:\/\/www.ufsm.br\/app\/uploads\/sites\/746\/2025\/09\/investigar-en-plataformas-724x1024.png 724w, https:\/\/www.ufsm.br\/app\/uploads\/sites\/746\/2025\/09\/investigar-en-plataformas-768x1086.png 768w, https:\/\/www.ufsm.br\/app\/uploads\/sites\/746\/2025\/09\/investigar-en-plataformas-1086x1536.png 1086w, https:\/\/www.ufsm.br\/app\/uploads\/sites\/746\/2025\/09\/investigar-en-plataformas.png 1240w\" src=\"https:\/\/www.ufsm.br\/app\/uploads\/sites\/746\/2025\/09\/investigar-en-plataformas-724x1024.png\"><\/img>\n                                <\/div>\n                            <\/a>\n                        <\/div>\n                                        \n                                        \n                    \n                    <a class=\"noticias-widget-title d-block  m-0 \"  title=\"Investigar en plataformas medi\u00e1ticas desde Am\u00e9rica Latina: Um estado de situa\u00e7\u00e3o e uma ferramenta para o di\u00e1logo\" href=\"https:\/\/www.ufsm.br\/editoras\/facos\/investigar-en-plataformas-mediaticas-desde-america-latina-um-estado-de-situacao-e-uma-ferramenta-para-o-dialogo\">\n                                                Investigar en plataformas medi\u00e1ticas desde Am\u00e9rica Latina: Um estado de situa\u00e7\u00e3o e uma ferramenta para o di\u00e1logo                    <\/a>\n                    \n                    \n                                        \n                                        \n                                        <\/div>\n                                    <div class=\"col-12 col-lg-3 pb-4\">\n                                            <div class=\"noticias-widget-wrap\" style=\"height: 280px; overflow: hidden;\">\n                            <a title=\"Capa do livro L\u00f3gicas da m\u00eddia\" href=\"https:\/\/www.ufsm.br\/editoras\/facos\/logicas-da-midia\">\n                                <span class=\"visually-hidden\">\n                                    Capa do livro L\u00f3gicas da m\u00eddia                                <\/span>\n                                <div class=\"noticias-widget-thumbs h-100\">\n                                    <img decoding=\"async\" class=\"object-fit-cover h-100 w-100\" alt=\"\" srcset=\"https:\/\/www.ufsm.br\/app\/uploads\/sites\/746\/2025\/01\/Capa-Logicas-da-midia-212x300.png 212w, https:\/\/www.ufsm.br\/app\/uploads\/sites\/746\/2025\/01\/Capa-Logicas-da-midia-724x1024.png 724w, https:\/\/www.ufsm.br\/app\/uploads\/sites\/746\/2025\/01\/Capa-Logicas-da-midia-768x1086.png 768w, https:\/\/www.ufsm.br\/app\/uploads\/sites\/746\/2025\/01\/Capa-Logicas-da-midia-1086x1536.png 1086w, https:\/\/www.ufsm.br\/app\/uploads\/sites\/746\/2025\/01\/Capa-Logicas-da-midia-1448x2048.png 1448w, https:\/\/www.ufsm.br\/app\/uploads\/sites\/746\/2025\/01\/Capa-Logicas-da-midia.png 1654w\" src=\"https:\/\/www.ufsm.br\/app\/uploads\/sites\/746\/2025\/01\/Capa-Logicas-da-midia-724x1024.png\"><\/img>\n                                <\/div>\n                            <\/a>\n                        <\/div>\n                                        \n                                        \n                    \n                    <a class=\"noticias-widget-title d-block  m-0 \"  title=\"L\u00f3gicas da m\u00eddia\" href=\"https:\/\/www.ufsm.br\/editoras\/facos\/logicas-da-midia\">\n                                                L\u00f3gicas da m\u00eddia                    <\/a>\n                    \n                    \n                                        \n                                        \n                                        <\/div>\n                                    <div class=\"col-12 col-lg-3 pb-4\">\n                                            <div class=\"noticias-widget-wrap\" style=\"height: 280px; overflow: hidden;\">\n                            <a title=\"\" href=\"https:\/\/www.ufsm.br\/editoras\/facos\/arte-y-pedagogia\">\n                                <span class=\"visually-hidden\">\n                                    Arte y Pedagog\u00eda                                <\/span>\n                                <div class=\"noticias-widget-thumbs h-100\">\n                                    <img decoding=\"async\" class=\"object-fit-cover h-100 w-100\" alt=\"\" srcset=\"https:\/\/www.ufsm.br\/app\/uploads\/sites\/746\/2023\/11\/template-arte-y-pedagogia-300x169.jpg 300w, https:\/\/www.ufsm.br\/app\/uploads\/sites\/746\/2023\/11\/template-arte-y-pedagogia-1024x576.jpg 1024w, https:\/\/www.ufsm.br\/app\/uploads\/sites\/746\/2023\/11\/template-arte-y-pedagogia-768x432.jpg 768w, https:\/\/www.ufsm.br\/app\/uploads\/sites\/746\/2023\/11\/template-arte-y-pedagogia.jpg 1200w\" src=\"https:\/\/www.ufsm.br\/app\/uploads\/sites\/746\/2023\/11\/template-arte-y-pedagogia-1024x576.jpg\"><\/img>\n                                <\/div>\n                            <\/a>\n                        <\/div>\n                                        \n                                        \n                    \n                    <a class=\"noticias-widget-title d-block  m-0 \"  title=\"Arte y Pedagog\u00eda\" href=\"https:\/\/www.ufsm.br\/editoras\/facos\/arte-y-pedagogia\">\n                                                Arte y Pedagog\u00eda                    <\/a>\n                    \n                    \n                                        \n                                        \n                                        <\/div>\n                                    <div class=\"col-12 col-lg-3 pb-4\">\n                                            <div class=\"noticias-widget-wrap\" style=\"height: 280px; overflow: hidden;\">\n                            <a title=\"\" href=\"https:\/\/www.ufsm.br\/editoras\/facos\/que-horas-ela-volta-elos-e-nexos-entre-o-audiovisual-e-a-interdisciplinaridade\">\n                                <span class=\"visually-hidden\">\n                                    Que horas ela volta? Elos e nexos entre o audiovisual e a interdisciplinaridade                                <\/span>\n                                <div class=\"noticias-widget-thumbs h-100\">\n                                    <img decoding=\"async\" class=\"object-fit-cover h-100 w-100\" alt=\"\" srcset=\"https:\/\/www.ufsm.br\/app\/uploads\/sites\/746\/2023\/07\/template-capas-siteque_horas_ela_volta-300x169.jpg 300w, https:\/\/www.ufsm.br\/app\/uploads\/sites\/746\/2023\/07\/template-capas-siteque_horas_ela_volta-1024x576.jpg 1024w, https:\/\/www.ufsm.br\/app\/uploads\/sites\/746\/2023\/07\/template-capas-siteque_horas_ela_volta-768x432.jpg 768w, https:\/\/www.ufsm.br\/app\/uploads\/sites\/746\/2023\/07\/template-capas-siteque_horas_ela_volta.jpg 1200w\" src=\"https:\/\/www.ufsm.br\/app\/uploads\/sites\/746\/2023\/07\/template-capas-siteque_horas_ela_volta-1024x576.jpg\"><\/img>\n                                <\/div>\n                            <\/a>\n                        <\/div>\n                                        \n                                        \n                    \n                    <a class=\"noticias-widget-title d-block  m-0 \"  title=\"Que horas ela volta? Elos e nexos entre o audiovisual e a interdisciplinaridade\" href=\"https:\/\/www.ufsm.br\/editoras\/facos\/que-horas-ela-volta-elos-e-nexos-entre-o-audiovisual-e-a-interdisciplinaridade\">\n                                                Que horas ela volta? Elos e nexos entre o audiovisual e a interdisciplinaridade                    <\/a>\n                    \n                    \n                                        \n                                        \n                                        <\/div>\n                            <\/div>\n            <\/div>\n\t\t<\/div>\n\t\t\t\t<\/div>\n\t\t\t\t\t<\/div>\n\t\t<\/div>\n\t\t\t\t\t<\/div>\n\t\t<\/section>\n\t\t\t\t<\/div>\n\t\t","protected":false},"excerpt":{"rendered":"<p>Que horas ela volta? Elos e nexos entre o audiovisual e a interdisciplinaridade Joel Felipe Guindani, Gerson Heidrich e Lourdes Silva (organizadores)<\/p>\n","protected":false},"author":2180,"featured_media":509,"parent":0,"menu_order":0,"comment_status":"closed","ping_status":"closed","template":"","meta":{"footnotes":""},"categories":[143,137],"tags":[],"class_list":["post-510","page","type-page","status-publish","has-post-thumbnail","hentry","category-arte","category-midia"],"acf":[],"_links":{"self":[{"href":"https:\/\/www.ufsm.br\/editoras\/facos\/wp-json\/wp\/v2\/pages\/510","targetHints":{"allow":["GET"]}}],"collection":[{"href":"https:\/\/www.ufsm.br\/editoras\/facos\/wp-json\/wp\/v2\/pages"}],"about":[{"href":"https:\/\/www.ufsm.br\/editoras\/facos\/wp-json\/wp\/v2\/types\/page"}],"author":[{"embeddable":true,"href":"https:\/\/www.ufsm.br\/editoras\/facos\/wp-json\/wp\/v2\/users\/2180"}],"replies":[{"embeddable":true,"href":"https:\/\/www.ufsm.br\/editoras\/facos\/wp-json\/wp\/v2\/comments?post=510"}],"version-history":[{"count":0,"href":"https:\/\/www.ufsm.br\/editoras\/facos\/wp-json\/wp\/v2\/pages\/510\/revisions"}],"wp:featuredmedia":[{"embeddable":true,"href":"https:\/\/www.ufsm.br\/editoras\/facos\/wp-json\/wp\/v2\/media\/509"}],"wp:attachment":[{"href":"https:\/\/www.ufsm.br\/editoras\/facos\/wp-json\/wp\/v2\/media?parent=510"}],"wp:term":[{"taxonomy":"category","embeddable":true,"href":"https:\/\/www.ufsm.br\/editoras\/facos\/wp-json\/wp\/v2\/categories?post=510"},{"taxonomy":"post_tag","embeddable":true,"href":"https:\/\/www.ufsm.br\/editoras\/facos\/wp-json\/wp\/v2\/tags?post=510"}],"curies":[{"name":"wp","href":"https:\/\/api.w.org\/{rel}","templated":true}]}}