{"id":511,"date":"2023-07-17T13:19:24","date_gmt":"2023-07-17T16:19:24","guid":{"rendered":"https:\/\/www.ufsm.br\/editoras\/facos\/?page_id=511"},"modified":"2024-02-12T17:05:31","modified_gmt":"2024-02-12T20:05:31","slug":"percorrendo-o-brasil-educacao-das-infancias-nas-ifes","status":"publish","type":"page","link":"https:\/\/www.ufsm.br\/editoras\/facos\/percorrendo-o-brasil-educacao-das-infancias-nas-ifes","title":{"rendered":"Percorrendo o Brasil: educa\u00e7\u00e3o das inf\u00e2ncias nas IFES"},"content":{"rendered":"\t\t<div data-elementor-type=\"wp-page\" data-elementor-id=\"511\" class=\"elementor elementor-511\">\n\t\t\t\t\t\t<section class=\"elementor-section elementor-top-section elementor-element elementor-element-142ed809 elementor-section-boxed elementor-section-height-default elementor-section-height-default\" data-id=\"142ed809\" data-element_type=\"section\">\n\t\t\t\t\t\t<div class=\"elementor-container elementor-column-gap-default\">\n\t\t\t\t\t<div class=\"elementor-column elementor-col-100 elementor-top-column elementor-element elementor-element-56d34d62\" data-id=\"56d34d62\" data-element_type=\"column\">\n\t\t\t<div class=\"elementor-widget-wrap elementor-element-populated\">\n\t\t\t\t\t\t<div class=\"elementor-element elementor-element-777f7812 elementor-widget elementor-widget-text-editor\" data-id=\"777f7812\" data-element_type=\"widget\" data-widget_type=\"text-editor.default\">\n\t\t\t\t<div class=\"elementor-widget-container\">\n\t\t\t\t\t\t\t<h1>Percorrendo o Brasil: educa\u00e7\u00e3o das inf\u00e2ncias nas IFES<\/h1><h6>Viviane Ache Cancian e Jana\u00edna Silva Costa Antunes (organizadores)<\/h6>\t\t\t\t\t\t<\/div>\n\t\t\t\t<\/div>\n\t\t\t\t\t<\/div>\n\t\t<\/div>\n\t\t\t\t\t<\/div>\n\t\t<\/section>\n\t\t\t\t<section class=\"elementor-section elementor-top-section elementor-element elementor-element-33c446c9 elementor-section-boxed elementor-section-height-default elementor-section-height-default\" data-id=\"33c446c9\" data-element_type=\"section\">\n\t\t\t\t\t\t<div class=\"elementor-container elementor-column-gap-default\">\n\t\t\t\t\t<div class=\"elementor-column elementor-col-100 elementor-top-column elementor-element elementor-element-400ea840\" data-id=\"400ea840\" data-element_type=\"column\">\n\t\t\t<div class=\"elementor-widget-wrap elementor-element-populated\">\n\t\t\t\t\t\t<div class=\"elementor-element elementor-element-7d95ada7 elementor-widget elementor-widget-wp-widget-ufsm_manancial_ficha_apresentacao\" data-id=\"7d95ada7\" data-element_type=\"widget\" data-widget_type=\"wp-widget-ufsm_manancial_ficha_apresentacao.default\">\n\t\t\t\t<div class=\"elementor-widget-container\">\n\t\t\t<div class=\"row g-0\">\n    <div class=\"col-12 col-lg-5\">\n        <div class=\"card rounded-0 bg-primary text-white\">\n                            <img decoding=\"async\" src=\"https:\/\/repositorio.ufsm.br\/bitstream\/handle\/1\/29641\/capa_percorrendo_o_brasil.jpg\" class=\"img-fluid img-thumbnail mx-5 mt-5 mb-1\" >\n                        <div class=\"card-body bg-transparent-on-contraste ms-4 ps-4 me-3\">\n                <p class=\"card-title fs-5 lh-sm\">Percorrendo o Brasil: educa\u00e7\u00e3o das inf\u00e2ncias nas IFES<\/p>\n                <div class=\"d-flex flex-wrap\">\n                    <a href=\"https:\/\/repositorio.ufsm.br\/handle\/1\/29641\" class=\"small link-light underline-on-hover me-3\" target=\"_blank\">\n                        <i class=\"fa fa-external-link me-1\" aria-hidden=\"true\"><\/i>\n                        Ver no Manancial\n                    <\/a>\n                                            <a href=\"https:\/\/repositorio.ufsm.br\/bitstream\/handle\/1\/29641\/percorrendo_o_brasil_ebook.pdf\" class=\"small link-light underline-on-hover\" target=\"_blank\">\n                            <i class=\"fa fa-file-pdf-o me-1\" aria-hidden=\"true\"><\/i>\n                            Ver o PDF\n                        <\/a>\n                                                        <\/div>\n            <\/div>\n        <\/div>\n    <\/div>\n    <div class=\"col-12 col-lg-7 d-flex\">\n        <div class=\"card rounded-0 rounded-end border-0 shadow w-100\">\n            <div class=\"card-body bg-transparent-on-contraste my-2 mx-3\">\n                <ul class=\"nav nav-pills justify-content-center\" id=\"2f9142d3-4114-4d71-bbde-b2d818229489\" role=\"tablist\">\n                    <li class=\"nav-item\" role=\"presentation\">\n            <button class=\"nav-link active\" id=\"section-2f9142d3-4114-4d71-bbde-b2d818229489-resumo-tab\" data-bs-toggle=\"tab\" data-bs-target=\"#section-2f9142d3-4114-4d71-bbde-b2d818229489-resumo\" type=\"button\" role=\"tab\" aria-controls=\"section-2f9142d3-4114-4d71-bbde-b2d818229489-resumo\"  aria-selected=\"true\" >Resumo<\/button>\n        <\/li>\n                    <li class=\"nav-item\" role=\"presentation\">\n            <button class=\"nav-link \" id=\"section-2f9142d3-4114-4d71-bbde-b2d818229489-organizacao-tab\" data-bs-toggle=\"tab\" data-bs-target=\"#section-2f9142d3-4114-4d71-bbde-b2d818229489-organizacao\" type=\"button\" role=\"tab\" aria-controls=\"section-2f9142d3-4114-4d71-bbde-b2d818229489-organizacao\" >Organiza\u00e7\u00e3o<\/button>\n        <\/li>\n                    <li class=\"nav-item\" role=\"presentation\">\n            <button class=\"nav-link \" id=\"section-2f9142d3-4114-4d71-bbde-b2d818229489-autoria-tab\" data-bs-toggle=\"tab\" data-bs-target=\"#section-2f9142d3-4114-4d71-bbde-b2d818229489-autoria\" type=\"button\" role=\"tab\" aria-controls=\"section-2f9142d3-4114-4d71-bbde-b2d818229489-autoria\" >Autoria<\/button>\n        <\/li>\n                    <li class=\"nav-item\" role=\"presentation\">\n            <button class=\"nav-link \" id=\"section-2f9142d3-4114-4d71-bbde-b2d818229489-outros-dados-tab\" data-bs-toggle=\"tab\" data-bs-target=\"#section-2f9142d3-4114-4d71-bbde-b2d818229489-outros-dados\" type=\"button\" role=\"tab\" aria-controls=\"section-2f9142d3-4114-4d71-bbde-b2d818229489-outros-dados\" >Dados da Obra<\/button>\n        <\/li>\n                    <li class=\"nav-item\" role=\"presentation\">\n            <button class=\"nav-link \" id=\"section-2f9142d3-4114-4d71-bbde-b2d818229489-cnpq-tab\" data-bs-toggle=\"tab\" data-bs-target=\"#section-2f9142d3-4114-4d71-bbde-b2d818229489-cnpq\" type=\"button\" role=\"tab\" aria-controls=\"section-2f9142d3-4114-4d71-bbde-b2d818229489-cnpq\" >CNPq<\/button>\n        <\/li>\n    <\/ul>\n<div class=\"tab-content\" id=\"2f9142d3-4114-4d71-bbde-b2d818229489Content\">\n            <div class=\"tab-pane fade show active pt-3\" id=\"section-2f9142d3-4114-4d71-bbde-b2d818229489-resumo\" role=\"tabpanel\" aria-labelledby=\"section-2f9142d3-4114-4d71-bbde-b2d818229489-resumo-tab\">\n            A obra Percorrendo o Brasil: educa\u00e7\u00e3o das inf\u00e2ncias nas IFES foi idealizada no ano de 2020, durante a pandemia de Covid-19. Naquele momento, as in\u00fameras dificuldades e inseguran\u00e7as que as professoras e os professores, especialmente da Educa\u00e7\u00e3o Infantil, tiveram de lidar impulsionaram v\u00e1rios movimentos de forma\u00e7\u00e3o on-line que buscavam alternativas para o gerenciamento daquela crise. Com as unidades de Educa\u00e7\u00e3o Infantil das institui\u00e7\u00f5es federais de ensino n\u00e3o foi diferente. Nossa representa\u00e7\u00e3o na Associa\u00e7\u00e3o Nacional das Unidades Universit\u00e1rias Federais de Educa\u00e7\u00e3o Infantil compreendeu aquele tempo como uma\r\noportunidade de fortalecer os la\u00e7os entre as\/os profissionais da Educa\u00e7\u00e3o Infantil das unidades vinculadas\/os \u00e0 ANUUFEI e ao CONDICAP. Al\u00e9m disso, possibilitamos maior visibiliza\u00e7\u00e3o dessas unidades, de suas identidades como espa\u00e7os formativos, de ensino, pesquisa e extens\u00e3o.        <\/div>\n            <div class=\"tab-pane fade  pt-3\" id=\"section-2f9142d3-4114-4d71-bbde-b2d818229489-organizacao\" role=\"tabpanel\" aria-labelledby=\"section-2f9142d3-4114-4d71-bbde-b2d818229489-organizacao-tab\">\n            <div class=\"row row-cols-1 row-cols-md-2\">\n            <div class=\"col p-1\">\n            <div class=\"border-bottom border-1 h-100\">\n                Cancian, Viviane Ache            <\/div>\n        <\/div>\n            <div class=\"col p-1\">\n            <div class=\"border-bottom border-1 h-100\">\n                Antunes, Jana\u00edna Silva Costa            <\/div>\n        <\/div>\n        \n<\/div>\n        <\/div>\n            <div class=\"tab-pane fade  pt-3\" id=\"section-2f9142d3-4114-4d71-bbde-b2d818229489-autoria\" role=\"tabpanel\" aria-labelledby=\"section-2f9142d3-4114-4d71-bbde-b2d818229489-autoria-tab\">\n            <div class=\"row row-cols-1 row-cols-md-2\">\n            <div class=\"col p-1\">\n            <div class=\"border-bottom border-1 h-100\">\n                Cancian, Viviane Ache            <\/div>\n        <\/div>\n            <div class=\"col p-1\">\n            <div class=\"border-bottom border-1 h-100\">\n                Antunes, Jana\u00edna Silva Costa            <\/div>\n        <\/div>\n        \n<\/div>\n        <\/div>\n            <div class=\"tab-pane fade  pt-3\" id=\"section-2f9142d3-4114-4d71-bbde-b2d818229489-outros-dados\" role=\"tabpanel\" aria-labelledby=\"section-2f9142d3-4114-4d71-bbde-b2d818229489-outros-dados-tab\">\n            <dl class=\"row\">\n    <dt class=\"col-12 col-md-3\">Publica\u00e7\u00e3o<\/dt>\n    <dd class=\"col-12 col-md-9\">\n        <dl class=\"row\">\n            <dt class=\"col-12 col-md-4\">Ano<\/dt>\n            <dd class=\"col-12 col-md-8\">2022<\/dd>\n            <dt class=\"col-12 col-md-4\">ISBN<\/dt>\n            <dd class=\"col-12 col-md-8\">978-65-5773-049-2<\/dd>\n        <\/dl>\n    <\/dd>\n                    <dt class=\"col-12 col-md-3\">Licen\u00e7a<\/dt>\n        <dd class=\"col-12 col-md-9\">\n            Acesso Aberto;<br>Attribution-NonCommercial-NoDerivatives 4.0 International;<br><a target='_blank' href='http:\/\/creativecommons.org\/licenses\/by-nc-nd\/4.0\/'>http:\/\/creativecommons.org\/licenses\/by-nc-nd\/4.0\/<\/a>        <\/dd>\n        \n<\/dl>\n        <\/div>\n            <div class=\"tab-pane fade  pt-3\" id=\"section-2f9142d3-4114-4d71-bbde-b2d818229489-cnpq\" role=\"tabpanel\" aria-labelledby=\"section-2f9142d3-4114-4d71-bbde-b2d818229489-cnpq-tab\">\n            <dl class=\"row\">\n    <dt class=\"col-12 col-md-3\">Grande \u00e1rea<\/dt>\n    <dd class=\"col-12 col-md-9 text-capitalize\">ciencias sociais aplicadas<\/dd>\n    \n            <dt class=\"col-12 col-md-3\">\u00c1rea<\/dt>\n        <dd class=\"col-12 col-md-9 text-capitalize\">comunicacao<\/dd>\n        \n            \n    <\/dl>\n        <\/div>\n    <\/div>\n            <\/div>\n        <\/div>\n    <\/div>\n<\/div>\n\t\t<\/div>\n\t\t\t\t<\/div>\n\t\t\t\t<div class=\"elementor-element elementor-element-6b11a245 elementor-widget elementor-widget-spacer\" data-id=\"6b11a245\" data-element_type=\"widget\" data-widget_type=\"spacer.default\">\n\t\t\t\t<div class=\"elementor-widget-container\">\n\t\t\t\t\t<div class=\"elementor-spacer\">\n\t\t\t<div class=\"elementor-spacer-inner\"><\/div>\n\t\t<\/div>\n\t\t\t\t<\/div>\n\t\t\t\t<\/div>\n\t\t\t\t<div class=\"elementor-element elementor-element-561f0855 elementor-widget elementor-widget-wp-widget-ufsm_noticias_widget\" data-id=\"561f0855\" data-element_type=\"widget\" data-widget_type=\"wp-widget-ufsm_noticias_widget.default\">\n\t\t\t\t<div class=\"elementor-widget-container\">\n\t\t\t<h5 class='titulo-conteudos'>Publica\u00e7\u00f5es Relacionadas<\/h5><div class='widget-noticias-inside'>\n                        <div class=\"row\">\n                                    <div class=\"col-12 col-lg-3 pb-4\">\n                                            <div class=\"noticias-widget-wrap\" style=\"height: 280px; overflow: hidden;\">\n                            <a title=\"Anais 7 SENAFE e 3 SEINFE\" href=\"https:\/\/www.ufsm.br\/editoras\/facos\/anais-vii-senafe-e-iii-seinfe\">\n                                <span class=\"visually-hidden\">\n                                    Anais 7 SENAFE e 3 SEINFE                                <\/span>\n                                <div class=\"noticias-widget-thumbs h-100\">\n                                    <img decoding=\"async\" class=\"object-fit-cover h-100 w-100\" alt=\"\" srcset=\"https:\/\/www.ufsm.br\/app\/uploads\/sites\/746\/2025\/11\/Anais-Senafe-2024-212x300.jpg 212w, https:\/\/www.ufsm.br\/app\/uploads\/sites\/746\/2025\/11\/Anais-Senafe-2024-724x1024.jpg 724w, https:\/\/www.ufsm.br\/app\/uploads\/sites\/746\/2025\/11\/Anais-Senafe-2024-768x1086.jpg 768w, https:\/\/www.ufsm.br\/app\/uploads\/sites\/746\/2025\/11\/Anais-Senafe-2024-1086x1536.jpg 1086w, https:\/\/www.ufsm.br\/app\/uploads\/sites\/746\/2025\/11\/Anais-Senafe-2024-1448x2048.jpg 1448w, https:\/\/www.ufsm.br\/app\/uploads\/sites\/746\/2025\/11\/Anais-Senafe-2024-scaled.jpg 1810w\" src=\"https:\/\/www.ufsm.br\/app\/uploads\/sites\/746\/2025\/11\/Anais-Senafe-2024-724x1024.jpg\"><\/img>\n                                <\/div>\n                            <\/a>\n                        <\/div>\n                                        \n                                        \n                    \n                    <a class=\"noticias-widget-title d-block  m-0 \"  title=\"Anais VII SENAFE e III SEINFE\u00a0\" href=\"https:\/\/www.ufsm.br\/editoras\/facos\/anais-vii-senafe-e-iii-seinfe\">\n                                                Anais VII SENAFE e III SEINFE\u00a0                    <\/a>\n                    \n                    \n                                        \n                                        \n                                        <\/div>\n                                    <div class=\"col-12 col-lg-3 pb-4\">\n                                            <div class=\"noticias-widget-wrap\" style=\"height: 280px; overflow: hidden;\">\n                            <a title=\"Capa do ebook Filosofia e Educa\u00e7\u00e3o\" href=\"https:\/\/www.ufsm.br\/editoras\/facos\/filosofia-e-educacao-sustentabilidade-violencia-escolar-e-formacao-para-a-cidadania\">\n                                <span class=\"visually-hidden\">\n                                    Capa do ebook Filosofia e Educa\u00e7\u00e3o                                <\/span>\n                                <div class=\"noticias-widget-thumbs h-100\">\n                                    <img decoding=\"async\" class=\"object-fit-cover h-100 w-100\" alt=\"\" srcset=\"https:\/\/www.ufsm.br\/app\/uploads\/sites\/746\/2025\/11\/Filosofia-e-educacao-212x300.jpg 212w, https:\/\/www.ufsm.br\/app\/uploads\/sites\/746\/2025\/11\/Filosofia-e-educacao-724x1024.jpg 724w, https:\/\/www.ufsm.br\/app\/uploads\/sites\/746\/2025\/11\/Filosofia-e-educacao-768x1086.jpg 768w, https:\/\/www.ufsm.br\/app\/uploads\/sites\/746\/2025\/11\/Filosofia-e-educacao-1086x1536.jpg 1086w, https:\/\/www.ufsm.br\/app\/uploads\/sites\/746\/2025\/11\/Filosofia-e-educacao.jpg 1092w\" src=\"https:\/\/www.ufsm.br\/app\/uploads\/sites\/746\/2025\/11\/Filosofia-e-educacao-724x1024.jpg\"><\/img>\n                                <\/div>\n                            <\/a>\n                        <\/div>\n                                        \n                                        \n                    \n                    <a class=\"noticias-widget-title d-block  m-0 \"  title=\"Filosofia e educa\u00e7\u00e3o: sustentabilidade, viol\u00eancia escolar e forma\u00e7\u00e3o para a cidadania\" href=\"https:\/\/www.ufsm.br\/editoras\/facos\/filosofia-e-educacao-sustentabilidade-violencia-escolar-e-formacao-para-a-cidadania\">\n                                                Filosofia e educa\u00e7\u00e3o: sustentabilidade, viol\u00eancia escolar e forma\u00e7\u00e3o para a cidadania                    <\/a>\n                    \n                    \n                                        \n                                        \n                                        <\/div>\n                                    <div class=\"col-12 col-lg-3 pb-4\">\n                                            <div class=\"noticias-widget-wrap\" style=\"height: 280px; overflow: hidden;\">\n                            <a title=\"Capa do livro Pesquisa e Desenvolvimento Criativo para divulga\u00e7\u00e3o de Indicadores da Educa\u00e7\u00e3o Superior\" href=\"https:\/\/www.ufsm.br\/editoras\/facos\/pesquisa-e-desenvolvimento-criativo-para-divulgacao-de-indicadores-da-educacao-superior\">\n                                <span class=\"visually-hidden\">\n                                    Capa do livro Pesquisa e Desenvolvimento Criativo para divulga\u00e7\u00e3o de Indicadores da Educa\u00e7\u00e3o Superior                                <\/span>\n                                <div class=\"noticias-widget-thumbs h-100\">\n                                    <img decoding=\"async\" class=\"object-fit-cover h-100 w-100\" alt=\"\" srcset=\"https:\/\/www.ufsm.br\/app\/uploads\/sites\/746\/2025\/10\/IMG-20251006-WA0112-212x300.jpg 212w, https:\/\/www.ufsm.br\/app\/uploads\/sites\/746\/2025\/10\/IMG-20251006-WA0112-722x1024.jpg 722w, https:\/\/www.ufsm.br\/app\/uploads\/sites\/746\/2025\/10\/IMG-20251006-WA0112-768x1089.jpg 768w, https:\/\/www.ufsm.br\/app\/uploads\/sites\/746\/2025\/10\/IMG-20251006-WA0112.jpg 840w\" src=\"https:\/\/www.ufsm.br\/app\/uploads\/sites\/746\/2025\/10\/IMG-20251006-WA0112-722x1024.jpg\"><\/img>\n                                <\/div>\n                            <\/a>\n                        <\/div>\n                                        \n                                        \n                    \n                    <a class=\"noticias-widget-title d-block  m-0 \"  title=\"Pesquisa e Desenvolvimento Criativo para divulga\u00e7\u00e3o de Indicadores da Educa\u00e7\u00e3o Superior\" href=\"https:\/\/www.ufsm.br\/editoras\/facos\/pesquisa-e-desenvolvimento-criativo-para-divulgacao-de-indicadores-da-educacao-superior\">\n                                                Pesquisa e Desenvolvimento Criativo para divulga\u00e7\u00e3o de Indicadores da Educa\u00e7\u00e3o Superior                    <\/a>\n                    \n                    \n                                        \n                                        \n                                        <\/div>\n                                    <div class=\"col-12 col-lg-3 pb-4\">\n                                            <div class=\"noticias-widget-wrap\" style=\"height: 280px; overflow: hidden;\">\n                            <a title=\"Capa do livro media\u00e7\u00e3o pedag\u00f3gica\" href=\"https:\/\/www.ufsm.br\/editoras\/facos\/mediacao-pedagogica-na-educacao-a-distancia-hibrida-e-presencial\">\n                                <span class=\"visually-hidden\">\n                                    Capa do livro media\u00e7\u00e3o pedag\u00f3gica                                <\/span>\n                                <div class=\"noticias-widget-thumbs h-100\">\n                                    <img decoding=\"async\" class=\"object-fit-cover h-100 w-100\" alt=\"\" srcset=\"https:\/\/www.ufsm.br\/app\/uploads\/sites\/746\/2025\/08\/Mediacao-pedagogica-209x300.png 209w, https:\/\/www.ufsm.br\/app\/uploads\/sites\/746\/2025\/08\/Mediacao-pedagogica-712x1024.png 712w, https:\/\/www.ufsm.br\/app\/uploads\/sites\/746\/2025\/08\/Mediacao-pedagogica-768x1104.png 768w, https:\/\/www.ufsm.br\/app\/uploads\/sites\/746\/2025\/08\/Mediacao-pedagogica-1068x1536.png 1068w, https:\/\/www.ufsm.br\/app\/uploads\/sites\/746\/2025\/08\/Mediacao-pedagogica.png 1260w\" src=\"https:\/\/www.ufsm.br\/app\/uploads\/sites\/746\/2025\/08\/Mediacao-pedagogica-712x1024.png\"><\/img>\n                                <\/div>\n                            <\/a>\n                        <\/div>\n                                        \n                                        \n                    \n                    <a class=\"noticias-widget-title d-block  m-0 \"  title=\"Media\u00e7\u00e3o pedag\u00f3gica na educa\u00e7\u00e3o a dist\u00e2ncia, h\u00edbrida e presencial\" href=\"https:\/\/www.ufsm.br\/editoras\/facos\/mediacao-pedagogica-na-educacao-a-distancia-hibrida-e-presencial\">\n                                                Media\u00e7\u00e3o pedag\u00f3gica na educa\u00e7\u00e3o a dist\u00e2ncia, h\u00edbrida e presencial                    <\/a>\n                    \n                    \n                                        \n                                        \n                                        <\/div>\n                            <\/div>\n            <\/div>\n\t\t<\/div>\n\t\t\t\t<\/div>\n\t\t\t\t\t<\/div>\n\t\t<\/div>\n\t\t\t\t\t<\/div>\n\t\t<\/section>\n\t\t\t\t<\/div>\n\t\t","protected":false},"excerpt":{"rendered":"<p>Percorrendo o Brasil: educa\u00e7\u00e3o das inf\u00e2ncias nas IFES Viviane Ache Cancian e Jana\u00edna Silva Costa Antunes (organizadores)<\/p>\n","protected":false},"author":2180,"featured_media":512,"parent":0,"menu_order":0,"comment_status":"closed","ping_status":"closed","template":"","meta":{"footnotes":""},"categories":[138],"tags":[],"class_list":["post-511","page","type-page","status-publish","has-post-thumbnail","hentry","category-educacao"],"acf":[],"_links":{"self":[{"href":"https:\/\/www.ufsm.br\/editoras\/facos\/wp-json\/wp\/v2\/pages\/511","targetHints":{"allow":["GET"]}}],"collection":[{"href":"https:\/\/www.ufsm.br\/editoras\/facos\/wp-json\/wp\/v2\/pages"}],"about":[{"href":"https:\/\/www.ufsm.br\/editoras\/facos\/wp-json\/wp\/v2\/types\/page"}],"author":[{"embeddable":true,"href":"https:\/\/www.ufsm.br\/editoras\/facos\/wp-json\/wp\/v2\/users\/2180"}],"replies":[{"embeddable":true,"href":"https:\/\/www.ufsm.br\/editoras\/facos\/wp-json\/wp\/v2\/comments?post=511"}],"version-history":[{"count":0,"href":"https:\/\/www.ufsm.br\/editoras\/facos\/wp-json\/wp\/v2\/pages\/511\/revisions"}],"wp:featuredmedia":[{"embeddable":true,"href":"https:\/\/www.ufsm.br\/editoras\/facos\/wp-json\/wp\/v2\/media\/512"}],"wp:attachment":[{"href":"https:\/\/www.ufsm.br\/editoras\/facos\/wp-json\/wp\/v2\/media?parent=511"}],"wp:term":[{"taxonomy":"category","embeddable":true,"href":"https:\/\/www.ufsm.br\/editoras\/facos\/wp-json\/wp\/v2\/categories?post=511"},{"taxonomy":"post_tag","embeddable":true,"href":"https:\/\/www.ufsm.br\/editoras\/facos\/wp-json\/wp\/v2\/tags?post=511"}],"curies":[{"name":"wp","href":"https:\/\/api.w.org\/{rel}","templated":true}]}}