{"id":513,"date":"2023-08-08T15:35:34","date_gmt":"2023-08-08T18:35:34","guid":{"rendered":"https:\/\/www.ufsm.br\/editoras\/facos\/?page_id=513"},"modified":"2024-02-12T17:14:24","modified_gmt":"2024-02-12T20:14:24","slug":"laboratorio-lageolam-ufsm-25-anos-estudando-areas-de-risco-a-desastres-naturais-volume-3-o-periodo-de-2016-a-2021","status":"publish","type":"page","link":"https:\/\/www.ufsm.br\/editoras\/facos\/laboratorio-lageolam-ufsm-25-anos-estudando-areas-de-risco-a-desastres-naturais-volume-3-o-periodo-de-2016-a-2021","title":{"rendered":"Laborat\u00f3rio LAGEOLAM\/UFSM: 25 anos estudando \u00e1reas de risco a desastres naturais \u2013 volume 3 \u2013 o per\u00edodo de 2016 a 2021"},"content":{"rendered":"\t\t<div data-elementor-type=\"wp-page\" data-elementor-id=\"513\" class=\"elementor elementor-513\">\n\t\t\t\t\t\t<section class=\"elementor-section elementor-top-section elementor-element elementor-element-3b2d0ac8 elementor-section-boxed elementor-section-height-default elementor-section-height-default\" data-id=\"3b2d0ac8\" data-element_type=\"section\">\n\t\t\t\t\t\t<div class=\"elementor-container elementor-column-gap-default\">\n\t\t\t\t\t<div class=\"elementor-column elementor-col-100 elementor-top-column elementor-element elementor-element-3a04fd8e\" data-id=\"3a04fd8e\" data-element_type=\"column\">\n\t\t\t<div class=\"elementor-widget-wrap elementor-element-populated\">\n\t\t\t\t\t\t<div class=\"elementor-element elementor-element-e7ff522 elementor-widget elementor-widget-text-editor\" data-id=\"e7ff522\" data-element_type=\"widget\" data-widget_type=\"text-editor.default\">\n\t\t\t\t<div class=\"elementor-widget-container\">\n\t\t\t\t\t\t\t<h1>Laborat\u00f3rio LAGEOLAM\/UFSM: 25 anos estudando \u00e1reas de risco a desastres naturais \u2013 volume 3 \u2013 o per\u00edodo de 2016 a 2021<\/h1><h6>Lu\u00eds Eduardo de Souza Robaina e Romario Trentin (organizadores)<\/h6>\t\t\t\t\t\t<\/div>\n\t\t\t\t<\/div>\n\t\t\t\t\t<\/div>\n\t\t<\/div>\n\t\t\t\t\t<\/div>\n\t\t<\/section>\n\t\t\t\t<section class=\"elementor-section elementor-top-section elementor-element elementor-element-a0d2375 elementor-section-boxed elementor-section-height-default elementor-section-height-default\" data-id=\"a0d2375\" data-element_type=\"section\">\n\t\t\t\t\t\t<div class=\"elementor-container elementor-column-gap-default\">\n\t\t\t\t\t<div class=\"elementor-column elementor-col-100 elementor-top-column elementor-element elementor-element-64c3f924\" data-id=\"64c3f924\" data-element_type=\"column\">\n\t\t\t<div class=\"elementor-widget-wrap elementor-element-populated\">\n\t\t\t\t\t\t<div class=\"elementor-element elementor-element-20344d91 elementor-widget elementor-widget-wp-widget-ufsm_manancial_ficha_apresentacao\" data-id=\"20344d91\" data-element_type=\"widget\" data-widget_type=\"wp-widget-ufsm_manancial_ficha_apresentacao.default\">\n\t\t\t\t<div class=\"elementor-widget-container\">\n\t\t\t<div class=\"row g-0\">\n    <div class=\"col-12 col-lg-5\">\n        <div class=\"card rounded-0 bg-primary text-white\">\n                            <img decoding=\"async\" src=\"https:\/\/repositorio.ufsm.br\/bitstream\/handle\/1\/29727\/LAGEOLAM3 (1).jpg\" class=\"img-fluid img-thumbnail mx-5 mt-5 mb-1\" >\n                        <div class=\"card-body bg-transparent-on-contraste ms-4 ps-4 me-3\">\n                <p class=\"card-title fs-5 lh-sm\">Laborat\u00f3rio LAGEOLAM\/UFSM: 25 anos estudando \u00e1reas de risco a desastres naturais<\/p>\n                <div class=\"d-flex flex-wrap\">\n                    <a href=\"https:\/\/repositorio.ufsm.br\/handle\/1\/29727\" class=\"small link-light underline-on-hover me-3\" target=\"_blank\">\n                        <i class=\"fa fa-external-link me-1\" aria-hidden=\"true\"><\/i>\n                        Ver no Manancial\n                    <\/a>\n                                            <a href=\"https:\/\/repositorio.ufsm.br\/bitstream\/handle\/1\/29727\/laborat\u00f3rio_LAGEOLAM_volume03 (1).pdf\" class=\"small link-light underline-on-hover\" target=\"_blank\">\n                            <i class=\"fa fa-file-pdf-o me-1\" aria-hidden=\"true\"><\/i>\n                            Ver o PDF\n                        <\/a>\n                                                        <\/div>\n            <\/div>\n        <\/div>\n    <\/div>\n    <div class=\"col-12 col-lg-7 d-flex\">\n        <div class=\"card rounded-0 rounded-end border-0 shadow w-100\">\n            <div class=\"card-body bg-transparent-on-contraste my-2 mx-3\">\n                <ul class=\"nav nav-pills justify-content-center\" id=\"7274b642-6bb5-48b7-b6be-b00b3770f39d\" role=\"tablist\">\n                    <li class=\"nav-item\" role=\"presentation\">\n            <button class=\"nav-link active\" id=\"section-7274b642-6bb5-48b7-b6be-b00b3770f39d-resumo-tab\" data-bs-toggle=\"tab\" data-bs-target=\"#section-7274b642-6bb5-48b7-b6be-b00b3770f39d-resumo\" type=\"button\" role=\"tab\" aria-controls=\"section-7274b642-6bb5-48b7-b6be-b00b3770f39d-resumo\"  aria-selected=\"true\" >Resumo<\/button>\n        <\/li>\n                    <li class=\"nav-item\" role=\"presentation\">\n            <button class=\"nav-link \" id=\"section-7274b642-6bb5-48b7-b6be-b00b3770f39d-organizacao-tab\" data-bs-toggle=\"tab\" data-bs-target=\"#section-7274b642-6bb5-48b7-b6be-b00b3770f39d-organizacao\" type=\"button\" role=\"tab\" aria-controls=\"section-7274b642-6bb5-48b7-b6be-b00b3770f39d-organizacao\" >Organiza\u00e7\u00e3o<\/button>\n        <\/li>\n                    <li class=\"nav-item\" role=\"presentation\">\n            <button class=\"nav-link \" id=\"section-7274b642-6bb5-48b7-b6be-b00b3770f39d-autoria-tab\" data-bs-toggle=\"tab\" data-bs-target=\"#section-7274b642-6bb5-48b7-b6be-b00b3770f39d-autoria\" type=\"button\" role=\"tab\" aria-controls=\"section-7274b642-6bb5-48b7-b6be-b00b3770f39d-autoria\" >Autoria<\/button>\n        <\/li>\n                    <li class=\"nav-item\" role=\"presentation\">\n            <button class=\"nav-link \" id=\"section-7274b642-6bb5-48b7-b6be-b00b3770f39d-outros-dados-tab\" data-bs-toggle=\"tab\" data-bs-target=\"#section-7274b642-6bb5-48b7-b6be-b00b3770f39d-outros-dados\" type=\"button\" role=\"tab\" aria-controls=\"section-7274b642-6bb5-48b7-b6be-b00b3770f39d-outros-dados\" >Dados da Obra<\/button>\n        <\/li>\n                    <li class=\"nav-item\" role=\"presentation\">\n            <button class=\"nav-link \" id=\"section-7274b642-6bb5-48b7-b6be-b00b3770f39d-cnpq-tab\" data-bs-toggle=\"tab\" data-bs-target=\"#section-7274b642-6bb5-48b7-b6be-b00b3770f39d-cnpq\" type=\"button\" role=\"tab\" aria-controls=\"section-7274b642-6bb5-48b7-b6be-b00b3770f39d-cnpq\" >CNPq<\/button>\n        <\/li>\n    <\/ul>\n<div class=\"tab-content\" id=\"7274b642-6bb5-48b7-b6be-b00b3770f39dContent\">\n            <div class=\"tab-pane fade show active pt-3\" id=\"section-7274b642-6bb5-48b7-b6be-b00b3770f39d-resumo\" role=\"tabpanel\" aria-labelledby=\"section-7274b642-6bb5-48b7-b6be-b00b3770f39d-resumo-tab\">\n            No terceiro volume da colet\u00e2nea de trabalhos do LAGEOLAM, est\u00e3o apresentados 18 artigos desenvolvidos entre 2016 e 2021. Os trabalhos publicados apresentam estudos sobre processos de inunda\u00e7\u00e3o, realizados nas cidades de Agudo, Restinga Seca e Faxinal do Soturno, na regi\u00e3o central; nas cidades de Alegrete e Jaguai, na regi\u00e3o oeste, e na cidade de Erechim, na regi\u00e3o norte do estado do Rio Grande do Sul. Al\u00e9m disso, traz estudos sobre movimentos de massa, que foram desenvolvidos na bacia hidrogr\u00e1fica do rio Taquari-Anta, nordeste do Rio Grande do Sul e na cidade de Blumenau, Santa Catarina. Um conceito chave para os estudos de risco est\u00e1 ligado ao chamado sistema receptor e remete \u00e0 vulnerabilidade das popula\u00e7\u00f5es afetadas, pois esse elemento \u00e9 determinante na magnitude dos desastres, como para determinar-se graus de risco. No ano de 2019, publicou-se um trabalho com uma proposta metodol\u00f3gica para estabelecer vulnerabilidade. Outro trabalho desenvolvido pelo grupo de pesquisa foi a proposi\u00e7\u00e3o de um padr\u00e3o cartogr\u00e1fico para carta-imagem emergencial de inunda\u00e7\u00e3o, atrav\u00e9s da an\u00e1lise das cartas-imagem e mapas de inunda\u00e7\u00e3o, de diversos trabalhos e atrav\u00e9s de informa\u00e7\u00f5es de profissionais que trabalham com mapas de diferentes modos.        <\/div>\n            <div class=\"tab-pane fade  pt-3\" id=\"section-7274b642-6bb5-48b7-b6be-b00b3770f39d-organizacao\" role=\"tabpanel\" aria-labelledby=\"section-7274b642-6bb5-48b7-b6be-b00b3770f39d-organizacao-tab\">\n            <div class=\"row row-cols-1 row-cols-md-2\">\n            <div class=\"col p-1\">\n            <div class=\"border-bottom border-1 h-100\">\n                Robaina, Lu\u00eds Eduardo de Souza            <\/div>\n        <\/div>\n            <div class=\"col p-1\">\n            <div class=\"border-bottom border-1 h-100\">\n                Trentin, Romario            <\/div>\n        <\/div>\n        \n<\/div>\n        <\/div>\n            <div class=\"tab-pane fade  pt-3\" id=\"section-7274b642-6bb5-48b7-b6be-b00b3770f39d-autoria\" role=\"tabpanel\" aria-labelledby=\"section-7274b642-6bb5-48b7-b6be-b00b3770f39d-autoria-tab\">\n            <div class=\"row row-cols-1 row-cols-md-2\">\n            <div class=\"col p-1\">\n            <div class=\"border-bottom border-1 h-100\">\n                Robaina, Lu\u00eds Eduardo de Souza            <\/div>\n        <\/div>\n            <div class=\"col p-1\">\n            <div class=\"border-bottom border-1 h-100\">\n                Trentin, Romario            <\/div>\n        <\/div>\n        \n<\/div>\n        <\/div>\n            <div class=\"tab-pane fade  pt-3\" id=\"section-7274b642-6bb5-48b7-b6be-b00b3770f39d-outros-dados\" role=\"tabpanel\" aria-labelledby=\"section-7274b642-6bb5-48b7-b6be-b00b3770f39d-outros-dados-tab\">\n            <dl class=\"row\">\n    <dt class=\"col-12 col-md-3\">Publica\u00e7\u00e3o<\/dt>\n    <dd class=\"col-12 col-md-9\">\n        <dl class=\"row\">\n            <dt class=\"col-12 col-md-4\">Ano<\/dt>\n            <dd class=\"col-12 col-md-8\">2023<\/dd>\n            <dt class=\"col-12 col-md-4\">ISBN<\/dt>\n            <dd class=\"col-12 col-md-8\">978-65-5773-053-9<\/dd>\n        <\/dl>\n    <\/dd>\n                    <dt class=\"col-12 col-md-3\">Licen\u00e7a<\/dt>\n        <dd class=\"col-12 col-md-9\">\n            Acesso Aberto;<br>Attribution-NonCommercial-NoDerivatives 4.0 International;<br><a target='_blank' href='http:\/\/creativecommons.org\/licenses\/by-nc-nd\/4.0\/'>http:\/\/creativecommons.org\/licenses\/by-nc-nd\/4.0\/<\/a>        <\/dd>\n        \n<\/dl>\n        <\/div>\n            <div class=\"tab-pane fade  pt-3\" id=\"section-7274b642-6bb5-48b7-b6be-b00b3770f39d-cnpq\" role=\"tabpanel\" aria-labelledby=\"section-7274b642-6bb5-48b7-b6be-b00b3770f39d-cnpq-tab\">\n            <dl class=\"row\">\n    <dt class=\"col-12 col-md-3\">Grande \u00e1rea<\/dt>\n    <dd class=\"col-12 col-md-9 text-capitalize\">ciencias exatas e da terra<\/dd>\n    \n            <dt class=\"col-12 col-md-3\">\u00c1rea<\/dt>\n        <dd class=\"col-12 col-md-9 text-capitalize\">geociencias<\/dd>\n        \n                    <dt class=\"col-12 col-md-3\">Sub\u00e1rea<\/dt>\n            <dd class=\"col-12 col-md-9 text-capitalize\">geologia<\/dd>\n            \n                    \n            \n    <\/dl>\n<hr class=\"border border-top border-secondary mb-3\"><dl class=\"row\">\n    <dt class=\"col-12 col-md-3\">Grande \u00e1rea<\/dt>\n    <dd class=\"col-12 col-md-9 text-capitalize\">ciencias sociais aplicadas<\/dd>\n    \n            <dt class=\"col-12 col-md-3\">\u00c1rea<\/dt>\n        <dd class=\"col-12 col-md-9 text-capitalize\">comunicacao<\/dd>\n        \n            \n    <\/dl>\n        <\/div>\n    <\/div>\n            <\/div>\n        <\/div>\n    <\/div>\n<\/div>\n\t\t<\/div>\n\t\t\t\t<\/div>\n\t\t\t\t<div class=\"elementor-element elementor-element-2a5b3b91 elementor-widget elementor-widget-spacer\" data-id=\"2a5b3b91\" data-element_type=\"widget\" data-widget_type=\"spacer.default\">\n\t\t\t\t<div class=\"elementor-widget-container\">\n\t\t\t\t\t<div class=\"elementor-spacer\">\n\t\t\t<div class=\"elementor-spacer-inner\"><\/div>\n\t\t<\/div>\n\t\t\t\t<\/div>\n\t\t\t\t<\/div>\n\t\t\t\t<div class=\"elementor-element elementor-element-427c8b55 elementor-widget elementor-widget-wp-widget-ufsm_noticias_widget\" data-id=\"427c8b55\" data-element_type=\"widget\" data-widget_type=\"wp-widget-ufsm_noticias_widget.default\">\n\t\t\t\t<div class=\"elementor-widget-container\">\n\t\t\t<h5 class='titulo-conteudos'>Publica\u00e7\u00f5es Relacionadas<\/h5><div class='widget-noticias-inside'>\n                        <div class=\"row\">\n                                    <div class=\"col-12 col-lg-3 pb-4\">\n                                            <div class=\"noticias-widget-wrap\" style=\"height: 280px; overflow: hidden;\">\n                            <a title=\"Anais 7 SENAFE e 3 SEINFE\" href=\"https:\/\/www.ufsm.br\/editoras\/facos\/anais-vii-senafe-e-iii-seinfe\">\n                                <span class=\"visually-hidden\">\n                                    Anais 7 SENAFE e 3 SEINFE                                <\/span>\n                                <div class=\"noticias-widget-thumbs h-100\">\n                                    <img decoding=\"async\" class=\"object-fit-cover h-100 w-100\" alt=\"\" srcset=\"https:\/\/www.ufsm.br\/app\/uploads\/sites\/746\/2025\/11\/Anais-Senafe-2024-212x300.jpg 212w, https:\/\/www.ufsm.br\/app\/uploads\/sites\/746\/2025\/11\/Anais-Senafe-2024-724x1024.jpg 724w, https:\/\/www.ufsm.br\/app\/uploads\/sites\/746\/2025\/11\/Anais-Senafe-2024-768x1086.jpg 768w, https:\/\/www.ufsm.br\/app\/uploads\/sites\/746\/2025\/11\/Anais-Senafe-2024-1086x1536.jpg 1086w, https:\/\/www.ufsm.br\/app\/uploads\/sites\/746\/2025\/11\/Anais-Senafe-2024-1448x2048.jpg 1448w, https:\/\/www.ufsm.br\/app\/uploads\/sites\/746\/2025\/11\/Anais-Senafe-2024-scaled.jpg 1810w\" src=\"https:\/\/www.ufsm.br\/app\/uploads\/sites\/746\/2025\/11\/Anais-Senafe-2024-724x1024.jpg\"><\/img>\n                                <\/div>\n                            <\/a>\n                        <\/div>\n                                        \n                                        \n                    \n                    <a class=\"noticias-widget-title d-block  m-0 \"  title=\"Anais VII SENAFE e III SEINFE\u00a0\" href=\"https:\/\/www.ufsm.br\/editoras\/facos\/anais-vii-senafe-e-iii-seinfe\">\n                                                Anais VII SENAFE e III SEINFE\u00a0                    <\/a>\n                    \n                    \n                                        \n                                        \n                                        <\/div>\n                                    <div class=\"col-12 col-lg-3 pb-4\">\n                                            <div class=\"noticias-widget-wrap\" style=\"height: 280px; overflow: hidden;\">\n                            <a title=\"Capa do ebook Filosofia e Educa\u00e7\u00e3o\" href=\"https:\/\/www.ufsm.br\/editoras\/facos\/filosofia-e-educacao-sustentabilidade-violencia-escolar-e-formacao-para-a-cidadania\">\n                                <span class=\"visually-hidden\">\n                                    Capa do ebook Filosofia e Educa\u00e7\u00e3o                                <\/span>\n                                <div class=\"noticias-widget-thumbs h-100\">\n                                    <img decoding=\"async\" class=\"object-fit-cover h-100 w-100\" alt=\"\" srcset=\"https:\/\/www.ufsm.br\/app\/uploads\/sites\/746\/2025\/11\/Filosofia-e-educacao-212x300.jpg 212w, https:\/\/www.ufsm.br\/app\/uploads\/sites\/746\/2025\/11\/Filosofia-e-educacao-724x1024.jpg 724w, https:\/\/www.ufsm.br\/app\/uploads\/sites\/746\/2025\/11\/Filosofia-e-educacao-768x1086.jpg 768w, https:\/\/www.ufsm.br\/app\/uploads\/sites\/746\/2025\/11\/Filosofia-e-educacao-1086x1536.jpg 1086w, https:\/\/www.ufsm.br\/app\/uploads\/sites\/746\/2025\/11\/Filosofia-e-educacao.jpg 1092w\" src=\"https:\/\/www.ufsm.br\/app\/uploads\/sites\/746\/2025\/11\/Filosofia-e-educacao-724x1024.jpg\"><\/img>\n                                <\/div>\n                            <\/a>\n                        <\/div>\n                                        \n                                        \n                    \n                    <a class=\"noticias-widget-title d-block  m-0 \"  title=\"Filosofia e educa\u00e7\u00e3o: sustentabilidade, viol\u00eancia escolar e forma\u00e7\u00e3o para a cidadania\" href=\"https:\/\/www.ufsm.br\/editoras\/facos\/filosofia-e-educacao-sustentabilidade-violencia-escolar-e-formacao-para-a-cidadania\">\n                                                Filosofia e educa\u00e7\u00e3o: sustentabilidade, viol\u00eancia escolar e forma\u00e7\u00e3o para a cidadania                    <\/a>\n                    \n                    \n                                        \n                                        \n                                        <\/div>\n                                    <div class=\"col-12 col-lg-3 pb-4\">\n                                            <div class=\"noticias-widget-wrap\" style=\"height: 280px; overflow: hidden;\">\n                            <a title=\"Capa do livro Pesquisa e Desenvolvimento Criativo para divulga\u00e7\u00e3o de Indicadores da Educa\u00e7\u00e3o Superior\" href=\"https:\/\/www.ufsm.br\/editoras\/facos\/pesquisa-e-desenvolvimento-criativo-para-divulgacao-de-indicadores-da-educacao-superior\">\n                                <span class=\"visually-hidden\">\n                                    Capa do livro Pesquisa e Desenvolvimento Criativo para divulga\u00e7\u00e3o de Indicadores da Educa\u00e7\u00e3o Superior                                <\/span>\n                                <div class=\"noticias-widget-thumbs h-100\">\n                                    <img decoding=\"async\" class=\"object-fit-cover h-100 w-100\" alt=\"\" srcset=\"https:\/\/www.ufsm.br\/app\/uploads\/sites\/746\/2025\/10\/IMG-20251006-WA0112-212x300.jpg 212w, https:\/\/www.ufsm.br\/app\/uploads\/sites\/746\/2025\/10\/IMG-20251006-WA0112-722x1024.jpg 722w, https:\/\/www.ufsm.br\/app\/uploads\/sites\/746\/2025\/10\/IMG-20251006-WA0112-768x1089.jpg 768w, https:\/\/www.ufsm.br\/app\/uploads\/sites\/746\/2025\/10\/IMG-20251006-WA0112.jpg 840w\" src=\"https:\/\/www.ufsm.br\/app\/uploads\/sites\/746\/2025\/10\/IMG-20251006-WA0112-722x1024.jpg\"><\/img>\n                                <\/div>\n                            <\/a>\n                        <\/div>\n                                        \n                                        \n                    \n                    <a class=\"noticias-widget-title d-block  m-0 \"  title=\"Pesquisa e Desenvolvimento Criativo para divulga\u00e7\u00e3o de Indicadores da Educa\u00e7\u00e3o Superior\" href=\"https:\/\/www.ufsm.br\/editoras\/facos\/pesquisa-e-desenvolvimento-criativo-para-divulgacao-de-indicadores-da-educacao-superior\">\n                                                Pesquisa e Desenvolvimento Criativo para divulga\u00e7\u00e3o de Indicadores da Educa\u00e7\u00e3o Superior                    <\/a>\n                    \n                    \n                                        \n                                        \n                                        <\/div>\n                                    <div class=\"col-12 col-lg-3 pb-4\">\n                                            <div class=\"noticias-widget-wrap\" style=\"height: 280px; overflow: hidden;\">\n                            <a title=\"Capa do livro media\u00e7\u00e3o pedag\u00f3gica\" href=\"https:\/\/www.ufsm.br\/editoras\/facos\/mediacao-pedagogica-na-educacao-a-distancia-hibrida-e-presencial\">\n                                <span class=\"visually-hidden\">\n                                    Capa do livro media\u00e7\u00e3o pedag\u00f3gica                                <\/span>\n                                <div class=\"noticias-widget-thumbs h-100\">\n                                    <img decoding=\"async\" class=\"object-fit-cover h-100 w-100\" alt=\"\" srcset=\"https:\/\/www.ufsm.br\/app\/uploads\/sites\/746\/2025\/08\/Mediacao-pedagogica-209x300.png 209w, https:\/\/www.ufsm.br\/app\/uploads\/sites\/746\/2025\/08\/Mediacao-pedagogica-712x1024.png 712w, https:\/\/www.ufsm.br\/app\/uploads\/sites\/746\/2025\/08\/Mediacao-pedagogica-768x1104.png 768w, https:\/\/www.ufsm.br\/app\/uploads\/sites\/746\/2025\/08\/Mediacao-pedagogica-1068x1536.png 1068w, https:\/\/www.ufsm.br\/app\/uploads\/sites\/746\/2025\/08\/Mediacao-pedagogica.png 1260w\" src=\"https:\/\/www.ufsm.br\/app\/uploads\/sites\/746\/2025\/08\/Mediacao-pedagogica-712x1024.png\"><\/img>\n                                <\/div>\n                            <\/a>\n                        <\/div>\n                                        \n                                        \n                    \n                    <a class=\"noticias-widget-title d-block  m-0 \"  title=\"Media\u00e7\u00e3o pedag\u00f3gica na educa\u00e7\u00e3o a dist\u00e2ncia, h\u00edbrida e presencial\" href=\"https:\/\/www.ufsm.br\/editoras\/facos\/mediacao-pedagogica-na-educacao-a-distancia-hibrida-e-presencial\">\n                                                Media\u00e7\u00e3o pedag\u00f3gica na educa\u00e7\u00e3o a dist\u00e2ncia, h\u00edbrida e presencial                    <\/a>\n                    \n                    \n                                        \n                                        \n                                        <\/div>\n                            <\/div>\n            <\/div>\n\t\t<\/div>\n\t\t\t\t<\/div>\n\t\t\t\t\t<\/div>\n\t\t<\/div>\n\t\t\t\t\t<\/div>\n\t\t<\/section>\n\t\t\t\t<\/div>\n\t\t","protected":false},"excerpt":{"rendered":"<p>Laborat\u00f3rio LAGEOLAM\/UFSM: 25 anos estudando \u00e1reas de risco a desastres naturais \u2013 volume 3 \u2013 o per\u00edodo de 2016 a 2021 Lu\u00eds Eduardo de Souza Robaina e Romario Trentin (organizadores)<\/p>\n","protected":false},"author":2180,"featured_media":514,"parent":0,"menu_order":0,"comment_status":"closed","ping_status":"closed","template":"","meta":{"footnotes":""},"categories":[138,151],"tags":[],"class_list":["post-513","page","type-page","status-publish","has-post-thumbnail","hentry","category-educacao","category-ambiente"],"acf":[],"_links":{"self":[{"href":"https:\/\/www.ufsm.br\/editoras\/facos\/wp-json\/wp\/v2\/pages\/513","targetHints":{"allow":["GET"]}}],"collection":[{"href":"https:\/\/www.ufsm.br\/editoras\/facos\/wp-json\/wp\/v2\/pages"}],"about":[{"href":"https:\/\/www.ufsm.br\/editoras\/facos\/wp-json\/wp\/v2\/types\/page"}],"author":[{"embeddable":true,"href":"https:\/\/www.ufsm.br\/editoras\/facos\/wp-json\/wp\/v2\/users\/2180"}],"replies":[{"embeddable":true,"href":"https:\/\/www.ufsm.br\/editoras\/facos\/wp-json\/wp\/v2\/comments?post=513"}],"version-history":[{"count":0,"href":"https:\/\/www.ufsm.br\/editoras\/facos\/wp-json\/wp\/v2\/pages\/513\/revisions"}],"wp:featuredmedia":[{"embeddable":true,"href":"https:\/\/www.ufsm.br\/editoras\/facos\/wp-json\/wp\/v2\/media\/514"}],"wp:attachment":[{"href":"https:\/\/www.ufsm.br\/editoras\/facos\/wp-json\/wp\/v2\/media?parent=513"}],"wp:term":[{"taxonomy":"category","embeddable":true,"href":"https:\/\/www.ufsm.br\/editoras\/facos\/wp-json\/wp\/v2\/categories?post=513"},{"taxonomy":"post_tag","embeddable":true,"href":"https:\/\/www.ufsm.br\/editoras\/facos\/wp-json\/wp\/v2\/tags?post=513"}],"curies":[{"name":"wp","href":"https:\/\/api.w.org\/{rel}","templated":true}]}}