{"id":537,"date":"2024-06-06T23:46:00","date_gmt":"2024-06-07T02:46:00","guid":{"rendered":"https:\/\/www.ufsm.br\/editoras\/facos\/?page_id=537"},"modified":"2024-12-26T16:30:14","modified_gmt":"2024-12-26T19:30:14","slug":"comunicacao-desenvolvimento","status":"publish","type":"page","link":"https:\/\/www.ufsm.br\/editoras\/facos\/comunicacao-desenvolvimento","title":{"rendered":"Comunica\u00e7\u00e3o &amp; Desenvolvimento"},"content":{"rendered":"\t\t<div data-elementor-type=\"wp-page\" data-elementor-id=\"537\" class=\"elementor elementor-537\">\n\t\t\t\t\t\t<section class=\"elementor-section elementor-top-section elementor-element elementor-element-9df92bf elementor-section-boxed elementor-section-height-default elementor-section-height-default\" data-id=\"9df92bf\" data-element_type=\"section\">\n\t\t\t\t\t\t<div class=\"elementor-container elementor-column-gap-default\">\n\t\t\t\t\t<div class=\"elementor-column elementor-col-100 elementor-top-column elementor-element elementor-element-def6854\" data-id=\"def6854\" data-element_type=\"column\">\n\t\t\t<div class=\"elementor-widget-wrap elementor-element-populated\">\n\t\t\t\t\t\t<div class=\"elementor-element elementor-element-4773c61 elementor-widget elementor-widget-text-editor\" data-id=\"4773c61\" data-element_type=\"widget\" data-widget_type=\"text-editor.default\">\n\t\t\t\t<div class=\"elementor-widget-container\">\n\t\t\t\t\t\t\t<h1>Comunica\u00e7\u00e3o &amp; Desenvolvimento<\/h1><h6>Elisa Lubeck, Flavi Ferreira Lisboa Filho,\u00a0 \u00a0Luciomar de Carvalho (organizadores)<\/h6>\t\t\t\t\t\t<\/div>\n\t\t\t\t<\/div>\n\t\t\t\t\t<\/div>\n\t\t<\/div>\n\t\t\t\t\t<\/div>\n\t\t<\/section>\n\t\t\t\t<section class=\"elementor-section elementor-top-section elementor-element elementor-element-efacea2 elementor-section-boxed elementor-section-height-default elementor-section-height-default\" data-id=\"efacea2\" data-element_type=\"section\">\n\t\t\t\t\t\t<div class=\"elementor-container elementor-column-gap-default\">\n\t\t\t\t\t<div class=\"elementor-column elementor-col-100 elementor-top-column elementor-element elementor-element-3da39d2\" data-id=\"3da39d2\" data-element_type=\"column\">\n\t\t\t<div class=\"elementor-widget-wrap elementor-element-populated\">\n\t\t\t\t\t\t<div class=\"elementor-element elementor-element-8464806 elementor-widget elementor-widget-wp-widget-ufsm_manancial_ficha_apresentacao\" data-id=\"8464806\" data-element_type=\"widget\" data-widget_type=\"wp-widget-ufsm_manancial_ficha_apresentacao.default\">\n\t\t\t\t<div class=\"elementor-widget-container\">\n\t\t\t<div class=\"row g-0\">\n    <div class=\"col-12 col-lg-5\">\n        <div class=\"card rounded-0 bg-primary text-white\">\n                            <img decoding=\"async\" src=\"https:\/\/repositorio.ufsm.br\/bitstream\/handle\/1\/31977\/comunica\u00e7\u00e3o_&_desenvolvimento.cdr CAPA_page-0001.jpg\" class=\"img-fluid img-thumbnail mx-5 mt-5 mb-1\" >\n                        <div class=\"card-body bg-transparent-on-contraste ms-4 ps-4 me-3\">\n                <p class=\"card-title fs-5 lh-sm\">Comunica\u00e7\u00e3o & desenvolvimento<\/p>\n                <div class=\"d-flex flex-wrap\">\n                    <a href=\"https:\/\/repositorio.ufsm.br\/handle\/1\/31977\" class=\"small link-light underline-on-hover me-3\" target=\"_blank\">\n                        <i class=\"fa fa-external-link me-1\" aria-hidden=\"true\"><\/i>\n                        Ver no Manancial\n                    <\/a>\n                                            <a href=\"https:\/\/repositorio.ufsm.br\/bitstream\/handle\/1\/31977\/COMUNICA\u00c7\u00c3O_&_DESENVOLVIMENTO.pdf\" class=\"small link-light underline-on-hover\" target=\"_blank\">\n                            <i class=\"fa fa-file-pdf-o me-1\" aria-hidden=\"true\"><\/i>\n                            Ver o PDF\n                        <\/a>\n                                                        <\/div>\n            <\/div>\n        <\/div>\n    <\/div>\n    <div class=\"col-12 col-lg-7 d-flex\">\n        <div class=\"card rounded-0 rounded-end border-0 shadow w-100\">\n            <div class=\"card-body bg-transparent-on-contraste my-2 mx-3\">\n                <ul class=\"nav nav-pills justify-content-center\" id=\"029290a4-cb1b-4bb3-ac24-ec32b83d181c\" role=\"tablist\">\n                    <li class=\"nav-item\" role=\"presentation\">\n            <button class=\"nav-link active\" id=\"section-029290a4-cb1b-4bb3-ac24-ec32b83d181c-resumo-tab\" data-bs-toggle=\"tab\" data-bs-target=\"#section-029290a4-cb1b-4bb3-ac24-ec32b83d181c-resumo\" type=\"button\" role=\"tab\" aria-controls=\"section-029290a4-cb1b-4bb3-ac24-ec32b83d181c-resumo\"  aria-selected=\"true\" >Resumo<\/button>\n        <\/li>\n                    <li class=\"nav-item\" role=\"presentation\">\n            <button class=\"nav-link \" id=\"section-029290a4-cb1b-4bb3-ac24-ec32b83d181c-organizacao-tab\" data-bs-toggle=\"tab\" data-bs-target=\"#section-029290a4-cb1b-4bb3-ac24-ec32b83d181c-organizacao\" type=\"button\" role=\"tab\" aria-controls=\"section-029290a4-cb1b-4bb3-ac24-ec32b83d181c-organizacao\" >Organiza\u00e7\u00e3o<\/button>\n        <\/li>\n                    <li class=\"nav-item\" role=\"presentation\">\n            <button class=\"nav-link \" id=\"section-029290a4-cb1b-4bb3-ac24-ec32b83d181c-autoria-tab\" data-bs-toggle=\"tab\" data-bs-target=\"#section-029290a4-cb1b-4bb3-ac24-ec32b83d181c-autoria\" type=\"button\" role=\"tab\" aria-controls=\"section-029290a4-cb1b-4bb3-ac24-ec32b83d181c-autoria\" >Autoria<\/button>\n        <\/li>\n                    <li class=\"nav-item\" role=\"presentation\">\n            <button class=\"nav-link \" id=\"section-029290a4-cb1b-4bb3-ac24-ec32b83d181c-outros-dados-tab\" data-bs-toggle=\"tab\" data-bs-target=\"#section-029290a4-cb1b-4bb3-ac24-ec32b83d181c-outros-dados\" type=\"button\" role=\"tab\" aria-controls=\"section-029290a4-cb1b-4bb3-ac24-ec32b83d181c-outros-dados\" >Dados da Obra<\/button>\n        <\/li>\n                    <li class=\"nav-item\" role=\"presentation\">\n            <button class=\"nav-link \" id=\"section-029290a4-cb1b-4bb3-ac24-ec32b83d181c-cnpq-tab\" data-bs-toggle=\"tab\" data-bs-target=\"#section-029290a4-cb1b-4bb3-ac24-ec32b83d181c-cnpq\" type=\"button\" role=\"tab\" aria-controls=\"section-029290a4-cb1b-4bb3-ac24-ec32b83d181c-cnpq\" >CNPq<\/button>\n        <\/li>\n    <\/ul>\n<div class=\"tab-content\" id=\"029290a4-cb1b-4bb3-ac24-ec32b83d181cContent\">\n            <div class=\"tab-pane fade show active pt-3\" id=\"section-029290a4-cb1b-4bb3-ac24-ec32b83d181c-resumo\" role=\"tabpanel\" aria-labelledby=\"section-029290a4-cb1b-4bb3-ac24-ec32b83d181c-resumo-tab\">\n            O livro \"Comunica\u00e7\u00e3o & Desenvolvimento\" apresenta artigos que abordam os processos que envolvem a rela\u00e7\u00e3o da comunica\u00e7\u00e3o para o desenvolvimento nos territ\u00f3rios locais e regionais, nos contextos populares, nas inst\u00e2ncias da produ\u00e7\u00e3o, da circula\u00e7\u00e3o e da recep\u00e7\u00e3o de mensagens, frente aos processos atuais de exclus\u00e3o social, identit\u00e1rios e \u00e0s din\u00e2micas econ\u00f4micas. Tamb\u00e9m considera a concep\u00e7\u00e3o da comunica\u00e7\u00e3o como tecnologia social ressaltando as interfaces entre o respectivo campo e as dimens\u00f5es do desenvolvimento. A obra brinda ao leitor um conjunto de 12 cap\u00edtulos com autores internacionais e de diversos estados brasileiros, al\u00e9m de integrantes do Grupo de Pesquisa Estudos Culturais e Audiovisualidades que apresentam o andamento de suas investiga\u00e7\u00f5es. O livro \u201cComunica\u00e7\u00e3o & Desenvolvimento\u201d \u00e9 mais uma publica\u00e7\u00e3o de f\u00f4lego alusiva \u00e0s comemora\u00e7\u00f5es do Grupo de Pesquisa Estudos Culturais e Audiovisualidades, registrado no Conselho Nacional de Desenvolvimento Cient\u00edfico e Tecnol\u00f3gico \u2013CNPq e certificado pela Universidade Federal de Santa Maria \u2013UFSM, cuja lideran\u00e7a cabe ao prof. Flavi Ferreira Lisboa Filho.        <\/div>\n            <div class=\"tab-pane fade  pt-3\" id=\"section-029290a4-cb1b-4bb3-ac24-ec32b83d181c-organizacao\" role=\"tabpanel\" aria-labelledby=\"section-029290a4-cb1b-4bb3-ac24-ec32b83d181c-organizacao-tab\">\n            <div class=\"row row-cols-1 row-cols-md-2\">\n            <div class=\"col p-1\">\n            <div class=\"border-bottom border-1 h-100\">\n                Lubeck, Elisa            <\/div>\n        <\/div>\n            <div class=\"col p-1\">\n            <div class=\"border-bottom border-1 h-100\">\n                Filho, Flavi Ferreira Lisboa            <\/div>\n        <\/div>\n            <div class=\"col p-1\">\n            <div class=\"border-bottom border-1 h-100\">\n                Carvalho, Luciomar de            <\/div>\n        <\/div>\n        \n<\/div>\n        <\/div>\n            <div class=\"tab-pane fade  pt-3\" id=\"section-029290a4-cb1b-4bb3-ac24-ec32b83d181c-autoria\" role=\"tabpanel\" aria-labelledby=\"section-029290a4-cb1b-4bb3-ac24-ec32b83d181c-autoria-tab\">\n            <div class=\"tab-content\" id=\"1776879318Content\">\n            <div class=\"tab-pane fade show active pt-3\" id=\"section-1776879318-0\" role=\"tabpanel\" aria-labelledby=\"section-1776879318-0-tab\">\n            <div class=\"row row-cols-1 row-cols-md-2\">\n            <div class=\"col p-1\">\n            <div class=\"border-bottom border-1 h-100\">\n                Filho, Flavi Ferreira Lisboa            <\/div>\n        <\/div>\n            <div class=\"col p-1\">\n            <div class=\"border-bottom border-1 h-100\">\n                Rebellato, Mauricio            <\/div>\n        <\/div>\n            <div class=\"col p-1\">\n            <div class=\"border-bottom border-1 h-100\">\n                Santos, Maria Salett Tauk            <\/div>\n        <\/div>\n            <div class=\"col p-1\">\n            <div class=\"border-bottom border-1 h-100\">\n                S\u00e1, Artur A.            <\/div>\n        <\/div>\n            <div class=\"col p-1\">\n            <div class=\"border-bottom border-1 h-100\">\n                Rosado-Gonz\u00e1lez, Emmaline            <\/div>\n        <\/div>\n            <div class=\"col p-1\">\n            <div class=\"border-bottom border-1 h-100\">\n                Vaz, Nuno Monteiro            <\/div>\n        <\/div>\n            <div class=\"col p-1\">\n            <div class=\"border-bottom border-1 h-100\">\n                Louren\u00e7o, Jos\u00e9 Martinho            <\/div>\n        <\/div>\n            <div class=\"col p-1\">\n            <div class=\"border-bottom border-1 h-100\">\n                Silva, Elizabeth            <\/div>\n        <\/div>\n            <div class=\"col p-1\">\n            <div class=\"border-bottom border-1 h-100\">\n                Mart\u00ednez-Mart\u00edn, Jes\u00fas Enrique            <\/div>\n        <\/div>\n            <div class=\"col p-1\">\n            <div class=\"border-bottom border-1 h-100\">\n                Carvalho, Luciomar de            <\/div>\n        <\/div>\n            <div class=\"col p-1\">\n            <div class=\"border-bottom border-1 h-100\">\n                Lovato, Anderson            <\/div>\n        <\/div>\n            <div class=\"col p-1\">\n            <div class=\"border-bottom border-1 h-100\">\n                Carvalho, Vitor Cesar Rodrigues            <\/div>\n        <\/div>\n            <div class=\"col p-1\">\n            <div class=\"border-bottom border-1 h-100\">\n                Lubeck, Elisa            <\/div>\n        <\/div>\n            <div class=\"col p-1\">\n            <div class=\"border-bottom border-1 h-100\">\n                Oliveira, Victor da Silva            <\/div>\n        <\/div>\n            <div class=\"col p-1\">\n            <div class=\"border-bottom border-1 h-100\">\n                Martins, Tiago Costa            <\/div>\n        <\/div>\n            <div class=\"col p-1\">\n            <div class=\"border-bottom border-1 h-100\">\n                Kegler, Jaqueline Quincozes da Silva            <\/div>\n        <\/div>\n        \n<\/div>\n        <\/div>\n            <div class=\"tab-pane fade  pt-3\" id=\"section-1776879318-1\" role=\"tabpanel\" aria-labelledby=\"section-1776879318-1-tab\">\n            <div class=\"row row-cols-1 row-cols-md-2\">\n            <div class=\"col p-1\">\n            <div class=\"border-bottom border-1 h-100\">\n                Reis, Mariana Ferreira            <\/div>\n        <\/div>\n            <div class=\"col p-1\">\n            <div class=\"border-bottom border-1 h-100\">\n                Colpo, Caroline Delevati            <\/div>\n        <\/div>\n            <div class=\"col p-1\">\n            <div class=\"border-bottom border-1 h-100\">\n                Souza, Jayane Evellen de F\u00e1tima Cruz de            <\/div>\n        <\/div>\n            <div class=\"col p-1\">\n            <div class=\"border-bottom border-1 h-100\">\n                Caporal, Gibsy Lisie Soares            <\/div>\n        <\/div>\n            <div class=\"col p-1\">\n            <div class=\"border-bottom border-1 h-100\">\n                Foss\u00e1, Maria Ivete Trevisan            <\/div>\n        <\/div>\n            <div class=\"col p-1\">\n            <div class=\"border-bottom border-1 h-100\">\n                Rudnicki, Carlise Porto Schneider            <\/div>\n        <\/div>\n            <div class=\"col p-1\">\n            <div class=\"border-bottom border-1 h-100\">\n                Silveira, Ada Cristina Machado da            <\/div>\n        <\/div>\n            <div class=\"col p-1\">\n            <div class=\"border-bottom border-1 h-100\">\n                Schwartz, Clarissa            <\/div>\n        <\/div>\n        \n<\/div>\n        <\/div>\n    <\/div>\n<ul class=\"nav nav-pills justify-content-end\" id=\"1776879318\" role=\"tablist\">\n                    <li class=\"nav-item\" role=\"presentation\">\n            <button class=\"nav-link active\" id=\"section-1776879318-0-tab\" data-bs-toggle=\"tab\" data-bs-target=\"#section-1776879318-0\" type=\"button\" role=\"tab\" aria-controls=\"section-1776879318-0\"  aria-selected=\"true\" >1<\/button>\n        <\/li>\n                    <li class=\"nav-item\" role=\"presentation\">\n            <button class=\"nav-link \" id=\"section-1776879318-1-tab\" data-bs-toggle=\"tab\" data-bs-target=\"#section-1776879318-1\" type=\"button\" role=\"tab\" aria-controls=\"section-1776879318-1\" >2<\/button>\n        <\/li>\n    <\/ul>\n        <\/div>\n            <div class=\"tab-pane fade  pt-3\" id=\"section-029290a4-cb1b-4bb3-ac24-ec32b83d181c-outros-dados\" role=\"tabpanel\" aria-labelledby=\"section-029290a4-cb1b-4bb3-ac24-ec32b83d181c-outros-dados-tab\">\n            <dl class=\"row\">\n    <dt class=\"col-12 col-md-3\">Publica\u00e7\u00e3o<\/dt>\n    <dd class=\"col-12 col-md-9\">\n        <dl class=\"row\">\n            <dt class=\"col-12 col-md-4\">Ano<\/dt>\n            <dd class=\"col-12 col-md-8\">2024<\/dd>\n            <dt class=\"col-12 col-md-4\">ISBN<\/dt>\n            <dd class=\"col-12 col-md-8\">978-65-5773-074-4<\/dd>\n        <\/dl>\n    <\/dd>\n            <dt class=\"col-12 col-md-3\">Refer\u00eancia<\/dt>\n        <dd class=\"col-12 col-md-9\">LUBECK, Elisa; FILHO, Flavi Ferreira Lisboa; CARVALHO, Luciomar de (orgs.). Comunica\u00e7\u00e3o & desenvolvimento [recurso eletr\u00f4nico]. Santa Maria, RS : FACOS-UFSM, 2024.<\/dd>\n                <dt class=\"col-12 col-md-3\">Assuntos<\/dt>\n        <dd class=\"col-12 col-md-9\">Comunica\u00e7\u00e3o;<br>Desenvolvimento;<br>Estudos culturais<\/dd>\n                <dt class=\"col-12 col-md-3\">Licen\u00e7a<\/dt>\n        <dd class=\"col-12 col-md-9\">\n            Acesso Aberto        <\/dd>\n        \n<\/dl>\n        <\/div>\n            <div class=\"tab-pane fade  pt-3\" id=\"section-029290a4-cb1b-4bb3-ac24-ec32b83d181c-cnpq\" role=\"tabpanel\" aria-labelledby=\"section-029290a4-cb1b-4bb3-ac24-ec32b83d181c-cnpq-tab\">\n            <dl class=\"row\">\n    <dt class=\"col-12 col-md-3\">Grande \u00e1rea<\/dt>\n    <dd class=\"col-12 col-md-9 text-capitalize\">ciencias sociais aplicadas<\/dd>\n    \n            <dt class=\"col-12 col-md-3\">\u00c1rea<\/dt>\n        <dd class=\"col-12 col-md-9 text-capitalize\">comunicacao<\/dd>\n        \n            \n    <\/dl>\n        <\/div>\n    <\/div>\n            <\/div>\n        <\/div>\n    <\/div>\n<\/div>\n\t\t<\/div>\n\t\t\t\t<\/div>\n\t\t\t\t\t<\/div>\n\t\t<\/div>\n\t\t\t\t\t<\/div>\n\t\t<\/section>\n\t\t\t\t<\/div>\n\t\t","protected":false},"excerpt":{"rendered":"<p>Comunica\u00e7\u00e3o &amp; Desenvolvimento Elisa Lubeck, Flavi Ferreira Lisboa Filho,\u00a0 \u00a0Luciomar de Carvalho (organizadores)<\/p>\n","protected":false},"author":68,"featured_media":538,"parent":0,"menu_order":0,"comment_status":"closed","ping_status":"closed","template":"","meta":{"footnotes":""},"categories":[24,141],"tags":[],"class_list":["post-537","page","type-page","status-publish","has-post-thumbnail","hentry","category-comunicacao","category-cultura"],"acf":[],"_links":{"self":[{"href":"https:\/\/www.ufsm.br\/editoras\/facos\/wp-json\/wp\/v2\/pages\/537","targetHints":{"allow":["GET"]}}],"collection":[{"href":"https:\/\/www.ufsm.br\/editoras\/facos\/wp-json\/wp\/v2\/pages"}],"about":[{"href":"https:\/\/www.ufsm.br\/editoras\/facos\/wp-json\/wp\/v2\/types\/page"}],"author":[{"embeddable":true,"href":"https:\/\/www.ufsm.br\/editoras\/facos\/wp-json\/wp\/v2\/users\/68"}],"replies":[{"embeddable":true,"href":"https:\/\/www.ufsm.br\/editoras\/facos\/wp-json\/wp\/v2\/comments?post=537"}],"version-history":[{"count":0,"href":"https:\/\/www.ufsm.br\/editoras\/facos\/wp-json\/wp\/v2\/pages\/537\/revisions"}],"wp:featuredmedia":[{"embeddable":true,"href":"https:\/\/www.ufsm.br\/editoras\/facos\/wp-json\/wp\/v2\/media\/538"}],"wp:attachment":[{"href":"https:\/\/www.ufsm.br\/editoras\/facos\/wp-json\/wp\/v2\/media?parent=537"}],"wp:term":[{"taxonomy":"category","embeddable":true,"href":"https:\/\/www.ufsm.br\/editoras\/facos\/wp-json\/wp\/v2\/categories?post=537"},{"taxonomy":"post_tag","embeddable":true,"href":"https:\/\/www.ufsm.br\/editoras\/facos\/wp-json\/wp\/v2\/tags?post=537"}],"curies":[{"name":"wp","href":"https:\/\/api.w.org\/{rel}","templated":true}]}}