{"id":542,"date":"2024-07-03T18:04:39","date_gmt":"2024-07-03T21:04:39","guid":{"rendered":"https:\/\/www.ufsm.br\/editoras\/facos\/?page_id=542"},"modified":"2024-12-26T16:28:54","modified_gmt":"2024-12-26T19:28:54","slug":"avaliacao-institucional-avaliar-e-preciso","status":"publish","type":"page","link":"https:\/\/www.ufsm.br\/editoras\/facos\/avaliacao-institucional-avaliar-e-preciso","title":{"rendered":"Avalia\u00e7\u00e3o institucional: avaliar \u00e9 preciso"},"content":{"rendered":"\t\t<div data-elementor-type=\"wp-page\" data-elementor-id=\"542\" class=\"elementor elementor-542\">\n\t\t\t\t\t\t<section class=\"elementor-section elementor-top-section elementor-element elementor-element-750d03b elementor-section-boxed elementor-section-height-default elementor-section-height-default\" data-id=\"750d03b\" data-element_type=\"section\">\n\t\t\t\t\t\t<div class=\"elementor-container elementor-column-gap-default\">\n\t\t\t\t\t<div class=\"elementor-column elementor-col-100 elementor-top-column elementor-element elementor-element-0aa89be\" data-id=\"0aa89be\" data-element_type=\"column\">\n\t\t\t<div class=\"elementor-widget-wrap elementor-element-populated\">\n\t\t\t\t\t\t<div class=\"elementor-element elementor-element-eeef396 elementor-widget elementor-widget-text-editor\" data-id=\"eeef396\" data-element_type=\"widget\" data-widget_type=\"text-editor.default\">\n\t\t\t\t<div class=\"elementor-widget-container\">\n\t\t\t\t\t\t\t<h1><strong>Avalia\u00e7\u00e3o institucional: avaliar \u00e9 preciso<\/strong><\/h1><h6>Tania Micheline Miorando, Liliane Gontan Timm Della Mea, Fernando Pires Barbosa, Silvane Brand Fabrizio (Orgs.)<\/h6><p>\u00a0<\/p>\t\t\t\t\t\t<\/div>\n\t\t\t\t<\/div>\n\t\t\t\t\t<\/div>\n\t\t<\/div>\n\t\t\t\t\t<\/div>\n\t\t<\/section>\n\t\t\t\t<section class=\"elementor-section elementor-top-section elementor-element elementor-element-c232f0f elementor-section-boxed elementor-section-height-default elementor-section-height-default\" data-id=\"c232f0f\" data-element_type=\"section\">\n\t\t\t\t\t\t<div class=\"elementor-container elementor-column-gap-default\">\n\t\t\t\t\t<div class=\"elementor-column elementor-col-100 elementor-top-column elementor-element elementor-element-a1a86b1\" data-id=\"a1a86b1\" data-element_type=\"column\">\n\t\t\t<div class=\"elementor-widget-wrap elementor-element-populated\">\n\t\t\t\t\t\t<div class=\"elementor-element elementor-element-1b9f838 elementor-widget elementor-widget-wp-widget-ufsm_manancial_ficha_apresentacao\" data-id=\"1b9f838\" data-element_type=\"widget\" data-widget_type=\"wp-widget-ufsm_manancial_ficha_apresentacao.default\">\n\t\t\t\t<div class=\"elementor-widget-container\">\n\t\t\t<div class=\"row g-0\">\n    <div class=\"col-12 col-lg-5\">\n        <div class=\"card rounded-0 bg-primary text-white\">\n                            <img decoding=\"async\" src=\"https:\/\/repositorio.ufsm.br\/bitstream\/handle\/1\/31673\/capa.avaliacao.JPG\" class=\"img-fluid img-thumbnail mx-5 mt-5 mb-1\" >\n                        <div class=\"card-body bg-transparent-on-contraste ms-4 ps-4 me-3\">\n                <p class=\"card-title fs-5 lh-sm\">Avalia\u00e7\u00e3o institucional: avaliar \u00e9 preciso<\/p>\n                <div class=\"d-flex flex-wrap\">\n                    <a href=\"https:\/\/repositorio.ufsm.br\/handle\/1\/31673\" class=\"small link-light underline-on-hover me-3\" target=\"_blank\">\n                        <i class=\"fa fa-external-link me-1\" aria-hidden=\"true\"><\/i>\n                        Ver no Manancial\n                    <\/a>\n                                            <a href=\"https:\/\/repositorio.ufsm.br\/bitstream\/handle\/1\/31673\/ebook_Av_Institucional_Av_Preciso..pdf\" class=\"small link-light underline-on-hover\" target=\"_blank\">\n                            <i class=\"fa fa-file-pdf-o me-1\" aria-hidden=\"true\"><\/i>\n                            Ver o PDF\n                        <\/a>\n                                                        <\/div>\n            <\/div>\n        <\/div>\n    <\/div>\n    <div class=\"col-12 col-lg-7 d-flex\">\n        <div class=\"card rounded-0 rounded-end border-0 shadow w-100\">\n            <div class=\"card-body bg-transparent-on-contraste my-2 mx-3\">\n                <ul class=\"nav nav-pills justify-content-center\" id=\"2cdff684-b301-444a-9774-663eca46876c\" role=\"tablist\">\n                    <li class=\"nav-item\" role=\"presentation\">\n            <button class=\"nav-link active\" id=\"section-2cdff684-b301-444a-9774-663eca46876c-resumo-tab\" data-bs-toggle=\"tab\" data-bs-target=\"#section-2cdff684-b301-444a-9774-663eca46876c-resumo\" type=\"button\" role=\"tab\" aria-controls=\"section-2cdff684-b301-444a-9774-663eca46876c-resumo\"  aria-selected=\"true\" >Resumo<\/button>\n        <\/li>\n                    <li class=\"nav-item\" role=\"presentation\">\n            <button class=\"nav-link \" id=\"section-2cdff684-b301-444a-9774-663eca46876c-organizacao-tab\" data-bs-toggle=\"tab\" data-bs-target=\"#section-2cdff684-b301-444a-9774-663eca46876c-organizacao\" type=\"button\" role=\"tab\" aria-controls=\"section-2cdff684-b301-444a-9774-663eca46876c-organizacao\" >Organiza\u00e7\u00e3o<\/button>\n        <\/li>\n                    <li class=\"nav-item\" role=\"presentation\">\n            <button class=\"nav-link \" id=\"section-2cdff684-b301-444a-9774-663eca46876c-autoria-tab\" data-bs-toggle=\"tab\" data-bs-target=\"#section-2cdff684-b301-444a-9774-663eca46876c-autoria\" type=\"button\" role=\"tab\" aria-controls=\"section-2cdff684-b301-444a-9774-663eca46876c-autoria\" >Autoria<\/button>\n        <\/li>\n                    <li class=\"nav-item\" role=\"presentation\">\n            <button class=\"nav-link \" id=\"section-2cdff684-b301-444a-9774-663eca46876c-outros-dados-tab\" data-bs-toggle=\"tab\" data-bs-target=\"#section-2cdff684-b301-444a-9774-663eca46876c-outros-dados\" type=\"button\" role=\"tab\" aria-controls=\"section-2cdff684-b301-444a-9774-663eca46876c-outros-dados\" >Dados da Obra<\/button>\n        <\/li>\n                    <li class=\"nav-item\" role=\"presentation\">\n            <button class=\"nav-link \" id=\"section-2cdff684-b301-444a-9774-663eca46876c-cnpq-tab\" data-bs-toggle=\"tab\" data-bs-target=\"#section-2cdff684-b301-444a-9774-663eca46876c-cnpq\" type=\"button\" role=\"tab\" aria-controls=\"section-2cdff684-b301-444a-9774-663eca46876c-cnpq\" >CNPq<\/button>\n        <\/li>\n    <\/ul>\n<div class=\"tab-content\" id=\"2cdff684-b301-444a-9774-663eca46876cContent\">\n            <div class=\"tab-pane fade show active pt-3\" id=\"section-2cdff684-b301-444a-9774-663eca46876c-resumo\" role=\"tabpanel\" aria-labelledby=\"section-2cdff684-b301-444a-9774-663eca46876c-resumo-tab\">\n            Os organizadores deste e-book foram muito felizes por nos trazer, atrav\u00e9s de\r\nrecortes de relatos de experi\u00eancias, reflex\u00f5es muito importantes acerca de quest\u00f5es\r\nrelacionadas \u00e0 Avalia\u00e7\u00e3o Institucional. Importante destaque a ser feito \u00e9 a relev\u00e2ncia\r\nda participa\u00e7\u00e3o de toda a comunidade acad\u00eamica no processo de avalia\u00e7\u00e3o.\r\n \r\nApesar de a Comiss\u00e3o Pr\u00f3pria de Avalia\u00e7\u00e3o (CPA) existir h\u00e1 mais tempo na\r\nUFSM, posso dizer que a acompanho h\u00e1 pelo menos 15 anos, o que me permite\r\npontuar alguns marcos interessantes. Um deles est\u00e1 na constru\u00e7\u00e3o do Plano de\r\nDesenvolvimento Institucional, em 2016, no qual as informa\u00e7\u00f5es da CPA foram\r\ninseridas como uma ferramenta para o planejamento, na busca da melhoria da\r\nqualidade da educa\u00e7\u00e3o, atrav\u00e9s de uma avalia\u00e7\u00e3o participativa.\r\nAl\u00e9m disso, a integra\u00e7\u00e3o da Avalia\u00e7\u00e3o Institucional (de car\u00e1ter interno) com\r\na Avalia\u00e7\u00e3o Externa contribuiu muito para as an\u00e1lises realizadas pela CPA e pelas\r\nComiss\u00f5es Setoriais de Avalia\u00e7\u00e3o, na constru\u00e7\u00e3o de caminhos que apontam para a\r\nmelhoria da qualidade. Neste sentido, o Exame Nacional de Desempenho Acad\u00eamico\r\n(ENADE) teve um lugar de destaque no trabalho destas comiss\u00f5es, desde a\r\ndivulga\u00e7\u00e3o do edital, com esclarecimentos sobre detalhes t\u00e9cnicos sobre o exame,\r\nat\u00e9 o uso dos resultados como diagn\u00f3sticos visando \u00e0 melhoria na qualidade dos\r\ncursos avaliados.\r\n\r\nOutro marco importante \u00e9 o portal constru\u00eddo na UFSM\r\n(https:\/\/enade.ufsm.br\/questiona), uma excelente ferramenta que pode ser\r\nconsultada atrav\u00e9s das quest\u00f5es das provas. Por apresentar um diagn\u00f3stico do\r\naluno da UFSM com rela\u00e7\u00e3o \u00e0s demais institui\u00e7\u00f5es de ensino do pa\u00eds, serve de apoio\r\npedag\u00f3gico e t\u00e9cnico aos docentes, coordenadores de cursos e at\u00e9 mesmo aos\r\nestudantes.\r\n\r\nA Avalia\u00e7\u00e3o Docente pelo Discente, que por muitos anos teve participa\u00e7\u00e3o\r\npouco significativa, atualmente ganhou um formato bastante amig\u00e1vel e de f\u00e1cil e\r\nr\u00e1pido preenchimento. Com isso, a participa\u00e7\u00e3o aumentou, o que torna poss\u00edvel a\r\nsua utiliza\u00e7\u00e3o na progress\u00e3o docente. Dessa forma, teremos a retroalimenta\u00e7\u00e3o do\r\nsistema de qualidade dos nossos cursos.\r\n\r\nPor fim, \u00e9 importante pontuar que a CPA dentro da UFSM sempre atuou\r\nindependentemente da gest\u00e3o, ou seja, teve autonomia nas suas decis\u00f5es.\r\nEntretanto, seus relat\u00f3rios apoiam a gest\u00e3o na tomada de decis\u00e3o, quando o assunto\r\n\u00e9 a qualidade dos cursos. Em resumo, nas 32 metas atuais da Institui\u00e7\u00e3o, est\u00e3o inseridos pelo menos 3 \u00edndices que s\u00e3o coletados e produzidos pela CPA, o que\r\ndemonstra o elevado grau de import\u00e2ncia que os processos de avalia\u00e7\u00e3o possuem\r\nno contexto da UFSM.\r\n\r\n\u00c9 muito importante destacar a constante evolu\u00e7\u00e3o do trabalho da CPA e\r\nagradecer a todos que passaram por esta Comiss\u00e3o e deixaram sua contribui\u00e7\u00e3o.\r\n\r\nMartha Adaime\r\nVice-Reitora da UFSM        <\/div>\n            <div class=\"tab-pane fade  pt-3\" id=\"section-2cdff684-b301-444a-9774-663eca46876c-organizacao\" role=\"tabpanel\" aria-labelledby=\"section-2cdff684-b301-444a-9774-663eca46876c-organizacao-tab\">\n            <div class=\"row row-cols-1 row-cols-md-2\">\n            <div class=\"col p-1\">\n            <div class=\"border-bottom border-1 h-100\">\n                Miorando, Tania Micheline            <\/div>\n        <\/div>\n            <div class=\"col p-1\">\n            <div class=\"border-bottom border-1 h-100\">\n                Della Mea, Liliane Gontan Timm            <\/div>\n        <\/div>\n            <div class=\"col p-1\">\n            <div class=\"border-bottom border-1 h-100\">\n                Barbosa, Fernando Pires            <\/div>\n        <\/div>\n            <div class=\"col p-1\">\n            <div class=\"border-bottom border-1 h-100\">\n                Fabrizio, Silvane Brand            <\/div>\n        <\/div>\n        \n<\/div>\n        <\/div>\n            <div class=\"tab-pane fade  pt-3\" id=\"section-2cdff684-b301-444a-9774-663eca46876c-autoria\" role=\"tabpanel\" aria-labelledby=\"section-2cdff684-b301-444a-9774-663eca46876c-autoria-tab\">\n            <div class=\"row row-cols-1 row-cols-md-2\">\n            <div class=\"col p-1\">\n            <div class=\"border-bottom border-1 h-100\">\n                Miorando, Tania Micheline            <\/div>\n        <\/div>\n            <div class=\"col p-1\">\n            <div class=\"border-bottom border-1 h-100\">\n                Della Mea, Liliane Gontan Timm            <\/div>\n        <\/div>\n            <div class=\"col p-1\">\n            <div class=\"border-bottom border-1 h-100\">\n                Barbosa, Fernando Pires            <\/div>\n        <\/div>\n            <div class=\"col p-1\">\n            <div class=\"border-bottom border-1 h-100\">\n                Fabrizio, Silvane Brand            <\/div>\n        <\/div>\n        \n<\/div>\n        <\/div>\n            <div class=\"tab-pane fade  pt-3\" id=\"section-2cdff684-b301-444a-9774-663eca46876c-outros-dados\" role=\"tabpanel\" aria-labelledby=\"section-2cdff684-b301-444a-9774-663eca46876c-outros-dados-tab\">\n            <dl class=\"row\">\n    <dt class=\"col-12 col-md-3\">Publica\u00e7\u00e3o<\/dt>\n    <dd class=\"col-12 col-md-9\">\n        <dl class=\"row\">\n            <dt class=\"col-12 col-md-4\">Ano<\/dt>\n            <dd class=\"col-12 col-md-8\">2024<\/dd>\n            <dt class=\"col-12 col-md-4\">ISBN<\/dt>\n            <dd class=\"col-12 col-md-8\">978-65-5773-071-3<\/dd>\n        <\/dl>\n    <\/dd>\n                <dt class=\"col-12 col-md-3\">Assuntos<\/dt>\n        <dd class=\"col-12 col-md-9\">Avalia\u00e7\u00e3o institucional;<br>Avalia\u00e7\u00e3o institucional participativa;<br>Autoavalia\u00e7\u00e3o institucional<\/dd>\n                <dt class=\"col-12 col-md-3\">Licen\u00e7a<\/dt>\n        <dd class=\"col-12 col-md-9\">\n            Acesso Aberto;<br>Attribution-NonCommercial-NoDerivatives 4.0 International;<br><a target='_blank' href='http:\/\/creativecommons.org\/licenses\/by-nc-nd\/4.0\/'>http:\/\/creativecommons.org\/licenses\/by-nc-nd\/4.0\/<\/a>        <\/dd>\n        \n<\/dl>\n        <\/div>\n            <div class=\"tab-pane fade  pt-3\" id=\"section-2cdff684-b301-444a-9774-663eca46876c-cnpq\" role=\"tabpanel\" aria-labelledby=\"section-2cdff684-b301-444a-9774-663eca46876c-cnpq-tab\">\n            <dl class=\"row\">\n    <dt class=\"col-12 col-md-3\">Grande \u00e1rea<\/dt>\n    <dd class=\"col-12 col-md-9 text-capitalize\">ciencias humanas<\/dd>\n    \n            <dt class=\"col-12 col-md-3\">\u00c1rea<\/dt>\n        <dd class=\"col-12 col-md-9 text-capitalize\">educacao<\/dd>\n        \n            \n    <\/dl>\n        <\/div>\n    <\/div>\n            <\/div>\n        <\/div>\n    <\/div>\n<\/div>\n\t\t<\/div>\n\t\t\t\t<\/div>\n\t\t\t\t\t<\/div>\n\t\t<\/div>\n\t\t\t\t\t<\/div>\n\t\t<\/section>\n\t\t\t\t<\/div>\n\t\t","protected":false},"excerpt":{"rendered":"<p>Avalia\u00e7\u00e3o institucional: avaliar \u00e9 preciso Tania Micheline Miorando, Liliane Gontan Timm Della Mea, Fernando Pires Barbosa, Silvane Brand Fabrizio (Orgs.) \u00a0<\/p>\n","protected":false},"author":68,"featured_media":541,"parent":0,"menu_order":0,"comment_status":"closed","ping_status":"closed","template":"","meta":{"footnotes":""},"categories":[138],"tags":[],"class_list":["post-542","page","type-page","status-publish","has-post-thumbnail","hentry","category-educacao"],"acf":[],"_links":{"self":[{"href":"https:\/\/www.ufsm.br\/editoras\/facos\/wp-json\/wp\/v2\/pages\/542","targetHints":{"allow":["GET"]}}],"collection":[{"href":"https:\/\/www.ufsm.br\/editoras\/facos\/wp-json\/wp\/v2\/pages"}],"about":[{"href":"https:\/\/www.ufsm.br\/editoras\/facos\/wp-json\/wp\/v2\/types\/page"}],"author":[{"embeddable":true,"href":"https:\/\/www.ufsm.br\/editoras\/facos\/wp-json\/wp\/v2\/users\/68"}],"replies":[{"embeddable":true,"href":"https:\/\/www.ufsm.br\/editoras\/facos\/wp-json\/wp\/v2\/comments?post=542"}],"version-history":[{"count":0,"href":"https:\/\/www.ufsm.br\/editoras\/facos\/wp-json\/wp\/v2\/pages\/542\/revisions"}],"wp:featuredmedia":[{"embeddable":true,"href":"https:\/\/www.ufsm.br\/editoras\/facos\/wp-json\/wp\/v2\/media\/541"}],"wp:attachment":[{"href":"https:\/\/www.ufsm.br\/editoras\/facos\/wp-json\/wp\/v2\/media?parent=542"}],"wp:term":[{"taxonomy":"category","embeddable":true,"href":"https:\/\/www.ufsm.br\/editoras\/facos\/wp-json\/wp\/v2\/categories?post=542"},{"taxonomy":"post_tag","embeddable":true,"href":"https:\/\/www.ufsm.br\/editoras\/facos\/wp-json\/wp\/v2\/tags?post=542"}],"curies":[{"name":"wp","href":"https:\/\/api.w.org\/{rel}","templated":true}]}}