{"id":547,"date":"2024-08-20T18:57:47","date_gmt":"2024-08-20T21:57:47","guid":{"rendered":"https:\/\/www.ufsm.br\/editoras\/facos\/?page_id=547"},"modified":"2026-01-07T15:58:00","modified_gmt":"2026-01-07T18:58:00","slug":"midia-discurso-e-minorias","status":"publish","type":"page","link":"https:\/\/www.ufsm.br\/editoras\/facos\/midia-discurso-e-minorias","title":{"rendered":"M\u00eddia, discurso e minorias"},"content":{"rendered":"\t\t<div data-elementor-type=\"wp-page\" data-elementor-id=\"547\" class=\"elementor elementor-547\">\n\t\t\t\t\t\t<section class=\"elementor-section elementor-top-section elementor-element elementor-element-ff3227e elementor-section-boxed elementor-section-height-default elementor-section-height-default\" data-id=\"ff3227e\" data-element_type=\"section\">\n\t\t\t\t\t\t<div class=\"elementor-container elementor-column-gap-default\">\n\t\t\t\t\t<div class=\"elementor-column elementor-col-100 elementor-top-column elementor-element elementor-element-4c29987\" data-id=\"4c29987\" data-element_type=\"column\">\n\t\t\t<div class=\"elementor-widget-wrap elementor-element-populated\">\n\t\t\t\t\t\t<div class=\"elementor-element elementor-element-32e9bc6 elementor-widget elementor-widget-text-editor\" data-id=\"32e9bc6\" data-element_type=\"widget\" data-widget_type=\"text-editor.default\">\n\t\t\t\t<div class=\"elementor-widget-container\">\n\t\t\t\t\t\t\t<h1><strong>M\u00eddia, discurso e minorias:<\/strong><br \/><strong>identidades, representa\u00e7\u00f5es e distor\u00e7\u00f5es<\/strong><\/h1><h6>Juliana Petermann e Reges Toni Schwaab (organizadores)<\/h6>\t\t\t\t\t\t<\/div>\n\t\t\t\t<\/div>\n\t\t\t\t\t<\/div>\n\t\t<\/div>\n\t\t\t\t\t<\/div>\n\t\t<\/section>\n\t\t\t\t<section class=\"elementor-section elementor-top-section elementor-element elementor-element-2053771 elementor-section-boxed elementor-section-height-default elementor-section-height-default\" data-id=\"2053771\" data-element_type=\"section\">\n\t\t\t\t\t\t<div class=\"elementor-container elementor-column-gap-default\">\n\t\t\t\t\t<div class=\"elementor-column elementor-col-100 elementor-top-column elementor-element elementor-element-08a998a\" data-id=\"08a998a\" data-element_type=\"column\">\n\t\t\t<div class=\"elementor-widget-wrap elementor-element-populated\">\n\t\t\t\t\t\t<div class=\"elementor-element elementor-element-78cff27 elementor-widget elementor-widget-wp-widget-ufsm_manancial_ficha_apresentacao\" data-id=\"78cff27\" data-element_type=\"widget\" data-widget_type=\"wp-widget-ufsm_manancial_ficha_apresentacao.default\">\n\t\t\t\t<div class=\"elementor-widget-container\">\n\t\t\t<div class=\"row g-0\">\n    <div class=\"col-12 col-lg-5\">\n        <div class=\"card rounded-0 bg-primary text-white\">\n                            <img decoding=\"async\" src=\"https:\/\/repositorio.ufsm.br\/bitstream\/handle\/1\/32846\/Ebook Petermann e  Schwaab-1_page-0001.jpg\" class=\"img-fluid img-thumbnail mx-5 mt-5 mb-1\" >\n                        <div class=\"card-body bg-transparent-on-contraste ms-4 ps-4 me-3\">\n                <p class=\"card-title fs-5 lh-sm\">M\u00eddia, discurso e minorias: identidades, representa\u00e7\u00f5es e distor\u00e7\u00f5es<\/p>\n                <div class=\"d-flex flex-wrap\">\n                    <a href=\"https:\/\/repositorio.ufsm.br\/handle\/1\/32846\" class=\"small link-light underline-on-hover me-3\" target=\"_blank\">\n                        <i class=\"fa fa-external-link me-1\" aria-hidden=\"true\"><\/i>\n                        Ver no Manancial\n                    <\/a>\n                                            <a href=\"https:\/\/repositorio.ufsm.br\/bitstream\/handle\/1\/32846\/Ebook Petermann e  Schwaab.pdf\" class=\"small link-light underline-on-hover\" target=\"_blank\">\n                            <i class=\"fa fa-file-pdf-o me-1\" aria-hidden=\"true\"><\/i>\n                            Ver o PDF\n                        <\/a>\n                                                        <\/div>\n            <\/div>\n        <\/div>\n    <\/div>\n    <div class=\"col-12 col-lg-7 d-flex\">\n        <div class=\"card rounded-0 rounded-end border-0 shadow w-100\">\n            <div class=\"card-body bg-transparent-on-contraste my-2 mx-3\">\n                <ul class=\"nav nav-pills justify-content-center\" id=\"571d2e31-4b6e-4927-92e2-fa035bb6aecc\" role=\"tablist\">\n                    <li class=\"nav-item\" role=\"presentation\">\n            <button class=\"nav-link active\" id=\"section-571d2e31-4b6e-4927-92e2-fa035bb6aecc-resumo-tab\" data-bs-toggle=\"tab\" data-bs-target=\"#section-571d2e31-4b6e-4927-92e2-fa035bb6aecc-resumo\" type=\"button\" role=\"tab\" aria-controls=\"section-571d2e31-4b6e-4927-92e2-fa035bb6aecc-resumo\"  aria-selected=\"true\" >Resumo<\/button>\n        <\/li>\n                    <li class=\"nav-item\" role=\"presentation\">\n            <button class=\"nav-link \" id=\"section-571d2e31-4b6e-4927-92e2-fa035bb6aecc-organizacao-tab\" data-bs-toggle=\"tab\" data-bs-target=\"#section-571d2e31-4b6e-4927-92e2-fa035bb6aecc-organizacao\" type=\"button\" role=\"tab\" aria-controls=\"section-571d2e31-4b6e-4927-92e2-fa035bb6aecc-organizacao\" >Organiza\u00e7\u00e3o<\/button>\n        <\/li>\n                    <li class=\"nav-item\" role=\"presentation\">\n            <button class=\"nav-link \" id=\"section-571d2e31-4b6e-4927-92e2-fa035bb6aecc-autoria-tab\" data-bs-toggle=\"tab\" data-bs-target=\"#section-571d2e31-4b6e-4927-92e2-fa035bb6aecc-autoria\" type=\"button\" role=\"tab\" aria-controls=\"section-571d2e31-4b6e-4927-92e2-fa035bb6aecc-autoria\" >Autoria<\/button>\n        <\/li>\n                    <li class=\"nav-item\" role=\"presentation\">\n            <button class=\"nav-link \" id=\"section-571d2e31-4b6e-4927-92e2-fa035bb6aecc-outros-dados-tab\" data-bs-toggle=\"tab\" data-bs-target=\"#section-571d2e31-4b6e-4927-92e2-fa035bb6aecc-outros-dados\" type=\"button\" role=\"tab\" aria-controls=\"section-571d2e31-4b6e-4927-92e2-fa035bb6aecc-outros-dados\" >Dados da Obra<\/button>\n        <\/li>\n                    <li class=\"nav-item\" role=\"presentation\">\n            <button class=\"nav-link \" id=\"section-571d2e31-4b6e-4927-92e2-fa035bb6aecc-cnpq-tab\" data-bs-toggle=\"tab\" data-bs-target=\"#section-571d2e31-4b6e-4927-92e2-fa035bb6aecc-cnpq\" type=\"button\" role=\"tab\" aria-controls=\"section-571d2e31-4b6e-4927-92e2-fa035bb6aecc-cnpq\" >CNPq<\/button>\n        <\/li>\n    <\/ul>\n<div class=\"tab-content\" id=\"571d2e31-4b6e-4927-92e2-fa035bb6aeccContent\">\n            <div class=\"tab-pane fade show active pt-3\" id=\"section-571d2e31-4b6e-4927-92e2-fa035bb6aecc-resumo\" role=\"tabpanel\" aria-labelledby=\"section-571d2e31-4b6e-4927-92e2-fa035bb6aecc-resumo-tab\">\n            A presente colet\u00e2nea M\u00eddia, discurso e minorias: identidades, representa\u00e7\u00f5es e distor\u00e7\u00f5es nos coloca em contato com um conjunto de reflex\u00f5es e de movimentos de pesquisa atentos a distintas manifesta\u00e7\u00f5es midi\u00e1ticas e discursivas sobre alguns dos temas emergentes que caracterizam nosso contexto humano e social na \u00faltima d\u00e9cada. Um per\u00edodo de amadurecimento de pol\u00edticas afirmativas, da eclos\u00e3o de novas sementes de luta pol\u00edtica, do intenso desenvolvimento de renovadas gram\u00e1ticas de reivindica\u00e7\u00e3o no contexto das redes digitais e, no seio dos processos de midiatiza\u00e7\u00e3o de tais quest\u00f5es, a tamb\u00e9m eclos\u00e3o de \r\nmovimentos antag\u00f4nicos \u00e0s a\u00e7\u00f5es afirmativas e aos gestos coletivos de afirma\u00e7\u00e3o identit\u00e1ria.        <\/div>\n            <div class=\"tab-pane fade  pt-3\" id=\"section-571d2e31-4b6e-4927-92e2-fa035bb6aecc-organizacao\" role=\"tabpanel\" aria-labelledby=\"section-571d2e31-4b6e-4927-92e2-fa035bb6aecc-organizacao-tab\">\n            <div class=\"row row-cols-1 row-cols-md-2\">\n            <div class=\"col p-1\">\n            <div class=\"border-bottom border-1 h-100\">\n                Petermann, Juliana            <\/div>\n        <\/div>\n            <div class=\"col p-1\">\n            <div class=\"border-bottom border-1 h-100\">\n                Schwaab, Reges Toni            <\/div>\n        <\/div>\n        \n<\/div>\n        <\/div>\n            <div class=\"tab-pane fade  pt-3\" id=\"section-571d2e31-4b6e-4927-92e2-fa035bb6aecc-autoria\" role=\"tabpanel\" aria-labelledby=\"section-571d2e31-4b6e-4927-92e2-fa035bb6aecc-autoria-tab\">\n            <div class=\"tab-content\" id=\"1776935039Content\">\n            <div class=\"tab-pane fade show active pt-3\" id=\"section-1776935039-0\" role=\"tabpanel\" aria-labelledby=\"section-1776935039-0-tab\">\n            <div class=\"row row-cols-1 row-cols-md-2\">\n            <div class=\"col p-1\">\n            <div class=\"border-bottom border-1 h-100\">\n                Silveira, Ada Cristina Machado            <\/div>\n        <\/div>\n            <div class=\"col p-1\">\n            <div class=\"border-bottom border-1 h-100\">\n                Dalmolin, Aline Roes            <\/div>\n        <\/div>\n            <div class=\"col p-1\">\n            <div class=\"border-bottom border-1 h-100\">\n                Lotufo, Ana Julia Della Mea            <\/div>\n        <\/div>\n            <div class=\"col p-1\">\n            <div class=\"border-bottom border-1 h-100\">\n                Scherer, Anderson Alves            <\/div>\n        <\/div>\n            <div class=\"col p-1\">\n            <div class=\"border-bottom border-1 h-100\">\n                Fruet, Angelo Francisco            <\/div>\n        <\/div>\n            <div class=\"col p-1\">\n            <div class=\"border-bottom border-1 h-100\">\n                Oliveira, Antonio Peixoto            <\/div>\n        <\/div>\n            <div class=\"col p-1\">\n            <div class=\"border-bottom border-1 h-100\">\n                Minuzzi, Carolina            <\/div>\n        <\/div>\n            <div class=\"col p-1\">\n            <div class=\"border-bottom border-1 h-100\">\n                Lubeck, Elisa            <\/div>\n        <\/div>\n            <div class=\"col p-1\">\n            <div class=\"border-bottom border-1 h-100\">\n                Couto, Fernanda de Souza            <\/div>\n        <\/div>\n            <div class=\"col p-1\">\n            <div class=\"border-bottom border-1 h-100\">\n                Filho, Flavi Ferreira Lisboa            <\/div>\n        <\/div>\n            <div class=\"col p-1\">\n            <div class=\"border-bottom border-1 h-100\">\n                Alvez, Juan Francisco Xavier            <\/div>\n        <\/div>\n            <div class=\"col p-1\">\n            <div class=\"border-bottom border-1 h-100\">\n                Petermann, Juliana            <\/div>\n        <\/div>\n            <div class=\"col p-1\">\n            <div class=\"border-bottom border-1 h-100\">\n                Hack, Wellington Felipe            <\/div>\n        <\/div>\n            <div class=\"col p-1\">\n            <div class=\"border-bottom border-1 h-100\">\n                Schwaab, Reges            <\/div>\n        <\/div>\n            <div class=\"col p-1\">\n            <div class=\"border-bottom border-1 h-100\">\n                Pozobon, Rejane de Oliveira            <\/div>\n        <\/div>\n            <div class=\"col p-1\">\n            <div class=\"border-bottom border-1 h-100\">\n                Castro, Rondom Martim Souza de            <\/div>\n        <\/div>\n        \n<\/div>\n        <\/div>\n            <div class=\"tab-pane fade  pt-3\" id=\"section-1776935039-1\" role=\"tabpanel\" aria-labelledby=\"section-1776935039-1-tab\">\n            <div class=\"row row-cols-1 row-cols-md-2\">\n            <div class=\"col p-1\">\n            <div class=\"border-bottom border-1 h-100\">\n                Carvalho, Victor Cesar Rodrigues            <\/div>\n        <\/div>\n            <div class=\"col p-1\">\n            <div class=\"border-bottom border-1 h-100\">\n                Borelli, Viviane            <\/div>\n        <\/div>\n        \n<\/div>\n        <\/div>\n    <\/div>\n<ul class=\"nav nav-pills justify-content-end\" id=\"1776935039\" role=\"tablist\">\n                    <li class=\"nav-item\" role=\"presentation\">\n            <button class=\"nav-link active\" id=\"section-1776935039-0-tab\" data-bs-toggle=\"tab\" data-bs-target=\"#section-1776935039-0\" type=\"button\" role=\"tab\" aria-controls=\"section-1776935039-0\"  aria-selected=\"true\" >1<\/button>\n        <\/li>\n                    <li class=\"nav-item\" role=\"presentation\">\n            <button class=\"nav-link \" id=\"section-1776935039-1-tab\" data-bs-toggle=\"tab\" data-bs-target=\"#section-1776935039-1\" type=\"button\" role=\"tab\" aria-controls=\"section-1776935039-1\" >2<\/button>\n        <\/li>\n    <\/ul>\n        <\/div>\n            <div class=\"tab-pane fade  pt-3\" id=\"section-571d2e31-4b6e-4927-92e2-fa035bb6aecc-outros-dados\" role=\"tabpanel\" aria-labelledby=\"section-571d2e31-4b6e-4927-92e2-fa035bb6aecc-outros-dados-tab\">\n            <dl class=\"row\">\n    <dt class=\"col-12 col-md-3\">Publica\u00e7\u00e3o<\/dt>\n    <dd class=\"col-12 col-md-9\">\n        <dl class=\"row\">\n            <dt class=\"col-12 col-md-4\">Ano<\/dt>\n            <dd class=\"col-12 col-md-8\">2023<\/dd>\n            <dt class=\"col-12 col-md-4\">ISBN<\/dt>\n            <dd class=\"col-12 col-md-8\">978-65-5773-068-3<\/dd>\n        <\/dl>\n    <\/dd>\n                <dt class=\"col-12 col-md-3\">Assuntos<\/dt>\n        <dd class=\"col-12 col-md-9\">M\u00eddia;<br>Discurso;<br>Minorias;<br>Representa\u00e7\u00f5es;<br>Identidades;<br>Comunica\u00e7\u00e3o<\/dd>\n                <dt class=\"col-12 col-md-3\">Licen\u00e7a<\/dt>\n        <dd class=\"col-12 col-md-9\">\n            Acesso Aberto;<br>Attribution-NonCommercial-ShareAlike 4.0 International;<br><a target='_blank' href='http:\/\/creativecommons.org\/licenses\/by-nc-sa\/4.0\/'>http:\/\/creativecommons.org\/licenses\/by-nc-sa\/4.0\/<\/a>        <\/dd>\n        \n<\/dl>\n        <\/div>\n            <div class=\"tab-pane fade  pt-3\" id=\"section-571d2e31-4b6e-4927-92e2-fa035bb6aecc-cnpq\" role=\"tabpanel\" aria-labelledby=\"section-571d2e31-4b6e-4927-92e2-fa035bb6aecc-cnpq-tab\">\n            <dl class=\"row\">\n    <dt class=\"col-12 col-md-3\">Grande \u00e1rea<\/dt>\n    <dd class=\"col-12 col-md-9 text-capitalize\">ciencias sociais aplicadas<\/dd>\n    \n            <dt class=\"col-12 col-md-3\">\u00c1rea<\/dt>\n        <dd class=\"col-12 col-md-9 text-capitalize\">comunicacao<\/dd>\n        \n            \n    <\/dl>\n        <\/div>\n    <\/div>\n            <\/div>\n        <\/div>\n    <\/div>\n<\/div>\n\t\t<\/div>\n\t\t\t\t<\/div>\n\t\t\t\t\t<\/div>\n\t\t<\/div>\n\t\t\t\t\t<\/div>\n\t\t<\/section>\n\t\t\t\t<\/div>\n\t\t","protected":false},"excerpt":{"rendered":"<p>M\u00eddia, discurso e minorias:identidades, representa\u00e7\u00f5es e distor\u00e7\u00f5es Juliana Petermann e Reges Toni Schwaab (organizadores)<\/p>\n","protected":false},"author":68,"featured_media":551,"parent":0,"menu_order":0,"comment_status":"closed","ping_status":"closed","template":"","meta":{"footnotes":""},"categories":[24],"tags":[48,95,22,71,159],"class_list":["post-547","page","type-page","status-publish","has-post-thumbnail","hentry","category-comunicacao","tag-comunicacao","tag-discurso","tag-ebook","tag-midia","tag-minorias"],"acf":[],"_links":{"self":[{"href":"https:\/\/www.ufsm.br\/editoras\/facos\/wp-json\/wp\/v2\/pages\/547","targetHints":{"allow":["GET"]}}],"collection":[{"href":"https:\/\/www.ufsm.br\/editoras\/facos\/wp-json\/wp\/v2\/pages"}],"about":[{"href":"https:\/\/www.ufsm.br\/editoras\/facos\/wp-json\/wp\/v2\/types\/page"}],"author":[{"embeddable":true,"href":"https:\/\/www.ufsm.br\/editoras\/facos\/wp-json\/wp\/v2\/users\/68"}],"replies":[{"embeddable":true,"href":"https:\/\/www.ufsm.br\/editoras\/facos\/wp-json\/wp\/v2\/comments?post=547"}],"version-history":[{"count":0,"href":"https:\/\/www.ufsm.br\/editoras\/facos\/wp-json\/wp\/v2\/pages\/547\/revisions"}],"wp:featuredmedia":[{"embeddable":true,"href":"https:\/\/www.ufsm.br\/editoras\/facos\/wp-json\/wp\/v2\/media\/551"}],"wp:attachment":[{"href":"https:\/\/www.ufsm.br\/editoras\/facos\/wp-json\/wp\/v2\/media?parent=547"}],"wp:term":[{"taxonomy":"category","embeddable":true,"href":"https:\/\/www.ufsm.br\/editoras\/facos\/wp-json\/wp\/v2\/categories?post=547"},{"taxonomy":"post_tag","embeddable":true,"href":"https:\/\/www.ufsm.br\/editoras\/facos\/wp-json\/wp\/v2\/tags?post=547"}],"curies":[{"name":"wp","href":"https:\/\/api.w.org\/{rel}","templated":true}]}}