{"id":558,"date":"2024-12-26T16:35:55","date_gmt":"2024-12-26T19:35:55","guid":{"rendered":"https:\/\/www.ufsm.br\/editoras\/facos\/?page_id=558"},"modified":"2024-12-26T17:19:55","modified_gmt":"2024-12-26T20:19:55","slug":"estrategias-colaborativas-na-educacao-de-alunos-com-altas-habilidades-superdotacao-ah-sd","status":"publish","type":"page","link":"https:\/\/www.ufsm.br\/editoras\/facos\/estrategias-colaborativas-na-educacao-de-alunos-com-altas-habilidades-superdotacao-ah-sd","title":{"rendered":"Estrat\u00e9gias colaborativas na educa\u00e7\u00e3o de alunos com altas habilidades\/superdota\u00e7\u00e3o (AH\/SD)"},"content":{"rendered":"\t\t<div data-elementor-type=\"wp-page\" data-elementor-id=\"558\" class=\"elementor elementor-558\">\n\t\t\t\t\t\t<section class=\"elementor-section elementor-top-section elementor-element elementor-element-66e3e82e elementor-section-boxed elementor-section-height-default elementor-section-height-default\" data-id=\"66e3e82e\" data-element_type=\"section\">\n\t\t\t\t\t\t<div class=\"elementor-container elementor-column-gap-default\">\n\t\t\t\t\t<div class=\"elementor-column elementor-col-100 elementor-top-column elementor-element elementor-element-44328895\" data-id=\"44328895\" data-element_type=\"column\">\n\t\t\t<div class=\"elementor-widget-wrap elementor-element-populated\">\n\t\t\t\t\t\t<div class=\"elementor-element elementor-element-7dd521 elementor-widget elementor-widget-text-editor\" data-id=\"7dd521\" data-element_type=\"widget\" data-widget_type=\"text-editor.default\">\n\t\t\t\t<div class=\"elementor-widget-container\">\n\t\t\t\t\t\t\t<h1>Estrat\u00e9gias colaborativas na educa\u00e7\u00e3o de alunos com altas habilidades\/superdota\u00e7\u00e3o (AH\/SD)<\/h1><h6>Ana Cl\u00e1udia Oliveira Pav\u00e3o, S\u00edlvia Maria de Oliveira Pav\u00e3o, Tatiane Negrini (organizadoras)<\/h6>\t\t\t\t\t\t<\/div>\n\t\t\t\t<\/div>\n\t\t\t\t\t<\/div>\n\t\t<\/div>\n\t\t\t\t\t<\/div>\n\t\t<\/section>\n\t\t\t\t<section class=\"elementor-section elementor-top-section elementor-element elementor-element-73ba9a0f elementor-section-boxed elementor-section-height-default elementor-section-height-default\" data-id=\"73ba9a0f\" data-element_type=\"section\">\n\t\t\t\t\t\t<div class=\"elementor-container elementor-column-gap-default\">\n\t\t\t\t\t<div class=\"elementor-column elementor-col-100 elementor-top-column elementor-element elementor-element-4108b0f8\" data-id=\"4108b0f8\" data-element_type=\"column\">\n\t\t\t<div class=\"elementor-widget-wrap elementor-element-populated\">\n\t\t\t\t\t\t<div class=\"elementor-element elementor-element-223ce953 elementor-widget elementor-widget-wp-widget-ufsm_manancial_ficha_apresentacao\" data-id=\"223ce953\" data-element_type=\"widget\" data-widget_type=\"wp-widget-ufsm_manancial_ficha_apresentacao.default\">\n\t\t\t\t<div class=\"elementor-widget-container\">\n\t\t\t<div class=\"row g-0\">\n    <div class=\"col-12 col-lg-5\">\n        <div class=\"card rounded-0 bg-primary text-white\">\n                            <img decoding=\"async\" src=\"https:\/\/repositorio.ufsm.br\/bitstream\/handle\/1\/33207\/Capa Estrat\u00e9gias Colaborativas.jpg\" class=\"img-fluid img-thumbnail mx-5 mt-5 mb-1\" >\n                        <div class=\"card-body bg-transparent-on-contraste ms-4 ps-4 me-3\">\n                <p class=\"card-title fs-5 lh-sm\">Estrat\u00e9gias colaborativas na educa\u00e7\u00e3o de alunos com altas habilidades\/superdota\u00e7\u00e3o (AH\/SD)<\/p>\n                <div class=\"d-flex flex-wrap\">\n                    <a href=\"https:\/\/repositorio.ufsm.br\/handle\/1\/33207\" class=\"small link-light underline-on-hover me-3\" target=\"_blank\">\n                        <i class=\"fa fa-external-link me-1\" aria-hidden=\"true\"><\/i>\n                        Ver no Manancial\n                    <\/a>\n                                            <a href=\"https:\/\/repositorio.ufsm.br\/bitstream\/handle\/1\/33207\/Livro - Estrat\u00e9gias Colaborativas - 2024.pdf\" class=\"small link-light underline-on-hover\" target=\"_blank\">\n                            <i class=\"fa fa-file-pdf-o me-1\" aria-hidden=\"true\"><\/i>\n                            Ver o PDF\n                        <\/a>\n                                                        <\/div>\n            <\/div>\n        <\/div>\n    <\/div>\n    <div class=\"col-12 col-lg-7 d-flex\">\n        <div class=\"card rounded-0 rounded-end border-0 shadow w-100\">\n            <div class=\"card-body bg-transparent-on-contraste my-2 mx-3\">\n                <ul class=\"nav nav-pills justify-content-center\" id=\"2ab4e6ce-6d81-46f8-8631-18f7635c033e\" role=\"tablist\">\n                    <li class=\"nav-item\" role=\"presentation\">\n            <button class=\"nav-link active\" id=\"section-2ab4e6ce-6d81-46f8-8631-18f7635c033e-resumo-tab\" data-bs-toggle=\"tab\" data-bs-target=\"#section-2ab4e6ce-6d81-46f8-8631-18f7635c033e-resumo\" type=\"button\" role=\"tab\" aria-controls=\"section-2ab4e6ce-6d81-46f8-8631-18f7635c033e-resumo\"  aria-selected=\"true\" >Resumo<\/button>\n        <\/li>\n                    <li class=\"nav-item\" role=\"presentation\">\n            <button class=\"nav-link \" id=\"section-2ab4e6ce-6d81-46f8-8631-18f7635c033e-organizacao-tab\" data-bs-toggle=\"tab\" data-bs-target=\"#section-2ab4e6ce-6d81-46f8-8631-18f7635c033e-organizacao\" type=\"button\" role=\"tab\" aria-controls=\"section-2ab4e6ce-6d81-46f8-8631-18f7635c033e-organizacao\" >Organiza\u00e7\u00e3o<\/button>\n        <\/li>\n                    <li class=\"nav-item\" role=\"presentation\">\n            <button class=\"nav-link \" id=\"section-2ab4e6ce-6d81-46f8-8631-18f7635c033e-autoria-tab\" data-bs-toggle=\"tab\" data-bs-target=\"#section-2ab4e6ce-6d81-46f8-8631-18f7635c033e-autoria\" type=\"button\" role=\"tab\" aria-controls=\"section-2ab4e6ce-6d81-46f8-8631-18f7635c033e-autoria\" >Autoria<\/button>\n        <\/li>\n                    <li class=\"nav-item\" role=\"presentation\">\n            <button class=\"nav-link \" id=\"section-2ab4e6ce-6d81-46f8-8631-18f7635c033e-outros-dados-tab\" data-bs-toggle=\"tab\" data-bs-target=\"#section-2ab4e6ce-6d81-46f8-8631-18f7635c033e-outros-dados\" type=\"button\" role=\"tab\" aria-controls=\"section-2ab4e6ce-6d81-46f8-8631-18f7635c033e-outros-dados\" >Dados da Obra<\/button>\n        <\/li>\n                    <li class=\"nav-item\" role=\"presentation\">\n            <button class=\"nav-link \" id=\"section-2ab4e6ce-6d81-46f8-8631-18f7635c033e-cnpq-tab\" data-bs-toggle=\"tab\" data-bs-target=\"#section-2ab4e6ce-6d81-46f8-8631-18f7635c033e-cnpq\" type=\"button\" role=\"tab\" aria-controls=\"section-2ab4e6ce-6d81-46f8-8631-18f7635c033e-cnpq\" >CNPq<\/button>\n        <\/li>\n    <\/ul>\n<div class=\"tab-content\" id=\"2ab4e6ce-6d81-46f8-8631-18f7635c033eContent\">\n            <div class=\"tab-pane fade show active pt-3\" id=\"section-2ab4e6ce-6d81-46f8-8631-18f7635c033e-resumo\" role=\"tabpanel\" aria-labelledby=\"section-2ab4e6ce-6d81-46f8-8631-18f7635c033e-resumo-tab\">\n            Ensino Colaborativo para Alunos com Altas Habilidades\/Superdota\u00e7\u00e3o (AH\/SD)\" \u00e9 uma compila\u00e7\u00e3o de artigos, que oferece uma vis\u00e3o abrangente e pr\u00e1tica sobre como abordar as necessidades educacionais espec\u00edficas dos alunos com Altas Habilidades\/ Superdota\u00e7\u00e3o (AH\/SD). Este livro destaca a import\u00e2ncia do Ensino Colaborativo como uma abordagem eficaz para atender \u00e0s diversas necessidades dessas pessoas com Altas Habilidades\/Superdota\u00e7\u00e3o (AH\/SD).        <\/div>\n            <div class=\"tab-pane fade  pt-3\" id=\"section-2ab4e6ce-6d81-46f8-8631-18f7635c033e-organizacao\" role=\"tabpanel\" aria-labelledby=\"section-2ab4e6ce-6d81-46f8-8631-18f7635c033e-organizacao-tab\">\n            <div class=\"row row-cols-1 row-cols-md-2\">\n            <div class=\"col p-1\">\n            <div class=\"border-bottom border-1 h-100\">\n                Pav\u00e3o, Ana Cl\u00e1udia de Oliveira            <\/div>\n        <\/div>\n            <div class=\"col p-1\">\n            <div class=\"border-bottom border-1 h-100\">\n                Pav\u00e3o, S\u00edlvia Maria de Oliveira            <\/div>\n        <\/div>\n            <div class=\"col p-1\">\n            <div class=\"border-bottom border-1 h-100\">\n                Negrini, Tatiane            <\/div>\n        <\/div>\n        \n<\/div>\n        <\/div>\n            <div class=\"tab-pane fade  pt-3\" id=\"section-2ab4e6ce-6d81-46f8-8631-18f7635c033e-autoria\" role=\"tabpanel\" aria-labelledby=\"section-2ab4e6ce-6d81-46f8-8631-18f7635c033e-autoria-tab\">\n            <div class=\"row row-cols-1 row-cols-md-2\">\n            <div class=\"col p-1\">\n            <div class=\"border-bottom border-1 h-100\">\n                Pav\u00e3o, Ana Cl\u00e1udia Oliveira            <\/div>\n        <\/div>\n            <div class=\"col p-1\">\n            <div class=\"border-bottom border-1 h-100\">\n                Feij\u00f3, C\u00edntia Ariane da Silva            <\/div>\n        <\/div>\n            <div class=\"col p-1\">\n            <div class=\"border-bottom border-1 h-100\">\n                Casarotto, Damaris            <\/div>\n        <\/div>\n            <div class=\"col p-1\">\n            <div class=\"border-bottom border-1 h-100\">\n                Silva, Edmar do Nascimento            <\/div>\n        <\/div>\n            <div class=\"col p-1\">\n            <div class=\"border-bottom border-1 h-100\">\n                Sarturi, Fernanda            <\/div>\n        <\/div>\n            <div class=\"col p-1\">\n            <div class=\"border-bottom border-1 h-100\">\n                Souza, Gelaine Cerqueira de            <\/div>\n        <\/div>\n            <div class=\"col p-1\">\n            <div class=\"border-bottom border-1 h-100\">\n                Chempcek, Mari Lidia            <\/div>\n        <\/div>\n            <div class=\"col p-1\">\n            <div class=\"border-bottom border-1 h-100\">\n                Haddad, Monaliza Ehlke Ozorio            <\/div>\n        <\/div>\n            <div class=\"col p-1\">\n            <div class=\"border-bottom border-1 h-100\">\n                Silva, Patricia            <\/div>\n        <\/div>\n            <div class=\"col p-1\">\n            <div class=\"border-bottom border-1 h-100\">\n                Camargo, Renata Gomes            <\/div>\n        <\/div>\n            <div class=\"col p-1\">\n            <div class=\"border-bottom border-1 h-100\">\n                Pav\u00e3o, S\u00edlvia Maria de Oliveira            <\/div>\n        <\/div>\n            <div class=\"col p-1\">\n            <div class=\"border-bottom border-1 h-100\">\n                Silva, Suzel Lima da            <\/div>\n        <\/div>\n            <div class=\"col p-1\">\n            <div class=\"border-bottom border-1 h-100\">\n                Martins, Tarci\u00e9li da Costa            <\/div>\n        <\/div>\n            <div class=\"col p-1\">\n            <div class=\"border-bottom border-1 h-100\">\n                Negrini, Tatiane            <\/div>\n        <\/div>\n            <div class=\"col p-1\">\n            <div class=\"border-bottom border-1 h-100\">\n                Santos, Viviane dos            <\/div>\n        <\/div>\n        \n<\/div>\n        <\/div>\n            <div class=\"tab-pane fade  pt-3\" id=\"section-2ab4e6ce-6d81-46f8-8631-18f7635c033e-outros-dados\" role=\"tabpanel\" aria-labelledby=\"section-2ab4e6ce-6d81-46f8-8631-18f7635c033e-outros-dados-tab\">\n            <dl class=\"row\">\n    <dt class=\"col-12 col-md-3\">Publica\u00e7\u00e3o<\/dt>\n    <dd class=\"col-12 col-md-9\">\n        <dl class=\"row\">\n            <dt class=\"col-12 col-md-4\">Ano<\/dt>\n            <dd class=\"col-12 col-md-8\">2024<\/dd>\n            <dt class=\"col-12 col-md-4\">ISBN<\/dt>\n            <dd class=\"col-12 col-md-8\">978-65-5773-078-2<\/dd>\n        <\/dl>\n    <\/dd>\n            <dt class=\"col-12 col-md-3\">Refer\u00eancia<\/dt>\n        <dd class=\"col-12 col-md-9\">PAV\u00c3O, Ana Cl\u00e1udia Oliveira; PAV\u00c3O, S\u00edlvia Maria de Oliveira; NEGRINI, Tatiane (Orgs.). Estrat\u00e9gias Colaborativas na Educa\u00e7\u00e3o de Alunos com Altas Habilidades\/Superdota\u00e7\u00e3o (AH\/SD). Santa Maria: FACOS-UFSM, 2024.<\/dd>\n                    <dt class=\"col-12 col-md-3\">Licen\u00e7a<\/dt>\n        <dd class=\"col-12 col-md-9\">\n            Acesso Aberto;<br>Attribution-NonCommercial-NoDerivatives 4.0 International;<br><a target='_blank' href='http:\/\/creativecommons.org\/licenses\/by-nc-nd\/4.0\/'>http:\/\/creativecommons.org\/licenses\/by-nc-nd\/4.0\/<\/a>        <\/dd>\n        \n<\/dl>\n        <\/div>\n            <div class=\"tab-pane fade  pt-3\" id=\"section-2ab4e6ce-6d81-46f8-8631-18f7635c033e-cnpq\" role=\"tabpanel\" aria-labelledby=\"section-2ab4e6ce-6d81-46f8-8631-18f7635c033e-cnpq-tab\">\n            <dl class=\"row\">\n    <dt class=\"col-12 col-md-3\">Grande \u00e1rea<\/dt>\n    <dd class=\"col-12 col-md-9 text-capitalize\">ciencias humanas<\/dd>\n    \n            <dt class=\"col-12 col-md-3\">\u00c1rea<\/dt>\n        <dd class=\"col-12 col-md-9 text-capitalize\">educacao<\/dd>\n        \n                    <dt class=\"col-12 col-md-3\">Sub\u00e1rea<\/dt>\n            <dd class=\"col-12 col-md-9 text-capitalize\">topicos especificos de educacao<\/dd>\n            \n                    \n            \n    <\/dl>\n        <\/div>\n    <\/div>\n            <\/div>\n        <\/div>\n    <\/div>\n<\/div>\n\t\t<\/div>\n\t\t\t\t<\/div>\n\t\t\t\t\t<\/div>\n\t\t<\/div>\n\t\t\t\t\t<\/div>\n\t\t<\/section>\n\t\t\t\t<\/div>\n\t\t","protected":false},"excerpt":{"rendered":"<p>Estrat\u00e9gias colaborativas na educa\u00e7\u00e3o de alunos com altas habilidades\/superdota\u00e7\u00e3o (AH\/SD) Ana Cl\u00e1udia Oliveira Pav\u00e3o, S\u00edlvia Maria de Oliveira Pav\u00e3o, Tatiane Negrini (organizadoras)<\/p>\n","protected":false},"author":68,"featured_media":563,"parent":0,"menu_order":0,"comment_status":"closed","ping_status":"closed","template":"","meta":{"footnotes":""},"categories":[138],"tags":[166,163,105,168],"class_list":["post-558","page","type-page","status-publish","has-post-thumbnail","hentry","category-educacao","tag-altas-habilidades","tag-educacao-2","tag-ensino","tag-superdotacao"],"acf":[],"_links":{"self":[{"href":"https:\/\/www.ufsm.br\/editoras\/facos\/wp-json\/wp\/v2\/pages\/558","targetHints":{"allow":["GET"]}}],"collection":[{"href":"https:\/\/www.ufsm.br\/editoras\/facos\/wp-json\/wp\/v2\/pages"}],"about":[{"href":"https:\/\/www.ufsm.br\/editoras\/facos\/wp-json\/wp\/v2\/types\/page"}],"author":[{"embeddable":true,"href":"https:\/\/www.ufsm.br\/editoras\/facos\/wp-json\/wp\/v2\/users\/68"}],"replies":[{"embeddable":true,"href":"https:\/\/www.ufsm.br\/editoras\/facos\/wp-json\/wp\/v2\/comments?post=558"}],"version-history":[{"count":0,"href":"https:\/\/www.ufsm.br\/editoras\/facos\/wp-json\/wp\/v2\/pages\/558\/revisions"}],"wp:featuredmedia":[{"embeddable":true,"href":"https:\/\/www.ufsm.br\/editoras\/facos\/wp-json\/wp\/v2\/media\/563"}],"wp:attachment":[{"href":"https:\/\/www.ufsm.br\/editoras\/facos\/wp-json\/wp\/v2\/media?parent=558"}],"wp:term":[{"taxonomy":"category","embeddable":true,"href":"https:\/\/www.ufsm.br\/editoras\/facos\/wp-json\/wp\/v2\/categories?post=558"},{"taxonomy":"post_tag","embeddable":true,"href":"https:\/\/www.ufsm.br\/editoras\/facos\/wp-json\/wp\/v2\/tags?post=558"}],"curies":[{"name":"wp","href":"https:\/\/api.w.org\/{rel}","templated":true}]}}