{"id":559,"date":"2024-12-26T16:42:30","date_gmt":"2024-12-26T19:42:30","guid":{"rendered":"https:\/\/www.ufsm.br\/editoras\/facos\/?page_id=559"},"modified":"2024-12-26T17:13:27","modified_gmt":"2024-12-26T20:13:27","slug":"enlaces-humanos-epistemologicos-e-politicos-no-do-ppge-ufsm-as-trajetorias-formativas-de-egressos","status":"publish","type":"page","link":"https:\/\/www.ufsm.br\/editoras\/facos\/enlaces-humanos-epistemologicos-e-politicos-no-do-ppge-ufsm-as-trajetorias-formativas-de-egressos","title":{"rendered":"Enlaces humanos , epistemol\u00f3gicos e pol\u00edticos no\/do PPGE-UFSM: as trajet\u00f3rias formativas de egressos"},"content":{"rendered":"\t\t<div data-elementor-type=\"wp-page\" data-elementor-id=\"559\" class=\"elementor elementor-559\">\n\t\t\t\t\t\t<section class=\"elementor-section elementor-top-section elementor-element elementor-element-4a7ecd89 elementor-section-boxed elementor-section-height-default elementor-section-height-default\" data-id=\"4a7ecd89\" data-element_type=\"section\">\n\t\t\t\t\t\t<div class=\"elementor-container elementor-column-gap-default\">\n\t\t\t\t\t<div class=\"elementor-column elementor-col-100 elementor-top-column elementor-element elementor-element-438342b0\" data-id=\"438342b0\" data-element_type=\"column\">\n\t\t\t<div class=\"elementor-widget-wrap elementor-element-populated\">\n\t\t\t\t\t\t<div class=\"elementor-element elementor-element-28ffc271 elementor-widget elementor-widget-text-editor\" data-id=\"28ffc271\" data-element_type=\"widget\" data-widget_type=\"text-editor.default\">\n\t\t\t\t<div class=\"elementor-widget-container\">\n\t\t\t\t\t\t\t<h2 class=\"page-header first-page-header\"><strong>Enlaces humanos, epistemol\u00f3gicos e pol\u00edticos no\/do PPGE-UFSM: as trajet\u00f3rias formativas de egressos<\/strong><\/h2><h6>Righes, Ant\u00f4nio Carlos Minussi Righes, Fernanda Sarturi, Larissa Martins Freitas, Liliane Gontan Timm Della M\u00e9a (organizadores)<\/h6>\t\t\t\t\t\t<\/div>\n\t\t\t\t<\/div>\n\t\t\t\t\t<\/div>\n\t\t<\/div>\n\t\t\t\t\t<\/div>\n\t\t<\/section>\n\t\t\t\t<section class=\"elementor-section elementor-top-section elementor-element elementor-element-69804f2d elementor-section-boxed elementor-section-height-default elementor-section-height-default\" data-id=\"69804f2d\" data-element_type=\"section\">\n\t\t\t\t\t\t<div class=\"elementor-container elementor-column-gap-default\">\n\t\t\t\t\t<div class=\"elementor-column elementor-col-100 elementor-top-column elementor-element elementor-element-189951bc\" data-id=\"189951bc\" data-element_type=\"column\">\n\t\t\t<div class=\"elementor-widget-wrap elementor-element-populated\">\n\t\t\t\t\t\t<div class=\"elementor-element elementor-element-32ddadcb elementor-widget elementor-widget-wp-widget-ufsm_manancial_ficha_apresentacao\" data-id=\"32ddadcb\" data-element_type=\"widget\" data-widget_type=\"wp-widget-ufsm_manancial_ficha_apresentacao.default\">\n\t\t\t\t<div class=\"elementor-widget-container\">\n\t\t\t<div class=\"alert alert-info rounded-0 mt-3\" role=\"alert\">\n    <h4 class=\"alert-heading\">Ocorreu um erro durante a exibi\u00e7\u00e3o do widget<\/h4>\n        <p class='mb-0 '>Por favor, entre em contato com os administradores para resolu\u00e7\u00e3o.<\/p><\/div>\n\t\t<\/div>\n\t\t\t\t<\/div>\n\t\t\t\t\t<\/div>\n\t\t<\/div>\n\t\t\t\t\t<\/div>\n\t\t<\/section>\n\t\t\t\t<\/div>\n\t\t","protected":false},"excerpt":{"rendered":"<p>Enlaces humanos, epistemol\u00f3gicos e pol\u00edticos no\/do PPGE-UFSM: as trajet\u00f3rias formativas de egressos Righes, Ant\u00f4nio Carlos Minussi Righes, Fernanda Sarturi, Larissa Martins Freitas, Liliane Gontan Timm Della M\u00e9a (organizadores)<\/p>\n","protected":false},"author":68,"featured_media":562,"parent":0,"menu_order":0,"comment_status":"closed","ping_status":"closed","template":"","meta":{"footnotes":""},"categories":[138],"tags":[163,105,169,156],"class_list":["post-559","page","type-page","status-publish","has-post-thumbnail","hentry","category-educacao","tag-educacao-2","tag-ensino","tag-ensino-superior","tag-formacao-2"],"acf":[],"_links":{"self":[{"href":"https:\/\/www.ufsm.br\/editoras\/facos\/wp-json\/wp\/v2\/pages\/559","targetHints":{"allow":["GET"]}}],"collection":[{"href":"https:\/\/www.ufsm.br\/editoras\/facos\/wp-json\/wp\/v2\/pages"}],"about":[{"href":"https:\/\/www.ufsm.br\/editoras\/facos\/wp-json\/wp\/v2\/types\/page"}],"author":[{"embeddable":true,"href":"https:\/\/www.ufsm.br\/editoras\/facos\/wp-json\/wp\/v2\/users\/68"}],"replies":[{"embeddable":true,"href":"https:\/\/www.ufsm.br\/editoras\/facos\/wp-json\/wp\/v2\/comments?post=559"}],"version-history":[{"count":0,"href":"https:\/\/www.ufsm.br\/editoras\/facos\/wp-json\/wp\/v2\/pages\/559\/revisions"}],"wp:featuredmedia":[{"embeddable":true,"href":"https:\/\/www.ufsm.br\/editoras\/facos\/wp-json\/wp\/v2\/media\/562"}],"wp:attachment":[{"href":"https:\/\/www.ufsm.br\/editoras\/facos\/wp-json\/wp\/v2\/media?parent=559"}],"wp:term":[{"taxonomy":"category","embeddable":true,"href":"https:\/\/www.ufsm.br\/editoras\/facos\/wp-json\/wp\/v2\/categories?post=559"},{"taxonomy":"post_tag","embeddable":true,"href":"https:\/\/www.ufsm.br\/editoras\/facos\/wp-json\/wp\/v2\/tags?post=559"}],"curies":[{"name":"wp","href":"https:\/\/api.w.org\/{rel}","templated":true}]}}