{"id":566,"date":"2024-12-26T18:35:55","date_gmt":"2024-12-26T21:35:55","guid":{"rendered":"https:\/\/www.ufsm.br\/editoras\/facos\/?page_id=566"},"modified":"2026-01-07T15:57:01","modified_gmt":"2026-01-07T18:57:01","slug":"manual-da-txt","status":"publish","type":"page","link":"https:\/\/www.ufsm.br\/editoras\/facos\/manual-da-txt","title":{"rendered":"Manual da .TXT: um guia de reda\u00e7\u00e3o e estilo"},"content":{"rendered":"\t\t<div data-elementor-type=\"wp-page\" data-elementor-id=\"566\" class=\"elementor elementor-566\">\n\t\t\t\t\t\t<section class=\"elementor-section elementor-top-section elementor-element elementor-element-29aaf1a3 elementor-section-boxed elementor-section-height-default elementor-section-height-default\" data-id=\"29aaf1a3\" data-element_type=\"section\">\n\t\t\t\t\t\t<div class=\"elementor-container elementor-column-gap-default\">\n\t\t\t\t\t<div class=\"elementor-column elementor-col-100 elementor-top-column elementor-element elementor-element-1460dd8f\" data-id=\"1460dd8f\" data-element_type=\"column\">\n\t\t\t<div class=\"elementor-widget-wrap elementor-element-populated\">\n\t\t\t\t\t\t<div class=\"elementor-element elementor-element-548ceb6c elementor-widget elementor-widget-text-editor\" data-id=\"548ceb6c\" data-element_type=\"widget\" data-widget_type=\"text-editor.default\">\n\t\t\t\t<div class=\"elementor-widget-container\">\n\t\t\t\t\t\t\t<h1><strong>Manual da .TXT : um guia de reda\u00e7\u00e3o e<\/strong><br \/><strong>estilo<\/strong><\/h1><h6>Viviane Borelli, Samara Wobeto, Thais Immig<\/h6>\t\t\t\t\t\t<\/div>\n\t\t\t\t<\/div>\n\t\t\t\t\t<\/div>\n\t\t<\/div>\n\t\t\t\t\t<\/div>\n\t\t<\/section>\n\t\t\t\t<section class=\"elementor-section elementor-top-section elementor-element elementor-element-4c8143ac elementor-section-boxed elementor-section-height-default elementor-section-height-default\" data-id=\"4c8143ac\" data-element_type=\"section\">\n\t\t\t\t\t\t<div class=\"elementor-container elementor-column-gap-default\">\n\t\t\t\t\t<div class=\"elementor-column elementor-col-100 elementor-top-column elementor-element elementor-element-3d5089b3\" data-id=\"3d5089b3\" data-element_type=\"column\">\n\t\t\t<div class=\"elementor-widget-wrap elementor-element-populated\">\n\t\t\t\t\t\t<div class=\"elementor-element elementor-element-4eaee512 elementor-widget elementor-widget-wp-widget-ufsm_manancial_ficha_apresentacao\" data-id=\"4eaee512\" data-element_type=\"widget\" data-widget_type=\"wp-widget-ufsm_manancial_ficha_apresentacao.default\">\n\t\t\t\t<div class=\"elementor-widget-container\">\n\t\t\t<div class=\"row g-0\">\n    <div class=\"col-12 col-lg-5\">\n        <div class=\"card rounded-0 bg-primary text-white\">\n                            <img decoding=\"async\" src=\"https:\/\/repositorio.ufsm.br\/bitstream\/handle\/1\/33683\/txt.JPG\" class=\"img-fluid img-thumbnail mx-5 mt-5 mb-1\" style='max-height:300px; object-fit:contain;'>\n                        <div class=\"card-body bg-transparent-on-contraste ms-4 ps-4 me-3\">\n                <p class=\"card-title fs-5 lh-sm\">Manual da .TXT: um guia de reda\u00e7\u00e3o e estilo<\/p>\n                <div class=\"d-flex flex-wrap\">\n                    <a href=\"https:\/\/repositorio.ufsm.br\/handle\/1\/33683\" class=\"small link-light underline-on-hover me-3\" target=\"_blank\">\n                        <i class=\"fa fa-external-link me-1\" aria-hidden=\"true\"><\/i>\n                        Ver no Manancial\n                    <\/a>\n                                            <a href=\"https:\/\/repositorio.ufsm.br\/bitstream\/handle\/1\/33683\/Manual da TXT_18.12.2024 (1).pdf\" class=\"small link-light underline-on-hover\" target=\"_blank\">\n                            <i class=\"fa fa-file-pdf-o me-1\" aria-hidden=\"true\"><\/i>\n                            Ver o PDF\n                        <\/a>\n                                                        <\/div>\n            <\/div>\n        <\/div>\n    <\/div>\n    <div class=\"col-12 col-lg-7 d-flex\">\n        <div class=\"card rounded-0 rounded-end border-0 shadow w-100\">\n            <div class=\"card-body bg-transparent-on-contraste my-2 mx-3\">\n                <ul class=\"nav nav-pills justify-content-center\" id=\"617febe5-d5de-40ce-a192-a166134c7ae4\" role=\"tablist\">\n                    <li class=\"nav-item\" role=\"presentation\">\n            <button class=\"nav-link active\" id=\"section-617febe5-d5de-40ce-a192-a166134c7ae4-resumo-tab\" data-bs-toggle=\"tab\" data-bs-target=\"#section-617febe5-d5de-40ce-a192-a166134c7ae4-resumo\" type=\"button\" role=\"tab\" aria-controls=\"section-617febe5-d5de-40ce-a192-a166134c7ae4-resumo\"  aria-selected=\"true\" >Resumo<\/button>\n        <\/li>\n                    <li class=\"nav-item\" role=\"presentation\">\n            <button class=\"nav-link \" id=\"section-617febe5-d5de-40ce-a192-a166134c7ae4-autoria-tab\" data-bs-toggle=\"tab\" data-bs-target=\"#section-617febe5-d5de-40ce-a192-a166134c7ae4-autoria\" type=\"button\" role=\"tab\" aria-controls=\"section-617febe5-d5de-40ce-a192-a166134c7ae4-autoria\" >Autoria<\/button>\n        <\/li>\n                    <li class=\"nav-item\" role=\"presentation\">\n            <button class=\"nav-link \" id=\"section-617febe5-d5de-40ce-a192-a166134c7ae4-outros-dados-tab\" data-bs-toggle=\"tab\" data-bs-target=\"#section-617febe5-d5de-40ce-a192-a166134c7ae4-outros-dados\" type=\"button\" role=\"tab\" aria-controls=\"section-617febe5-d5de-40ce-a192-a166134c7ae4-outros-dados\" >Dados da Obra<\/button>\n        <\/li>\n                    <li class=\"nav-item\" role=\"presentation\">\n            <button class=\"nav-link \" id=\"section-617febe5-d5de-40ce-a192-a166134c7ae4-cnpq-tab\" data-bs-toggle=\"tab\" data-bs-target=\"#section-617febe5-d5de-40ce-a192-a166134c7ae4-cnpq\" type=\"button\" role=\"tab\" aria-controls=\"section-617febe5-d5de-40ce-a192-a166134c7ae4-cnpq\" >CNPq<\/button>\n        <\/li>\n    <\/ul>\n<div class=\"tab-content\" id=\"617febe5-d5de-40ce-a192-a166134c7ae4Content\">\n            <div class=\"tab-pane fade show active pt-3\" id=\"section-617febe5-d5de-40ce-a192-a166134c7ae4-resumo\" role=\"tabpanel\" aria-labelledby=\"section-617febe5-d5de-40ce-a192-a166134c7ae4-resumo-tab\">\n            O livro did\u00e1tico sintetiza orienta\u00e7\u00f5es relativas \u00e0 reda\u00e7\u00e3o e estilo que devem ser seguidos para a produ\u00e7\u00e3o da revista laborat\u00f3rio do curso de Jornalismo da UFSM, a .TXT. O manual \u00e9 uma refer\u00eancia did\u00e1tica para as aulas de Jornalismo Impresso e tamb\u00e9m sistematiza informa\u00e7\u00f5es e orienta\u00e7\u00f5es que t\u00eam sido constru\u00eddas ao longo dos \u00faltimos 15 anos na produ\u00e7\u00e3o da .TXT. O livro \u00e9 composto por oito partes: uma breve introdu\u00e7\u00e3o sobre a experi\u00eancia na produ\u00e7\u00e3o laboratorial da revista com foco na experimenta\u00e7\u00e3o; detalhamento das fun\u00e7\u00f5es que os alunos devem exercer na produ\u00e7\u00e3o da .TXT; As editorias da revista; explica\u00e7\u00e3o sobre pauta e apura\u00e7\u00e3o; um guia de reda\u00e7\u00e3o das reportagens; processo de revis\u00e3o e edi\u00e7\u00e3o; um passo a passo para a publica\u00e7\u00e3o no site da revista, sugest\u00f5es para a divulga\u00e7\u00e3o nos perfis das redes sociais midi\u00e1ticas. Por \u00faltimo, sugere-se, ainda, um modelo para elabora\u00e7\u00e3o de pauta. Para finalizar, as Refer\u00eancias Bibliogr\u00e1ficas e um breve curr\u00edculo das autoras.        <\/div>\n            <div class=\"tab-pane fade  pt-3\" id=\"section-617febe5-d5de-40ce-a192-a166134c7ae4-autoria\" role=\"tabpanel\" aria-labelledby=\"section-617febe5-d5de-40ce-a192-a166134c7ae4-autoria-tab\">\n            <div class=\"row row-cols-1 row-cols-md-2\">\n            <div class=\"col p-1\">\n            <div class=\"border-bottom border-1 h-100\">\n                Borelli, Viviane            <\/div>\n        <\/div>\n            <div class=\"col p-1\">\n            <div class=\"border-bottom border-1 h-100\">\n                Wobeto, Samara            <\/div>\n        <\/div>\n            <div class=\"col p-1\">\n            <div class=\"border-bottom border-1 h-100\">\n                Immig, Thais            <\/div>\n        <\/div>\n        \n<\/div>\n        <\/div>\n            <div class=\"tab-pane fade  pt-3\" id=\"section-617febe5-d5de-40ce-a192-a166134c7ae4-outros-dados\" role=\"tabpanel\" aria-labelledby=\"section-617febe5-d5de-40ce-a192-a166134c7ae4-outros-dados-tab\">\n            <dl class=\"row\">\n    <dt class=\"col-12 col-md-3\">Publica\u00e7\u00e3o<\/dt>\n    <dd class=\"col-12 col-md-9\">\n        <dl class=\"row\">\n            <dt class=\"col-12 col-md-4\">Ano<\/dt>\n            <dd class=\"col-12 col-md-8\">2024<\/dd>\n            <dt class=\"col-12 col-md-4\">ISBN<\/dt>\n            <dd class=\"col-12 col-md-8\">978-65-5773-086-7<\/dd>\n        <\/dl>\n    <\/dd>\n            <dt class=\"col-12 col-md-3\">Refer\u00eancia<\/dt>\n        <dd class=\"col-12 col-md-9\">BORELLI, Viviane; WOBETO, Samara; IMMIG, Thais. Manual da .TXT [recurso eletr\u00f4nico] : um guia de reda\u00e7\u00e3o e\r\nestilo. Santa Maria, RS : FACOS-UFSM, 2024.<\/dd>\n                <dt class=\"col-12 col-md-3\">Assuntos<\/dt>\n        <dd class=\"col-12 col-md-9\">Livro did\u00e1tico;<br>Manual de estilo;<br>Guia de reda\u00e7\u00e3o;<br>Revista laborat\u00f3rio .TXT;<br>Ensino de jornalismo<\/dd>\n                <dt class=\"col-12 col-md-3\">Licen\u00e7a<\/dt>\n        <dd class=\"col-12 col-md-9\">\n            Acesso Aberto;<br>Attribution-NonCommercial-NoDerivatives 4.0 International;<br><a target='_blank' href='http:\/\/creativecommons.org\/licenses\/by-nc-nd\/4.0\/'>http:\/\/creativecommons.org\/licenses\/by-nc-nd\/4.0\/<\/a>        <\/dd>\n        \n<\/dl>\n        <\/div>\n            <div class=\"tab-pane fade  pt-3\" id=\"section-617febe5-d5de-40ce-a192-a166134c7ae4-cnpq\" role=\"tabpanel\" aria-labelledby=\"section-617febe5-d5de-40ce-a192-a166134c7ae4-cnpq-tab\">\n            <dl class=\"row\">\n    <dt class=\"col-12 col-md-3\">Grande \u00e1rea<\/dt>\n    <dd class=\"col-12 col-md-9 text-capitalize\">ciencias sociais aplicadas<\/dd>\n    \n            <dt class=\"col-12 col-md-3\">\u00c1rea<\/dt>\n        <dd class=\"col-12 col-md-9 text-capitalize\">comunicacao<\/dd>\n        \n                    <dt class=\"col-12 col-md-3\">Sub\u00e1rea<\/dt>\n            <dd class=\"col-12 col-md-9 text-capitalize\">jornalismo e editoracao<\/dd>\n            \n                    \n            \n    <\/dl>\n        <\/div>\n    <\/div>\n            <\/div>\n        <\/div>\n    <\/div>\n<\/div>\n\t\t<\/div>\n\t\t\t\t<\/div>\n\t\t\t\t\t<\/div>\n\t\t<\/div>\n\t\t\t\t\t<\/div>\n\t\t<\/section>\n\t\t\t\t<\/div>\n\t\t","protected":false},"excerpt":{"rendered":"<p>Manual da .TXT : um guia de reda\u00e7\u00e3o eestilo Viviane Borelli, Samara Wobeto, Thais Immig<\/p>\n","protected":false},"author":68,"featured_media":567,"parent":0,"menu_order":0,"comment_status":"closed","ping_status":"closed","template":"","meta":{"footnotes":""},"categories":[24,136],"tags":[48,105,76,177,176],"class_list":["post-566","page","type-page","status-publish","has-post-thumbnail","hentry","category-comunicacao","category-jornalismo","tag-comunicacao","tag-ensino","tag-jornalismo","tag-revista-txt","tag-revista-laboratorio"],"acf":[],"_links":{"self":[{"href":"https:\/\/www.ufsm.br\/editoras\/facos\/wp-json\/wp\/v2\/pages\/566","targetHints":{"allow":["GET"]}}],"collection":[{"href":"https:\/\/www.ufsm.br\/editoras\/facos\/wp-json\/wp\/v2\/pages"}],"about":[{"href":"https:\/\/www.ufsm.br\/editoras\/facos\/wp-json\/wp\/v2\/types\/page"}],"author":[{"embeddable":true,"href":"https:\/\/www.ufsm.br\/editoras\/facos\/wp-json\/wp\/v2\/users\/68"}],"replies":[{"embeddable":true,"href":"https:\/\/www.ufsm.br\/editoras\/facos\/wp-json\/wp\/v2\/comments?post=566"}],"version-history":[{"count":0,"href":"https:\/\/www.ufsm.br\/editoras\/facos\/wp-json\/wp\/v2\/pages\/566\/revisions"}],"wp:featuredmedia":[{"embeddable":true,"href":"https:\/\/www.ufsm.br\/editoras\/facos\/wp-json\/wp\/v2\/media\/567"}],"wp:attachment":[{"href":"https:\/\/www.ufsm.br\/editoras\/facos\/wp-json\/wp\/v2\/media?parent=566"}],"wp:term":[{"taxonomy":"category","embeddable":true,"href":"https:\/\/www.ufsm.br\/editoras\/facos\/wp-json\/wp\/v2\/categories?post=566"},{"taxonomy":"post_tag","embeddable":true,"href":"https:\/\/www.ufsm.br\/editoras\/facos\/wp-json\/wp\/v2\/tags?post=566"}],"curies":[{"name":"wp","href":"https:\/\/api.w.org\/{rel}","templated":true}]}}