{"id":576,"date":"2025-02-06T10:25:40","date_gmt":"2025-02-06T13:25:40","guid":{"rendered":"https:\/\/www.ufsm.br\/editoras\/facos\/?page_id=576"},"modified":"2026-01-07T15:56:49","modified_gmt":"2026-01-07T18:56:49","slug":"comunicacao-publica-midia-e-politicas-de-comunicacao","status":"publish","type":"page","link":"https:\/\/www.ufsm.br\/editoras\/facos\/comunicacao-publica-midia-e-politicas-de-comunicacao","title":{"rendered":"Comunica\u00e7\u00e3o p\u00fablica: m\u00eddia e pol\u00edticas de comunica\u00e7\u00e3o"},"content":{"rendered":"\t\t<div data-elementor-type=\"wp-page\" data-elementor-id=\"576\" class=\"elementor elementor-576\">\n\t\t\t\t\t\t<section class=\"elementor-section elementor-top-section elementor-element elementor-element-4685932d elementor-section-boxed elementor-section-height-default elementor-section-height-default\" data-id=\"4685932d\" data-element_type=\"section\">\n\t\t\t\t\t\t<div class=\"elementor-container elementor-column-gap-default\">\n\t\t\t\t\t<div class=\"elementor-column elementor-col-100 elementor-top-column elementor-element elementor-element-26659882\" data-id=\"26659882\" data-element_type=\"column\">\n\t\t\t<div class=\"elementor-widget-wrap elementor-element-populated\">\n\t\t\t\t\t\t<div class=\"elementor-element elementor-element-267f3c90 elementor-widget elementor-widget-text-editor\" data-id=\"267f3c90\" data-element_type=\"widget\" data-widget_type=\"text-editor.default\">\n\t\t\t\t<div class=\"elementor-widget-container\">\n\t\t\t\t\t\t\t<h2 class=\"page-header first-page-header\"><strong>Comunica\u00e7\u00e3o p\u00fablica: m\u00eddia e pol\u00edticas de comunica\u00e7\u00e3o<\/strong><\/h2><h6 class=\"ds-dc_contributor_author-authority\">Jaqueline Quincozes S. Kegler e Daiana\u00a0Stasiak (organizadoras)<\/h6>\t\t\t\t\t\t<\/div>\n\t\t\t\t<\/div>\n\t\t\t\t\t<\/div>\n\t\t<\/div>\n\t\t\t\t\t<\/div>\n\t\t<\/section>\n\t\t\t\t<section class=\"elementor-section elementor-top-section elementor-element elementor-element-4901f9bf elementor-section-boxed elementor-section-height-default elementor-section-height-default\" data-id=\"4901f9bf\" data-element_type=\"section\">\n\t\t\t\t\t\t<div class=\"elementor-container elementor-column-gap-default\">\n\t\t\t\t\t<div class=\"elementor-column elementor-col-100 elementor-top-column elementor-element elementor-element-12f79cb\" data-id=\"12f79cb\" data-element_type=\"column\">\n\t\t\t<div class=\"elementor-widget-wrap elementor-element-populated\">\n\t\t\t\t\t\t<div class=\"elementor-element elementor-element-58aafe12 elementor-widget elementor-widget-wp-widget-ufsm_manancial_ficha_apresentacao\" data-id=\"58aafe12\" data-element_type=\"widget\" data-widget_type=\"wp-widget-ufsm_manancial_ficha_apresentacao.default\">\n\t\t\t\t<div class=\"elementor-widget-container\">\n\t\t\t<div class=\"row g-0\">\n    <div class=\"col-12 col-lg-5\">\n        <div class=\"card rounded-0 bg-primary text-white\">\n                            <img decoding=\"async\" src=\"https:\/\/repositorio.ufsm.br\/bitstream\/handle\/1\/34026\/Capa.jpg\" class=\"img-fluid img-thumbnail mx-5 mt-5 mb-1\" >\n                        <div class=\"card-body bg-transparent-on-contraste ms-4 ps-4 me-3\">\n                <p class=\"card-title fs-5 lh-sm\">Comunica\u00e7\u00e3o p\u00fablica: m\u00eddia e pol\u00edticas de comunica\u00e7\u00e3o<\/p>\n                <div class=\"d-flex flex-wrap\">\n                    <a href=\"https:\/\/repositorio.ufsm.br\/handle\/1\/34026\" class=\"small link-light underline-on-hover me-3\" target=\"_blank\">\n                        <i class=\"fa fa-external-link me-1\" aria-hidden=\"true\"><\/i>\n                        Ver no Manancial\n                    <\/a>\n                                            <a href=\"https:\/\/repositorio.ufsm.br\/bitstream\/handle\/1\/34026\/Livro-Comunica\u00e7\u00e3o_Publica.pdf\" class=\"small link-light underline-on-hover\" target=\"_blank\">\n                            <i class=\"fa fa-file-pdf-o me-1\" aria-hidden=\"true\"><\/i>\n                            Ver o PDF\n                        <\/a>\n                                                        <\/div>\n            <\/div>\n        <\/div>\n    <\/div>\n    <div class=\"col-12 col-lg-7 d-flex\">\n        <div class=\"card rounded-0 rounded-end border-0 shadow w-100\">\n            <div class=\"card-body bg-transparent-on-contraste my-2 mx-3\">\n                <ul class=\"nav nav-pills justify-content-center\" id=\"d6bcb8bd-3fa6-4770-b09d-81aa20a81436\" role=\"tablist\">\n                    <li class=\"nav-item\" role=\"presentation\">\n            <button class=\"nav-link active\" id=\"section-d6bcb8bd-3fa6-4770-b09d-81aa20a81436-resumo-tab\" data-bs-toggle=\"tab\" data-bs-target=\"#section-d6bcb8bd-3fa6-4770-b09d-81aa20a81436-resumo\" type=\"button\" role=\"tab\" aria-controls=\"section-d6bcb8bd-3fa6-4770-b09d-81aa20a81436-resumo\"  aria-selected=\"true\" >Resumo<\/button>\n        <\/li>\n                    <li class=\"nav-item\" role=\"presentation\">\n            <button class=\"nav-link \" id=\"section-d6bcb8bd-3fa6-4770-b09d-81aa20a81436-organizacao-tab\" data-bs-toggle=\"tab\" data-bs-target=\"#section-d6bcb8bd-3fa6-4770-b09d-81aa20a81436-organizacao\" type=\"button\" role=\"tab\" aria-controls=\"section-d6bcb8bd-3fa6-4770-b09d-81aa20a81436-organizacao\" >Organiza\u00e7\u00e3o<\/button>\n        <\/li>\n                    <li class=\"nav-item\" role=\"presentation\">\n            <button class=\"nav-link \" id=\"section-d6bcb8bd-3fa6-4770-b09d-81aa20a81436-autoria-tab\" data-bs-toggle=\"tab\" data-bs-target=\"#section-d6bcb8bd-3fa6-4770-b09d-81aa20a81436-autoria\" type=\"button\" role=\"tab\" aria-controls=\"section-d6bcb8bd-3fa6-4770-b09d-81aa20a81436-autoria\" >Autoria<\/button>\n        <\/li>\n                    <li class=\"nav-item\" role=\"presentation\">\n            <button class=\"nav-link \" id=\"section-d6bcb8bd-3fa6-4770-b09d-81aa20a81436-outros-dados-tab\" data-bs-toggle=\"tab\" data-bs-target=\"#section-d6bcb8bd-3fa6-4770-b09d-81aa20a81436-outros-dados\" type=\"button\" role=\"tab\" aria-controls=\"section-d6bcb8bd-3fa6-4770-b09d-81aa20a81436-outros-dados\" >Dados da Obra<\/button>\n        <\/li>\n                    <li class=\"nav-item\" role=\"presentation\">\n            <button class=\"nav-link \" id=\"section-d6bcb8bd-3fa6-4770-b09d-81aa20a81436-cnpq-tab\" data-bs-toggle=\"tab\" data-bs-target=\"#section-d6bcb8bd-3fa6-4770-b09d-81aa20a81436-cnpq\" type=\"button\" role=\"tab\" aria-controls=\"section-d6bcb8bd-3fa6-4770-b09d-81aa20a81436-cnpq\" >CNPq<\/button>\n        <\/li>\n    <\/ul>\n<div class=\"tab-content\" id=\"d6bcb8bd-3fa6-4770-b09d-81aa20a81436Content\">\n            <div class=\"tab-pane fade show active pt-3\" id=\"section-d6bcb8bd-3fa6-4770-b09d-81aa20a81436-resumo\" role=\"tabpanel\" aria-labelledby=\"section-d6bcb8bd-3fa6-4770-b09d-81aa20a81436-resumo-tab\">\n            O livro \u201cComunica\u00e7\u00e3o P\u00fablica: M\u00eddia e Pol\u00edticas de Comunica\u00e7\u00e3o\u201d \u00e9 uma publica\u00e7\u00e3o que re\u00fane os relatos de doze investiga\u00e7\u00f5es atuais sobre Comunica\u00e7\u00e3o P\u00fablica em suas intersec\u00e7\u00f5es tem\u00e1ticas. A obra est\u00e1 organizada em duas partes. A primeira  relaciona Comunica\u00e7\u00e3o P\u00fablica e M\u00eddia e a segunda traz as intersec\u00e7\u00f5es entre Comunica\u00e7\u00e3o P\u00fablica e Pol\u00edticas de Comunica\u00e7\u00e3o, como estrat\u00e9gias que podem fortalecer a Comunica\u00e7\u00e3o P\u00fablica, em especial nas Institui\u00e7\u00f5es Federais de Ensino Superior do pa\u00eds.        <\/div>\n            <div class=\"tab-pane fade  pt-3\" id=\"section-d6bcb8bd-3fa6-4770-b09d-81aa20a81436-organizacao\" role=\"tabpanel\" aria-labelledby=\"section-d6bcb8bd-3fa6-4770-b09d-81aa20a81436-organizacao-tab\">\n            <div class=\"row row-cols-1 row-cols-md-2\">\n            <div class=\"col p-1\">\n            <div class=\"border-bottom border-1 h-100\">\n                Kegler, Jaqueline Quincozes S.            <\/div>\n        <\/div>\n            <div class=\"col p-1\">\n            <div class=\"border-bottom border-1 h-100\">\n                Stasiak, Daiana            <\/div>\n        <\/div>\n        \n<\/div>\n        <\/div>\n            <div class=\"tab-pane fade  pt-3\" id=\"section-d6bcb8bd-3fa6-4770-b09d-81aa20a81436-autoria\" role=\"tabpanel\" aria-labelledby=\"section-d6bcb8bd-3fa6-4770-b09d-81aa20a81436-autoria-tab\">\n            <div class=\"row row-cols-1 row-cols-md-2\">\n            <div class=\"col p-1\">\n            <div class=\"border-bottom border-1 h-100\">\n                Kegler, Jaqueline Quincozes S.            <\/div>\n        <\/div>\n            <div class=\"col p-1\">\n            <div class=\"border-bottom border-1 h-100\">\n                Stasiak, Daiana            <\/div>\n        <\/div>\n        \n<\/div>\n        <\/div>\n            <div class=\"tab-pane fade  pt-3\" id=\"section-d6bcb8bd-3fa6-4770-b09d-81aa20a81436-outros-dados\" role=\"tabpanel\" aria-labelledby=\"section-d6bcb8bd-3fa6-4770-b09d-81aa20a81436-outros-dados-tab\">\n            <dl class=\"row\">\n    <dt class=\"col-12 col-md-3\">Publica\u00e7\u00e3o<\/dt>\n    <dd class=\"col-12 col-md-9\">\n        <dl class=\"row\">\n            <dt class=\"col-12 col-md-4\">Ano<\/dt>\n            <dd class=\"col-12 col-md-8\">2024<\/dd>\n            <dt class=\"col-12 col-md-4\">ISBN<\/dt>\n            <dd class=\"col-12 col-md-8\">978-65-5773-089-8<\/dd>\n        <\/dl>\n    <\/dd>\n            <dt class=\"col-12 col-md-3\">Refer\u00eancia<\/dt>\n        <dd class=\"col-12 col-md-9\">KEGLER, Jaqueline Quincozes S.; STASIAK, Daiana. Comunica\u00e7\u00e3o p\u00fablica [recurso eletr\u00f4nico] : m\u00eddia e pol\u00edticas de comunica\u00e7\u00e3o. Santa Maria, RS : FACOS-UFSM, 2024.<\/dd>\n                <dt class=\"col-12 col-md-3\">Assuntos<\/dt>\n        <dd class=\"col-12 col-md-9\">Comunica\u00e7\u00e3o;<br>M\u00eddia;<br>Pol\u00edticas de comunica\u00e7\u00e3o;<br>Comunica\u00e7\u00e3o P\u00fablica;<br>Universidades;<br>Kegler, Jaqueline Quincozes S.;<br>Stasiak, Daiana<\/dd>\n                <dt class=\"col-12 col-md-3\">Licen\u00e7a<\/dt>\n        <dd class=\"col-12 col-md-9\">\n            Acesso Aberto;<br>Attribution-NonCommercial-NoDerivatives 4.0 International;<br><a target='_blank' href='http:\/\/creativecommons.org\/licenses\/by-nc-nd\/4.0\/'>http:\/\/creativecommons.org\/licenses\/by-nc-nd\/4.0\/<\/a>        <\/dd>\n        \n<\/dl>\n        <\/div>\n            <div class=\"tab-pane fade  pt-3\" id=\"section-d6bcb8bd-3fa6-4770-b09d-81aa20a81436-cnpq\" role=\"tabpanel\" aria-labelledby=\"section-d6bcb8bd-3fa6-4770-b09d-81aa20a81436-cnpq-tab\">\n            <dl class=\"row\">\n    <dt class=\"col-12 col-md-3\">Grande \u00e1rea<\/dt>\n    <dd class=\"col-12 col-md-9 text-capitalize\">ciencias sociais aplicadas<\/dd>\n    \n            <dt class=\"col-12 col-md-3\">\u00c1rea<\/dt>\n        <dd class=\"col-12 col-md-9 text-capitalize\">comunicacao<\/dd>\n        \n                    <dt class=\"col-12 col-md-3\">Sub\u00e1rea<\/dt>\n            <dd class=\"col-12 col-md-9 text-capitalize\">relacoes publicas e propaganda<\/dd>\n            \n                    \n            \n    <\/dl>\n        <\/div>\n    <\/div>\n            <\/div>\n        <\/div>\n    <\/div>\n<\/div>\n\t\t<\/div>\n\t\t\t\t<\/div>\n\t\t\t\t\t<\/div>\n\t\t<\/div>\n\t\t\t\t\t<\/div>\n\t\t<\/section>\n\t\t\t\t<\/div>\n\t\t","protected":false},"excerpt":{"rendered":"<p>Comunica\u00e7\u00e3o p\u00fablica: m\u00eddia e pol\u00edticas de comunica\u00e7\u00e3o Jaqueline Quincozes S. Kegler e Daiana\u00a0Stasiak (organizadoras)<\/p>\n","protected":false},"author":68,"featured_media":577,"parent":0,"menu_order":0,"comment_status":"closed","ping_status":"closed","template":"","meta":{"footnotes":""},"categories":[24,152],"tags":[48,184,71,183],"class_list":["post-576","page","type-page","status-publish","has-post-thumbnail","hentry","category-comunicacao","category-relacoes-publicas","tag-comunicacao","tag-comunicacao-publica","tag-midia","tag-politicas-de-comunicacao"],"acf":[],"_links":{"self":[{"href":"https:\/\/www.ufsm.br\/editoras\/facos\/wp-json\/wp\/v2\/pages\/576","targetHints":{"allow":["GET"]}}],"collection":[{"href":"https:\/\/www.ufsm.br\/editoras\/facos\/wp-json\/wp\/v2\/pages"}],"about":[{"href":"https:\/\/www.ufsm.br\/editoras\/facos\/wp-json\/wp\/v2\/types\/page"}],"author":[{"embeddable":true,"href":"https:\/\/www.ufsm.br\/editoras\/facos\/wp-json\/wp\/v2\/users\/68"}],"replies":[{"embeddable":true,"href":"https:\/\/www.ufsm.br\/editoras\/facos\/wp-json\/wp\/v2\/comments?post=576"}],"version-history":[{"count":0,"href":"https:\/\/www.ufsm.br\/editoras\/facos\/wp-json\/wp\/v2\/pages\/576\/revisions"}],"wp:featuredmedia":[{"embeddable":true,"href":"https:\/\/www.ufsm.br\/editoras\/facos\/wp-json\/wp\/v2\/media\/577"}],"wp:attachment":[{"href":"https:\/\/www.ufsm.br\/editoras\/facos\/wp-json\/wp\/v2\/media?parent=576"}],"wp:term":[{"taxonomy":"category","embeddable":true,"href":"https:\/\/www.ufsm.br\/editoras\/facos\/wp-json\/wp\/v2\/categories?post=576"},{"taxonomy":"post_tag","embeddable":true,"href":"https:\/\/www.ufsm.br\/editoras\/facos\/wp-json\/wp\/v2\/tags?post=576"}],"curies":[{"name":"wp","href":"https:\/\/api.w.org\/{rel}","templated":true}]}}