{"id":583,"date":"2025-08-15T18:14:46","date_gmt":"2025-08-15T21:14:46","guid":{"rendered":"https:\/\/www.ufsm.br\/editoras\/facos\/?page_id=583"},"modified":"2025-08-15T18:22:53","modified_gmt":"2025-08-15T21:22:53","slug":"mediacao-pedagogica-na-educacao-a-distancia-hibrida-e-presencial","status":"publish","type":"page","link":"https:\/\/www.ufsm.br\/editoras\/facos\/mediacao-pedagogica-na-educacao-a-distancia-hibrida-e-presencial","title":{"rendered":"Media\u00e7\u00e3o pedag\u00f3gica na educa\u00e7\u00e3o a dist\u00e2ncia, h\u00edbrida e presencial"},"content":{"rendered":"\t\t<div data-elementor-type=\"wp-page\" data-elementor-id=\"583\" class=\"elementor elementor-583\">\n\t\t\t\t\t\t<section class=\"elementor-section elementor-top-section elementor-element elementor-element-aff2957 elementor-section-boxed elementor-section-height-default elementor-section-height-default\" data-id=\"aff2957\" data-element_type=\"section\">\n\t\t\t\t\t\t<div class=\"elementor-container elementor-column-gap-default\">\n\t\t\t\t\t<div class=\"elementor-column elementor-col-100 elementor-top-column elementor-element elementor-element-129f49ea\" data-id=\"129f49ea\" data-element_type=\"column\">\n\t\t\t<div class=\"elementor-widget-wrap elementor-element-populated\">\n\t\t\t\t\t\t<div class=\"elementor-element elementor-element-7ed118bf elementor-widget elementor-widget-text-editor\" data-id=\"7ed118bf\" data-element_type=\"widget\" data-widget_type=\"text-editor.default\">\n\t\t\t\t<div class=\"elementor-widget-container\">\n\t\t\t\t\t\t\t<h1 class=\"page-header first-page-header\"><span style=\"font-size: 24pt\"><strong>Media\u00e7\u00e3o pedag\u00f3gica na educa\u00e7\u00e3o a dist\u00e2ncia, h\u00edbrida e presencial<\/strong><\/span><\/h1><h6>Mario V\u00e1squez Astudillo<\/h6>\t\t\t\t\t\t<\/div>\n\t\t\t\t<\/div>\n\t\t\t\t\t<\/div>\n\t\t<\/div>\n\t\t\t\t\t<\/div>\n\t\t<\/section>\n\t\t\t\t<section class=\"elementor-section elementor-top-section elementor-element elementor-element-7d9c7965 elementor-section-boxed elementor-section-height-default elementor-section-height-default\" data-id=\"7d9c7965\" data-element_type=\"section\">\n\t\t\t\t\t\t<div class=\"elementor-container elementor-column-gap-default\">\n\t\t\t\t\t<div class=\"elementor-column elementor-col-100 elementor-top-column elementor-element elementor-element-2605bc25\" data-id=\"2605bc25\" data-element_type=\"column\">\n\t\t\t<div class=\"elementor-widget-wrap elementor-element-populated\">\n\t\t\t\t\t\t<div class=\"elementor-element elementor-element-38035373 elementor-widget elementor-widget-wp-widget-ufsm_manancial_ficha_apresentacao\" data-id=\"38035373\" data-element_type=\"widget\" data-widget_type=\"wp-widget-ufsm_manancial_ficha_apresentacao.default\">\n\t\t\t\t<div class=\"elementor-widget-container\">\n\t\t\t<div class=\"row g-0\">\n    <div class=\"col-12 col-lg-5\">\n        <div class=\"card rounded-0 bg-primary text-white\">\n                            <img decoding=\"async\" src=\"https:\/\/repositorio.ufsm.br\/bitstream\/handle\/1\/35632\/Mediac\u0327a\u0303o pedago\u0301gica.png\" class=\"img-fluid img-thumbnail mx-5 mt-5 mb-1\" >\n                        <div class=\"card-body bg-transparent-on-contraste ms-4 ps-4 me-3\">\n                <p class=\"card-title fs-5 lh-sm\">Media\u00e7\u00e3o pedag\u00f3gica na educa\u00e7\u00e3o a dist\u00e2ncia, h\u00edbrida e presencial<\/p>\n                <div class=\"d-flex flex-wrap\">\n                    <a href=\"https:\/\/repositorio.ufsm.br\/handle\/1\/35632\" class=\"small link-light underline-on-hover me-3\" target=\"_blank\">\n                        <i class=\"fa fa-external-link me-1\" aria-hidden=\"true\"><\/i>\n                        Ver no Manancial\n                    <\/a>\n                                            <a href=\"https:\/\/repositorio.ufsm.br\/bitstream\/handle\/1\/35632\/Mediac\u0327a\u0303o pedago\u0301gica digital (1).pdf\" class=\"small link-light underline-on-hover\" target=\"_blank\">\n                            <i class=\"fa fa-file-pdf-o me-1\" aria-hidden=\"true\"><\/i>\n                            Ver o PDF\n                        <\/a>\n                                                        <\/div>\n            <\/div>\n        <\/div>\n    <\/div>\n    <div class=\"col-12 col-lg-7 d-flex\">\n        <div class=\"card rounded-0 rounded-end border-0 shadow w-100\">\n            <div class=\"card-body bg-transparent-on-contraste my-2 mx-3\">\n                <ul class=\"nav nav-pills justify-content-center\" id=\"fa134c7e-2d91-4043-89ae-76a15def0051\" role=\"tablist\">\n                    <li class=\"nav-item\" role=\"presentation\">\n            <button class=\"nav-link active\" id=\"section-fa134c7e-2d91-4043-89ae-76a15def0051-resumo-tab\" data-bs-toggle=\"tab\" data-bs-target=\"#section-fa134c7e-2d91-4043-89ae-76a15def0051-resumo\" type=\"button\" role=\"tab\" aria-controls=\"section-fa134c7e-2d91-4043-89ae-76a15def0051-resumo\"  aria-selected=\"true\" >Resumo<\/button>\n        <\/li>\n                    <li class=\"nav-item\" role=\"presentation\">\n            <button class=\"nav-link \" id=\"section-fa134c7e-2d91-4043-89ae-76a15def0051-autoria-tab\" data-bs-toggle=\"tab\" data-bs-target=\"#section-fa134c7e-2d91-4043-89ae-76a15def0051-autoria\" type=\"button\" role=\"tab\" aria-controls=\"section-fa134c7e-2d91-4043-89ae-76a15def0051-autoria\" >Autoria<\/button>\n        <\/li>\n                    <li class=\"nav-item\" role=\"presentation\">\n            <button class=\"nav-link \" id=\"section-fa134c7e-2d91-4043-89ae-76a15def0051-outros-dados-tab\" data-bs-toggle=\"tab\" data-bs-target=\"#section-fa134c7e-2d91-4043-89ae-76a15def0051-outros-dados\" type=\"button\" role=\"tab\" aria-controls=\"section-fa134c7e-2d91-4043-89ae-76a15def0051-outros-dados\" >Dados da Obra<\/button>\n        <\/li>\n                    <li class=\"nav-item\" role=\"presentation\">\n            <button class=\"nav-link \" id=\"section-fa134c7e-2d91-4043-89ae-76a15def0051-cnpq-tab\" data-bs-toggle=\"tab\" data-bs-target=\"#section-fa134c7e-2d91-4043-89ae-76a15def0051-cnpq\" type=\"button\" role=\"tab\" aria-controls=\"section-fa134c7e-2d91-4043-89ae-76a15def0051-cnpq\" >CNPq<\/button>\n        <\/li>\n    <\/ul>\n<div class=\"tab-content\" id=\"fa134c7e-2d91-4043-89ae-76a15def0051Content\">\n            <div class=\"tab-pane fade show active pt-3\" id=\"section-fa134c7e-2d91-4043-89ae-76a15def0051-resumo\" role=\"tabpanel\" aria-labelledby=\"section-fa134c7e-2d91-4043-89ae-76a15def0051-resumo-tab\">\n            Neste livro o professor Mario V\u00e1squez Astudillo, n\u00e3o apenas explora as teorias fundamentais por tr\u00e1s da media\u00e7\u00e3o pedag\u00f3gica, mas tamb\u00e9m oferece uma base para professores, tutores e estudantes que abrange desde os princ\u00edpios b\u00e1sicos da media\u00e7\u00e3o pedag\u00f3gica at\u00e9 suas aplica\u00e7\u00f5es pr\u00e1ticas voltadas a Educa\u00e7\u00e3o a Dist\u00e2ncia, H\u00edbrida e Presencial. Encontrar\u00e3o na primeira parte os fundamentos do desenho e conte\u00fados de um curso sobre media\u00e7\u00e3o pedag\u00f3gica, que podem ser adaptados e aplicados em qualquer curso.\r\n\r\nA segunda parte apresenta estrat\u00e9gias pedag\u00f3gicas comprovadas que n\u00e3o apenas informam, mas tamb\u00e9m inspiram uma transforma\u00e7\u00e3o positiva na pr\u00e1tica educativa de cada leitor. Um dos prop\u00f3sitos da proposta de media\u00e7\u00e3o pedag\u00f3gica do livro \u00e9 contribuir a prevenir a evas\u00e3o, desde uma perspectiva positiva e proativa, pensando na reten\u00e7\u00e3o dos estudantes. As estrat\u00e9gias de media\u00e7\u00e3o podem dar conta de algumas das mais importantes causas end\u00f3genas da evas\u00e3o. Destina-se n\u00e3o apenas a aqueles que est\u00e3o come\u00e7ando seu caminho como mediadores pedag\u00f3gicos, mas tamb\u00e9m aqueles que buscam aprimorar suas compet\u00eancias e expandir seus horizontes no campo da educa\u00e7\u00e3o, avan\u00e7ando desde a modera\u00e7\u00e3o \u00e0 media\u00e7\u00e3o.        <\/div>\n            <div class=\"tab-pane fade  pt-3\" id=\"section-fa134c7e-2d91-4043-89ae-76a15def0051-autoria\" role=\"tabpanel\" aria-labelledby=\"section-fa134c7e-2d91-4043-89ae-76a15def0051-autoria-tab\">\n            <div class=\"row row-cols-1 row-cols-md-2\">\n            <div class=\"col p-1\">\n            <div class=\"border-bottom border-1 h-100\">\n                V\u00e1squez Astudillo, Mario            <\/div>\n        <\/div>\n        \n<\/div>\n        <\/div>\n            <div class=\"tab-pane fade  pt-3\" id=\"section-fa134c7e-2d91-4043-89ae-76a15def0051-outros-dados\" role=\"tabpanel\" aria-labelledby=\"section-fa134c7e-2d91-4043-89ae-76a15def0051-outros-dados-tab\">\n            <dl class=\"row\">\n    <dt class=\"col-12 col-md-3\">Publica\u00e7\u00e3o<\/dt>\n    <dd class=\"col-12 col-md-9\">\n        <dl class=\"row\">\n            <dt class=\"col-12 col-md-4\">Ano<\/dt>\n            <dd class=\"col-12 col-md-8\">2025<\/dd>\n            <dt class=\"col-12 col-md-4\">ISBN<\/dt>\n            <dd class=\"col-12 col-md-8\">978-65-5773-093-5<\/dd>\n        <\/dl>\n    <\/dd>\n            <dt class=\"col-12 col-md-3\">Refer\u00eancia<\/dt>\n        <dd class=\"col-12 col-md-9\">V\u00c1SQUEZ ASTUDILLO, M. Media\u00e7\u00e3o pedag\u00f3gica na educa\u00e7\u00e3o a dist\u00e2ncia, h\u00edbrida e presencial [recurso eletr\u00f4nico]. Santa Maria: FACOS-UFSM, 2025.<\/dd>\n                <dt class=\"col-12 col-md-3\">Assuntos<\/dt>\n        <dd class=\"col-12 col-md-9\">Media\u00e7\u00e3o pedag\u00f3gica;<br>Educa\u00e7\u00e3o a dist\u00e2ncia;<br>Educa\u00e7\u00e3o h\u00edbrida;<br>Educa\u00e7\u00e3o presencial;<br>Tutoria<\/dd>\n                <dt class=\"col-12 col-md-3\">Licen\u00e7a<\/dt>\n        <dd class=\"col-12 col-md-9\">\n            Acesso Aberto;<br><a target='_blank' href='http:\/\/creativecommons.org\/licenses\/by-nc-nd\/4.0\/'>http:\/\/creativecommons.org\/licenses\/by-nc-nd\/4.0\/<\/a>        <\/dd>\n        \n<\/dl>\n        <\/div>\n            <div class=\"tab-pane fade  pt-3\" id=\"section-fa134c7e-2d91-4043-89ae-76a15def0051-cnpq\" role=\"tabpanel\" aria-labelledby=\"section-fa134c7e-2d91-4043-89ae-76a15def0051-cnpq-tab\">\n            <dl class=\"row\">\n    <dt class=\"col-12 col-md-3\">Grande \u00e1rea<\/dt>\n    <dd class=\"col-12 col-md-9 text-capitalize\">ciencias humanas<\/dd>\n    \n            <dt class=\"col-12 col-md-3\">\u00c1rea<\/dt>\n        <dd class=\"col-12 col-md-9 text-capitalize\">educacao<\/dd>\n        \n            \n    <\/dl>\n        <\/div>\n    <\/div>\n            <\/div>\n        <\/div>\n    <\/div>\n<\/div>\n\t\t<\/div>\n\t\t\t\t<\/div>\n\t\t\t\t\t<\/div>\n\t\t<\/div>\n\t\t\t\t\t<\/div>\n\t\t<\/section>\n\t\t\t\t<\/div>\n\t\t","protected":false},"excerpt":{"rendered":"<p>Media\u00e7\u00e3o pedag\u00f3gica na educa\u00e7\u00e3o a dist\u00e2ncia, h\u00edbrida e presencial Mario V\u00e1squez Astudillo<\/p>\n","protected":false},"author":68,"featured_media":580,"parent":0,"menu_order":0,"comment_status":"closed","ping_status":"closed","template":"","meta":{"footnotes":""},"categories":[138,26],"tags":[163,186,187],"class_list":["post-583","page","type-page","status-publish","has-post-thumbnail","hentry","category-educacao","category-lancamento","tag-educacao-2","tag-mediacao","tag-pedagogica"],"acf":[],"_links":{"self":[{"href":"https:\/\/www.ufsm.br\/editoras\/facos\/wp-json\/wp\/v2\/pages\/583","targetHints":{"allow":["GET"]}}],"collection":[{"href":"https:\/\/www.ufsm.br\/editoras\/facos\/wp-json\/wp\/v2\/pages"}],"about":[{"href":"https:\/\/www.ufsm.br\/editoras\/facos\/wp-json\/wp\/v2\/types\/page"}],"author":[{"embeddable":true,"href":"https:\/\/www.ufsm.br\/editoras\/facos\/wp-json\/wp\/v2\/users\/68"}],"replies":[{"embeddable":true,"href":"https:\/\/www.ufsm.br\/editoras\/facos\/wp-json\/wp\/v2\/comments?post=583"}],"version-history":[{"count":0,"href":"https:\/\/www.ufsm.br\/editoras\/facos\/wp-json\/wp\/v2\/pages\/583\/revisions"}],"wp:featuredmedia":[{"embeddable":true,"href":"https:\/\/www.ufsm.br\/editoras\/facos\/wp-json\/wp\/v2\/media\/580"}],"wp:attachment":[{"href":"https:\/\/www.ufsm.br\/editoras\/facos\/wp-json\/wp\/v2\/media?parent=583"}],"wp:term":[{"taxonomy":"category","embeddable":true,"href":"https:\/\/www.ufsm.br\/editoras\/facos\/wp-json\/wp\/v2\/categories?post=583"},{"taxonomy":"post_tag","embeddable":true,"href":"https:\/\/www.ufsm.br\/editoras\/facos\/wp-json\/wp\/v2\/tags?post=583"}],"curies":[{"name":"wp","href":"https:\/\/api.w.org\/{rel}","templated":true}]}}