{"id":584,"date":"2025-08-15T18:19:37","date_gmt":"2025-08-15T21:19:37","guid":{"rendered":"https:\/\/www.ufsm.br\/editoras\/facos\/?page_id=584"},"modified":"2025-08-15T18:22:03","modified_gmt":"2025-08-15T21:22:03","slug":"identidades-territorios-cultura-comunicacao-e-desenvolvimento","status":"publish","type":"page","link":"https:\/\/www.ufsm.br\/editoras\/facos\/identidades-territorios-cultura-comunicacao-e-desenvolvimento","title":{"rendered":"Identidades &amp; territ\u00f3rios: cultura, comunica\u00e7\u00e3o e desenvolvimento"},"content":{"rendered":"\t\t<div data-elementor-type=\"wp-page\" data-elementor-id=\"584\" class=\"elementor elementor-584\">\n\t\t\t\t\t\t<section class=\"elementor-section elementor-top-section elementor-element elementor-element-56ea9a22 elementor-section-boxed elementor-section-height-default elementor-section-height-default\" data-id=\"56ea9a22\" data-element_type=\"section\">\n\t\t\t\t\t\t<div class=\"elementor-container elementor-column-gap-default\">\n\t\t\t\t\t<div class=\"elementor-column elementor-col-100 elementor-top-column elementor-element elementor-element-e01efed\" data-id=\"e01efed\" data-element_type=\"column\">\n\t\t\t<div class=\"elementor-widget-wrap elementor-element-populated\">\n\t\t\t\t\t\t<div class=\"elementor-element elementor-element-75c78e46 elementor-widget elementor-widget-text-editor\" data-id=\"75c78e46\" data-element_type=\"widget\" data-widget_type=\"text-editor.default\">\n\t\t\t\t<div class=\"elementor-widget-container\">\n\t\t\t\t\t\t\t<h2 class=\"page-header first-page-header\"><strong><span style=\"font-size: 24pt\">Identidades &amp; territ\u00f3rios: cultura, comunica\u00e7\u00e3o e desenvolvimento<\/span><\/strong><\/h2><h6>Elisa Lubeck, Flavi Ferreira Lisboa Filho, Luciomar de Carvalho (organizadores)<\/h6>\t\t\t\t\t\t<\/div>\n\t\t\t\t<\/div>\n\t\t\t\t\t<\/div>\n\t\t<\/div>\n\t\t\t\t\t<\/div>\n\t\t<\/section>\n\t\t\t\t<section class=\"elementor-section elementor-top-section elementor-element elementor-element-31e10ed8 elementor-section-boxed elementor-section-height-default elementor-section-height-default\" data-id=\"31e10ed8\" data-element_type=\"section\">\n\t\t\t\t\t\t<div class=\"elementor-container elementor-column-gap-default\">\n\t\t\t\t\t<div class=\"elementor-column elementor-col-100 elementor-top-column elementor-element elementor-element-70d8f937\" data-id=\"70d8f937\" data-element_type=\"column\">\n\t\t\t<div class=\"elementor-widget-wrap elementor-element-populated\">\n\t\t\t\t\t\t<div class=\"elementor-element elementor-element-4834b85c elementor-widget elementor-widget-wp-widget-ufsm_manancial_ficha_apresentacao\" data-id=\"4834b85c\" data-element_type=\"widget\" data-widget_type=\"wp-widget-ufsm_manancial_ficha_apresentacao.default\">\n\t\t\t\t<div class=\"elementor-widget-container\">\n\t\t\t<div class=\"row g-0\">\n    <div class=\"col-12 col-lg-5\">\n        <div class=\"card rounded-0 bg-primary text-white\">\n                            <img decoding=\"async\" src=\"https:\/\/repositorio.ufsm.br\/bitstream\/handle\/1\/35962\/IDENTIDADES_E_TERRITORIOS.png\" class=\"img-fluid img-thumbnail mx-5 mt-5 mb-1\" >\n                        <div class=\"card-body bg-transparent-on-contraste ms-4 ps-4 me-3\">\n                <p class=\"card-title fs-5 lh-sm\">Identidades & territ\u00f3rios: cultura, comunica\u00e7\u00e3o e desenvolvimento<\/p>\n                <div class=\"d-flex flex-wrap\">\n                    <a href=\"https:\/\/repositorio.ufsm.br\/handle\/1\/35962\" class=\"small link-light underline-on-hover me-3\" target=\"_blank\">\n                        <i class=\"fa fa-external-link me-1\" aria-hidden=\"true\"><\/i>\n                        Ver no Manancial\n                    <\/a>\n                                            <a href=\"https:\/\/repositorio.ufsm.br\/bitstream\/handle\/1\/35962\/IDENTIDADES_&_TERRITORIOS.pdf\" class=\"small link-light underline-on-hover\" target=\"_blank\">\n                            <i class=\"fa fa-file-pdf-o me-1\" aria-hidden=\"true\"><\/i>\n                            Ver o PDF\n                        <\/a>\n                                                        <\/div>\n            <\/div>\n        <\/div>\n    <\/div>\n    <div class=\"col-12 col-lg-7 d-flex\">\n        <div class=\"card rounded-0 rounded-end border-0 shadow w-100\">\n            <div class=\"card-body bg-transparent-on-contraste my-2 mx-3\">\n                <ul class=\"nav nav-pills justify-content-center\" id=\"4d6ace7a-f6c6-44bd-bfcb-bde40c25c384\" role=\"tablist\">\n                    <li class=\"nav-item\" role=\"presentation\">\n            <button class=\"nav-link active\" id=\"section-4d6ace7a-f6c6-44bd-bfcb-bde40c25c384-resumo-tab\" data-bs-toggle=\"tab\" data-bs-target=\"#section-4d6ace7a-f6c6-44bd-bfcb-bde40c25c384-resumo\" type=\"button\" role=\"tab\" aria-controls=\"section-4d6ace7a-f6c6-44bd-bfcb-bde40c25c384-resumo\"  aria-selected=\"true\" >Resumo<\/button>\n        <\/li>\n                    <li class=\"nav-item\" role=\"presentation\">\n            <button class=\"nav-link \" id=\"section-4d6ace7a-f6c6-44bd-bfcb-bde40c25c384-organizacao-tab\" data-bs-toggle=\"tab\" data-bs-target=\"#section-4d6ace7a-f6c6-44bd-bfcb-bde40c25c384-organizacao\" type=\"button\" role=\"tab\" aria-controls=\"section-4d6ace7a-f6c6-44bd-bfcb-bde40c25c384-organizacao\" >Organiza\u00e7\u00e3o<\/button>\n        <\/li>\n                    <li class=\"nav-item\" role=\"presentation\">\n            <button class=\"nav-link \" id=\"section-4d6ace7a-f6c6-44bd-bfcb-bde40c25c384-autoria-tab\" data-bs-toggle=\"tab\" data-bs-target=\"#section-4d6ace7a-f6c6-44bd-bfcb-bde40c25c384-autoria\" type=\"button\" role=\"tab\" aria-controls=\"section-4d6ace7a-f6c6-44bd-bfcb-bde40c25c384-autoria\" >Autoria<\/button>\n        <\/li>\n                    <li class=\"nav-item\" role=\"presentation\">\n            <button class=\"nav-link \" id=\"section-4d6ace7a-f6c6-44bd-bfcb-bde40c25c384-outros-dados-tab\" data-bs-toggle=\"tab\" data-bs-target=\"#section-4d6ace7a-f6c6-44bd-bfcb-bde40c25c384-outros-dados\" type=\"button\" role=\"tab\" aria-controls=\"section-4d6ace7a-f6c6-44bd-bfcb-bde40c25c384-outros-dados\" >Dados da Obra<\/button>\n        <\/li>\n                    <li class=\"nav-item\" role=\"presentation\">\n            <button class=\"nav-link \" id=\"section-4d6ace7a-f6c6-44bd-bfcb-bde40c25c384-cnpq-tab\" data-bs-toggle=\"tab\" data-bs-target=\"#section-4d6ace7a-f6c6-44bd-bfcb-bde40c25c384-cnpq\" type=\"button\" role=\"tab\" aria-controls=\"section-4d6ace7a-f6c6-44bd-bfcb-bde40c25c384-cnpq\" >CNPq<\/button>\n        <\/li>\n    <\/ul>\n<div class=\"tab-content\" id=\"4d6ace7a-f6c6-44bd-bfcb-bde40c25c384Content\">\n            <div class=\"tab-pane fade show active pt-3\" id=\"section-4d6ace7a-f6c6-44bd-bfcb-bde40c25c384-resumo\" role=\"tabpanel\" aria-labelledby=\"section-4d6ace7a-f6c6-44bd-bfcb-bde40c25c384-resumo-tab\">\n            A obra nos brinda com 15 cap\u00edtulos de autores que integram o Grupo de Pesquisa Estudos Culturais e Audiovisualidades, al\u00e9m de autores de outros estados e pa\u00edses, que apresentam os produtos de suas pesquisas socialmente referenciadas e conectadas com os interesses da sociedade. O leitor \u00e9 convidado a refletir sobre a import\u00e2ncia do respeito aos territ\u00f3rios com toda sua carga cultural e tamb\u00e9m sobre a possibilidade de inovar ou produzir inova\u00e7\u00f5es, garantindo inclus\u00e3o efetiva, sustentabilidade dos espa\u00e7os e preserva\u00e7\u00e3o das especificidades regionais.        <\/div>\n            <div class=\"tab-pane fade  pt-3\" id=\"section-4d6ace7a-f6c6-44bd-bfcb-bde40c25c384-organizacao\" role=\"tabpanel\" aria-labelledby=\"section-4d6ace7a-f6c6-44bd-bfcb-bde40c25c384-organizacao-tab\">\n            <div class=\"row row-cols-1 row-cols-md-2\">\n            <div class=\"col p-1\">\n            <div class=\"border-bottom border-1 h-100\">\n                Lubeck, Elisa            <\/div>\n        <\/div>\n            <div class=\"col p-1\">\n            <div class=\"border-bottom border-1 h-100\">\n                Lisboa Filho, Flavi Ferreira            <\/div>\n        <\/div>\n            <div class=\"col p-1\">\n            <div class=\"border-bottom border-1 h-100\">\n                Carvalho, Luciomar de            <\/div>\n        <\/div>\n        \n<\/div>\n        <\/div>\n            <div class=\"tab-pane fade  pt-3\" id=\"section-4d6ace7a-f6c6-44bd-bfcb-bde40c25c384-autoria\" role=\"tabpanel\" aria-labelledby=\"section-4d6ace7a-f6c6-44bd-bfcb-bde40c25c384-autoria-tab\">\n            <div class=\"row row-cols-1 row-cols-md-2\">\n            <div class=\"col p-1\">\n            <div class=\"border-bottom border-1 h-100\">\n                Lubeck, Elisa            <\/div>\n        <\/div>\n            <div class=\"col p-1\">\n            <div class=\"border-bottom border-1 h-100\">\n                Lisboa Filho, Flavi Ferreira            <\/div>\n        <\/div>\n            <div class=\"col p-1\">\n            <div class=\"border-bottom border-1 h-100\">\n                Carvalho, Luciomar de            <\/div>\n        <\/div>\n        \n<\/div>\n        <\/div>\n            <div class=\"tab-pane fade  pt-3\" id=\"section-4d6ace7a-f6c6-44bd-bfcb-bde40c25c384-outros-dados\" role=\"tabpanel\" aria-labelledby=\"section-4d6ace7a-f6c6-44bd-bfcb-bde40c25c384-outros-dados-tab\">\n            <dl class=\"row\">\n    <dt class=\"col-12 col-md-3\">Publica\u00e7\u00e3o<\/dt>\n    <dd class=\"col-12 col-md-9\">\n        <dl class=\"row\">\n            <dt class=\"col-12 col-md-4\">Ano<\/dt>\n            <dd class=\"col-12 col-md-8\">2025<\/dd>\n            <dt class=\"col-12 col-md-4\">ISBN<\/dt>\n            <dd class=\"col-12 col-md-8\">978-65-5773-096-6<\/dd>\n        <\/dl>\n    <\/dd>\n            <dt class=\"col-12 col-md-3\">Refer\u00eancia<\/dt>\n        <dd class=\"col-12 col-md-9\">LUBECK, E.; LISBOA FILHO, F. F.; CARVALHO, L. de (Org.). Identidades & territ\u00f3rios: cultura, comunica\u00e7\u00e3o e desenvolvimento. \u2014 Santa Maria, RS: FACOS-UFSM, 2025.<\/dd>\n                <dt class=\"col-12 col-md-3\">Assuntos<\/dt>\n        <dd class=\"col-12 col-md-9\">Comunica\u00e7\u00e3o;<br>Desenvolvimento;<br>Territ\u00f3rio;<br>Cultura;<br>Identidade<\/dd>\n                <dt class=\"col-12 col-md-3\">Licen\u00e7a<\/dt>\n        <dd class=\"col-12 col-md-9\">\n            Acesso Aberto;<br>Attribution-NonCommercial-NoDerivatives 4.0 International;<br><a target='_blank' href='http:\/\/creativecommons.org\/licenses\/by-nc-nd\/4.0\/'>http:\/\/creativecommons.org\/licenses\/by-nc-nd\/4.0\/<\/a>        <\/dd>\n        \n<\/dl>\n        <\/div>\n            <div class=\"tab-pane fade  pt-3\" id=\"section-4d6ace7a-f6c6-44bd-bfcb-bde40c25c384-cnpq\" role=\"tabpanel\" aria-labelledby=\"section-4d6ace7a-f6c6-44bd-bfcb-bde40c25c384-cnpq-tab\">\n            <dl class=\"row\">\n    <dt class=\"col-12 col-md-3\">Grande \u00e1rea<\/dt>\n    <dd class=\"col-12 col-md-9 text-capitalize\">ciencias sociais aplicadas<\/dd>\n    \n            <dt class=\"col-12 col-md-3\">\u00c1rea<\/dt>\n        <dd class=\"col-12 col-md-9 text-capitalize\">comunicacao<\/dd>\n        \n            \n    <\/dl>\n        <\/div>\n    <\/div>\n            <\/div>\n        <\/div>\n    <\/div>\n<\/div>\n\t\t<\/div>\n\t\t\t\t<\/div>\n\t\t\t\t\t<\/div>\n\t\t<\/div>\n\t\t\t\t\t<\/div>\n\t\t<\/section>\n\t\t\t\t<\/div>\n\t\t","protected":false},"excerpt":{"rendered":"<p>Identidades &amp; territ\u00f3rios: cultura, comunica\u00e7\u00e3o e desenvolvimento Elisa Lubeck, Flavi Ferreira Lisboa Filho, Luciomar de Carvalho (organizadores)<\/p>\n","protected":false},"author":68,"featured_media":579,"parent":0,"menu_order":0,"comment_status":"closed","ping_status":"closed","template":"","meta":{"footnotes":""},"categories":[24,141,26],"tags":[48,121,190,189,188],"class_list":["post-584","page","type-page","status-publish","has-post-thumbnail","hentry","category-comunicacao","category-cultura","category-lancamento","tag-comunicacao","tag-cultura","tag-desenvolvimento","tag-patrimonio-cultural","tag-territorio"],"acf":[],"_links":{"self":[{"href":"https:\/\/www.ufsm.br\/editoras\/facos\/wp-json\/wp\/v2\/pages\/584","targetHints":{"allow":["GET"]}}],"collection":[{"href":"https:\/\/www.ufsm.br\/editoras\/facos\/wp-json\/wp\/v2\/pages"}],"about":[{"href":"https:\/\/www.ufsm.br\/editoras\/facos\/wp-json\/wp\/v2\/types\/page"}],"author":[{"embeddable":true,"href":"https:\/\/www.ufsm.br\/editoras\/facos\/wp-json\/wp\/v2\/users\/68"}],"replies":[{"embeddable":true,"href":"https:\/\/www.ufsm.br\/editoras\/facos\/wp-json\/wp\/v2\/comments?post=584"}],"version-history":[{"count":0,"href":"https:\/\/www.ufsm.br\/editoras\/facos\/wp-json\/wp\/v2\/pages\/584\/revisions"}],"wp:featuredmedia":[{"embeddable":true,"href":"https:\/\/www.ufsm.br\/editoras\/facos\/wp-json\/wp\/v2\/media\/579"}],"wp:attachment":[{"href":"https:\/\/www.ufsm.br\/editoras\/facos\/wp-json\/wp\/v2\/media?parent=584"}],"wp:term":[{"taxonomy":"category","embeddable":true,"href":"https:\/\/www.ufsm.br\/editoras\/facos\/wp-json\/wp\/v2\/categories?post=584"},{"taxonomy":"post_tag","embeddable":true,"href":"https:\/\/www.ufsm.br\/editoras\/facos\/wp-json\/wp\/v2\/tags?post=584"}],"curies":[{"name":"wp","href":"https:\/\/api.w.org\/{rel}","templated":true}]}}