{"id":592,"date":"2025-10-06T18:28:50","date_gmt":"2025-10-06T21:28:50","guid":{"rendered":"https:\/\/www.ufsm.br\/editoras\/facos\/?page_id=592"},"modified":"2025-10-06T18:39:08","modified_gmt":"2025-10-06T21:39:08","slug":"pesquisa-e-desenvolvimento-criativo-para-divulgacao-de-indicadores-da-educacao-superior","status":"publish","type":"page","link":"https:\/\/www.ufsm.br\/editoras\/facos\/pesquisa-e-desenvolvimento-criativo-para-divulgacao-de-indicadores-da-educacao-superior","title":{"rendered":"Pesquisa e Desenvolvimento Criativo para divulga\u00e7\u00e3o de Indicadores da Educa\u00e7\u00e3o Superior"},"content":{"rendered":"\t\t<div data-elementor-type=\"wp-page\" data-elementor-id=\"592\" class=\"elementor elementor-592\">\n\t\t\t\t\t\t<section class=\"elementor-section elementor-top-section elementor-element elementor-element-72bce833 elementor-section-boxed elementor-section-height-default elementor-section-height-default\" data-id=\"72bce833\" data-element_type=\"section\">\n\t\t\t\t\t\t<div class=\"elementor-container elementor-column-gap-default\">\n\t\t\t\t\t<div class=\"elementor-column elementor-col-100 elementor-top-column elementor-element elementor-element-786be40f\" data-id=\"786be40f\" data-element_type=\"column\">\n\t\t\t<div class=\"elementor-widget-wrap elementor-element-populated\">\n\t\t\t\t\t\t<div class=\"elementor-element elementor-element-56d8c95f elementor-widget elementor-widget-text-editor\" data-id=\"56d8c95f\" data-element_type=\"widget\" data-widget_type=\"text-editor.default\">\n\t\t\t\t<div class=\"elementor-widget-container\">\n\t\t\t\t\t\t\t<!-- wp:tadv\/classic-paragraph \/-->\t\t\t\t\t\t<\/div>\n\t\t\t\t<\/div>\n\t\t\t\t\t<\/div>\n\t\t<\/div>\n\t\t\t\t\t<\/div>\n\t\t<\/section>\n\t\t\t\t<section class=\"elementor-section elementor-top-section elementor-element elementor-element-69ed50bd elementor-section-boxed elementor-section-height-default elementor-section-height-default\" data-id=\"69ed50bd\" data-element_type=\"section\">\n\t\t\t\t\t\t<div class=\"elementor-container elementor-column-gap-default\">\n\t\t\t\t\t<div class=\"elementor-column elementor-col-100 elementor-top-column elementor-element elementor-element-3a8c9c43\" data-id=\"3a8c9c43\" data-element_type=\"column\">\n\t\t\t<div class=\"elementor-widget-wrap elementor-element-populated\">\n\t\t\t\t\t\t<div class=\"elementor-element elementor-element-30910140 elementor-widget elementor-widget-text-editor\" data-id=\"30910140\" data-element_type=\"widget\" data-widget_type=\"text-editor.default\">\n\t\t\t\t<div class=\"elementor-widget-container\">\n\t\t\t\t\t\t\t<h2 class=\"page-header first-page-header\"><strong>Pesquisa e Desenvolvimento Criativo para divulga\u00e7\u00e3o de Indicadores da Educa\u00e7\u00e3o Superior<\/strong><\/h2>\n<h6 class=\"ds-dc_contributor_author-authority\">Jaqueline Quincozes da Silva Kegler, D\u00e9bora Aita Gasparetto e Elise Fernanda Pozzobon Melchior (organizadoras)<\/h6>\t\t\t\t\t\t<\/div>\n\t\t\t\t<\/div>\n\t\t\t\t\t<\/div>\n\t\t<\/div>\n\t\t\t\t\t<\/div>\n\t\t<\/section>\n\t\t\t\t<section class=\"elementor-section elementor-top-section elementor-element elementor-element-1aa8a250 elementor-section-boxed elementor-section-height-default elementor-section-height-default\" data-id=\"1aa8a250\" data-element_type=\"section\">\n\t\t\t\t\t\t<div class=\"elementor-container elementor-column-gap-default\">\n\t\t\t\t\t<div class=\"elementor-column elementor-col-100 elementor-top-column elementor-element elementor-element-1e43b9d0\" data-id=\"1e43b9d0\" data-element_type=\"column\">\n\t\t\t<div class=\"elementor-widget-wrap elementor-element-populated\">\n\t\t\t\t\t\t<div class=\"elementor-element elementor-element-40100f03 elementor-widget elementor-widget-wp-widget-ufsm_manancial_ficha_apresentacao\" data-id=\"40100f03\" data-element_type=\"widget\" data-widget_type=\"wp-widget-ufsm_manancial_ficha_apresentacao.default\">\n\t\t\t\t<div class=\"elementor-widget-container\">\n\t\t\t<div class=\"row g-0\">\n    <div class=\"col-12 col-lg-5\">\n        <div class=\"card rounded-0 bg-primary text-white\">\n                            <img decoding=\"async\" src=\"https:\/\/repositorio.ufsm.br\/bitstream\/handle\/1\/36578\/IMG-20251006-WA0112.jpg\" class=\"img-fluid img-thumbnail mx-5 mt-5 mb-1\" >\n                        <div class=\"card-body bg-transparent-on-contraste ms-4 ps-4 me-3\">\n                <p class=\"card-title fs-5 lh-sm\">Pesquisa e Desenvolvimento Criativo para divulga\u00e7\u00e3o de Indicadores da Educa\u00e7\u00e3o Superior<\/p>\n                <div class=\"d-flex flex-wrap\">\n                    <a href=\"https:\/\/repositorio.ufsm.br\/handle\/1\/36578\" class=\"small link-light underline-on-hover me-3\" target=\"_blank\">\n                        <i class=\"fa fa-external-link me-1\" aria-hidden=\"true\"><\/i>\n                        Ver no Manancial\n                    <\/a>\n                                            <a href=\"https:\/\/repositorio.ufsm.br\/bitstream\/handle\/1\/36578\/Livro INEP - Online.pdf\" class=\"small link-light underline-on-hover\" target=\"_blank\">\n                            <i class=\"fa fa-file-pdf-o me-1\" aria-hidden=\"true\"><\/i>\n                            Ver o PDF\n                        <\/a>\n                                                        <\/div>\n            <\/div>\n        <\/div>\n    <\/div>\n    <div class=\"col-12 col-lg-7 d-flex\">\n        <div class=\"card rounded-0 rounded-end border-0 shadow w-100\">\n            <div class=\"card-body bg-transparent-on-contraste my-2 mx-3\">\n                <ul class=\"nav nav-pills justify-content-center\" id=\"600bb1ed-4d40-4520-8450-2789191117ac\" role=\"tablist\">\n                    <li class=\"nav-item\" role=\"presentation\">\n            <button class=\"nav-link active\" id=\"section-600bb1ed-4d40-4520-8450-2789191117ac-resumo-tab\" data-bs-toggle=\"tab\" data-bs-target=\"#section-600bb1ed-4d40-4520-8450-2789191117ac-resumo\" type=\"button\" role=\"tab\" aria-controls=\"section-600bb1ed-4d40-4520-8450-2789191117ac-resumo\"  aria-selected=\"true\" >Resumo<\/button>\n        <\/li>\n                    <li class=\"nav-item\" role=\"presentation\">\n            <button class=\"nav-link \" id=\"section-600bb1ed-4d40-4520-8450-2789191117ac-organizacao-tab\" data-bs-toggle=\"tab\" data-bs-target=\"#section-600bb1ed-4d40-4520-8450-2789191117ac-organizacao\" type=\"button\" role=\"tab\" aria-controls=\"section-600bb1ed-4d40-4520-8450-2789191117ac-organizacao\" >Organiza\u00e7\u00e3o<\/button>\n        <\/li>\n                    <li class=\"nav-item\" role=\"presentation\">\n            <button class=\"nav-link \" id=\"section-600bb1ed-4d40-4520-8450-2789191117ac-autoria-tab\" data-bs-toggle=\"tab\" data-bs-target=\"#section-600bb1ed-4d40-4520-8450-2789191117ac-autoria\" type=\"button\" role=\"tab\" aria-controls=\"section-600bb1ed-4d40-4520-8450-2789191117ac-autoria\" >Autoria<\/button>\n        <\/li>\n                    <li class=\"nav-item\" role=\"presentation\">\n            <button class=\"nav-link \" id=\"section-600bb1ed-4d40-4520-8450-2789191117ac-outros-dados-tab\" data-bs-toggle=\"tab\" data-bs-target=\"#section-600bb1ed-4d40-4520-8450-2789191117ac-outros-dados\" type=\"button\" role=\"tab\" aria-controls=\"section-600bb1ed-4d40-4520-8450-2789191117ac-outros-dados\" >Dados da Obra<\/button>\n        <\/li>\n                    <li class=\"nav-item\" role=\"presentation\">\n            <button class=\"nav-link \" id=\"section-600bb1ed-4d40-4520-8450-2789191117ac-cnpq-tab\" data-bs-toggle=\"tab\" data-bs-target=\"#section-600bb1ed-4d40-4520-8450-2789191117ac-cnpq\" type=\"button\" role=\"tab\" aria-controls=\"section-600bb1ed-4d40-4520-8450-2789191117ac-cnpq\" >CNPq<\/button>\n        <\/li>\n    <\/ul>\n<div class=\"tab-content\" id=\"600bb1ed-4d40-4520-8450-2789191117acContent\">\n            <div class=\"tab-pane fade show active pt-3\" id=\"section-600bb1ed-4d40-4520-8450-2789191117ac-resumo\" role=\"tabpanel\" aria-labelledby=\"section-600bb1ed-4d40-4520-8450-2789191117ac-resumo-tab\">\n            O livro Pesquisa e Desenvolvimento Criativo para divulga\u00e7\u00e3o de Indicadores da Educa\u00e7\u00e3o Superior, integra as a\u00e7\u00f5es vinculadas ao projeto de Pesquisa e desenvolvimento realizado pela UFSM em parceria com Instituto Nacional de Estudos e Pesquisas Educacionais An\u00edsio Teixeira (INEP), para o desenvolvimento da Plataforma Cesta de Indicadores da Educa\u00e7\u00e3o Superior. \r\n\r\nO objetivo geral deste projeto, em sua amplitude, \u00e9 o desenvolvimento da Plataforma Cesta de Indicadores da Educa\u00e7\u00e3o Superior. Portanto trata-se de uma investiga\u00e7\u00e3o multidisciplinar com metodologias ativas em busca de solu\u00e7\u00f5es para as demandas especializadas ligadas ao tema pesquisado: indicadores de avalia\u00e7\u00e3o da educa\u00e7\u00e3o superior brasileira.        <\/div>\n            <div class=\"tab-pane fade  pt-3\" id=\"section-600bb1ed-4d40-4520-8450-2789191117ac-organizacao\" role=\"tabpanel\" aria-labelledby=\"section-600bb1ed-4d40-4520-8450-2789191117ac-organizacao-tab\">\n            <div class=\"row row-cols-1 row-cols-md-2\">\n            <div class=\"col p-1\">\n            <div class=\"border-bottom border-1 h-100\">\n                Kegler, Jaqueline Quincozes da Silva            <\/div>\n        <\/div>\n            <div class=\"col p-1\">\n            <div class=\"border-bottom border-1 h-100\">\n                Gasparetto, D\u00e9bora Aita            <\/div>\n        <\/div>\n            <div class=\"col p-1\">\n            <div class=\"border-bottom border-1 h-100\">\n                Melchior, Elise Fernanda Pozzobon            <\/div>\n        <\/div>\n        \n<\/div>\n        <\/div>\n            <div class=\"tab-pane fade  pt-3\" id=\"section-600bb1ed-4d40-4520-8450-2789191117ac-autoria\" role=\"tabpanel\" aria-labelledby=\"section-600bb1ed-4d40-4520-8450-2789191117ac-autoria-tab\">\n            <div class=\"row row-cols-1 row-cols-md-2\">\n            <div class=\"col p-1\">\n            <div class=\"border-bottom border-1 h-100\">\n                Kegler, Jaqueline Quincozes da Silva            <\/div>\n        <\/div>\n            <div class=\"col p-1\">\n            <div class=\"border-bottom border-1 h-100\">\n                Gasparetto, D\u00e9bora Aita            <\/div>\n        <\/div>\n            <div class=\"col p-1\">\n            <div class=\"border-bottom border-1 h-100\">\n                Melchior, Elise Fernanda Pozzobon            <\/div>\n        <\/div>\n        \n<\/div>\n        <\/div>\n            <div class=\"tab-pane fade  pt-3\" id=\"section-600bb1ed-4d40-4520-8450-2789191117ac-outros-dados\" role=\"tabpanel\" aria-labelledby=\"section-600bb1ed-4d40-4520-8450-2789191117ac-outros-dados-tab\">\n            <dl class=\"row\">\n    <dt class=\"col-12 col-md-3\">Publica\u00e7\u00e3o<\/dt>\n    <dd class=\"col-12 col-md-9\">\n        <dl class=\"row\">\n            <dt class=\"col-12 col-md-4\">Ano<\/dt>\n            <dd class=\"col-12 col-md-8\">2025<\/dd>\n            <dt class=\"col-12 col-md-4\">ISBN<\/dt>\n            <dd class=\"col-12 col-md-8\">978-65-5773-101-7<\/dd>\n        <\/dl>\n    <\/dd>\n            <dt class=\"col-12 col-md-3\">Refer\u00eancia<\/dt>\n        <dd class=\"col-12 col-md-9\">KEGLER, J. Q. da S.; GASPARETTO, D. A.; MELCHIOR, E. F. P. (Orgs.). Pesquisa e desenvolvimento criativo para divulga\u00e7\u00e3o de indicadores da educa\u00e7\u00e3o superior. Santa Maria, RS: FACOS-UFSM, 2025.<\/dd>\n                <dt class=\"col-12 col-md-3\">Assuntos<\/dt>\n        <dd class=\"col-12 col-md-9\">Ensino superior \u2013 avalia\u00e7\u00e3o;<br>Ensino superior \u2013 indicadores;<br>Ensino superior \u2013 comunica\u00e7\u00e3o;<br>Ensino superior \u2013 design<\/dd>\n                <dt class=\"col-12 col-md-3\">Licen\u00e7a<\/dt>\n        <dd class=\"col-12 col-md-9\">\n            Acesso Aberto;<br>Attribution-NonCommercial-NoDerivatives 4.0 International;<br><a target='_blank' href='http:\/\/creativecommons.org\/licenses\/by-nc-nd\/4.0\/'>http:\/\/creativecommons.org\/licenses\/by-nc-nd\/4.0\/<\/a>        <\/dd>\n        \n<\/dl>\n        <\/div>\n            <div class=\"tab-pane fade  pt-3\" id=\"section-600bb1ed-4d40-4520-8450-2789191117ac-cnpq\" role=\"tabpanel\" aria-labelledby=\"section-600bb1ed-4d40-4520-8450-2789191117ac-cnpq-tab\">\n            <dl class=\"row\">\n    <dt class=\"col-12 col-md-3\">Grande \u00e1rea<\/dt>\n    <dd class=\"col-12 col-md-9 text-capitalize\">ciencias sociais aplicadas<\/dd>\n    \n            <dt class=\"col-12 col-md-3\">\u00c1rea<\/dt>\n        <dd class=\"col-12 col-md-9 text-capitalize\">comunicacao<\/dd>\n        \n            \n    <\/dl>\n        <\/div>\n    <\/div>\n            <\/div>\n        <\/div>\n    <\/div>\n<\/div>\n\t\t<\/div>\n\t\t\t\t<\/div>\n\t\t\t\t\t<\/div>\n\t\t<\/div>\n\t\t\t\t\t<\/div>\n\t\t<\/section>\n\t\t\t\t<\/div>\n\t\t","protected":false},"excerpt":{"rendered":"<p>Pesquisa e Desenvolvimento Criativo para divulga\u00e7\u00e3o de Indicadores da Educa\u00e7\u00e3o Superior Jaqueline Quincozes da Silva Kegler, D\u00e9bora Aita Gasparetto e Elise Fernanda Pozzobon Melchior (organizadoras)<\/p>\n","protected":false},"author":68,"featured_media":593,"parent":0,"menu_order":0,"comment_status":"closed","ping_status":"closed","template":"","meta":{"footnotes":""},"categories":[24,142,138,26],"tags":[48,96,197,71],"class_list":["post-592","page","type-page","status-publish","has-post-thumbnail","hentry","category-comunicacao","category-design","category-educacao","category-lancamento","tag-comunicacao","tag-educacao-superior","tag-indicadores","tag-midia"],"acf":[],"_links":{"self":[{"href":"https:\/\/www.ufsm.br\/editoras\/facos\/wp-json\/wp\/v2\/pages\/592","targetHints":{"allow":["GET"]}}],"collection":[{"href":"https:\/\/www.ufsm.br\/editoras\/facos\/wp-json\/wp\/v2\/pages"}],"about":[{"href":"https:\/\/www.ufsm.br\/editoras\/facos\/wp-json\/wp\/v2\/types\/page"}],"author":[{"embeddable":true,"href":"https:\/\/www.ufsm.br\/editoras\/facos\/wp-json\/wp\/v2\/users\/68"}],"replies":[{"embeddable":true,"href":"https:\/\/www.ufsm.br\/editoras\/facos\/wp-json\/wp\/v2\/comments?post=592"}],"version-history":[{"count":0,"href":"https:\/\/www.ufsm.br\/editoras\/facos\/wp-json\/wp\/v2\/pages\/592\/revisions"}],"wp:featuredmedia":[{"embeddable":true,"href":"https:\/\/www.ufsm.br\/editoras\/facos\/wp-json\/wp\/v2\/media\/593"}],"wp:attachment":[{"href":"https:\/\/www.ufsm.br\/editoras\/facos\/wp-json\/wp\/v2\/media?parent=592"}],"wp:term":[{"taxonomy":"category","embeddable":true,"href":"https:\/\/www.ufsm.br\/editoras\/facos\/wp-json\/wp\/v2\/categories?post=592"},{"taxonomy":"post_tag","embeddable":true,"href":"https:\/\/www.ufsm.br\/editoras\/facos\/wp-json\/wp\/v2\/tags?post=592"}],"curies":[{"name":"wp","href":"https:\/\/api.w.org\/{rel}","templated":true}]}}