{"id":596,"date":"2025-11-03T09:56:40","date_gmt":"2025-11-03T12:56:40","guid":{"rendered":"https:\/\/www.ufsm.br\/editoras\/facos\/?page_id=596"},"modified":"2025-11-03T09:58:04","modified_gmt":"2025-11-03T12:58:04","slug":"anais-vii-senafe-e-iii-seinfe","status":"publish","type":"page","link":"https:\/\/www.ufsm.br\/editoras\/facos\/anais-vii-senafe-e-iii-seinfe","title":{"rendered":"Anais VII SENAFE e III SEINFE\u00a0"},"content":{"rendered":"\t\t<div data-elementor-type=\"wp-page\" data-elementor-id=\"596\" class=\"elementor elementor-596\">\n\t\t\t\t\t\t<section class=\"elementor-section elementor-top-section elementor-element elementor-element-3897c21e elementor-section-boxed elementor-section-height-default elementor-section-height-default\" data-id=\"3897c21e\" data-element_type=\"section\">\n\t\t\t\t\t\t<div class=\"elementor-container elementor-column-gap-default\">\n\t\t\t\t\t<div class=\"elementor-column elementor-col-100 elementor-top-column elementor-element elementor-element-384cbc9c\" data-id=\"384cbc9c\" data-element_type=\"column\">\n\t\t\t<div class=\"elementor-widget-wrap elementor-element-populated\">\n\t\t\t\t\t\t<div class=\"elementor-element elementor-element-20ec3a70 elementor-widget elementor-widget-text-editor\" data-id=\"20ec3a70\" data-element_type=\"widget\" data-widget_type=\"text-editor.default\">\n\t\t\t\t<div class=\"elementor-widget-container\">\n\t\t\t\t\t\t\t<h1><b>Anais VII SENAFE, III SEINFE<\/b><\/h1><h6 class=\"ds-dc_contributor_author-authority\">Elisete Medianeira Tomazetti, Dulce M\u00f6rschb\u00e4cher, Vit\u00f3ria Albert Sauzem (organizadores)<\/h6>\t\t\t\t\t\t<\/div>\n\t\t\t\t<\/div>\n\t\t\t\t\t<\/div>\n\t\t<\/div>\n\t\t\t\t\t<\/div>\n\t\t<\/section>\n\t\t\t\t<section class=\"elementor-section elementor-top-section elementor-element elementor-element-458c500e elementor-section-boxed elementor-section-height-default elementor-section-height-default\" data-id=\"458c500e\" data-element_type=\"section\">\n\t\t\t\t\t\t<div class=\"elementor-container elementor-column-gap-default\">\n\t\t\t\t\t<div class=\"elementor-column elementor-col-100 elementor-top-column elementor-element elementor-element-5f267ea9\" data-id=\"5f267ea9\" data-element_type=\"column\">\n\t\t\t<div class=\"elementor-widget-wrap elementor-element-populated\">\n\t\t\t\t\t\t<div class=\"elementor-element elementor-element-ce02854 elementor-widget elementor-widget-wp-widget-ufsm_manancial_ficha_apresentacao\" data-id=\"ce02854\" data-element_type=\"widget\" data-widget_type=\"wp-widget-ufsm_manancial_ficha_apresentacao.default\">\n\t\t\t\t<div class=\"elementor-widget-container\">\n\t\t\t<div class=\"row g-0\">\n    <div class=\"col-12 col-lg-5\">\n        <div class=\"card rounded-0 bg-primary text-white\">\n                            <img decoding=\"async\" src=\"https:\/\/repositorio.ufsm.br\/bitstream\/handle\/1\/36700\/Anais Senafe 2024.png\" class=\"img-fluid img-thumbnail mx-5 mt-5 mb-1\" >\n                        <div class=\"card-body bg-transparent-on-contraste ms-4 ps-4 me-3\">\n                <p class=\"card-title fs-5 lh-sm\">Anais: VII SENAFE - Semin\u00e1rio Nacional de Filosofia e Educa\u00e7\u00e3o, III SEINFE - Semin\u00e1rio Internacional de Filosofia e Educa\u00e7\u00e3o<\/p>\n                <div class=\"d-flex flex-wrap\">\n                    <a href=\"https:\/\/repositorio.ufsm.br\/handle\/1\/36700\" class=\"small link-light underline-on-hover me-3\" target=\"_blank\">\n                        <i class=\"fa fa-external-link me-1\" aria-hidden=\"true\"><\/i>\n                        Ver no Manancial\n                    <\/a>\n                                            <a href=\"https:\/\/repositorio.ufsm.br\/bitstream\/handle\/1\/36700\/AnaisSenafe2024-final-fichacatalografica.pdf\" class=\"small link-light underline-on-hover\" target=\"_blank\">\n                            <i class=\"fa fa-file-pdf-o me-1\" aria-hidden=\"true\"><\/i>\n                            Ver o PDF\n                        <\/a>\n                                                        <\/div>\n            <\/div>\n        <\/div>\n    <\/div>\n    <div class=\"col-12 col-lg-7 d-flex\">\n        <div class=\"card rounded-0 rounded-end border-0 shadow w-100\">\n            <div class=\"card-body bg-transparent-on-contraste my-2 mx-3\">\n                <ul class=\"nav nav-pills justify-content-center\" id=\"03df817d-004f-432e-892d-641cd9d96bc2\" role=\"tablist\">\n                    <li class=\"nav-item\" role=\"presentation\">\n            <button class=\"nav-link active\" id=\"section-03df817d-004f-432e-892d-641cd9d96bc2-resumo-tab\" data-bs-toggle=\"tab\" data-bs-target=\"#section-03df817d-004f-432e-892d-641cd9d96bc2-resumo\" type=\"button\" role=\"tab\" aria-controls=\"section-03df817d-004f-432e-892d-641cd9d96bc2-resumo\"  aria-selected=\"true\" >Resumo<\/button>\n        <\/li>\n                    <li class=\"nav-item\" role=\"presentation\">\n            <button class=\"nav-link \" id=\"section-03df817d-004f-432e-892d-641cd9d96bc2-organizacao-tab\" data-bs-toggle=\"tab\" data-bs-target=\"#section-03df817d-004f-432e-892d-641cd9d96bc2-organizacao\" type=\"button\" role=\"tab\" aria-controls=\"section-03df817d-004f-432e-892d-641cd9d96bc2-organizacao\" >Organiza\u00e7\u00e3o<\/button>\n        <\/li>\n                    <li class=\"nav-item\" role=\"presentation\">\n            <button class=\"nav-link \" id=\"section-03df817d-004f-432e-892d-641cd9d96bc2-autoria-tab\" data-bs-toggle=\"tab\" data-bs-target=\"#section-03df817d-004f-432e-892d-641cd9d96bc2-autoria\" type=\"button\" role=\"tab\" aria-controls=\"section-03df817d-004f-432e-892d-641cd9d96bc2-autoria\" >Autoria<\/button>\n        <\/li>\n                    <li class=\"nav-item\" role=\"presentation\">\n            <button class=\"nav-link \" id=\"section-03df817d-004f-432e-892d-641cd9d96bc2-outros-dados-tab\" data-bs-toggle=\"tab\" data-bs-target=\"#section-03df817d-004f-432e-892d-641cd9d96bc2-outros-dados\" type=\"button\" role=\"tab\" aria-controls=\"section-03df817d-004f-432e-892d-641cd9d96bc2-outros-dados\" >Dados da Obra<\/button>\n        <\/li>\n                    <li class=\"nav-item\" role=\"presentation\">\n            <button class=\"nav-link \" id=\"section-03df817d-004f-432e-892d-641cd9d96bc2-cnpq-tab\" data-bs-toggle=\"tab\" data-bs-target=\"#section-03df817d-004f-432e-892d-641cd9d96bc2-cnpq\" type=\"button\" role=\"tab\" aria-controls=\"section-03df817d-004f-432e-892d-641cd9d96bc2-cnpq\" >CNPq<\/button>\n        <\/li>\n    <\/ul>\n<div class=\"tab-content\" id=\"03df817d-004f-432e-892d-641cd9d96bc2Content\">\n            <div class=\"tab-pane fade show active pt-3\" id=\"section-03df817d-004f-432e-892d-641cd9d96bc2-resumo\" role=\"tabpanel\" aria-labelledby=\"section-03df817d-004f-432e-892d-641cd9d96bc2-resumo-tab\">\n            \u00c9 com grande satisfa\u00e7\u00e3o que apresentamos esta colet\u00e2nea, fruto das ricas discuss\u00f5es e reflex\u00f5es que marcaram a edi\u00e7\u00e3o de 2024 do VII SENAFE \u2013 Semin\u00e1rio Nacional de Filosofia e Educa\u00e7\u00e3o e III SEINFE \u2013 Semin\u00e1rio Internacional de Filosofia e Educa\u00e7\u00e3o. Celebrando seus 20 anos de exist\u00eancia, o SENAFE reafirma sua trajet\u00f3ria como um espa\u00e7o vital de encontro e di\u00e1logo entre a Filosofia e a Educa\u00e7\u00e3o no Brasil e em outros pa\u00edses.        <\/div>\n            <div class=\"tab-pane fade  pt-3\" id=\"section-03df817d-004f-432e-892d-641cd9d96bc2-organizacao\" role=\"tabpanel\" aria-labelledby=\"section-03df817d-004f-432e-892d-641cd9d96bc2-organizacao-tab\">\n            <div class=\"row row-cols-1 row-cols-md-2\">\n            <div class=\"col p-1\">\n            <div class=\"border-bottom border-1 h-100\">\n                Tomazetti, Elisete Medianeira            <\/div>\n        <\/div>\n            <div class=\"col p-1\">\n            <div class=\"border-bottom border-1 h-100\">\n                M\u00f6rschb\u00e4cher, Dulce            <\/div>\n        <\/div>\n            <div class=\"col p-1\">\n            <div class=\"border-bottom border-1 h-100\">\n                Sauzem, Vit\u00f3ria Albert            <\/div>\n        <\/div>\n        \n<\/div>\n        <\/div>\n            <div class=\"tab-pane fade  pt-3\" id=\"section-03df817d-004f-432e-892d-641cd9d96bc2-autoria\" role=\"tabpanel\" aria-labelledby=\"section-03df817d-004f-432e-892d-641cd9d96bc2-autoria-tab\">\n            <div class=\"row row-cols-1 row-cols-md-2\">\n            <div class=\"col p-1\">\n            <div class=\"border-bottom border-1 h-100\">\n                Tomazetti, Elisete Medianeira            <\/div>\n        <\/div>\n            <div class=\"col p-1\">\n            <div class=\"border-bottom border-1 h-100\">\n                M\u00f6rschb\u00e4cher, Dulce            <\/div>\n        <\/div>\n            <div class=\"col p-1\">\n            <div class=\"border-bottom border-1 h-100\">\n                Sauzem, Vit\u00f3ria Albert            <\/div>\n        <\/div>\n        \n<\/div>\n        <\/div>\n            <div class=\"tab-pane fade  pt-3\" id=\"section-03df817d-004f-432e-892d-641cd9d96bc2-outros-dados\" role=\"tabpanel\" aria-labelledby=\"section-03df817d-004f-432e-892d-641cd9d96bc2-outros-dados-tab\">\n            <dl class=\"row\">\n    <dt class=\"col-12 col-md-3\">Publica\u00e7\u00e3o<\/dt>\n    <dd class=\"col-12 col-md-9\">\n        <dl class=\"row\">\n            <dt class=\"col-12 col-md-4\">Ano<\/dt>\n            <dd class=\"col-12 col-md-8\">2025<\/dd>\n            <dt class=\"col-12 col-md-4\">ISBN<\/dt>\n            <dd class=\"col-12 col-md-8\">978-65-5773-099-7<\/dd>\n        <\/dl>\n    <\/dd>\n            <dt class=\"col-12 col-md-3\">Refer\u00eancia<\/dt>\n        <dd class=\"col-12 col-md-9\">TOMAZETTI, E. M.; M\u00d6RSCHB\u00c4CHER, D.; SAUZEM, V. A. (Orgs.). Anais: VII SENAFE - Semin\u00e1rio Nacional de Filosofia e Educa\u00e7\u00e3o, III SEINFE - Semin\u00e1rio Internacional de Filosofia e Educa\u00e7\u00e3o. Santa Maria, RS: FACOS-UFSM, 2025.<\/dd>\n                <dt class=\"col-12 col-md-3\">Assuntos<\/dt>\n        <dd class=\"col-12 col-md-9\">Educa\u00e7\u00e3o \u2013 Filosofia \u2013 Eventos;<br>Sustentabilidade \u2013 Eventos;<br>Viol\u00eancia escolar \u2013 Eventos;<br>Cidadania \u2013 Eventos<\/dd>\n                <dt class=\"col-12 col-md-3\">Licen\u00e7a<\/dt>\n        <dd class=\"col-12 col-md-9\">\n            Acesso Aberto;<br>Attribution-NonCommercial-NoDerivatives 4.0 International;<br><a target='_blank' href='http:\/\/creativecommons.org\/licenses\/by-nc-nd\/4.0\/'>http:\/\/creativecommons.org\/licenses\/by-nc-nd\/4.0\/<\/a>        <\/dd>\n        \n<\/dl>\n        <\/div>\n            <div class=\"tab-pane fade  pt-3\" id=\"section-03df817d-004f-432e-892d-641cd9d96bc2-cnpq\" role=\"tabpanel\" aria-labelledby=\"section-03df817d-004f-432e-892d-641cd9d96bc2-cnpq-tab\">\n            <dl class=\"row\">\n    <dt class=\"col-12 col-md-3\">Grande \u00e1rea<\/dt>\n    <dd class=\"col-12 col-md-9 text-capitalize\">ciencias humanas<\/dd>\n    \n            <dt class=\"col-12 col-md-3\">\u00c1rea<\/dt>\n        <dd class=\"col-12 col-md-9 text-capitalize\">educacao<\/dd>\n        \n            \n    <\/dl>\n        <\/div>\n    <\/div>\n            <\/div>\n        <\/div>\n    <\/div>\n<\/div>\n\t\t<\/div>\n\t\t\t\t<\/div>\n\t\t\t\t\t<\/div>\n\t\t<\/div>\n\t\t\t\t\t<\/div>\n\t\t<\/section>\n\t\t\t\t<\/div>\n\t\t","protected":false},"excerpt":{"rendered":"<p>Anais VII SENAFE, III SEINFE Elisete Medianeira Tomazetti, Dulce M\u00f6rschb\u00e4cher, Vit\u00f3ria Albert Sauzem (organizadores)<\/p>\n","protected":false},"author":68,"featured_media":599,"parent":0,"menu_order":0,"comment_status":"closed","ping_status":"closed","template":"","meta":{"footnotes":""},"categories":[138,139,140],"tags":[204,44,198,200,199],"class_list":["post-596","page","type-page","status-publish","has-post-thumbnail","hentry","category-educacao","category-filosofia","category-historia","tag-anais","tag-educacao","tag-evento","tag-seinfe","tag-senafe"],"acf":[],"_links":{"self":[{"href":"https:\/\/www.ufsm.br\/editoras\/facos\/wp-json\/wp\/v2\/pages\/596","targetHints":{"allow":["GET"]}}],"collection":[{"href":"https:\/\/www.ufsm.br\/editoras\/facos\/wp-json\/wp\/v2\/pages"}],"about":[{"href":"https:\/\/www.ufsm.br\/editoras\/facos\/wp-json\/wp\/v2\/types\/page"}],"author":[{"embeddable":true,"href":"https:\/\/www.ufsm.br\/editoras\/facos\/wp-json\/wp\/v2\/users\/68"}],"replies":[{"embeddable":true,"href":"https:\/\/www.ufsm.br\/editoras\/facos\/wp-json\/wp\/v2\/comments?post=596"}],"version-history":[{"count":0,"href":"https:\/\/www.ufsm.br\/editoras\/facos\/wp-json\/wp\/v2\/pages\/596\/revisions"}],"wp:featuredmedia":[{"embeddable":true,"href":"https:\/\/www.ufsm.br\/editoras\/facos\/wp-json\/wp\/v2\/media\/599"}],"wp:attachment":[{"href":"https:\/\/www.ufsm.br\/editoras\/facos\/wp-json\/wp\/v2\/media?parent=596"}],"wp:term":[{"taxonomy":"category","embeddable":true,"href":"https:\/\/www.ufsm.br\/editoras\/facos\/wp-json\/wp\/v2\/categories?post=596"},{"taxonomy":"post_tag","embeddable":true,"href":"https:\/\/www.ufsm.br\/editoras\/facos\/wp-json\/wp\/v2\/tags?post=596"}],"curies":[{"name":"wp","href":"https:\/\/api.w.org\/{rel}","templated":true}]}}