{"id":603,"date":"2026-01-14T19:41:56","date_gmt":"2026-01-14T22:41:56","guid":{"rendered":"https:\/\/www.ufsm.br\/editoras\/facos\/?page_id=603"},"modified":"2026-01-14T19:41:57","modified_gmt":"2026-01-14T22:41:57","slug":"concurso-literario-as-lembrancas-que-eu-tenho-da-ufsm-fw-edicoes-2023-e-2024","status":"publish","type":"page","link":"https:\/\/www.ufsm.br\/editoras\/facos\/concurso-literario-as-lembrancas-que-eu-tenho-da-ufsm-fw-edicoes-2023-e-2024","title":{"rendered":"Concurso liter\u00e1rio \u201cAs lembran\u00e7as que eu tenho da UFSM\/FW\u201d: Edi\u00e7\u00f5es 2023 e 2024"},"content":{"rendered":"\t\t<div data-elementor-type=\"wp-page\" data-elementor-id=\"603\" class=\"elementor elementor-603\">\n\t\t\t\t\t\t<section class=\"elementor-section elementor-top-section elementor-element elementor-element-7a09806d elementor-section-boxed elementor-section-height-default elementor-section-height-default\" data-id=\"7a09806d\" data-element_type=\"section\">\n\t\t\t\t\t\t<div class=\"elementor-container elementor-column-gap-default\">\n\t\t\t\t\t<div class=\"elementor-column elementor-col-100 elementor-top-column elementor-element elementor-element-1dd011b6\" data-id=\"1dd011b6\" data-element_type=\"column\">\n\t\t\t<div class=\"elementor-widget-wrap elementor-element-populated\">\n\t\t\t\t\t\t<div class=\"elementor-element elementor-element-1eddbf0 elementor-widget elementor-widget-text-editor\" data-id=\"1eddbf0\" data-element_type=\"widget\" data-widget_type=\"text-editor.default\">\n\t\t\t\t<div class=\"elementor-widget-container\">\n\t\t\t\t\t\t\t<h1>Concurso liter\u00e1rio \u201cAs lembran\u00e7as que eu tenho da UFSM\/FW\u201d : edi\u00e7\u00f5es 2023 e 2024<\/h1><h6>Adriana Camponogara Aires da Silva e Sandra Val\u00e9ria Binotto (organizadoras)<\/h6>\t\t\t\t\t\t<\/div>\n\t\t\t\t<\/div>\n\t\t\t\t\t<\/div>\n\t\t<\/div>\n\t\t\t\t\t<\/div>\n\t\t<\/section>\n\t\t\t\t<section class=\"elementor-section elementor-top-section elementor-element elementor-element-2cbfcbee elementor-section-boxed elementor-section-height-default elementor-section-height-default\" data-id=\"2cbfcbee\" data-element_type=\"section\">\n\t\t\t\t\t\t<div class=\"elementor-container elementor-column-gap-default\">\n\t\t\t\t\t<div class=\"elementor-column elementor-col-100 elementor-top-column elementor-element elementor-element-4dd6ab11\" data-id=\"4dd6ab11\" data-element_type=\"column\">\n\t\t\t<div class=\"elementor-widget-wrap elementor-element-populated\">\n\t\t\t\t\t\t<div class=\"elementor-element elementor-element-c2953c5 elementor-widget elementor-widget-wp-widget-ufsm_manancial_ficha_apresentacao\" data-id=\"c2953c5\" data-element_type=\"widget\" data-widget_type=\"wp-widget-ufsm_manancial_ficha_apresentacao.default\">\n\t\t\t\t<div class=\"elementor-widget-container\">\n\t\t\t<div class=\"row g-0\">\n    <div class=\"col-12 col-lg-5\">\n        <div class=\"card rounded-0 bg-primary text-white\">\n                            <img decoding=\"async\" src=\"https:\/\/repositorio.ufsm.br\/bitstream\/handle\/1\/37302\/Concurso_liter\u00e1rio.png\" class=\"img-fluid img-thumbnail mx-5 mt-5 mb-1\" >\n                        <div class=\"card-body bg-transparent-on-contraste ms-4 ps-4 me-3\">\n                <p class=\"card-title fs-5 lh-sm\">Concurso liter\u00e1rio \u201cAs lembran\u00e7as que eu tenho da UFSM\/FW\u201d: edi\u00e7\u00f5es 2023 e 2024<\/p>\n                <div class=\"d-flex flex-wrap\">\n                    <a href=\"https:\/\/repositorio.ufsm.br\/handle\/1\/37302\" class=\"small link-light underline-on-hover me-3\" target=\"_blank\">\n                        <i class=\"fa fa-external-link me-1\" aria-hidden=\"true\"><\/i>\n                        Ver no Manancial\n                    <\/a>\n                                            <a href=\"https:\/\/repositorio.ufsm.br\/bitstream\/handle\/1\/37302\/ebook_concurso_liter\u00e1rio_Red.pdf\" class=\"small link-light underline-on-hover\" target=\"_blank\">\n                            <i class=\"fa fa-file-pdf-o me-1\" aria-hidden=\"true\"><\/i>\n                            Ver o PDF\n                        <\/a>\n                                                        <\/div>\n            <\/div>\n        <\/div>\n    <\/div>\n    <div class=\"col-12 col-lg-7 d-flex\">\n        <div class=\"card rounded-0 rounded-end border-0 shadow w-100\">\n            <div class=\"card-body bg-transparent-on-contraste my-2 mx-3\">\n                <ul class=\"nav nav-pills justify-content-center\" id=\"a58d9423-0da0-4983-82b9-0b9355e7ba20\" role=\"tablist\">\n                    <li class=\"nav-item\" role=\"presentation\">\n            <button class=\"nav-link active\" id=\"section-a58d9423-0da0-4983-82b9-0b9355e7ba20-resumo-tab\" data-bs-toggle=\"tab\" data-bs-target=\"#section-a58d9423-0da0-4983-82b9-0b9355e7ba20-resumo\" type=\"button\" role=\"tab\" aria-controls=\"section-a58d9423-0da0-4983-82b9-0b9355e7ba20-resumo\"  aria-selected=\"true\" >Resumo<\/button>\n        <\/li>\n                    <li class=\"nav-item\" role=\"presentation\">\n            <button class=\"nav-link \" id=\"section-a58d9423-0da0-4983-82b9-0b9355e7ba20-organizacao-tab\" data-bs-toggle=\"tab\" data-bs-target=\"#section-a58d9423-0da0-4983-82b9-0b9355e7ba20-organizacao\" type=\"button\" role=\"tab\" aria-controls=\"section-a58d9423-0da0-4983-82b9-0b9355e7ba20-organizacao\" >Organiza\u00e7\u00e3o<\/button>\n        <\/li>\n                    <li class=\"nav-item\" role=\"presentation\">\n            <button class=\"nav-link \" id=\"section-a58d9423-0da0-4983-82b9-0b9355e7ba20-autoria-tab\" data-bs-toggle=\"tab\" data-bs-target=\"#section-a58d9423-0da0-4983-82b9-0b9355e7ba20-autoria\" type=\"button\" role=\"tab\" aria-controls=\"section-a58d9423-0da0-4983-82b9-0b9355e7ba20-autoria\" >Autoria<\/button>\n        <\/li>\n                    <li class=\"nav-item\" role=\"presentation\">\n            <button class=\"nav-link \" id=\"section-a58d9423-0da0-4983-82b9-0b9355e7ba20-outros-dados-tab\" data-bs-toggle=\"tab\" data-bs-target=\"#section-a58d9423-0da0-4983-82b9-0b9355e7ba20-outros-dados\" type=\"button\" role=\"tab\" aria-controls=\"section-a58d9423-0da0-4983-82b9-0b9355e7ba20-outros-dados\" >Dados da Obra<\/button>\n        <\/li>\n                    <li class=\"nav-item\" role=\"presentation\">\n            <button class=\"nav-link \" id=\"section-a58d9423-0da0-4983-82b9-0b9355e7ba20-cnpq-tab\" data-bs-toggle=\"tab\" data-bs-target=\"#section-a58d9423-0da0-4983-82b9-0b9355e7ba20-cnpq\" type=\"button\" role=\"tab\" aria-controls=\"section-a58d9423-0da0-4983-82b9-0b9355e7ba20-cnpq\" >CNPq<\/button>\n        <\/li>\n    <\/ul>\n<div class=\"tab-content\" id=\"a58d9423-0da0-4983-82b9-0b9355e7ba20Content\">\n            <div class=\"tab-pane fade show active pt-3\" id=\"section-a58d9423-0da0-4983-82b9-0b9355e7ba20-resumo\" role=\"tabpanel\" aria-labelledby=\"section-a58d9423-0da0-4983-82b9-0b9355e7ba20-resumo-tab\">\n            O Concurso Liter\u00e1rio da UFSM\/FW - Edi\u00e7\u00f5es 2023 e 2024 - foi promovido pela Comiss\u00e3o Setorial de Cultura e Arte (CSCA) e teve o apoio da Dire\u00e7\u00e3o do Campus da Universidade Federal de Santa Maria em Frederico Westphalen (UFSM\/FW). Abrangeu as categorias cr\u00f4nica e poema e contemplou o tema \u201cAs lembran\u00e7as que eu tenho da UFSM\/FW\u201d, baseando-se na premissa de que as pessoas que fazem\/fizeram parte dessa Institui\u00e7\u00e3o adquirem\/adquiriram muito mais do que conhecimento para sua atua\u00e7\u00e3o profissional, mas tamb\u00e9m viv\u00eancias, humanidade e consci\u00eancia de sua postura como cidad\u00e3s.        <\/div>\n            <div class=\"tab-pane fade  pt-3\" id=\"section-a58d9423-0da0-4983-82b9-0b9355e7ba20-organizacao\" role=\"tabpanel\" aria-labelledby=\"section-a58d9423-0da0-4983-82b9-0b9355e7ba20-organizacao-tab\">\n            <div class=\"row row-cols-1 row-cols-md-2\">\n            <div class=\"col p-1\">\n            <div class=\"border-bottom border-1 h-100\">\n                Silva, Adriana Camponogara Aires da            <\/div>\n        <\/div>\n            <div class=\"col p-1\">\n            <div class=\"border-bottom border-1 h-100\">\n                Binotto, Sandra Val\u00e9ria            <\/div>\n        <\/div>\n        \n<\/div>\n        <\/div>\n            <div class=\"tab-pane fade  pt-3\" id=\"section-a58d9423-0da0-4983-82b9-0b9355e7ba20-autoria\" role=\"tabpanel\" aria-labelledby=\"section-a58d9423-0da0-4983-82b9-0b9355e7ba20-autoria-tab\">\n            <div class=\"row row-cols-1 row-cols-md-2\">\n            <div class=\"col p-1\">\n            <div class=\"border-bottom border-1 h-100\">\n                Silva, Adriana Camponogara Aires da            <\/div>\n        <\/div>\n            <div class=\"col p-1\">\n            <div class=\"border-bottom border-1 h-100\">\n                Binotto, Sandra Val\u00e9ria            <\/div>\n        <\/div>\n        \n<\/div>\n        <\/div>\n            <div class=\"tab-pane fade  pt-3\" id=\"section-a58d9423-0da0-4983-82b9-0b9355e7ba20-outros-dados\" role=\"tabpanel\" aria-labelledby=\"section-a58d9423-0da0-4983-82b9-0b9355e7ba20-outros-dados-tab\">\n            <dl class=\"row\">\n    <dt class=\"col-12 col-md-3\">Publica\u00e7\u00e3o<\/dt>\n    <dd class=\"col-12 col-md-9\">\n        <dl class=\"row\">\n            <dt class=\"col-12 col-md-4\">Ano<\/dt>\n            <dd class=\"col-12 col-md-8\">2025<\/dd>\n            <dt class=\"col-12 col-md-4\">ISBN<\/dt>\n            <dd class=\"col-12 col-md-8\">978-65-5773-113-0<\/dd>\n        <\/dl>\n    <\/dd>\n            <dt class=\"col-12 col-md-3\">Refer\u00eancia<\/dt>\n        <dd class=\"col-12 col-md-9\">SILVA, Adriana Camponogara Aires da; BINOTTO, Sandra Val\u00e9ria (orgs.). Concurso Liter\u00e1rio da UFSM\/FW: as lembran\u00e7as que eu tenho da UFSM\/FW: edi\u00e7\u00f5es 2023 e 2024. UFSM, FW. Frederico Westphalen : FACOS-UFSM, 2025.<\/dd>\n                <dt class=\"col-12 col-md-3\">Assuntos<\/dt>\n        <dd class=\"col-12 col-md-9\">Literatura brasileira;<br>Cr\u00f4nicas;<br>Poesia;<br>Eventos;<br>Concurso liter\u00e1rio<\/dd>\n                <dt class=\"col-12 col-md-3\">Licen\u00e7a<\/dt>\n        <dd class=\"col-12 col-md-9\">\n            Acesso Aberto;<br>Attribution-NonCommercial-NoDerivatives 4.0 International;<br><a target='_blank' href='http:\/\/creativecommons.org\/licenses\/by-nc-nd\/4.0\/'>http:\/\/creativecommons.org\/licenses\/by-nc-nd\/4.0\/<\/a>        <\/dd>\n        \n<\/dl>\n        <\/div>\n            <div class=\"tab-pane fade  pt-3\" id=\"section-a58d9423-0da0-4983-82b9-0b9355e7ba20-cnpq\" role=\"tabpanel\" aria-labelledby=\"section-a58d9423-0da0-4983-82b9-0b9355e7ba20-cnpq-tab\">\n            <dl class=\"row\">\n    <dt class=\"col-12 col-md-3\">Grande \u00e1rea<\/dt>\n    <dd class=\"col-12 col-md-9 text-capitalize\">linguistica, letras e artes<\/dd>\n    \n            <dt class=\"col-12 col-md-3\">\u00c1rea<\/dt>\n        <dd class=\"col-12 col-md-9 text-capitalize\">letras<\/dd>\n        \n                    <dt class=\"col-12 col-md-3\">Sub\u00e1rea<\/dt>\n            <dd class=\"col-12 col-md-9 text-capitalize\">literatura brasileira<\/dd>\n            \n                    \n            \n    <\/dl>\n        <\/div>\n    <\/div>\n            <\/div>\n        <\/div>\n    <\/div>\n<\/div>\n\t\t<\/div>\n\t\t\t\t<\/div>\n\t\t\t\t\t<\/div>\n\t\t<\/div>\n\t\t\t\t\t<\/div>\n\t\t<\/section>\n\t\t\t\t<\/div>\n\t\t","protected":false},"excerpt":{"rendered":"<p>Concurso liter\u00e1rio \u201cAs lembran\u00e7as que eu tenho da UFSM\/FW\u201d : edi\u00e7\u00f5es 2023 e 2024 Adriana Camponogara Aires da Silva e Sandra Val\u00e9ria Binotto (organizadoras)<\/p>\n","protected":false},"author":68,"featured_media":604,"parent":0,"menu_order":0,"comment_status":"closed","ping_status":"closed","template":"","meta":{"footnotes":""},"categories":[141],"tags":[194,209,210,205],"class_list":["post-603","page","type-page","status-publish","has-post-thumbnail","hentry","category-cultura","tag-comemorativo","tag-concurso","tag-literatura","tag-memoria"],"acf":[],"_links":{"self":[{"href":"https:\/\/www.ufsm.br\/editoras\/facos\/wp-json\/wp\/v2\/pages\/603","targetHints":{"allow":["GET"]}}],"collection":[{"href":"https:\/\/www.ufsm.br\/editoras\/facos\/wp-json\/wp\/v2\/pages"}],"about":[{"href":"https:\/\/www.ufsm.br\/editoras\/facos\/wp-json\/wp\/v2\/types\/page"}],"author":[{"embeddable":true,"href":"https:\/\/www.ufsm.br\/editoras\/facos\/wp-json\/wp\/v2\/users\/68"}],"replies":[{"embeddable":true,"href":"https:\/\/www.ufsm.br\/editoras\/facos\/wp-json\/wp\/v2\/comments?post=603"}],"version-history":[{"count":0,"href":"https:\/\/www.ufsm.br\/editoras\/facos\/wp-json\/wp\/v2\/pages\/603\/revisions"}],"wp:featuredmedia":[{"embeddable":true,"href":"https:\/\/www.ufsm.br\/editoras\/facos\/wp-json\/wp\/v2\/media\/604"}],"wp:attachment":[{"href":"https:\/\/www.ufsm.br\/editoras\/facos\/wp-json\/wp\/v2\/media?parent=603"}],"wp:term":[{"taxonomy":"category","embeddable":true,"href":"https:\/\/www.ufsm.br\/editoras\/facos\/wp-json\/wp\/v2\/categories?post=603"},{"taxonomy":"post_tag","embeddable":true,"href":"https:\/\/www.ufsm.br\/editoras\/facos\/wp-json\/wp\/v2\/tags?post=603"}],"curies":[{"name":"wp","href":"https:\/\/api.w.org\/{rel}","templated":true}]}}