{"id":605,"date":"2026-01-14T19:41:41","date_gmt":"2026-01-14T22:41:41","guid":{"rendered":"https:\/\/www.ufsm.br\/editoras\/facos\/?page_id=605"},"modified":"2026-01-14T19:41:43","modified_gmt":"2026-01-14T22:41:43","slug":"engenharia-sanitaria-e-ambiental-volume-5","status":"publish","type":"page","link":"https:\/\/www.ufsm.br\/editoras\/facos\/engenharia-sanitaria-e-ambiental-volume-5","title":{"rendered":"Engenharia sanit\u00e1ria e ambiental: volume 5"},"content":{"rendered":"\t\t<div data-elementor-type=\"wp-page\" data-elementor-id=\"605\" class=\"elementor elementor-605\">\n\t\t\t\t\t\t<section class=\"elementor-section elementor-top-section elementor-element elementor-element-4d0ef2dd elementor-section-boxed elementor-section-height-default elementor-section-height-default\" data-id=\"4d0ef2dd\" data-element_type=\"section\">\n\t\t\t\t\t\t<div class=\"elementor-container elementor-column-gap-default\">\n\t\t\t\t\t<div class=\"elementor-column elementor-col-100 elementor-top-column elementor-element elementor-element-6a4df942\" data-id=\"6a4df942\" data-element_type=\"column\">\n\t\t\t<div class=\"elementor-widget-wrap elementor-element-populated\">\n\t\t\t\t\t\t<div class=\"elementor-element elementor-element-6403a3b0 elementor-widget elementor-widget-text-editor\" data-id=\"6403a3b0\" data-element_type=\"widget\" data-widget_type=\"text-editor.default\">\n\t\t\t\t<div class=\"elementor-widget-container\">\n\t\t\t\t\t\t\t<h1>Engenharia sanit\u00e1ria e ambiental: volume 5<\/h1><h6>Alexandre Couto Rodrigues, Aline Ferr\u00e3o Cust\u00f3dio Passini, Jaqueline Ineu Golombieski, Juliana Scapin, Lorimar Francisco Munaretto (organizadores)<\/h6>\t\t\t\t\t\t<\/div>\n\t\t\t\t<\/div>\n\t\t\t\t\t<\/div>\n\t\t<\/div>\n\t\t\t\t\t<\/div>\n\t\t<\/section>\n\t\t\t\t<section class=\"elementor-section elementor-top-section elementor-element elementor-element-2e77092c elementor-section-boxed elementor-section-height-default elementor-section-height-default\" data-id=\"2e77092c\" data-element_type=\"section\">\n\t\t\t\t\t\t<div class=\"elementor-container elementor-column-gap-default\">\n\t\t\t\t\t<div class=\"elementor-column elementor-col-100 elementor-top-column elementor-element elementor-element-72b5a11c\" data-id=\"72b5a11c\" data-element_type=\"column\">\n\t\t\t<div class=\"elementor-widget-wrap elementor-element-populated\">\n\t\t\t\t\t\t<div class=\"elementor-element elementor-element-6a99bad6 elementor-widget elementor-widget-wp-widget-ufsm_manancial_ficha_apresentacao\" data-id=\"6a99bad6\" data-element_type=\"widget\" data-widget_type=\"wp-widget-ufsm_manancial_ficha_apresentacao.default\">\n\t\t\t\t<div class=\"elementor-widget-container\">\n\t\t\t<div class=\"row g-0\">\n    <div class=\"col-12 col-lg-5\">\n        <div class=\"card rounded-0 bg-primary text-white\">\n                            <img decoding=\"async\" src=\"https:\/\/repositorio.ufsm.br\/bitstream\/handle\/1\/37304\/Engenharia sanitaria ambiental - volume 5.png\" class=\"img-fluid img-thumbnail mx-5 mt-5 mb-1\" >\n                        <div class=\"card-body bg-transparent-on-contraste ms-4 ps-4 me-3\">\n                <p class=\"card-title fs-5 lh-sm\">Engenharia sanit\u00e1ria e ambiental: volume 5<\/p>\n                <div class=\"d-flex flex-wrap\">\n                    <a href=\"https:\/\/repositorio.ufsm.br\/handle\/1\/37304\" class=\"small link-light underline-on-hover me-3\" target=\"_blank\">\n                        <i class=\"fa fa-external-link me-1\" aria-hidden=\"true\"><\/i>\n                        Ver no Manancial\n                    <\/a>\n                                            <a href=\"https:\/\/repositorio.ufsm.br\/bitstream\/handle\/1\/37304\/Engenharia sanitaria ambiental vol 5.pdf\" class=\"small link-light underline-on-hover\" target=\"_blank\">\n                            <i class=\"fa fa-file-pdf-o me-1\" aria-hidden=\"true\"><\/i>\n                            Ver o PDF\n                        <\/a>\n                                                        <\/div>\n            <\/div>\n        <\/div>\n    <\/div>\n    <div class=\"col-12 col-lg-7 d-flex\">\n        <div class=\"card rounded-0 rounded-end border-0 shadow w-100\">\n            <div class=\"card-body bg-transparent-on-contraste my-2 mx-3\">\n                <ul class=\"nav nav-pills justify-content-center\" id=\"57e58685-f9ec-4644-a6d5-2a05cdb7851b\" role=\"tablist\">\n                    <li class=\"nav-item\" role=\"presentation\">\n            <button class=\"nav-link active\" id=\"section-57e58685-f9ec-4644-a6d5-2a05cdb7851b-resumo-tab\" data-bs-toggle=\"tab\" data-bs-target=\"#section-57e58685-f9ec-4644-a6d5-2a05cdb7851b-resumo\" type=\"button\" role=\"tab\" aria-controls=\"section-57e58685-f9ec-4644-a6d5-2a05cdb7851b-resumo\"  aria-selected=\"true\" >Resumo<\/button>\n        <\/li>\n                    <li class=\"nav-item\" role=\"presentation\">\n            <button class=\"nav-link \" id=\"section-57e58685-f9ec-4644-a6d5-2a05cdb7851b-organizacao-tab\" data-bs-toggle=\"tab\" data-bs-target=\"#section-57e58685-f9ec-4644-a6d5-2a05cdb7851b-organizacao\" type=\"button\" role=\"tab\" aria-controls=\"section-57e58685-f9ec-4644-a6d5-2a05cdb7851b-organizacao\" >Organiza\u00e7\u00e3o<\/button>\n        <\/li>\n                    <li class=\"nav-item\" role=\"presentation\">\n            <button class=\"nav-link \" id=\"section-57e58685-f9ec-4644-a6d5-2a05cdb7851b-autoria-tab\" data-bs-toggle=\"tab\" data-bs-target=\"#section-57e58685-f9ec-4644-a6d5-2a05cdb7851b-autoria\" type=\"button\" role=\"tab\" aria-controls=\"section-57e58685-f9ec-4644-a6d5-2a05cdb7851b-autoria\" >Autoria<\/button>\n        <\/li>\n                    <li class=\"nav-item\" role=\"presentation\">\n            <button class=\"nav-link \" id=\"section-57e58685-f9ec-4644-a6d5-2a05cdb7851b-outros-dados-tab\" data-bs-toggle=\"tab\" data-bs-target=\"#section-57e58685-f9ec-4644-a6d5-2a05cdb7851b-outros-dados\" type=\"button\" role=\"tab\" aria-controls=\"section-57e58685-f9ec-4644-a6d5-2a05cdb7851b-outros-dados\" >Dados da Obra<\/button>\n        <\/li>\n                    <li class=\"nav-item\" role=\"presentation\">\n            <button class=\"nav-link \" id=\"section-57e58685-f9ec-4644-a6d5-2a05cdb7851b-cnpq-tab\" data-bs-toggle=\"tab\" data-bs-target=\"#section-57e58685-f9ec-4644-a6d5-2a05cdb7851b-cnpq\" type=\"button\" role=\"tab\" aria-controls=\"section-57e58685-f9ec-4644-a6d5-2a05cdb7851b-cnpq\" >CNPq<\/button>\n        <\/li>\n    <\/ul>\n<div class=\"tab-content\" id=\"57e58685-f9ec-4644-a6d5-2a05cdb7851bContent\">\n            <div class=\"tab-pane fade show active pt-3\" id=\"section-57e58685-f9ec-4644-a6d5-2a05cdb7851b-resumo\" role=\"tabpanel\" aria-labelledby=\"section-57e58685-f9ec-4644-a6d5-2a05cdb7851b-resumo-tab\">\n            Os trabalhos aqui compartilhados abordam diferentes temas interdisciplinares na \u00e1rea das Engenharias e Tecnologias Ambientais e Sanit\u00e1rias, de interesse acad\u00eamico e profissional. Neste volume, reunimos oito cap\u00edtulos que exploram quest\u00f5es cruciais e inovadoras, visando aplicar a ci\u00eancia nas solu\u00e7\u00f5es sustent\u00e1veis para as necessidades atuais da sociedade.        <\/div>\n            <div class=\"tab-pane fade  pt-3\" id=\"section-57e58685-f9ec-4644-a6d5-2a05cdb7851b-organizacao\" role=\"tabpanel\" aria-labelledby=\"section-57e58685-f9ec-4644-a6d5-2a05cdb7851b-organizacao-tab\">\n            <div class=\"row row-cols-1 row-cols-md-2\">\n            <div class=\"col p-1\">\n            <div class=\"border-bottom border-1 h-100\">\n                Rodrigues, Alexandre Couto            <\/div>\n        <\/div>\n            <div class=\"col p-1\">\n            <div class=\"border-bottom border-1 h-100\">\n                Passini, Aline Ferr\u00e3o Cust\u00f3dio            <\/div>\n        <\/div>\n            <div class=\"col p-1\">\n            <div class=\"border-bottom border-1 h-100\">\n                Golombieski, Jaqueline Ineu            <\/div>\n        <\/div>\n            <div class=\"col p-1\">\n            <div class=\"border-bottom border-1 h-100\">\n                Scapin, Juliana            <\/div>\n        <\/div>\n            <div class=\"col p-1\">\n            <div class=\"border-bottom border-1 h-100\">\n                Munaretto, Lorimar Francisco            <\/div>\n        <\/div>\n        \n<\/div>\n        <\/div>\n            <div class=\"tab-pane fade  pt-3\" id=\"section-57e58685-f9ec-4644-a6d5-2a05cdb7851b-autoria\" role=\"tabpanel\" aria-labelledby=\"section-57e58685-f9ec-4644-a6d5-2a05cdb7851b-autoria-tab\">\n            <div class=\"row row-cols-1 row-cols-md-2\">\n            <div class=\"col p-1\">\n            <div class=\"border-bottom border-1 h-100\">\n                Rodrigues, Alexandre Couto            <\/div>\n        <\/div>\n            <div class=\"col p-1\">\n            <div class=\"border-bottom border-1 h-100\">\n                Passini, Aline Ferr\u00e3o Cust\u00f3dio            <\/div>\n        <\/div>\n            <div class=\"col p-1\">\n            <div class=\"border-bottom border-1 h-100\">\n                Golombieski, Jaqueline Ineu            <\/div>\n        <\/div>\n            <div class=\"col p-1\">\n            <div class=\"border-bottom border-1 h-100\">\n                Scapin, Juliana            <\/div>\n        <\/div>\n            <div class=\"col p-1\">\n            <div class=\"border-bottom border-1 h-100\">\n                Munaretto, Lorimar Francisco            <\/div>\n        <\/div>\n        \n<\/div>\n        <\/div>\n            <div class=\"tab-pane fade  pt-3\" id=\"section-57e58685-f9ec-4644-a6d5-2a05cdb7851b-outros-dados\" role=\"tabpanel\" aria-labelledby=\"section-57e58685-f9ec-4644-a6d5-2a05cdb7851b-outros-dados-tab\">\n            <dl class=\"row\">\n    <dt class=\"col-12 col-md-3\">Publica\u00e7\u00e3o<\/dt>\n    <dd class=\"col-12 col-md-9\">\n        <dl class=\"row\">\n            <dt class=\"col-12 col-md-4\">Ano<\/dt>\n            <dd class=\"col-12 col-md-8\">2025<\/dd>\n            <dt class=\"col-12 col-md-4\">ISBN<\/dt>\n            <dd class=\"col-12 col-md-8\">978-65-5773-112-3<\/dd>\n        <\/dl>\n    <\/dd>\n            <dt class=\"col-12 col-md-3\">Refer\u00eancia<\/dt>\n        <dd class=\"col-12 col-md-9\">RODRIGUES, Alexandre Couto et al (orgs.) Engenharia sanit\u00e1ria e ambiental: volume 5. Santa Maria, RS : FACOS-UFSM, 2025.<\/dd>\n                <dt class=\"col-12 col-md-3\">Assuntos<\/dt>\n        <dd class=\"col-12 col-md-9\">Engenharia sanit\u00e1ria;<br>Engenharia ambiental;<br>Engenharia sanit\u00e1ria e ambiental;<br>Tecnologia;<br>Universidade Federal de Santa Maria. Campus de Frederico Westphalen<\/dd>\n                <dt class=\"col-12 col-md-3\">Licen\u00e7a<\/dt>\n        <dd class=\"col-12 col-md-9\">\n            Acesso Aberto;<br>Attribution-NonCommercial-NoDerivatives 4.0 International;<br><a target='_blank' href='http:\/\/creativecommons.org\/licenses\/by-nc-nd\/4.0\/'>http:\/\/creativecommons.org\/licenses\/by-nc-nd\/4.0\/<\/a>        <\/dd>\n        \n<\/dl>\n        <\/div>\n            <div class=\"tab-pane fade  pt-3\" id=\"section-57e58685-f9ec-4644-a6d5-2a05cdb7851b-cnpq\" role=\"tabpanel\" aria-labelledby=\"section-57e58685-f9ec-4644-a6d5-2a05cdb7851b-cnpq-tab\">\n            <dl class=\"row\">\n    <dt class=\"col-12 col-md-3\">Grande \u00e1rea<\/dt>\n    <dd class=\"col-12 col-md-9 text-capitalize\">engenharias<\/dd>\n    \n            <dt class=\"col-12 col-md-3\">\u00c1rea<\/dt>\n        <dd class=\"col-12 col-md-9 text-capitalize\">engenharia sanitaria<\/dd>\n        \n                    <dt class=\"col-12 col-md-3\">Sub\u00e1rea<\/dt>\n            <dd class=\"col-12 col-md-9 text-capitalize\">saneamento ambiental<\/dd>\n            \n                    \n            \n    <\/dl>\n        <\/div>\n    <\/div>\n            <\/div>\n        <\/div>\n    <\/div>\n<\/div>\n\t\t<\/div>\n\t\t\t\t<\/div>\n\t\t\t\t\t<\/div>\n\t\t<\/div>\n\t\t\t\t\t<\/div>\n\t\t<\/section>\n\t\t\t\t<\/div>\n\t\t","protected":false},"excerpt":{"rendered":"<p>Engenharia sanit\u00e1ria e ambiental: volume 5 Alexandre Couto Rodrigues, Aline Ferr\u00e3o Cust\u00f3dio Passini, Jaqueline Ineu Golombieski, Juliana Scapin, Lorimar Francisco Munaretto (organizadores)<\/p>\n","protected":false},"author":68,"featured_media":606,"parent":0,"menu_order":0,"comment_status":"closed","ping_status":"closed","template":"","meta":{"footnotes":""},"categories":[144,151],"tags":[170,171],"class_list":["post-605","page","type-page","status-publish","has-post-thumbnail","hentry","category-engenharia","category-ambiente","tag-engenharia-sanitaria","tag-engenharia-sanitaria-e-ambiental"],"acf":[],"_links":{"self":[{"href":"https:\/\/www.ufsm.br\/editoras\/facos\/wp-json\/wp\/v2\/pages\/605","targetHints":{"allow":["GET"]}}],"collection":[{"href":"https:\/\/www.ufsm.br\/editoras\/facos\/wp-json\/wp\/v2\/pages"}],"about":[{"href":"https:\/\/www.ufsm.br\/editoras\/facos\/wp-json\/wp\/v2\/types\/page"}],"author":[{"embeddable":true,"href":"https:\/\/www.ufsm.br\/editoras\/facos\/wp-json\/wp\/v2\/users\/68"}],"replies":[{"embeddable":true,"href":"https:\/\/www.ufsm.br\/editoras\/facos\/wp-json\/wp\/v2\/comments?post=605"}],"version-history":[{"count":0,"href":"https:\/\/www.ufsm.br\/editoras\/facos\/wp-json\/wp\/v2\/pages\/605\/revisions"}],"wp:featuredmedia":[{"embeddable":true,"href":"https:\/\/www.ufsm.br\/editoras\/facos\/wp-json\/wp\/v2\/media\/606"}],"wp:attachment":[{"href":"https:\/\/www.ufsm.br\/editoras\/facos\/wp-json\/wp\/v2\/media?parent=605"}],"wp:term":[{"taxonomy":"category","embeddable":true,"href":"https:\/\/www.ufsm.br\/editoras\/facos\/wp-json\/wp\/v2\/categories?post=605"},{"taxonomy":"post_tag","embeddable":true,"href":"https:\/\/www.ufsm.br\/editoras\/facos\/wp-json\/wp\/v2\/tags?post=605"}],"curies":[{"name":"wp","href":"https:\/\/api.w.org\/{rel}","templated":true}]}}