{"id":79,"date":"2020-01-23T15:32:23","date_gmt":"2020-01-23T18:32:23","guid":{"rendered":"https:\/\/www.ufsm.br\/editoras\/facos\/?page_id=79"},"modified":"2022-11-24T09:30:10","modified_gmt":"2022-11-24T12:30:10","slug":"catalogo","status":"publish","type":"page","link":"https:\/\/www.ufsm.br\/editoras\/facos\/catalogo","title":{"rendered":"Cat\u00e1logo"},"content":{"rendered":"\t\t<div data-elementor-type=\"wp-page\" data-elementor-id=\"79\" class=\"elementor elementor-79\">\n\t\t\t\t\t\t<section class=\"elementor-section elementor-top-section elementor-element elementor-element-bc5f09f elementor-section-boxed elementor-section-height-default elementor-section-height-default\" data-id=\"bc5f09f\" data-element_type=\"section\">\n\t\t\t\t\t\t<div class=\"elementor-container elementor-column-gap-default\">\n\t\t\t\t\t<div class=\"elementor-column elementor-col-100 elementor-top-column elementor-element elementor-element-250ae6c\" data-id=\"250ae6c\" data-element_type=\"column\">\n\t\t\t<div class=\"elementor-widget-wrap elementor-element-populated\">\n\t\t\t\t\t\t<div class=\"elementor-element elementor-element-607ea3f elementor-widget elementor-widget-text-editor\" data-id=\"607ea3f\" data-element_type=\"widget\" data-widget_type=\"text-editor.default\">\n\t\t\t\t<div class=\"elementor-widget-container\">\n\t\t\t\t\t\t\t<p>Os livros publicados pela editora FACOS-UFSM abrangem, em maioria, a \u00e1rea de Ci\u00eancias da Comunica\u00e7\u00e3o e Informa\u00e7\u00e3o, com espa\u00e7o para o di\u00e1logo com campos como arquivologia, artes, m\u00eddia, educa\u00e7\u00e3o e aprendizagem.\u00a0\u00a0Al\u00e9m de publica\u00e7\u00f5es cient\u00edficas, possui em seu cat\u00e1logo obras resultantes de projetos de ensino e extens\u00e3o.\u00a0<\/p>\t\t\t\t\t\t<\/div>\n\t\t\t\t<\/div>\n\t\t\t\t\t<\/div>\n\t\t<\/div>\n\t\t\t\t\t<\/div>\n\t\t<\/section>\n\t\t\t\t<section class=\"elementor-section elementor-top-section elementor-element elementor-element-70833f6 elementor-section-boxed elementor-section-height-default elementor-section-height-default\" data-id=\"70833f6\" data-element_type=\"section\">\n\t\t\t\t\t\t<div class=\"elementor-container elementor-column-gap-default\">\n\t\t\t\t\t<div class=\"elementor-column elementor-col-100 elementor-top-column elementor-element elementor-element-03e6c53\" data-id=\"03e6c53\" data-element_type=\"column\">\n\t\t\t<div class=\"elementor-widget-wrap elementor-element-populated\">\n\t\t\t\t\t\t<div class=\"elementor-element elementor-element-5a0b640 elementor-widget elementor-widget-heading\" data-id=\"5a0b640\" data-element_type=\"widget\" data-widget_type=\"heading.default\">\n\t\t\t\t<div class=\"elementor-widget-container\">\n\t\t\t<h2 class=\"elementor-heading-title elementor-size-default\">Cat\u00e1logo 2003 - 2013<\/h2>\t\t<\/div>\n\t\t\t\t<\/div>\n\t\t\t\t\t<\/div>\n\t\t<\/div>\n\t\t\t\t\t<\/div>\n\t\t<\/section>\n\t\t\t\t<section class=\"elementor-section elementor-top-section elementor-element elementor-element-d87d864 elementor-section-boxed elementor-section-height-default elementor-section-height-default\" data-id=\"d87d864\" data-element_type=\"section\">\n\t\t\t\t\t\t<div class=\"elementor-container elementor-column-gap-default\">\n\t\t\t\t\t<div class=\"elementor-column elementor-col-100 elementor-top-column elementor-element elementor-element-f044bb2\" data-id=\"f044bb2\" data-element_type=\"column\">\n\t\t\t<div class=\"elementor-widget-wrap elementor-element-populated\">\n\t\t\t\t\t\t<div class=\"elementor-element elementor-element-a321b57 elementor-widget elementor-widget-text-editor\" data-id=\"a321b57\" data-element_type=\"widget\" data-widget_type=\"text-editor.default\">\n\t\t\t\t<div class=\"elementor-widget-container\">\n\t\t\t\t\t\t\t<p>Para conhecer o cat\u00e1logo referente ao per\u00edodo de 2003 a 2013,\u00a0<a style=\"font-size: 1rem;background-color: #ffffff\" href=\"https:\/\/www.ufsm.br\/app\/uploads\/sites\/746\/2019\/09\/catalogo_editora_facos.pdf\" target=\"_blank\" rel=\"noopener\"><em>acesse aqui o arquivo em PDF<\/em>.<\/a><\/p>\t\t\t\t\t\t<\/div>\n\t\t\t\t<\/div>\n\t\t\t\t\t<\/div>\n\t\t<\/div>\n\t\t\t\t\t<\/div>\n\t\t<\/section>\n\t\t\t\t<section class=\"elementor-section elementor-top-section elementor-element elementor-element-4f4641f elementor-section-boxed elementor-section-height-default elementor-section-height-default\" data-id=\"4f4641f\" data-element_type=\"section\">\n\t\t\t\t\t\t<div class=\"elementor-container elementor-column-gap-default\">\n\t\t\t\t\t<div class=\"elementor-column elementor-col-100 elementor-top-column elementor-element elementor-element-171553b\" data-id=\"171553b\" data-element_type=\"column\">\n\t\t\t<div class=\"elementor-widget-wrap elementor-element-populated\">\n\t\t\t\t\t\t<div class=\"elementor-element elementor-element-871b059 elementor-widget elementor-widget-heading\" data-id=\"871b059\" data-element_type=\"widget\" data-widget_type=\"heading.default\">\n\t\t\t\t<div class=\"elementor-widget-container\">\n\t\t\t<h2 class=\"elementor-heading-title elementor-size-default\">Cat\u00e1logo 2016 - 2020 (em atualiza\u00e7\u00e3o)<\/h2>\t\t<\/div>\n\t\t\t\t<\/div>\n\t\t\t\t<div class=\"elementor-element elementor-element-e836ee8 elementor-widget elementor-widget-spacer\" data-id=\"e836ee8\" data-element_type=\"widget\" data-widget_type=\"spacer.default\">\n\t\t\t\t<div class=\"elementor-widget-container\">\n\t\t\t\t\t<div class=\"elementor-spacer\">\n\t\t\t<div class=\"elementor-spacer-inner\"><\/div>\n\t\t<\/div>\n\t\t\t\t<\/div>\n\t\t\t\t<\/div>\n\t\t\t\t<div class=\"elementor-element elementor-element-dbad5d0 elementor-tabs-view-vertical elementor-widget elementor-widget-tabs\" data-id=\"dbad5d0\" data-element_type=\"widget\" data-widget_type=\"tabs.default\">\n\t\t\t\t<div class=\"elementor-widget-container\">\n\t\t\t\t\t<div class=\"elementor-tabs\">\n\t\t\t<div class=\"elementor-tabs-wrapper\" role=\"tablist\" >\n\t\t\t\t\t\t\t\t\t<div id=\"elementor-tab-title-2301\" class=\"elementor-tab-title elementor-tab-desktop-title\" aria-selected=\"true\" data-tab=\"1\" role=\"tab\" tabindex=\"0\" aria-controls=\"elementor-tab-content-2301\" aria-expanded=\"false\">Arquivologia<\/div>\n\t\t\t\t\t\t\t\t\t<div id=\"elementor-tab-title-2302\" class=\"elementor-tab-title elementor-tab-desktop-title\" aria-selected=\"false\" data-tab=\"2\" role=\"tab\" tabindex=\"-1\" aria-controls=\"elementor-tab-content-2302\" aria-expanded=\"false\">Comunica\u00e7\u00e3o e m\u00eddia<\/div>\n\t\t\t\t\t\t\t\t\t<div id=\"elementor-tab-title-2303\" class=\"elementor-tab-title elementor-tab-desktop-title\" aria-selected=\"false\" data-tab=\"3\" role=\"tab\" tabindex=\"-1\" aria-controls=\"elementor-tab-content-2303\" aria-expanded=\"false\">Di\u00e1logos com comunica\u00e7\u00e3o<\/div>\n\t\t\t\t\t\t\t\t\t<div id=\"elementor-tab-title-2304\" class=\"elementor-tab-title elementor-tab-desktop-title\" aria-selected=\"false\" data-tab=\"4\" role=\"tab\" tabindex=\"-1\" aria-controls=\"elementor-tab-content-2304\" aria-expanded=\"false\">Educa\u00e7\u00e3o, aprendizagem<\/div>\n\t\t\t\t\t\t\t\t\t<div id=\"elementor-tab-title-2305\" class=\"elementor-tab-title elementor-tab-desktop-title\" aria-selected=\"false\" data-tab=\"5\" role=\"tab\" tabindex=\"-1\" aria-controls=\"elementor-tab-content-2305\" aria-expanded=\"false\">Projetos especiais e diversidades<\/div>\n\t\t\t\t\t\t\t<\/div>\n\t\t\t<div class=\"elementor-tabs-content-wrapper\" role=\"tablist\" aria-orientation=\"vertical\">\n\t\t\t\t\t\t\t\t\t<div class=\"elementor-tab-title elementor-tab-mobile-title\" aria-selected=\"true\" data-tab=\"1\" role=\"tab\" tabindex=\"0\" aria-controls=\"elementor-tab-content-2301\" aria-expanded=\"false\">Arquivologia<\/div>\n\t\t\t\t\t<div id=\"elementor-tab-content-2301\" class=\"elementor-tab-content elementor-clearfix\" data-tab=\"1\" role=\"tabpanel\" aria-labelledby=\"elementor-tab-title-2301\" tabindex=\"0\" hidden=\"false\"><h1><strong><span style=\"color: #000080\">2019<\/span><\/strong><\/h1><p><strong>Caderno de Arquivologia 5<\/strong>. 1\u00aa edi\u00e7\u00e3o 2019. Impresso. (ISBN: 978-85-8384-082-4)<\/p><h1><strong><span style=\"color: #000080\">2018<\/span><\/strong><\/h1><p><span style=\"font-weight: bolder;color: #1c1c1c;font-size: 16px\">Caderno de Arquivologia 4<\/span><span style=\"color: #1c1c1c;font-size: 16px\">. 1\u00aa edi\u00e7\u00e3o 2018. Impresso. (ISBN: 978-85-8384-059-6)<\/span><\/p><p><strong>Caderno de Arquivologia 3<\/strong>. 1\u00aa edi\u00e7\u00e3o 2018. Impresso. (ISBN: 978-85-8384-058-9)<\/p><h1><strong><span style=\"color: #000080\">2017<\/span><\/strong><\/h1><p><strong>Mem\u00f3ria dos 40 anos da Arquivologia da UFSM<\/strong>. 1\u00aa edi\u00e7\u00e3o. 2017. Impresso. (ISBN: 978-85-8384-056-5)<\/p><\/div>\n\t\t\t\t\t\t\t\t\t<div class=\"elementor-tab-title elementor-tab-mobile-title\" aria-selected=\"false\" data-tab=\"2\" role=\"tab\" tabindex=\"-1\" aria-controls=\"elementor-tab-content-2302\" aria-expanded=\"false\">Comunica\u00e7\u00e3o e m\u00eddia<\/div>\n\t\t\t\t\t<div id=\"elementor-tab-content-2302\" class=\"elementor-tab-content elementor-clearfix\" data-tab=\"2\" role=\"tabpanel\" aria-labelledby=\"elementor-tab-title-2302\" tabindex=\"0\" hidden=\"hidden\"><h1><span style=\"color: #000080\"><strong>2020<\/strong><\/span><\/h1><p><strong>Minimanual para a cobertura jornal\u00edstica das mudan\u00e7as clim\u00e1ticas<\/strong>. 1\u00aa edi\u00e7\u00e3o. 2020. <a href=\"https:\/\/www.ufsm.br\/editoras\/facos\/minimanual-para-a-cobertura-jornalistica-das-mudancas-climaticas\/\">E-book<\/a>. (ISBN: 978-85-8384-103-6)<\/p><p><strong>Jornalismo liter\u00e1rio<\/strong>: itiner\u00e1rios poss\u00edveis. Homenagem a Paulo Roberto Araujo. 1\u00aa edi\u00e7\u00e3o. 2020. <a href=\"https:\/\/www.ufsm.br\/editoras\/facos\/jornalismo-literario-itinerarios-possiveis\/\">E-book<\/a>. (ISBN: 978-65-5773-015-7)<\/p><h1><span style=\"color: #000080\"><strong>2019<\/strong><\/span><\/h1><p><strong>Apre(e)nder publidade<\/strong>: revendo conceitos e pr\u00e1ticas: volume 2. 1\u00aa edi\u00e7\u00e3o. 2019. Impresso. (ISBN: 978-85-8384-080-0)<\/p><p><strong>Between what we say and what we think<\/strong>: where is mediatization?. 1\u00aa edi\u00e7\u00e3o. 2019. <a href=\"https:\/\/www.ufsm.br\/editoras\/facos\/between-what-we-say-and-what-we-think\/\">E-book<\/a>. (ISBN: 978-85-8384-075-6)<\/p><p><strong>Livro de rep\u00f3rter<\/strong>: autoralidade e cr\u00edtica das pr\u00e1ticas. 1\u00aa edi\u00e7\u00e3o. 2019. <a href=\"https:\/\/www.ufsm.br\/editoras\/facos\/livro-de-reporter\/\">E-book<\/a>. (ISBN: 978-85-8384-084-8)<\/p><p><strong>M\u00e9todos e t\u00e9cnicas para pesquisas em comunica\u00e7\u00e3o e pol\u00edtica<\/strong>. 1\u00aa edi\u00e7\u00e3o. 2019. <a href=\"https:\/\/www.ufsm.br\/editoras\/facos\/metodos-e-tecnicas-para-pesquisas-em-comunicacao-e-politica\/\">E-book<\/a>. (ISBN: 978-85-8384-092-3)<\/p><p><strong>N\u00f3s da propaganda<\/strong>. Impresso e E-book. (ISBN: 978-85-8384-085-5 \/ 978-85-8384-086-2)<\/p><p><strong>Publicidade e g\u00eanero<\/strong>: representa\u00e7\u00f5es e pr\u00e1ticas em quest\u00e3o. 1\u00aa edi\u00e7\u00e3o. 2019. Impresso. (ISBN: 978-85-8384-074-9)<\/p><p><strong>Tend\u00eancias em comunica\u00e7\u00e3o organizacional<\/strong>: temas emergentes no contexto das organiza\u00e7\u00f5es. 1\u00aa edi\u00e7\u00e3o. 2019. Impresso. (ISBN: 978-85-8384-091-6)<\/p><h1><span style=\"color: #000080\"><strong>2018<\/strong><\/span><\/h1><p><strong>Cultura e identidade<\/strong>: subjetividades e minorias sociais. 1\u00aa edi\u00e7\u00e3o. 2018. E-book. (ISBN: 978-85-8384-053-4)<\/p><p><strong>Estrato de verbetes<\/strong>: dicion\u00e1rio de comunica\u00e7\u00e3o organizacional. 1\u00aa edi\u00e7\u00e3o. 2018. Impresso. (ISBN: 978-85-8384-072-5)<\/p><p><strong>Entre o que se diz e o que se pensa<\/strong>: onde est\u00e1 a midiatiza\u00e7\u00e3o?. 1\u00aa edi\u00e7\u00e3o. 2018. <a href=\"https:\/\/www.ufsm.br\/editoras\/facos\/entre-o-que-se-diz-e-o-que-se-pensa\/\">E-book<\/a>. (ISBN: 978-85-8384-057-2)<\/p><p><strong>Midiatiza\u00e7\u00e3o da trag\u00e9dia de Santa Maria<\/strong>: a cat\u00e1strofe biopol\u00edtica (Vol. I). 1\u00aa edi\u00e7\u00e3o. 2018. <a href=\"https:\/\/www.ufsm.br\/editoras\/facos\/midiatizacao-da-tragedia-de-santa-maria-vol-1\/\">E-book<\/a>. (ISBN: 978-85-8384-041-1)<\/p><p><strong>Midiatiza\u00e7\u00e3o da trag\u00e9dia de Santa Maria<\/strong>: a constru\u00e7\u00e3o de relatos em meio ao caos (Vol. II). 1\u00aa edi\u00e7\u00e3o. 2018. <a href=\"https:\/\/www.ufsm.br\/editoras\/facos\/midiatizacao-da-tragedia-de-santa-maria-a-construcao-de-relatos-em-meio-ao-caos-vol-ii\/\">E-book<\/a>. (ISBN: 978-85-8384-040-4)<\/p><h1><strong><span style=\"color: #000080\">2017<\/span><\/strong><\/h1><p><strong>Cartografia da cria\u00e7\u00e3o publicit\u00e1ria<\/strong>. 1\u00aa edi\u00e7\u00e3o. 2017. Impresso e E-book. (ISBN: 978-85-8384-049-7 \/ 978-85-8384-047-3)<\/p><p><strong>Ecol\u00e2ndia<\/strong>: dez anos de jornalismo na comunidade. 1\u00aa edi\u00e7\u00e3o. 2017. Impresso. (ISBN: 978-85-8384-046-6)<\/p><p><strong>Pesquisa de opini\u00e3o p\u00fablica<\/strong>: princ\u00edpios e exerc\u00edcios. 1\u00aa edi\u00e7\u00e3o. 2017. E-book. (ISBN: 978-85-8384-054-1)<\/p><p><strong>Professores mais criativos &amp; estudantes mais motivados<\/strong>. 1\u00aa edi\u00e7\u00e3o. 2017. Impresso e E-book. (ISBN: 978-85-8384-051-0 \/ 978-85-8384-050-3)<\/p><h1><strong><span style=\"color: #000080\">2016<\/span><\/strong><\/h1><p><strong>Midiatiza\u00e7\u00e3o e redes digitais: <\/strong>usos e as apropria\u00e7\u00f5es entre a d\u00e1diva e os mercados. 1\u00aa edi\u00e7\u00e3o. 2016. <a href=\"https:\/\/www.ufsm.br\/editoras\/facos\/midiatizacao-e-redes-digitais\/\">E-book<\/a>. (ISBN: 978-85-8384-004-2)<\/p><p><strong>Opera\u00e7\u00f5es de midiatiza\u00e7\u00e3o: <\/strong>das m\u00e1scaras da converg\u00eancia \u00e0s cr\u00edticas ao tecnodeterminismo. 1\u00aa edi\u00e7\u00e3o. 2016. <a href=\"https:\/\/www.ufsm.br\/editoras\/facos\/operacoes-de-midiatizacao\/\">E-book<\/a>. (ISBN: 978-85-8384-73-5)<\/p><p><strong>Redes digitais: <\/strong>um mundo para os amadores. Novas rela\u00e7\u00f5es entre mediadores, media\u00e7\u00f5es e midiatiza\u00e7\u00f5es 1\u00aa edi\u00e7\u00e3o. 2016. <a href=\"https:\/\/www.ufsm.br\/editoras\/facos\/redes-digitais\/\">E-book<\/a>. (ISBN: 978-85-8384-045-9)<\/p><\/div>\n\t\t\t\t\t\t\t\t\t<div class=\"elementor-tab-title elementor-tab-mobile-title\" aria-selected=\"false\" data-tab=\"3\" role=\"tab\" tabindex=\"-1\" aria-controls=\"elementor-tab-content-2303\" aria-expanded=\"false\">Di\u00e1logos com comunica\u00e7\u00e3o<\/div>\n\t\t\t\t\t<div id=\"elementor-tab-content-2303\" class=\"elementor-tab-content elementor-clearfix\" data-tab=\"3\" role=\"tabpanel\" aria-labelledby=\"elementor-tab-title-2303\" tabindex=\"0\" hidden=\"hidden\"><h1><strong><span style=\"color: #000080\">2020<\/span><\/strong><\/h1><p><span style=\"font-size: 16px\"><b>Anais: <\/b>VI SENAFE e II SEINFE.\u00a01\u00aa edi\u00e7\u00e3o. 2020. <a href=\"https:\/\/www.ufsm.br\/editoras\/facos\/anais-vi-senafe-e-ii-seinfe\/\">E-book<\/a>. (ISBN: 978-65-5773-013-3)<\/span><\/p><p><span style=\"font-size: 16px\"><strong>Art\u00edfice do segredo<\/strong>: o abade Johannes Trithemius (1462-1516) entre o magus e o secretarium do princeps. 1\u00aa edi\u00e7\u00e3o. 2020. <a href=\"https:\/\/www.ufsm.br\/editoras\/facos\/artifice-do-segredo\/\">E-book<\/a>. (ISBN: 978-65-5773-014-0)<\/span><\/p><p><span style=\"font-size: 16px\"><strong>Cartas, tabuleiros e cartelas<\/strong>: os jogos no ensino e aprendizagem de hist\u00f3ria. 1\u00aa edi\u00e7\u00e3o. 2020. Impresso e\u00a0<a href=\"https:\/\/www.ufsm.br\/editoras\/facos\/cartas-tabuleiros-e-cartelas-os-jogos-no-ensino-e-aprendizagem-de-historia\/\">E-book<\/a>. (ISBN: 978-65-5773-001-0 \/ 978-65-5773-000-3)<\/span><\/p><p><span style=\"font-size: 16px\"><strong>Hist\u00f3ria(s) em tempos de crise<\/strong>: possibilidades e perspectivas. 1\u00aa edi\u00e7\u00e3o. 2020. <a href=\"https:\/\/www.ufsm.br\/editoras\/facos\/historias-em-tempos-de-crise-possibilidades-e-perspectivas\/\">E-book<\/a>. (ISBN: 978-85-8384-104-3)<\/span><\/p><h1><strong><span style=\"color: #000080\">2017<\/span><\/strong><\/h1><p><span style=\"font-size: 16px\"><strong>Hist\u00f3ria:\u00a0<\/strong>poder, cultura e fronteiras. 1\u00aa edi\u00e7\u00e3o. 2017. <a href=\"https:\/\/www.ufsm.br\/editoras\/facos\/historia-poder-cultura-e-fronteiras\/\">E-book<\/a>. (ISBN: 978-85-8384-048-0)<\/span><\/p><\/div>\n\t\t\t\t\t\t\t\t\t<div class=\"elementor-tab-title elementor-tab-mobile-title\" aria-selected=\"false\" data-tab=\"4\" role=\"tab\" tabindex=\"-1\" aria-controls=\"elementor-tab-content-2304\" aria-expanded=\"false\">Educa\u00e7\u00e3o, aprendizagem<\/div>\n\t\t\t\t\t<div id=\"elementor-tab-content-2304\" class=\"elementor-tab-content elementor-clearfix\" data-tab=\"4\" role=\"tabpanel\" aria-labelledby=\"elementor-tab-title-2304\" tabindex=\"0\" hidden=\"hidden\"><h1><span style=\"color: #000080\"><strong>2019<\/strong><\/span><\/h1><p><strong>Avalia\u00e7\u00e3o<\/strong>: reflex\u00f5es sobre o processo avaliativo no AEE &#8211; volume 2. 1\u00aa edi\u00e7\u00e3o. 2019. Impresso. (ISBN: 978-85-8384-093-0)<\/p><p><strong>Espa\u00e7os entre teorias e pr\u00e1ticas em AH\/SD.<\/strong> 1\u00aa edi\u00e7\u00e3o. 2019. Impresso. <a href=\"https:\/\/repositorio.ufsm.br\/handle\/1\/18767\">Vers\u00e3o digital.<\/a> (ISBN: 978-85-8384-076-3)\u00a0<\/p><p><strong>Os casos exclu\u00eddos da pol\u00edtica nacional de educa\u00e7\u00e3o especial na perspectiva da educa\u00e7\u00e3o inclusiva<\/strong>. 1\u00aa edi\u00e7\u00e3o. 2019. Impresso. <a href=\"https:\/\/repositorio.ufsm.br\/handle\/1\/18768\">Vers\u00e3o digital.<\/a> (ISBN: 978-85-8384-078-7)\u00a0<\/p><p><strong>Pautando a efetividade da produ\u00e7\u00e3o cient\u00edfica em a\u00e7\u00f5es afirmativas<\/strong>: Programa Pr\u00e9-Acad\u00eamico Abdias Nascimento. \u00a01\u00aa edi\u00e7\u00e3o. 2019. Impresso. <a href=\"https:\/\/repositorio.ufsm.br\/handle\/1\/18769\">Vers\u00e3o digital.<\/a> (ISBN: 978-85-8384-083-1)<\/p><p><b>Pr\u00e1ticas educacionais inclusivas na educa\u00e7\u00e3o b\u00e1sica<\/b>. 1\u00aa edi\u00e7\u00e3o. 2019. Impresso. <a href=\"https:\/\/repositorio.ufsm.br\/handle\/1\/18770\" target=\"_blank\" rel=\"noopener\">Vers\u00e3o digital<\/a>. (ISBN:\u00a0978-85-8384-073-2)<\/p><p><strong>Promo\u00e7\u00e3o da aprendizagem e tecnologias educacionais<\/strong>: aprendizagem no ensino superior, acessibilidade e a\u00e7\u00f5es afirmativas.\u00a0<span style=\"color: #000000;font-size: 16px\">1\u00aa edi\u00e7\u00e3o. 2019. <a href=\"https:\/\/repositorio.ufsm.br\/handle\/1\/18772\">E-book.<\/a><\/span>\u00a0(ISBN: 978-85-8384-079-4)<\/p><p><strong>Tecnologias educacionais em rede<\/strong>: produtos e pr\u00e1ticas inovadoras: volume 2. 1\u00aa edi\u00e7\u00e3o. 2019. Impresso. (ISBN: 978-85-8384-081-7)<\/p><h1><span style=\"color: #000080\"><strong>2018<\/strong><\/span><\/h1><p><strong>Atendimento educacional especializado para as altas habilidades\/superdota\u00e7\u00e3o<\/strong>. 1\u00aa edi\u00e7\u00e3o. 2018. Impresso. <a href=\"https:\/\/repositorio.ufsm.br\/handle\/1\/18762\">Vers\u00e3o digital<\/a>. (ISBN: 978-85-8384-065-7)<\/p><p><strong>Dicion\u00e1rio da l\u00edngua gestual cabo-verdiana<\/strong>. 1\u00aa edi\u00e7\u00e3o. 2018. Impresso. (ISBN: 978-85-8384-066-4)<\/p><p><strong>Estrat\u00e9gias pedag\u00f3gicas inclusivas na educa\u00e7\u00e3o superior. <\/strong>1\u00aa edi\u00e7\u00e3o. 2018. Impresso. <a href=\"https:\/\/repositorio.ufsm.br\/handle\/1\/18763\">Vers\u00e3o digital.<\/a> (ISBN: 978-85-8384-069-5)<\/p><h1><span style=\"color: #000080\"><b>2017<\/b><\/span><\/h1><p><strong>Educa\u00e7\u00e3o superior<\/strong>: desafios a n\u00e3o compartimentac\u00e3o dos saberes. 1\u00aa edi\u00e7\u00e3o. 2017. <a href=\"https:\/\/repositorio.ufsm.br\/handle\/1\/18211\">E-book.<\/a> (ISBN: 978-85-8384-055-8)<\/p><\/div>\n\t\t\t\t\t\t\t\t\t<div class=\"elementor-tab-title elementor-tab-mobile-title\" aria-selected=\"false\" data-tab=\"5\" role=\"tab\" tabindex=\"-1\" aria-controls=\"elementor-tab-content-2305\" aria-expanded=\"false\">Projetos especiais e diversidades<\/div>\n\t\t\t\t\t<div id=\"elementor-tab-content-2305\" class=\"elementor-tab-content elementor-clearfix\" data-tab=\"5\" role=\"tabpanel\" aria-labelledby=\"elementor-tab-title-2305\" tabindex=\"0\" hidden=\"hidden\"><h1><strong><span style=\"color: #000080\">2020<\/span><\/strong><\/h1><p><strong style=\"font-size: 16px\">Fonoaudiologia em tempos de COVID-19<\/strong><span style=\"font-size: 16px\">: novo universo dos atendimentos em sa\u00fade. 1\u00aa edi\u00e7\u00e3o. 2020. <a href=\"https:\/\/www.ufsm.br\/editoras\/facos\/fonoaudiologia-em-tempos-de-de-covid-19-novo-universo-dos-atendimentos-em-saude\/\">E-book<\/a>. (ISBN: 978-65-5773-009-6)<\/span><\/p><p><strong style=\"font-size: 16px\">Hist\u00f3ria da Arte no Desenho Industrial<\/strong><span style=\"font-size: 16px\">: imagens fantasmas. 1\u00aa edi\u00e7\u00e3o. 2020. Impresso e\u00a0<a href=\"https:\/\/www.ufsm.br\/editoras\/facos\/metodologia-5is\/\">E-book<\/a>. (ISBN: 978-65-5773-007-2 \/ 978-65-5773-008-9)<\/span><\/p><p><strong style=\"font-size: 16px\">Metodologia 5 I&#8217;s<\/strong><span style=\"font-size: 16px\">: projetos e processos. 1\u00aa edi\u00e7\u00e3o. 2020. Impresso e <a href=\"https:\/\/www.ufsm.br\/editoras\/facos\/historia-da-arte-no-desenho-industrial-imagens-fantasmas\/\">E-book<\/a>. (ISBN: 978-65-5773-012-6 \/ 978-65-5773-011-9)<\/span><\/p><p><strong style=\"font-size: 16px\">Me brand<\/strong><span style=\"font-size: 16px\">: os processos de desenvolvimento de marcas na contemporaneidade. 1\u00aa edi\u00e7\u00e3o. 2020. <a href=\"https:\/\/www.ufsm.br\/editoras\/facos\/me-brand-os-processos-de-desenvolvimento-de-marcas-na-contemporaneidade\/\">E-book<\/a>. (ISBN: 978-65-5773-004-1)<\/span><\/p><p><strong style=\"font-size: 16px\">Odontologia em tempos de COVID-19<\/strong><span style=\"font-size: 16px\">: novo universo dos atendimentos em sa\u00fade. 1\u00aa edi\u00e7\u00e3o. 2020. <a href=\"https:\/\/www.ufsm.br\/editoras\/facos\/odontologia-em-tempos-de-covid-19-novo-universo-dos-atendimentos-em-saude\/\">E-book<\/a>. (ISBN: 978-65-5773-021-8)<\/span><\/p><p><strong style=\"font-size: 16px\">Odontologia integrada<\/strong><span style=\"font-size: 16px\">: bases cient\u00edficas para decis\u00f5es cl\u00ednicas. 1\u00aa edi\u00e7\u00e3o. 2020. <a href=\"https:\/\/www.ufsm.br\/editoras\/facos\/odontologia-integrada-bases-cientificas-para-decisoes-clinicas\/\">E-book<\/a>. (ISBN: 978-65-5773-018-8)<\/span><\/p><h1><strong><span style=\"color: #000080\">2019<\/span><\/strong><\/h1><p><strong>Adeus Bibi<\/strong>: a hora de largar a chupeta. 1\u00aa edi\u00e7\u00e3o. 2019.\u00a0<span style=\"color: #1c1c1c;font-size: 16px\">\u00a0<\/span><span style=\"color: #1c1c1c;font-size: 16px\">Impresso e <a href=\"https:\/\/www.ufsm.br\/editoras\/facos\/adeus-bibi-a-hora-de-largar-a-chupeta\/\">E-book<\/a>.<\/span><span style=\"color: #1c1c1c;font-size: 16px\"> (ISBN: 978-85-8384-090-9)<\/span><\/p><p><b>A corrida de Sol.<\/b> 1\u00aa edi\u00e7\u00e3o. 2019.\u00a0<span style=\"color: #1c1c1c;font-size: 16px\">Impresso e <a href=\"https:\/\/www.ufsm.br\/editoras\/facos\/a-corrida-de-sol\/\">E-book<\/a>.<\/span><span style=\"color: #1c1c1c;font-size: 16px\"> (ISBN: 978-85-8384-094-7)<\/span><\/p><p><b>Anais do I Semin\u00e1rio de integra\u00e7\u00e3o PPGAUP UFSM.<\/b> 1\u00aa edi\u00e7\u00e3o. 2019. <span style=\"color: #1c1c1c;font-size: 16px\"><a href=\"https:\/\/www.ufsm.br\/editoras\/facos\/anais-do-i-seminario-de-integracao-ppgaup-ufsm\/\">E-book<\/a>.<\/span><span style=\"color: #1c1c1c;font-size: 16px\"> (ISBN: 978-85-8384-096-1)<\/span><\/p><p><b>Arte computacional:<\/b> preserva\u00e7\u00e3o e arquivamento na contemporaneidade. 1\u00aa edi\u00e7\u00e3o. 2019. <span style=\"color: #1c1c1c;font-size: 16px\"><a href=\"https:\/\/www.ufsm.br\/editoras\/facos\/arte-computacional-preservacao-e-arquivamento-na-contemporaneidade\/\">E-book<\/a>.<\/span><span style=\"color: #1c1c1c;font-size: 16px\"> (ISBN: 978-85-8384-088-6)<\/span><\/p><\/div>\n\t\t\t\t\t\t\t<\/div>\n\t\t<\/div>\n\t\t\t\t<\/div>\n\t\t\t\t<\/div>\n\t\t\t\t\t<\/div>\n\t\t<\/div>\n\t\t\t\t\t<\/div>\n\t\t<\/section>\n\t\t\t\t<\/div>\n\t\t","protected":false},"excerpt":{"rendered":"<p>Os livros publicados pela editora FACOS-UFSM abrangem, em maioria, a \u00e1rea de Ci\u00eancias da Comunica\u00e7\u00e3o e Informa\u00e7\u00e3o, com espa\u00e7o para o di\u00e1logo com campos como arquivologia, artes, m\u00eddia, educa\u00e7\u00e3o e aprendizagem.\u00a0\u00a0Al\u00e9m de publica\u00e7\u00f5es cient\u00edficas, possui em seu cat\u00e1logo obras resultantes de projetos de ensino e extens\u00e3o.\u00a0 Cat\u00e1logo 2003 &#8211; 2013 Para conhecer o cat\u00e1logo referente [&hellip;]<\/p>\n","protected":false},"author":68,"featured_media":407,"parent":0,"menu_order":0,"comment_status":"closed","ping_status":"closed","template":"","meta":{"footnotes":""},"categories":[9],"tags":[],"class_list":["post-79","page","type-page","status-publish","has-post-thumbnail","hentry","category-banner"],"acf":[],"_links":{"self":[{"href":"https:\/\/www.ufsm.br\/editoras\/facos\/wp-json\/wp\/v2\/pages\/79","targetHints":{"allow":["GET"]}}],"collection":[{"href":"https:\/\/www.ufsm.br\/editoras\/facos\/wp-json\/wp\/v2\/pages"}],"about":[{"href":"https:\/\/www.ufsm.br\/editoras\/facos\/wp-json\/wp\/v2\/types\/page"}],"author":[{"embeddable":true,"href":"https:\/\/www.ufsm.br\/editoras\/facos\/wp-json\/wp\/v2\/users\/68"}],"replies":[{"embeddable":true,"href":"https:\/\/www.ufsm.br\/editoras\/facos\/wp-json\/wp\/v2\/comments?post=79"}],"version-history":[{"count":0,"href":"https:\/\/www.ufsm.br\/editoras\/facos\/wp-json\/wp\/v2\/pages\/79\/revisions"}],"wp:featuredmedia":[{"embeddable":true,"href":"https:\/\/www.ufsm.br\/editoras\/facos\/wp-json\/wp\/v2\/media\/407"}],"wp:attachment":[{"href":"https:\/\/www.ufsm.br\/editoras\/facos\/wp-json\/wp\/v2\/media?parent=79"}],"wp:term":[{"taxonomy":"category","embeddable":true,"href":"https:\/\/www.ufsm.br\/editoras\/facos\/wp-json\/wp\/v2\/categories?post=79"},{"taxonomy":"post_tag","embeddable":true,"href":"https:\/\/www.ufsm.br\/editoras\/facos\/wp-json\/wp\/v2\/tags?post=79"}],"curies":[{"name":"wp","href":"https:\/\/api.w.org\/{rel}","templated":true}]}}