{"id":80,"date":"2020-02-16T10:06:08","date_gmt":"2020-02-16T13:06:08","guid":{"rendered":"https:\/\/www.ufsm.br\/editoras\/facos\/?page_id=80"},"modified":"2020-10-23T18:07:16","modified_gmt":"2020-10-23T21:07:16","slug":"e-books-manancial","status":"publish","type":"page","link":"https:\/\/www.ufsm.br\/editoras\/facos\/e-books-manancial","title":{"rendered":"E-books no Manancial"},"content":{"rendered":"\t\t<div data-elementor-type=\"wp-page\" data-elementor-id=\"80\" class=\"elementor elementor-80\">\n\t\t\t\t\t\t<section class=\"elementor-section elementor-top-section elementor-element elementor-element-58c67d4b elementor-section-boxed elementor-section-height-default elementor-section-height-default\" data-id=\"58c67d4b\" data-element_type=\"section\">\n\t\t\t\t\t\t<div class=\"elementor-container elementor-column-gap-default\">\n\t\t\t\t\t<div class=\"elementor-column elementor-col-100 elementor-top-column elementor-element elementor-element-38e1b130\" data-id=\"38e1b130\" data-element_type=\"column\">\n\t\t\t<div class=\"elementor-widget-wrap elementor-element-populated\">\n\t\t\t\t\t\t<div class=\"elementor-element elementor-element-76750be2 elementor-widget elementor-widget-text-editor\" data-id=\"76750be2\" data-element_type=\"widget\" data-widget_type=\"text-editor.default\">\n\t\t\t\t<div class=\"elementor-widget-container\">\n\t\t\t\t\t\t\t<p><!-- wp:paragraph --><\/p>\n<p><strong>Portal de e-books da editora: em constante atualiza\u00e7\u00e3o<\/strong><br \/><span style=\"font-size: 12.0pt;font-family: 'Cambria','serif'\">A manuten\u00e7\u00e3o e preserva\u00e7\u00e3o das obras em ambiente digital s\u00e3o viabilizadas pela incorpora\u00e7\u00e3o da Cole\u00e7\u00e3o FACOS-UFSM no Manancial &#8211; Reposit\u00f3rio Digital da UFSM, o qual utiliza a vers\u00e3o 4.1 do software DSpace e faz parte do sistema de Bibliotecas da institui\u00e7\u00e3o.<\/span><\/p>\n<p><!-- \/wp:paragraph --><\/p>\t\t\t\t\t\t<\/div>\n\t\t\t\t<\/div>\n\t\t\t\t\t<\/div>\n\t\t<\/div>\n\t\t\t\t\t<\/div>\n\t\t<\/section>\n\t\t\t\t<section class=\"elementor-section elementor-top-section elementor-element elementor-element-9b63043 elementor-section-boxed elementor-section-height-default elementor-section-height-default\" data-id=\"9b63043\" data-element_type=\"section\">\n\t\t\t\t\t\t<div class=\"elementor-container elementor-column-gap-default\">\n\t\t\t\t\t<div class=\"elementor-column elementor-col-100 elementor-top-column elementor-element elementor-element-67be4ac\" data-id=\"67be4ac\" data-element_type=\"column\">\n\t\t\t<div class=\"elementor-widget-wrap elementor-element-populated\">\n\t\t\t\t\t\t<div class=\"elementor-element elementor-element-db1e7c4 elementor-widget elementor-widget-wp-widget-ufsm_manancial_widget\" data-id=\"db1e7c4\" data-element_type=\"widget\" data-widget_type=\"wp-widget-ufsm_manancial_widget.default\">\n\t\t\t\t<div class=\"elementor-widget-container\">\n\t\t\t \n<div class=\"row\" id=\"manancial-collection-5ff0b145-dc47-4ad0-8594-36a12b1faff8\" data-ufsm-componente-tipo=\"manancial-collection\" data-collection-id=\"5ff0b145-dc47-4ad0-8594-36a12b1faff8\">\n    <div class=\"col-12 col-lg-9 mb-3\">\n        <h3 class=\"ufsm-title-primary\" id=\"manancial-collection-5ff0b145-dc47-4ad0-8594-36a12b1faff8-title\"><\/h3>\n    <\/div>\n    <div class=\"col-12 col-lg-3 mb-3 ps-lg-3\">\n        <a href=\"\" class=\"btn btn-outline-primary border-primary w-100\" target=\"_blank\" id=\"manancial-collection-5ff0b145-dc47-4ad0-8594-36a12b1faff8-handle\">\n            <i class=\"fas fa-external-link-alt me-1\" aria-hidden=\"true\"><\/i>\n            Reposit\u00f3rio\n        <\/a>\n    <\/div>\n    <div class=\"col-12 col-lg-3 order-lg-2 ps-lg-3\">\n        <div class=\"card border-0 mb-3\">\n            <div class=\"visually-hidden\">Selecionar ano:<\/div>\n            <div id=\"manancial-collection-5ff0b145-dc47-4ad0-8594-36a12b1faff8-anos\" class=\"list-group list-group-flush\"><\/div>\n        <\/div>\n    <\/div>\n    <div class=\"col-12 col-lg-9\">\n        <div class=\"row align-items-baseline mt-3\">\n            <div class=\"col-12 col-lg-7 d-flex justify-content-around justify-content-lg-start align-items-baseline mb-2 mb-lg-0\">\n                <div class=\"\" id=\"manancial-collection-5ff0b145-dc47-4ad0-8594-36a12b1faff8-descricao-itens-resultado\"><\/div>\n            <\/div>\n            <div class=\"col-12 col-lg-5 d-flex flex-wrap justify-content-around justify-content-lg-end\">\n                <div class=\"\" id=\"manancial-collection-5ff0b145-dc47-4ad0-8594-36a12b1faff8-nav\"><\/div>\n            <\/div>\n        <\/div>\n        <div id=\"manancial-collection-5ff0b145-dc47-4ad0-8594-36a12b1faff8-trabalhos\"><\/div>\n    <\/div>\n<\/div>\n\t\t<\/div>\n\t\t\t\t<\/div>\n\t\t\t\t\t<\/div>\n\t\t<\/div>\n\t\t\t\t\t<\/div>\n\t\t<\/section>\n\t\t\t\t<\/div>\n\t\t","protected":false},"excerpt":{"rendered":"<p>Portal de e-books da editora: em constante atualiza\u00e7\u00e3oA manuten\u00e7\u00e3o e preserva\u00e7\u00e3o das obras em ambiente digital s\u00e3o viabilizadas pela incorpora\u00e7\u00e3o da Cole\u00e7\u00e3o FACOS-UFSM no Manancial &#8211; Reposit\u00f3rio Digital da UFSM, o qual utiliza a vers\u00e3o 4.1 do software DSpace e faz parte do sistema de Bibliotecas da institui\u00e7\u00e3o.<\/p>\n","protected":false},"author":68,"featured_media":0,"parent":0,"menu_order":0,"comment_status":"closed","ping_status":"closed","template":"","meta":{"footnotes":""},"categories":[],"tags":[],"class_list":["post-80","page","type-page","status-publish","hentry"],"acf":[],"_links":{"self":[{"href":"https:\/\/www.ufsm.br\/editoras\/facos\/wp-json\/wp\/v2\/pages\/80","targetHints":{"allow":["GET"]}}],"collection":[{"href":"https:\/\/www.ufsm.br\/editoras\/facos\/wp-json\/wp\/v2\/pages"}],"about":[{"href":"https:\/\/www.ufsm.br\/editoras\/facos\/wp-json\/wp\/v2\/types\/page"}],"author":[{"embeddable":true,"href":"https:\/\/www.ufsm.br\/editoras\/facos\/wp-json\/wp\/v2\/users\/68"}],"replies":[{"embeddable":true,"href":"https:\/\/www.ufsm.br\/editoras\/facos\/wp-json\/wp\/v2\/comments?post=80"}],"version-history":[{"count":0,"href":"https:\/\/www.ufsm.br\/editoras\/facos\/wp-json\/wp\/v2\/pages\/80\/revisions"}],"wp:attachment":[{"href":"https:\/\/www.ufsm.br\/editoras\/facos\/wp-json\/wp\/v2\/media?parent=80"}],"wp:term":[{"taxonomy":"category","embeddable":true,"href":"https:\/\/www.ufsm.br\/editoras\/facos\/wp-json\/wp\/v2\/categories?post=80"},{"taxonomy":"post_tag","embeddable":true,"href":"https:\/\/www.ufsm.br\/editoras\/facos\/wp-json\/wp\/v2\/tags?post=80"}],"curies":[{"name":"wp","href":"https:\/\/api.w.org\/{rel}","templated":true}]}}