{"id":86,"date":"2020-08-28T18:16:48","date_gmt":"2020-08-28T21:16:48","guid":{"rendered":"https:\/\/www.ufsm.br\/editoras\/facos\/?page_id=86"},"modified":"2021-03-31T09:47:34","modified_gmt":"2021-03-31T12:47:34","slug":"arquivologia","status":"publish","type":"page","link":"https:\/\/www.ufsm.br\/editoras\/facos\/arquivologia","title":{"rendered":"Arquivologia"},"content":{"rendered":"\n<p><strong>Caderno de Arquivologia 5<\/strong>. 1\u00aa edi\u00e7\u00e3o 2019. Impresso. (ISBN: 978-85-8384-082-4)<\/p>\n<p><strong>Caderno de Arquivologia 3<\/strong>. 1\u00aa edi\u00e7\u00e3o 2018. Impresso. (ISBN: 978-85-8384-058-9)<\/p>\n<p><strong>Caderno de Arquivologia 4<\/strong>. 1\u00aa edi\u00e7\u00e3o 2018. Impresso. (ISBN: 978-85-8384-059-6)<\/p>\n<p><strong>Mem\u00f3ria dos 40 anos da Arquivologia da UFSM<\/strong>. 1\u00aa edi\u00e7\u00e3o. 2017. Impresso. (ISBN: 978-85-8384-056-5)<\/p>\n","protected":false},"excerpt":{"rendered":"<p>Caderno de Arquivologia 5. 1\u00aa edi\u00e7\u00e3o 2019. Impresso. (ISBN: 978-85-8384-082-4) Caderno de Arquivologia 3. 1\u00aa edi\u00e7\u00e3o 2018. Impresso. (ISBN: 978-85-8384-058-9) Caderno de Arquivologia 4. 1\u00aa edi\u00e7\u00e3o 2018. Impresso. (ISBN: 978-85-8384-059-6) Mem\u00f3ria dos 40 anos da Arquivologia da UFSM. 1\u00aa edi\u00e7\u00e3o. 2017. Impresso. (ISBN: 978-85-8384-056-5)<\/p>\n","protected":false},"author":68,"featured_media":0,"parent":0,"menu_order":0,"comment_status":"closed","ping_status":"closed","template":"","meta":{"footnotes":""},"categories":[],"tags":[],"class_list":["post-86","page","type-page","status-publish","hentry"],"acf":[],"_links":{"self":[{"href":"https:\/\/www.ufsm.br\/editoras\/facos\/wp-json\/wp\/v2\/pages\/86","targetHints":{"allow":["GET"]}}],"collection":[{"href":"https:\/\/www.ufsm.br\/editoras\/facos\/wp-json\/wp\/v2\/pages"}],"about":[{"href":"https:\/\/www.ufsm.br\/editoras\/facos\/wp-json\/wp\/v2\/types\/page"}],"author":[{"embeddable":true,"href":"https:\/\/www.ufsm.br\/editoras\/facos\/wp-json\/wp\/v2\/users\/68"}],"replies":[{"embeddable":true,"href":"https:\/\/www.ufsm.br\/editoras\/facos\/wp-json\/wp\/v2\/comments?post=86"}],"version-history":[{"count":0,"href":"https:\/\/www.ufsm.br\/editoras\/facos\/wp-json\/wp\/v2\/pages\/86\/revisions"}],"wp:attachment":[{"href":"https:\/\/www.ufsm.br\/editoras\/facos\/wp-json\/wp\/v2\/media?parent=86"}],"wp:term":[{"taxonomy":"category","embeddable":true,"href":"https:\/\/www.ufsm.br\/editoras\/facos\/wp-json\/wp\/v2\/categories?post=86"},{"taxonomy":"post_tag","embeddable":true,"href":"https:\/\/www.ufsm.br\/editoras\/facos\/wp-json\/wp\/v2\/tags?post=86"}],"curies":[{"name":"wp","href":"https:\/\/api.w.org\/{rel}","templated":true}]}}