{"id":98,"date":"2020-10-19T18:44:47","date_gmt":"2020-10-19T21:44:47","guid":{"rendered":"https:\/\/www.ufsm.br\/editoras\/facos\/?page_id=98"},"modified":"2021-06-17T14:51:15","modified_gmt":"2021-06-17T17:51:15","slug":"entre-o-que-se-diz-e-o-que-se-pensa","status":"publish","type":"page","link":"https:\/\/www.ufsm.br\/editoras\/facos\/entre-o-que-se-diz-e-o-que-se-pensa","title":{"rendered":"Entre o que se diz e o que se pensa: onde est\u00e1 a midiatiza\u00e7\u00e3o?"},"content":{"rendered":"\t\t<div data-elementor-type=\"wp-page\" data-elementor-id=\"98\" class=\"elementor elementor-98\">\n\t\t\t\t\t\t<section class=\"elementor-section elementor-top-section elementor-element elementor-element-a793044 elementor-section-boxed elementor-section-height-default elementor-section-height-default\" data-id=\"a793044\" data-element_type=\"section\">\n\t\t\t\t\t\t<div class=\"elementor-container elementor-column-gap-default\">\n\t\t\t\t\t<div class=\"elementor-column elementor-col-100 elementor-top-column elementor-element elementor-element-4c3ef5ae\" data-id=\"4c3ef5ae\" data-element_type=\"column\">\n\t\t\t<div class=\"elementor-widget-wrap elementor-element-populated\">\n\t\t\t\t\t\t<div class=\"elementor-element elementor-element-4be7382f elementor-widget elementor-widget-text-editor\" data-id=\"4be7382f\" data-element_type=\"widget\" data-widget_type=\"text-editor.default\">\n\t\t\t\t<div class=\"elementor-widget-container\">\n\t\t\t\t\t\t\t<h1><span style=\"font-size: 2.5rem;background-color: transparent;color: black\">Entre o que se diz e o que se pensa: onde est\u00e1 a midiatiza\u00e7\u00e3o?<\/span><\/h1>\n<h6>Jairo Ferreira, Ana Paula da Rosa, Ant\u00f4nio Fausto Neto, Jos\u00e9 Luiz Braga e Pedro Gilberto Gomes (organizadores)<\/h6>\t\t\t\t\t\t<\/div>\n\t\t\t\t<\/div>\n\t\t\t\t<section class=\"elementor-section elementor-inner-section elementor-element elementor-element-1517af33 elementor-hidden-tablet elementor-section-boxed elementor-section-height-default elementor-section-height-default\" data-id=\"1517af33\" data-element_type=\"section\">\n\t\t\t\t\t\t<div class=\"elementor-container elementor-column-gap-default\">\n\t\t\t\t\t<div class=\"elementor-column elementor-col-50 elementor-inner-column elementor-element elementor-element-2fb79de2\" data-id=\"2fb79de2\" data-element_type=\"column\">\n\t\t\t<div class=\"elementor-widget-wrap elementor-element-populated\">\n\t\t\t\t\t\t<div class=\"elementor-element elementor-element-5a5d587d elementor-widget elementor-widget-text-editor\" data-id=\"5a5d587d\" data-element_type=\"widget\" data-widget_type=\"text-editor.default\">\n\t\t\t\t<div class=\"elementor-widget-container\">\n\t\t\t\t\t\t\t<figure id=\"attachment_75\" aria-describedby=\"caption-attachment-75\" style=\"width: 200px\" class=\"wp-caption alignnone\"><img fetchpriority=\"high\" decoding=\"async\" class=\"size-medium wp-image-75\" src=\"https:\/\/www.ufsm.br\/app\/uploads\/sites\/746\/2019\/12\/entreoquesedizeoquesepensa-200x300.jpg\" alt=\"Entre o que se diz e o que se pensa: onde est\u00e1 a midiatiza\u00e7\u00e3o?\" width=\"200\" height=\"300\" \/><figcaption id=\"caption-attachment-75\" class=\"wp-caption-text\">Entre o que se diz e o que se pensa: onde est\u00e1 a midiatiza\u00e7\u00e3o?<\/figcaption><\/figure>\t\t\t\t\t\t<\/div>\n\t\t\t\t<\/div>\n\t\t\t\t\t<\/div>\n\t\t<\/div>\n\t\t\t\t<div class=\"elementor-column elementor-col-50 elementor-inner-column elementor-element elementor-element-6ac324c4\" data-id=\"6ac324c4\" data-element_type=\"column\">\n\t\t\t<div class=\"elementor-widget-wrap elementor-element-populated\">\n\t\t\t\t\t\t<div class=\"elementor-element elementor-element-1fd031c4 elementor-widget elementor-widget-text-editor\" data-id=\"1fd031c4\" data-element_type=\"widget\" data-widget_type=\"text-editor.default\">\n\t\t\t\t<div class=\"elementor-widget-container\">\n\t\t\t\t\t\t\t<p>O livro \u00e9 resultado de um longo processo de interlocu\u00e7\u00e3o, anterior, concomitante e posterior \u00e0 realiza\u00e7\u00e3o do I Semin\u00e1rio Internacional de Pesquisas em Midiatiza\u00e7\u00e3o e Processos Sociais, no PPGCC-Unisinos, com apoio da Capes e do CNPq. Anterior, porque nasceu de v\u00e1rios projetos de coopera\u00e7\u00e3o, mobilidade e intera\u00e7\u00e3o com pesquisadores convidados, do Brasil e do exterior. Concomitante, porque os convidados participaram intensamente n\u00e3o s\u00f3 das mesas de confer\u00eancias e debates, mas tamb\u00e9m dos Grupos de Trabalho formados a partir das submiss\u00f5es de trabalho ao Evento. Posterior, porque resulta de um processo editorial que busca atender aos crit\u00e9rios de qualidade de obras coletivas na \u00e1rea. Os artigos foram escritos ap\u00f3s o evento, tendo-se solicitado aos autores que dialogassem com os debates ali ocorridos, qualificando suas interven\u00e7\u00f5es. O Semin\u00e1rio proposto permitiu que pesquisadores, docentes e discentes, integrem-se a um debate internacional sobre a linhagem de pesquisa Midiatiza\u00e7\u00e3o e Processos Sociais, incluindo a mobilidade e forma\u00e7\u00e3o. Atua-se, assim, em tempo de reverter tend\u00eancias j\u00e1 observadas de que esse objeto de pesquisa seja apropriado especificamente pelo Norte, considerando suas compet\u00eancias lingu\u00edsticas e de rede de pesquisas, acionadas por sistemas de integra\u00e7\u00e3o que se reproduzem. Essa inser\u00e7\u00e3o corresponde aos objetivos dos processos formativos, de mobilidade e de investiga\u00e7\u00e3o da proposta, buscando horizontalidades e trocas entre os diversos polos de pesquisa. Essa sinergia possibilita situar as quest\u00f5es, proposi\u00e7\u00f5es, m\u00e9todos e metodologias de pesquisas desenvolvidas no Brasil, em especial nos grupos que pesquisam midiatiza\u00e7\u00e3o, em interlocu\u00e7\u00e3o com os pares do Norte, em seus processos formativos, de investiga\u00e7\u00e3o e mobilidade.<\/p>\t\t\t\t\t\t<\/div>\n\t\t\t\t<\/div>\n\t\t\t\t\t<\/div>\n\t\t<\/div>\n\t\t\t\t\t<\/div>\n\t\t<\/section>\n\t\t\t\t<div class=\"elementor-element elementor-element-16bb1ff4 elementor-hidden-desktop elementor-hidden-phone elementor-widget elementor-widget-text-editor\" data-id=\"16bb1ff4\" data-element_type=\"widget\" data-widget_type=\"text-editor.default\">\n\t\t\t\t<div class=\"elementor-widget-container\">\n\t\t\t\t\t\t\t<figure id=\"attachment_75\" aria-describedby=\"caption-attachment-75\" style=\"width: 200px\" class=\"wp-caption alignleft\"><img fetchpriority=\"high\" decoding=\"async\" class=\"size-medium wp-image-75\" src=\"https:\/\/www.ufsm.br\/app\/uploads\/sites\/746\/2019\/12\/entreoquesedizeoquesepensa-200x300.jpg\" alt=\"Entre o que se diz e o que se pensa: onde est\u00e1 a midiatiza\u00e7\u00e3o?\" width=\"200\" height=\"300\" \/><figcaption id=\"caption-attachment-75\" class=\"wp-caption-text\">Entre o que se diz e o que se pensa: onde est\u00e1 a midiatiza\u00e7\u00e3o?<\/figcaption><\/figure>\n<p><span style=\"color: #000000;font-size: 16px\">O livro \u00e9 resultado de um longo processo de interlocu\u00e7\u00e3o, anterior, concomitante e posterior \u00e0 realiza\u00e7\u00e3o do I Semin\u00e1rio Internacional de Pesquisas em Midiatiza\u00e7\u00e3o e Processos Sociais, no PPGCC-Unisinos, com apoio da Capes e do CNPq. Anterior, porque nasceu de v\u00e1rios projetos de coopera\u00e7\u00e3o, mobilidade e intera\u00e7\u00e3o com pesquisadores convidados, do Brasil e do exterior. Concomitante, porque os convidados participaram intensamente n\u00e3o s\u00f3 das mesas de confer\u00eancias e debates, mas tamb\u00e9m dos Grupos de Trabalho formados a partir das submiss\u00f5es de trabalho ao Evento. Posterior, porque resulta de um processo editorial que busca atender aos crit\u00e9rios de qualidade de obras coletivas na \u00e1rea. Os artigos foram escritos ap\u00f3s o evento, tendo-se solicitado aos autores que dialogassem com os debates ali ocorridos, qualificando suas interven\u00e7\u00f5es. O Semin\u00e1rio proposto permitiu que pesquisadores, docentes e discentes, integrem-se a um debate internacional sobre a linhagem de pesquisa Midiatiza\u00e7\u00e3o e Processos Sociais, incluindo a mobilidade e forma\u00e7\u00e3o. Atua-se, assim, em tempo de reverter tend\u00eancias j\u00e1 observadas de que esse objeto de pesquisa seja apropriado especificamente pelo Norte, considerando suas compet\u00eancias lingu\u00edsticas e de rede de pesquisas, acionadas por sistemas de integra\u00e7\u00e3o que se reproduzem. Essa inser\u00e7\u00e3o corresponde aos objetivos dos processos formativos, de mobilidade e de investiga\u00e7\u00e3o da proposta, buscando horizontalidades e trocas entre os diversos polos de pesquisa. Essa sinergia possibilita situar as quest\u00f5es, proposi\u00e7\u00f5es, m\u00e9todos e metodologias de pesquisas desenvolvidas no Brasil, em especial nos grupos que pesquisam midiatiza\u00e7\u00e3o, em interlocu\u00e7\u00e3o com os pares do Norte, em seus processos formativos, de investiga\u00e7\u00e3o e mobilidade.<\/span><\/p>\t\t\t\t\t\t<\/div>\n\t\t\t\t<\/div>\n\t\t\t\t<div class=\"elementor-element elementor-element-1b075396 elementor-widget elementor-widget-heading\" data-id=\"1b075396\" data-element_type=\"widget\" data-widget_type=\"heading.default\">\n\t\t\t\t<div class=\"elementor-widget-container\">\n\t\t\t<h4 class=\"elementor-heading-title elementor-size-default\">Acesso \u00e0 obra<\/h4>\t\t<\/div>\n\t\t\t\t<\/div>\n\t\t\t\t\t<\/div>\n\t\t<\/div>\n\t\t\t\t\t<\/div>\n\t\t<\/section>\n\t\t\t\t<section class=\"elementor-section elementor-top-section elementor-element elementor-element-111aa540 elementor-section-boxed elementor-section-height-default elementor-section-height-default\" data-id=\"111aa540\" data-element_type=\"section\">\n\t\t\t\t\t\t<div class=\"elementor-container elementor-column-gap-default\">\n\t\t\t\t\t<div class=\"elementor-column elementor-col-25 elementor-top-column elementor-element elementor-element-25dc0483\" data-id=\"25dc0483\" data-element_type=\"column\">\n\t\t\t<div class=\"elementor-widget-wrap\">\n\t\t\t\t\t\t\t<\/div>\n\t\t<\/div>\n\t\t\t\t<div class=\"elementor-column elementor-col-25 elementor-top-column elementor-element elementor-element-6ce52804\" data-id=\"6ce52804\" data-element_type=\"column\">\n\t\t\t<div class=\"elementor-widget-wrap elementor-element-populated\">\n\t\t\t\t\t\t<div class=\"elementor-element elementor-element-314713ed elementor-align-center elementor-widget elementor-widget-button\" data-id=\"314713ed\" data-element_type=\"widget\" data-widget_type=\"button.default\">\n\t\t\t\t<div class=\"elementor-widget-container\">\n\t\t\t\t\t\t\t<div class=\"elementor-button-wrapper\">\n\t\t\t\t\t<a class=\"elementor-button elementor-button-link elementor-size-md\" href=\"https:\/\/repositorio.ufsm.br\/bitstream\/handle\/1\/19695\/entreoquesedizeoquesepensa.pdf?sequence=1&#038;isAllowed=y\">\n\t\t\t\t\t\t<span class=\"elementor-button-content-wrapper\">\n\t\t\t\t\t\t\t\t\t<span class=\"elementor-button-text\">Vers\u00e3o PDF<\/span>\n\t\t\t\t\t<\/span>\n\t\t\t\t\t<\/a>\n\t\t\t\t<\/div>\n\t\t\t\t\t\t<\/div>\n\t\t\t\t<\/div>\n\t\t\t\t\t<\/div>\n\t\t<\/div>\n\t\t\t\t<div class=\"elementor-column elementor-col-25 elementor-top-column elementor-element elementor-element-598571ff\" data-id=\"598571ff\" data-element_type=\"column\">\n\t\t\t<div class=\"elementor-widget-wrap elementor-element-populated\">\n\t\t\t\t\t\t<div class=\"elementor-element elementor-element-d4e140c elementor-align-center elementor-widget elementor-widget-button\" data-id=\"d4e140c\" data-element_type=\"widget\" data-widget_type=\"button.default\">\n\t\t\t\t<div class=\"elementor-widget-container\">\n\t\t\t\t\t\t\t<div class=\"elementor-button-wrapper\">\n\t\t\t\t\t<a class=\"elementor-button elementor-button-link elementor-size-md\" href=\"https:\/\/repositorio.ufsm.br\/handle\/1\/19695\">\n\t\t\t\t\t\t<span class=\"elementor-button-content-wrapper\">\n\t\t\t\t\t\t\t\t\t<span class=\"elementor-button-text\">No Manancial<\/span>\n\t\t\t\t\t<\/span>\n\t\t\t\t\t<\/a>\n\t\t\t\t<\/div>\n\t\t\t\t\t\t<\/div>\n\t\t\t\t<\/div>\n\t\t\t\t\t<\/div>\n\t\t<\/div>\n\t\t\t\t<div class=\"elementor-column elementor-col-25 elementor-top-column elementor-element elementor-element-57ee20bf\" data-id=\"57ee20bf\" data-element_type=\"column\">\n\t\t\t<div class=\"elementor-widget-wrap\">\n\t\t\t\t\t\t\t<\/div>\n\t\t<\/div>\n\t\t\t\t\t<\/div>\n\t\t<\/section>\n\t\t\t\t<section class=\"elementor-section elementor-top-section elementor-element elementor-element-60a1e723 elementor-section-boxed elementor-section-height-default elementor-section-height-default\" data-id=\"60a1e723\" data-element_type=\"section\">\n\t\t\t\t\t\t<div class=\"elementor-container elementor-column-gap-default\">\n\t\t\t\t\t<div class=\"elementor-column elementor-col-100 elementor-top-column elementor-element elementor-element-6de14188\" data-id=\"6de14188\" data-element_type=\"column\">\n\t\t\t<div class=\"elementor-widget-wrap elementor-element-populated\">\n\t\t\t\t\t\t<div class=\"elementor-element elementor-element-4f0fc7b1 elementor-tabs-alignment-stretch elementor-tabs-view-horizontal elementor-widget elementor-widget-tabs\" data-id=\"4f0fc7b1\" data-element_type=\"widget\" data-settings=\"{&quot;_animation&quot;:&quot;none&quot;}\" data-widget_type=\"tabs.default\">\n\t\t\t\t<div class=\"elementor-widget-container\">\n\t\t\t\t\t<div class=\"elementor-tabs\">\n\t\t\t<div class=\"elementor-tabs-wrapper\" role=\"tablist\" >\n\t\t\t\t\t\t\t\t\t<div id=\"elementor-tab-title-1321\" class=\"elementor-tab-title elementor-tab-desktop-title\" aria-selected=\"true\" data-tab=\"1\" role=\"tab\" tabindex=\"0\" aria-controls=\"elementor-tab-content-1321\" aria-expanded=\"false\">Dados da obra<\/div>\n\t\t\t\t\t\t\t\t\t<div id=\"elementor-tab-title-1322\" class=\"elementor-tab-title elementor-tab-desktop-title\" aria-selected=\"false\" data-tab=\"2\" role=\"tab\" tabindex=\"-1\" aria-controls=\"elementor-tab-content-1322\" aria-expanded=\"false\">Sum\u00e1rio<\/div>\n\t\t\t\t\t\t\t\t\t<div id=\"elementor-tab-title-1323\" class=\"elementor-tab-title elementor-tab-desktop-title\" aria-selected=\"false\" data-tab=\"3\" role=\"tab\" tabindex=\"-1\" aria-controls=\"elementor-tab-content-1323\" aria-expanded=\"false\">Autoria<\/div>\n\t\t\t\t\t\t\t\t\t<div id=\"elementor-tab-title-1324\" class=\"elementor-tab-title elementor-tab-desktop-title\" aria-selected=\"false\" data-tab=\"4\" role=\"tab\" tabindex=\"-1\" aria-controls=\"elementor-tab-content-1324\" aria-expanded=\"false\">Licen\u00e7a Creative Commons<\/div>\n\t\t\t\t\t\t\t<\/div>\n\t\t\t<div class=\"elementor-tabs-content-wrapper\" role=\"tablist\" aria-orientation=\"vertical\">\n\t\t\t\t\t\t\t\t\t<div class=\"elementor-tab-title elementor-tab-mobile-title\" aria-selected=\"true\" data-tab=\"1\" role=\"tab\" tabindex=\"0\" aria-controls=\"elementor-tab-content-1321\" aria-expanded=\"false\">Dados da obra<\/div>\n\t\t\t\t\t<div id=\"elementor-tab-content-1321\" class=\"elementor-tab-content elementor-clearfix\" data-tab=\"1\" role=\"tabpanel\" aria-labelledby=\"elementor-tab-title-1321\" tabindex=\"0\" hidden=\"false\"><p><b>Publica\u00e7\u00e3o:<br \/><\/b>2018 \/ 1\u00aa edi\u00e7\u00e3o<br \/>ISBN: 978-85-8384-057-2<\/p>\n<p><b>Refer\u00eancia:<\/b>\u00a0<br \/><span style=\"color: #333333\">FERREIRA, Jairo (Org.) et al. <strong>Entre o que se diz e o que se pensa<\/strong>: onde est\u00e1 a midiatiza\u00e7\u00e3o? Santa Maria\/RS: FACOS-UFSM, 2018. 386 p. (Recurso eletr\u00f4nico)<\/span><\/p><\/div>\n\t\t\t\t\t\t\t\t\t<div class=\"elementor-tab-title elementor-tab-mobile-title\" aria-selected=\"false\" data-tab=\"2\" role=\"tab\" tabindex=\"-1\" aria-controls=\"elementor-tab-content-1322\" aria-expanded=\"false\">Sum\u00e1rio<\/div>\n\t\t\t\t\t<div id=\"elementor-tab-content-1322\" class=\"elementor-tab-content elementor-clearfix\" data-tab=\"2\" role=\"tabpanel\" aria-labelledby=\"elementor-tab-title-1322\" tabindex=\"0\" hidden=\"hidden\"><ul>\n<li>Apresenta\u00e7\u00e3o: o semin\u00e1rio e o livro &#8220;Entre o que se diz e o que se pensa: onde est\u00e1 a midiatiza\u00e7\u00e3o?&#8221; (p. 11-20);<\/li>\n<li>Primeira parte &#8211; Media\u00e7\u00e3o e midiatiza\u00e7\u00e3o (p. 21-102);<\/li>\n<li>Segunda parte &#8211; Semiose e midiatiza\u00e7\u00e3o (p. 103-188);<\/li>\n<li>Terceira parte &#8211; Religi\u00e3o e midiatiza\u00e7\u00e3o (p. 189-252);<\/li>\n<li>Quarta parte &#8211; Institui\u00e7\u00f5es e midiatiza\u00e7\u00e3o (p. 253-314);<\/li>\n<li>Quinta parte &#8211; Meios, dispositivos e midiatiza\u00e7\u00e3o (p. 315-376);<\/li>\n<li>Autores.<\/li>\n<\/ul><\/div>\n\t\t\t\t\t\t\t\t\t<div class=\"elementor-tab-title elementor-tab-mobile-title\" aria-selected=\"false\" data-tab=\"3\" role=\"tab\" tabindex=\"-1\" aria-controls=\"elementor-tab-content-1323\" aria-expanded=\"false\">Autoria<\/div>\n\t\t\t\t\t<div id=\"elementor-tab-content-1323\" class=\"elementor-tab-content elementor-clearfix\" data-tab=\"3\" role=\"tabpanel\" aria-labelledby=\"elementor-tab-title-1323\" tabindex=\"0\" hidden=\"hidden\"><div style=\"color: #333333;font-family: 'Helvetica Neue', Helvetica, Arial, sans-serif;font-size: 14px\"><span style=\"color: #000000;font-size: 12pt;font-family: georgia, palatino, serif\"><b>Organizadores:<\/b><\/span><\/div>\n<div style=\"color: #333333;font-family: 'Helvetica Neue', Helvetica, Arial, sans-serif;font-size: 14px\"><span style=\"color: #000000;font-size: 12pt;font-family: georgia, palatino, serif\">Jairo Ferreira,<\/span><\/div>\n<div style=\"color: #333333;font-family: 'Helvetica Neue', Helvetica, Arial, sans-serif;font-size: 14px\"><span style=\"color: #000000;font-size: 12pt;font-family: georgia, palatino, serif\">Ana Paula da Rosa,<\/span><\/div>\n<div>Ant\u00f4nio Fausto Neto,<\/div>\n<div>Jos\u00e9 Luiz Braga,<\/div>\n<div>Pedro Gilberto Gomes.<\/div>\n<div>\u00a0<\/div>\n<div style=\"color: #333333;font-family: 'Helvetica Neue', Helvetica, Arial, sans-serif;font-size: 14px\"><span style=\"font-family: georgia, palatino, serif;font-size: 12pt;color: #000000\"><b>Autores:<\/b><\/span><\/div>\n<div>Ana Paula da Rosa,<\/div>\n<div>Ant\u00f4nio Fausto Neto,<\/div>\n<div>Bernard Mi\u00e8ge,<\/div>\n<div>Daniel Peraya,<\/div>\n<div>Giovandro Marcus Ferreira,<\/div>\n<div>Jairo Ferreira,<\/div>\n<div>Jos\u00e9 Luiz Braga,<\/div>\n<div>Lucr\u00e9cia D&#8217;Alessio Ferrara,<\/div>\n<div>Lu\u00eds Mauro S\u00e1 Martino,<\/div>\n<div>Mario Carl\u00f3n,<\/div>\n<div>Muniz Sodr\u00e9,<\/div>\n<div>Oscar Traversa,<\/div>\n<div>Pedro Gilberto Gomes,<\/div>\n<div>Stefan Bratosin,<\/div>\n<div>Stig Hjarvard.<\/div>\n<div style=\"color: #333333;font-family: 'Helvetica Neue', Helvetica, Arial, sans-serif;font-size: 14px\">\u00a0<\/div><\/div>\n\t\t\t\t\t\t\t\t\t<div class=\"elementor-tab-title elementor-tab-mobile-title\" aria-selected=\"false\" data-tab=\"4\" role=\"tab\" tabindex=\"-1\" aria-controls=\"elementor-tab-content-1324\" aria-expanded=\"false\">Licen\u00e7a Creative Commons<\/div>\n\t\t\t\t\t<div id=\"elementor-tab-content-1324\" class=\"elementor-tab-content elementor-clearfix\" data-tab=\"4\" role=\"tabpanel\" aria-labelledby=\"elementor-tab-title-1324\" tabindex=\"0\" hidden=\"hidden\"><p><span style=\"color: #000000;font-size: 16px\">Esta obra est\u00e1 licenciada sob uma Licen\u00e7a Creative\u00a0Commons Atribui\u00e7\u00e3o-N\u00e3oComercial-SemDeriva\u00e7\u00f5es 4.0\u00a0Internacional. Para ver uma c\u00f3pia desta licen\u00e7a, visite:\u00a0<\/span><a style=\"background-color: #ffffff;font-size: 1rem\" href=\"http:\/\/creativecommons.org\/licenses\/by-nc-nd\/4.0\/\" target=\"_blank\" rel=\"noopener\">http:\/\/creativecommons.org\/licenses\/by-nc-nd\/4.0\/<\/a><\/p><\/div>\n\t\t\t\t\t\t\t<\/div>\n\t\t<\/div>\n\t\t\t\t<\/div>\n\t\t\t\t<\/div>\n\t\t\t\t\t<\/div>\n\t\t<\/div>\n\t\t\t\t\t<\/div>\n\t\t<\/section>\n\t\t\t\t<section class=\"elementor-section elementor-top-section elementor-element elementor-element-62d50bf8 elementor-section-boxed elementor-section-height-default elementor-section-height-default\" data-id=\"62d50bf8\" data-element_type=\"section\">\n\t\t\t\t\t\t<div class=\"elementor-container elementor-column-gap-default\">\n\t\t\t\t\t<div class=\"elementor-column elementor-col-100 elementor-top-column elementor-element elementor-element-3f06dec3\" data-id=\"3f06dec3\" data-element_type=\"column\">\n\t\t\t<div class=\"elementor-widget-wrap elementor-element-populated\">\n\t\t\t\t\t\t<div class=\"elementor-element elementor-element-30342120 elementor-widget elementor-widget-wp-widget-ufsm_noticias_widget\" data-id=\"30342120\" data-element_type=\"widget\" data-widget_type=\"wp-widget-ufsm_noticias_widget.default\">\n\t\t\t\t<div class=\"elementor-widget-container\">\n\t\t\t<h5 class='titulo-conteudos'>Publica\u00e7\u00f5es Relacionadas<\/h5><div class='widget-noticias-inside'>\n                        <div class=\"row\">\n                                    <div class=\"col-12 col-lg-12 pb-4\">\n                                        \n                                        \n                    \n                    <a class=\"noticias-widget-title d-block \"  title=\"Territ\u00f3rios conectados pela sororidade\" href=\"https:\/\/www.ufsm.br\/editoras\/facos\/territorios-conectados-pela-sororidade\">\n                                                Territ\u00f3rios conectados pela sororidade                    <\/a>\n                    \n                    \n                                        \n                                        \n                                        <\/div>\n                            <\/div>\n                    <div class=\"row\">\n                                    <div class=\"col-12 col-lg-12 pb-4\">\n                                        \n                                        \n                    \n                    <a class=\"noticias-widget-title d-block \"  title=\"Pesquisa e Desenvolvimento Criativo para divulga\u00e7\u00e3o de Indicadores da Educa\u00e7\u00e3o Superior\" href=\"https:\/\/www.ufsm.br\/editoras\/facos\/pesquisa-e-desenvolvimento-criativo-para-divulgacao-de-indicadores-da-educacao-superior\">\n                                                Pesquisa e Desenvolvimento Criativo para divulga\u00e7\u00e3o de Indicadores da Educa\u00e7\u00e3o Superior                    <\/a>\n                    \n                    \n                                        \n                                        \n                                        <\/div>\n                            <\/div>\n                    <div class=\"row\">\n                                    <div class=\"col-12 col-lg-12 pb-4\">\n                                        \n                                        \n                    \n                    <a class=\"noticias-widget-title d-block \"  title=\"Investigar en plataformas medi\u00e1ticas desde Am\u00e9rica Latina: Um estado de situa\u00e7\u00e3o e uma ferramenta para o di\u00e1logo\" href=\"https:\/\/www.ufsm.br\/editoras\/facos\/investigar-en-plataformas-mediaticas-desde-america-latina-um-estado-de-situacao-e-uma-ferramenta-para-o-dialogo\">\n                                                Investigar en plataformas medi\u00e1ticas desde Am\u00e9rica Latina: Um estado de situa\u00e7\u00e3o e uma ferramenta para o di\u00e1logo                    <\/a>\n                    \n                    \n                                        \n                                        \n                                        <\/div>\n                            <\/div>\n                    <div class=\"row\">\n                                    <div class=\"col-12 col-lg-12 pb-4\">\n                                        \n                                        \n                    \n                    <a class=\"noticias-widget-title d-block \"  title=\"Publicidade contempor\u00e2nea: pensamentos brasileiros &#8211; vol. 2\" href=\"https:\/\/www.ufsm.br\/editoras\/facos\/publicidade-contemporanea-pensamentos-brasileiros-vol-2\">\n                                                Publicidade contempor\u00e2nea: pensamentos brasileiros &#8211; vol. 2                    <\/a>\n                    \n                    \n                                        \n                                        \n                                        <\/div>\n                            <\/div>\n                    <div class=\"row\">\n                                    <div class=\"col-12 col-lg-12 pb-4\">\n                                        \n                                        \n                    \n                    <a class=\"noticias-widget-title d-block \"  title=\"Identidades &amp; territ\u00f3rios: cultura, comunica\u00e7\u00e3o e desenvolvimento\" href=\"https:\/\/www.ufsm.br\/editoras\/facos\/identidades-territorios-cultura-comunicacao-e-desenvolvimento\">\n                                                Identidades &amp; territ\u00f3rios: cultura, comunica\u00e7\u00e3o e desenvolvimento                    <\/a>\n                    \n                    \n                                        \n                                        \n                                        <\/div>\n                            <\/div>\n            <\/div>\n\t\t<\/div>\n\t\t\t\t<\/div>\n\t\t\t\t\t<\/div>\n\t\t<\/div>\n\t\t\t\t\t<\/div>\n\t\t<\/section>\n\t\t\t\t<\/div>\n\t\t","protected":false},"excerpt":{"rendered":"<p>Entre o que se diz e o que se pensa: onde est\u00e1 a midiatiza\u00e7\u00e3o? Jairo Ferreira, Ana Paula da Rosa, Ant\u00f4nio Fausto Neto, Jos\u00e9 Luiz Braga e Pedro Gilberto Gomes (organizadores) O livro \u00e9 resultado de um longo processo de interlocu\u00e7\u00e3o, anterior, concomitante e posterior \u00e0 realiza\u00e7\u00e3o do I Semin\u00e1rio Internacional de Pesquisas em Midiatiza\u00e7\u00e3o [&hellip;]<\/p>\n","protected":false},"author":68,"featured_media":143,"parent":0,"menu_order":0,"comment_status":"closed","ping_status":"closed","template":"","meta":{"footnotes":""},"categories":[24,137],"tags":[48,22,71,64,72,80],"class_list":["post-98","page","type-page","status-publish","has-post-thumbnail","hentry","category-comunicacao","category-midia","tag-comunicacao","tag-ebook","tag-midia","tag-midiatizacao","tag-pesquisa","tag-processos-sociais"],"acf":[],"_links":{"self":[{"href":"https:\/\/www.ufsm.br\/editoras\/facos\/wp-json\/wp\/v2\/pages\/98","targetHints":{"allow":["GET"]}}],"collection":[{"href":"https:\/\/www.ufsm.br\/editoras\/facos\/wp-json\/wp\/v2\/pages"}],"about":[{"href":"https:\/\/www.ufsm.br\/editoras\/facos\/wp-json\/wp\/v2\/types\/page"}],"author":[{"embeddable":true,"href":"https:\/\/www.ufsm.br\/editoras\/facos\/wp-json\/wp\/v2\/users\/68"}],"replies":[{"embeddable":true,"href":"https:\/\/www.ufsm.br\/editoras\/facos\/wp-json\/wp\/v2\/comments?post=98"}],"version-history":[{"count":0,"href":"https:\/\/www.ufsm.br\/editoras\/facos\/wp-json\/wp\/v2\/pages\/98\/revisions"}],"wp:featuredmedia":[{"embeddable":true,"href":"https:\/\/www.ufsm.br\/editoras\/facos\/wp-json\/wp\/v2\/media\/143"}],"wp:attachment":[{"href":"https:\/\/www.ufsm.br\/editoras\/facos\/wp-json\/wp\/v2\/media?parent=98"}],"wp:term":[{"taxonomy":"category","embeddable":true,"href":"https:\/\/www.ufsm.br\/editoras\/facos\/wp-json\/wp\/v2\/categories?post=98"},{"taxonomy":"post_tag","embeddable":true,"href":"https:\/\/www.ufsm.br\/editoras\/facos\/wp-json\/wp\/v2\/tags?post=98"}],"curies":[{"name":"wp","href":"https:\/\/api.w.org\/{rel}","templated":true}]}}